{"id":26504,"date":"2024-05-24T13:40:00","date_gmt":"2024-05-24T13:40:00","guid":{"rendered":"https:\/\/auxmode.com\/?page_id=26504"},"modified":"2024-05-24T13:40:03","modified_gmt":"2024-05-24T13:40:03","slug":"calculadora-de-conversao-de-visualizacoes-em-dinheiro-do-youtube","status":"publish","type":"page","link":"https:\/\/auxmode.com\/pt\/suite-de-ferramentas-gratuitas\/calculadora-de-conversao-de-visualizacoes-em-dinheiro-do-youtube\/","title":{"rendered":"Calculadora de Convers\u00e3o de Visualiza\u00e7\u00f5es em Dinheiro do YouTube"},"content":{"rendered":"\t<div class=\"youtube-views-to-money-calculator-wrapper youtube-calculator-wrapper\">\n\t    <div class=\"col-md-6 user-details\">\n\t        <form class=\"youtube-views-to-money-calculator\" action=\"\" method=\"get\">\n\t            <div class=\"form-group\">\n\t                <label for=\"total-views\">N\u00famero total de visualiza\u00e7\u00f5es de v\u00eddeos<\/label>\n\t                <input type=\"number\" name=\"total-views\" id=\"total-views\" width=\"10\" value=\"0\" \/>\n\t                <div id=\"slider-total-views\"><\/div>\n\t            <\/div>\n\t        <\/form>\n\t        <p>Nota: A f\u00f3rmula aceita que a Auxiliary Mode Inc. utiliza para calcular a receita \u00e9 obtendo o CPM m\u00e9dio de $4.00 USD.<\/p>\n\t        <p>O valor do CPM flutua com base em muitos fatores, incluindo a qualidade do tr\u00e1fego, pa\u00eds de origem, tipo de nicho do v\u00eddeo, pre\u00e7o de an\u00fancios espec\u00edficos, adblock, taxa real de cliques, tempo de visualiza\u00e7\u00e3o, entre outros.<\/p>\n\t        <p id=\"define-cpm\">Custo por mil (CPM) \u00e9 um termo de marketing usado para denotar o pre\u00e7o de 1.000 impress\u00f5es de an\u00fancios em uma p\u00e1gina da web. Se um editor de site cobra $2.00 CPM, isso significa que um anunciante deve pagar $2.00 para cada 1.000 impress\u00f5es do seu an\u00fancio. O \"M\" em CPM representa o numeral romano para 1.000.<\/p>\n\t    <\/div>\n\n\t    <div class=\"col-md-6 estimates\">\n\t        <div class=\"video-earnings\">\n\t            <p class=\"results earnings\"><span>$0.00<\/span><\/p>\n\t            <h5>Ganhos estimados com o v\u00eddeo<\/h5>\n\t        <\/div>\n\n\t        <div class=\"col-md-6 col-md-push-3\">\n\t            \t<div class=\"email-calculator-results\">\n\t\t<form class=\"email-results\" method=\"post\" action=\"\">\n\t\t\t<div class=\"form-group\">\n\t\t\t\t<label for=\"email-results-to\">Digite seu endere\u00e7o de e-mail para receber este resultado em sua caixa de entrada<\/label>\n\t\t\t\t<input type=\"email\" class=\"form-control\" name=\"email-results-to\" id=\"email-results-to\" required \/>\n\t\t\t<\/div>\n\n\t\t\t<input type=\"hidden\" name=\"email-results-type\" id=\"email-results-type\" value=\"views-to-money\" \/>\n\t\t\t<input type=\"hidden\" name=\"email-results-result\" id=\"email-results-result\" value=\"\" \/>\n\t\t\t<input type=\"hidden\" name=\"email-results-inputs\" id=\"email-results-inputs\" value=\"[]\" \/>\n\t\t\t<button type=\"submit\" class=\"btn btn-block btn-primary\">Obtenha seus resultados (bot\u00e3o)<\/button>\n\n\t\t\t\t\t<\/form>\n\t<\/div>\n\t\t        <\/div>\n\t    <\/div>\n\t<\/div>\n\n\t\n","protected":false},"excerpt":{"rendered":"","protected":false},"author":1,"featured_media":0,"parent":26140,"menu_order":0,"comment_status":"closed","ping_status":"closed","template":"","meta":{"_acf_changed":false,"amp_status":"","footnotes":""},"class_list":["post-26504","page","type-page","status-publish","hentry","nodate","item-wrap"],"acf":[],"yoast_head":"<!-- This site is optimized with the Yoast SEO plugin v27.3 - https:\/\/yoast.com\/product\/yoast-seo-wordpress\/ -->\n<title>Calculadora de Convers\u00e3o de Visualiza\u00e7\u00f5es em Dinheiro do YouTube - Aux Mode<\/title>\n<meta name=\"robots\" content=\"index, follow, max-snippet:-1, max-image-preview:large, max-video-preview:-1\" \/>\n<link rel=\"canonical\" href=\"https:\/\/auxmode.com\/pt\/suite-de-ferramentas-gratuitas\/calculadora-de-conversao-de-visualizacoes-em-dinheiro-do-youtube\/\" \/>\n<meta property=\"og:locale\" content=\"pt_PT\" \/>\n<meta property=\"og:type\" content=\"article\" \/>\n<meta property=\"og:title\" content=\"Calculadora de Convers\u00e3o de Visualiza\u00e7\u00f5es em Dinheiro do YouTube - Aux Mode\" \/>\n<meta property=\"og:url\" content=\"https:\/\/auxmode.com\/pt\/suite-de-ferramentas-gratuitas\/calculadora-de-conversao-de-visualizacoes-em-dinheiro-do-youtube\/\" \/>\n<meta property=\"og:site_name\" content=\"Aux Mode\" \/>\n<meta property=\"article:modified_time\" content=\"2024-05-24T13:40:03+00:00\" \/>\n<meta name=\"twitter:card\" content=\"summary_large_image\" \/>\n<meta name=\"twitter:label1\" content=\"Tempo estimado de leitura\" \/>\n\t<meta name=\"twitter:data1\" content=\"1 minuto\" \/>\n<script type=\"application\/ld+json\" class=\"yoast-schema-graph\">{\"@context\":\"https:\\\/\\\/schema.org\",\"@graph\":[{\"@type\":\"WebPage\",\"@id\":\"https:\\\/\\\/auxmode.com\\\/pt\\\/suite-de-ferramentas-gratuitas\\\/calculadora-de-conversao-de-visualizacoes-em-dinheiro-do-youtube\\\/\",\"url\":\"https:\\\/\\\/auxmode.com\\\/pt\\\/suite-de-ferramentas-gratuitas\\\/calculadora-de-conversao-de-visualizacoes-em-dinheiro-do-youtube\\\/\",\"name\":\"Calculadora de Convers\u00e3o de Visualiza\u00e7\u00f5es em Dinheiro do YouTube - Aux Mode\",\"isPartOf\":{\"@id\":\"https:\\\/\\\/auxmode.com\\\/#website\"},\"datePublished\":\"2024-05-24T13:40:00+00:00\",\"dateModified\":\"2024-05-24T13:40:03+00:00\",\"breadcrumb\":{\"@id\":\"https:\\\/\\\/auxmode.com\\\/pt\\\/suite-de-ferramentas-gratuitas\\\/calculadora-de-conversao-de-visualizacoes-em-dinheiro-do-youtube\\\/#breadcrumb\"},\"inLanguage\":\"pt-PT\",\"potentialAction\":[{\"@type\":\"ReadAction\",\"target\":[\"https:\\\/\\\/auxmode.com\\\/pt\\\/suite-de-ferramentas-gratuitas\\\/calculadora-de-conversao-de-visualizacoes-em-dinheiro-do-youtube\\\/\"]}]},{\"@type\":\"BreadcrumbList\",\"@id\":\"https:\\\/\\\/auxmode.com\\\/pt\\\/suite-de-ferramentas-gratuitas\\\/calculadora-de-conversao-de-visualizacoes-em-dinheiro-do-youtube\\\/#breadcrumb\",\"itemListElement\":[{\"@type\":\"ListItem\",\"position\":1,\"name\":\"Home\",\"item\":\"https:\\\/\\\/auxmode.com\\\/pt\\\/\"},{\"@type\":\"ListItem\",\"position\":2,\"name\":\"Suite de Ferramentas Gratuitas\",\"item\":\"https:\\\/\\\/auxmode.com\\\/pt\\\/suite-de-ferramentas-gratuitas\\\/\"},{\"@type\":\"ListItem\",\"position\":3,\"name\":\"Calculadora de Convers\u00e3o de Visualiza\u00e7\u00f5es em Dinheiro do YouTube\"}]},{\"@type\":\"WebSite\",\"@id\":\"https:\\\/\\\/auxmode.com\\\/#website\",\"url\":\"https:\\\/\\\/auxmode.com\\\/\",\"name\":\"Aux Mode\",\"description\":\"YouTube content monetization protection and Revenue Reporting Automation.\",\"inLanguage\":\"pt-PT\"}]}<\/script>\n<!-- \/ Yoast SEO plugin. -->","yoast_head_json":{"title":"Calculadora de Convers\u00e3o de Visualiza\u00e7\u00f5es em Dinheiro do YouTube - Aux Mode","robots":{"index":"index","follow":"follow","max-snippet":"max-snippet:-1","max-image-preview":"max-image-preview:large","max-video-preview":"max-video-preview:-1"},"canonical":"https:\/\/auxmode.com\/pt\/suite-de-ferramentas-gratuitas\/calculadora-de-conversao-de-visualizacoes-em-dinheiro-do-youtube\/","og_locale":"pt_PT","og_type":"article","og_title":"Calculadora de Convers\u00e3o de Visualiza\u00e7\u00f5es em Dinheiro do YouTube - Aux Mode","og_url":"https:\/\/auxmode.com\/pt\/suite-de-ferramentas-gratuitas\/calculadora-de-conversao-de-visualizacoes-em-dinheiro-do-youtube\/","og_site_name":"Aux Mode","article_modified_time":"2024-05-24T13:40:03+00:00","twitter_card":"summary_large_image","twitter_misc":{"Tempo estimado de leitura":"1 minuto"},"schema":{"@context":"https:\/\/schema.org","@graph":[{"@type":"WebPage","@id":"https:\/\/auxmode.com\/pt\/suite-de-ferramentas-gratuitas\/calculadora-de-conversao-de-visualizacoes-em-dinheiro-do-youtube\/","url":"https:\/\/auxmode.com\/pt\/suite-de-ferramentas-gratuitas\/calculadora-de-conversao-de-visualizacoes-em-dinheiro-do-youtube\/","name":"Calculadora de Convers\u00e3o de Visualiza\u00e7\u00f5es em Dinheiro do YouTube - Aux Mode","isPartOf":{"@id":"https:\/\/auxmode.com\/#website"},"datePublished":"2024-05-24T13:40:00+00:00","dateModified":"2024-05-24T13:40:03+00:00","breadcrumb":{"@id":"https:\/\/auxmode.com\/pt\/suite-de-ferramentas-gratuitas\/calculadora-de-conversao-de-visualizacoes-em-dinheiro-do-youtube\/#breadcrumb"},"inLanguage":"pt-PT","potentialAction":[{"@type":"ReadAction","target":["https:\/\/auxmode.com\/pt\/suite-de-ferramentas-gratuitas\/calculadora-de-conversao-de-visualizacoes-em-dinheiro-do-youtube\/"]}]},{"@type":"BreadcrumbList","@id":"https:\/\/auxmode.com\/pt\/suite-de-ferramentas-gratuitas\/calculadora-de-conversao-de-visualizacoes-em-dinheiro-do-youtube\/#breadcrumb","itemListElement":[{"@type":"ListItem","position":1,"name":"Home","item":"https:\/\/auxmode.com\/pt\/"},{"@type":"ListItem","position":2,"name":"Suite de Ferramentas Gratuitas","item":"https:\/\/auxmode.com\/pt\/suite-de-ferramentas-gratuitas\/"},{"@type":"ListItem","position":3,"name":"Calculadora de Convers\u00e3o de Visualiza\u00e7\u00f5es em Dinheiro do YouTube"}]},{"@type":"WebSite","@id":"https:\/\/auxmode.com\/#website","url":"https:\/\/auxmode.com\/","name":"Aux Mode","description":"YouTube content monetization protection and Revenue Reporting Automation.","inLanguage":"pt-PT"}]}},"_links":{"self":[{"href":"https:\/\/auxmode.com\/pt\/wp-json\/wp\/v2\/pages\/26504","targetHints":{"allow":["GET"]}}],"collection":[{"href":"https:\/\/auxmode.com\/pt\/wp-json\/wp\/v2\/pages"}],"about":[{"href":"https:\/\/auxmode.com\/pt\/wp-json\/wp\/v2\/types\/page"}],"author":[{"embeddable":true,"href":"https:\/\/auxmode.com\/pt\/wp-json\/wp\/v2\/users\/1"}],"replies":[{"embeddable":true,"href":"https:\/\/auxmode.com\/pt\/wp-json\/wp\/v2\/comments?post=26504"}],"version-history":[{"count":1,"href":"https:\/\/auxmode.com\/pt\/wp-json\/wp\/v2\/pages\/26504\/revisions"}],"predecessor-version":[{"id":26505,"href":"https:\/\/auxmode.com\/pt\/wp-json\/wp\/v2\/pages\/26504\/revisions\/26505"}],"up":[{"embeddable":true,"href":"https:\/\/auxmode.com\/pt\/wp-json\/wp\/v2\/pages\/26140"}],"wp:attachment":[{"href":"https:\/\/auxmode.com\/pt\/wp-json\/wp\/v2\/media?parent=26504"}],"curies":[{"name":"wp","href":"https:\/\/api.w.org\/{rel}","templated":true}]}}