{"id":26495,"date":"2024-05-24T13:37:30","date_gmt":"2024-05-24T13:37:30","guid":{"rendered":"https:\/\/auxmode.com\/?page_id=26495"},"modified":"2024-05-24T13:37:38","modified_gmt":"2024-05-24T13:37:38","slug":"calculadora-de-marco-de-assinantes-do-youtube","status":"publish","type":"page","link":"https:\/\/auxmode.com\/pt\/suite-de-ferramentas-gratuitas\/calculadora-de-marco-de-assinantes-do-youtube\/","title":{"rendered":"Calculadora de Marco de Assinantes do YouTube"},"content":{"rendered":"\t\t<p>Quanto tempo levar\u00e1 para que seu canal do Youtube atinja 10.000 Assinantes? 100.000 Assinantes? 1M Assinantes?<\/p>\n\t\t<p>Esta calculadora leva em considera\u00e7\u00e3o o n\u00famero atual de assinantes que um canal possui, o n\u00famero de assinantes ganhos no m\u00eas anterior e o marco que voc\u00ea deseja alcan\u00e7ar, e prev\u00ea quanto tempo levar\u00e1 para atingir esse marco.<\/p>\n\t\t<p>Isso \u00e9 feito calculando a taxa de crescimento mensal do seu canal e usando-a para prever quando voc\u00ea alcan\u00e7ar\u00e1 o marco com base em uma taxa de crescimento constante.<\/p>\n\t\t<p>Use os controles deslizantes abaixo para selecionar suas entradas.<\/p>\n\n\t\t<div class=\"youtube-subscriber-milestone-calculator ysmc youtube-calculator-wrapper\">\n\t\t\t<div class=\"row\">\n\t\t\t\t<div class=\"col-md-8 left\">\n\t\t\t\t\t<form class=\"youtube-calculator\" action=\"\" method=\"get\">\n\t\t\t\t\t\t<div class=\"form-group has-labels\">\n\t\t\t\t\t\t\t<label for=\"slider-ysmc-milestone\">Marco de Assinantes:<\/label> <span class=\"slider-value\"><\/span>\n\t\t\t\t\t\t\t<div id=\"slider-ysmc-milestone\" class=\"nouislider-elem\" data-min=\"10000\" data-max=\"10000000\" data-step=\"1000\" data-input=\"#ysmc-milestone\"><\/div>\n\n\t\t\t\t\t\t\t<div class=\"nouislider-label\">\n\t\t\t\t\t\t\t\t<span class=\"nouislider-label nouislider-label-min\">10,000<\/span>\n\t\t\t\t\t\t\t\t<input type=\"hidden\" name=\"milestone\" id=\"ysmc-milestone\" width=\"10\" value=\"10000\" \/>\n\t\t\t\t\t\t\t\t<span class=\"nouislider-label nouislider-label-max\">10,000,000<\/span>\n\t\t\t\t\t\t\t<\/div>\n\t\t\t\t\t\t<\/div>\n\n\t\t\t\t\t\t<div class=\"form-group has-labels\">\n\t\t\t\t\t\t\t<label for=\"slider-ysmc-subscribers\">Total de Assinantes:<\/label> <span class=\"slider-value\"><\/span>\n\t\t\t\t\t\t\t<div id=\"slider-ysmc-subscribers\" class=\"nouislider-elem\" data-min=\"1000\" data-max=\"1000000\" data-step=\"1000\" data-input=\"#ysmc-subscribers\"><\/div>\n\n\t\t\t\t\t\t\t<div class=\"nouislider-label\">\n\t\t\t\t\t\t\t\t<span class=\"nouislider-label nouislider-label-min\">1,000<\/span>\n\t\t\t\t\t\t\t\t<input type=\"hidden\" name=\"subscribers\" id=\"ysmc-subscribers\" width=\"10\" value=\"1000\" \/>\n\t\t\t\t\t\t\t\t<span class=\"nouislider-label nouislider-label-max\">1,000,000<\/span>\n\t\t\t\t\t\t\t<\/div>\n\t\t\t\t\t\t<\/div>\n\n\t\t\t\t\t\t<div class=\"form-group has-labels\">\n\t\t\t\t\t\t\t<label for=\"slider-ysmc-change\">Crescimento de Assinantes do \u00daltimo M\u00eas:<\/label> <span class=\"slider-value\"><\/span>\n\t\t\t\t\t\t\t<div id=\"slider-ysmc-change\" class=\"nouislider-elem\" data-min=\"10\" data-max=\"10000\" data-step=\"10\" data-input=\"#ysmc-change\"><\/div>\n\n\t\t\t\t\t\t\t<div class=\"nouislider-label\">\n\t\t\t\t\t\t\t\t<span class=\"nouislider-label nouislider-label-min\">10<\/span>\n\t\t\t\t\t\t\t\t<input type=\"hidden\" name=\"change\" id=\"ysmc-change\" width=\"10\" value=\"10\" \/>\n\t\t\t\t\t\t\t\t<span class=\"nouislider-label nouislider-label-max\">10,000<\/span>\n\t\t\t\t\t\t\t<\/div>\n\t\t\t\t\t\t<\/div>\n\t\t\t\t\t\t\n\t\t\t\t\t\t<button type=\"button\" class=\"btn\" id=\"resetButton\">Reset<\/button>\n\t\t\t\t\t\t\n\t\t\t\t\t\t<p id=\"ysmcSubError\"><\/p>\n\t\t\t\t\t\t<p id=\"ysmcChangeError\"><\/p>\n\t\t\t\t\t\t<p id=\"ysmcGrowthError\"><\/p>\n\t\t\t\t\t\t<p id=\"ysmcTimeError\"><\/p>\n\t\t\t\t\t<\/form>\n\t\t\t\t<\/div>\n\t\t\t\t<div class=\"col-md-4\">\n\t\t\t\t\t<div class=\"results-wrapper no-flex\">\n\t\t\t\t\t\t<div class=\"result\">\n\t\t\t\t\t\t\t<p class=\"results\"><span id=\"ysmcGrowthValue\">1.01%<\/span><\/p>\n\t\t\t\t\t\t\t<h5 class=\"title\">Taxa de Crescimento:<\/h5>\n\t\t\t\t\t\t<\/div>\n\t\t\t\t\t\t\n\t\t\t\t\t\t<div class=\"result\">\n\t\t\t\t\t\t\t<p class=\"results\"><span id=\"ysmcTimeValue\">19 anos 1 m\u00eas<\/span><\/p>\n\t\t\t\t\t\t\t<h5 class=\"title\">Tempo estimado para atingir o marco de inscritos:<\/h5>\n\t\t\t\t\t\t<\/div>\n\t\t\t\t\t<\/div>\n\n\t\t\t\t\t\t\t\t\t<\/div>\n\t\t\t<\/div>\n\t\t<\/div>\n\t\n","protected":false},"excerpt":{"rendered":"","protected":false},"author":1,"featured_media":0,"parent":26140,"menu_order":0,"comment_status":"closed","ping_status":"closed","template":"","meta":{"_acf_changed":false,"amp_status":"","footnotes":""},"class_list":["post-26495","page","type-page","status-publish","hentry","nodate","item-wrap"],"acf":[],"yoast_head":"<!-- This site is optimized with the Yoast SEO plugin v27.4 - https:\/\/yoast.com\/product\/yoast-seo-wordpress\/ -->\n<title>Calculadora de Marco de Assinantes do YouTube - Aux Mode<\/title>\n<meta name=\"robots\" content=\"index, follow, max-snippet:-1, max-image-preview:large, max-video-preview:-1\" \/>\n<link rel=\"canonical\" href=\"https:\/\/auxmode.com\/pt\/suite-de-ferramentas-gratuitas\/calculadora-de-marco-de-assinantes-do-youtube\/\" \/>\n<meta property=\"og:locale\" content=\"pt_PT\" \/>\n<meta property=\"og:type\" content=\"article\" \/>\n<meta property=\"og:title\" content=\"Calculadora de Marco de Assinantes do YouTube - Aux Mode\" \/>\n<meta property=\"og:url\" content=\"https:\/\/auxmode.com\/pt\/suite-de-ferramentas-gratuitas\/calculadora-de-marco-de-assinantes-do-youtube\/\" \/>\n<meta property=\"og:site_name\" content=\"Aux Mode\" \/>\n<meta property=\"article:modified_time\" content=\"2024-05-24T13:37:38+00:00\" \/>\n<meta name=\"twitter:card\" content=\"summary_large_image\" \/>\n<meta name=\"twitter:label1\" content=\"Tempo estimado de leitura\" \/>\n\t<meta name=\"twitter:data1\" content=\"1 minuto\" \/>\n<script type=\"application\/ld+json\" class=\"yoast-schema-graph\">{\"@context\":\"https:\\\/\\\/schema.org\",\"@graph\":[{\"@type\":\"WebPage\",\"@id\":\"https:\\\/\\\/auxmode.com\\\/pt\\\/suite-de-ferramentas-gratuitas\\\/calculadora-de-marco-de-assinantes-do-youtube\\\/\",\"url\":\"https:\\\/\\\/auxmode.com\\\/pt\\\/suite-de-ferramentas-gratuitas\\\/calculadora-de-marco-de-assinantes-do-youtube\\\/\",\"name\":\"Calculadora de Marco de Assinantes do YouTube - Aux Mode\",\"isPartOf\":{\"@id\":\"https:\\\/\\\/auxmode.com\\\/#website\"},\"datePublished\":\"2024-05-24T13:37:30+00:00\",\"dateModified\":\"2024-05-24T13:37:38+00:00\",\"breadcrumb\":{\"@id\":\"https:\\\/\\\/auxmode.com\\\/pt\\\/suite-de-ferramentas-gratuitas\\\/calculadora-de-marco-de-assinantes-do-youtube\\\/#breadcrumb\"},\"inLanguage\":\"pt-PT\",\"potentialAction\":[{\"@type\":\"ReadAction\",\"target\":[\"https:\\\/\\\/auxmode.com\\\/pt\\\/suite-de-ferramentas-gratuitas\\\/calculadora-de-marco-de-assinantes-do-youtube\\\/\"]}]},{\"@type\":\"BreadcrumbList\",\"@id\":\"https:\\\/\\\/auxmode.com\\\/pt\\\/suite-de-ferramentas-gratuitas\\\/calculadora-de-marco-de-assinantes-do-youtube\\\/#breadcrumb\",\"itemListElement\":[{\"@type\":\"ListItem\",\"position\":1,\"name\":\"Home\",\"item\":\"https:\\\/\\\/auxmode.com\\\/pt\\\/\"},{\"@type\":\"ListItem\",\"position\":2,\"name\":\"Suite de Ferramentas Gratuitas\",\"item\":\"https:\\\/\\\/auxmode.com\\\/pt\\\/suite-de-ferramentas-gratuitas\\\/\"},{\"@type\":\"ListItem\",\"position\":3,\"name\":\"Calculadora de Marco de Assinantes do YouTube\"}]},{\"@type\":\"WebSite\",\"@id\":\"https:\\\/\\\/auxmode.com\\\/#website\",\"url\":\"https:\\\/\\\/auxmode.com\\\/\",\"name\":\"Aux Mode\",\"description\":\"YouTube content monetization protection and Revenue Reporting Automation.\",\"inLanguage\":\"pt-PT\"}]}<\/script>\n<!-- \/ Yoast SEO plugin. -->","yoast_head_json":{"title":"Calculadora de Marco de Assinantes do YouTube - Aux Mode","robots":{"index":"index","follow":"follow","max-snippet":"max-snippet:-1","max-image-preview":"max-image-preview:large","max-video-preview":"max-video-preview:-1"},"canonical":"https:\/\/auxmode.com\/pt\/suite-de-ferramentas-gratuitas\/calculadora-de-marco-de-assinantes-do-youtube\/","og_locale":"pt_PT","og_type":"article","og_title":"Calculadora de Marco de Assinantes do YouTube - Aux Mode","og_url":"https:\/\/auxmode.com\/pt\/suite-de-ferramentas-gratuitas\/calculadora-de-marco-de-assinantes-do-youtube\/","og_site_name":"Aux Mode","article_modified_time":"2024-05-24T13:37:38+00:00","twitter_card":"summary_large_image","twitter_misc":{"Tempo estimado de leitura":"1 minuto"},"schema":{"@context":"https:\/\/schema.org","@graph":[{"@type":"WebPage","@id":"https:\/\/auxmode.com\/pt\/suite-de-ferramentas-gratuitas\/calculadora-de-marco-de-assinantes-do-youtube\/","url":"https:\/\/auxmode.com\/pt\/suite-de-ferramentas-gratuitas\/calculadora-de-marco-de-assinantes-do-youtube\/","name":"Calculadora de Marco de Assinantes do YouTube - Aux Mode","isPartOf":{"@id":"https:\/\/auxmode.com\/#website"},"datePublished":"2024-05-24T13:37:30+00:00","dateModified":"2024-05-24T13:37:38+00:00","breadcrumb":{"@id":"https:\/\/auxmode.com\/pt\/suite-de-ferramentas-gratuitas\/calculadora-de-marco-de-assinantes-do-youtube\/#breadcrumb"},"inLanguage":"pt-PT","potentialAction":[{"@type":"ReadAction","target":["https:\/\/auxmode.com\/pt\/suite-de-ferramentas-gratuitas\/calculadora-de-marco-de-assinantes-do-youtube\/"]}]},{"@type":"BreadcrumbList","@id":"https:\/\/auxmode.com\/pt\/suite-de-ferramentas-gratuitas\/calculadora-de-marco-de-assinantes-do-youtube\/#breadcrumb","itemListElement":[{"@type":"ListItem","position":1,"name":"Home","item":"https:\/\/auxmode.com\/pt\/"},{"@type":"ListItem","position":2,"name":"Suite de Ferramentas Gratuitas","item":"https:\/\/auxmode.com\/pt\/suite-de-ferramentas-gratuitas\/"},{"@type":"ListItem","position":3,"name":"Calculadora de Marco de Assinantes do YouTube"}]},{"@type":"WebSite","@id":"https:\/\/auxmode.com\/#website","url":"https:\/\/auxmode.com\/","name":"Aux Mode","description":"YouTube content monetization protection and Revenue Reporting Automation.","inLanguage":"pt-PT"}]}},"_links":{"self":[{"href":"https:\/\/auxmode.com\/pt\/wp-json\/wp\/v2\/pages\/26495","targetHints":{"allow":["GET"]}}],"collection":[{"href":"https:\/\/auxmode.com\/pt\/wp-json\/wp\/v2\/pages"}],"about":[{"href":"https:\/\/auxmode.com\/pt\/wp-json\/wp\/v2\/types\/page"}],"author":[{"embeddable":true,"href":"https:\/\/auxmode.com\/pt\/wp-json\/wp\/v2\/users\/1"}],"replies":[{"embeddable":true,"href":"https:\/\/auxmode.com\/pt\/wp-json\/wp\/v2\/comments?post=26495"}],"version-history":[{"count":1,"href":"https:\/\/auxmode.com\/pt\/wp-json\/wp\/v2\/pages\/26495\/revisions"}],"predecessor-version":[{"id":26498,"href":"https:\/\/auxmode.com\/pt\/wp-json\/wp\/v2\/pages\/26495\/revisions\/26498"}],"up":[{"embeddable":true,"href":"https:\/\/auxmode.com\/pt\/wp-json\/wp\/v2\/pages\/26140"}],"wp:attachment":[{"href":"https:\/\/auxmode.com\/pt\/wp-json\/wp\/v2\/media?parent=26495"}],"curies":[{"name":"wp","href":"https:\/\/api.w.org\/{rel}","templated":true}]}}