{"id":26483,"date":"2024-05-24T13:35:03","date_gmt":"2024-05-24T13:35:03","guid":{"rendered":"https:\/\/auxmode.com\/?page_id=26483"},"modified":"2024-05-24T13:35:09","modified_gmt":"2024-05-24T13:35:09","slug":"estatisticas-simplificadas-do-canal-do-youtube","status":"publish","type":"page","link":"https:\/\/auxmode.com\/pt\/suite-de-ferramentas-gratuitas\/estatisticas-simplificadas-do-canal-do-youtube\/","title":{"rendered":"Estat\u00edsticas Simplificadas do Canal do YouTube"},"content":{"rendered":"\t\t<div class=\"youtube-simplified-statistics youtube-calculator-wrapper youtube-calculator-wrapper-boxed\">\n\n\t\t\t<form class=\"youtube-calculator form-inline\" action=\"\" method=\"get\">\n\t\t\t\t<div class=\"form-group\">\n\t\t\t\t\t<label for=\"keyword\">Inserir um URL de v\u00eddeo do YouTube<\/label>\n\t\t\t\t\t<input type=\"text\" name=\"channel\" id=\"channel\" width=\"100\" value=\"\" class=\"form-control\" \/>\n\t\t\t\t\t<button type=\"submit\" class=\"btn btn-primary\">Obter estat\u00edsticas<\/button>\n\t\t\t\t<\/div>\n\t\t\t<\/form>\n\n\t\t\t<div class=\"results-wrapper\">\n\t\t\t\t<div class=\"instructions\">\n\t\t\t\t\t<p>An\u00e1lises simplificadas ao alcance dos seus dedos! Use esta ferramenta para obter estat\u00edsticas ao vivo de qualquer v\u00eddeo do YouTube.<\/p>\n\t\t\t\t<\/div>\n\t\t\t\t<table class=\"table results-table\">\n\t\t\t\t\t<thead>\n\t\t\t\t\t\t<tr>\n\t\t\t\t\t\t\t<th>Canal<\/th>\n\t\t\t\t\t\t\t<th>Assinantes<\/th>\n\t\t\t\t\t\t\t<th>Visualiza\u00e7\u00f5es do V\u00eddeo<\/th>\n\t\t\t\t\t\t\t<th>Uploads<\/th>\n\t\t\t\t\t\t<\/tr>\n\t\t\t\t\t<\/thead>\n\t\t\t\t\t<tbody>\n\t\t\t\t\t\t<tr class=\"placeholder\">\n\t\t\t\t\t\t\t<td colspan=\"4\">\n\t\t\t\t\t\t\t\t<em class=\"steps\">Insira um URL de v\u00eddeo do YouTube e clique no bot\u00e3o \u00abObter estat\u00edsticas\u00bb.<\/em>\n\t\t\t\t\t\t\t\t<em class=\"loading\"><i class=\"fa fa-spin fa-spinner\"><\/i> Obtendo estat\u00edsticas ...<\/em>\n\t\t\t\t\t\t\t<\/td>\n\t\t\t\t\t\t<\/tr>\n\t\t\t\t\t\t<tr class=\"results\">\n\t\t\t\t\t\t\t<td class=\"channel\"><\/td>\n\t\t\t\t\t\t\t<td class=\"subscribers\"><\/td>\n\t\t\t\t\t\t\t<td class=\"views\"><\/td>\n\t\t\t\t\t\t\t<td class=\"uploads\"><\/td>\n\t\t\t\t\t\t<\/tr>\n\t\t\t\t\t<\/tbody>\n\t\t\t\t<\/table>\n\t\t\t<\/div>\n\t\t<\/div>\n\n\t\t\t\n","protected":false},"excerpt":{"rendered":"","protected":false},"author":1,"featured_media":0,"parent":26140,"menu_order":0,"comment_status":"closed","ping_status":"closed","template":"","meta":{"_acf_changed":false,"amp_status":"","footnotes":""},"class_list":["post-26483","page","type-page","status-publish","hentry","nodate","item-wrap"],"acf":[],"yoast_head":"<!-- This site is optimized with the Yoast SEO plugin v27.3 - https:\/\/yoast.com\/product\/yoast-seo-wordpress\/ -->\n<title>Estat\u00edsticas Simplificadas do Canal do YouTube - Aux Mode<\/title>\n<meta name=\"robots\" content=\"index, follow, max-snippet:-1, max-image-preview:large, max-video-preview:-1\" \/>\n<link rel=\"canonical\" href=\"https:\/\/auxmode.com\/pt\/suite-de-ferramentas-gratuitas\/estatisticas-simplificadas-do-canal-do-youtube\/\" \/>\n<meta property=\"og:locale\" content=\"pt_PT\" \/>\n<meta property=\"og:type\" content=\"article\" \/>\n<meta property=\"og:title\" content=\"Estat\u00edsticas Simplificadas do Canal do YouTube - Aux Mode\" \/>\n<meta property=\"og:url\" content=\"https:\/\/auxmode.com\/pt\/suite-de-ferramentas-gratuitas\/estatisticas-simplificadas-do-canal-do-youtube\/\" \/>\n<meta property=\"og:site_name\" content=\"Aux Mode\" \/>\n<meta property=\"article:modified_time\" content=\"2024-05-24T13:35:09+00:00\" \/>\n<meta name=\"twitter:card\" content=\"summary_large_image\" \/>\n<meta name=\"twitter:label1\" content=\"Tempo estimado de leitura\" \/>\n\t<meta name=\"twitter:data1\" content=\"1 minuto\" \/>\n<script type=\"application\/ld+json\" class=\"yoast-schema-graph\">{\"@context\":\"https:\\\/\\\/schema.org\",\"@graph\":[{\"@type\":\"WebPage\",\"@id\":\"https:\\\/\\\/auxmode.com\\\/pt\\\/suite-de-ferramentas-gratuitas\\\/estatisticas-simplificadas-do-canal-do-youtube\\\/\",\"url\":\"https:\\\/\\\/auxmode.com\\\/pt\\\/suite-de-ferramentas-gratuitas\\\/estatisticas-simplificadas-do-canal-do-youtube\\\/\",\"name\":\"Estat\u00edsticas Simplificadas do Canal do YouTube - Aux Mode\",\"isPartOf\":{\"@id\":\"https:\\\/\\\/auxmode.com\\\/#website\"},\"datePublished\":\"2024-05-24T13:35:03+00:00\",\"dateModified\":\"2024-05-24T13:35:09+00:00\",\"breadcrumb\":{\"@id\":\"https:\\\/\\\/auxmode.com\\\/pt\\\/suite-de-ferramentas-gratuitas\\\/estatisticas-simplificadas-do-canal-do-youtube\\\/#breadcrumb\"},\"inLanguage\":\"pt-PT\",\"potentialAction\":[{\"@type\":\"ReadAction\",\"target\":[\"https:\\\/\\\/auxmode.com\\\/pt\\\/suite-de-ferramentas-gratuitas\\\/estatisticas-simplificadas-do-canal-do-youtube\\\/\"]}]},{\"@type\":\"BreadcrumbList\",\"@id\":\"https:\\\/\\\/auxmode.com\\\/pt\\\/suite-de-ferramentas-gratuitas\\\/estatisticas-simplificadas-do-canal-do-youtube\\\/#breadcrumb\",\"itemListElement\":[{\"@type\":\"ListItem\",\"position\":1,\"name\":\"Home\",\"item\":\"https:\\\/\\\/auxmode.com\\\/pt\\\/\"},{\"@type\":\"ListItem\",\"position\":2,\"name\":\"Suite de Ferramentas Gratuitas\",\"item\":\"https:\\\/\\\/auxmode.com\\\/pt\\\/suite-de-ferramentas-gratuitas\\\/\"},{\"@type\":\"ListItem\",\"position\":3,\"name\":\"Estat\u00edsticas Simplificadas do Canal do YouTube\"}]},{\"@type\":\"WebSite\",\"@id\":\"https:\\\/\\\/auxmode.com\\\/#website\",\"url\":\"https:\\\/\\\/auxmode.com\\\/\",\"name\":\"Aux Mode\",\"description\":\"YouTube content monetization protection and Revenue Reporting Automation.\",\"inLanguage\":\"pt-PT\"}]}<\/script>\n<!-- \/ Yoast SEO plugin. -->","yoast_head_json":{"title":"Estat\u00edsticas Simplificadas do Canal do YouTube - Aux Mode","robots":{"index":"index","follow":"follow","max-snippet":"max-snippet:-1","max-image-preview":"max-image-preview:large","max-video-preview":"max-video-preview:-1"},"canonical":"https:\/\/auxmode.com\/pt\/suite-de-ferramentas-gratuitas\/estatisticas-simplificadas-do-canal-do-youtube\/","og_locale":"pt_PT","og_type":"article","og_title":"Estat\u00edsticas Simplificadas do Canal do YouTube - Aux Mode","og_url":"https:\/\/auxmode.com\/pt\/suite-de-ferramentas-gratuitas\/estatisticas-simplificadas-do-canal-do-youtube\/","og_site_name":"Aux Mode","article_modified_time":"2024-05-24T13:35:09+00:00","twitter_card":"summary_large_image","twitter_misc":{"Tempo estimado de leitura":"1 minuto"},"schema":{"@context":"https:\/\/schema.org","@graph":[{"@type":"WebPage","@id":"https:\/\/auxmode.com\/pt\/suite-de-ferramentas-gratuitas\/estatisticas-simplificadas-do-canal-do-youtube\/","url":"https:\/\/auxmode.com\/pt\/suite-de-ferramentas-gratuitas\/estatisticas-simplificadas-do-canal-do-youtube\/","name":"Estat\u00edsticas Simplificadas do Canal do YouTube - Aux Mode","isPartOf":{"@id":"https:\/\/auxmode.com\/#website"},"datePublished":"2024-05-24T13:35:03+00:00","dateModified":"2024-05-24T13:35:09+00:00","breadcrumb":{"@id":"https:\/\/auxmode.com\/pt\/suite-de-ferramentas-gratuitas\/estatisticas-simplificadas-do-canal-do-youtube\/#breadcrumb"},"inLanguage":"pt-PT","potentialAction":[{"@type":"ReadAction","target":["https:\/\/auxmode.com\/pt\/suite-de-ferramentas-gratuitas\/estatisticas-simplificadas-do-canal-do-youtube\/"]}]},{"@type":"BreadcrumbList","@id":"https:\/\/auxmode.com\/pt\/suite-de-ferramentas-gratuitas\/estatisticas-simplificadas-do-canal-do-youtube\/#breadcrumb","itemListElement":[{"@type":"ListItem","position":1,"name":"Home","item":"https:\/\/auxmode.com\/pt\/"},{"@type":"ListItem","position":2,"name":"Suite de Ferramentas Gratuitas","item":"https:\/\/auxmode.com\/pt\/suite-de-ferramentas-gratuitas\/"},{"@type":"ListItem","position":3,"name":"Estat\u00edsticas Simplificadas do Canal do YouTube"}]},{"@type":"WebSite","@id":"https:\/\/auxmode.com\/#website","url":"https:\/\/auxmode.com\/","name":"Aux Mode","description":"YouTube content monetization protection and Revenue Reporting Automation.","inLanguage":"pt-PT"}]}},"_links":{"self":[{"href":"https:\/\/auxmode.com\/pt\/wp-json\/wp\/v2\/pages\/26483","targetHints":{"allow":["GET"]}}],"collection":[{"href":"https:\/\/auxmode.com\/pt\/wp-json\/wp\/v2\/pages"}],"about":[{"href":"https:\/\/auxmode.com\/pt\/wp-json\/wp\/v2\/types\/page"}],"author":[{"embeddable":true,"href":"https:\/\/auxmode.com\/pt\/wp-json\/wp\/v2\/users\/1"}],"replies":[{"embeddable":true,"href":"https:\/\/auxmode.com\/pt\/wp-json\/wp\/v2\/comments?post=26483"}],"version-history":[{"count":1,"href":"https:\/\/auxmode.com\/pt\/wp-json\/wp\/v2\/pages\/26483\/revisions"}],"predecessor-version":[{"id":26488,"href":"https:\/\/auxmode.com\/pt\/wp-json\/wp\/v2\/pages\/26483\/revisions\/26488"}],"up":[{"embeddable":true,"href":"https:\/\/auxmode.com\/pt\/wp-json\/wp\/v2\/pages\/26140"}],"wp:attachment":[{"href":"https:\/\/auxmode.com\/pt\/wp-json\/wp\/v2\/media?parent=26483"}],"curies":[{"name":"wp","href":"https:\/\/api.w.org\/{rel}","templated":true}]}}