{"id":26482,"date":"2024-05-24T13:34:45","date_gmt":"2024-05-24T13:34:45","guid":{"rendered":"https:\/\/auxmode.com\/?page_id=26482"},"modified":"2024-05-24T13:34:48","modified_gmt":"2024-05-24T13:34:48","slug":"seletor-de-comentarios-aleatorios-do-youtube","status":"publish","type":"page","link":"https:\/\/auxmode.com\/pt\/suite-de-ferramentas-gratuitas\/seletor-de-comentarios-aleatorios-do-youtube\/","title":{"rendered":"Seletor de Coment\u00e1rios Aleat\u00f3rios do YouTube"},"content":{"rendered":"\t\t<div class=\"youtube-random-video-comment youtube-calculator-wrapper youtube-calculator-wrapper-boxed\" id=\"youtube-random-video-comment\">\n\n\t\t\t<form class=\"youtube-calculator\" action=\"\" method=\"get\">\n\t\t\t\t<div class=\"form-group\">\n\t\t\t\t\t<label for=\"keyword\">Inserir URL do v\u00eddeo do YouTube<\/label>\n\t\t\t\t\t<input type=\"text\" name=\"url\" id=\"url\" width=\"100\" value=\"\" class=\"form-control\" placeholder=\"https:\/\/www.youtube.com\/watch?v=PvSlYi5sW9E\" \/>\n\t\t\t\t<\/div>\n\n\t\t\t\t<div class=\"form-check\">\n\t\t\t\t\t<input type=\"checkbox\" name=\"filter-duplicate-users\" id=\"filter-duplicate-users\" value=\"1\" class=\"form-check-input\" \/>\n\t\t\t\t\t<label class=\"form-check-label\" for=\"filter-duplicate-users\">Filtar usu\u00e1rios duplicados<\/label>\n\t\t\t\t<\/div>\n\n\t\t\t\t<div class=\"form-check\">\n\t\t\t\t\t<input type=\"checkbox\" name=\"include-replies\" id=\"include-replies\" value=\"1\" class=\"form-check-input\" \/>\n\t\t\t\t\t<label class=\"form-check-label\" for=\"include-replies\">Incluir respostas a coment\u00e1rios<\/label>\n\t\t\t\t<\/div>\n\n\t\t\t\t<div class=\"form-check\">\n\t\t\t\t\t<input type=\"checkbox\" name=\"filter-comments\" id=\"filter-comments\" value=\"1\" class=\"form-check-input form-input-toggle\" data-target=\"#filter-comments-text-wrapper\" \/>\n\t\t\t\t\t<label class=\"form-check-label\" for=\"filter-comments\">Filtar coment\u00e1rios com base em um texto espec\u00edfico<\/label>\n\t\t\t\t<\/div>\n\n\t\t\t\t<div class=\"form-group\" id=\"filter-comments-text-wrapper\" style=\"display:none\">\n\t\t\t\t\t<label for=\"filter-comments-text\" class=\"form-check-label\">Texto ou #hashtag:<\/label>\n\t\t\t\t\t<input type=\"text\" class=\"form-control\" id=\"filter-comments-text\" value=\"\" \/>\n\t\t\t\t<\/div>\n\n\t\t\t\t<div class=\"form-check\">\n\t\t\t\t\t<input type=\"checkbox\" name=\"exclude-users\" id=\"exclude-users\" value=\"1\" class=\"form-check-input form-input-toggle\" data-target=\"#exclude-users-input-wrapper\" \/>\n\t\t\t\t\t<label class=\"form-check-label\" for=\"exclude-users\">Excluir \/ bloquear usu\u00e1rios<\/label>\n\t\t\t\t<\/div>\n\n\t\t\t\t<div class=\"form-group\" id=\"exclude-users-input-wrapper\" style=\"display:none\">\n\t\t\t\t\t<label for=\"exclude-users-input\" class=\"form-check-label\">Digite cada nome do YouTube em uma nova linha:<\/label>\n\t\t\t\t\t<textarea class=\"form-control\" id=\"exclude-users-input\" cols=\"40\" rows=\"10\"><\/textarea>\n\t\t\t\t<\/div>\n\n\t\t\t\t<button type=\"submit\" class=\"btn btn-primary mt-3\">Obter coment\u00e1rio aleat\u00f3rio<\/button>\n\t\t\t<\/form>\n\n\t\t\t<div class=\"results-wrapper no-flex\">\n\n\t\t\t\t<div class=\"description\">\n\t\t\t\t\t<p>Seletor de Coment\u00e1rios Aleat\u00f3rios do YouTube \u00e9 a maneira mais f\u00e1cil de escolher um vencedor aleat\u00f3rio de todos os coment\u00e1rios em seu v\u00eddeo do YouTube. Voc\u00ea pode us\u00e1-lo para escolher um vencedor para seus sorteios, promo\u00e7\u00f5es, concursos ou sorteios no YouTube.<\/p>\n\t\t\t\t\t<p>Comece inserindo o URL do YouTube no campo de texto e escolha um vencedor aleat\u00f3rio. Voc\u00ea pode usar o Seletor de Coment\u00e1rios Aleat\u00f3rios do YouTube gratuitamente.<\/p>\n\t\t\t\t<\/div>\n\n\t\t\t\t<div class=\"loader\" style=\"display:none\"><i class=\"fa fa-spin fa-spinner\"><\/i><\/div>\n\n\t\t\t\t<div class=\"winner\" style=\"display:none\">\n\t\t\t\t\t<div class=\"author-profile\">\n\t\t\t\t\t\t<img decoding=\"async\" src=\"\" width=\"100\" height=\"100\" alt=\"\" \/>\n\t\t\t\t\t\t<p class=\"author-name\"><a href=\"\"><\/a><\/p>\n\t\t\t\t\t<\/div>\n\t\t\t\t\t<div class=\"comment\"><\/div>\n\t\t\t\t\t<ul class=\"stats\">\n\t\t\t\t\t\t<li class=\"comments-count\">Total de coment\u00e1rios: <span class=\"value\"><\/span><\/li>\n\t\t\t\t\t\t<li class=\"generated-date\">Date: <span class=\"value\"><\/span><\/li>\n\t\t\t\t\t<\/ul>\n\t\t\t\t<\/div>\n\t\t\t\t\n\t\t\t<\/div>\n\t\t<\/div>\n\n\t\t\t\n","protected":false},"excerpt":{"rendered":"","protected":false},"author":1,"featured_media":0,"parent":26140,"menu_order":0,"comment_status":"closed","ping_status":"closed","template":"","meta":{"_acf_changed":false,"amp_status":"","footnotes":""},"class_list":["post-26482","page","type-page","status-publish","hentry","nodate","item-wrap"],"acf":[],"yoast_head":"<!-- This site is optimized with the Yoast SEO plugin v27.3 - https:\/\/yoast.com\/product\/yoast-seo-wordpress\/ -->\n<title>Seletor de Coment\u00e1rios Aleat\u00f3rios do YouTube - Aux Mode<\/title>\n<meta name=\"robots\" content=\"index, follow, max-snippet:-1, max-image-preview:large, max-video-preview:-1\" \/>\n<link rel=\"canonical\" href=\"https:\/\/auxmode.com\/pt\/suite-de-ferramentas-gratuitas\/seletor-de-comentarios-aleatorios-do-youtube\/\" \/>\n<meta property=\"og:locale\" content=\"pt_PT\" \/>\n<meta property=\"og:type\" content=\"article\" \/>\n<meta property=\"og:title\" content=\"Seletor de Coment\u00e1rios Aleat\u00f3rios do YouTube - Aux Mode\" \/>\n<meta property=\"og:url\" content=\"https:\/\/auxmode.com\/pt\/suite-de-ferramentas-gratuitas\/seletor-de-comentarios-aleatorios-do-youtube\/\" \/>\n<meta property=\"og:site_name\" content=\"Aux Mode\" \/>\n<meta property=\"article:modified_time\" content=\"2024-05-24T13:34:48+00:00\" \/>\n<meta name=\"twitter:card\" content=\"summary_large_image\" \/>\n<meta name=\"twitter:label1\" content=\"Tempo estimado de leitura\" \/>\n\t<meta name=\"twitter:data1\" content=\"1 minuto\" \/>\n<script type=\"application\/ld+json\" class=\"yoast-schema-graph\">{\"@context\":\"https:\\\/\\\/schema.org\",\"@graph\":[{\"@type\":\"WebPage\",\"@id\":\"https:\\\/\\\/auxmode.com\\\/pt\\\/suite-de-ferramentas-gratuitas\\\/seletor-de-comentarios-aleatorios-do-youtube\\\/\",\"url\":\"https:\\\/\\\/auxmode.com\\\/pt\\\/suite-de-ferramentas-gratuitas\\\/seletor-de-comentarios-aleatorios-do-youtube\\\/\",\"name\":\"Seletor de Coment\u00e1rios Aleat\u00f3rios do YouTube - Aux Mode\",\"isPartOf\":{\"@id\":\"https:\\\/\\\/auxmode.com\\\/#website\"},\"datePublished\":\"2024-05-24T13:34:45+00:00\",\"dateModified\":\"2024-05-24T13:34:48+00:00\",\"breadcrumb\":{\"@id\":\"https:\\\/\\\/auxmode.com\\\/pt\\\/suite-de-ferramentas-gratuitas\\\/seletor-de-comentarios-aleatorios-do-youtube\\\/#breadcrumb\"},\"inLanguage\":\"pt-PT\",\"potentialAction\":[{\"@type\":\"ReadAction\",\"target\":[\"https:\\\/\\\/auxmode.com\\\/pt\\\/suite-de-ferramentas-gratuitas\\\/seletor-de-comentarios-aleatorios-do-youtube\\\/\"]}]},{\"@type\":\"BreadcrumbList\",\"@id\":\"https:\\\/\\\/auxmode.com\\\/pt\\\/suite-de-ferramentas-gratuitas\\\/seletor-de-comentarios-aleatorios-do-youtube\\\/#breadcrumb\",\"itemListElement\":[{\"@type\":\"ListItem\",\"position\":1,\"name\":\"Home\",\"item\":\"https:\\\/\\\/auxmode.com\\\/pt\\\/\"},{\"@type\":\"ListItem\",\"position\":2,\"name\":\"Suite de Ferramentas Gratuitas\",\"item\":\"https:\\\/\\\/auxmode.com\\\/pt\\\/suite-de-ferramentas-gratuitas\\\/\"},{\"@type\":\"ListItem\",\"position\":3,\"name\":\"Seletor de Coment\u00e1rios Aleat\u00f3rios do YouTube\"}]},{\"@type\":\"WebSite\",\"@id\":\"https:\\\/\\\/auxmode.com\\\/#website\",\"url\":\"https:\\\/\\\/auxmode.com\\\/\",\"name\":\"Aux Mode\",\"description\":\"YouTube content monetization protection and Revenue Reporting Automation.\",\"inLanguage\":\"pt-PT\"}]}<\/script>\n<!-- \/ Yoast SEO plugin. -->","yoast_head_json":{"title":"Seletor de Coment\u00e1rios Aleat\u00f3rios do YouTube - Aux Mode","robots":{"index":"index","follow":"follow","max-snippet":"max-snippet:-1","max-image-preview":"max-image-preview:large","max-video-preview":"max-video-preview:-1"},"canonical":"https:\/\/auxmode.com\/pt\/suite-de-ferramentas-gratuitas\/seletor-de-comentarios-aleatorios-do-youtube\/","og_locale":"pt_PT","og_type":"article","og_title":"Seletor de Coment\u00e1rios Aleat\u00f3rios do YouTube - Aux Mode","og_url":"https:\/\/auxmode.com\/pt\/suite-de-ferramentas-gratuitas\/seletor-de-comentarios-aleatorios-do-youtube\/","og_site_name":"Aux Mode","article_modified_time":"2024-05-24T13:34:48+00:00","twitter_card":"summary_large_image","twitter_misc":{"Tempo estimado de leitura":"1 minuto"},"schema":{"@context":"https:\/\/schema.org","@graph":[{"@type":"WebPage","@id":"https:\/\/auxmode.com\/pt\/suite-de-ferramentas-gratuitas\/seletor-de-comentarios-aleatorios-do-youtube\/","url":"https:\/\/auxmode.com\/pt\/suite-de-ferramentas-gratuitas\/seletor-de-comentarios-aleatorios-do-youtube\/","name":"Seletor de Coment\u00e1rios Aleat\u00f3rios do YouTube - Aux Mode","isPartOf":{"@id":"https:\/\/auxmode.com\/#website"},"datePublished":"2024-05-24T13:34:45+00:00","dateModified":"2024-05-24T13:34:48+00:00","breadcrumb":{"@id":"https:\/\/auxmode.com\/pt\/suite-de-ferramentas-gratuitas\/seletor-de-comentarios-aleatorios-do-youtube\/#breadcrumb"},"inLanguage":"pt-PT","potentialAction":[{"@type":"ReadAction","target":["https:\/\/auxmode.com\/pt\/suite-de-ferramentas-gratuitas\/seletor-de-comentarios-aleatorios-do-youtube\/"]}]},{"@type":"BreadcrumbList","@id":"https:\/\/auxmode.com\/pt\/suite-de-ferramentas-gratuitas\/seletor-de-comentarios-aleatorios-do-youtube\/#breadcrumb","itemListElement":[{"@type":"ListItem","position":1,"name":"Home","item":"https:\/\/auxmode.com\/pt\/"},{"@type":"ListItem","position":2,"name":"Suite de Ferramentas Gratuitas","item":"https:\/\/auxmode.com\/pt\/suite-de-ferramentas-gratuitas\/"},{"@type":"ListItem","position":3,"name":"Seletor de Coment\u00e1rios Aleat\u00f3rios do YouTube"}]},{"@type":"WebSite","@id":"https:\/\/auxmode.com\/#website","url":"https:\/\/auxmode.com\/","name":"Aux Mode","description":"YouTube content monetization protection and Revenue Reporting Automation.","inLanguage":"pt-PT"}]}},"_links":{"self":[{"href":"https:\/\/auxmode.com\/pt\/wp-json\/wp\/v2\/pages\/26482","targetHints":{"allow":["GET"]}}],"collection":[{"href":"https:\/\/auxmode.com\/pt\/wp-json\/wp\/v2\/pages"}],"about":[{"href":"https:\/\/auxmode.com\/pt\/wp-json\/wp\/v2\/types\/page"}],"author":[{"embeddable":true,"href":"https:\/\/auxmode.com\/pt\/wp-json\/wp\/v2\/users\/1"}],"replies":[{"embeddable":true,"href":"https:\/\/auxmode.com\/pt\/wp-json\/wp\/v2\/comments?post=26482"}],"version-history":[{"count":1,"href":"https:\/\/auxmode.com\/pt\/wp-json\/wp\/v2\/pages\/26482\/revisions"}],"predecessor-version":[{"id":26487,"href":"https:\/\/auxmode.com\/pt\/wp-json\/wp\/v2\/pages\/26482\/revisions\/26487"}],"up":[{"embeddable":true,"href":"https:\/\/auxmode.com\/pt\/wp-json\/wp\/v2\/pages\/26140"}],"wp:attachment":[{"href":"https:\/\/auxmode.com\/pt\/wp-json\/wp\/v2\/media?parent=26482"}],"curies":[{"name":"wp","href":"https:\/\/api.w.org\/{rel}","templated":true}]}}