{"id":26468,"date":"2024-05-24T13:27:16","date_gmt":"2024-05-24T13:27:16","guid":{"rendered":"https:\/\/auxmode.com\/?page_id=26468"},"modified":"2024-05-24T13:27:21","modified_gmt":"2024-05-24T13:27:21","slug":"calendario-de-lancamento-de-conteudo-do-youtube","status":"publish","type":"page","link":"https:\/\/auxmode.com\/pt\/suite-de-ferramentas-gratuitas\/calendario-de-lancamento-de-conteudo-do-youtube\/","title":{"rendered":"Calend\u00e1rio de Lan\u00e7amento de Conte\u00fado do YouTube"},"content":{"rendered":"\n<p>Calend\u00e1rio gratuito de lan\u00e7amento de conte\u00fado do Youtube. Navegue pelo calend\u00e1rio selecionando a data desejada e clicando em Ir para ou usando as setas. Passe o mouse sobre um dia espec\u00edfico para ver insights sobre aquele dia espec\u00edfico. Cada dia tem recomenda\u00e7\u00f5es de conte\u00fado sobre o que postar, o melhor hor\u00e1rio para fazer upload naquele dia e uma classifica\u00e7\u00e3o de qu\u00e3o bom \u00e9 o dia para postar. Os feriados est\u00e3o coloridos de azul e t\u00eam seu nome exibido e t\u00eam recomenda\u00e7\u00f5es de conte\u00fado especiais.<\/p>\n\n\n\n<p>A classifica\u00e7\u00e3o \u00e9; Ruim -> Ok -> Bom -> Muito Bom -> Dia Incr\u00edvel.<\/p>\n\n\n\t\t<div class=\"youtube-content-release-schedule youtube-calculator-wrapper\">\n\t\t\t<div class=\"row\">\n\t\t\t\t<div class=\"col-12 col-md-4\">\n\t\t\t\t\t<form id=\"monthForm\" class=\"form-inline\">\n\t\t\t\t\t\t    <label for=\"monthInput\">Selecione uma Data:<\/label>\n\t\t\t\t\t\t    <input class=\"form-control\" type=\"month\" id=\"monthInput\" min=\"2008-01\" required \/>\n\t\t\t\t\t\t    <button class=\"btn btn-primary\" type=\"submit\" onclick=\"jump()\">Ir para<\/button>\n\t\t\t\t\t<\/form>\n\t\t\t\t<\/div>\n\t\t\t<\/div>\n\n\t\t\t<p id=\"dateTitle\"><\/p>\n\n\t\t\t<div>\n\t\t\t    <button id='leftButton' class='convert-button btn btn-sm btn-outline-primary' onclick=\"shift(-1)\">< M\u00eas anterior<\/button>\n\t\t\t    <button id='rightButton' class='convert-button btn btn-sm btn-outline-primary' onclick=\"shift(1)\">Pr\u00f3ximo m\u00eas ><\/button>\n\t\t\t<\/div>\n\n\t\t\t<div class=\"row\">\n\t\t\t\t<div class=\"col-12 col-md-6\">\n\t\t\t    \t<div id=\"calendar\" class=\"table-container table-calendar\"><\/div>\n\t\t\t    <\/div>\n\t\t\t\t<div class=\"col-12 col-md-6\">\n\t\t\t\t    <p id=\"info\"><\/p>\n\t\t\t\t<\/div>\n\t\t\t<\/div>\n\t\t<\/div>\n\t\n","protected":false},"excerpt":{"rendered":"<p>Calend\u00e1rio gratuito de lan\u00e7amento de conte\u00fado do Youtube. Navegue pelo calend\u00e1rio selecionando a data desejada e clicando em Ir para ou usando as setas. Passe o mouse sobre um dia espec\u00edfico para ver insights sobre aquele dia espec\u00edfico. Cada dia tem recomenda\u00e7\u00f5es de conte\u00fado sobre o que postar, o melhor hor\u00e1rio para fazer upload naquele &hellip; <\/p>\n<p><a class=\"more-link btn\" href=\"https:\/\/auxmode.com\/pt\/suite-de-ferramentas-gratuitas\/calendario-de-lancamento-de-conteudo-do-youtube\/\">Continue a ler<\/a><\/p>\n","protected":false},"author":1,"featured_media":0,"parent":26140,"menu_order":0,"comment_status":"closed","ping_status":"closed","template":"","meta":{"_acf_changed":false,"amp_status":"","footnotes":""},"class_list":["post-26468","page","type-page","status-publish","hentry","nodate","item-wrap"],"acf":[],"yoast_head":"<!-- This site is optimized with the Yoast SEO plugin v27.3 - https:\/\/yoast.com\/product\/yoast-seo-wordpress\/ -->\n<title>Calend\u00e1rio de Lan\u00e7amento de Conte\u00fado do YouTube - Aux Mode<\/title>\n<meta name=\"robots\" content=\"index, follow, max-snippet:-1, max-image-preview:large, max-video-preview:-1\" \/>\n<link rel=\"canonical\" href=\"https:\/\/auxmode.com\/pt\/suite-de-ferramentas-gratuitas\/calendario-de-lancamento-de-conteudo-do-youtube\/\" \/>\n<meta property=\"og:locale\" content=\"pt_PT\" \/>\n<meta property=\"og:type\" content=\"article\" \/>\n<meta property=\"og:title\" content=\"Calend\u00e1rio de Lan\u00e7amento de Conte\u00fado do YouTube - Aux Mode\" \/>\n<meta property=\"og:description\" content=\"Calend\u00e1rio gratuito de lan\u00e7amento de conte\u00fado do Youtube. Navegue pelo calend\u00e1rio selecionando a data desejada e clicando em Ir para ou usando as setas. Passe o mouse sobre um dia espec\u00edfico para ver insights sobre aquele dia espec\u00edfico. Cada dia tem recomenda\u00e7\u00f5es de conte\u00fado sobre o que postar, o melhor hor\u00e1rio para fazer upload naquele &hellip; Continue a ler\" \/>\n<meta property=\"og:url\" content=\"https:\/\/auxmode.com\/pt\/suite-de-ferramentas-gratuitas\/calendario-de-lancamento-de-conteudo-do-youtube\/\" \/>\n<meta property=\"og:site_name\" content=\"Aux Mode\" \/>\n<meta property=\"article:modified_time\" content=\"2024-05-24T13:27:21+00:00\" \/>\n<meta name=\"twitter:card\" content=\"summary_large_image\" \/>\n<meta name=\"twitter:label1\" content=\"Tempo estimado de leitura\" \/>\n\t<meta name=\"twitter:data1\" content=\"1 minuto\" \/>\n<script type=\"application\/ld+json\" class=\"yoast-schema-graph\">{\"@context\":\"https:\\\/\\\/schema.org\",\"@graph\":[{\"@type\":\"WebPage\",\"@id\":\"https:\\\/\\\/auxmode.com\\\/pt\\\/suite-de-ferramentas-gratuitas\\\/calendario-de-lancamento-de-conteudo-do-youtube\\\/\",\"url\":\"https:\\\/\\\/auxmode.com\\\/pt\\\/suite-de-ferramentas-gratuitas\\\/calendario-de-lancamento-de-conteudo-do-youtube\\\/\",\"name\":\"Calend\u00e1rio de Lan\u00e7amento de Conte\u00fado do YouTube - Aux Mode\",\"isPartOf\":{\"@id\":\"https:\\\/\\\/auxmode.com\\\/#website\"},\"datePublished\":\"2024-05-24T13:27:16+00:00\",\"dateModified\":\"2024-05-24T13:27:21+00:00\",\"breadcrumb\":{\"@id\":\"https:\\\/\\\/auxmode.com\\\/pt\\\/suite-de-ferramentas-gratuitas\\\/calendario-de-lancamento-de-conteudo-do-youtube\\\/#breadcrumb\"},\"inLanguage\":\"pt-PT\",\"potentialAction\":[{\"@type\":\"ReadAction\",\"target\":[\"https:\\\/\\\/auxmode.com\\\/pt\\\/suite-de-ferramentas-gratuitas\\\/calendario-de-lancamento-de-conteudo-do-youtube\\\/\"]}]},{\"@type\":\"BreadcrumbList\",\"@id\":\"https:\\\/\\\/auxmode.com\\\/pt\\\/suite-de-ferramentas-gratuitas\\\/calendario-de-lancamento-de-conteudo-do-youtube\\\/#breadcrumb\",\"itemListElement\":[{\"@type\":\"ListItem\",\"position\":1,\"name\":\"Home\",\"item\":\"https:\\\/\\\/auxmode.com\\\/pt\\\/\"},{\"@type\":\"ListItem\",\"position\":2,\"name\":\"Suite de Ferramentas Gratuitas\",\"item\":\"https:\\\/\\\/auxmode.com\\\/pt\\\/suite-de-ferramentas-gratuitas\\\/\"},{\"@type\":\"ListItem\",\"position\":3,\"name\":\"Calend\u00e1rio de Lan\u00e7amento de Conte\u00fado do YouTube\"}]},{\"@type\":\"WebSite\",\"@id\":\"https:\\\/\\\/auxmode.com\\\/#website\",\"url\":\"https:\\\/\\\/auxmode.com\\\/\",\"name\":\"Aux Mode\",\"description\":\"YouTube content monetization protection and Revenue Reporting Automation.\",\"inLanguage\":\"pt-PT\"}]}<\/script>\n<!-- \/ Yoast SEO plugin. -->","yoast_head_json":{"title":"Calend\u00e1rio de Lan\u00e7amento de Conte\u00fado do YouTube - Aux Mode","robots":{"index":"index","follow":"follow","max-snippet":"max-snippet:-1","max-image-preview":"max-image-preview:large","max-video-preview":"max-video-preview:-1"},"canonical":"https:\/\/auxmode.com\/pt\/suite-de-ferramentas-gratuitas\/calendario-de-lancamento-de-conteudo-do-youtube\/","og_locale":"pt_PT","og_type":"article","og_title":"Calend\u00e1rio de Lan\u00e7amento de Conte\u00fado do YouTube - Aux Mode","og_description":"Calend\u00e1rio gratuito de lan\u00e7amento de conte\u00fado do Youtube. Navegue pelo calend\u00e1rio selecionando a data desejada e clicando em Ir para ou usando as setas. Passe o mouse sobre um dia espec\u00edfico para ver insights sobre aquele dia espec\u00edfico. Cada dia tem recomenda\u00e7\u00f5es de conte\u00fado sobre o que postar, o melhor hor\u00e1rio para fazer upload naquele &hellip; Continue a ler","og_url":"https:\/\/auxmode.com\/pt\/suite-de-ferramentas-gratuitas\/calendario-de-lancamento-de-conteudo-do-youtube\/","og_site_name":"Aux Mode","article_modified_time":"2024-05-24T13:27:21+00:00","twitter_card":"summary_large_image","twitter_misc":{"Tempo estimado de leitura":"1 minuto"},"schema":{"@context":"https:\/\/schema.org","@graph":[{"@type":"WebPage","@id":"https:\/\/auxmode.com\/pt\/suite-de-ferramentas-gratuitas\/calendario-de-lancamento-de-conteudo-do-youtube\/","url":"https:\/\/auxmode.com\/pt\/suite-de-ferramentas-gratuitas\/calendario-de-lancamento-de-conteudo-do-youtube\/","name":"Calend\u00e1rio de Lan\u00e7amento de Conte\u00fado do YouTube - Aux Mode","isPartOf":{"@id":"https:\/\/auxmode.com\/#website"},"datePublished":"2024-05-24T13:27:16+00:00","dateModified":"2024-05-24T13:27:21+00:00","breadcrumb":{"@id":"https:\/\/auxmode.com\/pt\/suite-de-ferramentas-gratuitas\/calendario-de-lancamento-de-conteudo-do-youtube\/#breadcrumb"},"inLanguage":"pt-PT","potentialAction":[{"@type":"ReadAction","target":["https:\/\/auxmode.com\/pt\/suite-de-ferramentas-gratuitas\/calendario-de-lancamento-de-conteudo-do-youtube\/"]}]},{"@type":"BreadcrumbList","@id":"https:\/\/auxmode.com\/pt\/suite-de-ferramentas-gratuitas\/calendario-de-lancamento-de-conteudo-do-youtube\/#breadcrumb","itemListElement":[{"@type":"ListItem","position":1,"name":"Home","item":"https:\/\/auxmode.com\/pt\/"},{"@type":"ListItem","position":2,"name":"Suite de Ferramentas Gratuitas","item":"https:\/\/auxmode.com\/pt\/suite-de-ferramentas-gratuitas\/"},{"@type":"ListItem","position":3,"name":"Calend\u00e1rio de Lan\u00e7amento de Conte\u00fado do YouTube"}]},{"@type":"WebSite","@id":"https:\/\/auxmode.com\/#website","url":"https:\/\/auxmode.com\/","name":"Aux Mode","description":"YouTube content monetization protection and Revenue Reporting Automation.","inLanguage":"pt-PT"}]}},"_links":{"self":[{"href":"https:\/\/auxmode.com\/pt\/wp-json\/wp\/v2\/pages\/26468","targetHints":{"allow":["GET"]}}],"collection":[{"href":"https:\/\/auxmode.com\/pt\/wp-json\/wp\/v2\/pages"}],"about":[{"href":"https:\/\/auxmode.com\/pt\/wp-json\/wp\/v2\/types\/page"}],"author":[{"embeddable":true,"href":"https:\/\/auxmode.com\/pt\/wp-json\/wp\/v2\/users\/1"}],"replies":[{"embeddable":true,"href":"https:\/\/auxmode.com\/pt\/wp-json\/wp\/v2\/comments?post=26468"}],"version-history":[{"count":1,"href":"https:\/\/auxmode.com\/pt\/wp-json\/wp\/v2\/pages\/26468\/revisions"}],"predecessor-version":[{"id":26476,"href":"https:\/\/auxmode.com\/pt\/wp-json\/wp\/v2\/pages\/26468\/revisions\/26476"}],"up":[{"embeddable":true,"href":"https:\/\/auxmode.com\/pt\/wp-json\/wp\/v2\/pages\/26140"}],"wp:attachment":[{"href":"https:\/\/auxmode.com\/pt\/wp-json\/wp\/v2\/media?parent=26468"}],"curies":[{"name":"wp","href":"https:\/\/api.w.org\/{rel}","templated":true}]}}