{"id":26467,"date":"2024-05-24T13:26:44","date_gmt":"2024-05-24T13:26:44","guid":{"rendered":"https:\/\/auxmode.com\/?page_id=26467"},"modified":"2024-05-24T13:26:48","modified_gmt":"2024-05-24T13:26:48","slug":"marca-dagua-para-miniaturas-do-youtube","status":"publish","type":"page","link":"https:\/\/auxmode.com\/pt\/suite-de-ferramentas-gratuitas\/marca-dagua-para-miniaturas-do-youtube\/","title":{"rendered":"Marca d&#8217;\u00e1gua para Miniaturas do YouTube"},"content":{"rendered":"\n<p>Marcador de imagem personaliz\u00e1vel gratuito usado para miniaturas do YouTube, arte-chave da Amazon, postagens no Instagram, postagens no Facebook e muito mais! A imagem deve ser um arquivo JPEG\/JPG e a marca d&#8217;\u00e1gua deve ser um arquivo PNG. Use as op\u00e7\u00f5es abaixo para personalizar como voc\u00ea gostaria que a imagem com marca d&#8217;\u00e1gua ficasse. As etapas instrutivas sobre como usar esta ferramenta est\u00e3o abaixo.<\/p>\n\n\n\n<p>OBSERVA\u00c7\u00c3O: O tamanho da imagem com marca d&#8217;\u00e1gua ser\u00e1 igual ao tamanho da imagem de entrada, e o tamanho da marca d&#8217;\u00e1gua na imagem corresponder\u00e1 ao tamanho original das marcas d&#8217;\u00e1gua em compara\u00e7\u00e3o com o tamanho da imagem de entrada. Isso significa que se a marca d&#8217;\u00e1gua for maior que a imagem, ela cobrir\u00e1 toda a imagem e poder\u00e1 ser cortada. Para corrigir qualquer problema de dimensionamento, os arquivos de imagem originais devem ser redimensionados.<\/p>\n\n\n\n<p>Tamanhos de imagem recomendados:<\/p>\n\n\n\n<div class=\"wp-block-pb-accordion-item c-accordion__item js-accordion-item no-js is-open\" data-initially-open=\"true\" data-click-to-close=\"true\" data-auto-close=\"true\" data-scroll=\"false\" data-scroll-offset=\"0\"><h4 id=\"at-264670\" class=\"c-accordion__title js-accordion-controller\" role=\"button\">Tamanhos recomendados para miniaturas do YouTube:<\/h4><div id=\"ac-264670\" class=\"c-accordion__content\">\n<p>3840 x 2160 pixels = Qualidade 4K<br>2560 x 1440 pixels = Qualidade 2K<br>1920 x 1080 pixels = Resolu\u00e7\u00e3o m\u00e1xima para HD<br>1280 x 720 pixels = Resolu\u00e7\u00e3o m\u00ednima para HD<br>854 x 480 pixels = Defini\u00e7\u00e3o padr\u00e3o<br>640 x 360 pixels = Resolu\u00e7\u00e3o tradicional do site<br>426 x 240 pixels = Tamanho m\u00ednimo do v\u00eddeo do YouTube<\/p>\n<\/div><\/div>\n\n\n\n<div class=\"wp-block-pb-accordion-item c-accordion__item js-accordion-item no-js\" data-initially-open=\"false\" data-click-to-close=\"true\" data-auto-close=\"true\" data-scroll=\"false\" data-scroll-offset=\"0\"><h4 id=\"at-264671\" class=\"c-accordion__title js-accordion-controller\" role=\"button\">Tamanhos recomendados para arte-chave da Amazon:<\/h4><div id=\"ac-264671\" class=\"c-accordion__content\">\n<p>1920 x 1080 pixels<br>1600 x 1200 pixels<br>200 x 1600 pixels<br>Fundo = 1920 x 1080 pixels<\/p>\n<\/div><\/div>\n\n\n\n<div class=\"wp-block-pb-accordion-item c-accordion__item js-accordion-item no-js\" data-initially-open=\"false\" data-click-to-close=\"true\" data-auto-close=\"true\" data-scroll=\"false\" data-scroll-offset=\"0\"><h4 id=\"at-264672\" class=\"c-accordion__title js-accordion-controller\" role=\"button\">Tamanhos recomendados para postagens no Instagram:<\/h4><div id=\"ac-264672\" class=\"c-accordion__content\">\n<p>1080 x 1080 pixels = Postagem Quadrada<br>1080 x 556 pixels = Postagem Horizontal<br>1080 x 1350 pixels = Postagem Vertical<\/p>\n<\/div><\/div>\n\n\n\n<div class=\"wp-block-pb-accordion-item c-accordion__item js-accordion-item no-js\" data-initially-open=\"false\" data-click-to-close=\"true\" data-auto-close=\"true\" data-scroll=\"false\" data-scroll-offset=\"0\"><h4 id=\"at-264673\" class=\"c-accordion__title js-accordion-controller\" role=\"button\">Tamanho recomendado para postagens no Facebook:<\/h4><div id=\"ac-264673\" class=\"c-accordion__content\">\n<p>1200 x 630 pixels<\/p>\n<\/div><\/div>\n\n\n\n<h3 class=\"wp-block-heading\">Como adicionar uma marca d&#8217;\u00e1gua a uma imagem:<\/h3>\n\n\n\n<ol class=\"wp-block-list\">\n<li>Fa\u00e7a upload de um arquivo JPEG\/JPG na se\u00e7\u00e3o de Upload de Imagem.<\/li>\n\n\n\n<li>Fa\u00e7a upload de um arquivo PNG na se\u00e7\u00e3o de Upload de Marca D&#8217;\u00e1gua.<\/li>\n\n\n\n<li>Selecione uma \u00e1rea da imagem para adicionar a marca d&#8217;\u00e1gua: Inferior Direita, Inferior Esquerda, Superior Direita, Superior Esquerda ou Centro. Inferior Direita \u00e9 recomendado.<\/li>\n\n\n\n<li>Usando o controle deslizante, de 0.05 a 1, selecione o qu\u00e3o opaca voc\u00ea gostaria que a marca d&#8217;\u00e1gua fosse. 0.05 \u00e9 praticamente invis\u00edvel e 1 \u00e9 totalmente opaca.<\/li>\n\n\n\n<li>Clique em Ir! e veja as pr\u00e9-visualiza\u00e7\u00f5es de sua imagem, marca d&#8217;\u00e1gua e nova imagem com marca d&#8217;\u00e1gua.<\/li>\n\n\n\n<li>Opcional: Se a imagem com marca d&#8217;\u00e1gua estiver satisfat\u00f3ria, clique no bot\u00e3o de download abaixo dela para baixar para o seu computador. Se n\u00e3o estiver satisfat\u00f3ria, repita as etapas acima com diferentes par\u00e2metros para obter resultados diferentes!<\/li>\n<\/ol>\n\n\n\n<p>Arquivos de imagem grandes podem levar um segundo para serem carregados e baixados.<\/p>\n\n\n\t\t<div class=\"watermark-youtube-thumbnails youtube-calculator-wrapper\">\n\t\t    <div class=\"row\">\n\t\t        <div class=\"col-md-6 image-upload mt-5\">\n\t\t            <form class=\"form-inline\" id=\"imageUpload\">\n\t\t                <div class=\"form-group\">\n\t\t                    <label for=\"imageInput\">Carregar imagem (JPG)<\/label>\n\t\t                    <input type=\"file\" id=\"imageInput\" accept=\"image\/jpeg\">\n\t\t                <\/div>\n\t\t            <\/form>\n\n\t\t            <div class=\"image-preview\"><\/div>\n\t\t        <\/div>\n\n\t\t        <div class=\"col-md-6 watermark-upload mt-5\">\n\t\t            <form class=\"form-inline\" id=\"watermarkUpload\">\n\t\t                <div class=\"form-group\">\n\t\t                    <label for=\"watermarkInput\">Carregar marca d'\u00e1gua (PNG)<\/label>\n\t\t                    <input type=\"file\" id=\"watermarkInput\" accept=\"image\/png\">\n\t\t                <\/div>\n\t\t            <\/form>\n\n\t\t            <div class=\"watermark-preview\"><\/div>\n\t\t        <\/div>\n\t\t    <\/div>\n\n\t\t    <div class=\"row\">\n\t\t        <div class=\"col-md-12\">\n\t\t            <div class=\"form-group\">\n\t\t                <label>Selecionar \u00e1rea para a marca d'\u00e1gua<\/label>\n\t\t                <label class=\"checkbox-inline\" for=\"LR\">\n\t\t                    <input type=\"radio\" id=\"LR\" name=\"position\" value=\"lowerRight\" checked=\"checked\"> Inferior direito\t\t                <\/label>\n\n\t\t                <label class=\"checkbox-inline\" for=\"LL\">\n\t\t                    <input type=\"radio\" id=\"LL\" name=\"position\" value=\"lowerLeft\"> Inferior esquerdo\t\t                <\/label>\n\n\t\t                <label class=\"checkbox-inline\" for=\"UR\">\n\t\t                    <input type=\"radio\" id=\"UR\" name=\"position\" value=\"upperRight\"> Superior direito\t\t                <\/label>\n\n\t\t                <label class=\"checkbox-inline\" for=\"UL\">\n\t\t                    <input type=\"radio\" id=\"UL\" name=\"position\" value=\"upperLeft\"> Superior esquerdo\t\t                <\/label>\n\n\t\t                <label class=\"checkbox-inline\" for=\"C\">\n\t\t                    <input type=\"radio\" id=\"C\" name=\"position\" value=\"center\"> Centro\t\t                <\/label>\n\t\t            <\/div>\n\n\t\t            <div class=\"form-group has-tooltips\">\n\t\t                <label for=\"opacityValue\">Opacidade: <\/label> <span class=\"slider-value\"><\/span>\n\t\t                <input type=\"hidden\" name=\"opacityValue\" id=\"opacityValue\" value=\"0.5\" \/>\n\t\t                <div id=\"slider-opacity-value\" class=\"nouislider-elem\" data-min=\"0.05\" data-max=\"1\" data-step=\"0.05\" data-input=\"#opacityValue\"><\/div>\n\t\t            <\/div>\n\t\t        <\/div>\n\t\t    <\/div>\n\n\t\t    <button class=\"btn\" type=\"button\" id=\"apply-watermark\">Ir!<\/button>\n\n\t\t    <div class=\"image-result\">\n\t\t        <div class=\"result-preview\"><\/div>\n\t\t        <div class=\"action-buttons\" style=\"display: none\">\n\t\t            <button class=\"btn mt-5\" id=\"downloadButton\" type=\"button\" data-download=\"display\">Baixar imagem<\/button>\n\t\t            <button class=\"btn btn-outline mt-5\" id=\"resetButton\" type=\"button\">Reset<\/button>\n\t\t        <\/div>\n\t\t    <\/div>\n\t\t<\/div>\n\t\n","protected":false},"excerpt":{"rendered":"<p>Marcador de imagem personaliz\u00e1vel gratuito usado para miniaturas do YouTube, arte-chave da Amazon, postagens no Instagram, postagens no Facebook e muito mais! A imagem deve ser um arquivo JPEG\/JPG e a marca d&#8217;\u00e1gua deve ser um arquivo PNG. Use as op\u00e7\u00f5es abaixo para personalizar como voc\u00ea gostaria que a imagem com marca d&#8217;\u00e1gua ficasse. As &hellip; <\/p>\n<p><a class=\"more-link btn\" href=\"https:\/\/auxmode.com\/pt\/suite-de-ferramentas-gratuitas\/marca-dagua-para-miniaturas-do-youtube\/\">Continue a ler<\/a><\/p>\n","protected":false},"author":1,"featured_media":0,"parent":26140,"menu_order":0,"comment_status":"closed","ping_status":"closed","template":"","meta":{"_acf_changed":false,"amp_status":"","footnotes":""},"class_list":["post-26467","page","type-page","status-publish","hentry","nodate","item-wrap"],"acf":[],"yoast_head":"<!-- This site is optimized with the Yoast SEO plugin v27.4 - https:\/\/yoast.com\/product\/yoast-seo-wordpress\/ -->\n<title>Marca d&#039;\u00e1gua para Miniaturas do YouTube - Aux Mode<\/title>\n<meta name=\"robots\" content=\"index, follow, max-snippet:-1, max-image-preview:large, max-video-preview:-1\" \/>\n<link rel=\"canonical\" href=\"https:\/\/auxmode.com\/pt\/suite-de-ferramentas-gratuitas\/marca-dagua-para-miniaturas-do-youtube\/\" \/>\n<meta property=\"og:locale\" content=\"pt_PT\" \/>\n<meta property=\"og:type\" content=\"article\" \/>\n<meta property=\"og:title\" content=\"Marca d&#039;\u00e1gua para Miniaturas do YouTube - Aux Mode\" \/>\n<meta property=\"og:description\" content=\"Marcador de imagem personaliz\u00e1vel gratuito usado para miniaturas do YouTube, arte-chave da Amazon, postagens no Instagram, postagens no Facebook e muito mais! A imagem deve ser um arquivo JPEG\/JPG e a marca d&#8217;\u00e1gua deve ser um arquivo PNG. Use as op\u00e7\u00f5es abaixo para personalizar como voc\u00ea gostaria que a imagem com marca d&#8217;\u00e1gua ficasse. As &hellip; Continue a ler\" \/>\n<meta property=\"og:url\" content=\"https:\/\/auxmode.com\/pt\/suite-de-ferramentas-gratuitas\/marca-dagua-para-miniaturas-do-youtube\/\" \/>\n<meta property=\"og:site_name\" content=\"Aux Mode\" \/>\n<meta property=\"article:modified_time\" content=\"2024-05-24T13:26:48+00:00\" \/>\n<meta name=\"twitter:card\" content=\"summary_large_image\" \/>\n<meta name=\"twitter:label1\" content=\"Tempo estimado de leitura\" \/>\n\t<meta name=\"twitter:data1\" content=\"2 minutos\" \/>\n<script type=\"application\/ld+json\" class=\"yoast-schema-graph\">{\"@context\":\"https:\\\/\\\/schema.org\",\"@graph\":[{\"@type\":\"WebPage\",\"@id\":\"https:\\\/\\\/auxmode.com\\\/pt\\\/suite-de-ferramentas-gratuitas\\\/marca-dagua-para-miniaturas-do-youtube\\\/\",\"url\":\"https:\\\/\\\/auxmode.com\\\/pt\\\/suite-de-ferramentas-gratuitas\\\/marca-dagua-para-miniaturas-do-youtube\\\/\",\"name\":\"Marca d'\u00e1gua para Miniaturas do YouTube - Aux Mode\",\"isPartOf\":{\"@id\":\"https:\\\/\\\/auxmode.com\\\/#website\"},\"datePublished\":\"2024-05-24T13:26:44+00:00\",\"dateModified\":\"2024-05-24T13:26:48+00:00\",\"breadcrumb\":{\"@id\":\"https:\\\/\\\/auxmode.com\\\/pt\\\/suite-de-ferramentas-gratuitas\\\/marca-dagua-para-miniaturas-do-youtube\\\/#breadcrumb\"},\"inLanguage\":\"pt-PT\",\"potentialAction\":[{\"@type\":\"ReadAction\",\"target\":[\"https:\\\/\\\/auxmode.com\\\/pt\\\/suite-de-ferramentas-gratuitas\\\/marca-dagua-para-miniaturas-do-youtube\\\/\"]}]},{\"@type\":\"BreadcrumbList\",\"@id\":\"https:\\\/\\\/auxmode.com\\\/pt\\\/suite-de-ferramentas-gratuitas\\\/marca-dagua-para-miniaturas-do-youtube\\\/#breadcrumb\",\"itemListElement\":[{\"@type\":\"ListItem\",\"position\":1,\"name\":\"Home\",\"item\":\"https:\\\/\\\/auxmode.com\\\/pt\\\/\"},{\"@type\":\"ListItem\",\"position\":2,\"name\":\"Suite de Ferramentas Gratuitas\",\"item\":\"https:\\\/\\\/auxmode.com\\\/pt\\\/suite-de-ferramentas-gratuitas\\\/\"},{\"@type\":\"ListItem\",\"position\":3,\"name\":\"Marca d&#8217;\u00e1gua para Miniaturas do YouTube\"}]},{\"@type\":\"WebSite\",\"@id\":\"https:\\\/\\\/auxmode.com\\\/#website\",\"url\":\"https:\\\/\\\/auxmode.com\\\/\",\"name\":\"Aux Mode\",\"description\":\"YouTube content monetization protection and Revenue Reporting Automation.\",\"inLanguage\":\"pt-PT\"}]}<\/script>\n<!-- \/ Yoast SEO plugin. -->","yoast_head_json":{"title":"Marca d'\u00e1gua para Miniaturas do YouTube - Aux Mode","robots":{"index":"index","follow":"follow","max-snippet":"max-snippet:-1","max-image-preview":"max-image-preview:large","max-video-preview":"max-video-preview:-1"},"canonical":"https:\/\/auxmode.com\/pt\/suite-de-ferramentas-gratuitas\/marca-dagua-para-miniaturas-do-youtube\/","og_locale":"pt_PT","og_type":"article","og_title":"Marca d'\u00e1gua para Miniaturas do YouTube - Aux Mode","og_description":"Marcador de imagem personaliz\u00e1vel gratuito usado para miniaturas do YouTube, arte-chave da Amazon, postagens no Instagram, postagens no Facebook e muito mais! A imagem deve ser um arquivo JPEG\/JPG e a marca d&#8217;\u00e1gua deve ser um arquivo PNG. Use as op\u00e7\u00f5es abaixo para personalizar como voc\u00ea gostaria que a imagem com marca d&#8217;\u00e1gua ficasse. As &hellip; Continue a ler","og_url":"https:\/\/auxmode.com\/pt\/suite-de-ferramentas-gratuitas\/marca-dagua-para-miniaturas-do-youtube\/","og_site_name":"Aux Mode","article_modified_time":"2024-05-24T13:26:48+00:00","twitter_card":"summary_large_image","twitter_misc":{"Tempo estimado de leitura":"2 minutos"},"schema":{"@context":"https:\/\/schema.org","@graph":[{"@type":"WebPage","@id":"https:\/\/auxmode.com\/pt\/suite-de-ferramentas-gratuitas\/marca-dagua-para-miniaturas-do-youtube\/","url":"https:\/\/auxmode.com\/pt\/suite-de-ferramentas-gratuitas\/marca-dagua-para-miniaturas-do-youtube\/","name":"Marca d'\u00e1gua para Miniaturas do YouTube - Aux Mode","isPartOf":{"@id":"https:\/\/auxmode.com\/#website"},"datePublished":"2024-05-24T13:26:44+00:00","dateModified":"2024-05-24T13:26:48+00:00","breadcrumb":{"@id":"https:\/\/auxmode.com\/pt\/suite-de-ferramentas-gratuitas\/marca-dagua-para-miniaturas-do-youtube\/#breadcrumb"},"inLanguage":"pt-PT","potentialAction":[{"@type":"ReadAction","target":["https:\/\/auxmode.com\/pt\/suite-de-ferramentas-gratuitas\/marca-dagua-para-miniaturas-do-youtube\/"]}]},{"@type":"BreadcrumbList","@id":"https:\/\/auxmode.com\/pt\/suite-de-ferramentas-gratuitas\/marca-dagua-para-miniaturas-do-youtube\/#breadcrumb","itemListElement":[{"@type":"ListItem","position":1,"name":"Home","item":"https:\/\/auxmode.com\/pt\/"},{"@type":"ListItem","position":2,"name":"Suite de Ferramentas Gratuitas","item":"https:\/\/auxmode.com\/pt\/suite-de-ferramentas-gratuitas\/"},{"@type":"ListItem","position":3,"name":"Marca d&#8217;\u00e1gua para Miniaturas do YouTube"}]},{"@type":"WebSite","@id":"https:\/\/auxmode.com\/#website","url":"https:\/\/auxmode.com\/","name":"Aux Mode","description":"YouTube content monetization protection and Revenue Reporting Automation.","inLanguage":"pt-PT"}]}},"_links":{"self":[{"href":"https:\/\/auxmode.com\/pt\/wp-json\/wp\/v2\/pages\/26467","targetHints":{"allow":["GET"]}}],"collection":[{"href":"https:\/\/auxmode.com\/pt\/wp-json\/wp\/v2\/pages"}],"about":[{"href":"https:\/\/auxmode.com\/pt\/wp-json\/wp\/v2\/types\/page"}],"author":[{"embeddable":true,"href":"https:\/\/auxmode.com\/pt\/wp-json\/wp\/v2\/users\/1"}],"replies":[{"embeddable":true,"href":"https:\/\/auxmode.com\/pt\/wp-json\/wp\/v2\/comments?post=26467"}],"version-history":[{"count":1,"href":"https:\/\/auxmode.com\/pt\/wp-json\/wp\/v2\/pages\/26467\/revisions"}],"predecessor-version":[{"id":26475,"href":"https:\/\/auxmode.com\/pt\/wp-json\/wp\/v2\/pages\/26467\/revisions\/26475"}],"up":[{"embeddable":true,"href":"https:\/\/auxmode.com\/pt\/wp-json\/wp\/v2\/pages\/26140"}],"wp:attachment":[{"href":"https:\/\/auxmode.com\/pt\/wp-json\/wp\/v2\/media?parent=26467"}],"curies":[{"name":"wp","href":"https:\/\/api.w.org\/{rel}","templated":true}]}}