{"id":26464,"date":"2024-05-24T13:23:16","date_gmt":"2024-05-24T13:23:16","guid":{"rendered":"https:\/\/auxmode.com\/?page_id=26464"},"modified":"2024-05-24T13:23:19","modified_gmt":"2024-05-24T13:23:19","slug":"carregador-de-imagem-lento","status":"publish","type":"page","link":"https:\/\/auxmode.com\/pt\/suite-de-ferramentas-gratuitas\/carregador-de-imagem-lento\/","title":{"rendered":"Carregador de Imagem Lento"},"content":{"rendered":"\n\t\t<div class=\"slow-image-loader-generator youtube-calculator-wrapper youtube-calculator-wrapper-boxed\">\n\n\t\t\t<form class=\"youtube-calculator form-inline\" action=\"\" method=\"post\" enctype=\"multipart\/form-data\">\n\t\t\t\t<input type=\"hidden\" name=\"action\" value=\"generate-slow-loading-image\" \/>\n\t\t\t\t<input type=\"hidden\" id=\"_wpnonce\" name=\"_wpnonce\" value=\"52b43b2502\" \/><input type=\"hidden\" name=\"_wp_http_referer\" value=\"\/pt\/wp-json\/wp\/v2\/pages\/26464\" \/>\t\t\t\t<div class=\"form-group\">\n\t\t\t\t\t<label for=\"keyword\">Selecione a imagem para carregar lentamente<\/label>\n\t\t\t\t\t<input type=\"file\" name=\"image\" id=\"image\" class=\"mt-3\" accept=\"image\/png, image\/jpeg\" required \/>\n\t\t\t\t\t<button type=\"submit\" class=\"btn btn-primary\">Gerar imagem de carregamento lento<\/button>\n\t\t\t\t<\/div>\n\t\t\t<\/form>\n\n\t\t\t<div class=\"results-wrapper no-flex\">\n\t\t\t\t<div class=\"description\">\n\t\t\t\t\t<p>Com toda essa internet por a\u00ed, por que n\u00e3o deixar seus amigos experimentarem a emo\u00e7\u00e3o de uma imagem que demora para carregar. D\u00ea aos seus amigos a chance de desfrutar de um pequeno peda\u00e7o do futuro ao carregar lentamente uma imagem que voc\u00ea compartilha com eles.<\/p>\n\t\t\t\t\t<p>Selecione a imagem que deseja compartilhar e clique no bot\u00e3o acima para visualizar e gerar um link compartilh\u00e1vel.<\/p>\n\t\t\t\t<\/div>\n\n\t\t\t\t<div class=\"slow-loader-preview\" style=\"display:none\">\n\t\t\t\t\t<h4>Aqui est\u00e1 sua imagem de carregamento lento<\/h4>\n\t\t\t\t\t<p class=\"shareable-link\">Link para compartilhamento: <span class=\"link\"><\/span><\/p>\n\t\t\t\t\t<div class=\"image-preview\"><\/div>\n\t\t\t\t<\/div>\n\t\t\t<\/div>\n\t\t<\/div>\n\n\t\t\t\n","protected":false},"excerpt":{"rendered":"<\/p>\n","protected":false},"author":1,"featured_media":0,"parent":26140,"menu_order":0,"comment_status":"closed","ping_status":"closed","template":"","meta":{"_acf_changed":false,"amp_status":"","footnotes":""},"class_list":["post-26464","page","type-page","status-publish","hentry","nodate","item-wrap"],"acf":[],"yoast_head":"<!-- This site is optimized with the Yoast SEO plugin v27.4 - https:\/\/yoast.com\/product\/yoast-seo-wordpress\/ -->\n<title>Carregador de Imagem Lento - Aux Mode<\/title>\n<meta name=\"robots\" content=\"index, follow, max-snippet:-1, max-image-preview:large, max-video-preview:-1\" \/>\n<link rel=\"canonical\" href=\"https:\/\/auxmode.com\/pt\/suite-de-ferramentas-gratuitas\/carregador-de-imagem-lento\/\" \/>\n<meta property=\"og:locale\" content=\"pt_PT\" \/>\n<meta property=\"og:type\" content=\"article\" \/>\n<meta property=\"og:title\" content=\"Carregador de Imagem Lento - Aux Mode\" \/>\n<meta property=\"og:url\" content=\"https:\/\/auxmode.com\/pt\/suite-de-ferramentas-gratuitas\/carregador-de-imagem-lento\/\" \/>\n<meta property=\"og:site_name\" content=\"Aux Mode\" \/>\n<meta property=\"article:modified_time\" content=\"2024-05-24T13:23:19+00:00\" \/>\n<meta name=\"twitter:card\" content=\"summary_large_image\" \/>\n<meta name=\"twitter:label1\" content=\"Tempo estimado de leitura\" \/>\n\t<meta name=\"twitter:data1\" content=\"1 minuto\" \/>\n<script type=\"application\/ld+json\" class=\"yoast-schema-graph\">{\"@context\":\"https:\\\/\\\/schema.org\",\"@graph\":[{\"@type\":\"WebPage\",\"@id\":\"https:\\\/\\\/auxmode.com\\\/pt\\\/suite-de-ferramentas-gratuitas\\\/carregador-de-imagem-lento\\\/\",\"url\":\"https:\\\/\\\/auxmode.com\\\/pt\\\/suite-de-ferramentas-gratuitas\\\/carregador-de-imagem-lento\\\/\",\"name\":\"Carregador de Imagem Lento - Aux Mode\",\"isPartOf\":{\"@id\":\"https:\\\/\\\/auxmode.com\\\/#website\"},\"datePublished\":\"2024-05-24T13:23:16+00:00\",\"dateModified\":\"2024-05-24T13:23:19+00:00\",\"breadcrumb\":{\"@id\":\"https:\\\/\\\/auxmode.com\\\/pt\\\/suite-de-ferramentas-gratuitas\\\/carregador-de-imagem-lento\\\/#breadcrumb\"},\"inLanguage\":\"pt-PT\",\"potentialAction\":[{\"@type\":\"ReadAction\",\"target\":[\"https:\\\/\\\/auxmode.com\\\/pt\\\/suite-de-ferramentas-gratuitas\\\/carregador-de-imagem-lento\\\/\"]}]},{\"@type\":\"BreadcrumbList\",\"@id\":\"https:\\\/\\\/auxmode.com\\\/pt\\\/suite-de-ferramentas-gratuitas\\\/carregador-de-imagem-lento\\\/#breadcrumb\",\"itemListElement\":[{\"@type\":\"ListItem\",\"position\":1,\"name\":\"Home\",\"item\":\"https:\\\/\\\/auxmode.com\\\/pt\\\/\"},{\"@type\":\"ListItem\",\"position\":2,\"name\":\"Suite de Ferramentas Gratuitas\",\"item\":\"https:\\\/\\\/auxmode.com\\\/pt\\\/suite-de-ferramentas-gratuitas\\\/\"},{\"@type\":\"ListItem\",\"position\":3,\"name\":\"Carregador de Imagem Lento\"}]},{\"@type\":\"WebSite\",\"@id\":\"https:\\\/\\\/auxmode.com\\\/#website\",\"url\":\"https:\\\/\\\/auxmode.com\\\/\",\"name\":\"Aux Mode\",\"description\":\"YouTube content monetization protection and Revenue Reporting Automation.\",\"inLanguage\":\"pt-PT\"}]}<\/script>\n<!-- \/ Yoast SEO plugin. -->","yoast_head_json":{"title":"Carregador de Imagem Lento - Aux Mode","robots":{"index":"index","follow":"follow","max-snippet":"max-snippet:-1","max-image-preview":"max-image-preview:large","max-video-preview":"max-video-preview:-1"},"canonical":"https:\/\/auxmode.com\/pt\/suite-de-ferramentas-gratuitas\/carregador-de-imagem-lento\/","og_locale":"pt_PT","og_type":"article","og_title":"Carregador de Imagem Lento - Aux Mode","og_url":"https:\/\/auxmode.com\/pt\/suite-de-ferramentas-gratuitas\/carregador-de-imagem-lento\/","og_site_name":"Aux Mode","article_modified_time":"2024-05-24T13:23:19+00:00","twitter_card":"summary_large_image","twitter_misc":{"Tempo estimado de leitura":"1 minuto"},"schema":{"@context":"https:\/\/schema.org","@graph":[{"@type":"WebPage","@id":"https:\/\/auxmode.com\/pt\/suite-de-ferramentas-gratuitas\/carregador-de-imagem-lento\/","url":"https:\/\/auxmode.com\/pt\/suite-de-ferramentas-gratuitas\/carregador-de-imagem-lento\/","name":"Carregador de Imagem Lento - Aux Mode","isPartOf":{"@id":"https:\/\/auxmode.com\/#website"},"datePublished":"2024-05-24T13:23:16+00:00","dateModified":"2024-05-24T13:23:19+00:00","breadcrumb":{"@id":"https:\/\/auxmode.com\/pt\/suite-de-ferramentas-gratuitas\/carregador-de-imagem-lento\/#breadcrumb"},"inLanguage":"pt-PT","potentialAction":[{"@type":"ReadAction","target":["https:\/\/auxmode.com\/pt\/suite-de-ferramentas-gratuitas\/carregador-de-imagem-lento\/"]}]},{"@type":"BreadcrumbList","@id":"https:\/\/auxmode.com\/pt\/suite-de-ferramentas-gratuitas\/carregador-de-imagem-lento\/#breadcrumb","itemListElement":[{"@type":"ListItem","position":1,"name":"Home","item":"https:\/\/auxmode.com\/pt\/"},{"@type":"ListItem","position":2,"name":"Suite de Ferramentas Gratuitas","item":"https:\/\/auxmode.com\/pt\/suite-de-ferramentas-gratuitas\/"},{"@type":"ListItem","position":3,"name":"Carregador de Imagem Lento"}]},{"@type":"WebSite","@id":"https:\/\/auxmode.com\/#website","url":"https:\/\/auxmode.com\/","name":"Aux Mode","description":"YouTube content monetization protection and Revenue Reporting Automation.","inLanguage":"pt-PT"}]}},"_links":{"self":[{"href":"https:\/\/auxmode.com\/pt\/wp-json\/wp\/v2\/pages\/26464","targetHints":{"allow":["GET"]}}],"collection":[{"href":"https:\/\/auxmode.com\/pt\/wp-json\/wp\/v2\/pages"}],"about":[{"href":"https:\/\/auxmode.com\/pt\/wp-json\/wp\/v2\/types\/page"}],"author":[{"embeddable":true,"href":"https:\/\/auxmode.com\/pt\/wp-json\/wp\/v2\/users\/1"}],"replies":[{"embeddable":true,"href":"https:\/\/auxmode.com\/pt\/wp-json\/wp\/v2\/comments?post=26464"}],"version-history":[{"count":1,"href":"https:\/\/auxmode.com\/pt\/wp-json\/wp\/v2\/pages\/26464\/revisions"}],"predecessor-version":[{"id":26473,"href":"https:\/\/auxmode.com\/pt\/wp-json\/wp\/v2\/pages\/26464\/revisions\/26473"}],"up":[{"embeddable":true,"href":"https:\/\/auxmode.com\/pt\/wp-json\/wp\/v2\/pages\/26140"}],"wp:attachment":[{"href":"https:\/\/auxmode.com\/pt\/wp-json\/wp\/v2\/media?parent=26464"}],"curies":[{"name":"wp","href":"https:\/\/api.w.org\/{rel}","templated":true}]}}