{"id":26463,"date":"2024-05-24T13:22:35","date_gmt":"2024-05-24T13:22:35","guid":{"rendered":"https:\/\/auxmode.com\/?page_id=26463"},"modified":"2024-05-24T13:22:40","modified_gmt":"2024-05-24T13:22:40","slug":"api-de-calculadora-incorporavel","status":"publish","type":"page","link":"https:\/\/auxmode.com\/pt\/suite-de-ferramentas-gratuitas\/api-de-calculadora-incorporavel\/","title":{"rendered":"API de Calculadora Incorpor\u00e1vel"},"content":{"rendered":"\n<h2 class=\"wp-block-heading\">Come\u00e7ar<\/h2>\n\n\n\n<p>Selecione a calculadora e insira seu endere\u00e7o de e-mail no formul\u00e1rio abaixo. <br>O c\u00f3digo de incorpora\u00e7\u00e3o juntamente com as instru\u00e7\u00f5es de uso ser\u00e1 enviado para o seu e-mail<\/p>\n\n\n\n\t\t<form class=\"calculator-embed-form\" method=\"post\" action=\"\">\n\t\t\t<div class=\"form-group\">\n\t\t\t\t<label for=\"calculator-select\">Calculadora<\/label>\n\t\t\t\t<select name=\"calculator\" id=\"calculator-select\" required>\n\t\t\t\t\t<option value=\"\"><\/option>\n\t\t\t\t\t\t\t\t\t\t\t<option value=\"mspc\" >\n\t\t\t\t\t\t\tCalculadora de Pre\u00e7o Mensal de Assinatura de M\u00eddia Social\t\t\t\t\t\t<\/option>\n\t\t\t\t\t\t\t\t\t\t\t<option value=\"smvc\" >\n\t\t\t\t\t\t\tCalculadora de Valor de M\u00eddia Social\t\t\t\t\t\t<\/option>\n\t\t\t\t\t\t\t\t\t\t\t<option value=\"ytrc\" >\n\t\t\t\t\t\t\tCalculadora de Receita do YouTube\t\t\t\t\t\t<\/option>\n\t\t\t\t\t\t\t\t\t\t\t<option value=\"ytvtmc\" >\n\t\t\t\t\t\t\tCalculadora de Convers\u00e3o de Visualiza\u00e7\u00f5es em Dinheiro do YouTube\t\t\t\t\t\t<\/option>\n\t\t\t\t\t\t\t\t\t\t\t<option value=\"ytvsrc\" >\n\t\t\t\t\t\t\tCalculadora de propor\u00e7\u00e3o de visualiza\u00e7\u00f5es para inscritos do YouTube\t\t\t\t\t\t<\/option>\n\t\t\t\t\t\t\t\t\t<\/select>\n\t\t\t<\/div>\n\n\t\t\t<div class=\"form-group\">\n\t\t\t\t<label for=\"calculator-email\">Endere\u00e7o de E-mail<\/label>\n\t\t\t\t<input type=\"email\" name=\"email\" id=\"calculator-email\" value=\"\" required \/>\n\t\t\t<\/div>\n\n\t\t\t<button type=\"submit\" class=\"btn btn-block btn-primary\">Obter c\u00f3digo de incorpora\u00e7\u00e3o<\/button>\n\t\t<\/form>\n\t\n\n\n\n<hr class=\"wp-block-separator has-css-opacity\"\/>\n\n\n\n<h2 class=\"wp-block-heading\">Introdu\u00e7\u00e3o<\/h2>\n\n\n\n<p>A API de incorpora\u00e7\u00e3o da Calculadora permite que voc\u00ea coloque uma calculadora interativa em seu site com uma simples solicita\u00e7\u00e3o HTTP. Ela pode ser facilmente incorporada em sua p\u00e1gina da web ou blog, definindo o URL da API de incorpora\u00e7\u00e3o da Calculadora como o atributo src de um iframe:<\/p>\n\n\n\n<figure class=\"wp-block-image size-large\"><img decoding=\"async\" src=\"http:\/\/auxmode.com\/wp-content\/themes\/auxmode\/images\/how-to-embed-code-in-wordpress.gif\" alt=\"\"\/><\/figure>\n\n\n\n<p><\/p>\n","protected":false},"excerpt":{"rendered":"<p>Come\u00e7ar <\/p>\n<p>Selecione a calculadora e insira seu endere\u00e7o de e-mail no formul\u00e1rio abaixo. O c\u00f3digo de incorpora\u00e7\u00e3o juntamente com as instru\u00e7\u00f5es de uso ser\u00e1 enviado para o seu e-mail<\/p>\n<\/p>\n<p> Introdu\u00e7\u00e3o <\/p>\n<p>A API de incorpora\u00e7\u00e3o da Calculadora permite que voc\u00ea coloque uma calculadora interativa em seu site com uma simples solicita\u00e7\u00e3o HTTP. Ela pode ser &hellip; <\/p>\n<p><a class=\"more-link btn\" href=\"https:\/\/auxmode.com\/pt\/suite-de-ferramentas-gratuitas\/api-de-calculadora-incorporavel\/\">Continue a ler<\/a><\/p>\n","protected":false},"author":1,"featured_media":0,"parent":26140,"menu_order":0,"comment_status":"closed","ping_status":"closed","template":"","meta":{"_acf_changed":false,"amp_status":"","footnotes":""},"class_list":["post-26463","page","type-page","status-publish","hentry","nodate","item-wrap"],"acf":[],"yoast_head":"<!-- This site is optimized with the Yoast SEO plugin v27.3 - https:\/\/yoast.com\/product\/yoast-seo-wordpress\/ -->\n<title>API de Calculadora Incorpor\u00e1vel - Aux Mode<\/title>\n<meta name=\"robots\" content=\"index, follow, max-snippet:-1, max-image-preview:large, max-video-preview:-1\" \/>\n<link rel=\"canonical\" href=\"https:\/\/auxmode.com\/pt\/suite-de-ferramentas-gratuitas\/api-de-calculadora-incorporavel\/\" \/>\n<meta property=\"og:locale\" content=\"pt_PT\" \/>\n<meta property=\"og:type\" content=\"article\" \/>\n<meta property=\"og:title\" content=\"API de Calculadora Incorpor\u00e1vel - Aux Mode\" \/>\n<meta property=\"og:description\" content=\"Come\u00e7ar Selecione a calculadora e insira seu endere\u00e7o de e-mail no formul\u00e1rio abaixo. O c\u00f3digo de incorpora\u00e7\u00e3o juntamente com as instru\u00e7\u00f5es de uso ser\u00e1 enviado para o seu e-mail Introdu\u00e7\u00e3o A API de incorpora\u00e7\u00e3o da Calculadora permite que voc\u00ea coloque uma calculadora interativa em seu site com uma simples solicita\u00e7\u00e3o HTTP. Ela pode ser &hellip; Continue a ler\" \/>\n<meta property=\"og:url\" content=\"https:\/\/auxmode.com\/pt\/suite-de-ferramentas-gratuitas\/api-de-calculadora-incorporavel\/\" \/>\n<meta property=\"og:site_name\" content=\"Aux Mode\" \/>\n<meta property=\"article:modified_time\" content=\"2024-05-24T13:22:40+00:00\" \/>\n<meta property=\"og:image\" content=\"http:\/\/auxmode.com\/wp-content\/themes\/auxmode\/images\/how-to-embed-code-in-wordpress.gif\" \/>\n<meta name=\"twitter:card\" content=\"summary_large_image\" \/>\n<meta name=\"twitter:label1\" content=\"Tempo estimado de leitura\" \/>\n\t<meta name=\"twitter:data1\" content=\"1 minuto\" \/>\n<script type=\"application\/ld+json\" class=\"yoast-schema-graph\">{\"@context\":\"https:\\\/\\\/schema.org\",\"@graph\":[{\"@type\":\"WebPage\",\"@id\":\"https:\\\/\\\/auxmode.com\\\/pt\\\/suite-de-ferramentas-gratuitas\\\/api-de-calculadora-incorporavel\\\/\",\"url\":\"https:\\\/\\\/auxmode.com\\\/pt\\\/suite-de-ferramentas-gratuitas\\\/api-de-calculadora-incorporavel\\\/\",\"name\":\"API de Calculadora Incorpor\u00e1vel - Aux Mode\",\"isPartOf\":{\"@id\":\"https:\\\/\\\/auxmode.com\\\/#website\"},\"primaryImageOfPage\":{\"@id\":\"https:\\\/\\\/auxmode.com\\\/pt\\\/suite-de-ferramentas-gratuitas\\\/api-de-calculadora-incorporavel\\\/#primaryimage\"},\"image\":{\"@id\":\"https:\\\/\\\/auxmode.com\\\/pt\\\/suite-de-ferramentas-gratuitas\\\/api-de-calculadora-incorporavel\\\/#primaryimage\"},\"thumbnailUrl\":\"http:\\\/\\\/auxmode.com\\\/wp-content\\\/themes\\\/auxmode\\\/images\\\/how-to-embed-code-in-wordpress.gif\",\"datePublished\":\"2024-05-24T13:22:35+00:00\",\"dateModified\":\"2024-05-24T13:22:40+00:00\",\"breadcrumb\":{\"@id\":\"https:\\\/\\\/auxmode.com\\\/pt\\\/suite-de-ferramentas-gratuitas\\\/api-de-calculadora-incorporavel\\\/#breadcrumb\"},\"inLanguage\":\"pt-PT\",\"potentialAction\":[{\"@type\":\"ReadAction\",\"target\":[\"https:\\\/\\\/auxmode.com\\\/pt\\\/suite-de-ferramentas-gratuitas\\\/api-de-calculadora-incorporavel\\\/\"]}]},{\"@type\":\"ImageObject\",\"inLanguage\":\"pt-PT\",\"@id\":\"https:\\\/\\\/auxmode.com\\\/pt\\\/suite-de-ferramentas-gratuitas\\\/api-de-calculadora-incorporavel\\\/#primaryimage\",\"url\":\"http:\\\/\\\/auxmode.com\\\/wp-content\\\/themes\\\/auxmode\\\/images\\\/how-to-embed-code-in-wordpress.gif\",\"contentUrl\":\"http:\\\/\\\/auxmode.com\\\/wp-content\\\/themes\\\/auxmode\\\/images\\\/how-to-embed-code-in-wordpress.gif\"},{\"@type\":\"BreadcrumbList\",\"@id\":\"https:\\\/\\\/auxmode.com\\\/pt\\\/suite-de-ferramentas-gratuitas\\\/api-de-calculadora-incorporavel\\\/#breadcrumb\",\"itemListElement\":[{\"@type\":\"ListItem\",\"position\":1,\"name\":\"Home\",\"item\":\"https:\\\/\\\/auxmode.com\\\/pt\\\/\"},{\"@type\":\"ListItem\",\"position\":2,\"name\":\"Suite de Ferramentas Gratuitas\",\"item\":\"https:\\\/\\\/auxmode.com\\\/pt\\\/suite-de-ferramentas-gratuitas\\\/\"},{\"@type\":\"ListItem\",\"position\":3,\"name\":\"API de Calculadora Incorpor\u00e1vel\"}]},{\"@type\":\"WebSite\",\"@id\":\"https:\\\/\\\/auxmode.com\\\/#website\",\"url\":\"https:\\\/\\\/auxmode.com\\\/\",\"name\":\"Aux Mode\",\"description\":\"YouTube content monetization protection and Revenue Reporting Automation.\",\"inLanguage\":\"pt-PT\"}]}<\/script>\n<!-- \/ Yoast SEO plugin. -->","yoast_head_json":{"title":"API de Calculadora Incorpor\u00e1vel - Aux Mode","robots":{"index":"index","follow":"follow","max-snippet":"max-snippet:-1","max-image-preview":"max-image-preview:large","max-video-preview":"max-video-preview:-1"},"canonical":"https:\/\/auxmode.com\/pt\/suite-de-ferramentas-gratuitas\/api-de-calculadora-incorporavel\/","og_locale":"pt_PT","og_type":"article","og_title":"API de Calculadora Incorpor\u00e1vel - Aux Mode","og_description":"Come\u00e7ar Selecione a calculadora e insira seu endere\u00e7o de e-mail no formul\u00e1rio abaixo. O c\u00f3digo de incorpora\u00e7\u00e3o juntamente com as instru\u00e7\u00f5es de uso ser\u00e1 enviado para o seu e-mail Introdu\u00e7\u00e3o A API de incorpora\u00e7\u00e3o da Calculadora permite que voc\u00ea coloque uma calculadora interativa em seu site com uma simples solicita\u00e7\u00e3o HTTP. Ela pode ser &hellip; Continue a ler","og_url":"https:\/\/auxmode.com\/pt\/suite-de-ferramentas-gratuitas\/api-de-calculadora-incorporavel\/","og_site_name":"Aux Mode","article_modified_time":"2024-05-24T13:22:40+00:00","og_image":[{"url":"http:\/\/auxmode.com\/wp-content\/themes\/auxmode\/images\/how-to-embed-code-in-wordpress.gif","type":"","width":"","height":""}],"twitter_card":"summary_large_image","twitter_misc":{"Tempo estimado de leitura":"1 minuto"},"schema":{"@context":"https:\/\/schema.org","@graph":[{"@type":"WebPage","@id":"https:\/\/auxmode.com\/pt\/suite-de-ferramentas-gratuitas\/api-de-calculadora-incorporavel\/","url":"https:\/\/auxmode.com\/pt\/suite-de-ferramentas-gratuitas\/api-de-calculadora-incorporavel\/","name":"API de Calculadora Incorpor\u00e1vel - Aux Mode","isPartOf":{"@id":"https:\/\/auxmode.com\/#website"},"primaryImageOfPage":{"@id":"https:\/\/auxmode.com\/pt\/suite-de-ferramentas-gratuitas\/api-de-calculadora-incorporavel\/#primaryimage"},"image":{"@id":"https:\/\/auxmode.com\/pt\/suite-de-ferramentas-gratuitas\/api-de-calculadora-incorporavel\/#primaryimage"},"thumbnailUrl":"http:\/\/auxmode.com\/wp-content\/themes\/auxmode\/images\/how-to-embed-code-in-wordpress.gif","datePublished":"2024-05-24T13:22:35+00:00","dateModified":"2024-05-24T13:22:40+00:00","breadcrumb":{"@id":"https:\/\/auxmode.com\/pt\/suite-de-ferramentas-gratuitas\/api-de-calculadora-incorporavel\/#breadcrumb"},"inLanguage":"pt-PT","potentialAction":[{"@type":"ReadAction","target":["https:\/\/auxmode.com\/pt\/suite-de-ferramentas-gratuitas\/api-de-calculadora-incorporavel\/"]}]},{"@type":"ImageObject","inLanguage":"pt-PT","@id":"https:\/\/auxmode.com\/pt\/suite-de-ferramentas-gratuitas\/api-de-calculadora-incorporavel\/#primaryimage","url":"http:\/\/auxmode.com\/wp-content\/themes\/auxmode\/images\/how-to-embed-code-in-wordpress.gif","contentUrl":"http:\/\/auxmode.com\/wp-content\/themes\/auxmode\/images\/how-to-embed-code-in-wordpress.gif"},{"@type":"BreadcrumbList","@id":"https:\/\/auxmode.com\/pt\/suite-de-ferramentas-gratuitas\/api-de-calculadora-incorporavel\/#breadcrumb","itemListElement":[{"@type":"ListItem","position":1,"name":"Home","item":"https:\/\/auxmode.com\/pt\/"},{"@type":"ListItem","position":2,"name":"Suite de Ferramentas Gratuitas","item":"https:\/\/auxmode.com\/pt\/suite-de-ferramentas-gratuitas\/"},{"@type":"ListItem","position":3,"name":"API de Calculadora Incorpor\u00e1vel"}]},{"@type":"WebSite","@id":"https:\/\/auxmode.com\/#website","url":"https:\/\/auxmode.com\/","name":"Aux Mode","description":"YouTube content monetization protection and Revenue Reporting Automation.","inLanguage":"pt-PT"}]}},"_links":{"self":[{"href":"https:\/\/auxmode.com\/pt\/wp-json\/wp\/v2\/pages\/26463","targetHints":{"allow":["GET"]}}],"collection":[{"href":"https:\/\/auxmode.com\/pt\/wp-json\/wp\/v2\/pages"}],"about":[{"href":"https:\/\/auxmode.com\/pt\/wp-json\/wp\/v2\/types\/page"}],"author":[{"embeddable":true,"href":"https:\/\/auxmode.com\/pt\/wp-json\/wp\/v2\/users\/1"}],"replies":[{"embeddable":true,"href":"https:\/\/auxmode.com\/pt\/wp-json\/wp\/v2\/comments?post=26463"}],"version-history":[{"count":1,"href":"https:\/\/auxmode.com\/pt\/wp-json\/wp\/v2\/pages\/26463\/revisions"}],"predecessor-version":[{"id":26471,"href":"https:\/\/auxmode.com\/pt\/wp-json\/wp\/v2\/pages\/26463\/revisions\/26471"}],"up":[{"embeddable":true,"href":"https:\/\/auxmode.com\/pt\/wp-json\/wp\/v2\/pages\/26140"}],"wp:attachment":[{"href":"https:\/\/auxmode.com\/pt\/wp-json\/wp\/v2\/media?parent=26463"}],"curies":[{"name":"wp","href":"https:\/\/api.w.org\/{rel}","templated":true}]}}