{"id":26459,"date":"2024-05-24T13:20:47","date_gmt":"2024-05-24T13:20:47","guid":{"rendered":"https:\/\/auxmode.com\/?page_id=26459"},"modified":"2024-05-24T13:20:51","modified_gmt":"2024-05-24T13:20:51","slug":"calculadora-de-receita-diaria-do-youtube-shorts","status":"publish","type":"page","link":"https:\/\/auxmode.com\/pt\/suite-de-ferramentas-gratuitas\/calculadora-de-receita-diaria-do-youtube-shorts\/","title":{"rendered":"Calculadora de Receita Di\u00e1ria do YouTube Shorts"},"content":{"rendered":"\t<div class=\"youtube-shorts-calculator youtube-calculator-wrapper\" data-shorts-calculator-enum=\"1\" data-views-dimension=\"daily\">\n\t\t\n\t\t<div class=\"col-md-8 user-details\">\n\t\t\t<form class=\"youtube-calculator\" action=\"\" method=\"get\">\n\t\t\t\t<div class=\"form-group has-tooltips has-labels\">\n\t\t\t\t\t<label for=\"shorts-daily-views-1\">Visualiza\u00e7\u00f5es di\u00e1rias<\/label>\n\t\t\t\t\t<div id=\"shorts-daily-views-1\"><\/div>\n\n\t\t\t\t\t<div class=\"nouislider-label\">\n\t\t\t\t\t\t<span class=\"nouislider-label nouislider-label-min\">0<\/span>\n\t\t\t\t\t\t<input type=\"hidden\" name=\"views\" id=\"shorts-daily-views-input-1\" width=\"10\" value=\"0\" \/>\n\t\t\t\t\t\t<span class=\"nouislider-label nouislider-label-max\">10 M<\/span>\n\t\t\t\t\t<\/div>\n\t\t\t\t<\/div>\n\n\t\t\t<\/form>\n\t\t\t<p>Como funcionam os YouTube Shorts:<\/p>\n\t\t\t<ol>\n\t\t\t\t<li>Uma parte de toda a receita do YouTube Shorts vai para o pool de criadores, que \u00e9 calculado com base nas visualiza\u00e7\u00f5es e uso de m\u00fasica em todos os YouTube Shorts.<\/li>\n\t\t\t\t<li>Em seguida, o YouTube paga aos editores de m\u00fasica com base na frequ\u00eancia com que sua propriedade intelectual \u00e9 usada nos YouTube Shorts.\t\t\t\t\t<ol type=\"a\">\n\t\t\t\t\t\t<li>Por exemplo, se um criador usar duas faixas musicais em um Short, 66% da receita vai para os editores de m\u00fasica, enquanto 33% vai para o criador do YouTube Shorts.<\/li>\n\t\t\t\t\t\t<li>Se um criador usar uma faixa musical em um YouTube Short, a receita \u00e9 dividida igualmente entre eles e os editores de m\u00fasica.<\/li>\n\t\t\t\t\t\t<li>Se um criador n\u00e3o usar faixas musicais, ele mant\u00e9m toda a receita de sua parte do pool de criadores.<\/li>\n\t\t\t\t\t<\/ol>\n\t\t\t\t<\/li>\n\t\t\t\t<li>Em geral, os criadores do YouTube que monetizam mant\u00eam 45% de sua parte da receita do pool de criadores (depois de dedu\u00e7\u00f5es feitas pelo uso de m\u00fasica).<\/li>\n\t\t\t<\/ol>\n\t\t\t<p>Se voc\u00ea \u00e9 um criador que deseja monetizar seus YouTube Shorts, seus ganhos s\u00e3o baseados no n\u00famero de visualiza\u00e7\u00f5es que voc\u00ea obt\u00e9m, sua localiza\u00e7\u00e3o geogr\u00e1fica e quantas faixas musicais voc\u00ea usa.<\/p>\n\t\t<\/div>\n\n\t\t<div class=\"col-md-4 estimates\">\n\t\t\t<div class=\"daily\">\n\t\t\t\t<p class=\"earnings\"><span class=\"daily-high\">$0.00<\/span><\/p>\n\t\t\t\t<h5>Ganhos di\u00e1rios estimados<\/h5>\n\t\t\t<\/div>\n\n\t\t\t<div class=\"monthly\">\n\t\t\t\t<p class=\"earnings\"><span class=\"monthly-high\">$0.00<\/span><\/p>\n\t\t\t\t<h5>Ganhos mensais estimados<\/h5>\n\t\t\t<\/div>\n\n\t\t\t<div class=\"yearly\">\n\t\t\t\t<p class=\"earnings\"><span class=\"yearly-high\">$0.00<\/span><\/p>\n\t\t\t\t<h5>Proje\u00e7\u00e3o anual estimada<\/h5>\n\t\t\t<\/div>\n\n\t\t\t<div class=\"col-md-8 col-md-push-2\">\n\t\t\t\t\t<div class=\"email-calculator-results\">\n\t\t<form class=\"email-results\" method=\"post\" action=\"\">\n\t\t\t<div class=\"form-group\">\n\t\t\t\t<label for=\"email-results-to\">Digite seu endere\u00e7o de e-mail para receber este resultado em sua caixa de entrada<\/label>\n\t\t\t\t<input type=\"email\" class=\"form-control\" name=\"email-results-to\" id=\"email-results-to\" required \/>\n\t\t\t<\/div>\n\n\t\t\t<input type=\"hidden\" name=\"email-results-type\" id=\"email-results-type\" value=\"shorts-revenue\" \/>\n\t\t\t<input type=\"hidden\" name=\"email-results-result\" id=\"email-results-result\" value=\"\" \/>\n\t\t\t<input type=\"hidden\" name=\"email-results-inputs\" id=\"email-results-inputs\" value=\"[]\" \/>\n\t\t\t<button type=\"submit\" class=\"btn btn-block btn-primary\">Obtenha seus resultados (bot\u00e3o)<\/button>\n\n\t\t\t\t\t\t\t<a class=\"btn btn-block btn-outline-primary\" href=\"https:\/\/auxmode.com\/pt\/suite-de-ferramentas-gratuitas\/calculadora-de-receita-diaria-do-youtube-shorts\/\">Saiba mais<\/a>\n\t\t\t\t\t<\/form>\n\t<\/div>\n\t\t\t\t<\/div>\n\t\t<\/div>\n\t<\/div>\n\t\n","protected":false},"excerpt":{"rendered":"","protected":false},"author":1,"featured_media":0,"parent":26140,"menu_order":0,"comment_status":"closed","ping_status":"closed","template":"","meta":{"_acf_changed":false,"amp_status":"","footnotes":""},"class_list":["post-26459","page","type-page","status-publish","hentry","nodate","item-wrap"],"acf":[],"yoast_head":"<!-- This site is optimized with the Yoast SEO plugin v27.4 - https:\/\/yoast.com\/product\/yoast-seo-wordpress\/ -->\n<title>Calculadora de Receita Di\u00e1ria do YouTube Shorts - Aux Mode<\/title>\n<meta name=\"robots\" content=\"index, follow, max-snippet:-1, max-image-preview:large, max-video-preview:-1\" \/>\n<link rel=\"canonical\" href=\"https:\/\/auxmode.com\/pt\/suite-de-ferramentas-gratuitas\/calculadora-de-receita-diaria-do-youtube-shorts\/\" \/>\n<meta property=\"og:locale\" content=\"pt_PT\" \/>\n<meta property=\"og:type\" content=\"article\" \/>\n<meta property=\"og:title\" content=\"Calculadora de Receita Di\u00e1ria do YouTube Shorts - Aux Mode\" \/>\n<meta property=\"og:url\" content=\"https:\/\/auxmode.com\/pt\/suite-de-ferramentas-gratuitas\/calculadora-de-receita-diaria-do-youtube-shorts\/\" \/>\n<meta property=\"og:site_name\" content=\"Aux Mode\" \/>\n<meta property=\"article:modified_time\" content=\"2024-05-24T13:20:51+00:00\" \/>\n<meta name=\"twitter:card\" content=\"summary_large_image\" \/>\n<meta name=\"twitter:label1\" content=\"Tempo estimado de leitura\" \/>\n\t<meta name=\"twitter:data1\" content=\"1 minuto\" \/>\n<script type=\"application\/ld+json\" class=\"yoast-schema-graph\">{\"@context\":\"https:\\\/\\\/schema.org\",\"@graph\":[{\"@type\":\"WebPage\",\"@id\":\"https:\\\/\\\/auxmode.com\\\/pt\\\/suite-de-ferramentas-gratuitas\\\/calculadora-de-receita-diaria-do-youtube-shorts\\\/\",\"url\":\"https:\\\/\\\/auxmode.com\\\/pt\\\/suite-de-ferramentas-gratuitas\\\/calculadora-de-receita-diaria-do-youtube-shorts\\\/\",\"name\":\"Calculadora de Receita Di\u00e1ria do YouTube Shorts - Aux Mode\",\"isPartOf\":{\"@id\":\"https:\\\/\\\/auxmode.com\\\/#website\"},\"datePublished\":\"2024-05-24T13:20:47+00:00\",\"dateModified\":\"2024-05-24T13:20:51+00:00\",\"breadcrumb\":{\"@id\":\"https:\\\/\\\/auxmode.com\\\/pt\\\/suite-de-ferramentas-gratuitas\\\/calculadora-de-receita-diaria-do-youtube-shorts\\\/#breadcrumb\"},\"inLanguage\":\"pt-PT\",\"potentialAction\":[{\"@type\":\"ReadAction\",\"target\":[\"https:\\\/\\\/auxmode.com\\\/pt\\\/suite-de-ferramentas-gratuitas\\\/calculadora-de-receita-diaria-do-youtube-shorts\\\/\"]}]},{\"@type\":\"BreadcrumbList\",\"@id\":\"https:\\\/\\\/auxmode.com\\\/pt\\\/suite-de-ferramentas-gratuitas\\\/calculadora-de-receita-diaria-do-youtube-shorts\\\/#breadcrumb\",\"itemListElement\":[{\"@type\":\"ListItem\",\"position\":1,\"name\":\"Home\",\"item\":\"https:\\\/\\\/auxmode.com\\\/pt\\\/\"},{\"@type\":\"ListItem\",\"position\":2,\"name\":\"Suite de Ferramentas Gratuitas\",\"item\":\"https:\\\/\\\/auxmode.com\\\/pt\\\/suite-de-ferramentas-gratuitas\\\/\"},{\"@type\":\"ListItem\",\"position\":3,\"name\":\"Calculadora de Receita Di\u00e1ria do YouTube Shorts\"}]},{\"@type\":\"WebSite\",\"@id\":\"https:\\\/\\\/auxmode.com\\\/#website\",\"url\":\"https:\\\/\\\/auxmode.com\\\/\",\"name\":\"Aux Mode\",\"description\":\"YouTube content monetization protection and Revenue Reporting Automation.\",\"inLanguage\":\"pt-PT\"}]}<\/script>\n<!-- \/ Yoast SEO plugin. -->","yoast_head_json":{"title":"Calculadora de Receita Di\u00e1ria do YouTube Shorts - Aux Mode","robots":{"index":"index","follow":"follow","max-snippet":"max-snippet:-1","max-image-preview":"max-image-preview:large","max-video-preview":"max-video-preview:-1"},"canonical":"https:\/\/auxmode.com\/pt\/suite-de-ferramentas-gratuitas\/calculadora-de-receita-diaria-do-youtube-shorts\/","og_locale":"pt_PT","og_type":"article","og_title":"Calculadora de Receita Di\u00e1ria do YouTube Shorts - Aux Mode","og_url":"https:\/\/auxmode.com\/pt\/suite-de-ferramentas-gratuitas\/calculadora-de-receita-diaria-do-youtube-shorts\/","og_site_name":"Aux Mode","article_modified_time":"2024-05-24T13:20:51+00:00","twitter_card":"summary_large_image","twitter_misc":{"Tempo estimado de leitura":"1 minuto"},"schema":{"@context":"https:\/\/schema.org","@graph":[{"@type":"WebPage","@id":"https:\/\/auxmode.com\/pt\/suite-de-ferramentas-gratuitas\/calculadora-de-receita-diaria-do-youtube-shorts\/","url":"https:\/\/auxmode.com\/pt\/suite-de-ferramentas-gratuitas\/calculadora-de-receita-diaria-do-youtube-shorts\/","name":"Calculadora de Receita Di\u00e1ria do YouTube Shorts - Aux Mode","isPartOf":{"@id":"https:\/\/auxmode.com\/#website"},"datePublished":"2024-05-24T13:20:47+00:00","dateModified":"2024-05-24T13:20:51+00:00","breadcrumb":{"@id":"https:\/\/auxmode.com\/pt\/suite-de-ferramentas-gratuitas\/calculadora-de-receita-diaria-do-youtube-shorts\/#breadcrumb"},"inLanguage":"pt-PT","potentialAction":[{"@type":"ReadAction","target":["https:\/\/auxmode.com\/pt\/suite-de-ferramentas-gratuitas\/calculadora-de-receita-diaria-do-youtube-shorts\/"]}]},{"@type":"BreadcrumbList","@id":"https:\/\/auxmode.com\/pt\/suite-de-ferramentas-gratuitas\/calculadora-de-receita-diaria-do-youtube-shorts\/#breadcrumb","itemListElement":[{"@type":"ListItem","position":1,"name":"Home","item":"https:\/\/auxmode.com\/pt\/"},{"@type":"ListItem","position":2,"name":"Suite de Ferramentas Gratuitas","item":"https:\/\/auxmode.com\/pt\/suite-de-ferramentas-gratuitas\/"},{"@type":"ListItem","position":3,"name":"Calculadora de Receita Di\u00e1ria do YouTube Shorts"}]},{"@type":"WebSite","@id":"https:\/\/auxmode.com\/#website","url":"https:\/\/auxmode.com\/","name":"Aux Mode","description":"YouTube content monetization protection and Revenue Reporting Automation.","inLanguage":"pt-PT"}]}},"_links":{"self":[{"href":"https:\/\/auxmode.com\/pt\/wp-json\/wp\/v2\/pages\/26459","targetHints":{"allow":["GET"]}}],"collection":[{"href":"https:\/\/auxmode.com\/pt\/wp-json\/wp\/v2\/pages"}],"about":[{"href":"https:\/\/auxmode.com\/pt\/wp-json\/wp\/v2\/types\/page"}],"author":[{"embeddable":true,"href":"https:\/\/auxmode.com\/pt\/wp-json\/wp\/v2\/users\/1"}],"replies":[{"embeddable":true,"href":"https:\/\/auxmode.com\/pt\/wp-json\/wp\/v2\/comments?post=26459"}],"version-history":[{"count":1,"href":"https:\/\/auxmode.com\/pt\/wp-json\/wp\/v2\/pages\/26459\/revisions"}],"predecessor-version":[{"id":26461,"href":"https:\/\/auxmode.com\/pt\/wp-json\/wp\/v2\/pages\/26459\/revisions\/26461"}],"up":[{"embeddable":true,"href":"https:\/\/auxmode.com\/pt\/wp-json\/wp\/v2\/pages\/26140"}],"wp:attachment":[{"href":"https:\/\/auxmode.com\/pt\/wp-json\/wp\/v2\/media?parent=26459"}],"curies":[{"name":"wp","href":"https:\/\/api.w.org\/{rel}","templated":true}]}}