{"id":26214,"date":"2024-05-03T03:20:25","date_gmt":"2024-05-03T03:20:25","guid":{"rendered":"https:\/\/auxmode.com\/?page_id=26214"},"modified":"2024-05-03T03:20:28","modified_gmt":"2024-05-03T03:20:28","slug":"calculadora-de-receita","status":"publish","type":"page","link":"https:\/\/auxmode.com\/pt\/suite-de-ferramentas-gratuitas\/calculadora-de-receita\/","title":{"rendered":"Calculadora de Receita"},"content":{"rendered":"\t\t<div class=\"youtube-channel-earnings-calculator youtube-calculator-wrapper youtube-calculator-wrapper-boxed\">\n\n\t\t    <form class=\"youtube-calculator form-inline\" action=\"\" method=\"get\">\n\t\t        <div class=\"form-group\">\n\t\t            <label for=\"channel-name\">Procurar por nome de canal ou ID ou URL<\/label>\n\t\t            <input type=\"text\" name=\"channel_name\" id=\"channel-name\" width=\"100\" value=\"\" class=\"form-control\" \/>\n\t\t            <button type=\"submit\" class=\"btn btn-primary\">Procurar<\/button>\n\t\t        <\/div>\n\t\t    <\/form>\n\n\t\t    <div class=\"results-wrapper no-flex\">\n\t\t        <div class=\"result\">\n\t\t            <p class=\"title\">Total de Assinantes<\/p>\n\t\t            <p class=\"results total-subscribers\">0<\/p>\n\t\t        <\/div>\n\t\t        <div class=\"result\">\n\t\t            <p class=\"title\">Total de Visualiza\u00e7\u00f5es de V\u00eddeos<\/p>\n\t\t            <p class=\"results total-views\">0<\/p>\n\t\t        <\/div>\n\t\t        <div class=\"result\">\n\t\t            <p class=\"title\">Ganhos Estimados Totais<\/p>\n\t\t            <p class=\"results total-earnings\">$0<\/p>\n\t\t        <\/div>\n\t\t        <div class=\"result\">\n\t\t            <p class=\"title\">Ganhos M\u00e9dios por V\u00eddeo<\/p>\n\t\t            <p class=\"results average-earnings\">$0<\/p>\n\t\t        <\/div>\n\t\t    <\/div>\n\n\t\t    <div class=\"channel-details clearfix\" style=\"display: none\">\n\t\t        <div class=\"image\"><\/div>\n\t\t        <div class=\"details\">\n\t\t            <h3 class=\"title\"><\/h3>\n\t\t            <div class=\"desc\"><\/div>\n\t\t        <\/div>\n\t\t    <\/div>\n\t\t<\/div>\n\n\t\t\t\n","protected":false},"excerpt":{"rendered":"","protected":false},"author":1,"featured_media":0,"parent":26140,"menu_order":0,"comment_status":"closed","ping_status":"closed","template":"","meta":{"_acf_changed":false,"amp_status":"","footnotes":""},"class_list":["post-26214","page","type-page","status-publish","hentry","nodate","item-wrap"],"acf":[],"yoast_head":"<!-- This site is optimized with the Yoast SEO plugin v27.3 - https:\/\/yoast.com\/product\/yoast-seo-wordpress\/ -->\n<title>Calculadora de Receita - Aux Mode<\/title>\n<meta name=\"robots\" content=\"index, follow, max-snippet:-1, max-image-preview:large, max-video-preview:-1\" \/>\n<link rel=\"canonical\" href=\"https:\/\/auxmode.com\/pt\/suite-de-ferramentas-gratuitas\/calculadora-de-receita\/\" \/>\n<meta property=\"og:locale\" content=\"pt_PT\" \/>\n<meta property=\"og:type\" content=\"article\" \/>\n<meta property=\"og:title\" content=\"Calculadora de Receita - Aux Mode\" \/>\n<meta property=\"og:url\" content=\"https:\/\/auxmode.com\/pt\/suite-de-ferramentas-gratuitas\/calculadora-de-receita\/\" \/>\n<meta property=\"og:site_name\" content=\"Aux Mode\" \/>\n<meta property=\"article:modified_time\" content=\"2024-05-03T03:20:28+00:00\" \/>\n<meta name=\"twitter:card\" content=\"summary_large_image\" \/>\n<meta name=\"twitter:label1\" content=\"Tempo estimado de leitura\" \/>\n\t<meta name=\"twitter:data1\" content=\"1 minuto\" \/>\n<script type=\"application\/ld+json\" class=\"yoast-schema-graph\">{\"@context\":\"https:\\\/\\\/schema.org\",\"@graph\":[{\"@type\":\"WebPage\",\"@id\":\"https:\\\/\\\/auxmode.com\\\/pt\\\/suite-de-ferramentas-gratuitas\\\/calculadora-de-receita\\\/\",\"url\":\"https:\\\/\\\/auxmode.com\\\/pt\\\/suite-de-ferramentas-gratuitas\\\/calculadora-de-receita\\\/\",\"name\":\"Calculadora de Receita - Aux Mode\",\"isPartOf\":{\"@id\":\"https:\\\/\\\/auxmode.com\\\/#website\"},\"datePublished\":\"2024-05-03T03:20:25+00:00\",\"dateModified\":\"2024-05-03T03:20:28+00:00\",\"breadcrumb\":{\"@id\":\"https:\\\/\\\/auxmode.com\\\/pt\\\/suite-de-ferramentas-gratuitas\\\/calculadora-de-receita\\\/#breadcrumb\"},\"inLanguage\":\"pt-PT\",\"potentialAction\":[{\"@type\":\"ReadAction\",\"target\":[\"https:\\\/\\\/auxmode.com\\\/pt\\\/suite-de-ferramentas-gratuitas\\\/calculadora-de-receita\\\/\"]}]},{\"@type\":\"BreadcrumbList\",\"@id\":\"https:\\\/\\\/auxmode.com\\\/pt\\\/suite-de-ferramentas-gratuitas\\\/calculadora-de-receita\\\/#breadcrumb\",\"itemListElement\":[{\"@type\":\"ListItem\",\"position\":1,\"name\":\"Home\",\"item\":\"https:\\\/\\\/auxmode.com\\\/pt\\\/\"},{\"@type\":\"ListItem\",\"position\":2,\"name\":\"Suite de Ferramentas Gratuitas\",\"item\":\"https:\\\/\\\/auxmode.com\\\/pt\\\/suite-de-ferramentas-gratuitas\\\/\"},{\"@type\":\"ListItem\",\"position\":3,\"name\":\"Calculadora de Receita\"}]},{\"@type\":\"WebSite\",\"@id\":\"https:\\\/\\\/auxmode.com\\\/#website\",\"url\":\"https:\\\/\\\/auxmode.com\\\/\",\"name\":\"Aux Mode\",\"description\":\"YouTube content monetization protection and Revenue Reporting Automation.\",\"inLanguage\":\"pt-PT\"}]}<\/script>\n<!-- \/ Yoast SEO plugin. -->","yoast_head_json":{"title":"Calculadora de Receita - Aux Mode","robots":{"index":"index","follow":"follow","max-snippet":"max-snippet:-1","max-image-preview":"max-image-preview:large","max-video-preview":"max-video-preview:-1"},"canonical":"https:\/\/auxmode.com\/pt\/suite-de-ferramentas-gratuitas\/calculadora-de-receita\/","og_locale":"pt_PT","og_type":"article","og_title":"Calculadora de Receita - Aux Mode","og_url":"https:\/\/auxmode.com\/pt\/suite-de-ferramentas-gratuitas\/calculadora-de-receita\/","og_site_name":"Aux Mode","article_modified_time":"2024-05-03T03:20:28+00:00","twitter_card":"summary_large_image","twitter_misc":{"Tempo estimado de leitura":"1 minuto"},"schema":{"@context":"https:\/\/schema.org","@graph":[{"@type":"WebPage","@id":"https:\/\/auxmode.com\/pt\/suite-de-ferramentas-gratuitas\/calculadora-de-receita\/","url":"https:\/\/auxmode.com\/pt\/suite-de-ferramentas-gratuitas\/calculadora-de-receita\/","name":"Calculadora de Receita - Aux Mode","isPartOf":{"@id":"https:\/\/auxmode.com\/#website"},"datePublished":"2024-05-03T03:20:25+00:00","dateModified":"2024-05-03T03:20:28+00:00","breadcrumb":{"@id":"https:\/\/auxmode.com\/pt\/suite-de-ferramentas-gratuitas\/calculadora-de-receita\/#breadcrumb"},"inLanguage":"pt-PT","potentialAction":[{"@type":"ReadAction","target":["https:\/\/auxmode.com\/pt\/suite-de-ferramentas-gratuitas\/calculadora-de-receita\/"]}]},{"@type":"BreadcrumbList","@id":"https:\/\/auxmode.com\/pt\/suite-de-ferramentas-gratuitas\/calculadora-de-receita\/#breadcrumb","itemListElement":[{"@type":"ListItem","position":1,"name":"Home","item":"https:\/\/auxmode.com\/pt\/"},{"@type":"ListItem","position":2,"name":"Suite de Ferramentas Gratuitas","item":"https:\/\/auxmode.com\/pt\/suite-de-ferramentas-gratuitas\/"},{"@type":"ListItem","position":3,"name":"Calculadora de Receita"}]},{"@type":"WebSite","@id":"https:\/\/auxmode.com\/#website","url":"https:\/\/auxmode.com\/","name":"Aux Mode","description":"YouTube content monetization protection and Revenue Reporting Automation.","inLanguage":"pt-PT"}]}},"_links":{"self":[{"href":"https:\/\/auxmode.com\/pt\/wp-json\/wp\/v2\/pages\/26214","targetHints":{"allow":["GET"]}}],"collection":[{"href":"https:\/\/auxmode.com\/pt\/wp-json\/wp\/v2\/pages"}],"about":[{"href":"https:\/\/auxmode.com\/pt\/wp-json\/wp\/v2\/types\/page"}],"author":[{"embeddable":true,"href":"https:\/\/auxmode.com\/pt\/wp-json\/wp\/v2\/users\/1"}],"replies":[{"embeddable":true,"href":"https:\/\/auxmode.com\/pt\/wp-json\/wp\/v2\/comments?post=26214"}],"version-history":[{"count":1,"href":"https:\/\/auxmode.com\/pt\/wp-json\/wp\/v2\/pages\/26214\/revisions"}],"predecessor-version":[{"id":26215,"href":"https:\/\/auxmode.com\/pt\/wp-json\/wp\/v2\/pages\/26214\/revisions\/26215"}],"up":[{"embeddable":true,"href":"https:\/\/auxmode.com\/pt\/wp-json\/wp\/v2\/pages\/26140"}],"wp:attachment":[{"href":"https:\/\/auxmode.com\/pt\/wp-json\/wp\/v2\/media?parent=26214"}],"curies":[{"name":"wp","href":"https:\/\/api.w.org\/{rel}","templated":true}]}}