{"id":26171,"date":"2014-04-28T16:14:21","date_gmt":"2014-04-28T16:14:21","guid":{"rendered":"https:\/\/auxmode.com\/glossary\/"},"modified":"2024-05-04T14:54:23","modified_gmt":"2024-05-04T14:54:23","slug":"glossario","status":"publish","type":"page","link":"https:\/\/auxmode.com\/pt\/glossario\/","title":{"rendered":"Glossary"},"content":{"rendered":"<p>Este gloss\u00e1rio de termos \u00e9 diretamente da p\u00e1gina de gloss\u00e1rio do YouTube. Essas defini\u00e7\u00f5es podem ajud\u00e1-lo a entender qualquer termo de conte\u00fado de v\u00eddeo online com o qual voc\u00ea ainda n\u00e3o esteja familiarizado. Esses termos s\u00e3o importantes para entender no processo de distribui\u00e7\u00e3o e expans\u00e3o do seu p\u00fablico online.<\/p>\n<p><strong>Anota\u00e7\u00f5es<\/strong> As anota\u00e7\u00f5es de v\u00eddeo s\u00e3o sobreposi\u00e7\u00f5es din\u00e2micas controladas pelo carregador em v\u00eddeos que permitem sobrepor texto em um v\u00eddeo e\/ou tornar partes do v\u00eddeo clic\u00e1veis. Voc\u00ea pode adicionar, editar e excluir anota\u00e7\u00f5es nos seus v\u00eddeos, controlando o texto, o posicionamento, o tempo e os URLs de link. Os URLs s\u00f3 podem ser direcionados para o YouTube.com.<\/p>\n<p><strong>Reten\u00e7\u00e3o de Audi\u00eancia<\/strong> O relat\u00f3rio de Reten\u00e7\u00e3o de Audi\u00eancia (anteriormente conhecido como Pontos Quentes em Insight) mede a capacidade do seu v\u00eddeo de reter sua audi\u00eancia. Ele mostra quando os espectadores avan\u00e7am rapidamente, retrocedem ou saem do seu v\u00eddeo.<\/p>\n<p><strong>Avatar<\/strong> A imagem quadrada na p\u00e1gina do seu canal que representa o seu canal em todo o site.<\/p>\n<p><strong>Divulga\u00e7\u00e3o em Blog<\/strong> Uma estrat\u00e9gia de compartilhamento dos seus v\u00eddeos com uma lista direcionada de blogs, sites e\/ou comunidades online e influenciadores. Isso inclui enviar o link do seu v\u00eddeo e\/ou c\u00f3digo de incorpora\u00e7\u00e3o para editores de blogs e outras pessoas na esperan\u00e7a de que eles incorporem ou compartilhem o v\u00eddeo com suas audi\u00eancias.<\/p>\n<p><strong>Lista de Blogs (Blog rolls) <\/strong>Uma lista de blogs, sites, comunidades online e influenciadores relevantes para uma categoria ou tipo espec\u00edfico de conte\u00fado. Usado para divulga\u00e7\u00e3o em blogs.<\/p>\n<p><strong>Boletim <\/strong>Uma mensagem que os propriet\u00e1rios de canais podem enviar para seus assinantes. Os boletins aparecem nos feeds dos assinantes. Os propriet\u00e1rios de canais podem anexar v\u00eddeos a um boletim.<\/p>\n<p><strong>Chamadas para A\u00e7\u00e3o (CTAs) <\/strong>Essas incentivam o espectador a tomar uma a\u00e7\u00e3o.<\/p>\n<p><strong>Canal ou P\u00e1gina do Canal <\/strong>\u00a0YouTube.com\/NOMEDOCANAL.<br \/>\nUm canal \u00e9 a p\u00e1gina p\u00fablica de uma conta de usu\u00e1rio no YouTube. Ele cont\u00e9m v\u00eddeos enviados, playlists, v\u00eddeos curtidos, v\u00eddeos favoritos, coment\u00e1rios do canal e atividade geral. Alguns criadores gerenciam ou criam conte\u00fado em v\u00e1rios canais.<\/p>\n<p><strong>Coment\u00e1rios <\/strong>\u00a0S\u00e3o coment\u00e1rios escritos em v\u00eddeos, canais, playlists ou em resposta a outros coment\u00e1rios. Os coment\u00e1rios podem ser postados na p\u00e1gina de visualiza\u00e7\u00e3o ou na p\u00e1gina do canal.<\/p>\n<p><strong>A\u00e7\u00f5es da Comunidade <\/strong> Quaisquer a\u00e7\u00f5es tomadas por um espectador em torno do seu canal e conte\u00fado. Inclui curtidas, favoritos, inscri\u00e7\u00f5es e coment\u00e1rios.<\/p>\n<p><strong>Tela Final ou Tela de Encerramento<\/strong> Uma imagem gr\u00e1fica que os criadores incluem no final de seus v\u00eddeos. As telas finais geralmente incluem Chamadas para A\u00e7\u00e3o espec\u00edficas para se inscrever, assistir mais conte\u00fado ou visitar uma p\u00e1gina de canal. Elas tamb\u00e9m podem conter cr\u00e9ditos para o v\u00eddeo. Geralmente, as telas finais apresentam de forma proeminente as anota\u00e7\u00f5es.<\/p>\n<p><strong>Engajamento <\/strong>Interatividade entre o criador e a audi\u00eancia, o espectador e o v\u00eddeo, ou o criador e o site. Pode ser medido pelo n\u00famero de intera\u00e7\u00f5es (coment\u00e1rios, favoritos, curtidas ou novas inscri\u00e7\u00f5es) por visualiza\u00e7\u00e3o.<\/p>\n<p><strong>Favorito(s)<\/strong> Uma a\u00e7\u00e3o do usu\u00e1rio que adiciona um v\u00eddeo \u00e0 playlist de Favoritos do seu canal. Essa a\u00e7\u00e3o tamb\u00e9m pode ser divulgada para os assinantes.<\/p>\n<p><strong>Feed<\/strong> Um fluxo de atividades para um canal (por meio do feed da p\u00e1gina do canal) ou para v\u00e1rios canais (o feed da p\u00e1gina inicial). As atividades do feed incluem envios, playlists atualizadas, coment\u00e1rios de v\u00eddeo, coment\u00e1rios de canal, novas inscri\u00e7\u00f5es, boletins, curtidas, favoritos e compartilhamentos. Os usu\u00e1rios controlam quais atividades do feed eles transmitem e, ao se inscreverem em canais, quais atividades do feed s\u00e3o transmitidas para eles em sua p\u00e1gina inicial.<\/p>\n<p><strong>Hangouts no Ar<\/strong> Os Hangouts do Google+ s\u00e3o um recurso de chat de v\u00eddeo ao vivo, e eles podem ser transmitidos em seu canal do YouTube.<\/p>\n<p><strong>Gancho <\/strong>Conte\u00fado destinado a manter os espectadores interessados no que acontece a seguir. Idealmente, o gancho de um v\u00eddeo acontece nos primeiros 15 segundos.<\/p>\n<p><strong>Playlist Hospedada <\/strong>Uma cole\u00e7\u00e3o de v\u00eddeos vinculados por v\u00eddeos adicionais hospedados. Os v\u00eddeos hospedados podem atuar como introdu\u00e7\u00f5es, encerramentos e\/ou intersticiais. Os v\u00eddeos hospedados podem conter um apresentador real (pessoa) ou branding criativo que atua como um apresentador.<\/p>\n<p><strong>Curtida(s) <\/strong>Uma a\u00e7\u00e3o do usu\u00e1rio que demonstra aprecia\u00e7\u00e3o por um v\u00eddeo. Essa a\u00e7\u00e3o pode ser transmitida para os assinantes no feed.<\/p>\n<p><strong>Metadados<\/strong> As informa\u00e7\u00f5es textuais que descrevem um v\u00eddeo, canal ou playlist. Os metadados do v\u00eddeo incluem t\u00edtulo, tags e descri\u00e7\u00e3o. Os metadados da playlist incluem t\u00edtulo e descri\u00e7\u00e3o. Os metadados do canal incluem uma descri\u00e7\u00e3o.<\/p>\n<p><strong>Rede Multi-Canal (MCN) <\/strong>As Redes Multi-Canal (MCNs) s\u00e3o entidades que se afiliam a v\u00e1rios canais do YouTube, muitas vezes para oferecer assist\u00eancia em \u00e1reas como produto, programa\u00e7\u00e3o, financiamento, cross-promotion, gerenciamento de parceiros, gest\u00e3o de direitos digitais, monetiza\u00e7\u00e3o\/vendas e\/ou desenvolvimento de audi\u00eancia.<\/p>\n<p><strong>Otimiza\u00e7\u00e3o <\/strong>Uma a\u00e7\u00e3o que aumenta o potencial de sucesso de um v\u00eddeo, canal, playlist ou estrat\u00e9gia de conte\u00fado.<\/p>\n<p><strong>M\u00f3dulo de Outros Canais<\/strong> Um m\u00f3dulo opcional que permite ao propriet\u00e1rio do canal destacar outros canais em sua p\u00e1gina do canal.<\/p>\n<p><strong>Embalagem<\/strong> Gr\u00e1ficos e\/ou conte\u00fado que adiciona contexto a um v\u00eddeo. A embalagem pode construir sua marca, conectar seu apresentador com a audi\u00eancia, adicionar contexto relevante ao conte\u00fado arquivado ou adicionar Chamadas para A\u00e7\u00e3o roteirizadas\/anotadas.<\/p>\n<p><strong>Playlist<\/strong> Uma playlist \u00e9 uma cole\u00e7\u00e3o de v\u00eddeos que pode ser visualizada, compartilhada e incorporada como um v\u00eddeo individual. Voc\u00ea pode criar playlists usando qualquer v\u00eddeo no YouTube. Os v\u00eddeos podem estar em v\u00e1rias playlists. Os v\u00eddeos enviados e os v\u00eddeos favoritados s\u00e3o playlists padr\u00e3o no seu canal.<\/p>\n<p><strong>Pr\u00e9-buzz<\/strong> O interesse da audi\u00eancia em um evento central ocorrendo nos dias e semanas que antecedem o evento.<\/p>\n<p><strong>Programa\u00e7\u00e3o <\/strong>A pr\u00e1tica e estrat\u00e9gia de organizar v\u00eddeos, programas ou conte\u00fado do canal e atividade em um cronograma di\u00e1rio, semanal ou de temporada.<\/p>\n<p><strong>Atividade de Recomenda\u00e7\u00e3o <\/strong>Uma estrat\u00e9gia na qual um canal curte, favorita ou comenta um v\u00eddeo para promover esse v\u00eddeo para seus assinantes por meio do feed.<\/p>\n<p><strong>Playlist de S\u00e9rie <\/strong>Uma playlist que trava os v\u00eddeos em uma playlist espec\u00edfica. Destinada a conte\u00fado serial ou epis\u00f3dico que segue um arco narrativo, os v\u00eddeos inclu\u00eddos em uma playlist de s\u00e9rie n\u00e3o podem ser adicionados a outras playlists no canal.<\/p>\n<p><strong>Compartilhamento<\/strong> Capacidade de distribuir v\u00eddeos por meio de m\u00eddias sociais, e-mail ou links diretos. Essa a\u00e7\u00e3o pode ser transmitida para os assinantes.<\/p>\n<p><strong>V\u00eddeos Sugeridos <\/strong>Miniaturas de v\u00eddeo que aparecem na coluna \u00e0 direita das p\u00e1ginas de visualiza\u00e7\u00e3o e na p\u00e1gina inicial, ou as miniaturas em mosaico que aparecem quando um v\u00eddeo termina de ser reproduzido.<\/p>\n<p><strong>Assinante \/ Inscri\u00e7\u00e3o <\/strong>Ao se inscrever em um canal, os usu\u00e1rios ver\u00e3o a atividade desse canal em seu feed da p\u00e1gina inicial. Os assinantes tamb\u00e9m podem optar por receber comunica\u00e7\u00e3o por e-mail dos canais inscritos em uma base por upload e de resumo semanal.<\/p>\n<p><strong>Caixa de Assinantes<\/strong> Veja o M\u00f3dulo de Outros Canais.<\/p>\n<p><strong>Tags <\/strong>Palavras ou frases usadas para descrever o conte\u00fado de seus v\u00eddeos. Adicionadas aos v\u00eddeos no momento do envio (veja Metadados).<\/p>\n<p><strong>Teaser <\/strong>Um v\u00eddeo curto que atua como uma pr\u00e9via ou trailer para um conte\u00fado mais longo. Pode ser usado para promover iniciativas ou an\u00fancios de conte\u00fado maiores.<\/p>\n<p><strong>Modelos <\/strong>Diferentes designs de canal predefinidos que podem ser usados para destacar v\u00eddeos, playlists e outros canais.<\/p>\n<p><strong>Programa\u00e7\u00e3o e Publica\u00e7\u00e3o de Conte\u00fado de Pilar <\/strong>Estrat\u00e9gia de cria\u00e7\u00e3o e publica\u00e7\u00e3o de conte\u00fado destinada a se basear na popularidade de grandes eventos culturais. A programa\u00e7\u00e3o e publica\u00e7\u00e3o de conte\u00fado de pilar \u00e9 destinada a maximizar a audi\u00eancia.<\/p>\n<p><strong>Miniaturas <\/strong>As imagens selecionadas para representar seus v\u00eddeos ou playlists no site.<\/p>\n<p><strong>Fonte de Tr\u00e1fego <\/strong>A fonte de refer\u00eancia de uma visualiza\u00e7\u00e3o de v\u00eddeo. A p\u00e1gina, m\u00f3dulo ou site que levou um espectador a um v\u00eddeo.<\/p>\n<p><strong>Vlog Um v\u00eddeo-blog. <\/strong>Um formato ou g\u00eanero de v\u00eddeo casual e conversacional que apresenta uma pessoa falando diretamente para a c\u00e2mera.<\/p>\n<p><strong>P\u00e1gina de Visualiza\u00e7\u00e3o <\/strong>A p\u00e1gina onde a maioria da visualiza\u00e7\u00e3o de v\u00eddeo acontece. URLs com o formato youtube.com\/watch?v= s\u00e3o p\u00e1ginas de visualiza\u00e7\u00e3o.<\/p>\n<p><strong>Tempo de Visualiza\u00e7\u00e3o <\/strong>A quantidade de tempo em agregado que seus espectadores est\u00e3o assistindo aos seus v\u00eddeos. O tempo de visualiza\u00e7\u00e3o \u00e9 estimado nas An\u00e1lises do YouTube.<\/p>\n<p><strong>An\u00e1lises do YouTube <\/strong>Uma ferramenta que fornece informa\u00e7\u00f5es em v\u00e1rios m\u00e9tricas para v\u00eddeos, canais e audi\u00eancia. Dispon\u00edvel em sua conta de usu\u00e1rio.<\/p>\n<p><iframe loading=\"lazy\" src=\"https:\/\/www.youtube-nocookie.com\/embed\/videoseries?list=PL3azc5F5ulmMeVWaLcFGEvOBPCfU862gU\" width=\"853\" height=\"480\" frameborder=\"0\" allowfullscreen=\"allowfullscreen\"><\/iframe><\/p>\n","protected":false},"excerpt":{"rendered":"<p>Este gloss\u00e1rio de termos \u00e9 diretamente da p\u00e1gina de gloss\u00e1rio do YouTube. Essas defini\u00e7\u00f5es podem ajud\u00e1-lo a entender qualquer termo de conte\u00fado de v\u00eddeo online com o qual voc\u00ea ainda n\u00e3o esteja familiarizado. Esses termos s\u00e3o importantes para entender no processo de distribui\u00e7\u00e3o e expans\u00e3o do seu p\u00fablico online.<\/p>\n<p>Anota\u00e7\u00f5es As anota\u00e7\u00f5es de v\u00eddeo s\u00e3o &hellip; <\/p>\n<p><a class=\"more-link btn\" href=\"https:\/\/auxmode.com\/pt\/glossario\/\">Continue a ler<\/a><\/p>\n","protected":false},"author":1,"featured_media":0,"parent":0,"menu_order":0,"comment_status":"closed","ping_status":"closed","template":"","meta":{"_acf_changed":false,"amp_status":"","footnotes":""},"class_list":["post-26171","page","type-page","status-publish","hentry","nodate","item-wrap"],"acf":[],"yoast_head":"<!-- This site is optimized with the Yoast SEO plugin v27.3 - https:\/\/yoast.com\/product\/yoast-seo-wordpress\/ -->\n<title>Gloss\u00e1rio de DRM da Aux Mode<\/title>\n<meta name=\"description\" content=\"Da p\u00e1gina de Gloss\u00e1rio do YouTube, essas defini\u00e7\u00f5es podem ajud\u00e1-lo a entender termos de conte\u00fado de v\u00eddeo online com os quais voc\u00ea ainda n\u00e3o est\u00e1 familiarizado.\" \/>\n<meta name=\"robots\" content=\"index, follow, max-snippet:-1, max-image-preview:large, max-video-preview:-1\" \/>\n<link rel=\"canonical\" href=\"https:\/\/auxmode.com\/pt\/glossario\/\" \/>\n<meta property=\"og:locale\" content=\"pt_PT\" \/>\n<meta property=\"og:type\" content=\"article\" \/>\n<meta property=\"og:title\" content=\"Gloss\u00e1rio de DRM da Aux Mode\" \/>\n<meta property=\"og:description\" content=\"Da p\u00e1gina de Gloss\u00e1rio do YouTube, essas defini\u00e7\u00f5es podem ajud\u00e1-lo a entender termos de conte\u00fado de v\u00eddeo online com os quais voc\u00ea ainda n\u00e3o est\u00e1 familiarizado.\" \/>\n<meta property=\"og:url\" content=\"https:\/\/auxmode.com\/pt\/glossario\/\" \/>\n<meta property=\"og:site_name\" content=\"Aux Mode\" \/>\n<meta property=\"article:modified_time\" content=\"2024-05-04T14:54:23+00:00\" \/>\n<meta name=\"twitter:card\" content=\"summary_large_image\" \/>\n<meta name=\"twitter:label1\" content=\"Tempo estimado de leitura\" \/>\n\t<meta name=\"twitter:data1\" content=\"6 minutos\" \/>\n<script type=\"application\/ld+json\" class=\"yoast-schema-graph\">{\"@context\":\"https:\\\/\\\/schema.org\",\"@graph\":[{\"@type\":\"WebPage\",\"@id\":\"https:\\\/\\\/auxmode.com\\\/pt\\\/glossario\\\/\",\"url\":\"https:\\\/\\\/auxmode.com\\\/pt\\\/glossario\\\/\",\"name\":\"Gloss\u00e1rio de DRM da Aux Mode\",\"isPartOf\":{\"@id\":\"https:\\\/\\\/auxmode.com\\\/#website\"},\"datePublished\":\"2014-04-28T16:14:21+00:00\",\"dateModified\":\"2024-05-04T14:54:23+00:00\",\"description\":\"Da p\u00e1gina de Gloss\u00e1rio do YouTube, essas defini\u00e7\u00f5es podem ajud\u00e1-lo a entender termos de conte\u00fado de v\u00eddeo online com os quais voc\u00ea ainda n\u00e3o est\u00e1 familiarizado.\",\"breadcrumb\":{\"@id\":\"https:\\\/\\\/auxmode.com\\\/pt\\\/glossario\\\/#breadcrumb\"},\"inLanguage\":\"pt-PT\",\"potentialAction\":[{\"@type\":\"ReadAction\",\"target\":[\"https:\\\/\\\/auxmode.com\\\/pt\\\/glossario\\\/\"]}]},{\"@type\":\"BreadcrumbList\",\"@id\":\"https:\\\/\\\/auxmode.com\\\/pt\\\/glossario\\\/#breadcrumb\",\"itemListElement\":[{\"@type\":\"ListItem\",\"position\":1,\"name\":\"Home\",\"item\":\"https:\\\/\\\/auxmode.com\\\/pt\\\/\"},{\"@type\":\"ListItem\",\"position\":2,\"name\":\"Glossary\"}]},{\"@type\":\"WebSite\",\"@id\":\"https:\\\/\\\/auxmode.com\\\/#website\",\"url\":\"https:\\\/\\\/auxmode.com\\\/\",\"name\":\"Aux Mode\",\"description\":\"YouTube content monetization protection and Revenue Reporting Automation.\",\"inLanguage\":\"pt-PT\"}]}<\/script>\n<!-- \/ Yoast SEO plugin. -->","yoast_head_json":{"title":"Gloss\u00e1rio de DRM da Aux Mode","description":"Da p\u00e1gina de Gloss\u00e1rio do YouTube, essas defini\u00e7\u00f5es podem ajud\u00e1-lo a entender termos de conte\u00fado de v\u00eddeo online com os quais voc\u00ea ainda n\u00e3o est\u00e1 familiarizado.","robots":{"index":"index","follow":"follow","max-snippet":"max-snippet:-1","max-image-preview":"max-image-preview:large","max-video-preview":"max-video-preview:-1"},"canonical":"https:\/\/auxmode.com\/pt\/glossario\/","og_locale":"pt_PT","og_type":"article","og_title":"Gloss\u00e1rio de DRM da Aux Mode","og_description":"Da p\u00e1gina de Gloss\u00e1rio do YouTube, essas defini\u00e7\u00f5es podem ajud\u00e1-lo a entender termos de conte\u00fado de v\u00eddeo online com os quais voc\u00ea ainda n\u00e3o est\u00e1 familiarizado.","og_url":"https:\/\/auxmode.com\/pt\/glossario\/","og_site_name":"Aux Mode","article_modified_time":"2024-05-04T14:54:23+00:00","twitter_card":"summary_large_image","twitter_misc":{"Tempo estimado de leitura":"6 minutos"},"schema":{"@context":"https:\/\/schema.org","@graph":[{"@type":"WebPage","@id":"https:\/\/auxmode.com\/pt\/glossario\/","url":"https:\/\/auxmode.com\/pt\/glossario\/","name":"Gloss\u00e1rio de DRM da Aux Mode","isPartOf":{"@id":"https:\/\/auxmode.com\/#website"},"datePublished":"2014-04-28T16:14:21+00:00","dateModified":"2024-05-04T14:54:23+00:00","description":"Da p\u00e1gina de Gloss\u00e1rio do YouTube, essas defini\u00e7\u00f5es podem ajud\u00e1-lo a entender termos de conte\u00fado de v\u00eddeo online com os quais voc\u00ea ainda n\u00e3o est\u00e1 familiarizado.","breadcrumb":{"@id":"https:\/\/auxmode.com\/pt\/glossario\/#breadcrumb"},"inLanguage":"pt-PT","potentialAction":[{"@type":"ReadAction","target":["https:\/\/auxmode.com\/pt\/glossario\/"]}]},{"@type":"BreadcrumbList","@id":"https:\/\/auxmode.com\/pt\/glossario\/#breadcrumb","itemListElement":[{"@type":"ListItem","position":1,"name":"Home","item":"https:\/\/auxmode.com\/pt\/"},{"@type":"ListItem","position":2,"name":"Glossary"}]},{"@type":"WebSite","@id":"https:\/\/auxmode.com\/#website","url":"https:\/\/auxmode.com\/","name":"Aux Mode","description":"YouTube content monetization protection and Revenue Reporting Automation.","inLanguage":"pt-PT"}]}},"_links":{"self":[{"href":"https:\/\/auxmode.com\/pt\/wp-json\/wp\/v2\/pages\/26171","targetHints":{"allow":["GET"]}}],"collection":[{"href":"https:\/\/auxmode.com\/pt\/wp-json\/wp\/v2\/pages"}],"about":[{"href":"https:\/\/auxmode.com\/pt\/wp-json\/wp\/v2\/types\/page"}],"author":[{"embeddable":true,"href":"https:\/\/auxmode.com\/pt\/wp-json\/wp\/v2\/users\/1"}],"replies":[{"embeddable":true,"href":"https:\/\/auxmode.com\/pt\/wp-json\/wp\/v2\/comments?post=26171"}],"version-history":[{"count":4,"href":"https:\/\/auxmode.com\/pt\/wp-json\/wp\/v2\/pages\/26171\/revisions"}],"predecessor-version":[{"id":26372,"href":"https:\/\/auxmode.com\/pt\/wp-json\/wp\/v2\/pages\/26171\/revisions\/26372"}],"wp:attachment":[{"href":"https:\/\/auxmode.com\/pt\/wp-json\/wp\/v2\/media?parent=26171"}],"curies":[{"name":"wp","href":"https:\/\/api.w.org\/{rel}","templated":true}]}}