{"id":26146,"date":"2019-07-12T16:37:16","date_gmt":"2019-07-12T16:37:16","guid":{"rendered":"https:\/\/auxmode.com\/digital-rights-management\/"},"modified":"2024-05-04T15:07:21","modified_gmt":"2024-05-04T15:07:21","slug":"gerenciamento-de-direitos-digitais","status":"publish","type":"page","link":"https:\/\/auxmode.com\/pt\/gerenciamento-de-direitos-digitais\/","title":{"rendered":"Gerenciamento de Direitos Digitais"},"content":{"rendered":"<div id=\"pl-gb26146-69dece4ad6d14\"  class=\"panel-layout\" ><div class=\"container\"><div id=\"pg-gb26146-69dece4ad6d14-0\"  class=\"panel-grid panel-has-style row\" ><div class=\"hero lighter siteorigin-panels-stretch panel-row-style panel-row-style-for-gb26146-69dece4ad6d14-0\" data-stretch-type=\"full\" ><div id=\"pgc-gb26146-69dece4ad6d14-0-0\"  class=\"panel-grid-cell 69dece4ad6d14-5 flip col-md-12\" ><div class=\"hero-left panel-cell-style panel-cell-style-for-gb26146-69dece4ad6d14-0-0\" ><div id=\"panel-gb26146-69dece4ad6d14-0-0-0\" class=\"so-panel widget widget_sow-editor panel-first-child panel-last-child\" data-index=\"0\" ><div class=\"so-widget-sow-editor so-widget-sow-editor-base\">\n<div class=\"siteorigin-widget-tinymce textwidget\">\n\t<h2>O que \u00e9 gerenciamento de direitos digitais?<\/h2>\n<p>O gerenciamento de direitos digitais (DRM) \u00e9 uma abordagem sistem\u00e1tica para prote\u00e7\u00e3o de direitos autorais de m\u00eddia digital.<\/p>\n<p><a class=\"btn btn-primary\" href=\"https:\/\/auxmode.com\/pt\/contato\/\">Saiba mais<\/a><\/p>\n<\/div>\n<\/div><\/div><\/div><\/div><div id=\"pgc-gb26146-69dece4ad6d14-0-1\"  class=\"panel-grid-cell 69dece4ad6d14-5 flip col-md-12\" ><div class=\"hero-right panel-cell-style panel-cell-style-for-gb26146-69dece4ad6d14-0-1\" ><div id=\"panel-gb26146-69dece4ad6d14-0-1-0\" class=\"so-panel widget widget_media_image panel-first-child panel-last-child\" data-index=\"1\" ><div class=\"panel-widget-style panel-widget-style-for-gb26146-69dece4ad6d14-0-1-0\" ><img decoding=\"async\" width=\"357\" height=\"239\" src=\"https:\/\/auxmode.com\/wp-content\/uploads\/2022\/12\/Rights-Management_3.png\" class=\"image wp-image-21735  attachment-357x239 size-357x239\" alt=\"YouTube Digital Rights Management\" style=\"max-width: 100%; height: auto;\" srcset=\"https:\/\/auxmode.com\/wp-content\/uploads\/2022\/12\/Rights-Management_3.png 555w, https:\/\/auxmode.com\/wp-content\/uploads\/2022\/12\/Rights-Management_3-300x201.png 300w, https:\/\/auxmode.com\/wp-content\/uploads\/2022\/12\/Rights-Management_3-272x182.png 272w\" sizes=\"(max-width: 357px) 100vw, 357px\" \/><\/div><\/div><\/div><\/div><\/div><\/div><\/div><div class=\"container\"><div id=\"pg-gb26146-69dece4ad6d14-1\"  class=\"panel-grid panel-has-style row\" ><div class=\"homepage-row panel-row-style panel-row-style-for-gb26146-69dece4ad6d14-1\" ><div id=\"pgc-gb26146-69dece4ad6d14-1-0\"  class=\"panel-grid-cell 69dece4ad6d14-6 flip col-md-12\" ><div id=\"panel-gb26146-69dece4ad6d14-1-0-0\" class=\"so-panel widget widget_sow-image panel-first-child panel-last-child\" data-index=\"2\" ><div class=\"so-widget-sow-image so-widget-sow-image-default-17bc2272b535-26146\">\n\n<div class=\"sow-image-container\">\n\t\t<img decoding=\"async\" src=\"https:\/\/auxmode.com\/wp-content\/uploads\/2022\/06\/Monetize-Your-Content4.png\" width=\"346\" height=\"218\" srcset=\"https:\/\/auxmode.com\/wp-content\/uploads\/2022\/06\/Monetize-Your-Content4.png 455w, https:\/\/auxmode.com\/wp-content\/uploads\/2022\/06\/Monetize-Your-Content4-300x189.png 300w\" sizes=\"(max-width: 346px) 100vw, 346px\" title=\"Monetize Your Content4\" alt=\"Increase Monetization of Your Content\" \t\tclass=\"so-widget-image\"\/>\n\t<\/div>\n\n<\/div><\/div><\/div><div id=\"pgc-gb26146-69dece4ad6d14-1-1\"  class=\"panel-grid-cell 69dece4ad6d14-6 flip col-md-12\" ><div id=\"panel-gb26146-69dece4ad6d14-1-1-0\" class=\"so-panel widget widget_sow-editor panel-first-child panel-last-child\" data-index=\"3\" ><div class=\"so-widget-sow-editor so-widget-sow-editor-base\">\n<div class=\"siteorigin-widget-tinymce textwidget\">\n\t<h3 class=\"title\">Como a Aux Mode pode ajudar<\/h3>\n<p>A demanda por novo conte\u00fado nas plataformas de streaming nunca foi t\u00e3o grande e est\u00e1 crescendo a cada dia. Se seus ativos digitais estiverem guardados, eles ficar\u00e3o esquecidos e n\u00e3o utilizados. \u00c9 por isso que voc\u00ea precisa de uma solu\u00e7\u00e3o que leve o gerenciamento de ativos digitais a um novo patamar.<\/p>\n<p>Os propriet\u00e1rios de direitos autorais podem usar um sistema chamado Content ID para identificar e gerenciar facilmente seu conte\u00fado no YouTube. Os v\u00eddeos enviados ao YouTube s\u00e3o escaneados em busca de correspond\u00eancias em um banco de dados de arquivos enviados por propriet\u00e1rios de conte\u00fado.<\/p>\n<p>A Aux Mode s\u00e3o especialistas em YouTube que se especializam em proteger, relatar e gerenciar seus ativos digitais, direitos de \u00e1udio e v\u00eddeo por meio de permiss\u00f5es territoriais.<\/p>\n<\/div>\n<\/div><\/div><\/div><\/div><\/div><\/div><div class=\"container\"><div id=\"pg-gb26146-69dece4ad6d14-2\"  class=\"panel-grid panel-has-style row\" ><div class=\"homepage-row colored siteorigin-panels-stretch panel-row-style panel-row-style-for-gb26146-69dece4ad6d14-2\" data-stretch-type=\"full\" ><div id=\"pgc-gb26146-69dece4ad6d14-2-0\"  class=\"panel-grid-cell 69dece4ad6d14-7 flip col-md-12\" ><div id=\"panel-gb26146-69dece4ad6d14-2-0-0\" class=\"so-panel widget widget_sow-editor panel-first-child\" data-index=\"4\" ><div class=\"panel-widget-style panel-widget-style-for-gb26146-69dece4ad6d14-2-0-0\" ><div class=\"so-widget-sow-editor so-widget-sow-editor-base\">\n<div class=\"siteorigin-widget-tinymce textwidget\">\n\t<h3 class=\"title\">O que \u00e9 o Content ID<\/h3>\n<p>Os propriet\u00e1rios de direitos autorais podem usar um sistema chamado Content ID para identificar e gerenciar facilmente seu conte\u00fado no YouTube. Os v\u00eddeos enviados ao YouTube s\u00e3o escaneados em busca de correspond\u00eancias em um banco de dados de arquivos enviados por propriet\u00e1rios de conte\u00fado.<\/p>\n<p>Quando uma correspond\u00eancia \u00e9 encontrada, o v\u00eddeo recebe uma reivindica\u00e7\u00e3o de Content ID.<\/p>\n<\/div>\n<\/div><\/div><\/div><div id=\"panel-gb26146-69dece4ad6d14-2-0-1\" class=\"so-panel widget widget_media_image panel-last-child\" data-index=\"5\" ><img decoding=\"async\" width=\"967\" height=\"492\" src=\"https:\/\/auxmode.com\/wp-content\/uploads\/2020\/08\/ContentID-e1565136359215.png\" class=\"image wp-image-13908  attachment-full size-full\" alt=\"\" style=\"max-width: 100%; height: auto;\" srcset=\"https:\/\/auxmode.com\/wp-content\/uploads\/2020\/08\/ContentID-e1565136359215.png 967w, https:\/\/auxmode.com\/wp-content\/uploads\/2020\/08\/ContentID-e1565136359215-300x153.png 300w, https:\/\/auxmode.com\/wp-content\/uploads\/2020\/08\/ContentID-e1565136359215-768x391.png 768w\" sizes=\"(max-width: 967px) 100vw, 967px\" \/><\/div><\/div><\/div><\/div><\/div><\/div>","protected":false},"excerpt":{"rendered":"<p>O que \u00e9 gerenciamento de direitos digitais? <\/p>\n<p>O gerenciamento de direitos digitais (DRM) \u00e9 uma abordagem sistem\u00e1tica para prote\u00e7\u00e3o de direitos autorais de m\u00eddia digital.<\/p>\n<p>Saiba mais<\/p>\n<p> Como a Aux Mode pode ajudar <\/p>\n<p>A demanda por novo conte\u00fado nas plataformas de streaming nunca foi t\u00e3o grande e est\u00e1 crescendo a cada dia. Se seus ativos &hellip; <\/p>\n<p><a class=\"more-link btn\" href=\"https:\/\/auxmode.com\/pt\/gerenciamento-de-direitos-digitais\/\">Continue a ler<\/a><\/p>\n","protected":false},"author":1,"featured_media":0,"parent":0,"menu_order":0,"comment_status":"closed","ping_status":"closed","template":"","meta":{"_acf_changed":false,"amp_status":"","footnotes":""},"class_list":["post-26146","page","type-page","status-publish","hentry","nodate","item-wrap"],"acf":[],"yoast_head":"<!-- This site is optimized with the Yoast SEO plugin v27.3 - https:\/\/yoast.com\/product\/yoast-seo-wordpress\/ -->\n<title>Software de Gerenciamento de Direitos Digitais e Relat\u00f3rios de Receita da Aux Mode<\/title>\n<meta name=\"description\" content=\"A Aux Mode pode ajud\u00e1-lo a desenvolver e gerenciar sua estrat\u00e9gia de Gerenciamento de Direitos Digitais (DRM) para proteger seus ativos digitais. Saiba mais sobre nossos servi\u00e7os de DRM.\" \/>\n<meta name=\"robots\" content=\"index, follow, max-snippet:-1, max-image-preview:large, max-video-preview:-1\" \/>\n<link rel=\"canonical\" href=\"https:\/\/auxmode.com\/pt\/gerenciamento-de-direitos-digitais\/\" \/>\n<meta property=\"og:locale\" content=\"pt_PT\" \/>\n<meta property=\"og:type\" content=\"article\" \/>\n<meta property=\"og:title\" content=\"Software de Gerenciamento de Direitos Digitais e Relat\u00f3rios de Receita da Aux Mode\" \/>\n<meta property=\"og:description\" content=\"A Aux Mode pode ajud\u00e1-lo a desenvolver e gerenciar sua estrat\u00e9gia de Gerenciamento de Direitos Digitais (DRM) para proteger seus ativos digitais. Saiba mais sobre nossos servi\u00e7os de DRM.\" \/>\n<meta property=\"og:url\" content=\"https:\/\/auxmode.com\/pt\/gerenciamento-de-direitos-digitais\/\" \/>\n<meta property=\"og:site_name\" content=\"Aux Mode\" \/>\n<meta property=\"article:modified_time\" content=\"2024-05-04T15:07:21+00:00\" \/>\n<meta property=\"og:image\" content=\"https:\/\/auxmode.com\/wp-content\/uploads\/2022\/12\/Rights-Management_3.png\" \/>\n<meta name=\"twitter:card\" content=\"summary_large_image\" \/>\n<meta name=\"twitter:label1\" content=\"Tempo estimado de leitura\" \/>\n\t<meta name=\"twitter:data1\" content=\"2 minutos\" \/>\n<script type=\"application\/ld+json\" class=\"yoast-schema-graph\">{\"@context\":\"https:\\\/\\\/schema.org\",\"@graph\":[{\"@type\":\"WebPage\",\"@id\":\"https:\\\/\\\/auxmode.com\\\/pt\\\/gerenciamento-de-direitos-digitais\\\/\",\"url\":\"https:\\\/\\\/auxmode.com\\\/pt\\\/gerenciamento-de-direitos-digitais\\\/\",\"name\":\"Software de Gerenciamento de Direitos Digitais e Relat\u00f3rios de Receita da Aux Mode\",\"isPartOf\":{\"@id\":\"https:\\\/\\\/auxmode.com\\\/#website\"},\"primaryImageOfPage\":{\"@id\":\"https:\\\/\\\/auxmode.com\\\/pt\\\/gerenciamento-de-direitos-digitais\\\/#primaryimage\"},\"image\":{\"@id\":\"https:\\\/\\\/auxmode.com\\\/pt\\\/gerenciamento-de-direitos-digitais\\\/#primaryimage\"},\"thumbnailUrl\":\"https:\\\/\\\/auxmode.com\\\/wp-content\\\/uploads\\\/2022\\\/12\\\/Rights-Management_3.png\",\"datePublished\":\"2019-07-12T16:37:16+00:00\",\"dateModified\":\"2024-05-04T15:07:21+00:00\",\"description\":\"A Aux Mode pode ajud\u00e1-lo a desenvolver e gerenciar sua estrat\u00e9gia de Gerenciamento de Direitos Digitais (DRM) para proteger seus ativos digitais. Saiba mais sobre nossos servi\u00e7os de DRM.\",\"breadcrumb\":{\"@id\":\"https:\\\/\\\/auxmode.com\\\/pt\\\/gerenciamento-de-direitos-digitais\\\/#breadcrumb\"},\"inLanguage\":\"pt-PT\",\"potentialAction\":[{\"@type\":\"ReadAction\",\"target\":[\"https:\\\/\\\/auxmode.com\\\/pt\\\/gerenciamento-de-direitos-digitais\\\/\"]}]},{\"@type\":\"ImageObject\",\"inLanguage\":\"pt-PT\",\"@id\":\"https:\\\/\\\/auxmode.com\\\/pt\\\/gerenciamento-de-direitos-digitais\\\/#primaryimage\",\"url\":\"https:\\\/\\\/auxmode.com\\\/wp-content\\\/uploads\\\/2022\\\/12\\\/Rights-Management_3.png\",\"contentUrl\":\"https:\\\/\\\/auxmode.com\\\/wp-content\\\/uploads\\\/2022\\\/12\\\/Rights-Management_3.png\"},{\"@type\":\"BreadcrumbList\",\"@id\":\"https:\\\/\\\/auxmode.com\\\/pt\\\/gerenciamento-de-direitos-digitais\\\/#breadcrumb\",\"itemListElement\":[{\"@type\":\"ListItem\",\"position\":1,\"name\":\"Home\",\"item\":\"https:\\\/\\\/auxmode.com\\\/pt\\\/\"},{\"@type\":\"ListItem\",\"position\":2,\"name\":\"Gerenciamento de Direitos Digitais\"}]},{\"@type\":\"WebSite\",\"@id\":\"https:\\\/\\\/auxmode.com\\\/#website\",\"url\":\"https:\\\/\\\/auxmode.com\\\/\",\"name\":\"Aux Mode\",\"description\":\"YouTube content monetization protection and Revenue Reporting Automation.\",\"inLanguage\":\"pt-PT\"}]}<\/script>\n<!-- \/ Yoast SEO plugin. -->","yoast_head_json":{"title":"Software de Gerenciamento de Direitos Digitais e Relat\u00f3rios de Receita da Aux Mode","description":"A Aux Mode pode ajud\u00e1-lo a desenvolver e gerenciar sua estrat\u00e9gia de Gerenciamento de Direitos Digitais (DRM) para proteger seus ativos digitais. Saiba mais sobre nossos servi\u00e7os de DRM.","robots":{"index":"index","follow":"follow","max-snippet":"max-snippet:-1","max-image-preview":"max-image-preview:large","max-video-preview":"max-video-preview:-1"},"canonical":"https:\/\/auxmode.com\/pt\/gerenciamento-de-direitos-digitais\/","og_locale":"pt_PT","og_type":"article","og_title":"Software de Gerenciamento de Direitos Digitais e Relat\u00f3rios de Receita da Aux Mode","og_description":"A Aux Mode pode ajud\u00e1-lo a desenvolver e gerenciar sua estrat\u00e9gia de Gerenciamento de Direitos Digitais (DRM) para proteger seus ativos digitais. Saiba mais sobre nossos servi\u00e7os de DRM.","og_url":"https:\/\/auxmode.com\/pt\/gerenciamento-de-direitos-digitais\/","og_site_name":"Aux Mode","article_modified_time":"2024-05-04T15:07:21+00:00","og_image":[{"url":"https:\/\/auxmode.com\/wp-content\/uploads\/2022\/12\/Rights-Management_3.png","type":"","width":"","height":""}],"twitter_card":"summary_large_image","twitter_misc":{"Tempo estimado de leitura":"2 minutos"},"schema":{"@context":"https:\/\/schema.org","@graph":[{"@type":"WebPage","@id":"https:\/\/auxmode.com\/pt\/gerenciamento-de-direitos-digitais\/","url":"https:\/\/auxmode.com\/pt\/gerenciamento-de-direitos-digitais\/","name":"Software de Gerenciamento de Direitos Digitais e Relat\u00f3rios de Receita da Aux Mode","isPartOf":{"@id":"https:\/\/auxmode.com\/#website"},"primaryImageOfPage":{"@id":"https:\/\/auxmode.com\/pt\/gerenciamento-de-direitos-digitais\/#primaryimage"},"image":{"@id":"https:\/\/auxmode.com\/pt\/gerenciamento-de-direitos-digitais\/#primaryimage"},"thumbnailUrl":"https:\/\/auxmode.com\/wp-content\/uploads\/2022\/12\/Rights-Management_3.png","datePublished":"2019-07-12T16:37:16+00:00","dateModified":"2024-05-04T15:07:21+00:00","description":"A Aux Mode pode ajud\u00e1-lo a desenvolver e gerenciar sua estrat\u00e9gia de Gerenciamento de Direitos Digitais (DRM) para proteger seus ativos digitais. Saiba mais sobre nossos servi\u00e7os de DRM.","breadcrumb":{"@id":"https:\/\/auxmode.com\/pt\/gerenciamento-de-direitos-digitais\/#breadcrumb"},"inLanguage":"pt-PT","potentialAction":[{"@type":"ReadAction","target":["https:\/\/auxmode.com\/pt\/gerenciamento-de-direitos-digitais\/"]}]},{"@type":"ImageObject","inLanguage":"pt-PT","@id":"https:\/\/auxmode.com\/pt\/gerenciamento-de-direitos-digitais\/#primaryimage","url":"https:\/\/auxmode.com\/wp-content\/uploads\/2022\/12\/Rights-Management_3.png","contentUrl":"https:\/\/auxmode.com\/wp-content\/uploads\/2022\/12\/Rights-Management_3.png"},{"@type":"BreadcrumbList","@id":"https:\/\/auxmode.com\/pt\/gerenciamento-de-direitos-digitais\/#breadcrumb","itemListElement":[{"@type":"ListItem","position":1,"name":"Home","item":"https:\/\/auxmode.com\/pt\/"},{"@type":"ListItem","position":2,"name":"Gerenciamento de Direitos Digitais"}]},{"@type":"WebSite","@id":"https:\/\/auxmode.com\/#website","url":"https:\/\/auxmode.com\/","name":"Aux Mode","description":"YouTube content monetization protection and Revenue Reporting Automation.","inLanguage":"pt-PT"}]}},"_links":{"self":[{"href":"https:\/\/auxmode.com\/pt\/wp-json\/wp\/v2\/pages\/26146","targetHints":{"allow":["GET"]}}],"collection":[{"href":"https:\/\/auxmode.com\/pt\/wp-json\/wp\/v2\/pages"}],"about":[{"href":"https:\/\/auxmode.com\/pt\/wp-json\/wp\/v2\/types\/page"}],"author":[{"embeddable":true,"href":"https:\/\/auxmode.com\/pt\/wp-json\/wp\/v2\/users\/1"}],"replies":[{"embeddable":true,"href":"https:\/\/auxmode.com\/pt\/wp-json\/wp\/v2\/comments?post=26146"}],"version-history":[{"count":1,"href":"https:\/\/auxmode.com\/pt\/wp-json\/wp\/v2\/pages\/26146\/revisions"}],"predecessor-version":[{"id":26150,"href":"https:\/\/auxmode.com\/pt\/wp-json\/wp\/v2\/pages\/26146\/revisions\/26150"}],"wp:attachment":[{"href":"https:\/\/auxmode.com\/pt\/wp-json\/wp\/v2\/media?parent=26146"}],"curies":[{"name":"wp","href":"https:\/\/api.w.org\/{rel}","templated":true}]}}