{"id":26110,"date":"2022-04-20T14:33:01","date_gmt":"2022-04-20T14:33:01","guid":{"rendered":"https:\/\/auxmode.com\/youtube-automated-cms-report-back-ups\/"},"modified":"2024-05-02T14:41:11","modified_gmt":"2024-05-02T14:41:11","slug":"backup-automatico-de-relatorios-do-cms-do-youtube","status":"publish","type":"page","link":"https:\/\/auxmode.com\/pt\/produtos\/backup-automatico-de-relatorios-do-cms-do-youtube\/","title":{"rendered":"Backup Autom\u00e1tico de Relat\u00f3rios do CMS do YouTube"},"content":{"rendered":"<div id=\"pl-gb26110-69e6185052a72\"  class=\"panel-layout\" ><div class=\"container\"><div id=\"pg-gb26110-69e6185052a72-0\"  class=\"panel-grid panel-has-style row\" ><div class=\"hero lighter siteorigin-panels-stretch panel-row-style panel-row-style-for-gb26110-69e6185052a72-0\" data-stretch-type=\"full\" ><div id=\"pgc-gb26110-69e6185052a72-0-0\"  class=\"panel-grid-cell 69e6185052a72-6 flip col-md-12\" ><div class=\"hero-left panel-cell-style panel-cell-style-for-gb26110-69e6185052a72-0-0\" ><div id=\"panel-gb26110-69e6185052a72-0-0-0\" class=\"so-panel widget widget_sow-editor panel-first-child panel-last-child\" data-index=\"0\" ><div class=\"so-widget-sow-editor so-widget-sow-editor-base\">\n<div class=\"siteorigin-widget-tinymce textwidget\">\n\t<h1>Backup Autom\u00e1tico de Relat\u00f3rios do CMS do YouTube<\/h1>\n<p>O downloader automatizado de relat\u00f3rios do YouTube permite uma r\u00e1pida recupera\u00e7\u00e3o de todos os relat\u00f3rios do CMS e recupera\u00e7\u00e3o de Pol\u00edticas de V\u00eddeo.<\/p>\n<\/div>\n<\/div><\/div><\/div><\/div><div id=\"pgc-gb26110-69e6185052a72-0-1\"  class=\"panel-grid-cell 69e6185052a72-6 flip col-md-12\" ><div class=\"hero-right panel-cell-style panel-cell-style-for-gb26110-69e6185052a72-0-1\" ><div id=\"panel-gb26110-69e6185052a72-0-1-0\" class=\"so-panel widget widget_media_image panel-first-child panel-last-child\" data-index=\"1\" ><div class=\"panel-widget-style panel-widget-style-for-gb26110-69e6185052a72-0-1-0\" ><img decoding=\"async\" width=\"1000\" height=\"607\" src=\"https:\/\/auxmode.com\/wp-content\/uploads\/2022\/04\/YouTube-Automated-CMS-Report-Back-Ups-_Top.png\" class=\"image wp-image-17250  attachment-full size-full\" alt=\"YouTube Automation\" style=\"max-width: 100%; height: auto;\" srcset=\"https:\/\/auxmode.com\/wp-content\/uploads\/2022\/04\/YouTube-Automated-CMS-Report-Back-Ups-_Top.png 1000w, https:\/\/auxmode.com\/wp-content\/uploads\/2022\/04\/YouTube-Automated-CMS-Report-Back-Ups-_Top-300x182.png 300w, https:\/\/auxmode.com\/wp-content\/uploads\/2022\/04\/YouTube-Automated-CMS-Report-Back-Ups-_Top-768x466.png 768w\" sizes=\"(max-width: 1000px) 100vw, 1000px\" \/><\/div><\/div><\/div><\/div><\/div><\/div><\/div><div class=\"container\"><div id=\"pg-gb26110-69e6185052a72-1\"  class=\"panel-grid panel-has-style row\" ><div class=\"panel-usp panel-row-style panel-row-style-for-gb26110-69e6185052a72-1\" ><div id=\"pgc-gb26110-69e6185052a72-1-0\"  class=\"panel-grid-cell 69e6185052a72-7 flip col-md-12\" ><div id=\"panel-gb26110-69e6185052a72-1-0-0\" class=\"so-panel widget widget_sow-image panel-first-child panel-last-child\" data-index=\"2\" ><div class=\"so-widget-sow-image so-widget-sow-image-default-d6014b76747a-26110\">\n\n<div class=\"sow-image-container\">\n\t\t<img decoding=\"async\" src=\"https:\/\/auxmode.com\/wp-content\/uploads\/2022\/04\/YouTube-CMS-Report-Back-Ups-Provides_2.png\" width=\"769\" height=\"476\" srcset=\"https:\/\/auxmode.com\/wp-content\/uploads\/2022\/04\/YouTube-CMS-Report-Back-Ups-Provides_2.png 769w, https:\/\/auxmode.com\/wp-content\/uploads\/2022\/04\/YouTube-CMS-Report-Back-Ups-Provides_2-300x186.png 300w\" sizes=\"(max-width: 769px) 100vw, 769px\" title=\"YouTube CMS Report Back Ups Provides_2\" alt=\"Cloud Back Ups\" \t\tclass=\"so-widget-image\"\/>\n\t<\/div>\n\n<\/div><\/div><\/div><div id=\"pgc-gb26110-69e6185052a72-1-1\"  class=\"panel-grid-cell 69e6185052a72-7 flip col-md-12\" ><div id=\"panel-gb26110-69e6185052a72-1-1-0\" class=\"widget_text so-panel widget widget_custom_html panel-first-child panel-last-child\" data-index=\"3\" ><div class=\"textwidget custom-html-widget\"><h3>O Backup de Relat\u00f3rios do CMS do YouTube Oferece<\/h3>\n\t\t\t\t<ul class=\"usp-list\">\n\t\t\t\t\t\t\t<li class=\"usp-item\">\n\t\t\t<div class=\"icon\"><i class=\"fa fa-check\"><\/i><\/div>\n\t\t\t<div class=\"usp-content\">\n\t\t\t\t<h4>Backup Automatizado<\/h4>\n\t\t\t\t<p>Significa que n\u00e3o depende de interven\u00e7\u00e3o humana. Os relat\u00f3rios baix\u00e1veis do YouTube s\u00e3o armazenados apenas por 90 dias pelo YouTube.<\/p>\n\t\t\t<\/div>\n\t\t<\/li>\n\t\t\t\t\t\t\t<li class=\"usp-item\">\n\t\t\t<div class=\"icon\"><i class=\"fa fa-check\"><\/i><\/div>\n\t\t\t<div class=\"usp-content\">\n\t\t\t\t<h4>Relat\u00f3rios Fiscais e Auditorias<\/h4>\n\t\t\t\t<p>Importante para empresas salvar dados financeiros e cont\u00e1beis para fins de relat\u00f3rios fiscais.<\/p>\n\t\t\t<\/div>\n\t\t<\/li>\n\t\t\t\t\t\t\t<li class=\"usp-item\">\n\t\t\t<div class=\"icon\"><i class=\"fa fa-check\"><\/i><\/div>\n\t\t\t<div class=\"usp-content\">\n\t\t\t\t<h4>Sem Perda de Tempo<\/h4>\n\t\t\t\t<p>O backup de dados reduz o &#8220;tempo perdido&#8221; ao evitar repeti\u00e7\u00f5es. Assim, os funcion\u00e1rios n\u00e3o precisam reescrever relat\u00f3rios.<\/p>\n\t\t\t<\/div>\n\t\t<\/li>\n\t\t\t\t\t\t\t<li class=\"usp-item\">\n\t\t\t<div class=\"icon\"><i class=\"fa fa-check\"><\/i><\/div>\n\t\t\t<div class=\"usp-content\">\n\t\t\t\t<h4>Backup em Nuvem<\/h4>\n\t\t\t\t<p>O armazenamento em nuvem significa que seus dados est\u00e3o fisicamente separados de sua localiza\u00e7\u00e3o.<\/p>\n\t\t\t<\/div>\n\t\t<\/li>\n\t\t<li class=\"usp-item\">\n\t\t\t<div class=\"icon\"><i class=\"fa fa-check\"><\/i><\/div>\n\t\t\t<div class=\"usp-content\">\n\t\t\t\t<h4>Plano de Recupera\u00e7\u00e3o<\/h4>\n\t\t\t\t<p>Garanta que o backup de todos os seus dados do YouTube esteja sendo feito e que seus procedimentos de restaura\u00e7\u00e3o de dados funcionem.<\/p>\n\t\t\t<\/div>\n\t\t<\/li>\n\t\t\t\t\t<\/ul>\n\n<p><a class=\"btn\" href=\"http:\/\/auxmode.com\/pt\/contato\/\">Saiba mais<\/a><\/p><\/div><\/div><\/div><\/div><\/div><\/div><div class=\"container\"><div id=\"pg-gb26110-69e6185052a72-2\"  class=\"panel-grid panel-has-style row\" ><div class=\"homepage-row colored siteorigin-panels-stretch panel-row-style panel-row-style-for-gb26110-69e6185052a72-2\" data-stretch-type=\"full\" ><div id=\"pgc-gb26110-69e6185052a72-2-0\"  class=\"panel-grid-cell 69e6185052a72-8 flip col-md-12\" ><div id=\"panel-gb26110-69e6185052a72-2-0-0\" class=\"so-panel widget widget_sow-editor panel-first-child\" data-index=\"4\" ><div class=\"so-widget-sow-editor so-widget-sow-editor-base\">\n<div class=\"siteorigin-widget-tinymce textwidget\">\n\t<h3 class=\"title col-md-12 text-center\">Benef\u00edcios<\/h3>\n<\/div>\n<\/div><\/div><div id=\"panel-gb26110-69e6185052a72-2-0-1\" class=\"widget_text so-panel widget widget_custom_html panel-last-child\" data-index=\"5\" ><div class=\"textwidget custom-html-widget\"><div class=\"row homepage-boxes style-2\">\n\t<div class=\"box col-md-4\">\n\t\t<p class=\"box-icon\">\n\t\t\t<img decoding=\"async\" src=\"http:\/\/auxmode.com\/wp-content\/themes\/auxmode\/images\/icons\/lock.png\" alt=\"\" width=\"50\" height=\"50\" \/>\n\t\t<\/p>\n\t\t<div class=\"box-wrap\">\n\t\t\t<h4 class=\"box-title\">Preven\u00e7\u00e3o de Perda de Dados<\/h4>\n\t\t\t<div class=\"box-desc\">\n\t\t\t\t<p>O objetivo do backup \u00e9 criar uma c\u00f3pia dos dados que podem ser recuperados em caso de falha nos dados prim\u00e1rios.<\/p>\n\t\t\t\t<p>O YouTube armazena backups de Relat\u00f3rios do CMS por apenas 90 dias. Todos os relat\u00f3rios dispon\u00edveis para voc\u00ea ser\u00e3o salvos, incluindo relat\u00f3rios de ajuste.\n<\/p>\n\t\t\t<\/div>\n\t\t<\/div>\n\t<\/div>\n\n\t<div class=\"box col-md-4\">\n\t\t<p class=\"box-icon\">\n\t\t\t<img decoding=\"async\" src=\"http:\/\/auxmode.com\/wp-content\/themes\/auxmode\/images\/icons\/payment_50x50.png\" alt=\"\" width=\"50\" height=\"50\" \/>\n\t\t<\/p>\n\t\t<div class=\"box-wrap\">\n\t\t\t<h4 class=\"box-title\">Contabilidade<\/h4>\n\t\t\t<div class=\"box-desc\">\n\t\t\t\t<p>Relat\u00f3rios Fiscais e Auditorias As autoridades fiscais s\u00e3o conhecidas por auditorias. As leis diferem entre os pa\u00edses, mas \u00e9 importante para as empresas salvar dados financeiros e cont\u00e1beis para fins de relat\u00f3rios fiscais.<\/p>\n\t\t\t\t<p>Com o backup de dados, as empresas podem se sair bem durante auditorias.<\/p>\n\t\t\t<\/div>\n\t\t<\/div>\n\t<\/div>\n\n\t<div class=\"box col-md-4\">\n\t\t<p class=\"box-icon\">\n\t\t\t<img decoding=\"async\" src=\"http:\/\/auxmode.com\/wp-content\/themes\/auxmode\/images\/icons\/brush.png\" alt=\"\" width=\"50\" height=\"50\" \/>\n\t\t<\/p>\n\t\t<div class=\"box-wrap\">\n\t\t\t<h4 class=\"box-title\">Produtividade<\/h4>\n\t\t\t<div class=\"box-desc\">\n\t\t\t\t<p>Produtividade Melhorada Com os arquivos j\u00e1 salvos, as empresas melhoram a produtividade ao reduzir o tempo perdido.<\/p>\n\t\t\t\t<p>Os arquivos arquivados permitem estudos comparativos do passado e do presente para elaborar um plano mais eficaz.<\/p>\n\t\t\t<\/div>\n\t\t<\/div>\n\t<\/div>\n<\/div><\/div><\/div><\/div><\/div><\/div><\/div><div class=\"container\"><div id=\"pg-gb26110-69e6185052a72-3\"  class=\"panel-grid panel-has-style row\" ><div class=\"homepage-row panel-row-style panel-row-style-for-gb26110-69e6185052a72-3\" ><div id=\"pgc-gb26110-69e6185052a72-3-0\"  class=\"panel-grid-cell 69e6185052a72-9 flip col-md-12\" ><div id=\"panel-gb26110-69e6185052a72-3-0-0\" class=\"so-panel widget widget_sow-editor panel-first-child\" data-index=\"6\" ><div class=\"so-widget-sow-editor so-widget-sow-editor-base\">\n<div class=\"siteorigin-widget-tinymce textwidget\">\n\t<h3 class=\"title\">D\u00ea a si mesmo tranquilidade sabendo que seus dados podem ser restaurados no caso de crime cibern\u00e9tico, falhas no sistema ou desastres ocorrerem, h\u00e1 um backup pronto para ser usado para reiniciar o arquivo de uma empresa.<\/h3>\n<\/div>\n<\/div><\/div><div id=\"panel-gb26110-69e6185052a72-3-0-1\" class=\"widget_text so-panel widget widget_custom_html panel-last-child\" data-index=\"7\" ><div class=\"textwidget custom-html-widget\"><div class=\"row homepage-boxes style-3\">\n\t<div class=\"box col-md-3\">\n\t\t<div class=\"box-wrap\">\n\t\t\t<p class=\"box-icon\">\n\t\t\t\t<img decoding=\"async\" src=\"http:\/\/auxmode.com\/wp-content\/themes\/auxmode\/images\/icons\/handshake.png\" alt=\"\" width=\"50\" height=\"50\" \/>\n\t\t\t<\/p>\n\t\t\t<h4 class=\"box-title\">Relacionamento com o Cliente<\/h4>\n\t\t\t<div class=\"box-desc\">\n\t\t\t\t<p>As informa\u00e7\u00f5es salvas melhoram a gest\u00e3o do relacionamento com o cliente, o que leva a um aumento nas vendas e marketing. Al\u00e9m disso, as informa\u00e7\u00f5es salvas sobre o cliente constroem confian\u00e7a e valor para uma empresa.<\/p>\n\t\t\t<\/div>\n\t\t<\/div>\n\t<\/div>\n\n\t<div class=\"box col-md-3\">\n\t\t<div class=\"box-wrap\">\n\t\t\t<p class=\"box-icon\">\n\t\t\t\t<img decoding=\"async\" src=\"http:\/\/auxmode.com\/wp-content\/themes\/auxmode\/images\/icons\/lock.png\" alt=\"\" width=\"50\" height=\"50\" \/>\n\t\t\t<\/p>\n\t\t\t<h4 class=\"box-title\">Arquivamento<\/h4>\n\t\t\t<div class=\"box-desc\">\n\t\t\t\t<p>As informa\u00e7\u00f5es salvas facilitam o desenvolvimento de arquivos. Com informa\u00e7\u00f5es digitais, a hist\u00f3ria da empresa est\u00e1 em andamento.<\/p>\n\t\t\t<\/div>\n\t\t<\/div>\n\t<\/div>\n\n\t<div class=\"box col-md-3\">\n\t\t<div class=\"box-wrap\">\n\t\t\t<p class=\"box-icon\">\n\t\t\t\t<img decoding=\"async\" src=\"http:\/\/auxmode.com\/wp-content\/themes\/auxmode\/images\/icons\/Analytics_50x50.png\" alt=\"\" width=\"50\" height=\"50\" \/>\n\t\t\t<\/p>\n\t\t\t<h4 class=\"box-title\">Competitivo<\/h4>\n\t\t\t<div class=\"box-desc\">\n\t\t\t\t<p>Os dados da empresa podem ser uma vantagem competitiva porque existem muitos neg\u00f3cios que falham em fazer backup de informa\u00e7\u00f5es importantes.<\/p>\n\t\t\t<\/div>\n\t\t<\/div>\n\t<\/div>\n\n\t<div class=\"box col-md-3\">\n\t\t<div class=\"box-wrap\">\n\t\t\t<p class=\"box-icon\">\n\t\t\t\t<img decoding=\"async\" src=\"http:\/\/auxmode.com\/wp-content\/themes\/auxmode\/images\/icons\/speed.png\" alt=\"\" width=\"50\" height=\"50\" \/>\n\t\t\t<\/p>\n\t\t\t<h4 class=\"box-title\">Tempo<\/h4>\n\t\t\t<div class=\"box-desc\">\n\t\t\t\t<p>O backup de dados reduz o &#8220;tempo perdido&#8221; ao evitar repeti\u00e7\u00f5es. Assim, os funcion\u00e1rios n\u00e3o precisam reescrever relat\u00f3rios<\/p>\n\t\t\t<\/div>\n\t\t<\/div>\n\t<\/div>\n<\/div><\/div><\/div><\/div><\/div><\/div><\/div><\/div>","protected":false},"excerpt":{"rendered":"<p>Backup Autom\u00e1tico de Relat\u00f3rios do CMS do YouTube <\/p>\n<p>O downloader automatizado de relat\u00f3rios do YouTube permite uma r\u00e1pida recupera\u00e7\u00e3o de todos os relat\u00f3rios do CMS e recupera\u00e7\u00e3o de Pol\u00edticas de V\u00eddeo.<\/p>\n<p> O Backup de Relat\u00f3rios do CMS do YouTube Oferece <\/p>\n<ul class=\"usp-list\">\n<li class=\"usp-item\"> Backup Automatizado\n<p>Significa que n\u00e3o depende de interven\u00e7\u00e3o humana. Os relat\u00f3rios &hellip; <\/p>\n<p><a class=\"more-link btn\" href=\"https:\/\/auxmode.com\/pt\/produtos\/backup-automatico-de-relatorios-do-cms-do-youtube\/\">Continue a ler<\/a><\/p>\n<\/li>\n<\/ul>\n","protected":false},"author":1,"featured_media":0,"parent":26116,"menu_order":0,"comment_status":"closed","ping_status":"closed","template":"","meta":{"_acf_changed":false,"amp_status":"","footnotes":""},"class_list":["post-26110","page","type-page","status-publish","hentry","nodate","item-wrap"],"acf":[],"yoast_head":"<!-- This site is optimized with the Yoast SEO plugin v27.4 - https:\/\/yoast.com\/product\/yoast-seo-wordpress\/ -->\n<title>Backup Autom\u00e1tico de Relat\u00f3rios do CMS do YouTube - Aux Mode<\/title>\n<meta name=\"robots\" content=\"index, follow, max-snippet:-1, max-image-preview:large, max-video-preview:-1\" \/>\n<link rel=\"canonical\" href=\"https:\/\/auxmode.com\/pt\/backup-automatico-de-relatorios-do-cms-do-youtube\/\" \/>\n<meta property=\"og:locale\" content=\"pt_PT\" \/>\n<meta property=\"og:type\" content=\"article\" \/>\n<meta property=\"og:title\" content=\"Backup Autom\u00e1tico de Relat\u00f3rios do CMS do YouTube - Aux Mode\" \/>\n<meta property=\"og:description\" content=\"Backup Autom\u00e1tico de Relat\u00f3rios do CMS do YouTube O downloader automatizado de relat\u00f3rios do YouTube permite uma r\u00e1pida recupera\u00e7\u00e3o de todos os relat\u00f3rios do CMS e recupera\u00e7\u00e3o de Pol\u00edticas de V\u00eddeo. O Backup de Relat\u00f3rios do CMS do YouTube Oferece  Backup Automatizado Significa que n\u00e3o depende de interven\u00e7\u00e3o humana. Os relat\u00f3rios &hellip; Continue a ler\" \/>\n<meta property=\"og:url\" content=\"https:\/\/auxmode.com\/pt\/backup-automatico-de-relatorios-do-cms-do-youtube\/\" \/>\n<meta property=\"og:site_name\" content=\"Aux Mode\" \/>\n<meta property=\"article:modified_time\" content=\"2024-05-02T14:41:11+00:00\" \/>\n<meta property=\"og:image\" content=\"https:\/\/auxmode.com\/wp-content\/uploads\/2022\/04\/YouTube-Automated-CMS-Report-Back-Ups-_Top.png\" \/>\n<meta name=\"twitter:card\" content=\"summary_large_image\" \/>\n<meta name=\"twitter:label1\" content=\"Tempo estimado de leitura\" \/>\n\t<meta name=\"twitter:data1\" content=\"4 minutos\" \/>\n<script type=\"application\/ld+json\" class=\"yoast-schema-graph\">{\"@context\":\"https:\\\/\\\/schema.org\",\"@graph\":[{\"@type\":\"WebPage\",\"@id\":\"https:\\\/\\\/auxmode.com\\\/pt\\\/backup-automatico-de-relatorios-do-cms-do-youtube\\\/\",\"url\":\"https:\\\/\\\/auxmode.com\\\/pt\\\/backup-automatico-de-relatorios-do-cms-do-youtube\\\/\",\"name\":\"Backup Autom\u00e1tico de Relat\u00f3rios do CMS do YouTube - Aux Mode\",\"isPartOf\":{\"@id\":\"https:\\\/\\\/auxmode.com\\\/#website\"},\"primaryImageOfPage\":{\"@id\":\"https:\\\/\\\/auxmode.com\\\/pt\\\/backup-automatico-de-relatorios-do-cms-do-youtube\\\/#primaryimage\"},\"image\":{\"@id\":\"https:\\\/\\\/auxmode.com\\\/pt\\\/backup-automatico-de-relatorios-do-cms-do-youtube\\\/#primaryimage\"},\"thumbnailUrl\":\"https:\\\/\\\/auxmode.com\\\/wp-content\\\/uploads\\\/2022\\\/04\\\/YouTube-Automated-CMS-Report-Back-Ups-_Top.png\",\"datePublished\":\"2022-04-20T14:33:01+00:00\",\"dateModified\":\"2024-05-02T14:41:11+00:00\",\"breadcrumb\":{\"@id\":\"https:\\\/\\\/auxmode.com\\\/pt\\\/backup-automatico-de-relatorios-do-cms-do-youtube\\\/#breadcrumb\"},\"inLanguage\":\"pt-PT\",\"potentialAction\":[{\"@type\":\"ReadAction\",\"target\":[\"https:\\\/\\\/auxmode.com\\\/pt\\\/backup-automatico-de-relatorios-do-cms-do-youtube\\\/\"]}]},{\"@type\":\"ImageObject\",\"inLanguage\":\"pt-PT\",\"@id\":\"https:\\\/\\\/auxmode.com\\\/pt\\\/backup-automatico-de-relatorios-do-cms-do-youtube\\\/#primaryimage\",\"url\":\"https:\\\/\\\/auxmode.com\\\/wp-content\\\/uploads\\\/2022\\\/04\\\/YouTube-Automated-CMS-Report-Back-Ups-_Top.png\",\"contentUrl\":\"https:\\\/\\\/auxmode.com\\\/wp-content\\\/uploads\\\/2022\\\/04\\\/YouTube-Automated-CMS-Report-Back-Ups-_Top.png\"},{\"@type\":\"BreadcrumbList\",\"@id\":\"https:\\\/\\\/auxmode.com\\\/pt\\\/backup-automatico-de-relatorios-do-cms-do-youtube\\\/#breadcrumb\",\"itemListElement\":[{\"@type\":\"ListItem\",\"position\":1,\"name\":\"Home\",\"item\":\"https:\\\/\\\/auxmode.com\\\/pt\\\/\"},{\"@type\":\"ListItem\",\"position\":2,\"name\":\"Backup Autom\u00e1tico de Relat\u00f3rios do CMS do YouTube\"}]},{\"@type\":\"WebSite\",\"@id\":\"https:\\\/\\\/auxmode.com\\\/#website\",\"url\":\"https:\\\/\\\/auxmode.com\\\/\",\"name\":\"Aux Mode\",\"description\":\"YouTube content monetization protection and Revenue Reporting Automation.\",\"inLanguage\":\"pt-PT\"}]}<\/script>\n<!-- \/ Yoast SEO plugin. -->","yoast_head_json":{"title":"Backup Autom\u00e1tico de Relat\u00f3rios do CMS do YouTube - Aux Mode","robots":{"index":"index","follow":"follow","max-snippet":"max-snippet:-1","max-image-preview":"max-image-preview:large","max-video-preview":"max-video-preview:-1"},"canonical":"https:\/\/auxmode.com\/pt\/backup-automatico-de-relatorios-do-cms-do-youtube\/","og_locale":"pt_PT","og_type":"article","og_title":"Backup Autom\u00e1tico de Relat\u00f3rios do CMS do YouTube - Aux Mode","og_description":"Backup Autom\u00e1tico de Relat\u00f3rios do CMS do YouTube O downloader automatizado de relat\u00f3rios do YouTube permite uma r\u00e1pida recupera\u00e7\u00e3o de todos os relat\u00f3rios do CMS e recupera\u00e7\u00e3o de Pol\u00edticas de V\u00eddeo. O Backup de Relat\u00f3rios do CMS do YouTube Oferece  Backup Automatizado Significa que n\u00e3o depende de interven\u00e7\u00e3o humana. Os relat\u00f3rios &hellip; Continue a ler","og_url":"https:\/\/auxmode.com\/pt\/backup-automatico-de-relatorios-do-cms-do-youtube\/","og_site_name":"Aux Mode","article_modified_time":"2024-05-02T14:41:11+00:00","og_image":[{"url":"https:\/\/auxmode.com\/wp-content\/uploads\/2022\/04\/YouTube-Automated-CMS-Report-Back-Ups-_Top.png","type":"","width":"","height":""}],"twitter_card":"summary_large_image","twitter_misc":{"Tempo estimado de leitura":"4 minutos"},"schema":{"@context":"https:\/\/schema.org","@graph":[{"@type":"WebPage","@id":"https:\/\/auxmode.com\/pt\/backup-automatico-de-relatorios-do-cms-do-youtube\/","url":"https:\/\/auxmode.com\/pt\/backup-automatico-de-relatorios-do-cms-do-youtube\/","name":"Backup Autom\u00e1tico de Relat\u00f3rios do CMS do YouTube - Aux Mode","isPartOf":{"@id":"https:\/\/auxmode.com\/#website"},"primaryImageOfPage":{"@id":"https:\/\/auxmode.com\/pt\/backup-automatico-de-relatorios-do-cms-do-youtube\/#primaryimage"},"image":{"@id":"https:\/\/auxmode.com\/pt\/backup-automatico-de-relatorios-do-cms-do-youtube\/#primaryimage"},"thumbnailUrl":"https:\/\/auxmode.com\/wp-content\/uploads\/2022\/04\/YouTube-Automated-CMS-Report-Back-Ups-_Top.png","datePublished":"2022-04-20T14:33:01+00:00","dateModified":"2024-05-02T14:41:11+00:00","breadcrumb":{"@id":"https:\/\/auxmode.com\/pt\/backup-automatico-de-relatorios-do-cms-do-youtube\/#breadcrumb"},"inLanguage":"pt-PT","potentialAction":[{"@type":"ReadAction","target":["https:\/\/auxmode.com\/pt\/backup-automatico-de-relatorios-do-cms-do-youtube\/"]}]},{"@type":"ImageObject","inLanguage":"pt-PT","@id":"https:\/\/auxmode.com\/pt\/backup-automatico-de-relatorios-do-cms-do-youtube\/#primaryimage","url":"https:\/\/auxmode.com\/wp-content\/uploads\/2022\/04\/YouTube-Automated-CMS-Report-Back-Ups-_Top.png","contentUrl":"https:\/\/auxmode.com\/wp-content\/uploads\/2022\/04\/YouTube-Automated-CMS-Report-Back-Ups-_Top.png"},{"@type":"BreadcrumbList","@id":"https:\/\/auxmode.com\/pt\/backup-automatico-de-relatorios-do-cms-do-youtube\/#breadcrumb","itemListElement":[{"@type":"ListItem","position":1,"name":"Home","item":"https:\/\/auxmode.com\/pt\/"},{"@type":"ListItem","position":2,"name":"Backup Autom\u00e1tico de Relat\u00f3rios do CMS do YouTube"}]},{"@type":"WebSite","@id":"https:\/\/auxmode.com\/#website","url":"https:\/\/auxmode.com\/","name":"Aux Mode","description":"YouTube content monetization protection and Revenue Reporting Automation.","inLanguage":"pt-PT"}]}},"_links":{"self":[{"href":"https:\/\/auxmode.com\/pt\/wp-json\/wp\/v2\/pages\/26110","targetHints":{"allow":["GET"]}}],"collection":[{"href":"https:\/\/auxmode.com\/pt\/wp-json\/wp\/v2\/pages"}],"about":[{"href":"https:\/\/auxmode.com\/pt\/wp-json\/wp\/v2\/types\/page"}],"author":[{"embeddable":true,"href":"https:\/\/auxmode.com\/pt\/wp-json\/wp\/v2\/users\/1"}],"replies":[{"embeddable":true,"href":"https:\/\/auxmode.com\/pt\/wp-json\/wp\/v2\/comments?post=26110"}],"version-history":[{"count":1,"href":"https:\/\/auxmode.com\/pt\/wp-json\/wp\/v2\/pages\/26110\/revisions"}],"predecessor-version":[{"id":26114,"href":"https:\/\/auxmode.com\/pt\/wp-json\/wp\/v2\/pages\/26110\/revisions\/26114"}],"up":[{"embeddable":true,"href":"https:\/\/auxmode.com\/pt\/wp-json\/wp\/v2\/pages\/26116"}],"wp:attachment":[{"href":"https:\/\/auxmode.com\/pt\/wp-json\/wp\/v2\/media?parent=26110"}],"curies":[{"name":"wp","href":"https:\/\/api.w.org\/{rel}","templated":true}]}}