{"id":26098,"date":"2022-03-31T14:59:13","date_gmt":"2022-03-31T14:59:13","guid":{"rendered":"https:\/\/auxmode.com\/cms-audit\/"},"modified":"2024-05-12T07:30:33","modified_gmt":"2024-05-12T07:30:33","slug":"cms-audit","status":"publish","type":"page","link":"https:\/\/auxmode.com\/pt\/produtos\/cms-audit\/","title":{"rendered":"Audite seu CMS do YouTube"},"content":{"rendered":"<div id=\"pl-gb26098-69e6199a0181b\"  class=\"panel-layout\" ><div class=\"container\"><div id=\"pg-gb26098-69e6199a0181b-0\"  class=\"panel-grid panel-has-style row\" ><div class=\"hero lighter siteorigin-panels-stretch panel-row-style panel-row-style-for-gb26098-69e6199a0181b-0\" data-stretch-type=\"full\" ><div id=\"pgc-gb26098-69e6199a0181b-0-0\"  class=\"panel-grid-cell 69e6199a0181b-11 flip col-md-12\" ><div class=\"hero-left panel-cell-style panel-cell-style-for-gb26098-69e6199a0181b-0-0\" ><div id=\"panel-gb26098-69e6199a0181b-0-0-0\" class=\"so-panel widget widget_sow-editor panel-first-child panel-last-child\" data-index=\"0\" ><div class=\"so-widget-sow-editor so-widget-sow-editor-base\">\n<div class=\"siteorigin-widget-tinymce textwidget\">\n\t<h2>Audite seu CMS do YouTube<\/h2>\n<p>Basta fazer upload dos Relat\u00f3rios para Download selecionados do seu CMS do YouTube, e nosso sistema produzir\u00e1 um relat\u00f3rio e pontos de a\u00e7\u00e3o para voc\u00ea implementar.<\/p>\n<p><a class=\"btn btn-primary\" href=\"https:\/\/auxmode.com\/pt\/precos\/\">Planos e Pre\u00e7os<\/a><\/p>\n<\/div>\n<\/div><\/div><\/div><\/div><div id=\"pgc-gb26098-69e6199a0181b-0-1\"  class=\"panel-grid-cell 69e6199a0181b-11 flip col-md-12\" ><div class=\"hero-right panel-cell-style panel-cell-style-for-gb26098-69e6199a0181b-0-1\" ><div id=\"panel-gb26098-69e6199a0181b-0-1-0\" class=\"so-panel widget widget_media_image panel-first-child panel-last-child\" data-index=\"1\" ><div class=\"panel-widget-style panel-widget-style-for-gb26098-69e6199a0181b-0-1-0\" ><img decoding=\"async\" width=\"600\" height=\"251\" src=\"https:\/\/auxmode.com\/wp-content\/uploads\/2023\/01\/rights-management-1.png\" class=\"image wp-image-22273  attachment-full size-full\" alt=\"YouTube Digital rights management\" style=\"max-width: 100%; height: auto;\" srcset=\"https:\/\/auxmode.com\/wp-content\/uploads\/2023\/01\/rights-management-1.png 600w, https:\/\/auxmode.com\/wp-content\/uploads\/2023\/01\/rights-management-1-300x126.png 300w\" sizes=\"(max-width: 600px) 100vw, 600px\" \/><\/div><\/div><\/div><\/div><\/div><\/div><\/div><div class=\"container\"><div id=\"pg-gb26098-69e6199a0181b-1\"  class=\"panel-grid panel-has-style row\" ><div class=\"panel-usp condensed-grid-cell panel-row-style panel-row-style-for-gb26098-69e6199a0181b-1\" ><div id=\"pgc-gb26098-69e6199a0181b-1-0\"  class=\"panel-grid-cell 69e6199a0181b-12 flip col-md-12\" ><div id=\"panel-gb26098-69e6199a0181b-1-0-0\" class=\"so-panel widget widget_media_image panel-first-child panel-last-child\" data-index=\"2\" ><img decoding=\"async\" width=\"568\" height=\"359\" src=\"https:\/\/auxmode.com\/wp-content\/uploads\/2024\/04\/art-healthcheck-big-query.png\" class=\"image wp-image-25777  attachment-full size-full\" alt=\"YouTube big query\" style=\"max-width: 100%; height: auto;\" srcset=\"https:\/\/auxmode.com\/wp-content\/uploads\/2024\/04\/art-healthcheck-big-query.png 568w, https:\/\/auxmode.com\/wp-content\/uploads\/2024\/04\/art-healthcheck-big-query-300x190.png 300w\" sizes=\"(max-width: 568px) 100vw, 568px\" \/><\/div><\/div><div id=\"pgc-gb26098-69e6199a0181b-1-1\"  class=\"panel-grid-cell 69e6199a0181b-12 flip col-md-12\" ><div id=\"panel-gb26098-69e6199a0181b-1-1-0\" class=\"widget_text so-panel widget widget_custom_html panel-first-child panel-last-child\" data-index=\"3\" ><div class=\"textwidget custom-html-widget\"><h3>O Audit\u00f3rio do CMS do YouTube Oferece<\/h3>\n<ul class=\"usp-list\">\n\t<li class=\"usp-item\">\n\t\t<div class=\"icon\"><i class=\"fa fa-check\"><\/i><\/div>\n\t\t<div class=\"usp-content\">\n\t\t\t<h4>Monetiza\u00e7\u00e3o do Canal<\/h4>\n\t\t\t<p>\n\t\t\t\tMaximize o invent\u00e1rio de an\u00fancios nos v\u00eddeos do canal.\n\t\t\t<\/p>\n\t\t<\/div>\n\t<\/li>\n\t\n\t<li class=\"usp-item\">\n\t\t<div class=\"icon\"><i class=\"fa fa-check\"><\/i><\/div>\n\t\t<div class=\"usp-content\">\n\t\t\t<h4>Reivindica\u00e7\u00f5es de Terceiros<\/h4>\n\t\t\t<p>\n\t\t\t\tSubstitua as pol\u00edticas nos v\u00eddeos do seu canal.\n\t\t\t<\/p>\n\t\t<\/div>\n\t<\/li>\n\t\n\t<li class=\"usp-item\">\n\t\t<div class=\"icon\"><i class=\"fa fa-check\"><\/i><\/div>\n\t\t<div class=\"usp-content\">\n\t\t\t<h4>Pol\u00edticas<\/h4>\n\t\t\t<p>\n\t\t\t\tImportante aplicar pol\u00edticas a cada ativo.\n\t\t\t<\/p>\n\t\t<\/div>\n\t<\/li>\n\t\n\t<li class=\"usp-item\">\n\t\t<div class=\"icon\"><i class=\"fa fa-check\"><\/i><\/div>\n\t\t<div class=\"usp-content\">\n\t\t\t<h4>Status de Propriedade<\/h4>\n\t\t\t<p>\n\t\t\t\tA propriedade nos ativos n\u00e3o est\u00e1 sendo gerenciada corretamente.\n\t\t\t<\/p>\n\t\t<\/div>\n\t<\/li>\n\t\n\t<li class=\"usp-item\">\n\t\t<div class=\"icon\"><i class=\"fa fa-check\"><\/i><\/div>\n\t\t<div class=\"usp-content\">\n\t\t\t<h4>Status do Arquivo de Refer\u00eancia<\/h4>\n\t\t\t<p>\n\t\t\t\tImportante gerenciar o UGC corretamente.\n\t\t\t<\/p>\n\t\t<\/div>\n\t<\/li>\n\t\n\t<li class=\"usp-item\">\n\t\t<div class=\"icon\"><i class=\"fa fa-check\"><\/i><\/div>\n\t\t<div class=\"usp-content\">\n\t\t\t<h4>Gerenciamento de Direitos<\/h4>\n\t\t\t<p>\n\t\t\t\tOs ativos n\u00e3o est\u00e3o sendo gerenciados corretamente quando os direitos expiram.\n\t\t\t<\/p>\n\t\t<\/div>\n\t<\/li>\n\t\n<\/ul>\n\n<p><a class=\"btn\" href=\"https:\/\/auxmode.com\/pt\/contato\/\">Saiba mais<\/a><\/p><\/div><\/div><\/div><\/div><\/div><\/div><div class=\"container\"><div id=\"pg-gb26098-69e6199a0181b-2\"  class=\"panel-grid panel-has-style row\" ><div class=\"homepage-row colored condensed-grid-cell siteorigin-panels-stretch panel-row-style panel-row-style-for-gb26098-69e6199a0181b-2\" data-stretch-type=\"full\" ><div id=\"pgc-gb26098-69e6199a0181b-2-0\"  class=\"panel-grid-cell 69e6199a0181b-13 flip col-md-12\" ><div id=\"panel-gb26098-69e6199a0181b-2-0-0\" class=\"so-panel widget widget_sow-editor panel-first-child panel-last-child\" data-index=\"4\" ><div class=\"so-widget-sow-editor so-widget-sow-editor-base\">\n<div class=\"siteorigin-widget-tinymce textwidget\">\n\t<h3 style=\"text-align: center;\"><span data-sheets-root=\"1\" data-sheets-value=\"{&quot;1&quot;:2,&quot;2&quot;:&quot;Benef\u00edcios&quot;}\" data-sheets-userformat=\"{&quot;2&quot;:22913,&quot;3&quot;:{&quot;1&quot;:0,&quot;3&quot;:1},&quot;10&quot;:2,&quot;11&quot;:4,&quot;14&quot;:{&quot;1&quot;:3,&quot;3&quot;:1},&quot;15&quot;:&quot;Arial&quot;,&quot;17&quot;:1}\">Benef\u00edcios<\/span><\/h3>\n<\/div>\n<\/div><\/div><\/div><\/div><\/div><\/div><div class=\"container\"><div id=\"pg-gb26098-69e6199a0181b-3\"  class=\"panel-grid panel-has-style row\" ><div class=\"homepage-row colored condensed-grid-cell homepage-boxes style-2 siteorigin-panels-stretch panel-row-style panel-row-style-for-gb26098-69e6199a0181b-3\" data-stretch-type=\"full\" ><div id=\"pgc-gb26098-69e6199a0181b-3-0\"  class=\"panel-grid-cell 69e6199a0181b-14 flip col-md-12\" ><div class=\"box panel-cell-style panel-cell-style-for-gb26098-69e6199a0181b-3-0\" ><div id=\"panel-gb26098-69e6199a0181b-3-0-0\" class=\"widget_text so-panel widget widget_custom_html panel-first-child panel-last-child\" data-index=\"5\" ><div class=\"textwidget custom-html-widget\"><p class=\"box-icon\">\n\t<img decoding=\"async\" src=\"https:\/\/auxmode.com\/wp-content\/themes\/auxmode\/images\/icons\/speed.png\" alt=\"\" width=\"50\" height=\"50\" \/>\n<\/p>\n<div class=\"box-wrap\">\n\t<h4 class=\"box-title\">Audit\u00f3rio<\/h4>\n\t<div class=\"box-desc\">\n\t\t<p>Realize uma auditoria no CMS para analisar a efici\u00eancia e efic\u00e1cia do gerenciamento de ativos existente, otimiza\u00e7\u00e3o de receita e conformidade com o YouTube.<\/p>\n\t\t<p>Nosso sistema produzir\u00e1 um plano de a\u00e7\u00e3o priorizado para voc\u00ea implementar, ou nossa equipe de especialistas pode fazer isso por voc\u00ea.<\/p>\n\t<\/div>\n<\/div><\/div><\/div><\/div><\/div><div id=\"pgc-gb26098-69e6199a0181b-3-1\"  class=\"panel-grid-cell 69e6199a0181b-14 flip col-md-12\" ><div class=\"box panel-cell-style panel-cell-style-for-gb26098-69e6199a0181b-3-1\" ><div id=\"panel-gb26098-69e6199a0181b-3-1-0\" class=\"widget_text so-panel widget widget_custom_html panel-first-child panel-last-child\" data-index=\"6\" ><div class=\"textwidget custom-html-widget\"><p class=\"box-icon\">\n\t<img decoding=\"async\" src=\"https:\/\/auxmode.com\/wp-content\/themes\/auxmode\/images\/icons\/payment_50x50.png\" alt=\"\" width=\"50\" height=\"50\" \/>\n<\/p>\n<div class=\"box-wrap\">\n\t<h4 class=\"box-title\">Automatize<\/h4>\n\t<div class=\"box-desc\">\n\t\t<p>Gerencie, modifique, analise, formate e use configura\u00e7\u00f5es de direitos de PI e modelos da Aux Mode para otimizar processos e efici\u00eancia nas contas do CMS e no gerenciamento de direitos e ativos do YouTube em geral.<br \/>&nbsp;<br \/>&nbsp;<br \/>&nbsp;<\/p>\n\t<\/div>\n<\/div><\/div><\/div><\/div><\/div><div id=\"pgc-gb26098-69e6199a0181b-3-2\"  class=\"panel-grid-cell 69e6199a0181b-14 flip col-md-12\" ><div class=\"box panel-cell-style panel-cell-style-for-gb26098-69e6199a0181b-3-2\" ><div id=\"panel-gb26098-69e6199a0181b-3-2-0\" class=\"widget_text so-panel widget widget_custom_html panel-first-child panel-last-child\" data-index=\"7\" ><div class=\"textwidget custom-html-widget\"><p class=\"box-icon\">\n\t<img decoding=\"async\" src=\"https:\/\/auxmode.com\/wp-content\/themes\/auxmode\/images\/icons\/globe.png\" alt=\"\" width=\"50\" height=\"50\" \/>\n<\/p>\n<div class=\"box-wrap\">\n\t<h4 class=\"box-title\">Estrat\u00e9gia<\/h4>\n\t<div class=\"box-desc\">\n\t\t<p>Revise os processos existentes para gerenciar atualiza\u00e7\u00f5es e altera\u00e7\u00f5es de pol\u00edticas, reivindica\u00e7\u00f5es de direitos autorais, sobreposi\u00e7\u00f5es de refer\u00eancia, refer\u00eancias inv\u00e1lidas, reivindica\u00e7\u00f5es potenciais, reivindica\u00e7\u00f5es contestadas, conflitos de propriedade e transfer\u00eancias de ativos e forne\u00e7a feedback sobre melhorias.<\/p>\n\t<\/div>\n<\/div><\/div><\/div><\/div><\/div><\/div><\/div><\/div><div class=\"container\"><div id=\"pg-gb26098-69e6199a0181b-4\"  class=\"panel-grid panel-has-style row\" ><div class=\"homepage-row homepage-boxes style-3 condensed-grid-cell panel-row-style panel-row-style-for-gb26098-69e6199a0181b-4\" ><div id=\"pgc-gb26098-69e6199a0181b-4-0\"  class=\"panel-grid-cell 69e6199a0181b-15 flip col-md-12\" ><div class=\"panel-cell-style panel-cell-style-for-gb26098-69e6199a0181b-4-0\" ><div id=\"panel-gb26098-69e6199a0181b-4-0-0\" class=\"widget_text so-panel widget widget_custom_html panel-first-child panel-last-child\" data-index=\"8\" ><div class=\"textwidget custom-html-widget\"><div class=\"box-wrap\">\n\t<p class=\"box-icon\">\n\t\t<img decoding=\"async\" src=\"https:\/\/auxmode.com\/wp-content\/themes\/auxmode\/images\/icons\/money.png\" alt=\"\" width=\"50\" height=\"50\" \/>\n\t<\/p>\n\t<h4 class=\"box-title\">Aumentar Receita<\/h4>\n\t<div class=\"box-desc\">\n\t\t<p>Ap\u00f3s a conclus\u00e3o da auditoria, processe todas as atualiza\u00e7\u00f5es de pol\u00edticas, reivindica\u00e7\u00f5es de direitos autorais, sobreposi\u00e7\u00f5es de refer\u00eancia, refer\u00eancias inv\u00e1lidas, reivindica\u00e7\u00f5es potenciais, reivindica\u00e7\u00f5es contestadas, conflitos de propriedade e transfer\u00eancias de ativos.<\/p>\n\t<\/div>\n<\/div><\/div><\/div><\/div><\/div><div id=\"pgc-gb26098-69e6199a0181b-4-1\"  class=\"panel-grid-cell 69e6199a0181b-15 flip col-md-12\" ><div class=\"panel-cell-style panel-cell-style-for-gb26098-69e6199a0181b-4-1\" ><div id=\"panel-gb26098-69e6199a0181b-4-1-0\" class=\"widget_text so-panel widget widget_custom_html panel-first-child panel-last-child\" data-index=\"9\" ><div class=\"textwidget custom-html-widget\"><div class=\"box-wrap\">\n\t<p class=\"box-icon\">\n\t\t<img decoding=\"async\" src=\"https:\/\/auxmode.com\/wp-content\/themes\/auxmode\/images\/icons\/Analytics_50x50.png\" alt=\"\" width=\"50\" height=\"50\" \/>\n\t<\/p>\n\t<h4 class=\"box-title\">An\u00e1lises<\/h4>\n\t<div class=\"box-desc\">\n\t\t<p>Forne\u00e7a um relat\u00f3rio sobre reivindica\u00e7\u00f5es processadas, conflitos resolvidos, tempo de exibi\u00e7\u00e3o e outras m\u00e9tricas relevantes dentro das restri\u00e7\u00f5es dos direitos de PI e acordos.<br \/>&nbsp;<br \/>&nbsp;<br \/>&nbsp;<\/p>\n\t<\/div>\n<\/div><\/div><\/div><\/div><\/div><div id=\"pgc-gb26098-69e6199a0181b-4-2\"  class=\"panel-grid-cell 69e6199a0181b-15 flip col-md-12\" ><div class=\"panel-cell-style panel-cell-style-for-gb26098-69e6199a0181b-4-2\" ><div id=\"panel-gb26098-69e6199a0181b-4-2-0\" class=\"widget_text so-panel widget widget_custom_html panel-first-child panel-last-child\" data-index=\"10\" ><div class=\"textwidget custom-html-widget\"><div class=\"box-wrap\">\n\t<p class=\"box-icon\">\n\t\t<img decoding=\"async\" src=\"https:\/\/auxmode.com\/wp-content\/themes\/auxmode\/images\/icons\/hammer.png\" alt=\"\" width=\"50\" height=\"50\" \/>\n\t<\/p>\n\t<h4 class=\"box-title\">Legal<\/h4>\n\t<div class=\"box-desc\">\n\t\t<p>Resolva os backlogs para garantir que todo o conte\u00fado esteja sendo monetizado corretamente, as janelas de licen\u00e7a estejam atualizadas, as pol\u00edticas e o rastreamento estejam sendo implementados corretamente e todos os geoblocos estejam corretos.<br \/>&nbsp;<\/p>\n\t<\/div>\n<\/div><\/div><\/div><\/div><\/div><\/div><\/div><\/div><\/div>","protected":false},"excerpt":{"rendered":"<p>Audite seu CMS do YouTube <\/p>\n<p>Basta fazer upload dos Relat\u00f3rios para Download selecionados do seu CMS do YouTube, e nosso sistema produzir\u00e1 um relat\u00f3rio e pontos de a\u00e7\u00e3o para voc\u00ea implementar.<\/p>\n<p>Planos e Pre\u00e7os<\/p>\n<p> O Audit\u00f3rio do CMS do YouTube Oferece <\/p>\n<ul class=\"usp-list\">\n<li class=\"usp-item\"> Monetiza\u00e7\u00e3o do Canal\n<p> Maximize o invent\u00e1rio de an\u00fancios nos &hellip; <\/p>\n<p><a class=\"more-link btn\" href=\"https:\/\/auxmode.com\/pt\/produtos\/cms-audit\/\">Continue a ler<\/a><\/p>\n<\/li>\n<\/ul>\n","protected":false},"author":1,"featured_media":0,"parent":26116,"menu_order":0,"comment_status":"closed","ping_status":"closed","template":"","meta":{"_acf_changed":false,"amp_status":"","footnotes":""},"class_list":["post-26098","page","type-page","status-publish","hentry","nodate","item-wrap"],"acf":[],"yoast_head":"<!-- This site is optimized with the Yoast SEO plugin v27.4 - https:\/\/yoast.com\/product\/yoast-seo-wordpress\/ -->\n<title>YouTube CMS Audit<\/title>\n<meta name=\"description\" content=\"Aumente sua receita no YouTube, gerencie atualiza\u00e7\u00f5es de pol\u00edticas e proteja sua propriedade intelectual com uma Auditoria abrangente do CMS do YouTube.\" \/>\n<meta name=\"robots\" content=\"index, follow, max-snippet:-1, max-image-preview:large, max-video-preview:-1\" \/>\n<link rel=\"canonical\" href=\"https:\/\/auxmode.com\/pt\/produtos\/cms-audit\/\" \/>\n<meta property=\"og:locale\" content=\"pt_PT\" \/>\n<meta property=\"og:type\" content=\"article\" \/>\n<meta property=\"og:title\" content=\"YouTube CMS Audit\" \/>\n<meta property=\"og:description\" content=\"Aumente sua receita no YouTube, gerencie atualiza\u00e7\u00f5es de pol\u00edticas e proteja sua propriedade intelectual com uma Auditoria abrangente do CMS do YouTube.\" \/>\n<meta property=\"og:url\" content=\"https:\/\/auxmode.com\/pt\/produtos\/cms-audit\/\" \/>\n<meta property=\"og:site_name\" content=\"Aux Mode\" \/>\n<meta property=\"article:modified_time\" content=\"2024-05-12T07:30:33+00:00\" \/>\n<meta property=\"og:image\" content=\"https:\/\/auxmode.com\/wp-content\/uploads\/2023\/01\/rights-management-1.png\" \/>\n<meta name=\"twitter:card\" content=\"summary_large_image\" \/>\n<meta name=\"twitter:label1\" content=\"Tempo estimado de leitura\" \/>\n\t<meta name=\"twitter:data1\" content=\"4 minutos\" \/>\n<script type=\"application\/ld+json\" class=\"yoast-schema-graph\">{\"@context\":\"https:\\\/\\\/schema.org\",\"@graph\":[{\"@type\":\"WebPage\",\"@id\":\"https:\\\/\\\/auxmode.com\\\/pt\\\/produtos\\\/cms-audit\\\/\",\"url\":\"https:\\\/\\\/auxmode.com\\\/pt\\\/produtos\\\/cms-audit\\\/\",\"name\":\"YouTube CMS Audit\",\"isPartOf\":{\"@id\":\"https:\\\/\\\/auxmode.com\\\/#website\"},\"primaryImageOfPage\":{\"@id\":\"https:\\\/\\\/auxmode.com\\\/pt\\\/produtos\\\/cms-audit\\\/#primaryimage\"},\"image\":{\"@id\":\"https:\\\/\\\/auxmode.com\\\/pt\\\/produtos\\\/cms-audit\\\/#primaryimage\"},\"thumbnailUrl\":\"https:\\\/\\\/auxmode.com\\\/wp-content\\\/uploads\\\/2023\\\/01\\\/rights-management-1.png\",\"datePublished\":\"2022-03-31T14:59:13+00:00\",\"dateModified\":\"2024-05-12T07:30:33+00:00\",\"description\":\"Aumente sua receita no YouTube, gerencie atualiza\u00e7\u00f5es de pol\u00edticas e proteja sua propriedade intelectual com uma Auditoria abrangente do CMS do YouTube.\",\"breadcrumb\":{\"@id\":\"https:\\\/\\\/auxmode.com\\\/pt\\\/produtos\\\/cms-audit\\\/#breadcrumb\"},\"inLanguage\":\"pt-PT\",\"potentialAction\":[{\"@type\":\"ReadAction\",\"target\":[\"https:\\\/\\\/auxmode.com\\\/pt\\\/produtos\\\/cms-audit\\\/\"]}]},{\"@type\":\"ImageObject\",\"inLanguage\":\"pt-PT\",\"@id\":\"https:\\\/\\\/auxmode.com\\\/pt\\\/produtos\\\/cms-audit\\\/#primaryimage\",\"url\":\"https:\\\/\\\/auxmode.com\\\/wp-content\\\/uploads\\\/2023\\\/01\\\/rights-management-1.png\",\"contentUrl\":\"https:\\\/\\\/auxmode.com\\\/wp-content\\\/uploads\\\/2023\\\/01\\\/rights-management-1.png\"},{\"@type\":\"BreadcrumbList\",\"@id\":\"https:\\\/\\\/auxmode.com\\\/pt\\\/produtos\\\/cms-audit\\\/#breadcrumb\",\"itemListElement\":[{\"@type\":\"ListItem\",\"position\":1,\"name\":\"Home\",\"item\":\"https:\\\/\\\/auxmode.com\\\/pt\\\/\"},{\"@type\":\"ListItem\",\"position\":2,\"name\":\"Produtos\",\"item\":\"https:\\\/\\\/auxmode.com\\\/pt\\\/produtos\\\/\"},{\"@type\":\"ListItem\",\"position\":3,\"name\":\"Audite seu CMS do YouTube\"}]},{\"@type\":\"WebSite\",\"@id\":\"https:\\\/\\\/auxmode.com\\\/#website\",\"url\":\"https:\\\/\\\/auxmode.com\\\/\",\"name\":\"Aux Mode\",\"description\":\"YouTube content monetization protection and Revenue Reporting Automation.\",\"inLanguage\":\"pt-PT\"}]}<\/script>\n<!-- \/ Yoast SEO plugin. -->","yoast_head_json":{"title":"YouTube CMS Audit","description":"Aumente sua receita no YouTube, gerencie atualiza\u00e7\u00f5es de pol\u00edticas e proteja sua propriedade intelectual com uma Auditoria abrangente do CMS do YouTube.","robots":{"index":"index","follow":"follow","max-snippet":"max-snippet:-1","max-image-preview":"max-image-preview:large","max-video-preview":"max-video-preview:-1"},"canonical":"https:\/\/auxmode.com\/pt\/produtos\/cms-audit\/","og_locale":"pt_PT","og_type":"article","og_title":"YouTube CMS Audit","og_description":"Aumente sua receita no YouTube, gerencie atualiza\u00e7\u00f5es de pol\u00edticas e proteja sua propriedade intelectual com uma Auditoria abrangente do CMS do YouTube.","og_url":"https:\/\/auxmode.com\/pt\/produtos\/cms-audit\/","og_site_name":"Aux Mode","article_modified_time":"2024-05-12T07:30:33+00:00","og_image":[{"url":"https:\/\/auxmode.com\/wp-content\/uploads\/2023\/01\/rights-management-1.png","type":"","width":"","height":""}],"twitter_card":"summary_large_image","twitter_misc":{"Tempo estimado de leitura":"4 minutos"},"schema":{"@context":"https:\/\/schema.org","@graph":[{"@type":"WebPage","@id":"https:\/\/auxmode.com\/pt\/produtos\/cms-audit\/","url":"https:\/\/auxmode.com\/pt\/produtos\/cms-audit\/","name":"YouTube CMS Audit","isPartOf":{"@id":"https:\/\/auxmode.com\/#website"},"primaryImageOfPage":{"@id":"https:\/\/auxmode.com\/pt\/produtos\/cms-audit\/#primaryimage"},"image":{"@id":"https:\/\/auxmode.com\/pt\/produtos\/cms-audit\/#primaryimage"},"thumbnailUrl":"https:\/\/auxmode.com\/wp-content\/uploads\/2023\/01\/rights-management-1.png","datePublished":"2022-03-31T14:59:13+00:00","dateModified":"2024-05-12T07:30:33+00:00","description":"Aumente sua receita no YouTube, gerencie atualiza\u00e7\u00f5es de pol\u00edticas e proteja sua propriedade intelectual com uma Auditoria abrangente do CMS do YouTube.","breadcrumb":{"@id":"https:\/\/auxmode.com\/pt\/produtos\/cms-audit\/#breadcrumb"},"inLanguage":"pt-PT","potentialAction":[{"@type":"ReadAction","target":["https:\/\/auxmode.com\/pt\/produtos\/cms-audit\/"]}]},{"@type":"ImageObject","inLanguage":"pt-PT","@id":"https:\/\/auxmode.com\/pt\/produtos\/cms-audit\/#primaryimage","url":"https:\/\/auxmode.com\/wp-content\/uploads\/2023\/01\/rights-management-1.png","contentUrl":"https:\/\/auxmode.com\/wp-content\/uploads\/2023\/01\/rights-management-1.png"},{"@type":"BreadcrumbList","@id":"https:\/\/auxmode.com\/pt\/produtos\/cms-audit\/#breadcrumb","itemListElement":[{"@type":"ListItem","position":1,"name":"Home","item":"https:\/\/auxmode.com\/pt\/"},{"@type":"ListItem","position":2,"name":"Produtos","item":"https:\/\/auxmode.com\/pt\/produtos\/"},{"@type":"ListItem","position":3,"name":"Audite seu CMS do YouTube"}]},{"@type":"WebSite","@id":"https:\/\/auxmode.com\/#website","url":"https:\/\/auxmode.com\/","name":"Aux Mode","description":"YouTube content monetization protection and Revenue Reporting Automation.","inLanguage":"pt-PT"}]}},"_links":{"self":[{"href":"https:\/\/auxmode.com\/pt\/wp-json\/wp\/v2\/pages\/26098","targetHints":{"allow":["GET"]}}],"collection":[{"href":"https:\/\/auxmode.com\/pt\/wp-json\/wp\/v2\/pages"}],"about":[{"href":"https:\/\/auxmode.com\/pt\/wp-json\/wp\/v2\/types\/page"}],"author":[{"embeddable":true,"href":"https:\/\/auxmode.com\/pt\/wp-json\/wp\/v2\/users\/1"}],"replies":[{"embeddable":true,"href":"https:\/\/auxmode.com\/pt\/wp-json\/wp\/v2\/comments?post=26098"}],"version-history":[{"count":5,"href":"https:\/\/auxmode.com\/pt\/wp-json\/wp\/v2\/pages\/26098\/revisions"}],"predecessor-version":[{"id":26400,"href":"https:\/\/auxmode.com\/pt\/wp-json\/wp\/v2\/pages\/26098\/revisions\/26400"}],"up":[{"embeddable":true,"href":"https:\/\/auxmode.com\/pt\/wp-json\/wp\/v2\/pages\/26116"}],"wp:attachment":[{"href":"https:\/\/auxmode.com\/pt\/wp-json\/wp\/v2\/media?parent=26098"}],"curies":[{"name":"wp","href":"https:\/\/api.w.org\/{rel}","templated":true}]}}