{"id":26089,"date":"2022-06-16T06:40:22","date_gmt":"2022-06-16T06:40:22","guid":{"rendered":"https:\/\/auxmode.com\/video-insights\/"},"modified":"2024-05-02T14:24:22","modified_gmt":"2024-05-02T14:24:22","slug":"insights-de-video","status":"publish","type":"page","link":"https:\/\/auxmode.com\/pt\/produtos\/insights-de-video\/","title":{"rendered":"Insights de V\u00eddeo"},"content":{"rendered":"<div id=\"pl-gb26089-69e62a20aec88\"  class=\"panel-layout\" ><div class=\"container\"><div id=\"pg-gb26089-69e62a20aec88-0\"  class=\"panel-grid panel-has-style row\" ><div class=\"hero lighter siteorigin-panels-stretch panel-row-style panel-row-style-for-gb26089-69e62a20aec88-0\" data-stretch-type=\"full\" ><div id=\"pgc-gb26089-69e62a20aec88-0-0\"  class=\"panel-grid-cell 69e62a20aec88-6 flip col-md-12\" ><div class=\"hero-left panel-cell-style panel-cell-style-for-gb26089-69e62a20aec88-0-0\" ><div id=\"panel-gb26089-69e62a20aec88-0-0-0\" class=\"so-panel widget widget_sow-editor panel-first-child panel-last-child\" data-index=\"0\" ><div class=\"so-widget-sow-editor so-widget-sow-editor-base\">\n<div class=\"siteorigin-widget-tinymce textwidget\">\n\t<h1>Insights de V\u00eddeo<\/h1>\n<p>Utilize insights e an\u00e1lises para entender melhor o desempenho de seus v\u00eddeos e canal com m\u00e9tricas-chave e relat\u00f3rios. Aprenda a criar estrat\u00e9gias de conte\u00fado com base em seus insights.<\/p>\n<p><a class=\"btn btn-primary\" href=\"https:\/\/auxmode.com\/pt\/precos\/\">Planos e Pre\u00e7os<\/a><\/p>\n<\/div>\n<\/div><\/div><\/div><\/div><div id=\"pgc-gb26089-69e62a20aec88-0-1\"  class=\"panel-grid-cell 69e62a20aec88-6 flip col-md-12\" ><div class=\"hero-right panel-cell-style panel-cell-style-for-gb26089-69e62a20aec88-0-1\" ><div id=\"panel-gb26089-69e62a20aec88-0-1-0\" class=\"so-panel widget widget_media_image panel-first-child panel-last-child\" data-index=\"1\" ><div class=\"panel-widget-style panel-widget-style-for-gb26089-69e62a20aec88-0-1-0\" ><img decoding=\"async\" width=\"555\" height=\"297\" src=\"https:\/\/auxmode.com\/wp-content\/uploads\/2022\/06\/Video-Insights4.png\" class=\"image wp-image-18192  attachment-full size-full\" alt=\"YouTube Analytics\" style=\"max-width: 100%; height: auto;\" srcset=\"https:\/\/auxmode.com\/wp-content\/uploads\/2022\/06\/Video-Insights4.png 555w, https:\/\/auxmode.com\/wp-content\/uploads\/2022\/06\/Video-Insights4-300x161.png 300w\" sizes=\"(max-width: 555px) 100vw, 555px\" \/><\/div><\/div><\/div><\/div><\/div><\/div><\/div><div class=\"container\"><div id=\"pg-gb26089-69e62a20aec88-1\"  class=\"panel-grid panel-has-style row\" ><div class=\"panel-usp panel-row-style panel-row-style-for-gb26089-69e62a20aec88-1\" ><div id=\"pgc-gb26089-69e62a20aec88-1-0\"  class=\"panel-grid-cell 69e62a20aec88-7 flip col-md-12\" ><div id=\"panel-gb26089-69e62a20aec88-1-0-0\" class=\"so-panel widget widget_media_image panel-first-child panel-last-child\" data-index=\"2\" ><img decoding=\"async\" width=\"271\" height=\"274\" src=\"https:\/\/auxmode.com\/wp-content\/uploads\/2022\/06\/Video-Insights5-1.png\" class=\"image wp-image-18190 aligncenter attachment-full size-full\" alt=\"Video Insights\" style=\"max-width: 100%; height: auto;\" \/><\/div><\/div><div id=\"pgc-gb26089-69e62a20aec88-1-1\"  class=\"panel-grid-cell 69e62a20aec88-7 flip col-md-12\" ><div id=\"panel-gb26089-69e62a20aec88-1-1-0\" class=\"widget_text so-panel widget widget_custom_html panel-first-child panel-last-child\" data-index=\"3\" ><div class=\"textwidget custom-html-widget\"><h3>Os Insights de V\u00eddeo Oferecem<\/h3>\n<ul class=\"usp-list\">\n\t<li class=\"usp-item\">\n\t\t<div class=\"icon\"><i class=\"fa fa-check\"><\/i><\/div>\n\t\t<div class=\"usp-content\">\n\t\t\t<h4>Insights Predefinidos<\/h4>\n\t\t\t<p>\n\t\t\t\tRelat\u00f3rios baseados em Tempo de Visualiza\u00e7\u00e3o, Visualiza\u00e7\u00f5es, Dura\u00e7\u00e3o M\u00e9dia de Visualiza\u00e7\u00e3o, Reten\u00e7\u00e3o de P\u00fablico, Engajamento e mais de 100 outras an\u00e1lises. \n\t\t\t<\/p>\n\t\t<\/div>\n\t<\/li>\n\t\n\t<li class=\"usp-item\">\n\t\t<div class=\"icon\"><i class=\"fa fa-check\"><\/i><\/div>\n\t\t<div class=\"usp-content\">\n\t\t\t<h4>Insights Personalizados<\/h4>\n\t\t\t<p>\n\t\t\t\tInsights personalizados com base em seus objetivos.\n\t\t\t<\/p>\n\t\t<\/div>\n\t<\/li>\n\t\n\t<li class=\"usp-item\">\n\t\t<div class=\"icon\"><i class=\"fa fa-check\"><\/i><\/div>\n\t\t<div class=\"usp-content\">\n\t\t\t<h4>Relat\u00f3rios<\/h4>\n\t\t\t<p>\n\t\t\t\tRelat\u00f3rios personalizados e tipos de relat\u00f3rios para download.\n\t\t\t<\/p>\n\t\t<\/div>\n\t<\/li>\n<\/ul>\n\n<p><a class=\"btn\" href=\"https:\/\/auxmode.com\/pt\/contato\/\">Saiba mais<\/a><\/p><\/div><\/div><\/div><\/div><\/div><\/div><div class=\"container\"><div id=\"pg-gb26089-69e62a20aec88-2\"  class=\"panel-grid panel-has-style row\" ><div class=\"homepage-row colored siteorigin-panels-stretch panel-row-style panel-row-style-for-gb26089-69e62a20aec88-2\" data-stretch-type=\"full\" ><div id=\"pgc-gb26089-69e62a20aec88-2-0\"  class=\"panel-grid-cell 69e62a20aec88-8 flip col-md-12\" ><div id=\"panel-gb26089-69e62a20aec88-2-0-0\" class=\"so-panel widget widget_sow-editor panel-first-child panel-last-child\" data-index=\"4\" ><div class=\"so-widget-sow-editor so-widget-sow-editor-base\">\n<div class=\"siteorigin-widget-tinymce textwidget\">\n\t<h3>Insights de V\u00eddeo<\/h3>\n<p>Acompanhar seu p\u00fablico e entender as an\u00e1lises \u00e9 uma parte importante de qualquer estrat\u00e9gia de marketing de streaming. Na Aux Mode, podemos fornecer indicadores-chave de desempenho que fazem sentido para seus objetivos. Aplique as m\u00e9tricas corretas para medir seus resultados. Descubra como usar seus dados para expandir seu canal.<\/p>\n<p><a class=\"btn btn-primary\" href=\"https:\/\/auxmode.com\/pt\/contato\/\">Saiba mais<\/a><\/p>\n<\/div>\n<\/div><\/div><\/div><div id=\"pgc-gb26089-69e62a20aec88-2-1\"  class=\"panel-grid-cell 69e62a20aec88-8 flip col-md-12\" ><div id=\"panel-gb26089-69e62a20aec88-2-1-0\" class=\"so-panel widget widget_media_image panel-first-child panel-last-child\" data-index=\"5\" ><img decoding=\"async\" width=\"555\" height=\"400\" src=\"https:\/\/auxmode.com\/wp-content\/uploads\/2022\/06\/VideoInsights3.png\" class=\"image wp-image-18157 aligncenter attachment-full size-full\" alt=\"Video Insights\" style=\"max-width: 100%; height: auto;\" srcset=\"https:\/\/auxmode.com\/wp-content\/uploads\/2022\/06\/VideoInsights3.png 555w, https:\/\/auxmode.com\/wp-content\/uploads\/2022\/06\/VideoInsights3-300x216.png 300w\" sizes=\"(max-width: 555px) 100vw, 555px\" \/><\/div><\/div><\/div><\/div><\/div><\/div>","protected":false},"excerpt":{"rendered":"<p>Insights de V\u00eddeo <\/p>\n<p>Utilize insights e an\u00e1lises para entender melhor o desempenho de seus v\u00eddeos e canal com m\u00e9tricas-chave e relat\u00f3rios. Aprenda a criar estrat\u00e9gias de conte\u00fado com base em seus insights.<\/p>\n<p>Planos e Pre\u00e7os<\/p>\n<p> Os Insights de V\u00eddeo Oferecem <\/p>\n<ul class=\"usp-list\">\n<li class=\"usp-item\"> Insights Predefinidos\n<p> Relat\u00f3rios baseados em Tempo de Visualiza\u00e7\u00e3o, Visualiza\u00e7\u00f5es, Dura\u00e7\u00e3o &hellip; <\/p>\n<p><a class=\"more-link btn\" href=\"https:\/\/auxmode.com\/pt\/produtos\/insights-de-video\/\">Continue a ler<\/a><\/p>\n<\/li>\n<\/ul>\n","protected":false},"author":1,"featured_media":0,"parent":26116,"menu_order":0,"comment_status":"closed","ping_status":"closed","template":"","meta":{"_acf_changed":false,"amp_status":"","footnotes":""},"class_list":["post-26089","page","type-page","status-publish","hentry","nodate","item-wrap"],"acf":[],"yoast_head":"<!-- This site is optimized with the Yoast SEO plugin v27.4 - https:\/\/yoast.com\/product\/yoast-seo-wordpress\/ -->\n<title>Insights de V\u00eddeo - Aux Mode<\/title>\n<meta name=\"robots\" content=\"index, follow, max-snippet:-1, max-image-preview:large, max-video-preview:-1\" \/>\n<link rel=\"canonical\" href=\"https:\/\/auxmode.com\/pt\/insights-de-video\/\" \/>\n<meta property=\"og:locale\" content=\"pt_PT\" \/>\n<meta property=\"og:type\" content=\"article\" \/>\n<meta property=\"og:title\" content=\"Insights de V\u00eddeo - Aux Mode\" \/>\n<meta property=\"og:description\" content=\"Insights de V\u00eddeo Utilize insights e an\u00e1lises para entender melhor o desempenho de seus v\u00eddeos e canal com m\u00e9tricas-chave e relat\u00f3rios. Aprenda a criar estrat\u00e9gias de conte\u00fado com base em seus insights. Planos e Pre\u00e7os Os Insights de V\u00eddeo Oferecem  Insights Predefinidos Relat\u00f3rios baseados em Tempo de Visualiza\u00e7\u00e3o, Visualiza\u00e7\u00f5es, Dura\u00e7\u00e3o &hellip; Continue a ler\" \/>\n<meta property=\"og:url\" content=\"https:\/\/auxmode.com\/pt\/insights-de-video\/\" \/>\n<meta property=\"og:site_name\" content=\"Aux Mode\" \/>\n<meta property=\"article:modified_time\" content=\"2024-05-02T14:24:22+00:00\" \/>\n<meta property=\"og:image\" content=\"https:\/\/auxmode.com\/wp-content\/uploads\/2022\/06\/Video-Insights4.png\" \/>\n<meta name=\"twitter:card\" content=\"summary_large_image\" \/>\n<meta name=\"twitter:label1\" content=\"Tempo estimado de leitura\" \/>\n\t<meta name=\"twitter:data1\" content=\"2 minutos\" \/>\n<script type=\"application\/ld+json\" class=\"yoast-schema-graph\">{\"@context\":\"https:\\\/\\\/schema.org\",\"@graph\":[{\"@type\":\"WebPage\",\"@id\":\"https:\\\/\\\/auxmode.com\\\/pt\\\/insights-de-video\\\/\",\"url\":\"https:\\\/\\\/auxmode.com\\\/pt\\\/insights-de-video\\\/\",\"name\":\"Insights de V\u00eddeo - Aux Mode\",\"isPartOf\":{\"@id\":\"https:\\\/\\\/auxmode.com\\\/#website\"},\"primaryImageOfPage\":{\"@id\":\"https:\\\/\\\/auxmode.com\\\/pt\\\/insights-de-video\\\/#primaryimage\"},\"image\":{\"@id\":\"https:\\\/\\\/auxmode.com\\\/pt\\\/insights-de-video\\\/#primaryimage\"},\"thumbnailUrl\":\"https:\\\/\\\/auxmode.com\\\/wp-content\\\/uploads\\\/2022\\\/06\\\/Video-Insights4.png\",\"datePublished\":\"2022-06-16T06:40:22+00:00\",\"dateModified\":\"2024-05-02T14:24:22+00:00\",\"breadcrumb\":{\"@id\":\"https:\\\/\\\/auxmode.com\\\/pt\\\/insights-de-video\\\/#breadcrumb\"},\"inLanguage\":\"pt-PT\",\"potentialAction\":[{\"@type\":\"ReadAction\",\"target\":[\"https:\\\/\\\/auxmode.com\\\/pt\\\/insights-de-video\\\/\"]}]},{\"@type\":\"ImageObject\",\"inLanguage\":\"pt-PT\",\"@id\":\"https:\\\/\\\/auxmode.com\\\/pt\\\/insights-de-video\\\/#primaryimage\",\"url\":\"https:\\\/\\\/auxmode.com\\\/wp-content\\\/uploads\\\/2022\\\/06\\\/Video-Insights4.png\",\"contentUrl\":\"https:\\\/\\\/auxmode.com\\\/wp-content\\\/uploads\\\/2022\\\/06\\\/Video-Insights4.png\"},{\"@type\":\"BreadcrumbList\",\"@id\":\"https:\\\/\\\/auxmode.com\\\/pt\\\/insights-de-video\\\/#breadcrumb\",\"itemListElement\":[{\"@type\":\"ListItem\",\"position\":1,\"name\":\"Home\",\"item\":\"https:\\\/\\\/auxmode.com\\\/pt\\\/\"},{\"@type\":\"ListItem\",\"position\":2,\"name\":\"Insights de V\u00eddeo\"}]},{\"@type\":\"WebSite\",\"@id\":\"https:\\\/\\\/auxmode.com\\\/#website\",\"url\":\"https:\\\/\\\/auxmode.com\\\/\",\"name\":\"Aux Mode\",\"description\":\"YouTube content monetization protection and Revenue Reporting Automation.\",\"inLanguage\":\"pt-PT\"}]}<\/script>\n<!-- \/ Yoast SEO plugin. -->","yoast_head_json":{"title":"Insights de V\u00eddeo - Aux Mode","robots":{"index":"index","follow":"follow","max-snippet":"max-snippet:-1","max-image-preview":"max-image-preview:large","max-video-preview":"max-video-preview:-1"},"canonical":"https:\/\/auxmode.com\/pt\/insights-de-video\/","og_locale":"pt_PT","og_type":"article","og_title":"Insights de V\u00eddeo - Aux Mode","og_description":"Insights de V\u00eddeo Utilize insights e an\u00e1lises para entender melhor o desempenho de seus v\u00eddeos e canal com m\u00e9tricas-chave e relat\u00f3rios. Aprenda a criar estrat\u00e9gias de conte\u00fado com base em seus insights. Planos e Pre\u00e7os Os Insights de V\u00eddeo Oferecem  Insights Predefinidos Relat\u00f3rios baseados em Tempo de Visualiza\u00e7\u00e3o, Visualiza\u00e7\u00f5es, Dura\u00e7\u00e3o &hellip; Continue a ler","og_url":"https:\/\/auxmode.com\/pt\/insights-de-video\/","og_site_name":"Aux Mode","article_modified_time":"2024-05-02T14:24:22+00:00","og_image":[{"url":"https:\/\/auxmode.com\/wp-content\/uploads\/2022\/06\/Video-Insights4.png","type":"","width":"","height":""}],"twitter_card":"summary_large_image","twitter_misc":{"Tempo estimado de leitura":"2 minutos"},"schema":{"@context":"https:\/\/schema.org","@graph":[{"@type":"WebPage","@id":"https:\/\/auxmode.com\/pt\/insights-de-video\/","url":"https:\/\/auxmode.com\/pt\/insights-de-video\/","name":"Insights de V\u00eddeo - Aux Mode","isPartOf":{"@id":"https:\/\/auxmode.com\/#website"},"primaryImageOfPage":{"@id":"https:\/\/auxmode.com\/pt\/insights-de-video\/#primaryimage"},"image":{"@id":"https:\/\/auxmode.com\/pt\/insights-de-video\/#primaryimage"},"thumbnailUrl":"https:\/\/auxmode.com\/wp-content\/uploads\/2022\/06\/Video-Insights4.png","datePublished":"2022-06-16T06:40:22+00:00","dateModified":"2024-05-02T14:24:22+00:00","breadcrumb":{"@id":"https:\/\/auxmode.com\/pt\/insights-de-video\/#breadcrumb"},"inLanguage":"pt-PT","potentialAction":[{"@type":"ReadAction","target":["https:\/\/auxmode.com\/pt\/insights-de-video\/"]}]},{"@type":"ImageObject","inLanguage":"pt-PT","@id":"https:\/\/auxmode.com\/pt\/insights-de-video\/#primaryimage","url":"https:\/\/auxmode.com\/wp-content\/uploads\/2022\/06\/Video-Insights4.png","contentUrl":"https:\/\/auxmode.com\/wp-content\/uploads\/2022\/06\/Video-Insights4.png"},{"@type":"BreadcrumbList","@id":"https:\/\/auxmode.com\/pt\/insights-de-video\/#breadcrumb","itemListElement":[{"@type":"ListItem","position":1,"name":"Home","item":"https:\/\/auxmode.com\/pt\/"},{"@type":"ListItem","position":2,"name":"Insights de V\u00eddeo"}]},{"@type":"WebSite","@id":"https:\/\/auxmode.com\/#website","url":"https:\/\/auxmode.com\/","name":"Aux Mode","description":"YouTube content monetization protection and Revenue Reporting Automation.","inLanguage":"pt-PT"}]}},"_links":{"self":[{"href":"https:\/\/auxmode.com\/pt\/wp-json\/wp\/v2\/pages\/26089","targetHints":{"allow":["GET"]}}],"collection":[{"href":"https:\/\/auxmode.com\/pt\/wp-json\/wp\/v2\/pages"}],"about":[{"href":"https:\/\/auxmode.com\/pt\/wp-json\/wp\/v2\/types\/page"}],"author":[{"embeddable":true,"href":"https:\/\/auxmode.com\/pt\/wp-json\/wp\/v2\/users\/1"}],"replies":[{"embeddable":true,"href":"https:\/\/auxmode.com\/pt\/wp-json\/wp\/v2\/comments?post=26089"}],"version-history":[{"count":1,"href":"https:\/\/auxmode.com\/pt\/wp-json\/wp\/v2\/pages\/26089\/revisions"}],"predecessor-version":[{"id":26096,"href":"https:\/\/auxmode.com\/pt\/wp-json\/wp\/v2\/pages\/26089\/revisions\/26096"}],"up":[{"embeddable":true,"href":"https:\/\/auxmode.com\/pt\/wp-json\/wp\/v2\/pages\/26116"}],"wp:attachment":[{"href":"https:\/\/auxmode.com\/pt\/wp-json\/wp\/v2\/media?parent=26089"}],"curies":[{"name":"wp","href":"https:\/\/api.w.org\/{rel}","templated":true}]}}