{"id":26075,"date":"2022-05-13T02:36:19","date_gmt":"2022-05-13T02:36:19","guid":{"rendered":"https:\/\/auxmode.com\/territorial-rights-verification\/"},"modified":"2024-05-04T15:00:48","modified_gmt":"2024-05-04T15:00:48","slug":"verificacao-de-direitos-territoriais","status":"publish","type":"page","link":"https:\/\/auxmode.com\/pt\/produtos\/verificacao-de-direitos-territoriais\/","title":{"rendered":"Verifica\u00e7\u00e3o de Direitos Territoriais"},"content":{"rendered":"<div id=\"pl-gb26075-69dcab834c8ff\"  class=\"panel-layout\" ><div class=\"container\"><div id=\"pg-gb26075-69dcab834c8ff-0\"  class=\"panel-grid panel-has-style row\" ><div class=\"hero lighter siteorigin-panels-stretch panel-row-style panel-row-style-for-gb26075-69dcab834c8ff-0\" data-stretch-type=\"full\" ><div id=\"pgc-gb26075-69dcab834c8ff-0-0\"  class=\"panel-grid-cell 69dcab834c8ff-6 flip col-md-12\" ><div class=\"hero-left panel-cell-style panel-cell-style-for-gb26075-69dcab834c8ff-0-0\" ><div id=\"panel-gb26075-69dcab834c8ff-0-0-0\" class=\"so-panel widget widget_sow-editor panel-first-child panel-last-child\" data-index=\"0\" ><div class=\"so-widget-sow-editor so-widget-sow-editor-base\">\n<div class=\"siteorigin-widget-tinymce textwidget\">\n\t<h1>Verifica\u00e7\u00e3o de Direitos Territoriais<\/h1>\n<p>Verifique seus direitos de v\u00eddeo por territ\u00f3rio e aplique sua propriedade em reivindica\u00e7\u00f5es de terceiros.<\/p>\n<p><a class=\"btn btn-primary\" href=\"https:\/\/auxmode.com\/pt\/precos\/\">Planos e Pre\u00e7os<\/a><\/p>\n<\/div>\n<\/div><\/div><\/div><\/div><div id=\"pgc-gb26075-69dcab834c8ff-0-1\"  class=\"panel-grid-cell 69dcab834c8ff-6 flip col-md-12\" ><div class=\"hero-right panel-cell-style panel-cell-style-for-gb26075-69dcab834c8ff-0-1\" ><div id=\"panel-gb26075-69dcab834c8ff-0-1-0\" class=\"so-panel widget widget_media_image panel-first-child panel-last-child\" data-index=\"1\" ><div class=\"panel-widget-style panel-widget-style-for-gb26075-69dcab834c8ff-0-1-0\" ><img decoding=\"async\" width=\"582\" height=\"296\" src=\"https:\/\/auxmode.com\/wp-content\/uploads\/2022\/05\/art-earth-1.png\" class=\"image wp-image-17524  attachment-full size-full\" alt=\"YouTube Map\" style=\"max-width: 100%; height: auto;\" srcset=\"https:\/\/auxmode.com\/wp-content\/uploads\/2022\/05\/art-earth-1.png 582w, https:\/\/auxmode.com\/wp-content\/uploads\/2022\/05\/art-earth-1-300x153.png 300w\" sizes=\"(max-width: 582px) 100vw, 582px\" \/><\/div><\/div><\/div><\/div><\/div><\/div><\/div><div class=\"container\"><div id=\"pg-gb26075-69dcab834c8ff-1\"  class=\"panel-grid panel-has-style row\" ><div class=\"panel-usp panel-row-style panel-row-style-for-gb26075-69dcab834c8ff-1\" ><div id=\"pgc-gb26075-69dcab834c8ff-1-0\"  class=\"panel-grid-cell 69dcab834c8ff-7 flip col-md-12\" ><div id=\"panel-gb26075-69dcab834c8ff-1-0-0\" class=\"so-panel widget widget_media_image panel-first-child panel-last-child\" data-index=\"2\" ><img decoding=\"async\" width=\"253\" height=\"300\" src=\"https:\/\/auxmode.com\/wp-content\/uploads\/2022\/05\/art-checkmark-253x300.png\" class=\"image wp-image-17528 aligncenter attachment-medium size-medium\" alt=\"Security YouTube\" style=\"max-width: 100%; height: auto;\" srcset=\"https:\/\/auxmode.com\/wp-content\/uploads\/2022\/05\/art-checkmark-253x300.png 253w, https:\/\/auxmode.com\/wp-content\/uploads\/2022\/05\/art-checkmark.png 505w\" sizes=\"(max-width: 253px) 100vw, 253px\" \/><\/div><\/div><div id=\"pgc-gb26075-69dcab834c8ff-1-1\"  class=\"panel-grid-cell 69dcab834c8ff-7 flip col-md-12\" ><div id=\"panel-gb26075-69dcab834c8ff-1-1-0\" class=\"widget_text so-panel widget widget_custom_html panel-first-child panel-last-child\" data-index=\"3\" ><div class=\"textwidget custom-html-widget\"><h3>A Verifica\u00e7\u00e3o de Direitos Territoriais Oferece<\/h3>\n<ul class=\"usp-list\">\n\t<li class=\"usp-item\">\n\t\t<div class=\"icon\"><i class=\"fa fa-check\"><\/i><\/div>\n\t\t<div class=\"usp-content\">\n\t\t\t<h4>Auditoria de pol\u00edticas de Identifica\u00e7\u00e3o de Conte\u00fado (Content ID).<\/h4>\n\t\t<\/div>\n\t<\/li>\n\t\n\t<li class=\"usp-item\">\n\t\t<div class=\"icon\"><i class=\"fa fa-check\"><\/i><\/div>\n\t\t<div class=\"usp-content\">\n\t\t\t<h4>Identifica\u00e7\u00e3o autom\u00e1tica de pol\u00edticas sobrepostas.<\/h4>\n\t\t<\/div>\n\t<\/li>\n\t\n\t<li class=\"usp-item\">\n\t\t<div class=\"icon\"><i class=\"fa fa-check\"><\/i><\/div>\n\t\t<div class=\"usp-content\">\n\t\t\t<h4>Saiba qual a\u00e7\u00e3o tomar com um v\u00eddeo reivindicado.<\/h4>\n\t\t<\/div>\n\t<\/li>\n\t\n\t<li class=\"usp-item\">\n\t\t<div class=\"icon\"><i class=\"fa fa-check\"><\/i><\/div>\n\t\t<div class=\"usp-content\">\n\t\t\t<h4>Defina pol\u00edticas padr\u00e3o e uma estrutura de nomenclatura padronizada.<\/h4>\n\t\t<\/div>\n\t<\/li>\n\t\n\t<li class=\"usp-item\">\n\t\t<div class=\"icon\"><i class=\"fa fa-check\"><\/i><\/div>\n\t\t<div class=\"usp-content\">\n\t\t\t<h4>Rastreamento de reivindica\u00e7\u00f5es de v\u00eddeo m\u00eas a m\u00eas.<\/h4>\n\t\t<\/div>\n\t<\/li>\n\t\n<\/ul>\n\n<p><a class=\"btn\" href=\"https:\/\/auxmode.com\/pt\/contato\/\">Saiba mais<\/a><\/p><\/div><\/div><\/div><\/div><\/div><\/div><div class=\"container\"><div id=\"pg-gb26075-69dcab834c8ff-2\"  class=\"panel-grid panel-has-style row\" ><div class=\"homepage-row colored siteorigin-panels-stretch panel-row-style panel-row-style-for-gb26075-69dcab834c8ff-2\" data-stretch-type=\"full\" ><div id=\"pgc-gb26075-69dcab834c8ff-2-0\"  class=\"panel-grid-cell 69dcab834c8ff-8 flip col-md-12\" ><div id=\"panel-gb26075-69dcab834c8ff-2-0-0\" class=\"so-panel widget widget_sow-editor panel-first-child panel-last-child\" data-index=\"4\" ><div class=\"so-widget-sow-editor so-widget-sow-editor-base\">\n<div class=\"siteorigin-widget-tinymce textwidget\">\n\t<h3>Verifica\u00e7\u00e3o de Direitos Territoriais<\/h3>\n<p>Analise suas Pol\u00edticas de Content ID para garantir que sejam l\u00f3gicas e n\u00e3o contenham regras conflitantes sobrepostas, por exemplo, Rastrear Canad\u00e1, Bloquear Canad\u00e1. A Identifica\u00e7\u00e3o de Conte\u00fado n\u00e3o verifica a l\u00f3gica da pol\u00edtica, e portanto voc\u00ea pode ter pol\u00edticas configuradas onde h\u00e1 l\u00f3gica conflitante, o que reduzir\u00e1 quaisquer regras de Monetiza\u00e7\u00e3o e criar\u00e1 potenciais problemas de conformidade com acordos de licenciamento se os v\u00eddeos n\u00e3o estiverem corretamente georreferenciados.<\/p>\n<p>Nosso sistema baseado em permiss\u00f5es habilita ou desabilita cada recurso dispon\u00edvel para cada usu\u00e1rio. Baseando-se no conceito de classifica\u00e7\u00e3o de dados, desenvolvemos pol\u00edticas que verificam, no momento da consulta, se um usu\u00e1rio tem acesso adequado.<\/p>\n<p><a class=\"btn btn-primary\" href=\"https:\/\/auxmode.com\/pt\/contato\/\">Saiba mais<\/a><\/p>\n<\/div>\n<\/div><\/div><\/div><div id=\"pgc-gb26075-69dcab834c8ff-2-1\"  class=\"panel-grid-cell 69dcab834c8ff-8 flip col-md-12\" ><div id=\"panel-gb26075-69dcab834c8ff-2-1-0\" class=\"so-panel widget widget_media_image panel-first-child panel-last-child\" data-index=\"5\" ><img decoding=\"async\" width=\"370\" height=\"310\" src=\"https:\/\/auxmode.com\/wp-content\/uploads\/2022\/05\/art-youtube-live.png\" class=\"image wp-image-17532 aligncenter attachment-full size-full\" alt=\"Streaming Live on YouTube\" style=\"max-width: 100%; height: auto;\" srcset=\"https:\/\/auxmode.com\/wp-content\/uploads\/2022\/05\/art-youtube-live.png 370w, https:\/\/auxmode.com\/wp-content\/uploads\/2022\/05\/art-youtube-live-300x251.png 300w\" sizes=\"(max-width: 370px) 100vw, 370px\" \/><\/div><\/div><\/div><\/div><\/div><\/div>","protected":false},"excerpt":{"rendered":"<p>Verifica\u00e7\u00e3o de Direitos Territoriais <\/p>\n<p>Verifique seus direitos de v\u00eddeo por territ\u00f3rio e aplique sua propriedade em reivindica\u00e7\u00f5es de terceiros.<\/p>\n<p>Planos e Pre\u00e7os<\/p>\n<p> A Verifica\u00e7\u00e3o de Direitos Territoriais Oferece <\/p>\n<ul class=\"usp-list\">\n<li class=\"usp-item\"> Auditoria de pol\u00edticas de Identifica\u00e7\u00e3o de Conte\u00fado (Content ID). <\/li>\n<li class=\"usp-item\"> Identifica\u00e7\u00e3o autom\u00e1tica de pol\u00edticas sobrepostas. <\/li>\n<li class=\"usp-item\"> Saiba qual a\u00e7\u00e3o &hellip;\n<p><a class=\"more-link btn\" href=\"https:\/\/auxmode.com\/pt\/produtos\/verificacao-de-direitos-territoriais\/\">Continue a ler<\/a><\/p>\n<\/li>\n<\/ul>\n","protected":false},"author":1,"featured_media":0,"parent":26116,"menu_order":0,"comment_status":"closed","ping_status":"closed","template":"","meta":{"_acf_changed":false,"amp_status":"","footnotes":""},"class_list":["post-26075","page","type-page","status-publish","hentry","nodate","item-wrap"],"acf":[],"yoast_head":"<!-- This site is optimized with the Yoast SEO plugin v27.3 - https:\/\/yoast.com\/product\/yoast-seo-wordpress\/ -->\n<title>Content Territorial Rights Verification<\/title>\n<meta name=\"description\" content=\"Verify your YouTube Content ID to globally protect your video ownership on third party claims and ensure your YouTube policies are not overlapping.\" \/>\n<meta name=\"robots\" content=\"index, follow, max-snippet:-1, max-image-preview:large, max-video-preview:-1\" \/>\n<link rel=\"canonical\" href=\"https:\/\/auxmode.com\/pt\/produtos\/verificacao-de-direitos-territoriais\/\" \/>\n<meta property=\"og:locale\" content=\"pt_PT\" \/>\n<meta property=\"og:type\" content=\"article\" \/>\n<meta property=\"og:title\" content=\"Content Territorial Rights Verification\" \/>\n<meta property=\"og:description\" content=\"Verify your YouTube Content ID to globally protect your video ownership on third party claims and ensure your YouTube policies are not overlapping.\" \/>\n<meta property=\"og:url\" content=\"https:\/\/auxmode.com\/pt\/produtos\/verificacao-de-direitos-territoriais\/\" \/>\n<meta property=\"og:site_name\" content=\"Aux Mode\" \/>\n<meta property=\"article:modified_time\" content=\"2024-05-04T15:00:48+00:00\" \/>\n<meta property=\"og:image\" content=\"https:\/\/auxmode.com\/wp-content\/uploads\/2022\/05\/art-earth-1.png\" \/>\n<meta name=\"twitter:card\" content=\"summary_large_image\" \/>\n<meta name=\"twitter:label1\" content=\"Tempo estimado de leitura\" \/>\n\t<meta name=\"twitter:data1\" content=\"2 minutos\" \/>\n<script type=\"application\/ld+json\" class=\"yoast-schema-graph\">{\"@context\":\"https:\\\/\\\/schema.org\",\"@graph\":[{\"@type\":\"WebPage\",\"@id\":\"https:\\\/\\\/auxmode.com\\\/pt\\\/produtos\\\/verificacao-de-direitos-territoriais\\\/\",\"url\":\"https:\\\/\\\/auxmode.com\\\/pt\\\/produtos\\\/verificacao-de-direitos-territoriais\\\/\",\"name\":\"Content Territorial Rights Verification\",\"isPartOf\":{\"@id\":\"https:\\\/\\\/auxmode.com\\\/#website\"},\"primaryImageOfPage\":{\"@id\":\"https:\\\/\\\/auxmode.com\\\/pt\\\/produtos\\\/verificacao-de-direitos-territoriais\\\/#primaryimage\"},\"image\":{\"@id\":\"https:\\\/\\\/auxmode.com\\\/pt\\\/produtos\\\/verificacao-de-direitos-territoriais\\\/#primaryimage\"},\"thumbnailUrl\":\"https:\\\/\\\/auxmode.com\\\/wp-content\\\/uploads\\\/2022\\\/05\\\/art-earth-1.png\",\"datePublished\":\"2022-05-13T02:36:19+00:00\",\"dateModified\":\"2024-05-04T15:00:48+00:00\",\"description\":\"Verify your YouTube Content ID to globally protect your video ownership on third party claims and ensure your YouTube policies are not overlapping.\",\"breadcrumb\":{\"@id\":\"https:\\\/\\\/auxmode.com\\\/pt\\\/produtos\\\/verificacao-de-direitos-territoriais\\\/#breadcrumb\"},\"inLanguage\":\"pt-PT\",\"potentialAction\":[{\"@type\":\"ReadAction\",\"target\":[\"https:\\\/\\\/auxmode.com\\\/pt\\\/produtos\\\/verificacao-de-direitos-territoriais\\\/\"]}]},{\"@type\":\"ImageObject\",\"inLanguage\":\"pt-PT\",\"@id\":\"https:\\\/\\\/auxmode.com\\\/pt\\\/produtos\\\/verificacao-de-direitos-territoriais\\\/#primaryimage\",\"url\":\"https:\\\/\\\/auxmode.com\\\/wp-content\\\/uploads\\\/2022\\\/05\\\/art-earth-1.png\",\"contentUrl\":\"https:\\\/\\\/auxmode.com\\\/wp-content\\\/uploads\\\/2022\\\/05\\\/art-earth-1.png\"},{\"@type\":\"BreadcrumbList\",\"@id\":\"https:\\\/\\\/auxmode.com\\\/pt\\\/produtos\\\/verificacao-de-direitos-territoriais\\\/#breadcrumb\",\"itemListElement\":[{\"@type\":\"ListItem\",\"position\":1,\"name\":\"Home\",\"item\":\"https:\\\/\\\/auxmode.com\\\/pt\\\/\"},{\"@type\":\"ListItem\",\"position\":2,\"name\":\"Produtos\",\"item\":\"https:\\\/\\\/auxmode.com\\\/pt\\\/produtos\\\/\"},{\"@type\":\"ListItem\",\"position\":3,\"name\":\"Verifica\u00e7\u00e3o de Direitos Territoriais\"}]},{\"@type\":\"WebSite\",\"@id\":\"https:\\\/\\\/auxmode.com\\\/#website\",\"url\":\"https:\\\/\\\/auxmode.com\\\/\",\"name\":\"Aux Mode\",\"description\":\"YouTube content monetization protection and Revenue Reporting Automation.\",\"inLanguage\":\"pt-PT\"}]}<\/script>\n<!-- \/ Yoast SEO plugin. -->","yoast_head_json":{"title":"Content Territorial Rights Verification","description":"Verify your YouTube Content ID to globally protect your video ownership on third party claims and ensure your YouTube policies are not overlapping.","robots":{"index":"index","follow":"follow","max-snippet":"max-snippet:-1","max-image-preview":"max-image-preview:large","max-video-preview":"max-video-preview:-1"},"canonical":"https:\/\/auxmode.com\/pt\/produtos\/verificacao-de-direitos-territoriais\/","og_locale":"pt_PT","og_type":"article","og_title":"Content Territorial Rights Verification","og_description":"Verify your YouTube Content ID to globally protect your video ownership on third party claims and ensure your YouTube policies are not overlapping.","og_url":"https:\/\/auxmode.com\/pt\/produtos\/verificacao-de-direitos-territoriais\/","og_site_name":"Aux Mode","article_modified_time":"2024-05-04T15:00:48+00:00","og_image":[{"url":"https:\/\/auxmode.com\/wp-content\/uploads\/2022\/05\/art-earth-1.png","type":"","width":"","height":""}],"twitter_card":"summary_large_image","twitter_misc":{"Tempo estimado de leitura":"2 minutos"},"schema":{"@context":"https:\/\/schema.org","@graph":[{"@type":"WebPage","@id":"https:\/\/auxmode.com\/pt\/produtos\/verificacao-de-direitos-territoriais\/","url":"https:\/\/auxmode.com\/pt\/produtos\/verificacao-de-direitos-territoriais\/","name":"Content Territorial Rights Verification","isPartOf":{"@id":"https:\/\/auxmode.com\/#website"},"primaryImageOfPage":{"@id":"https:\/\/auxmode.com\/pt\/produtos\/verificacao-de-direitos-territoriais\/#primaryimage"},"image":{"@id":"https:\/\/auxmode.com\/pt\/produtos\/verificacao-de-direitos-territoriais\/#primaryimage"},"thumbnailUrl":"https:\/\/auxmode.com\/wp-content\/uploads\/2022\/05\/art-earth-1.png","datePublished":"2022-05-13T02:36:19+00:00","dateModified":"2024-05-04T15:00:48+00:00","description":"Verify your YouTube Content ID to globally protect your video ownership on third party claims and ensure your YouTube policies are not overlapping.","breadcrumb":{"@id":"https:\/\/auxmode.com\/pt\/produtos\/verificacao-de-direitos-territoriais\/#breadcrumb"},"inLanguage":"pt-PT","potentialAction":[{"@type":"ReadAction","target":["https:\/\/auxmode.com\/pt\/produtos\/verificacao-de-direitos-territoriais\/"]}]},{"@type":"ImageObject","inLanguage":"pt-PT","@id":"https:\/\/auxmode.com\/pt\/produtos\/verificacao-de-direitos-territoriais\/#primaryimage","url":"https:\/\/auxmode.com\/wp-content\/uploads\/2022\/05\/art-earth-1.png","contentUrl":"https:\/\/auxmode.com\/wp-content\/uploads\/2022\/05\/art-earth-1.png"},{"@type":"BreadcrumbList","@id":"https:\/\/auxmode.com\/pt\/produtos\/verificacao-de-direitos-territoriais\/#breadcrumb","itemListElement":[{"@type":"ListItem","position":1,"name":"Home","item":"https:\/\/auxmode.com\/pt\/"},{"@type":"ListItem","position":2,"name":"Produtos","item":"https:\/\/auxmode.com\/pt\/produtos\/"},{"@type":"ListItem","position":3,"name":"Verifica\u00e7\u00e3o de Direitos Territoriais"}]},{"@type":"WebSite","@id":"https:\/\/auxmode.com\/#website","url":"https:\/\/auxmode.com\/","name":"Aux Mode","description":"YouTube content monetization protection and Revenue Reporting Automation.","inLanguage":"pt-PT"}]}},"_links":{"self":[{"href":"https:\/\/auxmode.com\/pt\/wp-json\/wp\/v2\/pages\/26075","targetHints":{"allow":["GET"]}}],"collection":[{"href":"https:\/\/auxmode.com\/pt\/wp-json\/wp\/v2\/pages"}],"about":[{"href":"https:\/\/auxmode.com\/pt\/wp-json\/wp\/v2\/types\/page"}],"author":[{"embeddable":true,"href":"https:\/\/auxmode.com\/pt\/wp-json\/wp\/v2\/users\/1"}],"replies":[{"embeddable":true,"href":"https:\/\/auxmode.com\/pt\/wp-json\/wp\/v2\/comments?post=26075"}],"version-history":[{"count":1,"href":"https:\/\/auxmode.com\/pt\/wp-json\/wp\/v2\/pages\/26075\/revisions"}],"predecessor-version":[{"id":26080,"href":"https:\/\/auxmode.com\/pt\/wp-json\/wp\/v2\/pages\/26075\/revisions\/26080"}],"up":[{"embeddable":true,"href":"https:\/\/auxmode.com\/pt\/wp-json\/wp\/v2\/pages\/26116"}],"wp:attachment":[{"href":"https:\/\/auxmode.com\/pt\/wp-json\/wp\/v2\/media?parent=26075"}],"curies":[{"name":"wp","href":"https:\/\/api.w.org\/{rel}","templated":true}]}}