{"id":26061,"date":"2023-03-12T04:22:05","date_gmt":"2023-03-12T04:22:05","guid":{"rendered":"https:\/\/auxmode.com\/streaming-music-royalties\/"},"modified":"2024-05-02T13:57:03","modified_gmt":"2024-05-02T13:57:03","slug":"direitos-autorais-de-streaming-de-musica","status":"publish","type":"page","link":"https:\/\/auxmode.com\/pt\/produtos\/direitos-autorais-de-streaming-de-musica\/","title":{"rendered":"Direitos Autorais de Streaming de M\u00fasica"},"content":{"rendered":"<div id=\"pl-gb26061-69e5f63885aff\"  class=\"panel-layout\" ><div class=\"container\"><div id=\"pg-gb26061-69e5f63885aff-0\"  class=\"panel-grid panel-has-style row\" ><div class=\"hero lighter siteorigin-panels-stretch panel-row-style panel-row-style-for-gb26061-69e5f63885aff-0\" data-stretch-type=\"full\" ><div id=\"pgc-gb26061-69e5f63885aff-0-0\"  class=\"panel-grid-cell 69e5f63885aff-6 flip col-md-12\" ><div class=\"hero-left panel-cell-style panel-cell-style-for-gb26061-69e5f63885aff-0-0\" ><div id=\"panel-gb26061-69e5f63885aff-0-0-0\" class=\"so-panel widget widget_sow-editor panel-first-child panel-last-child\" data-index=\"0\" ><div class=\"so-widget-sow-editor so-widget-sow-editor-base\">\n<div class=\"siteorigin-widget-tinymce textwidget\">\n\t<h1>Direitos Autorais de Streaming de M\u00fasica<\/h1>\n<p>Ferramenta de automa\u00e7\u00e3o de relat\u00f3rios de royalties de m\u00fasica para streaming, para relat\u00f3rios concisos por gravadora, artista e faixa. Criando efici\u00eancias significativas para departamentos de contabilidade, contadores e gravadoras.<\/p>\n<p><a class=\"btn btn-primary\" href=\"https:\/\/auxmode.com\/pt\/precos\/\">Planos e Pre\u00e7os<\/a><\/p>\n<\/div>\n<\/div><\/div><\/div><\/div><div id=\"pgc-gb26061-69e5f63885aff-0-1\"  class=\"panel-grid-cell 69e5f63885aff-6 flip col-md-12\" ><div class=\"hero-right panel-cell-style panel-cell-style-for-gb26061-69e5f63885aff-0-1\" ><div id=\"panel-gb26061-69e5f63885aff-0-1-0\" class=\"so-panel widget widget_media_image panel-first-child panel-last-child\" data-index=\"1\" ><div class=\"panel-widget-style panel-widget-style-for-gb26061-69e5f63885aff-0-1-0\" ><img decoding=\"async\" width=\"400\" height=\"342\" src=\"https:\/\/auxmode.com\/wp-content\/uploads\/2023\/03\/Products_Streaming-Music-Royalties_1.png\" class=\"image wp-image-24112  attachment-400x342 size-400x342\" alt=\"YouTube Streaming Music Royalties\" style=\"max-width: 100%; height: auto;\" srcset=\"https:\/\/auxmode.com\/wp-content\/uploads\/2023\/03\/Products_Streaming-Music-Royalties_1.png 555w, https:\/\/auxmode.com\/wp-content\/uploads\/2023\/03\/Products_Streaming-Music-Royalties_1-300x256.png 300w\" sizes=\"(max-width: 400px) 100vw, 400px\" \/><\/div><\/div><\/div><\/div><\/div><\/div><\/div><div class=\"container\"><div id=\"pg-gb26061-69e5f63885aff-1\"  class=\"panel-grid panel-has-style row\" ><div class=\"panel-usp panel-row-style panel-row-style-for-gb26061-69e5f63885aff-1\" ><div id=\"pgc-gb26061-69e5f63885aff-1-0\"  class=\"panel-grid-cell 69e5f63885aff-7 flip col-md-12\" ><div id=\"panel-gb26061-69e5f63885aff-1-0-0\" class=\"so-panel widget widget_media_image panel-first-child panel-last-child\" data-index=\"2\" ><img decoding=\"async\" width=\"300\" height=\"300\" src=\"https:\/\/auxmode.com\/wp-content\/uploads\/2023\/03\/Products_Streaming-Music-Royalties_2-300x300.png\" class=\"image wp-image-24114 aligncenter attachment-medium size-medium\" alt=\"YouTube Streaming Music Royalties\" style=\"max-width: 100%; height: auto;\" srcset=\"https:\/\/auxmode.com\/wp-content\/uploads\/2023\/03\/Products_Streaming-Music-Royalties_2-300x300.png 300w, https:\/\/auxmode.com\/wp-content\/uploads\/2023\/03\/Products_Streaming-Music-Royalties_2-150x150.png 150w, https:\/\/auxmode.com\/wp-content\/uploads\/2023\/03\/Products_Streaming-Music-Royalties_2.png 555w\" sizes=\"(max-width: 300px) 100vw, 300px\" \/><\/div><\/div><div id=\"pgc-gb26061-69e5f63885aff-1-1\"  class=\"panel-grid-cell 69e5f63885aff-7 flip col-md-12\" ><div id=\"panel-gb26061-69e5f63885aff-1-1-0\" class=\"widget_text so-panel widget widget_custom_html panel-first-child panel-last-child\" data-index=\"3\" ><div class=\"textwidget custom-html-widget\"><h3>Direitos Autorais de Streaming de M\u00fasica Oferece<\/h3>\n<ul class=\"usp-list\">\n\t<li class=\"usp-item\">\n\t\t<div class=\"icon\"><i class=\"fa fa-check\"><\/i><\/div>\n\t\t<div class=\"usp-content\">\n\t\t\t<h4>Relat\u00f3rios de Royalties por Regi\u00e3o.<\/h4>\n\t\t<\/div>\n\t<\/li>\n\t\n\t<li class=\"usp-item\">\n\t\t<div class=\"icon\"><i class=\"fa fa-check\"><\/i><\/div>\n\t\t<div class=\"usp-content\">\n\t\t\t<h4>Relat\u00f3rios de Royalties por Faixa (ISRC).<\/h4>\n\t\t<\/div>\n\t<\/li>\n\t\n\t<li class=\"usp-item\">\n\t\t<div class=\"icon\"><i class=\"fa fa-check\"><\/i><\/div>\n\t\t<div class=\"usp-content\">\n\t\t\t<h4>Relat\u00f3rios de Royalties por \u00c1lbum (UPC).<\/h4>\n\t\t<\/div>\n\t<\/li>\n\t\n\t<li class=\"usp-item\">\n\t\t<div class=\"icon\"><i class=\"fa fa-check\"><\/i><\/div>\n\t\t<div class=\"usp-content\">\n\t\t\t<h4>Relat\u00f3rios de Royalties por Gravadoras.<\/h4>\n\t\t<\/div>\n\t<\/li>\n\t\n\t<li class=\"usp-item\">\n\t\t<div class=\"icon\"><i class=\"fa fa-check\"><\/i><\/div>\n\t\t<div class=\"usp-content\">\n\t\t\t<h4>Divis\u00f5es de Receita em Relat\u00f3rios de Royalties.<\/h4>\n\t\t<\/div>\n\t<\/li>\n\t\n\t<li class=\"usp-item\">\n\t\t<div class=\"icon\"><i class=\"fa fa-check\"><\/i><\/div>\n\t\t<div class=\"usp-content\">\n\t\t\t<h4>Servi\u00e7o profissional para revisar suas pol\u00edticas de royalties de streaming.<\/h4>\n\t\t<\/div>\n\t<\/li>\n\t\n<\/ul>\n\n<p><a class=\"btn\" href=\"https:\/\/auxmode.com\/pt\/contato\/\">Saiba mais<\/a><\/p><\/div><\/div><\/div><\/div><\/div><\/div><div class=\"container\"><div id=\"pg-gb26061-69e5f63885aff-2\"  class=\"panel-grid panel-has-style row\" ><div class=\"homepage-row colored siteorigin-panels-stretch panel-row-style panel-row-style-for-gb26061-69e5f63885aff-2\" data-stretch-type=\"full\" ><div id=\"pgc-gb26061-69e5f63885aff-2-0\"  class=\"panel-grid-cell 69e5f63885aff-8 flip col-md-12\" ><div id=\"panel-gb26061-69e5f63885aff-2-0-0\" class=\"so-panel widget widget_sow-editor panel-first-child panel-last-child\" data-index=\"4\" ><div class=\"so-widget-sow-editor so-widget-sow-editor-base\">\n<div class=\"siteorigin-widget-tinymce textwidget\">\n\t<h3>Direitos Autorais de Streaming de M\u00fasica<\/h3>\n<p>Desenvolvemos um processo de automa\u00e7\u00e3o de royalties de streaming totalmente automatizado.<\/p>\n<p>Royalties de plataformas de streaming, direitos e c\u00e1lculos s\u00e3o todos automatizados. Automa\u00e7\u00e3o de receita de gravadora por faixa, \u00e1lbum por regi\u00e3o e pelos dez primeiros s\u00e3o automatizados. C\u00e1lculos de divis\u00e3o de receita dispon\u00edveis por gravadora, por faixa e\/ou \u00e1lbum por regi\u00e3o e em todo o mundo.<\/p>\n<p>Esse processo diminui todas as tarefas operacionais necess\u00e1rias entre gravadoras e artistas.<\/p>\n<p><a class=\"btn btn-primary\" href=\"https:\/\/auxmode.com\/pt\/contato\/\">Saiba mais<\/a><\/p>\n<\/div>\n<\/div><\/div><\/div><div id=\"pgc-gb26061-69e5f63885aff-2-1\"  class=\"panel-grid-cell 69e5f63885aff-8 flip col-md-12\" ><div id=\"panel-gb26061-69e5f63885aff-2-1-0\" class=\"so-panel widget widget_media_image panel-first-child panel-last-child\" data-index=\"5\" ><img decoding=\"async\" width=\"300\" height=\"261\" src=\"https:\/\/auxmode.com\/wp-content\/uploads\/2023\/03\/Products_Streaming-Music-Royalties_3-300x261.png\" class=\"image wp-image-24116 aligncenter attachment-medium size-medium\" alt=\"YouTube Streaming Video Royalties\" style=\"max-width: 100%; height: auto;\" srcset=\"https:\/\/auxmode.com\/wp-content\/uploads\/2023\/03\/Products_Streaming-Music-Royalties_3-300x261.png 300w, https:\/\/auxmode.com\/wp-content\/uploads\/2023\/03\/Products_Streaming-Music-Royalties_3.png 522w\" sizes=\"(max-width: 300px) 100vw, 300px\" \/><\/div><\/div><\/div><\/div><\/div><\/div>","protected":false},"excerpt":{"rendered":"<p>Direitos Autorais de Streaming de M\u00fasica <\/p>\n<p>Ferramenta de automa\u00e7\u00e3o de relat\u00f3rios de royalties de m\u00fasica para streaming, para relat\u00f3rios concisos por gravadora, artista e faixa. Criando efici\u00eancias significativas para departamentos de contabilidade, contadores e gravadoras.<\/p>\n<p>Planos e Pre\u00e7os<\/p>\n<p> Direitos Autorais de Streaming de M\u00fasica Oferece <\/p>\n<ul class=\"usp-list\">\n<li class=\"usp-item\"> Relat\u00f3rios de Royalties por Regi\u00e3o. <\/li>\n<p> &hellip; <\/p>\n<p><a class=\"more-link btn\" href=\"https:\/\/auxmode.com\/pt\/produtos\/direitos-autorais-de-streaming-de-musica\/\">Continue a ler<\/a><\/p>\n<\/ul>\n","protected":false},"author":1,"featured_media":0,"parent":26116,"menu_order":0,"comment_status":"closed","ping_status":"closed","template":"","meta":{"_acf_changed":false,"amp_status":"","footnotes":""},"class_list":["post-26061","page","type-page","status-publish","hentry","nodate","item-wrap"],"acf":[],"yoast_head":"<!-- This site is optimized with the Yoast SEO plugin v27.4 - https:\/\/yoast.com\/product\/yoast-seo-wordpress\/ -->\n<title>Direitos Autorais de Streaming de M\u00fasica - Aux Mode<\/title>\n<meta name=\"robots\" content=\"index, follow, max-snippet:-1, max-image-preview:large, max-video-preview:-1\" \/>\n<link rel=\"canonical\" href=\"https:\/\/auxmode.com\/pt\/direitos-autorais-de-streaming-de-musica\/\" \/>\n<meta property=\"og:locale\" content=\"pt_PT\" \/>\n<meta property=\"og:type\" content=\"article\" \/>\n<meta property=\"og:title\" content=\"Direitos Autorais de Streaming de M\u00fasica - Aux Mode\" \/>\n<meta property=\"og:description\" content=\"Direitos Autorais de Streaming de M\u00fasica Ferramenta de automa\u00e7\u00e3o de relat\u00f3rios de royalties de m\u00fasica para streaming, para relat\u00f3rios concisos por gravadora, artista e faixa. Criando efici\u00eancias significativas para departamentos de contabilidade, contadores e gravadoras. Planos e Pre\u00e7os Direitos Autorais de Streaming de M\u00fasica Oferece  Relat\u00f3rios de Royalties por Regi\u00e3o. &hellip; Continue a ler\" \/>\n<meta property=\"og:url\" content=\"https:\/\/auxmode.com\/pt\/direitos-autorais-de-streaming-de-musica\/\" \/>\n<meta property=\"og:site_name\" content=\"Aux Mode\" \/>\n<meta property=\"article:modified_time\" content=\"2024-05-02T13:57:03+00:00\" \/>\n<meta property=\"og:image\" content=\"https:\/\/auxmode.com\/wp-content\/uploads\/2023\/03\/Products_Streaming-Music-Royalties_1.png\" \/>\n<meta name=\"twitter:card\" content=\"summary_large_image\" \/>\n<meta name=\"twitter:label1\" content=\"Tempo estimado de leitura\" \/>\n\t<meta name=\"twitter:data1\" content=\"2 minutos\" \/>\n<script type=\"application\/ld+json\" class=\"yoast-schema-graph\">{\"@context\":\"https:\\\/\\\/schema.org\",\"@graph\":[{\"@type\":\"WebPage\",\"@id\":\"https:\\\/\\\/auxmode.com\\\/pt\\\/direitos-autorais-de-streaming-de-musica\\\/\",\"url\":\"https:\\\/\\\/auxmode.com\\\/pt\\\/direitos-autorais-de-streaming-de-musica\\\/\",\"name\":\"Direitos Autorais de Streaming de M\u00fasica - Aux Mode\",\"isPartOf\":{\"@id\":\"https:\\\/\\\/auxmode.com\\\/#website\"},\"primaryImageOfPage\":{\"@id\":\"https:\\\/\\\/auxmode.com\\\/pt\\\/direitos-autorais-de-streaming-de-musica\\\/#primaryimage\"},\"image\":{\"@id\":\"https:\\\/\\\/auxmode.com\\\/pt\\\/direitos-autorais-de-streaming-de-musica\\\/#primaryimage\"},\"thumbnailUrl\":\"https:\\\/\\\/auxmode.com\\\/wp-content\\\/uploads\\\/2023\\\/03\\\/Products_Streaming-Music-Royalties_1.png\",\"datePublished\":\"2023-03-12T04:22:05+00:00\",\"dateModified\":\"2024-05-02T13:57:03+00:00\",\"breadcrumb\":{\"@id\":\"https:\\\/\\\/auxmode.com\\\/pt\\\/direitos-autorais-de-streaming-de-musica\\\/#breadcrumb\"},\"inLanguage\":\"pt-PT\",\"potentialAction\":[{\"@type\":\"ReadAction\",\"target\":[\"https:\\\/\\\/auxmode.com\\\/pt\\\/direitos-autorais-de-streaming-de-musica\\\/\"]}]},{\"@type\":\"ImageObject\",\"inLanguage\":\"pt-PT\",\"@id\":\"https:\\\/\\\/auxmode.com\\\/pt\\\/direitos-autorais-de-streaming-de-musica\\\/#primaryimage\",\"url\":\"https:\\\/\\\/auxmode.com\\\/wp-content\\\/uploads\\\/2023\\\/03\\\/Products_Streaming-Music-Royalties_1.png\",\"contentUrl\":\"https:\\\/\\\/auxmode.com\\\/wp-content\\\/uploads\\\/2023\\\/03\\\/Products_Streaming-Music-Royalties_1.png\"},{\"@type\":\"BreadcrumbList\",\"@id\":\"https:\\\/\\\/auxmode.com\\\/pt\\\/direitos-autorais-de-streaming-de-musica\\\/#breadcrumb\",\"itemListElement\":[{\"@type\":\"ListItem\",\"position\":1,\"name\":\"Home\",\"item\":\"https:\\\/\\\/auxmode.com\\\/pt\\\/\"},{\"@type\":\"ListItem\",\"position\":2,\"name\":\"Direitos Autorais de Streaming de M\u00fasica\"}]},{\"@type\":\"WebSite\",\"@id\":\"https:\\\/\\\/auxmode.com\\\/#website\",\"url\":\"https:\\\/\\\/auxmode.com\\\/\",\"name\":\"Aux Mode\",\"description\":\"YouTube content monetization protection and Revenue Reporting Automation.\",\"inLanguage\":\"pt-PT\"}]}<\/script>\n<!-- \/ Yoast SEO plugin. -->","yoast_head_json":{"title":"Direitos Autorais de Streaming de M\u00fasica - Aux Mode","robots":{"index":"index","follow":"follow","max-snippet":"max-snippet:-1","max-image-preview":"max-image-preview:large","max-video-preview":"max-video-preview:-1"},"canonical":"https:\/\/auxmode.com\/pt\/direitos-autorais-de-streaming-de-musica\/","og_locale":"pt_PT","og_type":"article","og_title":"Direitos Autorais de Streaming de M\u00fasica - Aux Mode","og_description":"Direitos Autorais de Streaming de M\u00fasica Ferramenta de automa\u00e7\u00e3o de relat\u00f3rios de royalties de m\u00fasica para streaming, para relat\u00f3rios concisos por gravadora, artista e faixa. Criando efici\u00eancias significativas para departamentos de contabilidade, contadores e gravadoras. Planos e Pre\u00e7os Direitos Autorais de Streaming de M\u00fasica Oferece  Relat\u00f3rios de Royalties por Regi\u00e3o. &hellip; Continue a ler","og_url":"https:\/\/auxmode.com\/pt\/direitos-autorais-de-streaming-de-musica\/","og_site_name":"Aux Mode","article_modified_time":"2024-05-02T13:57:03+00:00","og_image":[{"url":"https:\/\/auxmode.com\/wp-content\/uploads\/2023\/03\/Products_Streaming-Music-Royalties_1.png","type":"","width":"","height":""}],"twitter_card":"summary_large_image","twitter_misc":{"Tempo estimado de leitura":"2 minutos"},"schema":{"@context":"https:\/\/schema.org","@graph":[{"@type":"WebPage","@id":"https:\/\/auxmode.com\/pt\/direitos-autorais-de-streaming-de-musica\/","url":"https:\/\/auxmode.com\/pt\/direitos-autorais-de-streaming-de-musica\/","name":"Direitos Autorais de Streaming de M\u00fasica - Aux Mode","isPartOf":{"@id":"https:\/\/auxmode.com\/#website"},"primaryImageOfPage":{"@id":"https:\/\/auxmode.com\/pt\/direitos-autorais-de-streaming-de-musica\/#primaryimage"},"image":{"@id":"https:\/\/auxmode.com\/pt\/direitos-autorais-de-streaming-de-musica\/#primaryimage"},"thumbnailUrl":"https:\/\/auxmode.com\/wp-content\/uploads\/2023\/03\/Products_Streaming-Music-Royalties_1.png","datePublished":"2023-03-12T04:22:05+00:00","dateModified":"2024-05-02T13:57:03+00:00","breadcrumb":{"@id":"https:\/\/auxmode.com\/pt\/direitos-autorais-de-streaming-de-musica\/#breadcrumb"},"inLanguage":"pt-PT","potentialAction":[{"@type":"ReadAction","target":["https:\/\/auxmode.com\/pt\/direitos-autorais-de-streaming-de-musica\/"]}]},{"@type":"ImageObject","inLanguage":"pt-PT","@id":"https:\/\/auxmode.com\/pt\/direitos-autorais-de-streaming-de-musica\/#primaryimage","url":"https:\/\/auxmode.com\/wp-content\/uploads\/2023\/03\/Products_Streaming-Music-Royalties_1.png","contentUrl":"https:\/\/auxmode.com\/wp-content\/uploads\/2023\/03\/Products_Streaming-Music-Royalties_1.png"},{"@type":"BreadcrumbList","@id":"https:\/\/auxmode.com\/pt\/direitos-autorais-de-streaming-de-musica\/#breadcrumb","itemListElement":[{"@type":"ListItem","position":1,"name":"Home","item":"https:\/\/auxmode.com\/pt\/"},{"@type":"ListItem","position":2,"name":"Direitos Autorais de Streaming de M\u00fasica"}]},{"@type":"WebSite","@id":"https:\/\/auxmode.com\/#website","url":"https:\/\/auxmode.com\/","name":"Aux Mode","description":"YouTube content monetization protection and Revenue Reporting Automation.","inLanguage":"pt-PT"}]}},"_links":{"self":[{"href":"https:\/\/auxmode.com\/pt\/wp-json\/wp\/v2\/pages\/26061","targetHints":{"allow":["GET"]}}],"collection":[{"href":"https:\/\/auxmode.com\/pt\/wp-json\/wp\/v2\/pages"}],"about":[{"href":"https:\/\/auxmode.com\/pt\/wp-json\/wp\/v2\/types\/page"}],"author":[{"embeddable":true,"href":"https:\/\/auxmode.com\/pt\/wp-json\/wp\/v2\/users\/1"}],"replies":[{"embeddable":true,"href":"https:\/\/auxmode.com\/pt\/wp-json\/wp\/v2\/comments?post=26061"}],"version-history":[{"count":1,"href":"https:\/\/auxmode.com\/pt\/wp-json\/wp\/v2\/pages\/26061\/revisions"}],"predecessor-version":[{"id":26066,"href":"https:\/\/auxmode.com\/pt\/wp-json\/wp\/v2\/pages\/26061\/revisions\/26066"}],"up":[{"embeddable":true,"href":"https:\/\/auxmode.com\/pt\/wp-json\/wp\/v2\/pages\/26116"}],"wp:attachment":[{"href":"https:\/\/auxmode.com\/pt\/wp-json\/wp\/v2\/media?parent=26061"}],"curies":[{"name":"wp","href":"https:\/\/api.w.org\/{rel}","templated":true}]}}