{"id":26036,"date":"2018-08-30T19:25:35","date_gmt":"2018-08-30T19:25:35","guid":{"rendered":"https:\/\/auxmode.com\/aux-mode-dashboard\/"},"modified":"2024-05-04T15:10:54","modified_gmt":"2024-05-04T15:10:54","slug":"panel-aux-mode","status":"publish","type":"page","link":"https:\/\/auxmode.com\/pt\/produtos\/panel-aux-mode\/","title":{"rendered":"Painel"},"content":{"rendered":"<div id=\"pl-gb26036-69d4d635b083f\"  class=\"panel-layout\" ><div class=\"container\"><div id=\"pg-gb26036-69d4d635b083f-0\"  class=\"panel-grid panel-has-style row\" ><div class=\"hero lighter siteorigin-panels-stretch panel-row-style panel-row-style-for-gb26036-69d4d635b083f-0\" data-stretch-type=\"full\" ><div id=\"pgc-gb26036-69d4d635b083f-0-0\"  class=\"panel-grid-cell 69d4d635b083f-6 flip col-md-12\" ><div class=\"hero-left panel-cell-style panel-cell-style-for-gb26036-69d4d635b083f-0-0\" ><div id=\"panel-gb26036-69d4d635b083f-0-0-0\" class=\"so-panel widget widget_sow-editor panel-first-child panel-last-child\" data-index=\"0\" ><div class=\"so-widget-sow-editor so-widget-sow-editor-base\">\n<div class=\"siteorigin-widget-tinymce textwidget\">\n\t<h1>Painel Aux Mode<\/h1>\n<p>Descubra insights que podem ajud\u00e1-lo a entender seu ecossistema de v\u00eddeo online, desempenho de v\u00eddeo globalmente e criar relat\u00f3rios de receita personalizados.<\/p>\n<p><a class=\"btn btn-primary\" href=\"https:\/\/auxmode.com\/pt\/precos\/\">Planos e Pre\u00e7os<\/a><\/p>\n<\/div>\n<\/div><\/div><\/div><\/div><div id=\"pgc-gb26036-69d4d635b083f-0-1\"  class=\"panel-grid-cell 69d4d635b083f-6 flip col-md-12\" ><div class=\"hero-right panel-cell-style panel-cell-style-for-gb26036-69d4d635b083f-0-1\" ><div id=\"panel-gb26036-69d4d635b083f-0-1-0\" class=\"so-panel widget widget_media_image panel-first-child panel-last-child\" data-index=\"1\" ><div class=\"panel-widget-style panel-widget-style-for-gb26036-69d4d635b083f-0-1-0\" ><img decoding=\"async\" width=\"270\" height=\"152\" src=\"https:\/\/auxmode.com\/wp-content\/uploads\/2022\/06\/art-dashboard.png\" class=\"image wp-image-18112  attachment-full size-full\" alt=\"Aux Mode Dashboard\" style=\"max-width: 100%; height: auto;\" \/><\/div><\/div><\/div><\/div><\/div><\/div><\/div><div class=\"container\"><div id=\"pg-gb26036-69d4d635b083f-1\"  class=\"panel-grid panel-has-style row\" ><div class=\"panel-usp panel-row-style panel-row-style-for-gb26036-69d4d635b083f-1\" ><div id=\"pgc-gb26036-69d4d635b083f-1-0\"  class=\"panel-grid-cell 69d4d635b083f-7 flip col-md-12\" ><div id=\"panel-gb26036-69d4d635b083f-1-0-0\" class=\"so-panel widget widget_media_image panel-first-child panel-last-child\" data-index=\"2\" ><img decoding=\"async\" width=\"400\" height=\"285\" src=\"https:\/\/auxmode.com\/wp-content\/uploads\/2022\/06\/Aux-Mode-Dashboard5.png\" class=\"image wp-image-18137 aligncenter attachment-full size-full\" alt=\"Aux Mode Dashboard\" style=\"max-width: 100%; height: auto;\" srcset=\"https:\/\/auxmode.com\/wp-content\/uploads\/2022\/06\/Aux-Mode-Dashboard5.png 400w, https:\/\/auxmode.com\/wp-content\/uploads\/2022\/06\/Aux-Mode-Dashboard5-300x214.png 300w\" sizes=\"(max-width: 400px) 100vw, 400px\" \/><\/div><\/div><div id=\"pgc-gb26036-69d4d635b083f-1-1\"  class=\"panel-grid-cell 69d4d635b083f-7 flip col-md-12\" ><div id=\"panel-gb26036-69d4d635b083f-1-1-0\" class=\"widget_text so-panel widget widget_custom_html panel-first-child panel-last-child\" data-index=\"3\" ><div class=\"textwidget custom-html-widget\"><h3>O Painel Aux Mode Oferece<\/h3>\n<ul class=\"usp-list\">\n\t<li class=\"usp-item\">\n\t\t<div class=\"icon\"><i class=\"fa fa-check\"><\/i><\/div>\n\t\t<div class=\"usp-content\">\n\t\t\t<h4>Visualize relat\u00f3rios de receita personalizados, segmentos, filtro e visualize seus dados.<\/h4>\n\t\t<\/div>\n\t<\/li>\n\t\n\t<li class=\"usp-item\">\n\t\t<div class=\"icon\"><i class=\"fa fa-check\"><\/i><\/div>\n\t\t<div class=\"usp-content\">\n\t\t\t<h4>Exiba dados ao vivo e atualizados dinamicamente. \u00c0 medida que sua fonte de dados \u00e9 atualizada, seu painel tamb\u00e9m \u00e9.<\/h4>\n\t\t<\/div>\n\t<\/li>\n\t\n\t<li class=\"usp-item\">\n\t\t<div class=\"icon\"><i class=\"fa fa-check\"><\/i><\/div>\n\t\t<div class=\"usp-content\">\n\t\t\t<h4>Maximize a audi\u00eancia por meio de An\u00e1lise de Palavras-chave e Tags.<\/h4>\n\t\t<\/div>\n\t<\/li>\n\t\n\t<li class=\"usp-item\">\n\t\t<div class=\"icon\"><i class=\"fa fa-check\"><\/i><\/div>\n\t\t<div class=\"usp-content\">\n\t\t\t<h4>Descubra insights acion\u00e1veis sobre seu conte\u00fado de v\u00eddeo.<\/h4>\n\t\t<\/div>\n\t<\/li>\n\t\n\t<li class=\"usp-item\">\n\t\t<div class=\"icon\"><i class=\"fa fa-check\"><\/i><\/div>\n\t\t<div class=\"usp-content\">\n\t\t\t<h4>Compreenda o comportamento da audi\u00eancia.<\/h4>\n\t\t<\/div>\n\t<\/li>\n<\/ul>\n\n<p><a class=\"btn\" href=\"https:\/\/auxmode.com\/pt\/contato\/\">Saiba mais<\/a><\/p><\/div><\/div><\/div><\/div><\/div><\/div><div class=\"container\"><div id=\"pg-gb26036-69d4d635b083f-2\"  class=\"panel-grid panel-has-style row\" ><div class=\"homepage-row colored siteorigin-panels-stretch panel-row-style panel-row-style-for-gb26036-69d4d635b083f-2\" data-stretch-type=\"full\" ><div id=\"pgc-gb26036-69d4d635b083f-2-0\"  class=\"panel-grid-cell 69d4d635b083f-8 flip col-md-12\" ><div id=\"panel-gb26036-69d4d635b083f-2-0-0\" class=\"so-panel widget widget_sow-editor panel-first-child panel-last-child\" data-index=\"4\" ><div class=\"so-widget-sow-editor so-widget-sow-editor-base\">\n<div class=\"siteorigin-widget-tinymce textwidget\">\n\t<h3>Painel Aux Mode<\/h3>\n<p>Nosso painel \u00e9 uma interface gr\u00e1fica do usu\u00e1rio que fornece visualiza\u00e7\u00f5es r\u00e1pidas de indicadores-chave de desempenho. Relat\u00f3rios de progresso, visualiza\u00e7\u00e3o de dados e ferramentas de gerenciamento de informa\u00e7\u00f5es s\u00e3o usados para rastrear, analisar e exibir indicadores-chave de desempenho, m\u00e9tricas e pontos de dados de seu conte\u00fado e receita.<\/p>\n<p>A diferen\u00e7a entre um painel e um relat\u00f3rio \u00e9 o monitoramento cont\u00ednuo (como di\u00e1rio ou semanal) que podemos fornecer. O que torna pain\u00e9is e relat\u00f3rios t\u00e3o valiosos \u00e9 como voc\u00ea e sua equipe os usam a seu favor.<\/p>\n<p>Nosso painel transforma os dados brutos em algo leg\u00edvel para humanos. Em vez de vasculhar colunas ou linhas em uma planilha, voc\u00ea pode analisar seus dados em uma tabela, gr\u00e1fico de linhas, gr\u00e1fico de bolhas ou gr\u00e1fico de barras, apenas para citar algumas op\u00e7\u00f5es.<\/p>\n<p>Podemos ajudar a simplificar seus dados de streaming de v\u00eddeo.<\/p>\n<p><a class=\"btn btn-primary\" href=\"https:\/\/auxmode.com\/pt\/contato\/\">Saiba mais<\/a><\/p>\n<\/div>\n<\/div><\/div><\/div><div id=\"pgc-gb26036-69d4d635b083f-2-1\"  class=\"panel-grid-cell 69d4d635b083f-8 flip col-md-12\" ><div id=\"panel-gb26036-69d4d635b083f-2-1-0\" class=\"so-panel widget widget_media_image panel-first-child panel-last-child\" data-index=\"5\" ><img decoding=\"async\" width=\"555\" height=\"345\" src=\"https:\/\/auxmode.com\/wp-content\/uploads\/2022\/06\/Aux-Mode-Dashboard7.png\" class=\"image wp-image-18141  attachment-full size-full\" alt=\"Channel Management Dashboard\" style=\"max-width: 100%; height: auto;\" srcset=\"https:\/\/auxmode.com\/wp-content\/uploads\/2022\/06\/Aux-Mode-Dashboard7.png 555w, https:\/\/auxmode.com\/wp-content\/uploads\/2022\/06\/Aux-Mode-Dashboard7-300x186.png 300w\" sizes=\"(max-width: 555px) 100vw, 555px\" \/><\/div><\/div><\/div><\/div><\/div><\/div>","protected":false},"excerpt":{"rendered":"<p>Painel Aux Mode <\/p>\n<p>Descubra insights que podem ajud\u00e1-lo a entender seu ecossistema de v\u00eddeo online, desempenho de v\u00eddeo globalmente e criar relat\u00f3rios de receita personalizados.<\/p>\n<p>Planos e Pre\u00e7os<\/p>\n<p> O Painel Aux Mode Oferece <\/p>\n<ul class=\"usp-list\">\n<li class=\"usp-item\"> Visualize relat\u00f3rios de receita personalizados, segmentos, filtro e visualize seus dados. <\/li>\n<li class=\"usp-item\"> Exiba dados ao vivo &hellip;\n<p><a class=\"more-link btn\" href=\"https:\/\/auxmode.com\/pt\/produtos\/panel-aux-mode\/\">Continue a ler<\/a><\/p>\n<\/li>\n<\/ul>\n","protected":false},"author":1,"featured_media":0,"parent":26116,"menu_order":0,"comment_status":"closed","ping_status":"closed","template":"","meta":{"_acf_changed":false,"amp_status":"","footnotes":""},"class_list":["post-26036","page","type-page","status-publish","hentry","nodate","item-wrap"],"acf":[],"yoast_head":"<!-- This site is optimized with the Yoast SEO plugin v27.3 - https:\/\/yoast.com\/product\/yoast-seo-wordpress\/ -->\n<title>Panel Aux Mode<\/title>\n<meta name=\"description\" content=\"O Painel do YouTube pode revelar insights que podem ajud\u00e1-lo a entender o ecossistema de v\u00eddeo online do YouTube e o desempenho globalmente.\" \/>\n<meta name=\"robots\" content=\"index, follow, max-snippet:-1, max-image-preview:large, max-video-preview:-1\" \/>\n<link rel=\"canonical\" href=\"https:\/\/auxmode.com\/pt\/produtos\/panel-aux-mode\/\" \/>\n<meta property=\"og:locale\" content=\"pt_PT\" \/>\n<meta property=\"og:type\" content=\"article\" \/>\n<meta property=\"og:title\" content=\"Panel Aux Mode\" \/>\n<meta property=\"og:description\" content=\"O Painel do YouTube pode revelar insights que podem ajud\u00e1-lo a entender o ecossistema de v\u00eddeo online do YouTube e o desempenho globalmente.\" \/>\n<meta property=\"og:url\" content=\"https:\/\/auxmode.com\/pt\/produtos\/panel-aux-mode\/\" \/>\n<meta property=\"og:site_name\" content=\"Aux Mode\" \/>\n<meta property=\"article:modified_time\" content=\"2024-05-04T15:10:54+00:00\" \/>\n<meta property=\"og:image\" content=\"https:\/\/auxmode.com\/wp-content\/uploads\/2022\/06\/art-dashboard.png\" \/>\n<meta name=\"twitter:card\" content=\"summary_large_image\" \/>\n<meta name=\"twitter:label1\" content=\"Tempo estimado de leitura\" \/>\n\t<meta name=\"twitter:data1\" content=\"2 minutos\" \/>\n<script type=\"application\/ld+json\" class=\"yoast-schema-graph\">{\"@context\":\"https:\\\/\\\/schema.org\",\"@graph\":[{\"@type\":\"WebPage\",\"@id\":\"https:\\\/\\\/auxmode.com\\\/pt\\\/produtos\\\/panel-aux-mode\\\/\",\"url\":\"https:\\\/\\\/auxmode.com\\\/pt\\\/produtos\\\/panel-aux-mode\\\/\",\"name\":\"Panel Aux Mode\",\"isPartOf\":{\"@id\":\"https:\\\/\\\/auxmode.com\\\/#website\"},\"primaryImageOfPage\":{\"@id\":\"https:\\\/\\\/auxmode.com\\\/pt\\\/produtos\\\/panel-aux-mode\\\/#primaryimage\"},\"image\":{\"@id\":\"https:\\\/\\\/auxmode.com\\\/pt\\\/produtos\\\/panel-aux-mode\\\/#primaryimage\"},\"thumbnailUrl\":\"https:\\\/\\\/auxmode.com\\\/wp-content\\\/uploads\\\/2022\\\/06\\\/art-dashboard.png\",\"datePublished\":\"2018-08-30T19:25:35+00:00\",\"dateModified\":\"2024-05-04T15:10:54+00:00\",\"description\":\"O Painel do YouTube pode revelar insights que podem ajud\u00e1-lo a entender o ecossistema de v\u00eddeo online do YouTube e o desempenho globalmente.\",\"breadcrumb\":{\"@id\":\"https:\\\/\\\/auxmode.com\\\/pt\\\/produtos\\\/panel-aux-mode\\\/#breadcrumb\"},\"inLanguage\":\"pt-PT\",\"potentialAction\":[{\"@type\":\"ReadAction\",\"target\":[\"https:\\\/\\\/auxmode.com\\\/pt\\\/produtos\\\/panel-aux-mode\\\/\"]}]},{\"@type\":\"ImageObject\",\"inLanguage\":\"pt-PT\",\"@id\":\"https:\\\/\\\/auxmode.com\\\/pt\\\/produtos\\\/panel-aux-mode\\\/#primaryimage\",\"url\":\"https:\\\/\\\/auxmode.com\\\/wp-content\\\/uploads\\\/2022\\\/06\\\/art-dashboard.png\",\"contentUrl\":\"https:\\\/\\\/auxmode.com\\\/wp-content\\\/uploads\\\/2022\\\/06\\\/art-dashboard.png\"},{\"@type\":\"BreadcrumbList\",\"@id\":\"https:\\\/\\\/auxmode.com\\\/pt\\\/produtos\\\/panel-aux-mode\\\/#breadcrumb\",\"itemListElement\":[{\"@type\":\"ListItem\",\"position\":1,\"name\":\"Home\",\"item\":\"https:\\\/\\\/auxmode.com\\\/pt\\\/\"},{\"@type\":\"ListItem\",\"position\":2,\"name\":\"Produtos\",\"item\":\"https:\\\/\\\/auxmode.com\\\/pt\\\/produtos\\\/\"},{\"@type\":\"ListItem\",\"position\":3,\"name\":\"Painel\"}]},{\"@type\":\"WebSite\",\"@id\":\"https:\\\/\\\/auxmode.com\\\/#website\",\"url\":\"https:\\\/\\\/auxmode.com\\\/\",\"name\":\"Aux Mode\",\"description\":\"YouTube content monetization protection and Revenue Reporting Automation.\",\"inLanguage\":\"pt-PT\"}]}<\/script>\n<!-- \/ Yoast SEO plugin. -->","yoast_head_json":{"title":"Panel Aux Mode","description":"O Painel do YouTube pode revelar insights que podem ajud\u00e1-lo a entender o ecossistema de v\u00eddeo online do YouTube e o desempenho globalmente.","robots":{"index":"index","follow":"follow","max-snippet":"max-snippet:-1","max-image-preview":"max-image-preview:large","max-video-preview":"max-video-preview:-1"},"canonical":"https:\/\/auxmode.com\/pt\/produtos\/panel-aux-mode\/","og_locale":"pt_PT","og_type":"article","og_title":"Panel Aux Mode","og_description":"O Painel do YouTube pode revelar insights que podem ajud\u00e1-lo a entender o ecossistema de v\u00eddeo online do YouTube e o desempenho globalmente.","og_url":"https:\/\/auxmode.com\/pt\/produtos\/panel-aux-mode\/","og_site_name":"Aux Mode","article_modified_time":"2024-05-04T15:10:54+00:00","og_image":[{"url":"https:\/\/auxmode.com\/wp-content\/uploads\/2022\/06\/art-dashboard.png","type":"","width":"","height":""}],"twitter_card":"summary_large_image","twitter_misc":{"Tempo estimado de leitura":"2 minutos"},"schema":{"@context":"https:\/\/schema.org","@graph":[{"@type":"WebPage","@id":"https:\/\/auxmode.com\/pt\/produtos\/panel-aux-mode\/","url":"https:\/\/auxmode.com\/pt\/produtos\/panel-aux-mode\/","name":"Panel Aux Mode","isPartOf":{"@id":"https:\/\/auxmode.com\/#website"},"primaryImageOfPage":{"@id":"https:\/\/auxmode.com\/pt\/produtos\/panel-aux-mode\/#primaryimage"},"image":{"@id":"https:\/\/auxmode.com\/pt\/produtos\/panel-aux-mode\/#primaryimage"},"thumbnailUrl":"https:\/\/auxmode.com\/wp-content\/uploads\/2022\/06\/art-dashboard.png","datePublished":"2018-08-30T19:25:35+00:00","dateModified":"2024-05-04T15:10:54+00:00","description":"O Painel do YouTube pode revelar insights que podem ajud\u00e1-lo a entender o ecossistema de v\u00eddeo online do YouTube e o desempenho globalmente.","breadcrumb":{"@id":"https:\/\/auxmode.com\/pt\/produtos\/panel-aux-mode\/#breadcrumb"},"inLanguage":"pt-PT","potentialAction":[{"@type":"ReadAction","target":["https:\/\/auxmode.com\/pt\/produtos\/panel-aux-mode\/"]}]},{"@type":"ImageObject","inLanguage":"pt-PT","@id":"https:\/\/auxmode.com\/pt\/produtos\/panel-aux-mode\/#primaryimage","url":"https:\/\/auxmode.com\/wp-content\/uploads\/2022\/06\/art-dashboard.png","contentUrl":"https:\/\/auxmode.com\/wp-content\/uploads\/2022\/06\/art-dashboard.png"},{"@type":"BreadcrumbList","@id":"https:\/\/auxmode.com\/pt\/produtos\/panel-aux-mode\/#breadcrumb","itemListElement":[{"@type":"ListItem","position":1,"name":"Home","item":"https:\/\/auxmode.com\/pt\/"},{"@type":"ListItem","position":2,"name":"Produtos","item":"https:\/\/auxmode.com\/pt\/produtos\/"},{"@type":"ListItem","position":3,"name":"Painel"}]},{"@type":"WebSite","@id":"https:\/\/auxmode.com\/#website","url":"https:\/\/auxmode.com\/","name":"Aux Mode","description":"YouTube content monetization protection and Revenue Reporting Automation.","inLanguage":"pt-PT"}]}},"_links":{"self":[{"href":"https:\/\/auxmode.com\/pt\/wp-json\/wp\/v2\/pages\/26036","targetHints":{"allow":["GET"]}}],"collection":[{"href":"https:\/\/auxmode.com\/pt\/wp-json\/wp\/v2\/pages"}],"about":[{"href":"https:\/\/auxmode.com\/pt\/wp-json\/wp\/v2\/types\/page"}],"author":[{"embeddable":true,"href":"https:\/\/auxmode.com\/pt\/wp-json\/wp\/v2\/users\/1"}],"replies":[{"embeddable":true,"href":"https:\/\/auxmode.com\/pt\/wp-json\/wp\/v2\/comments?post=26036"}],"version-history":[{"count":1,"href":"https:\/\/auxmode.com\/pt\/wp-json\/wp\/v2\/pages\/26036\/revisions"}],"predecessor-version":[{"id":26045,"href":"https:\/\/auxmode.com\/pt\/wp-json\/wp\/v2\/pages\/26036\/revisions\/26045"}],"up":[{"embeddable":true,"href":"https:\/\/auxmode.com\/pt\/wp-json\/wp\/v2\/pages\/26116"}],"wp:attachment":[{"href":"https:\/\/auxmode.com\/pt\/wp-json\/wp\/v2\/media?parent=26036"}],"curies":[{"name":"wp","href":"https:\/\/api.w.org\/{rel}","templated":true}]}}