{"id":26029,"date":"2022-04-26T13:38:11","date_gmt":"2022-04-26T13:38:11","guid":{"rendered":"https:\/\/auxmode.com\/data-security\/"},"modified":"2024-05-02T13:39:48","modified_gmt":"2024-05-02T13:39:48","slug":"seguridad-datos","status":"publish","type":"page","link":"https:\/\/auxmode.com\/pt\/produtos\/seguridad-datos\/","title":{"rendered":"Seguran\u00e7a de Dados"},"content":{"rendered":"<div id=\"pl-gb26029-69e5f467e1f95\"  class=\"panel-layout\" ><div class=\"container\"><div id=\"pg-gb26029-69e5f467e1f95-0\"  class=\"panel-grid panel-has-style row\" ><div class=\"hero lighter siteorigin-panels-stretch panel-row-style panel-row-style-for-gb26029-69e5f467e1f95-0\" data-stretch-type=\"full\" ><div id=\"pgc-gb26029-69e5f467e1f95-0-0\"  class=\"panel-grid-cell 69e5f467e1f95-6 flip col-md-12\" ><div class=\"hero-left panel-cell-style panel-cell-style-for-gb26029-69e5f467e1f95-0-0\" ><div id=\"panel-gb26029-69e5f467e1f95-0-0-0\" class=\"so-panel widget widget_sow-editor panel-first-child panel-last-child\" data-index=\"0\" ><div class=\"so-widget-sow-editor so-widget-sow-editor-base\">\n<div class=\"siteorigin-widget-tinymce textwidget\">\n\t<h1>Seguran\u00e7a de Dados<\/h1>\n<p>Nosso programa de seguran\u00e7a \u00e9 baseado em um padr\u00e3o de seguran\u00e7a reconhecido e pode ser facilmente auditado contra isso (NIST, CIS, PCI DSS, ISO 27001&#8230;).<\/p>\n<p><a class=\"btn btn-primary\" href=\"http:\/\/auxmode.com\/pt\/precos\/\">Planos e Pre\u00e7os<\/a><\/p>\n<\/div>\n<\/div><\/div><\/div><\/div><div id=\"pgc-gb26029-69e5f467e1f95-0-1\"  class=\"panel-grid-cell 69e5f467e1f95-6 flip col-md-12\" ><div class=\"hero-right panel-cell-style panel-cell-style-for-gb26029-69e5f467e1f95-0-1\" ><div id=\"panel-gb26029-69e5f467e1f95-0-1-0\" class=\"so-panel widget widget_media_image panel-first-child panel-last-child\" data-index=\"1\" ><div class=\"panel-widget-style panel-widget-style-for-gb26029-69e5f467e1f95-0-1-0\" ><img decoding=\"async\" width=\"438\" height=\"308\" src=\"https:\/\/auxmode.com\/wp-content\/uploads\/2022\/04\/art-security-1.png\" class=\"image wp-image-17323  attachment-full size-full\" alt=\"YouTube security\" style=\"max-width: 100%; height: auto;\" srcset=\"https:\/\/auxmode.com\/wp-content\/uploads\/2022\/04\/art-security-1.png 438w, https:\/\/auxmode.com\/wp-content\/uploads\/2022\/04\/art-security-1-300x211.png 300w\" sizes=\"(max-width: 438px) 100vw, 438px\" \/><\/div><\/div><\/div><\/div><\/div><\/div><\/div><div class=\"container\"><div id=\"pg-gb26029-69e5f467e1f95-1\"  class=\"panel-grid panel-has-style row\" ><div class=\"panel-usp panel-row-style panel-row-style-for-gb26029-69e5f467e1f95-1\" ><div id=\"pgc-gb26029-69e5f467e1f95-1-0\"  class=\"panel-grid-cell 69e5f467e1f95-7 flip col-md-12\" ><div id=\"panel-gb26029-69e5f467e1f95-1-0-0\" class=\"so-panel widget widget_media_image panel-first-child panel-last-child\" data-index=\"2\" ><img decoding=\"async\" width=\"231\" height=\"300\" src=\"https:\/\/auxmode.com\/wp-content\/uploads\/2022\/04\/art-security-2-231x300.png\" class=\"image wp-image-17325 aligncenter attachment-medium size-medium\" alt=\"Data security\" style=\"max-width: 100%; height: auto;\" srcset=\"https:\/\/auxmode.com\/wp-content\/uploads\/2022\/04\/art-security-2-231x300.png 231w, https:\/\/auxmode.com\/wp-content\/uploads\/2022\/04\/art-security-2.png 628w\" sizes=\"(max-width: 231px) 100vw, 231px\" \/><\/div><\/div><div id=\"pgc-gb26029-69e5f467e1f95-1-1\"  class=\"panel-grid-cell 69e5f467e1f95-7 flip col-md-12\" ><div id=\"panel-gb26029-69e5f467e1f95-1-1-0\" class=\"widget_text so-panel widget widget_custom_html panel-first-child panel-last-child\" data-index=\"3\" ><div class=\"textwidget custom-html-widget\"><h3>Controles de Seguran\u00e7a<\/h3>\n<ul class=\"usp-list\">\n\t<li class=\"usp-item\">\n\t\t<div class=\"icon\"><i class=\"fa fa-check\"><\/i><\/div>\n\t\t<div class=\"usp-content\">\n\t\t\t<h4>Tudo \u00e9 criptografado em repouso e em movimento.<\/h4>\n\t\t<\/div>\n\t<\/li>\n\t\n\t<li class=\"usp-item\">\n\t\t<div class=\"icon\"><i class=\"fa fa-check\"><\/i><\/div>\n\t\t<div class=\"usp-content\">\n\t\t\t<h4>Termos aprimorados de processamento e seguran\u00e7a de dados (Clientes) e termos aprimorados de processamento e seguran\u00e7a de dados (Funcion\u00e1rios).<\/h4>\n\t\t<\/div>\n\t<\/li>\n\t\n\t<li class=\"usp-item\">\n\t\t<div class=\"icon\"><i class=\"fa fa-check\"><\/i><\/div>\n\t\t<div class=\"usp-content\">\n\t\t\t<h4>Nosso design modular \u00e9 isolado entre m\u00f3dulos para que o acesso a um n\u00e3o dependa ou seja habilitado para outro.<\/h4>\n\t\t<\/div>\n\t<\/li>\n\t\n\t<li class=\"usp-item\">\n\t\t<div class=\"icon\"><i class=\"fa fa-check\"><\/i><\/div>\n\t\t<div class=\"usp-content\">\n\t\t\t<h4>Prote\u00e7\u00e3o contra intrus\u00f5es implementada em cada m\u00f3dulo.<\/h4>\n\t\t<\/div>\n\t<\/li>\n\t\n\t<li class=\"usp-item\">\n\t\t<div class=\"icon\"><i class=\"fa fa-check\"><\/i><\/div>\n\t\t<div class=\"usp-content\">\n\t\t\t<h4>Autentica\u00e7\u00e3o de dois fatores resistente a phishing (2FA) obrigat\u00f3ria.<\/h4>\n\t\t<\/div>\n\t<\/li>\n\t\n\t<li class=\"usp-item\">\n\t\t<div class=\"icon\"><i class=\"fa fa-check\"><\/i><\/div>\n\t\t<div class=\"usp-content\">\n\t\t\t<h4>Levamos a seguran\u00e7a extremamente a s\u00e9rio.<\/h4>\n\t\t<\/div>\n\t<\/li>\n<\/ul>\n\n<p><a class=\"btn\" href=\"http:\/\/auxmode.com\/pt\/contato\/\">Saiba Mais<\/a><\/p><\/div><\/div><\/div><\/div><\/div><\/div><div class=\"container\"><div id=\"pg-gb26029-69e5f467e1f95-2\"  class=\"panel-grid panel-has-style row\" ><div class=\"homepage-row colored siteorigin-panels-stretch panel-row-style panel-row-style-for-gb26029-69e5f467e1f95-2\" data-stretch-type=\"full\" ><div id=\"pgc-gb26029-69e5f467e1f95-2-0\"  class=\"panel-grid-cell 69e5f467e1f95-8 flip col-md-12\" ><div id=\"panel-gb26029-69e5f467e1f95-2-0-0\" class=\"so-panel widget widget_sow-editor panel-first-child panel-last-child\" data-index=\"4\" ><div class=\"so-widget-sow-editor so-widget-sow-editor-base\">\n<div class=\"siteorigin-widget-tinymce textwidget\">\n\t<h3>Seguran\u00e7a de Dados<\/h3>\n<p>Nosso programa de seguran\u00e7a da informa\u00e7\u00e3o e privacidade cobre todas as suas opera\u00e7\u00f5es, servi\u00e7os e sistemas que envolvem acesso a informa\u00e7\u00f5es confidenciais. Tanto os processos que lidam diretamente com dados do cliente (como TI) quanto os processos que podem afetar indiretamente a seguran\u00e7a dos dados do cliente (como processos de RH) est\u00e3o dentro do escopo.<\/p>\n<p>Nosso sistema baseado em permiss\u00f5es permite habilitar ou desabilitar cada recurso dispon\u00edvel para cada usu\u00e1rio. Baseando-se no conceito de classifica\u00e7\u00e3o de dados, desenvolvemos pol\u00edticas que verificam, no momento da consulta, se um usu\u00e1rio possui acesso adequado.<\/p>\n<p>Auditorias internas do programa de seguran\u00e7a e privacidade s\u00e3o realizadas mensalmente e auditorias de terceiros do programa de seguran\u00e7a e privacidade s\u00e3o revisadas e ativos mensalmente.<\/p>\n<p><a class=\"btn btn-primary\" href=\"http:\/\/auxmode.com\/pt\/contato\/\">Saiba Mais<\/a><\/p>\n<\/div>\n<\/div><\/div><\/div><div id=\"pgc-gb26029-69e5f467e1f95-2-1\"  class=\"panel-grid-cell 69e5f467e1f95-8 flip col-md-12\" ><div id=\"panel-gb26029-69e5f467e1f95-2-1-0\" class=\"so-panel widget widget_media_image panel-first-child panel-last-child\" data-index=\"5\" ><img decoding=\"async\" width=\"370\" height=\"370\" src=\"https:\/\/auxmode.com\/wp-content\/uploads\/2022\/04\/art-security-3.png\" class=\"image wp-image-17327 aligncenter attachment-full size-full\" alt=\"DB Security\" style=\"max-width: 100%; height: auto;\" srcset=\"https:\/\/auxmode.com\/wp-content\/uploads\/2022\/04\/art-security-3.png 370w, https:\/\/auxmode.com\/wp-content\/uploads\/2022\/04\/art-security-3-300x300.png 300w, https:\/\/auxmode.com\/wp-content\/uploads\/2022\/04\/art-security-3-150x150.png 150w\" sizes=\"(max-width: 370px) 100vw, 370px\" \/><\/div><\/div><\/div><\/div><\/div><\/div>","protected":false},"excerpt":{"rendered":"<p>Seguran\u00e7a de Dados <\/p>\n<p>Nosso programa de seguran\u00e7a \u00e9 baseado em um padr\u00e3o de seguran\u00e7a reconhecido e pode ser facilmente auditado contra isso (NIST, CIS, PCI DSS, ISO 27001&#8230;).<\/p>\n<p>Planos e Pre\u00e7os<\/p>\n<p> Controles de Seguran\u00e7a <\/p>\n<ul class=\"usp-list\">\n<li class=\"usp-item\"> Tudo \u00e9 criptografado em repouso e em movimento. <\/li>\n<li class=\"usp-item\"> Termos aprimorados de processamento e seguran\u00e7a &hellip;\n<p><a class=\"more-link btn\" href=\"https:\/\/auxmode.com\/pt\/produtos\/seguridad-datos\/\">Continue a ler<\/a><\/p>\n<\/li>\n<\/ul>\n","protected":false},"author":1,"featured_media":0,"parent":26116,"menu_order":0,"comment_status":"closed","ping_status":"closed","template":"","meta":{"_acf_changed":false,"amp_status":"","footnotes":""},"class_list":["post-26029","page","type-page","status-publish","hentry","nodate","item-wrap"],"acf":[],"yoast_head":"<!-- This site is optimized with the Yoast SEO plugin v27.4 - https:\/\/yoast.com\/product\/yoast-seo-wordpress\/ -->\n<title>Seguran\u00e7a de Dados - Aux Mode<\/title>\n<meta name=\"robots\" content=\"index, follow, max-snippet:-1, max-image-preview:large, max-video-preview:-1\" \/>\n<link rel=\"canonical\" href=\"https:\/\/auxmode.com\/pt\/seguridad-datos\/\" \/>\n<meta property=\"og:locale\" content=\"pt_PT\" \/>\n<meta property=\"og:type\" content=\"article\" \/>\n<meta property=\"og:title\" content=\"Seguran\u00e7a de Dados - Aux Mode\" \/>\n<meta property=\"og:description\" content=\"Seguran\u00e7a de Dados Nosso programa de seguran\u00e7a \u00e9 baseado em um padr\u00e3o de seguran\u00e7a reconhecido e pode ser facilmente auditado contra isso (NIST, CIS, PCI DSS, ISO 27001&#8230;). Planos e Pre\u00e7os Controles de Seguran\u00e7a  Tudo \u00e9 criptografado em repouso e em movimento.  Termos aprimorados de processamento e seguran\u00e7a &hellip; Continue a ler\" \/>\n<meta property=\"og:url\" content=\"https:\/\/auxmode.com\/pt\/seguridad-datos\/\" \/>\n<meta property=\"og:site_name\" content=\"Aux Mode\" \/>\n<meta property=\"article:modified_time\" content=\"2024-05-02T13:39:48+00:00\" \/>\n<meta property=\"og:image\" content=\"https:\/\/auxmode.com\/wp-content\/uploads\/2022\/04\/art-security-1.png\" \/>\n<meta name=\"twitter:card\" content=\"summary_large_image\" \/>\n<meta name=\"twitter:label1\" content=\"Tempo estimado de leitura\" \/>\n\t<meta name=\"twitter:data1\" content=\"2 minutos\" \/>\n<script type=\"application\/ld+json\" class=\"yoast-schema-graph\">{\"@context\":\"https:\\\/\\\/schema.org\",\"@graph\":[{\"@type\":\"WebPage\",\"@id\":\"https:\\\/\\\/auxmode.com\\\/pt\\\/seguridad-datos\\\/\",\"url\":\"https:\\\/\\\/auxmode.com\\\/pt\\\/seguridad-datos\\\/\",\"name\":\"Seguran\u00e7a de Dados - Aux Mode\",\"isPartOf\":{\"@id\":\"https:\\\/\\\/auxmode.com\\\/#website\"},\"primaryImageOfPage\":{\"@id\":\"https:\\\/\\\/auxmode.com\\\/pt\\\/seguridad-datos\\\/#primaryimage\"},\"image\":{\"@id\":\"https:\\\/\\\/auxmode.com\\\/pt\\\/seguridad-datos\\\/#primaryimage\"},\"thumbnailUrl\":\"https:\\\/\\\/auxmode.com\\\/wp-content\\\/uploads\\\/2022\\\/04\\\/art-security-1.png\",\"datePublished\":\"2022-04-26T13:38:11+00:00\",\"dateModified\":\"2024-05-02T13:39:48+00:00\",\"breadcrumb\":{\"@id\":\"https:\\\/\\\/auxmode.com\\\/pt\\\/seguridad-datos\\\/#breadcrumb\"},\"inLanguage\":\"pt-PT\",\"potentialAction\":[{\"@type\":\"ReadAction\",\"target\":[\"https:\\\/\\\/auxmode.com\\\/pt\\\/seguridad-datos\\\/\"]}]},{\"@type\":\"ImageObject\",\"inLanguage\":\"pt-PT\",\"@id\":\"https:\\\/\\\/auxmode.com\\\/pt\\\/seguridad-datos\\\/#primaryimage\",\"url\":\"https:\\\/\\\/auxmode.com\\\/wp-content\\\/uploads\\\/2022\\\/04\\\/art-security-1.png\",\"contentUrl\":\"https:\\\/\\\/auxmode.com\\\/wp-content\\\/uploads\\\/2022\\\/04\\\/art-security-1.png\"},{\"@type\":\"BreadcrumbList\",\"@id\":\"https:\\\/\\\/auxmode.com\\\/pt\\\/seguridad-datos\\\/#breadcrumb\",\"itemListElement\":[{\"@type\":\"ListItem\",\"position\":1,\"name\":\"Home\",\"item\":\"https:\\\/\\\/auxmode.com\\\/pt\\\/\"},{\"@type\":\"ListItem\",\"position\":2,\"name\":\"Seguran\u00e7a de Dados\"}]},{\"@type\":\"WebSite\",\"@id\":\"https:\\\/\\\/auxmode.com\\\/#website\",\"url\":\"https:\\\/\\\/auxmode.com\\\/\",\"name\":\"Aux Mode\",\"description\":\"YouTube content monetization protection and Revenue Reporting Automation.\",\"inLanguage\":\"pt-PT\"}]}<\/script>\n<!-- \/ Yoast SEO plugin. -->","yoast_head_json":{"title":"Seguran\u00e7a de Dados - Aux Mode","robots":{"index":"index","follow":"follow","max-snippet":"max-snippet:-1","max-image-preview":"max-image-preview:large","max-video-preview":"max-video-preview:-1"},"canonical":"https:\/\/auxmode.com\/pt\/seguridad-datos\/","og_locale":"pt_PT","og_type":"article","og_title":"Seguran\u00e7a de Dados - Aux Mode","og_description":"Seguran\u00e7a de Dados Nosso programa de seguran\u00e7a \u00e9 baseado em um padr\u00e3o de seguran\u00e7a reconhecido e pode ser facilmente auditado contra isso (NIST, CIS, PCI DSS, ISO 27001&#8230;). Planos e Pre\u00e7os Controles de Seguran\u00e7a  Tudo \u00e9 criptografado em repouso e em movimento.  Termos aprimorados de processamento e seguran\u00e7a &hellip; Continue a ler","og_url":"https:\/\/auxmode.com\/pt\/seguridad-datos\/","og_site_name":"Aux Mode","article_modified_time":"2024-05-02T13:39:48+00:00","og_image":[{"url":"https:\/\/auxmode.com\/wp-content\/uploads\/2022\/04\/art-security-1.png","type":"","width":"","height":""}],"twitter_card":"summary_large_image","twitter_misc":{"Tempo estimado de leitura":"2 minutos"},"schema":{"@context":"https:\/\/schema.org","@graph":[{"@type":"WebPage","@id":"https:\/\/auxmode.com\/pt\/seguridad-datos\/","url":"https:\/\/auxmode.com\/pt\/seguridad-datos\/","name":"Seguran\u00e7a de Dados - Aux Mode","isPartOf":{"@id":"https:\/\/auxmode.com\/#website"},"primaryImageOfPage":{"@id":"https:\/\/auxmode.com\/pt\/seguridad-datos\/#primaryimage"},"image":{"@id":"https:\/\/auxmode.com\/pt\/seguridad-datos\/#primaryimage"},"thumbnailUrl":"https:\/\/auxmode.com\/wp-content\/uploads\/2022\/04\/art-security-1.png","datePublished":"2022-04-26T13:38:11+00:00","dateModified":"2024-05-02T13:39:48+00:00","breadcrumb":{"@id":"https:\/\/auxmode.com\/pt\/seguridad-datos\/#breadcrumb"},"inLanguage":"pt-PT","potentialAction":[{"@type":"ReadAction","target":["https:\/\/auxmode.com\/pt\/seguridad-datos\/"]}]},{"@type":"ImageObject","inLanguage":"pt-PT","@id":"https:\/\/auxmode.com\/pt\/seguridad-datos\/#primaryimage","url":"https:\/\/auxmode.com\/wp-content\/uploads\/2022\/04\/art-security-1.png","contentUrl":"https:\/\/auxmode.com\/wp-content\/uploads\/2022\/04\/art-security-1.png"},{"@type":"BreadcrumbList","@id":"https:\/\/auxmode.com\/pt\/seguridad-datos\/#breadcrumb","itemListElement":[{"@type":"ListItem","position":1,"name":"Home","item":"https:\/\/auxmode.com\/pt\/"},{"@type":"ListItem","position":2,"name":"Seguran\u00e7a de Dados"}]},{"@type":"WebSite","@id":"https:\/\/auxmode.com\/#website","url":"https:\/\/auxmode.com\/","name":"Aux Mode","description":"YouTube content monetization protection and Revenue Reporting Automation.","inLanguage":"pt-PT"}]}},"_links":{"self":[{"href":"https:\/\/auxmode.com\/pt\/wp-json\/wp\/v2\/pages\/26029","targetHints":{"allow":["GET"]}}],"collection":[{"href":"https:\/\/auxmode.com\/pt\/wp-json\/wp\/v2\/pages"}],"about":[{"href":"https:\/\/auxmode.com\/pt\/wp-json\/wp\/v2\/types\/page"}],"author":[{"embeddable":true,"href":"https:\/\/auxmode.com\/pt\/wp-json\/wp\/v2\/users\/1"}],"replies":[{"embeddable":true,"href":"https:\/\/auxmode.com\/pt\/wp-json\/wp\/v2\/comments?post=26029"}],"version-history":[{"count":1,"href":"https:\/\/auxmode.com\/pt\/wp-json\/wp\/v2\/pages\/26029\/revisions"}],"predecessor-version":[{"id":26034,"href":"https:\/\/auxmode.com\/pt\/wp-json\/wp\/v2\/pages\/26029\/revisions\/26034"}],"up":[{"embeddable":true,"href":"https:\/\/auxmode.com\/pt\/wp-json\/wp\/v2\/pages\/26116"}],"wp:attachment":[{"href":"https:\/\/auxmode.com\/pt\/wp-json\/wp\/v2\/media?parent=26029"}],"curies":[{"name":"wp","href":"https:\/\/api.w.org\/{rel}","templated":true}]}}