{"id":26015,"date":"2022-04-05T07:04:51","date_gmt":"2022-04-05T07:04:51","guid":{"rendered":"https:\/\/auxmode.com\/contentprotection\/"},"modified":"2024-05-04T15:01:35","modified_gmt":"2024-05-04T15:01:35","slug":"proteccioncontenido","status":"publish","type":"page","link":"https:\/\/auxmode.com\/pt\/produtos\/proteccioncontenido\/","title":{"rendered":"Proteccion Contenido"},"content":{"rendered":"<div id=\"pl-gb26015-69e5ed895e96c\"  class=\"panel-layout\" ><div class=\"container\"><div id=\"pg-gb26015-69e5ed895e96c-0\"  class=\"panel-grid panel-has-style row\" ><div class=\"hero lighter siteorigin-panels-stretch panel-row-style panel-row-style-for-gb26015-69e5ed895e96c-0\" data-stretch-type=\"full\" ><div id=\"pgc-gb26015-69e5ed895e96c-0-0\"  class=\"panel-grid-cell 69e5ed895e96c-6 flip col-md-12\" ><div class=\"hero-left panel-cell-style panel-cell-style-for-gb26015-69e5ed895e96c-0-0\" ><div id=\"panel-gb26015-69e5ed895e96c-0-0-0\" class=\"so-panel widget widget_sow-editor panel-first-child panel-last-child\" data-index=\"0\" ><div class=\"so-widget-sow-editor so-widget-sow-editor-base\">\n<div class=\"siteorigin-widget-tinymce textwidget\">\n\t<h1>Gest\u00e3o de Direitos Digitais Prote\u00e7\u00e3o de Conte\u00fado<\/h1>\n<p>Sistema automatizado de prote\u00e7\u00e3o de conte\u00fado que permite aos propriet\u00e1rios de direitos autorais identificar v\u00eddeos que incluem conte\u00fado que possuem.<\/p>\n<p><a class=\"btn btn-primary\" href=\"http:\/\/auxmode.com\/pt\/precos\/\">Planos e Pre\u00e7os<\/a><\/p>\n<\/div>\n<\/div><\/div><\/div><\/div><div id=\"pgc-gb26015-69e5ed895e96c-0-1\"  class=\"panel-grid-cell 69e5ed895e96c-6 flip col-md-12\" ><div class=\"hero-right panel-cell-style panel-cell-style-for-gb26015-69e5ed895e96c-0-1\" ><div id=\"panel-gb26015-69e5ed895e96c-0-1-0\" class=\"so-panel widget widget_media_image panel-first-child panel-last-child\" data-index=\"1\" ><div class=\"panel-widget-style panel-widget-style-for-gb26015-69e5ed895e96c-0-1-0\" ><img decoding=\"async\" width=\"657\" height=\"310\" src=\"https:\/\/auxmode.com\/wp-content\/uploads\/2022\/06\/art-content-protection.png\" class=\"image wp-image-18250  attachment-full size-full\" alt=\"Content Protection\" style=\"max-width: 100%; height: auto;\" srcset=\"https:\/\/auxmode.com\/wp-content\/uploads\/2022\/06\/art-content-protection.png 657w, https:\/\/auxmode.com\/wp-content\/uploads\/2022\/06\/art-content-protection-300x142.png 300w\" sizes=\"(max-width: 657px) 100vw, 657px\" \/><\/div><\/div><\/div><\/div><\/div><\/div><\/div><div class=\"container\"><div id=\"pg-gb26015-69e5ed895e96c-1\"  class=\"panel-grid panel-has-style row\" ><div class=\"panel-usp panel-row-style panel-row-style-for-gb26015-69e5ed895e96c-1\" ><div id=\"pgc-gb26015-69e5ed895e96c-1-0\"  class=\"panel-grid-cell 69e5ed895e96c-7 flip col-md-12\" ><div id=\"panel-gb26015-69e5ed895e96c-1-0-0\" class=\"so-panel widget widget_media_image panel-first-child panel-last-child\" data-index=\"2\" ><img decoding=\"async\" width=\"400\" height=\"282\" src=\"https:\/\/auxmode.com\/wp-content\/uploads\/2022\/06\/art-youtube-social-icon-red.png\" class=\"image wp-image-18255 aligncenter attachment-400x282 size-400x282\" alt=\"YouTube\" style=\"max-width: 100%; height: auto;\" srcset=\"https:\/\/auxmode.com\/wp-content\/uploads\/2022\/06\/art-youtube-social-icon-red.png 555w, https:\/\/auxmode.com\/wp-content\/uploads\/2022\/06\/art-youtube-social-icon-red-300x211.png 300w\" sizes=\"(max-width: 400px) 100vw, 400px\" \/><\/div><\/div><div id=\"pgc-gb26015-69e5ed895e96c-1-1\"  class=\"panel-grid-cell 69e5ed895e96c-7 flip col-md-12\" ><div id=\"panel-gb26015-69e5ed895e96c-1-1-0\" class=\"widget_text so-panel widget widget_custom_html panel-first-child panel-last-child\" data-index=\"3\" ><div class=\"textwidget custom-html-widget\"><h3>Prote\u00e7\u00e3o de Conte\u00fado Oferece<\/h3>\n<ul class=\"usp-list\">\n\t<li class=\"usp-item\">\n\t\t<div class=\"icon\"><i class=\"fa fa-check\"><\/i><\/div>\n\t\t<div class=\"usp-content\">\n\t\t\t<h4>Prote\u00e7\u00e3o da sua propriedade intelectual contra uso indevido.<\/h4>\n\t\t<\/div>\n\t<\/li>\n\t\n\t<li class=\"usp-item\">\n\t\t<div class=\"icon\"><i class=\"fa fa-check\"><\/i><\/div>\n\t\t<div class=\"usp-content\">\n\t\t\t<h4>Estrat\u00e9gias de pol\u00edticas de uso e correspond\u00eancia.<\/h4>\n\t\t<\/div>\n\t<\/li>\n\t\n\t<li class=\"usp-item\">\n\t\t<div class=\"icon\"><i class=\"fa fa-check\"><\/i><\/div>\n\t\t<div class=\"usp-content\">\n\t\t\t<h4>Monetiza\u00e7\u00e3o ou bloqueio de conte\u00fado.<\/h4>\n\t\t<\/div>\n\t<\/li>\n\t\n\t<li class=\"usp-item\">\n\t\t<div class=\"icon\"><i class=\"fa fa-check\"><\/i><\/div>\n\t\t<div class=\"usp-content\">\n\t\t\t<h4>Gerenciamento de poss\u00edveis reivindica\u00e7\u00f5es e penalidades.<\/h4>\n\t\t<\/div>\n\t<\/li>\n\t\n\t<li class=\"usp-item\">\n\t\t<div class=\"icon\"><i class=\"fa fa-check\"><\/i><\/div>\n\t\t<div class=\"usp-content\">\n\t\t\t<h4>Gest\u00e3o de ativos de v\u00eddeo e resolu\u00e7\u00e3o de conflitos.<\/h4>\n\t\t<\/div>\n\t<\/li>\n\t\n\t<li class=\"usp-item\">\n\t\t<div class=\"icon\"><i class=\"fa fa-check\"><\/i><\/div>\n\t\t<div class=\"usp-content\">\n\t\t\t<h4>Monetiza\u00e7\u00e3o ou bloqueio de conte\u00fado por regi\u00e3o ou em todo o mundo.<\/h4>\n\t\t<\/div>\n\t<\/li>\n\t\n<\/ul>\n\n<p><a class=\"btn\" href=\"http:\/\/auxmode.com\/pt\/contato\/\">Saiba mais<\/a><\/p><\/div><\/div><\/div><\/div><\/div><\/div><div class=\"container\"><div id=\"pg-gb26015-69e5ed895e96c-2\"  class=\"panel-grid panel-has-style row\" ><div class=\"homepage-row colored siteorigin-panels-stretch panel-row-style panel-row-style-for-gb26015-69e5ed895e96c-2\" data-stretch-type=\"full\" ><div id=\"pgc-gb26015-69e5ed895e96c-2-0\"  class=\"panel-grid-cell 69e5ed895e96c-8 flip col-md-12\" ><div id=\"panel-gb26015-69e5ed895e96c-2-0-0\" class=\"so-panel widget widget_sow-editor panel-first-child panel-last-child\" data-index=\"4\" ><div class=\"so-widget-sow-editor so-widget-sow-editor-base\">\n<div class=\"siteorigin-widget-tinymce textwidget\">\n\t<h3>Prote\u00e7\u00e3o de Conte\u00fado!<\/h3>\n<p>Nossa equipe gerencia o Content ID do YouTube para garantir que todo uso indevido seja reivindicado e para identificar e gerenciar disputas de direitos autorais e relatar para voc\u00ea. Cada v\u00eddeo e faixa de \u00e1udio possui uma impress\u00e3o digital. Os v\u00eddeos carregados no YouTube s\u00e3o comparados com os arquivos de \u00e1udio e v\u00eddeo existentes, e quando h\u00e1 uma correspond\u00eancia, podemos remover esse conte\u00fado. Ou, se voc\u00ea fosse o propriet\u00e1rio da m\u00fasica &#8220;Parab\u00e9ns a Voc\u00ea&#8221;, poder\u00edamos monetizar todos os usos indevidos de terceiros. N\u00e3o seria \u00f3timo?! Voc\u00ea poderia se aposentar hoje.<\/p>\n<p><a class=\"btn btn-primary\" href=\"http:\/\/auxmode.com\/pt\/contato\/\">Saiba mais<\/a><\/p>\n<\/div>\n<\/div><\/div><\/div><div id=\"pgc-gb26015-69e5ed895e96c-2-1\"  class=\"panel-grid-cell 69e5ed895e96c-8 flip col-md-12\" ><div id=\"panel-gb26015-69e5ed895e96c-2-1-0\" class=\"so-panel widget widget_media_image panel-first-child panel-last-child\" data-index=\"5\" ><img decoding=\"async\" width=\"555\" height=\"313\" src=\"https:\/\/auxmode.com\/wp-content\/uploads\/2022\/06\/4_storyboard_2_transparent.png\" class=\"image wp-image-18252 aligncenter attachment-full size-full\" alt=\"Aux Mode YouTube theft Protection\" style=\"max-width: 100%; height: auto;\" srcset=\"https:\/\/auxmode.com\/wp-content\/uploads\/2022\/06\/4_storyboard_2_transparent.png 555w, https:\/\/auxmode.com\/wp-content\/uploads\/2022\/06\/4_storyboard_2_transparent-300x169.png 300w\" sizes=\"(max-width: 555px) 100vw, 555px\" \/><\/div><\/div><\/div><\/div><\/div><\/div>","protected":false},"excerpt":{"rendered":"<p>Gest\u00e3o de Direitos Digitais Prote\u00e7\u00e3o de Conte\u00fado <\/p>\n<p>Sistema automatizado de prote\u00e7\u00e3o de conte\u00fado que permite aos propriet\u00e1rios de direitos autorais identificar v\u00eddeos que incluem conte\u00fado que possuem.<\/p>\n<p>Planos e Pre\u00e7os<\/p>\n<p> Prote\u00e7\u00e3o de Conte\u00fado Oferece <\/p>\n<ul class=\"usp-list\">\n<li class=\"usp-item\"> Prote\u00e7\u00e3o da sua propriedade intelectual contra uso indevido. <\/li>\n<li class=\"usp-item\"> Estrat\u00e9gias de pol\u00edticas de uso e &hellip;\n<p><a class=\"more-link btn\" href=\"https:\/\/auxmode.com\/pt\/produtos\/proteccioncontenido\/\">Continue a ler<\/a><\/p>\n<\/li>\n<\/ul>\n","protected":false},"author":1,"featured_media":0,"parent":26116,"menu_order":0,"comment_status":"closed","ping_status":"closed","template":"","meta":{"_acf_changed":false,"amp_status":"","footnotes":""},"class_list":["post-26015","page","type-page","status-publish","hentry","nodate","item-wrap"],"acf":[],"yoast_head":"<!-- This site is optimized with the Yoast SEO plugin v27.4 - https:\/\/yoast.com\/product\/yoast-seo-wordpress\/ -->\n<title>YouTube Content Protection<\/title>\n<meta name=\"description\" content=\"Gerencie seu Conte\u00fado ID do YouTube e maximize sua receita no YouTube.\" \/>\n<meta name=\"robots\" content=\"index, follow, max-snippet:-1, max-image-preview:large, max-video-preview:-1\" \/>\n<link rel=\"canonical\" href=\"https:\/\/auxmode.com\/pt\/produtos\/proteccioncontenido\/\" \/>\n<meta property=\"og:locale\" content=\"pt_PT\" \/>\n<meta property=\"og:type\" content=\"article\" \/>\n<meta property=\"og:title\" content=\"YouTube Content Protection\" \/>\n<meta property=\"og:description\" content=\"Gerencie seu Conte\u00fado ID do YouTube e maximize sua receita no YouTube.\" \/>\n<meta property=\"og:url\" content=\"https:\/\/auxmode.com\/pt\/produtos\/proteccioncontenido\/\" \/>\n<meta property=\"og:site_name\" content=\"Aux Mode\" \/>\n<meta property=\"article:modified_time\" content=\"2024-05-04T15:01:35+00:00\" \/>\n<meta property=\"og:image\" content=\"https:\/\/auxmode.com\/wp-content\/uploads\/2022\/06\/art-content-protection.png\" \/>\n<meta name=\"twitter:card\" content=\"summary_large_image\" \/>\n<meta name=\"twitter:label1\" content=\"Tempo estimado de leitura\" \/>\n\t<meta name=\"twitter:data1\" content=\"2 minutos\" \/>\n<script type=\"application\/ld+json\" class=\"yoast-schema-graph\">{\"@context\":\"https:\\\/\\\/schema.org\",\"@graph\":[{\"@type\":\"WebPage\",\"@id\":\"https:\\\/\\\/auxmode.com\\\/pt\\\/produtos\\\/proteccioncontenido\\\/\",\"url\":\"https:\\\/\\\/auxmode.com\\\/pt\\\/produtos\\\/proteccioncontenido\\\/\",\"name\":\"YouTube Content Protection\",\"isPartOf\":{\"@id\":\"https:\\\/\\\/auxmode.com\\\/#website\"},\"primaryImageOfPage\":{\"@id\":\"https:\\\/\\\/auxmode.com\\\/pt\\\/produtos\\\/proteccioncontenido\\\/#primaryimage\"},\"image\":{\"@id\":\"https:\\\/\\\/auxmode.com\\\/pt\\\/produtos\\\/proteccioncontenido\\\/#primaryimage\"},\"thumbnailUrl\":\"https:\\\/\\\/auxmode.com\\\/wp-content\\\/uploads\\\/2022\\\/06\\\/art-content-protection.png\",\"datePublished\":\"2022-04-05T07:04:51+00:00\",\"dateModified\":\"2024-05-04T15:01:35+00:00\",\"description\":\"Gerencie seu Conte\u00fado ID do YouTube e maximize sua receita no YouTube.\",\"breadcrumb\":{\"@id\":\"https:\\\/\\\/auxmode.com\\\/pt\\\/produtos\\\/proteccioncontenido\\\/#breadcrumb\"},\"inLanguage\":\"pt-PT\",\"potentialAction\":[{\"@type\":\"ReadAction\",\"target\":[\"https:\\\/\\\/auxmode.com\\\/pt\\\/produtos\\\/proteccioncontenido\\\/\"]}]},{\"@type\":\"ImageObject\",\"inLanguage\":\"pt-PT\",\"@id\":\"https:\\\/\\\/auxmode.com\\\/pt\\\/produtos\\\/proteccioncontenido\\\/#primaryimage\",\"url\":\"https:\\\/\\\/auxmode.com\\\/wp-content\\\/uploads\\\/2022\\\/06\\\/art-content-protection.png\",\"contentUrl\":\"https:\\\/\\\/auxmode.com\\\/wp-content\\\/uploads\\\/2022\\\/06\\\/art-content-protection.png\"},{\"@type\":\"BreadcrumbList\",\"@id\":\"https:\\\/\\\/auxmode.com\\\/pt\\\/produtos\\\/proteccioncontenido\\\/#breadcrumb\",\"itemListElement\":[{\"@type\":\"ListItem\",\"position\":1,\"name\":\"Home\",\"item\":\"https:\\\/\\\/auxmode.com\\\/pt\\\/\"},{\"@type\":\"ListItem\",\"position\":2,\"name\":\"Produtos\",\"item\":\"https:\\\/\\\/auxmode.com\\\/pt\\\/produtos\\\/\"},{\"@type\":\"ListItem\",\"position\":3,\"name\":\"Proteccion Contenido\"}]},{\"@type\":\"WebSite\",\"@id\":\"https:\\\/\\\/auxmode.com\\\/#website\",\"url\":\"https:\\\/\\\/auxmode.com\\\/\",\"name\":\"Aux Mode\",\"description\":\"YouTube content monetization protection and Revenue Reporting Automation.\",\"inLanguage\":\"pt-PT\"}]}<\/script>\n<!-- \/ Yoast SEO plugin. -->","yoast_head_json":{"title":"YouTube Content Protection","description":"Gerencie seu Conte\u00fado ID do YouTube e maximize sua receita no YouTube.","robots":{"index":"index","follow":"follow","max-snippet":"max-snippet:-1","max-image-preview":"max-image-preview:large","max-video-preview":"max-video-preview:-1"},"canonical":"https:\/\/auxmode.com\/pt\/produtos\/proteccioncontenido\/","og_locale":"pt_PT","og_type":"article","og_title":"YouTube Content Protection","og_description":"Gerencie seu Conte\u00fado ID do YouTube e maximize sua receita no YouTube.","og_url":"https:\/\/auxmode.com\/pt\/produtos\/proteccioncontenido\/","og_site_name":"Aux Mode","article_modified_time":"2024-05-04T15:01:35+00:00","og_image":[{"url":"https:\/\/auxmode.com\/wp-content\/uploads\/2022\/06\/art-content-protection.png","type":"","width":"","height":""}],"twitter_card":"summary_large_image","twitter_misc":{"Tempo estimado de leitura":"2 minutos"},"schema":{"@context":"https:\/\/schema.org","@graph":[{"@type":"WebPage","@id":"https:\/\/auxmode.com\/pt\/produtos\/proteccioncontenido\/","url":"https:\/\/auxmode.com\/pt\/produtos\/proteccioncontenido\/","name":"YouTube Content Protection","isPartOf":{"@id":"https:\/\/auxmode.com\/#website"},"primaryImageOfPage":{"@id":"https:\/\/auxmode.com\/pt\/produtos\/proteccioncontenido\/#primaryimage"},"image":{"@id":"https:\/\/auxmode.com\/pt\/produtos\/proteccioncontenido\/#primaryimage"},"thumbnailUrl":"https:\/\/auxmode.com\/wp-content\/uploads\/2022\/06\/art-content-protection.png","datePublished":"2022-04-05T07:04:51+00:00","dateModified":"2024-05-04T15:01:35+00:00","description":"Gerencie seu Conte\u00fado ID do YouTube e maximize sua receita no YouTube.","breadcrumb":{"@id":"https:\/\/auxmode.com\/pt\/produtos\/proteccioncontenido\/#breadcrumb"},"inLanguage":"pt-PT","potentialAction":[{"@type":"ReadAction","target":["https:\/\/auxmode.com\/pt\/produtos\/proteccioncontenido\/"]}]},{"@type":"ImageObject","inLanguage":"pt-PT","@id":"https:\/\/auxmode.com\/pt\/produtos\/proteccioncontenido\/#primaryimage","url":"https:\/\/auxmode.com\/wp-content\/uploads\/2022\/06\/art-content-protection.png","contentUrl":"https:\/\/auxmode.com\/wp-content\/uploads\/2022\/06\/art-content-protection.png"},{"@type":"BreadcrumbList","@id":"https:\/\/auxmode.com\/pt\/produtos\/proteccioncontenido\/#breadcrumb","itemListElement":[{"@type":"ListItem","position":1,"name":"Home","item":"https:\/\/auxmode.com\/pt\/"},{"@type":"ListItem","position":2,"name":"Produtos","item":"https:\/\/auxmode.com\/pt\/produtos\/"},{"@type":"ListItem","position":3,"name":"Proteccion Contenido"}]},{"@type":"WebSite","@id":"https:\/\/auxmode.com\/#website","url":"https:\/\/auxmode.com\/","name":"Aux Mode","description":"YouTube content monetization protection and Revenue Reporting Automation.","inLanguage":"pt-PT"}]}},"_links":{"self":[{"href":"https:\/\/auxmode.com\/pt\/wp-json\/wp\/v2\/pages\/26015","targetHints":{"allow":["GET"]}}],"collection":[{"href":"https:\/\/auxmode.com\/pt\/wp-json\/wp\/v2\/pages"}],"about":[{"href":"https:\/\/auxmode.com\/pt\/wp-json\/wp\/v2\/types\/page"}],"author":[{"embeddable":true,"href":"https:\/\/auxmode.com\/pt\/wp-json\/wp\/v2\/users\/1"}],"replies":[{"embeddable":true,"href":"https:\/\/auxmode.com\/pt\/wp-json\/wp\/v2\/comments?post=26015"}],"version-history":[{"count":1,"href":"https:\/\/auxmode.com\/pt\/wp-json\/wp\/v2\/pages\/26015\/revisions"}],"predecessor-version":[{"id":26020,"href":"https:\/\/auxmode.com\/pt\/wp-json\/wp\/v2\/pages\/26015\/revisions\/26020"}],"up":[{"embeddable":true,"href":"https:\/\/auxmode.com\/pt\/wp-json\/wp\/v2\/pages\/26116"}],"wp:attachment":[{"href":"https:\/\/auxmode.com\/pt\/wp-json\/wp\/v2\/media?parent=26015"}],"curies":[{"name":"wp","href":"https:\/\/api.w.org\/{rel}","templated":true}]}}