{"id":26008,"date":"2022-05-22T00:54:07","date_gmt":"2022-05-22T00:54:07","guid":{"rendered":"https:\/\/auxmode.com\/monetize-your-content\/"},"modified":"2024-05-04T14:59:46","modified_gmt":"2024-05-04T14:59:46","slug":"monetize-seu-conteudo","status":"publish","type":"page","link":"https:\/\/auxmode.com\/pt\/produtos\/monetize-seu-conteudo\/","title":{"rendered":"Monetize seu Conte\u00fado"},"content":{"rendered":"<div id=\"pl-gb26008-69d0ee34614ee\"  class=\"panel-layout\" ><div class=\"container\"><div id=\"pg-gb26008-69d0ee34614ee-0\"  class=\"panel-grid panel-has-style row\" ><div class=\"hero lighter siteorigin-panels-stretch panel-row-style panel-row-style-for-gb26008-69d0ee34614ee-0\" data-stretch-type=\"full\" ><div id=\"pgc-gb26008-69d0ee34614ee-0-0\"  class=\"panel-grid-cell 69d0ee34614ee-6 flip col-md-12\" ><div class=\"hero-left panel-cell-style panel-cell-style-for-gb26008-69d0ee34614ee-0-0\" ><div id=\"panel-gb26008-69d0ee34614ee-0-0-0\" class=\"so-panel widget widget_sow-editor panel-first-child panel-last-child\" data-index=\"0\" ><div class=\"so-widget-sow-editor so-widget-sow-editor-base\">\n<div class=\"siteorigin-widget-tinymce textwidget\">\n\t<h1>Monetize seu Conte\u00fado<\/h1>\n<p>Monetize seu conte\u00fado em plataformas de streaming. Se o seu conte\u00fado est\u00e1 no YouTube, por que n\u00e3o ativar an\u00fancios e gerar receita?<\/p>\n<p><a class=\"btn btn-primary\" href=\"https:\/\/auxmode.com\/pt\/precos\/\">Planos e Pre\u00e7os<\/a><\/p>\n<\/div>\n<\/div><\/div><\/div><\/div><div id=\"pgc-gb26008-69d0ee34614ee-0-1\"  class=\"panel-grid-cell 69d0ee34614ee-6 flip col-md-12\" ><div class=\"hero-right panel-cell-style panel-cell-style-for-gb26008-69d0ee34614ee-0-1\" ><div id=\"panel-gb26008-69d0ee34614ee-0-1-0\" class=\"so-panel widget widget_media_image panel-first-child panel-last-child\" data-index=\"1\" ><div class=\"panel-widget-style panel-widget-style-for-gb26008-69d0ee34614ee-0-1-0\" ><img decoding=\"async\" width=\"555\" height=\"278\" src=\"https:\/\/auxmode.com\/wp-content\/uploads\/2022\/05\/Monetize_Your_Content1.png\" class=\"image wp-image-17668  attachment-full size-full\" alt=\"Monetize Content on YouTube\" style=\"max-width: 100%; height: auto;\" srcset=\"https:\/\/auxmode.com\/wp-content\/uploads\/2022\/05\/Monetize_Your_Content1.png 555w, https:\/\/auxmode.com\/wp-content\/uploads\/2022\/05\/Monetize_Your_Content1-300x150.png 300w\" sizes=\"(max-width: 555px) 100vw, 555px\" \/><\/div><\/div><\/div><\/div><\/div><\/div><\/div><div class=\"container\"><div id=\"pg-gb26008-69d0ee34614ee-1\"  class=\"panel-grid panel-has-style row\" ><div class=\"panel-usp panel-row-style panel-row-style-for-gb26008-69d0ee34614ee-1\" ><div id=\"pgc-gb26008-69d0ee34614ee-1-0\"  class=\"panel-grid-cell 69d0ee34614ee-7 flip col-md-12\" ><div id=\"panel-gb26008-69d0ee34614ee-1-0-0\" class=\"so-panel widget widget_media_image panel-first-child panel-last-child\" data-index=\"2\" ><img decoding=\"async\" width=\"400\" height=\"298\" src=\"https:\/\/auxmode.com\/wp-content\/uploads\/2022\/06\/Monetize-Your-Content7.png\" class=\"image wp-image-18134 aligncenter attachment-full size-full\" alt=\"Monetize Your Content\" style=\"max-width: 100%; height: auto;\" srcset=\"https:\/\/auxmode.com\/wp-content\/uploads\/2022\/06\/Monetize-Your-Content7.png 400w, https:\/\/auxmode.com\/wp-content\/uploads\/2022\/06\/Monetize-Your-Content7-300x224.png 300w\" sizes=\"(max-width: 400px) 100vw, 400px\" \/><\/div><\/div><div id=\"pgc-gb26008-69d0ee34614ee-1-1\"  class=\"panel-grid-cell 69d0ee34614ee-7 flip col-md-12\" ><div id=\"panel-gb26008-69d0ee34614ee-1-1-0\" class=\"widget_text so-panel widget widget_custom_html panel-first-child panel-last-child\" data-index=\"3\" ><div class=\"textwidget custom-html-widget\"><h3>Monetize seu Conte\u00fado Oferece<\/h3>\n<ul class=\"usp-list\">\n\t<li class=\"usp-item\">\n\t\t<div class=\"icon\"><i class=\"fa fa-check\"><\/i><\/div>\n\t\t<div class=\"usp-content\">\n\t\t\t<h4>Monetiza\u00e7\u00e3o autom\u00e1tica de seus v\u00eddeos.<\/h4>\n\t\t<\/div>\n\t<\/li>\n\t\n\t<li class=\"usp-item\">\n\t\t<div class=\"icon\"><i class=\"fa fa-check\"><\/i><\/div>\n\t\t<div class=\"usp-content\">\n\t\t\t<h4>Monetiza\u00e7\u00e3o autom\u00e1tica de seu canal ou p\u00e1gina.<\/h4>\n\t\t<\/div>\n\t<\/li>\n\t\n\t<li class=\"usp-item\">\n\t\t<div class=\"icon\"><i class=\"fa fa-check\"><\/i><\/div>\n\t\t<div class=\"usp-content\">\n\t\t\t<h4>Adi\u00e7\u00e3o autom\u00e1tica de tipos de an\u00fancio e intervalos de an\u00fancios.<\/h4>\n\t\t<\/div>\n\t<\/li>\n\t\n\t<li class=\"usp-item\">\n\t\t<div class=\"icon\"><i class=\"fa fa-check\"><\/i><\/div>\n\t\t<div class=\"usp-content\">\n\t\t\t<h4>Revis\u00e3o e an\u00e1lise da estrat\u00e9gia de intervalos de an\u00fancios.<\/h4>\n\t\t<\/div>\n\t<\/li>\n\t\n\t<li class=\"usp-item\">\n\t\t<div class=\"icon\"><i class=\"fa fa-check\"><\/i><\/div>\n\t\t<div class=\"usp-content\">\n\t\t\t<h4>Revis\u00e3o de reclamantes de v\u00eddeo.<\/h4>\n\t\t<\/div>\n\t<\/li>\n\t\n\t<li class=\"usp-item\">\n\t\t<div class=\"icon\"><i class=\"fa fa-check\"><\/i><\/div>\n\t\t<div class=\"usp-content\">\n\t\t\t<h4>Melhores pr\u00e1ticas de adequa\u00e7\u00e3o de an\u00fancios em v\u00eddeo.<\/h4>\n\t\t<\/div>\n\t<\/li>\n\t\n<\/ul>\n\n<p><a class=\"btn\" href=\"https:\/\/auxmode.com\/pt\/contato\/\">Saiba mais<\/a><\/p><\/div><\/div><\/div><\/div><\/div><\/div><div class=\"container\"><div id=\"pg-gb26008-69d0ee34614ee-2\"  class=\"panel-grid panel-has-style row\" ><div class=\"homepage-row colored siteorigin-panels-stretch panel-row-style panel-row-style-for-gb26008-69d0ee34614ee-2\" data-stretch-type=\"full\" ><div id=\"pgc-gb26008-69d0ee34614ee-2-0\"  class=\"panel-grid-cell 69d0ee34614ee-8 flip col-md-12\" ><div id=\"panel-gb26008-69d0ee34614ee-2-0-0\" class=\"so-panel widget widget_sow-editor panel-first-child panel-last-child\" data-index=\"4\" ><div class=\"so-widget-sow-editor so-widget-sow-editor-base\">\n<div class=\"siteorigin-widget-tinymce textwidget\">\n\t<h3>Monetize Seu Conte\u00fado<\/h3>\n<p>Gere receita com seu conte\u00fado em plataformas de streaming. Voc\u00ea pode ganhar dinheiro no YouTube ao se inscrever e ser aceito no Programa de Parcerias do YouTube.<\/p>\n<p>Voc\u00ea pode ganhar dinheiro em plataformas de streaming por meio dos seguintes recursos:<\/p>\n<ol>\n<li>Receita publicit\u00e1ria: Obtenha receita com an\u00fancios de display, sobreposi\u00e7\u00e3o e v\u00eddeo.<\/li>\n<li>Subscri\u00e7\u00f5es de de canal: Seus membros fazem pagamentos mensais recorrentes em troca de benef\u00edcios especiais que voc\u00ea oferece.<\/li>\n<li>Mercadorias: Seus f\u00e3s podem navegar e comprar mercadorias oficiais da marca que s\u00e3o exibidas nas p\u00e1ginas de visualiza\u00e7\u00e3o.<\/li>\n<li>Super Chat e Super Stickers: Seus f\u00e3s pagam para destacar suas mensagens nos fluxos de bate-papo.<\/li>\n<li>Receita do YouTube Premium: Obtenha parte da taxa de assinatura de um assinante do YouTube Premium quando eles assistem ao seu conte\u00fado.<\/li>\n<li>Financiamento de F\u00e3s: Se voc\u00ea tem uma base de f\u00e3s leais, uma plataforma de terceiros como o Patreon permite que criadores digitais, artistas, escritores e empresas forne\u00e7am benef\u00edcios exclusivos para patronos que apoiam seu canal e conte\u00fado.<\/li>\n<li>\u00a0Afiliados: Outra maneira de monetizar seus v\u00eddeos do YouTube \u00e9 por meio de programas de afiliados.<\/li>\n<li>Conex\u00e3o de Marca: A Conex\u00e3o de Marca do YouTube conecta marcas a criadores do YouTube para campanhas de conte\u00fado. As audi\u00eancias confiam nos criadores quando se trata de recomenda\u00e7\u00f5es de produtos.<\/li>\n<\/ol>\n<p>Cada recurso tem seus pr\u00f3prios requisitos e se voc\u00ea ainda n\u00e3o adicionou seu conte\u00fado ao YouTube, Amazon Video Prime, Facebook e outras plataformas de streaming, podemos ajudar.<\/p>\n<p><a class=\"btn btn-primary\" href=\"https:\/\/auxmode.com\/pt\/contato\/\">Saiba mais<\/a><\/p>\n<\/div>\n<\/div><\/div><\/div><div id=\"pgc-gb26008-69d0ee34614ee-2-1\"  class=\"panel-grid-cell 69d0ee34614ee-8 flip col-md-12\" ><div id=\"panel-gb26008-69d0ee34614ee-2-1-0\" class=\"so-panel widget widget_media_image panel-first-child panel-last-child\" data-index=\"5\" ><img decoding=\"async\" width=\"455\" height=\"287\" src=\"https:\/\/auxmode.com\/wp-content\/uploads\/2022\/06\/Monetize-Your-Content4.png\" class=\"image wp-image-18129 aligncenter attachment-full size-full\" alt=\"Increase Monetization of Your Content\" style=\"max-width: 100%; height: auto;\" srcset=\"https:\/\/auxmode.com\/wp-content\/uploads\/2022\/06\/Monetize-Your-Content4.png 455w, https:\/\/auxmode.com\/wp-content\/uploads\/2022\/06\/Monetize-Your-Content4-300x189.png 300w\" sizes=\"(max-width: 455px) 100vw, 455px\" \/><\/div><\/div><\/div><\/div><\/div><\/div>","protected":false},"excerpt":{"rendered":"<p>Monetize seu Conte\u00fado <\/p>\n<p>Monetize seu conte\u00fado em plataformas de streaming. Se o seu conte\u00fado est\u00e1 no YouTube, por que n\u00e3o ativar an\u00fancios e gerar receita?<\/p>\n<p>Planos e Pre\u00e7os<\/p>\n<p> Monetize seu Conte\u00fado Oferece <\/p>\n<ul class=\"usp-list\">\n<li class=\"usp-item\"> Monetiza\u00e7\u00e3o autom\u00e1tica de seus v\u00eddeos. <\/li>\n<li class=\"usp-item\"> Monetiza\u00e7\u00e3o autom\u00e1tica de seu canal ou p\u00e1gina. <\/li>\n<li class=\"usp-item\"> Adi\u00e7\u00e3o &hellip;\n<p><a class=\"more-link btn\" href=\"https:\/\/auxmode.com\/pt\/produtos\/monetize-seu-conteudo\/\">Continue a ler<\/a><\/p>\n<\/li>\n<\/ul>\n","protected":false},"author":1,"featured_media":0,"parent":26116,"menu_order":0,"comment_status":"closed","ping_status":"closed","template":"","meta":{"_acf_changed":false,"amp_status":"","footnotes":""},"class_list":["post-26008","page","type-page","status-publish","hentry","nodate","item-wrap"],"acf":[],"yoast_head":"<!-- This site is optimized with the Yoast SEO plugin v27.3 - https:\/\/yoast.com\/product\/yoast-seo-wordpress\/ -->\n<title>YouTube Content Monetization<\/title>\n<meta name=\"description\" content=\"Aumente suas visualiza\u00e7\u00f5es e receitas no YouTube com uma estrat\u00e9gia de monetiza\u00e7\u00e3o de conte\u00fado do YouTube da Aux Mode.\" \/>\n<meta name=\"robots\" content=\"index, follow, max-snippet:-1, max-image-preview:large, max-video-preview:-1\" \/>\n<link rel=\"canonical\" href=\"https:\/\/auxmode.com\/pt\/produtos\/monetize-seu-conteudo\/\" \/>\n<meta property=\"og:locale\" content=\"pt_PT\" \/>\n<meta property=\"og:type\" content=\"article\" \/>\n<meta property=\"og:title\" content=\"YouTube Content Monetization\" \/>\n<meta property=\"og:description\" content=\"Aumente suas visualiza\u00e7\u00f5es e receitas no YouTube com uma estrat\u00e9gia de monetiza\u00e7\u00e3o de conte\u00fado do YouTube da Aux Mode.\" \/>\n<meta property=\"og:url\" content=\"https:\/\/auxmode.com\/pt\/produtos\/monetize-seu-conteudo\/\" \/>\n<meta property=\"og:site_name\" content=\"Aux Mode\" \/>\n<meta property=\"article:modified_time\" content=\"2024-05-04T14:59:46+00:00\" \/>\n<meta property=\"og:image\" content=\"https:\/\/auxmode.com\/wp-content\/uploads\/2022\/05\/Monetize_Your_Content1.png\" \/>\n<meta name=\"twitter:card\" content=\"summary_large_image\" \/>\n<meta name=\"twitter:label1\" content=\"Tempo estimado de leitura\" \/>\n\t<meta name=\"twitter:data1\" content=\"2 minutos\" \/>\n<script type=\"application\/ld+json\" class=\"yoast-schema-graph\">{\"@context\":\"https:\\\/\\\/schema.org\",\"@graph\":[{\"@type\":\"WebPage\",\"@id\":\"https:\\\/\\\/auxmode.com\\\/pt\\\/produtos\\\/monetize-seu-conteudo\\\/\",\"url\":\"https:\\\/\\\/auxmode.com\\\/pt\\\/produtos\\\/monetize-seu-conteudo\\\/\",\"name\":\"YouTube Content Monetization\",\"isPartOf\":{\"@id\":\"https:\\\/\\\/auxmode.com\\\/#website\"},\"primaryImageOfPage\":{\"@id\":\"https:\\\/\\\/auxmode.com\\\/pt\\\/produtos\\\/monetize-seu-conteudo\\\/#primaryimage\"},\"image\":{\"@id\":\"https:\\\/\\\/auxmode.com\\\/pt\\\/produtos\\\/monetize-seu-conteudo\\\/#primaryimage\"},\"thumbnailUrl\":\"https:\\\/\\\/auxmode.com\\\/wp-content\\\/uploads\\\/2022\\\/05\\\/Monetize_Your_Content1.png\",\"datePublished\":\"2022-05-22T00:54:07+00:00\",\"dateModified\":\"2024-05-04T14:59:46+00:00\",\"description\":\"Aumente suas visualiza\u00e7\u00f5es e receitas no YouTube com uma estrat\u00e9gia de monetiza\u00e7\u00e3o de conte\u00fado do YouTube da Aux Mode.\",\"breadcrumb\":{\"@id\":\"https:\\\/\\\/auxmode.com\\\/pt\\\/produtos\\\/monetize-seu-conteudo\\\/#breadcrumb\"},\"inLanguage\":\"pt-PT\",\"potentialAction\":[{\"@type\":\"ReadAction\",\"target\":[\"https:\\\/\\\/auxmode.com\\\/pt\\\/produtos\\\/monetize-seu-conteudo\\\/\"]}]},{\"@type\":\"ImageObject\",\"inLanguage\":\"pt-PT\",\"@id\":\"https:\\\/\\\/auxmode.com\\\/pt\\\/produtos\\\/monetize-seu-conteudo\\\/#primaryimage\",\"url\":\"https:\\\/\\\/auxmode.com\\\/wp-content\\\/uploads\\\/2022\\\/05\\\/Monetize_Your_Content1.png\",\"contentUrl\":\"https:\\\/\\\/auxmode.com\\\/wp-content\\\/uploads\\\/2022\\\/05\\\/Monetize_Your_Content1.png\"},{\"@type\":\"BreadcrumbList\",\"@id\":\"https:\\\/\\\/auxmode.com\\\/pt\\\/produtos\\\/monetize-seu-conteudo\\\/#breadcrumb\",\"itemListElement\":[{\"@type\":\"ListItem\",\"position\":1,\"name\":\"Home\",\"item\":\"https:\\\/\\\/auxmode.com\\\/pt\\\/\"},{\"@type\":\"ListItem\",\"position\":2,\"name\":\"Produtos\",\"item\":\"https:\\\/\\\/auxmode.com\\\/pt\\\/produtos\\\/\"},{\"@type\":\"ListItem\",\"position\":3,\"name\":\"Monetize seu Conte\u00fado\"}]},{\"@type\":\"WebSite\",\"@id\":\"https:\\\/\\\/auxmode.com\\\/#website\",\"url\":\"https:\\\/\\\/auxmode.com\\\/\",\"name\":\"Aux Mode\",\"description\":\"YouTube content monetization protection and Revenue Reporting Automation.\",\"inLanguage\":\"pt-PT\"}]}<\/script>\n<!-- \/ Yoast SEO plugin. -->","yoast_head_json":{"title":"YouTube Content Monetization","description":"Aumente suas visualiza\u00e7\u00f5es e receitas no YouTube com uma estrat\u00e9gia de monetiza\u00e7\u00e3o de conte\u00fado do YouTube da Aux Mode.","robots":{"index":"index","follow":"follow","max-snippet":"max-snippet:-1","max-image-preview":"max-image-preview:large","max-video-preview":"max-video-preview:-1"},"canonical":"https:\/\/auxmode.com\/pt\/produtos\/monetize-seu-conteudo\/","og_locale":"pt_PT","og_type":"article","og_title":"YouTube Content Monetization","og_description":"Aumente suas visualiza\u00e7\u00f5es e receitas no YouTube com uma estrat\u00e9gia de monetiza\u00e7\u00e3o de conte\u00fado do YouTube da Aux Mode.","og_url":"https:\/\/auxmode.com\/pt\/produtos\/monetize-seu-conteudo\/","og_site_name":"Aux Mode","article_modified_time":"2024-05-04T14:59:46+00:00","og_image":[{"url":"https:\/\/auxmode.com\/wp-content\/uploads\/2022\/05\/Monetize_Your_Content1.png","type":"","width":"","height":""}],"twitter_card":"summary_large_image","twitter_misc":{"Tempo estimado de leitura":"2 minutos"},"schema":{"@context":"https:\/\/schema.org","@graph":[{"@type":"WebPage","@id":"https:\/\/auxmode.com\/pt\/produtos\/monetize-seu-conteudo\/","url":"https:\/\/auxmode.com\/pt\/produtos\/monetize-seu-conteudo\/","name":"YouTube Content Monetization","isPartOf":{"@id":"https:\/\/auxmode.com\/#website"},"primaryImageOfPage":{"@id":"https:\/\/auxmode.com\/pt\/produtos\/monetize-seu-conteudo\/#primaryimage"},"image":{"@id":"https:\/\/auxmode.com\/pt\/produtos\/monetize-seu-conteudo\/#primaryimage"},"thumbnailUrl":"https:\/\/auxmode.com\/wp-content\/uploads\/2022\/05\/Monetize_Your_Content1.png","datePublished":"2022-05-22T00:54:07+00:00","dateModified":"2024-05-04T14:59:46+00:00","description":"Aumente suas visualiza\u00e7\u00f5es e receitas no YouTube com uma estrat\u00e9gia de monetiza\u00e7\u00e3o de conte\u00fado do YouTube da Aux Mode.","breadcrumb":{"@id":"https:\/\/auxmode.com\/pt\/produtos\/monetize-seu-conteudo\/#breadcrumb"},"inLanguage":"pt-PT","potentialAction":[{"@type":"ReadAction","target":["https:\/\/auxmode.com\/pt\/produtos\/monetize-seu-conteudo\/"]}]},{"@type":"ImageObject","inLanguage":"pt-PT","@id":"https:\/\/auxmode.com\/pt\/produtos\/monetize-seu-conteudo\/#primaryimage","url":"https:\/\/auxmode.com\/wp-content\/uploads\/2022\/05\/Monetize_Your_Content1.png","contentUrl":"https:\/\/auxmode.com\/wp-content\/uploads\/2022\/05\/Monetize_Your_Content1.png"},{"@type":"BreadcrumbList","@id":"https:\/\/auxmode.com\/pt\/produtos\/monetize-seu-conteudo\/#breadcrumb","itemListElement":[{"@type":"ListItem","position":1,"name":"Home","item":"https:\/\/auxmode.com\/pt\/"},{"@type":"ListItem","position":2,"name":"Produtos","item":"https:\/\/auxmode.com\/pt\/produtos\/"},{"@type":"ListItem","position":3,"name":"Monetize seu Conte\u00fado"}]},{"@type":"WebSite","@id":"https:\/\/auxmode.com\/#website","url":"https:\/\/auxmode.com\/","name":"Aux Mode","description":"YouTube content monetization protection and Revenue Reporting Automation.","inLanguage":"pt-PT"}]}},"_links":{"self":[{"href":"https:\/\/auxmode.com\/pt\/wp-json\/wp\/v2\/pages\/26008","targetHints":{"allow":["GET"]}}],"collection":[{"href":"https:\/\/auxmode.com\/pt\/wp-json\/wp\/v2\/pages"}],"about":[{"href":"https:\/\/auxmode.com\/pt\/wp-json\/wp\/v2\/types\/page"}],"author":[{"embeddable":true,"href":"https:\/\/auxmode.com\/pt\/wp-json\/wp\/v2\/users\/1"}],"replies":[{"embeddable":true,"href":"https:\/\/auxmode.com\/pt\/wp-json\/wp\/v2\/comments?post=26008"}],"version-history":[{"count":1,"href":"https:\/\/auxmode.com\/pt\/wp-json\/wp\/v2\/pages\/26008\/revisions"}],"predecessor-version":[{"id":26013,"href":"https:\/\/auxmode.com\/pt\/wp-json\/wp\/v2\/pages\/26008\/revisions\/26013"}],"up":[{"embeddable":true,"href":"https:\/\/auxmode.com\/pt\/wp-json\/wp\/v2\/pages\/26116"}],"wp:attachment":[{"href":"https:\/\/auxmode.com\/pt\/wp-json\/wp\/v2\/media?parent=26008"}],"curies":[{"name":"wp","href":"https:\/\/api.w.org\/{rel}","templated":true}]}}