{"id":25995,"date":"2022-06-15T01:31:48","date_gmt":"2022-06-15T01:31:48","guid":{"rendered":"https:\/\/auxmode.com\/servicos\/youtube-cms-audit-training\/"},"modified":"2024-04-30T13:58:59","modified_gmt":"2024-04-30T13:58:59","slug":"auditoria-y-formacion-de-cms-de-youtube","status":"publish","type":"page","link":"https:\/\/auxmode.com\/pt\/servicos\/auditoria-y-formacion-de-cms-de-youtube\/","title":{"rendered":"Auditoria e Treinamento do CMS do YouTube"},"content":{"rendered":"<div id=\"pl-gb25995-69e602a30cf4a\"  class=\"panel-layout\" ><div class=\"container\"><div id=\"pg-gb25995-69e602a30cf4a-0\"  class=\"panel-grid panel-has-style row\" ><div class=\"hero lighter siteorigin-panels-stretch panel-row-style panel-row-style-for-gb25995-69e602a30cf4a-0\" data-stretch-type=\"full\" ><div id=\"pgc-gb25995-69e602a30cf4a-0-0\"  class=\"panel-grid-cell 69e602a30cf4a-6 flip col-md-12\" ><div class=\"hero-left panel-cell-style panel-cell-style-for-gb25995-69e602a30cf4a-0-0\" ><div id=\"panel-gb25995-69e602a30cf4a-0-0-0\" class=\"so-panel widget widget_sow-editor panel-first-child panel-last-child\" data-index=\"0\" ><div class=\"panel-widget-style panel-widget-style-for-gb25995-69e602a30cf4a-0-0-0\" ><div class=\"so-widget-sow-editor so-widget-sow-editor-base\">\n<div class=\"siteorigin-widget-tinymce textwidget\">\n\t<h1>Auditoria e Treinamento do CMS do YouTube<\/h1>\n<p>Nossa equipe realizar\u00e1 uma auditoria e em seguida sess\u00f5es de treinamento para sua equipe aprender as melhores pr\u00e1ticas do YouTube tanto no n\u00edvel do CMS quanto no n\u00edvel do canal.<\/p>\n<p><a class=\"btn btn-primary\" href=\"https:\/\/auxmode.com\/pt\/precos\/\">Planos e Pre\u00e7os<\/a><\/p>\n<\/div>\n<\/div><\/div><\/div><\/div><\/div><div id=\"pgc-gb25995-69e602a30cf4a-0-1\"  class=\"panel-grid-cell 69e602a30cf4a-6 flip col-md-12\" ><div class=\"hero-right panel-cell-style panel-cell-style-for-gb25995-69e602a30cf4a-0-1\" ><div id=\"panel-gb25995-69e602a30cf4a-0-1-0\" class=\"so-panel widget widget_media_image panel-first-child panel-last-child\" data-index=\"1\" ><div class=\"panel-widget-style panel-widget-style-for-gb25995-69e602a30cf4a-0-1-0\" ><img decoding=\"async\" width=\"555\" height=\"278\" src=\"https:\/\/auxmode.com\/wp-content\/uploads\/2022\/06\/YouTubeCMSAuditTraining1.png\" class=\"image wp-image-18044  attachment-full size-full\" alt=\"YouTube CMS Audit and Training\" style=\"max-width: 100%; height: auto;\" srcset=\"https:\/\/auxmode.com\/wp-content\/uploads\/2022\/06\/YouTubeCMSAuditTraining1.png 555w, https:\/\/auxmode.com\/wp-content\/uploads\/2022\/06\/YouTubeCMSAuditTraining1-300x150.png 300w\" sizes=\"(max-width: 555px) 100vw, 555px\" \/><\/div><\/div><\/div><\/div><\/div><\/div><\/div><div class=\"container\"><div id=\"pg-gb25995-69e602a30cf4a-1\"  class=\"panel-grid panel-has-style row\" ><div class=\"panel-usp panel-row-style panel-row-style-for-gb25995-69e602a30cf4a-1\" ><div id=\"pgc-gb25995-69e602a30cf4a-1-0\"  class=\"panel-grid-cell 69e602a30cf4a-7 flip col-md-12\" ><div id=\"panel-gb25995-69e602a30cf4a-1-0-0\" class=\"so-panel widget widget_sow-image panel-first-child panel-last-child\" data-index=\"2\" ><div class=\"so-widget-sow-image so-widget-sow-image-default-17bc2272b535-25995\">\n\n<div class=\"sow-image-container\">\n\t\t<img decoding=\"async\" src=\"https:\/\/auxmode.com\/wp-content\/uploads\/2022\/06\/YouTubeCMSAuditTraining2.png\" width=\"555\" height=\"555\" srcset=\"https:\/\/auxmode.com\/wp-content\/uploads\/2022\/06\/YouTubeCMSAuditTraining2.png 555w, https:\/\/auxmode.com\/wp-content\/uploads\/2022\/06\/YouTubeCMSAuditTraining2-300x300.png 300w, https:\/\/auxmode.com\/wp-content\/uploads\/2022\/06\/YouTubeCMSAuditTraining2-150x150.png 150w\" sizes=\"(max-width: 555px) 100vw, 555px\" alt=\"YouTube CMS Audit and Training\" \t\tclass=\"so-widget-image\"\/>\n\t<\/div>\n\n<\/div><\/div><\/div><div id=\"pgc-gb25995-69e602a30cf4a-1-1\"  class=\"panel-grid-cell 69e602a30cf4a-7 flip col-md-12\" ><div id=\"panel-gb25995-69e602a30cf4a-1-1-0\" class=\"widget_text so-panel widget widget_custom_html panel-first-child panel-last-child\" data-index=\"3\" ><div class=\"textwidget custom-html-widget\"><h3>Auditoria e Treinamento do CMS do YouTube Oferece<\/h3>\n<ul class=\"usp-list\">\n\t<li class=\"usp-item\">\n\t\t<div class=\"icon\"><i class=\"fa fa-check\"><\/i><\/div>\n\t\t<div class=\"usp-content\">\n\t\t\t<h4>Treinamento do CMS<\/h4>\n\t\t\t<p>Conformidade de licenciamento, melhores pr\u00e1ticas do YouTube para resolver problemas.<\/p>\n\t\t<\/div>\n\t<\/li>\n\t\n\t<li class=\"usp-item\">\n\t\t<div class=\"icon\"><i class=\"fa fa-check\"><\/i><\/div>\n\t\t<div class=\"usp-content\">\n\t\t\t<h4>Treinamento do canal do YouTube<\/h4>\n\t\t\t<p>\n\t\t\t\tT\u00edtulos, descri\u00e7\u00f5es, tags, palavras-chave, metadados por v\u00eddeo, miniaturas e listas de reprodu\u00e7\u00e3o.\n\t\t\t<\/p>\n\t\t<\/div>\n\t<\/li>\n\t\n\t<li class=\"usp-item\">\n\t\t<div class=\"icon\"><i class=\"fa fa-check\"><\/i><\/div>\n\t\t<div class=\"usp-content\">\n\t\t\t<h4>Materiais de Treinamento<\/h4>\n\t\t\t<p>\n\t\t\t\tSlides de treinamento personalizados e documenta\u00e7\u00e3o adaptada \u00e0s suas necessidades.\n\t\t\t<\/p>\n\t\t<\/div>\n\t<\/li>\n\t\n\t<li class=\"usp-item\">\n\t\t<div class=\"icon\"><i class=\"fa fa-check\"><\/i><\/div>\n\t\t<div class=\"usp-content\">\n\t\t\t<h4>Monetiza\u00e7\u00e3o do Canal<\/h4>\n\t\t\t<p>\n\t\t\t\tMaximize an\u00fancios e tipos de an\u00fancios em todos os v\u00eddeos.\n\t\t\t<\/p>\n\t\t<\/div>\n\t<\/li>\n\t\n\t<li class=\"usp-item\">\n\t\t<div class=\"icon\"><i class=\"fa fa-check\"><\/i><\/div>\n\t\t<div class=\"usp-content\">\n\t\t\t<h4>Pol\u00edticas de Conte\u00fado<\/h4>\n\t\t\t<p>\n\t\t\t\tAprenda a bloquear todo roubo e monetizar seus v\u00eddeos.\n\t\t\t<\/p>\n\t\t<\/div>\n\t<\/li>\n\t\n\t<li class=\"usp-item\">\n\t\t<div class=\"icon\"><i class=\"fa fa-check\"><\/i><\/div>\n\t\t<div class=\"usp-content\">\n\t\t\t<h4>Direitos de Conte\u00fado<\/h4>\n\t\t\t<p>\n\t\t\t\tGerencie seu conte\u00fado por regi\u00f5es.\n\t\t\t<\/p>\n\t\t<\/div>\n\t<\/li>\n\t\n\t<li class=\"usp-item\">\n\t\t<div class=\"icon\"><i class=\"fa fa-check\"><\/i><\/div>\n\t\t<div class=\"usp-content\">\n\t\t\t<h4>Materiais de Treinamento<\/h4>\n\t\t\t<p>\n\t\t\t\tSlides de treinamento personalizados e documenta\u00e7\u00e3o adaptada \u00e0s suas necessidades.\n\t\t\t<\/p>\n\t\t<\/div>\n\t<\/li>\n<\/ul>\n\n<p><a class=\"btn\" href=\"https:\/\/auxmode.com\/pt\/contato\/\">Saiba mais<\/a><\/p><\/div><\/div><\/div><\/div><\/div><\/div><div class=\"container\"><div id=\"pg-gb25995-69e602a30cf4a-2\"  class=\"panel-grid panel-has-style row\" ><div class=\"homepage-row colored siteorigin-panels-stretch panel-row-style panel-row-style-for-gb25995-69e602a30cf4a-2\" data-stretch-type=\"full\" ><div id=\"pgc-gb25995-69e602a30cf4a-2-0\"  class=\"panel-grid-cell 69e602a30cf4a-8 flip col-md-12\" ><div id=\"panel-gb25995-69e602a30cf4a-2-0-0\" class=\"so-panel widget widget_sow-editor panel-first-child panel-last-child\" data-index=\"4\" ><div class=\"so-widget-sow-editor so-widget-sow-editor-base\">\n<div class=\"siteorigin-widget-tinymce textwidget\">\n\t<h3>Auditoria e Treinamento do CMS do YouTube<\/h3>\n<p>O treinamento estar\u00e1 diretamente relacionado \u00e0 auditoria do CMS. A auditoria visa analisar a efici\u00eancia e efic\u00e1cia do gerenciamento existente de ativos de v\u00eddeo, receita do canal, otimiza\u00e7\u00e3o e conformidade com o YouTube.<\/p>\n<p>A Aux Mode e sua equipe revisar\u00e3o os processos existentes para gerenciar atualiza\u00e7\u00f5es e altera\u00e7\u00f5es de pol\u00edticas, reivindica\u00e7\u00f5es de direitos autorais, sobreposi\u00e7\u00f5es de refer\u00eancias, refer\u00eancias inv\u00e1lidas, reivindica\u00e7\u00f5es potenciais, reivindica\u00e7\u00f5es contestadas, conflitos de propriedade e transfer\u00eancias de ativos, e fornecer\u00e3o feedback sobre melhorias.<\/p>\n<p><a class=\"btn btn-primary\" href=\"https:\/\/auxmode.com\/pt\/contato\/\">Saiba mais<\/a><\/p>\n<\/div>\n<\/div><\/div><\/div><div id=\"pgc-gb25995-69e602a30cf4a-2-1\"  class=\"panel-grid-cell 69e602a30cf4a-8 flip col-md-12\" ><div id=\"panel-gb25995-69e602a30cf4a-2-1-0\" class=\"so-panel widget widget_sow-image panel-first-child panel-last-child\" data-index=\"5\" ><div class=\"so-widget-sow-image so-widget-sow-image-default-17bc2272b535-25995\">\n\n<div class=\"sow-image-container\">\n\t\t<img decoding=\"async\" src=\"https:\/\/auxmode.com\/wp-content\/uploads\/2022\/06\/YouTubeCMSAuditTraining3.png\" width=\"555\" height=\"259\" srcset=\"https:\/\/auxmode.com\/wp-content\/uploads\/2022\/06\/YouTubeCMSAuditTraining3.png 555w, https:\/\/auxmode.com\/wp-content\/uploads\/2022\/06\/YouTubeCMSAuditTraining3-300x140.png 300w\" sizes=\"(max-width: 555px) 100vw, 555px\" alt=\"YouTube CMS Audit and Training\" \t\tclass=\"so-widget-image\"\/>\n\t<\/div>\n\n<\/div><\/div><\/div><\/div><\/div><\/div><\/div>","protected":false},"excerpt":{"rendered":"<p>Auditoria e Treinamento do CMS do YouTube <\/p>\n<p>Nossa equipe realizar\u00e1 uma auditoria e em seguida sess\u00f5es de treinamento para sua equipe aprender as melhores pr\u00e1ticas do YouTube tanto no n\u00edvel do CMS quanto no n\u00edvel do canal.<\/p>\n<p>Planos e Pre\u00e7os<\/p>\n<p> Auditoria e Treinamento do CMS do YouTube Oferece <\/p>\n<ul class=\"usp-list\">\n<li class=\"usp-item\"> Treinamento do CMS &hellip;\n<p><a class=\"more-link btn\" href=\"https:\/\/auxmode.com\/pt\/servicos\/auditoria-y-formacion-de-cms-de-youtube\/\">Continue a ler<\/a><\/p>\n<\/li>\n<\/ul>\n","protected":false},"author":1,"featured_media":0,"parent":25880,"menu_order":0,"comment_status":"closed","ping_status":"closed","template":"","meta":{"_acf_changed":false,"amp_status":"","footnotes":""},"class_list":["post-25995","page","type-page","status-publish","hentry","nodate","item-wrap"],"acf":[],"yoast_head":"<!-- This site is optimized with the Yoast SEO plugin v27.4 - https:\/\/yoast.com\/product\/yoast-seo-wordpress\/ -->\n<title>Auditoria e Treinamento do CMS do YouTube - Aux Mode<\/title>\n<meta name=\"robots\" content=\"index, follow, max-snippet:-1, max-image-preview:large, max-video-preview:-1\" \/>\n<link rel=\"canonical\" href=\"https:\/\/auxmode.com\/pt\/servicos\/auditoria-y-formacion-de-cms-de-youtube\/\" \/>\n<meta property=\"og:locale\" content=\"pt_PT\" \/>\n<meta property=\"og:type\" content=\"article\" \/>\n<meta property=\"og:title\" content=\"Auditoria e Treinamento do CMS do YouTube - Aux Mode\" \/>\n<meta property=\"og:description\" content=\"Auditoria e Treinamento do CMS do YouTube Nossa equipe realizar\u00e1 uma auditoria e em seguida sess\u00f5es de treinamento para sua equipe aprender as melhores pr\u00e1ticas do YouTube tanto no n\u00edvel do CMS quanto no n\u00edvel do canal. Planos e Pre\u00e7os Auditoria e Treinamento do CMS do YouTube Oferece  Treinamento do CMS &hellip; Continue a ler\" \/>\n<meta property=\"og:url\" content=\"https:\/\/auxmode.com\/pt\/servicos\/auditoria-y-formacion-de-cms-de-youtube\/\" \/>\n<meta property=\"og:site_name\" content=\"Aux Mode\" \/>\n<meta property=\"article:modified_time\" content=\"2024-04-30T13:58:59+00:00\" \/>\n<meta property=\"og:image\" content=\"https:\/\/auxmode.com\/wp-content\/uploads\/2022\/06\/YouTubeCMSAuditTraining1.png\" \/>\n<meta name=\"twitter:card\" content=\"summary_large_image\" \/>\n<meta name=\"twitter:label1\" content=\"Tempo estimado de leitura\" \/>\n\t<meta name=\"twitter:data1\" content=\"2 minutos\" \/>\n<script type=\"application\/ld+json\" class=\"yoast-schema-graph\">{\"@context\":\"https:\\\/\\\/schema.org\",\"@graph\":[{\"@type\":\"WebPage\",\"@id\":\"https:\\\/\\\/auxmode.com\\\/pt\\\/servicos\\\/auditoria-y-formacion-de-cms-de-youtube\\\/\",\"url\":\"https:\\\/\\\/auxmode.com\\\/pt\\\/servicos\\\/auditoria-y-formacion-de-cms-de-youtube\\\/\",\"name\":\"Auditoria e Treinamento do CMS do YouTube - Aux Mode\",\"isPartOf\":{\"@id\":\"https:\\\/\\\/auxmode.com\\\/#website\"},\"primaryImageOfPage\":{\"@id\":\"https:\\\/\\\/auxmode.com\\\/pt\\\/servicos\\\/auditoria-y-formacion-de-cms-de-youtube\\\/#primaryimage\"},\"image\":{\"@id\":\"https:\\\/\\\/auxmode.com\\\/pt\\\/servicos\\\/auditoria-y-formacion-de-cms-de-youtube\\\/#primaryimage\"},\"thumbnailUrl\":\"https:\\\/\\\/auxmode.com\\\/wp-content\\\/uploads\\\/2022\\\/06\\\/YouTubeCMSAuditTraining1.png\",\"datePublished\":\"2022-06-15T01:31:48+00:00\",\"dateModified\":\"2024-04-30T13:58:59+00:00\",\"breadcrumb\":{\"@id\":\"https:\\\/\\\/auxmode.com\\\/pt\\\/servicos\\\/auditoria-y-formacion-de-cms-de-youtube\\\/#breadcrumb\"},\"inLanguage\":\"pt-PT\",\"potentialAction\":[{\"@type\":\"ReadAction\",\"target\":[\"https:\\\/\\\/auxmode.com\\\/pt\\\/servicos\\\/auditoria-y-formacion-de-cms-de-youtube\\\/\"]}]},{\"@type\":\"ImageObject\",\"inLanguage\":\"pt-PT\",\"@id\":\"https:\\\/\\\/auxmode.com\\\/pt\\\/servicos\\\/auditoria-y-formacion-de-cms-de-youtube\\\/#primaryimage\",\"url\":\"https:\\\/\\\/auxmode.com\\\/wp-content\\\/uploads\\\/2022\\\/06\\\/YouTubeCMSAuditTraining1.png\",\"contentUrl\":\"https:\\\/\\\/auxmode.com\\\/wp-content\\\/uploads\\\/2022\\\/06\\\/YouTubeCMSAuditTraining1.png\"},{\"@type\":\"BreadcrumbList\",\"@id\":\"https:\\\/\\\/auxmode.com\\\/pt\\\/servicos\\\/auditoria-y-formacion-de-cms-de-youtube\\\/#breadcrumb\",\"itemListElement\":[{\"@type\":\"ListItem\",\"position\":1,\"name\":\"Home\",\"item\":\"https:\\\/\\\/auxmode.com\\\/pt\\\/\"},{\"@type\":\"ListItem\",\"position\":2,\"name\":\"Servi\u00e7os\",\"item\":\"https:\\\/\\\/auxmode.com\\\/pt\\\/servicos\\\/\"},{\"@type\":\"ListItem\",\"position\":3,\"name\":\"Auditoria e Treinamento do CMS do YouTube\"}]},{\"@type\":\"WebSite\",\"@id\":\"https:\\\/\\\/auxmode.com\\\/#website\",\"url\":\"https:\\\/\\\/auxmode.com\\\/\",\"name\":\"Aux Mode\",\"description\":\"YouTube content monetization protection and Revenue Reporting Automation.\",\"inLanguage\":\"pt-PT\"}]}<\/script>\n<!-- \/ Yoast SEO plugin. -->","yoast_head_json":{"title":"Auditoria e Treinamento do CMS do YouTube - Aux Mode","robots":{"index":"index","follow":"follow","max-snippet":"max-snippet:-1","max-image-preview":"max-image-preview:large","max-video-preview":"max-video-preview:-1"},"canonical":"https:\/\/auxmode.com\/pt\/servicos\/auditoria-y-formacion-de-cms-de-youtube\/","og_locale":"pt_PT","og_type":"article","og_title":"Auditoria e Treinamento do CMS do YouTube - Aux Mode","og_description":"Auditoria e Treinamento do CMS do YouTube Nossa equipe realizar\u00e1 uma auditoria e em seguida sess\u00f5es de treinamento para sua equipe aprender as melhores pr\u00e1ticas do YouTube tanto no n\u00edvel do CMS quanto no n\u00edvel do canal. Planos e Pre\u00e7os Auditoria e Treinamento do CMS do YouTube Oferece  Treinamento do CMS &hellip; Continue a ler","og_url":"https:\/\/auxmode.com\/pt\/servicos\/auditoria-y-formacion-de-cms-de-youtube\/","og_site_name":"Aux Mode","article_modified_time":"2024-04-30T13:58:59+00:00","og_image":[{"url":"https:\/\/auxmode.com\/wp-content\/uploads\/2022\/06\/YouTubeCMSAuditTraining1.png","type":"","width":"","height":""}],"twitter_card":"summary_large_image","twitter_misc":{"Tempo estimado de leitura":"2 minutos"},"schema":{"@context":"https:\/\/schema.org","@graph":[{"@type":"WebPage","@id":"https:\/\/auxmode.com\/pt\/servicos\/auditoria-y-formacion-de-cms-de-youtube\/","url":"https:\/\/auxmode.com\/pt\/servicos\/auditoria-y-formacion-de-cms-de-youtube\/","name":"Auditoria e Treinamento do CMS do YouTube - Aux Mode","isPartOf":{"@id":"https:\/\/auxmode.com\/#website"},"primaryImageOfPage":{"@id":"https:\/\/auxmode.com\/pt\/servicos\/auditoria-y-formacion-de-cms-de-youtube\/#primaryimage"},"image":{"@id":"https:\/\/auxmode.com\/pt\/servicos\/auditoria-y-formacion-de-cms-de-youtube\/#primaryimage"},"thumbnailUrl":"https:\/\/auxmode.com\/wp-content\/uploads\/2022\/06\/YouTubeCMSAuditTraining1.png","datePublished":"2022-06-15T01:31:48+00:00","dateModified":"2024-04-30T13:58:59+00:00","breadcrumb":{"@id":"https:\/\/auxmode.com\/pt\/servicos\/auditoria-y-formacion-de-cms-de-youtube\/#breadcrumb"},"inLanguage":"pt-PT","potentialAction":[{"@type":"ReadAction","target":["https:\/\/auxmode.com\/pt\/servicos\/auditoria-y-formacion-de-cms-de-youtube\/"]}]},{"@type":"ImageObject","inLanguage":"pt-PT","@id":"https:\/\/auxmode.com\/pt\/servicos\/auditoria-y-formacion-de-cms-de-youtube\/#primaryimage","url":"https:\/\/auxmode.com\/wp-content\/uploads\/2022\/06\/YouTubeCMSAuditTraining1.png","contentUrl":"https:\/\/auxmode.com\/wp-content\/uploads\/2022\/06\/YouTubeCMSAuditTraining1.png"},{"@type":"BreadcrumbList","@id":"https:\/\/auxmode.com\/pt\/servicos\/auditoria-y-formacion-de-cms-de-youtube\/#breadcrumb","itemListElement":[{"@type":"ListItem","position":1,"name":"Home","item":"https:\/\/auxmode.com\/pt\/"},{"@type":"ListItem","position":2,"name":"Servi\u00e7os","item":"https:\/\/auxmode.com\/pt\/servicos\/"},{"@type":"ListItem","position":3,"name":"Auditoria e Treinamento do CMS do YouTube"}]},{"@type":"WebSite","@id":"https:\/\/auxmode.com\/#website","url":"https:\/\/auxmode.com\/","name":"Aux Mode","description":"YouTube content monetization protection and Revenue Reporting Automation.","inLanguage":"pt-PT"}]}},"_links":{"self":[{"href":"https:\/\/auxmode.com\/pt\/wp-json\/wp\/v2\/pages\/25995","targetHints":{"allow":["GET"]}}],"collection":[{"href":"https:\/\/auxmode.com\/pt\/wp-json\/wp\/v2\/pages"}],"about":[{"href":"https:\/\/auxmode.com\/pt\/wp-json\/wp\/v2\/types\/page"}],"author":[{"embeddable":true,"href":"https:\/\/auxmode.com\/pt\/wp-json\/wp\/v2\/users\/1"}],"replies":[{"embeddable":true,"href":"https:\/\/auxmode.com\/pt\/wp-json\/wp\/v2\/comments?post=25995"}],"version-history":[{"count":1,"href":"https:\/\/auxmode.com\/pt\/wp-json\/wp\/v2\/pages\/25995\/revisions"}],"predecessor-version":[{"id":26000,"href":"https:\/\/auxmode.com\/pt\/wp-json\/wp\/v2\/pages\/25995\/revisions\/26000"}],"up":[{"embeddable":true,"href":"https:\/\/auxmode.com\/pt\/wp-json\/wp\/v2\/pages\/25880"}],"wp:attachment":[{"href":"https:\/\/auxmode.com\/pt\/wp-json\/wp\/v2\/media?parent=25995"}],"curies":[{"name":"wp","href":"https:\/\/api.w.org\/{rel}","templated":true}]}}