{"id":25987,"date":"2022-06-15T01:47:47","date_gmt":"2022-06-15T01:47:47","guid":{"rendered":"https:\/\/auxmode.com\/servicos\/youtube-cms-content-id-management\/"},"modified":"2024-05-12T07:23:23","modified_gmt":"2024-05-12T07:23:23","slug":"gestion-cms-youtube-content-id","status":"publish","type":"page","link":"https:\/\/auxmode.com\/pt\/servicos\/gestion-cms-youtube-content-id\/","title":{"rendered":"Gerenciamento do CMS do YouTube e Content ID"},"content":{"rendered":"<div id=\"pl-gb25987-69d8e65bc2e02\"  class=\"panel-layout\" ><div class=\"container\"><div id=\"pg-gb25987-69d8e65bc2e02-0\"  class=\"panel-grid panel-has-style row\" ><div class=\"hero lighter siteorigin-panels-stretch panel-row-style panel-row-style-for-gb25987-69d8e65bc2e02-0\" data-stretch-type=\"full\" ><div id=\"pgc-gb25987-69d8e65bc2e02-0-0\"  class=\"panel-grid-cell 69d8e65bc2e02-6 flip col-md-12\" ><div class=\"hero-left panel-cell-style panel-cell-style-for-gb25987-69d8e65bc2e02-0-0\" ><div id=\"panel-gb25987-69d8e65bc2e02-0-0-0\" class=\"so-panel widget widget_sow-editor panel-first-child panel-last-child\" data-index=\"0\" ><div class=\"panel-widget-style panel-widget-style-for-gb25987-69d8e65bc2e02-0-0-0\" ><div class=\"so-widget-sow-editor so-widget-sow-editor-base\">\n<div class=\"siteorigin-widget-tinymce textwidget\">\n\t<h1>Gerenciamento do CMS do YouTube e Content ID<\/h1>\n<p>Nossa equipe ir\u00e1 gerenciar o CMS (Sistema de Gerenciamento de Conte\u00fado) e o Content ID para sua empresa. Utilizando as melhores pr\u00e1ticas do YouTube, resolveremos quaisquer problemas e implementaremos novas estrat\u00e9gias de Content ID para aumentar o alcance do canal e a receita.<\/p>\n<p><a class=\"btn btn-primary\" href=\"https:\/\/auxmode.com\/pt\/precos\/\">Planos e Pre\u00e7os<\/a><\/p>\n<\/div>\n<\/div><\/div><\/div><\/div><\/div><div id=\"pgc-gb25987-69d8e65bc2e02-0-1\"  class=\"panel-grid-cell 69d8e65bc2e02-6 flip col-md-12\" ><div class=\"hero-right panel-cell-style panel-cell-style-for-gb25987-69d8e65bc2e02-0-1\" ><div id=\"panel-gb25987-69d8e65bc2e02-0-1-0\" class=\"so-panel widget widget_media_image panel-first-child panel-last-child\" data-index=\"1\" ><div class=\"panel-widget-style panel-widget-style-for-gb25987-69d8e65bc2e02-0-1-0\" ><img decoding=\"async\" width=\"555\" height=\"312\" src=\"https:\/\/auxmode.com\/wp-content\/uploads\/2022\/06\/YouTubeCMS_Conteange1.png\" class=\"image wp-image-18054  attachment-full size-full\" alt=\"YouTube Content ID Consultant\" style=\"max-width: 100%; height: auto;\" srcset=\"https:\/\/auxmode.com\/wp-content\/uploads\/2022\/06\/YouTubeCMS_Conteange1.png 555w, https:\/\/auxmode.com\/wp-content\/uploads\/2022\/06\/YouTubeCMS_Conteange1-300x169.png 300w\" sizes=\"(max-width: 555px) 100vw, 555px\" \/><\/div><\/div><\/div><\/div><\/div><\/div><\/div><div class=\"container\"><div id=\"pg-gb25987-69d8e65bc2e02-1\"  class=\"panel-grid panel-has-style row\" ><div class=\"panel-usp panel-row-style panel-row-style-for-gb25987-69d8e65bc2e02-1\" ><div id=\"pgc-gb25987-69d8e65bc2e02-1-0\"  class=\"panel-grid-cell 69d8e65bc2e02-7 flip col-md-12\" ><div id=\"panel-gb25987-69d8e65bc2e02-1-0-0\" class=\"so-panel widget widget_sow-image panel-first-child panel-last-child\" data-index=\"2\" ><div class=\"so-widget-sow-image so-widget-sow-image-default-17bc2272b535-25987\">\n\n<div class=\"sow-image-container\">\n\t\t<img decoding=\"async\" src=\"https:\/\/auxmode.com\/wp-content\/uploads\/2022\/06\/YouTubeCMS_Conteange2.png\" width=\"555\" height=\"338\" srcset=\"https:\/\/auxmode.com\/wp-content\/uploads\/2022\/06\/YouTubeCMS_Conteange2.png 555w, https:\/\/auxmode.com\/wp-content\/uploads\/2022\/06\/YouTubeCMS_Conteange2-300x183.png 300w\" sizes=\"(max-width: 555px) 100vw, 555px\" alt=\"YouTube CMS Consultant\" \t\tclass=\"so-widget-image\"\/>\n\t<\/div>\n\n<\/div><\/div><\/div><div id=\"pgc-gb25987-69d8e65bc2e02-1-1\"  class=\"panel-grid-cell 69d8e65bc2e02-7 flip col-md-12\" ><div id=\"panel-gb25987-69d8e65bc2e02-1-1-0\" class=\"widget_text so-panel widget widget_custom_html panel-first-child panel-last-child\" data-index=\"3\" ><div class=\"textwidget custom-html-widget\"><h3>Gerenciamento do CMS do YouTube e Content ID Oferece<\/h3>\n<ul class=\"usp-list\">\n\t<li class=\"usp-item\">\n\t\t<div class=\"icon\"><i class=\"fa fa-check\"><\/i><\/div>\n\t\t<div class=\"usp-content\">\n\t\t\t<h4>Gerenciamento do CMS<\/h4>\n\t\t\t<p>\n\t\t\t\tConformidade de metadados, melhores pr\u00e1ticas do YouTube para resolver problemas pendentes.\n\t\t\t<\/p>\n\t\t<\/div>\n\t<\/li>\n\t\n\t<li class=\"usp-item\">\n\t\t<div class=\"icon\"><i class=\"fa fa-check\"><\/i><\/div>\n\t\t<div class=\"usp-content\">\n\t\t\t<h4>Content ID<\/h4>\n\t\t\t<p>\n\t\t\t\tVerifica\u00e7\u00e3o das pol\u00edticas de uso e correspond\u00eancia existentes.\n\t\t\t<\/p>\n\t\t<\/div>\n\t<\/li>\n\t\n\t<li class=\"usp-item\">\n\t\t<div class=\"icon\"><i class=\"fa fa-check\"><\/i><\/div>\n\t\t<div class=\"usp-content\">\n\t\t\t<h4>Direitos de Conte\u00fado<\/h4>\n\t\t\t<p>\n\t\t\t\tGerenciamento de seu conte\u00fado por regi\u00f5es e por v\u00eddeos.\n\t\t\t<\/p>\n\t\t<\/div>\n\t<\/li>\n\t\n\t<li class=\"usp-item\">\n\t\t<div class=\"icon\"><i class=\"fa fa-check\"><\/i><\/div>\n\t\t<div class=\"usp-content\">\n\t\t\t<h4>Pol\u00edticas de Conte\u00fado<\/h4>\n\t\t\t<p>\n\t\t\t\tNovas estrat\u00e9gias. Aprenda a bloquear todo roubo e monetizar os v\u00eddeos do seu canal.\n\t\t\t<\/p>\n\t\t<\/div>\n\t<\/li>\n\t\n\t<li class=\"usp-item\">\n\t\t<div class=\"icon\"><i class=\"fa fa-check\"><\/i><\/div>\n\t\t<div class=\"usp-content\">\n\t\t\t<h4>Monetiza\u00e7\u00e3o de V\u00eddeo<\/h4>\n\t\t\t<p>\n\t\t\t\tMaximize an\u00fancios e tipos de an\u00fancios em todos os v\u00eddeos para todas as regi\u00f5es.\n\t\t\t<\/p>\n\t\t<\/div>\n\t<\/li>\n<\/ul>\n\n<p><a class=\"btn\" href=\"https:\/\/auxmode.com\/pt\/contato\/\">Saiba mais<\/a><\/p><\/div><\/div><\/div><\/div><\/div><\/div><div class=\"container\"><div id=\"pg-gb25987-69d8e65bc2e02-2\"  class=\"panel-grid panel-has-style row\" ><div class=\"homepage-row colored siteorigin-panels-stretch panel-row-style panel-row-style-for-gb25987-69d8e65bc2e02-2\" data-stretch-type=\"full\" ><div id=\"pgc-gb25987-69d8e65bc2e02-2-0\"  class=\"panel-grid-cell 69d8e65bc2e02-8 flip col-md-12\" ><div id=\"panel-gb25987-69d8e65bc2e02-2-0-0\" class=\"so-panel widget widget_sow-editor panel-first-child panel-last-child\" data-index=\"4\" ><div class=\"so-widget-sow-editor so-widget-sow-editor-base\">\n<div class=\"siteorigin-widget-tinymce textwidget\">\n\t<h3>Gerenciamento do CMS do YouTube e Content ID<\/h3>\n<p>Os propriet\u00e1rios de conte\u00fado utilizam o Sistema de Gerenciamento de Conte\u00fado (CMS) do YouTube para fornecer os metadados de diferentes tipos de conte\u00fado, incluindo v\u00eddeos, grava\u00e7\u00f5es de \u00e1udio e composi\u00e7\u00f5es.<\/p>\n<p>Nossa equipe gerencia o Content ID do YouTube para garantir que todo uso indevido seja reivindicado e para identificar e gerenciar disputas de direitos autorais e relatar a voc\u00ea.<\/p>\n<p>Os v\u00eddeos enviados para os canais vinculados ao CMS s\u00e3o comparados com arquivos de \u00e1udio e v\u00eddeo registrados no Content ID pelos propriet\u00e1rios de conte\u00fado, procurando por correspond\u00eancias. Os propriet\u00e1rios de conte\u00fado t\u00eam a op\u00e7\u00e3o de bloquear o conte\u00fado correspondente ou monetiz\u00e1-lo. A Aux Mode ajudar\u00e1 no processo, passo a passo, para implementar a pol\u00edtica correta para cada v\u00eddeo.<\/p>\n<p><a class=\"btn btn-primary\" href=\"https:\/\/auxmode.com\/pt\/contato\/\">Saiba mais<\/a><\/p>\n<\/div>\n<\/div><\/div><\/div><div id=\"pgc-gb25987-69d8e65bc2e02-2-1\"  class=\"panel-grid-cell 69d8e65bc2e02-8 flip col-md-12\" ><div id=\"panel-gb25987-69d8e65bc2e02-2-1-0\" class=\"so-panel widget widget_sow-image panel-first-child panel-last-child\" data-index=\"5\" ><div class=\"so-widget-sow-image so-widget-sow-image-default-17bc2272b535-25987\">\n\n<div class=\"sow-image-container\">\n\t\t<img decoding=\"async\" src=\"https:\/\/auxmode.com\/wp-content\/uploads\/2022\/06\/YouTubeCMS_Conteange3-300x201.png\" width=\"300\" height=\"201\" srcset=\"https:\/\/auxmode.com\/wp-content\/uploads\/2022\/06\/YouTubeCMS_Conteange3-300x201.png 300w, https:\/\/auxmode.com\/wp-content\/uploads\/2022\/06\/YouTubeCMS_Conteange3-272x182.png 272w, https:\/\/auxmode.com\/wp-content\/uploads\/2022\/06\/YouTubeCMS_Conteange3.png 555w\" sizes=\"(max-width: 300px) 100vw, 300px\" alt=\"YouTube CMS Consultant\" \t\tclass=\"so-widget-image\"\/>\n\t<\/div>\n\n<\/div><\/div><\/div><\/div><\/div><\/div><\/div>","protected":false},"excerpt":{"rendered":"<p>Gerenciamento do CMS do YouTube e Content ID <\/p>\n<p>Nossa equipe ir\u00e1 gerenciar o CMS (Sistema de Gerenciamento de Conte\u00fado) e o Content ID para sua empresa. Utilizando as melhores pr\u00e1ticas do YouTube, resolveremos quaisquer problemas e implementaremos novas estrat\u00e9gias de Content ID para aumentar o alcance do canal e a receita.<\/p>\n<p>Planos e Pre\u00e7os<\/p>\n<p> Gerenciamento &hellip; <\/p>\n<p><a class=\"more-link btn\" href=\"https:\/\/auxmode.com\/pt\/servicos\/gestion-cms-youtube-content-id\/\">Continue a ler<\/a><\/p>\n","protected":false},"author":1,"featured_media":0,"parent":25880,"menu_order":0,"comment_status":"closed","ping_status":"closed","template":"","meta":{"_acf_changed":false,"amp_status":"","footnotes":""},"class_list":["post-25987","page","type-page","status-publish","hentry","nodate","item-wrap"],"acf":[],"yoast_head":"<!-- This site is optimized with the Yoast SEO plugin v27.3 - https:\/\/yoast.com\/product\/yoast-seo-wordpress\/ -->\n<title>YouTube CMS &amp; Content ID Management<\/title>\n<meta name=\"description\" content=\"Uma estrat\u00e9gia de CMS e Content ID do YouTube garante que seu v\u00eddeo esteja protegido em cada regi\u00e3o, totalmente monetizado, verifique o uso existente e corresponda \u00e0s pol\u00edticas. Saiba mais.\" \/>\n<meta name=\"robots\" content=\"index, follow, max-snippet:-1, max-image-preview:large, max-video-preview:-1\" \/>\n<link rel=\"canonical\" href=\"https:\/\/auxmode.com\/pt\/servicos\/gestion-cms-youtube-content-id\/\" \/>\n<meta property=\"og:locale\" content=\"pt_PT\" \/>\n<meta property=\"og:type\" content=\"article\" \/>\n<meta property=\"og:title\" content=\"YouTube CMS &amp; Content ID Management\" \/>\n<meta property=\"og:description\" content=\"Uma estrat\u00e9gia de CMS e Content ID do YouTube garante que seu v\u00eddeo esteja protegido em cada regi\u00e3o, totalmente monetizado, verifique o uso existente e corresponda \u00e0s pol\u00edticas. Saiba mais.\" \/>\n<meta property=\"og:url\" content=\"https:\/\/auxmode.com\/pt\/servicos\/gestion-cms-youtube-content-id\/\" \/>\n<meta property=\"og:site_name\" content=\"Aux Mode\" \/>\n<meta property=\"article:modified_time\" content=\"2024-05-12T07:23:23+00:00\" \/>\n<meta property=\"og:image\" content=\"https:\/\/auxmode.com\/wp-content\/uploads\/2022\/06\/YouTubeCMS_Conteange1.png\" \/>\n<meta name=\"twitter:card\" content=\"summary_large_image\" \/>\n<meta name=\"twitter:label1\" content=\"Tempo estimado de leitura\" \/>\n\t<meta name=\"twitter:data1\" content=\"2 minutos\" \/>\n<script type=\"application\/ld+json\" class=\"yoast-schema-graph\">{\"@context\":\"https:\\\/\\\/schema.org\",\"@graph\":[{\"@type\":\"WebPage\",\"@id\":\"https:\\\/\\\/auxmode.com\\\/pt\\\/servicos\\\/gestion-cms-youtube-content-id\\\/\",\"url\":\"https:\\\/\\\/auxmode.com\\\/pt\\\/servicos\\\/gestion-cms-youtube-content-id\\\/\",\"name\":\"YouTube CMS & Content ID Management\",\"isPartOf\":{\"@id\":\"https:\\\/\\\/auxmode.com\\\/#website\"},\"primaryImageOfPage\":{\"@id\":\"https:\\\/\\\/auxmode.com\\\/pt\\\/servicos\\\/gestion-cms-youtube-content-id\\\/#primaryimage\"},\"image\":{\"@id\":\"https:\\\/\\\/auxmode.com\\\/pt\\\/servicos\\\/gestion-cms-youtube-content-id\\\/#primaryimage\"},\"thumbnailUrl\":\"https:\\\/\\\/auxmode.com\\\/wp-content\\\/uploads\\\/2022\\\/06\\\/YouTubeCMS_Conteange1.png\",\"datePublished\":\"2022-06-15T01:47:47+00:00\",\"dateModified\":\"2024-05-12T07:23:23+00:00\",\"description\":\"Uma estrat\u00e9gia de CMS e Content ID do YouTube garante que seu v\u00eddeo esteja protegido em cada regi\u00e3o, totalmente monetizado, verifique o uso existente e corresponda \u00e0s pol\u00edticas. Saiba mais.\",\"breadcrumb\":{\"@id\":\"https:\\\/\\\/auxmode.com\\\/pt\\\/servicos\\\/gestion-cms-youtube-content-id\\\/#breadcrumb\"},\"inLanguage\":\"pt-PT\",\"potentialAction\":[{\"@type\":\"ReadAction\",\"target\":[\"https:\\\/\\\/auxmode.com\\\/pt\\\/servicos\\\/gestion-cms-youtube-content-id\\\/\"]}]},{\"@type\":\"ImageObject\",\"inLanguage\":\"pt-PT\",\"@id\":\"https:\\\/\\\/auxmode.com\\\/pt\\\/servicos\\\/gestion-cms-youtube-content-id\\\/#primaryimage\",\"url\":\"https:\\\/\\\/auxmode.com\\\/wp-content\\\/uploads\\\/2022\\\/06\\\/YouTubeCMS_Conteange1.png\",\"contentUrl\":\"https:\\\/\\\/auxmode.com\\\/wp-content\\\/uploads\\\/2022\\\/06\\\/YouTubeCMS_Conteange1.png\"},{\"@type\":\"BreadcrumbList\",\"@id\":\"https:\\\/\\\/auxmode.com\\\/pt\\\/servicos\\\/gestion-cms-youtube-content-id\\\/#breadcrumb\",\"itemListElement\":[{\"@type\":\"ListItem\",\"position\":1,\"name\":\"Home\",\"item\":\"https:\\\/\\\/auxmode.com\\\/pt\\\/\"},{\"@type\":\"ListItem\",\"position\":2,\"name\":\"Servi\u00e7os\",\"item\":\"https:\\\/\\\/auxmode.com\\\/pt\\\/servicos\\\/\"},{\"@type\":\"ListItem\",\"position\":3,\"name\":\"Gerenciamento do CMS do YouTube e Content ID\"}]},{\"@type\":\"WebSite\",\"@id\":\"https:\\\/\\\/auxmode.com\\\/#website\",\"url\":\"https:\\\/\\\/auxmode.com\\\/\",\"name\":\"Aux Mode\",\"description\":\"YouTube content monetization protection and Revenue Reporting Automation.\",\"inLanguage\":\"pt-PT\"}]}<\/script>\n<!-- \/ Yoast SEO plugin. -->","yoast_head_json":{"title":"YouTube CMS & Content ID Management","description":"Uma estrat\u00e9gia de CMS e Content ID do YouTube garante que seu v\u00eddeo esteja protegido em cada regi\u00e3o, totalmente monetizado, verifique o uso existente e corresponda \u00e0s pol\u00edticas. Saiba mais.","robots":{"index":"index","follow":"follow","max-snippet":"max-snippet:-1","max-image-preview":"max-image-preview:large","max-video-preview":"max-video-preview:-1"},"canonical":"https:\/\/auxmode.com\/pt\/servicos\/gestion-cms-youtube-content-id\/","og_locale":"pt_PT","og_type":"article","og_title":"YouTube CMS & Content ID Management","og_description":"Uma estrat\u00e9gia de CMS e Content ID do YouTube garante que seu v\u00eddeo esteja protegido em cada regi\u00e3o, totalmente monetizado, verifique o uso existente e corresponda \u00e0s pol\u00edticas. Saiba mais.","og_url":"https:\/\/auxmode.com\/pt\/servicos\/gestion-cms-youtube-content-id\/","og_site_name":"Aux Mode","article_modified_time":"2024-05-12T07:23:23+00:00","og_image":[{"url":"https:\/\/auxmode.com\/wp-content\/uploads\/2022\/06\/YouTubeCMS_Conteange1.png","type":"","width":"","height":""}],"twitter_card":"summary_large_image","twitter_misc":{"Tempo estimado de leitura":"2 minutos"},"schema":{"@context":"https:\/\/schema.org","@graph":[{"@type":"WebPage","@id":"https:\/\/auxmode.com\/pt\/servicos\/gestion-cms-youtube-content-id\/","url":"https:\/\/auxmode.com\/pt\/servicos\/gestion-cms-youtube-content-id\/","name":"YouTube CMS & Content ID Management","isPartOf":{"@id":"https:\/\/auxmode.com\/#website"},"primaryImageOfPage":{"@id":"https:\/\/auxmode.com\/pt\/servicos\/gestion-cms-youtube-content-id\/#primaryimage"},"image":{"@id":"https:\/\/auxmode.com\/pt\/servicos\/gestion-cms-youtube-content-id\/#primaryimage"},"thumbnailUrl":"https:\/\/auxmode.com\/wp-content\/uploads\/2022\/06\/YouTubeCMS_Conteange1.png","datePublished":"2022-06-15T01:47:47+00:00","dateModified":"2024-05-12T07:23:23+00:00","description":"Uma estrat\u00e9gia de CMS e Content ID do YouTube garante que seu v\u00eddeo esteja protegido em cada regi\u00e3o, totalmente monetizado, verifique o uso existente e corresponda \u00e0s pol\u00edticas. Saiba mais.","breadcrumb":{"@id":"https:\/\/auxmode.com\/pt\/servicos\/gestion-cms-youtube-content-id\/#breadcrumb"},"inLanguage":"pt-PT","potentialAction":[{"@type":"ReadAction","target":["https:\/\/auxmode.com\/pt\/servicos\/gestion-cms-youtube-content-id\/"]}]},{"@type":"ImageObject","inLanguage":"pt-PT","@id":"https:\/\/auxmode.com\/pt\/servicos\/gestion-cms-youtube-content-id\/#primaryimage","url":"https:\/\/auxmode.com\/wp-content\/uploads\/2022\/06\/YouTubeCMS_Conteange1.png","contentUrl":"https:\/\/auxmode.com\/wp-content\/uploads\/2022\/06\/YouTubeCMS_Conteange1.png"},{"@type":"BreadcrumbList","@id":"https:\/\/auxmode.com\/pt\/servicos\/gestion-cms-youtube-content-id\/#breadcrumb","itemListElement":[{"@type":"ListItem","position":1,"name":"Home","item":"https:\/\/auxmode.com\/pt\/"},{"@type":"ListItem","position":2,"name":"Servi\u00e7os","item":"https:\/\/auxmode.com\/pt\/servicos\/"},{"@type":"ListItem","position":3,"name":"Gerenciamento do CMS do YouTube e Content ID"}]},{"@type":"WebSite","@id":"https:\/\/auxmode.com\/#website","url":"https:\/\/auxmode.com\/","name":"Aux Mode","description":"YouTube content monetization protection and Revenue Reporting Automation.","inLanguage":"pt-PT"}]}},"_links":{"self":[{"href":"https:\/\/auxmode.com\/pt\/wp-json\/wp\/v2\/pages\/25987","targetHints":{"allow":["GET"]}}],"collection":[{"href":"https:\/\/auxmode.com\/pt\/wp-json\/wp\/v2\/pages"}],"about":[{"href":"https:\/\/auxmode.com\/pt\/wp-json\/wp\/v2\/types\/page"}],"author":[{"embeddable":true,"href":"https:\/\/auxmode.com\/pt\/wp-json\/wp\/v2\/users\/1"}],"replies":[{"embeddable":true,"href":"https:\/\/auxmode.com\/pt\/wp-json\/wp\/v2\/comments?post=25987"}],"version-history":[{"count":2,"href":"https:\/\/auxmode.com\/pt\/wp-json\/wp\/v2\/pages\/25987\/revisions"}],"predecessor-version":[{"id":26398,"href":"https:\/\/auxmode.com\/pt\/wp-json\/wp\/v2\/pages\/25987\/revisions\/26398"}],"up":[{"embeddable":true,"href":"https:\/\/auxmode.com\/pt\/wp-json\/wp\/v2\/pages\/25880"}],"wp:attachment":[{"href":"https:\/\/auxmode.com\/pt\/wp-json\/wp\/v2\/media?parent=25987"}],"curies":[{"name":"wp","href":"https:\/\/api.w.org\/{rel}","templated":true}]}}