{"id":25972,"date":"2022-06-15T01:15:26","date_gmt":"2022-06-15T01:15:26","guid":{"rendered":"https:\/\/auxmode.com\/servicos\/video-claim-mediation\/"},"modified":"2024-04-30T13:46:41","modified_gmt":"2024-04-30T13:46:41","slug":"mediacion-reclamaciones-video","status":"publish","type":"page","link":"https:\/\/auxmode.com\/pt\/servicos\/mediacion-reclamaciones-video\/","title":{"rendered":"Media\u00e7\u00e3o de Reivindica\u00e7\u00f5es de V\u00eddeo"},"content":{"rendered":"<div id=\"pl-gb25972-69d10906ab194\"  class=\"panel-layout\" ><div class=\"container\"><div id=\"pg-gb25972-69d10906ab194-0\"  class=\"panel-grid panel-has-style row\" ><div class=\"hero lighter siteorigin-panels-stretch panel-row-style panel-row-style-for-gb25972-69d10906ab194-0\" data-stretch-type=\"full\" ><div id=\"pgc-gb25972-69d10906ab194-0-0\"  class=\"panel-grid-cell 69d10906ab194-6 flip col-md-12\" ><div class=\"hero-left panel-cell-style panel-cell-style-for-gb25972-69d10906ab194-0-0\" ><div id=\"panel-gb25972-69d10906ab194-0-0-0\" class=\"so-panel widget widget_sow-editor panel-first-child panel-last-child\" data-index=\"0\" ><div class=\"panel-widget-style panel-widget-style-for-gb25972-69d10906ab194-0-0-0\" ><div class=\"so-widget-sow-editor so-widget-sow-editor-base\">\n<div class=\"siteorigin-widget-tinymce textwidget\">\n\t<h1>Media\u00e7\u00e3o de Reivindica\u00e7\u00f5es de V\u00eddeo<\/h1>\n<p>Nossa equipe acompanhar\u00e1 todas as reivindica\u00e7\u00f5es de terceiros, apelar\u00e1 as reivindica\u00e7\u00f5es com a contribui\u00e7\u00e3o do cliente, contando com nossa experi\u00eancia l\u00edder na ind\u00fastria, o que resulta em uma porcentagem de libera\u00e7\u00e3o de reivindica\u00e7\u00f5es mais alta.<\/p>\n<p><a class=\"btn btn-primary\" href=\"https:\/\/auxmode.com\/pt\/precos\/\">Planos e Pre\u00e7os<\/a><\/p>\n<\/div>\n<\/div><\/div><\/div><\/div><\/div><div id=\"pgc-gb25972-69d10906ab194-0-1\"  class=\"panel-grid-cell 69d10906ab194-6 flip col-md-12\" ><div class=\"hero-right panel-cell-style panel-cell-style-for-gb25972-69d10906ab194-0-1\" ><div id=\"panel-gb25972-69d10906ab194-0-1-0\" class=\"so-panel widget widget_media_image panel-first-child panel-last-child\" data-index=\"1\" ><div class=\"panel-widget-style panel-widget-style-for-gb25972-69d10906ab194-0-1-0\" ><img decoding=\"async\" width=\"400\" height=\"284\" src=\"https:\/\/auxmode.com\/wp-content\/uploads\/2022\/06\/VideoClaimMediation1.png\" class=\"image wp-image-18027  attachment-400x284 size-400x284\" alt=\"YouTube CMS Audit and Training\" style=\"max-width: 100%; height: auto;\" srcset=\"https:\/\/auxmode.com\/wp-content\/uploads\/2022\/06\/VideoClaimMediation1.png 555w, https:\/\/auxmode.com\/wp-content\/uploads\/2022\/06\/VideoClaimMediation1-300x213.png 300w\" sizes=\"(max-width: 400px) 100vw, 400px\" \/><\/div><\/div><\/div><\/div><\/div><\/div><\/div><div class=\"container\"><div id=\"pg-gb25972-69d10906ab194-1\"  class=\"panel-grid panel-has-style row\" ><div class=\"panel-usp panel-row-style panel-row-style-for-gb25972-69d10906ab194-1\" ><div id=\"pgc-gb25972-69d10906ab194-1-0\"  class=\"panel-grid-cell 69d10906ab194-7 flip col-md-12\" ><div id=\"panel-gb25972-69d10906ab194-1-0-0\" class=\"so-panel widget widget_sow-image panel-first-child panel-last-child\" data-index=\"2\" ><div class=\"so-widget-sow-image so-widget-sow-image-default-17bc2272b535-25972\">\n\n<div class=\"sow-image-container\">\n\t\t<img decoding=\"async\" src=\"https:\/\/auxmode.com\/wp-content\/uploads\/2022\/06\/VideoClaimMediation2.png\" width=\"555\" height=\"312\" srcset=\"https:\/\/auxmode.com\/wp-content\/uploads\/2022\/06\/VideoClaimMediation2.png 555w, https:\/\/auxmode.com\/wp-content\/uploads\/2022\/06\/VideoClaimMediation2-300x169.png 300w\" sizes=\"(max-width: 555px) 100vw, 555px\" alt=\"YouTube CMS Audit and Training\" \t\tclass=\"so-widget-image\"\/>\n\t<\/div>\n\n<\/div><\/div><\/div><div id=\"pgc-gb25972-69d10906ab194-1-1\"  class=\"panel-grid-cell 69d10906ab194-7 flip col-md-12\" ><div id=\"panel-gb25972-69d10906ab194-1-1-0\" class=\"widget_text so-panel widget widget_custom_html panel-first-child panel-last-child\" data-index=\"3\" ><div class=\"textwidget custom-html-widget\"><h3>Media\u00e7\u00e3o de Reivindica\u00e7\u00f5es de V\u00eddeo Oferece<\/h3>\n<ul class=\"usp-list\">\n\t<li class=\"usp-item\">\n\t\t<div class=\"icon\"><i class=\"fa fa-check\"><\/i><\/div>\n\t\t<div class=\"usp-content\">\n\t\t\t<h4>Estrat\u00e9gia de reivindica\u00e7\u00e3o.<\/h4>\n\t\t<\/div>\n\t<\/li>\n\t\n\t<li class=\"usp-item\">\n\t\t<div class=\"icon\"><i class=\"fa fa-check\"><\/i><\/div>\n\t\t<div class=\"usp-content\">\n\t\t\t<h4>Processo passo a passo de apela\u00e7\u00e3o.<\/h4>\n\t\t<\/div>\n\t<\/li>\n\t\n\t<li class=\"usp-item\">\n\t\t<div class=\"icon\"><i class=\"fa fa-check\"><\/i><\/div>\n\t\t<div class=\"usp-content\">\n\t\t\t<h4>Melhores pr\u00e1ticas de reivindica\u00e7\u00e3o e apela\u00e7\u00e3o.<\/h4>\n\t\t<\/div>\n\t<\/li>\n\t\n\t<li class=\"usp-item\">\n\t\t<div class=\"icon\"><i class=\"fa fa-check\"><\/i><\/div>\n\t\t<div class=\"usp-content\">\n\t\t\t<h4>Painel de rastreamento de reivindica\u00e7\u00f5es.<\/h4>\n\t\t<\/div>\n\t<\/li>\n\t\n\t<li class=\"usp-item\">\n\t\t<div class=\"icon\"><i class=\"fa fa-check\"><\/i><\/div>\n\t\t<div class=\"usp-content\">\n\t\t\t<h4>Atualiza\u00e7\u00f5es din\u00e2micas.<\/h4>\n\t\t<\/div>\n\t<\/li>\n\t\n\t<li class=\"usp-item\">\n\t\t<div class=\"icon\"><i class=\"fa fa-check\"><\/i><\/div>\n\t\t<div class=\"usp-content\">\n\t\t\t<h4>Notifica\u00e7\u00f5es via e-mails di\u00e1rios.<\/h4>\n\t\t<\/div>\n\t<\/li>\n<\/ul>\n\n<p><a class=\"btn\" href=\"https:\/\/auxmode.com\/pt\/contato\/\">Saiba mais<\/a><\/p><\/div><\/div><\/div><\/div><\/div><\/div><div class=\"container\"><div id=\"pg-gb25972-69d10906ab194-2\"  class=\"panel-grid panel-has-style row\" ><div class=\"homepage-row colored siteorigin-panels-stretch panel-row-style panel-row-style-for-gb25972-69d10906ab194-2\" data-stretch-type=\"full\" ><div id=\"pgc-gb25972-69d10906ab194-2-0\"  class=\"panel-grid-cell 69d10906ab194-8 flip col-md-12\" ><div id=\"panel-gb25972-69d10906ab194-2-0-0\" class=\"so-panel widget widget_sow-editor panel-first-child panel-last-child\" data-index=\"4\" ><div class=\"so-widget-sow-editor so-widget-sow-editor-base\">\n<div class=\"siteorigin-widget-tinymce textwidget\">\n\t<h3>Media\u00e7\u00e3o de Reivindica\u00e7\u00f5es de V\u00eddeo<\/h3>\n<p>Nossa equipe ir\u00e1 gerenciar suas reivindica\u00e7\u00f5es e strikes. Uma reivindica\u00e7\u00e3o \u00e9 uma afirma\u00e7\u00e3o de propriedade de direitos autorais sobre um v\u00eddeo. As reivindica\u00e7\u00f5es s\u00e3o feitas em v\u00eddeos enviados pelos canais vinculados ao seu Gerenciador de Conte\u00fado ou por outros usu\u00e1rios quando seus v\u00eddeos correspondem aos seus ativos.<\/p>\n<p>Libera\u00e7\u00e3o da reivindica\u00e7\u00e3o: Se o propriet\u00e1rio dos direitos autorais concordar com sua contesta\u00e7\u00e3o, eles podem liberar sua reivindica\u00e7\u00e3o e voc\u00ea n\u00e3o precisa fazer nada. Solicita\u00e7\u00e3o de remo\u00e7\u00e3o imediata do seu v\u00eddeo: Se eles acreditam que sua reivindica\u00e7\u00e3o ainda \u00e9 v\u00e1lida, eles podem emitir uma solicita\u00e7\u00e3o de remo\u00e7\u00e3o de direitos autorais contra seu v\u00eddeo.<\/p>\n<p>Se voc\u00ea receber tr\u00eas strikes de direitos autorais: Sua conta, juntamente com quaisquer canais associados, est\u00e1 sujeita a ser encerrada. Todos os v\u00eddeos enviados para sua conta ser\u00e3o removidos. Voc\u00ea n\u00e3o pode criar novos canais.<\/p>\n<p>N\u00f3s garantimos o monitoramento de reivindica\u00e7\u00f5es e strikes em tempo real. Nossa equipe iniciar\u00e1 os itens acion\u00e1veis para promover a libera\u00e7\u00e3o da reivindica\u00e7\u00e3o e a remo\u00e7\u00e3o do strike assim que acontecer.<\/p>\n<p><a class=\"btn btn-primary\" href=\"https:\/\/auxmode.com\/pt\/contato\/\">Saiba mais<\/a><\/p>\n<\/div>\n<\/div><\/div><\/div><div id=\"pgc-gb25972-69d10906ab194-2-1\"  class=\"panel-grid-cell 69d10906ab194-8 flip col-md-12\" ><div id=\"panel-gb25972-69d10906ab194-2-1-0\" class=\"so-panel widget widget_sow-image panel-first-child panel-last-child\" data-index=\"5\" ><div class=\"so-widget-sow-image so-widget-sow-image-default-17bc2272b535-25972\">\n\n<div class=\"sow-image-container\">\n\t\t<img decoding=\"async\" src=\"https:\/\/auxmode.com\/wp-content\/uploads\/2022\/06\/VideoClaimMediation3-300x300.png\" width=\"300\" height=\"300\" srcset=\"https:\/\/auxmode.com\/wp-content\/uploads\/2022\/06\/VideoClaimMediation3-300x300.png 300w, https:\/\/auxmode.com\/wp-content\/uploads\/2022\/06\/VideoClaimMediation3-150x150.png 150w, https:\/\/auxmode.com\/wp-content\/uploads\/2022\/06\/VideoClaimMediation3.png 555w\" sizes=\"(max-width: 300px) 100vw, 300px\" alt=\"YouTube Creative Commons Training\" \t\tclass=\"so-widget-image\"\/>\n\t<\/div>\n\n<\/div><\/div><\/div><\/div><\/div><\/div><\/div>","protected":false},"excerpt":{"rendered":"<p>Media\u00e7\u00e3o de Reivindica\u00e7\u00f5es de V\u00eddeo <\/p>\n<p>Nossa equipe acompanhar\u00e1 todas as reivindica\u00e7\u00f5es de terceiros, apelar\u00e1 as reivindica\u00e7\u00f5es com a contribui\u00e7\u00e3o do cliente, contando com nossa experi\u00eancia l\u00edder na ind\u00fastria, o que resulta em uma porcentagem de libera\u00e7\u00e3o de reivindica\u00e7\u00f5es mais alta.<\/p>\n<p>Planos e Pre\u00e7os<\/p>\n<p> Media\u00e7\u00e3o de Reivindica\u00e7\u00f5es de V\u00eddeo Oferece <\/p>\n<ul class=\"usp-list\">\n<li class=\"usp-item\"> Estrat\u00e9gia de &hellip;\n<p><a class=\"more-link btn\" href=\"https:\/\/auxmode.com\/pt\/servicos\/mediacion-reclamaciones-video\/\">Continue a ler<\/a><\/p>\n<\/li>\n<\/ul>\n","protected":false},"author":1,"featured_media":0,"parent":25880,"menu_order":0,"comment_status":"closed","ping_status":"closed","template":"","meta":{"_acf_changed":false,"amp_status":"","footnotes":""},"class_list":["post-25972","page","type-page","status-publish","hentry","nodate","item-wrap"],"acf":[],"yoast_head":"<!-- This site is optimized with the Yoast SEO plugin v27.3 - https:\/\/yoast.com\/product\/yoast-seo-wordpress\/ -->\n<title>Media\u00e7\u00e3o de Reivindica\u00e7\u00f5es de V\u00eddeo - Aux Mode<\/title>\n<meta name=\"robots\" content=\"index, follow, max-snippet:-1, max-image-preview:large, max-video-preview:-1\" \/>\n<link rel=\"canonical\" href=\"https:\/\/auxmode.com\/pt\/servicos\/mediacion-reclamaciones-video\/\" \/>\n<meta property=\"og:locale\" content=\"pt_PT\" \/>\n<meta property=\"og:type\" content=\"article\" \/>\n<meta property=\"og:title\" content=\"Media\u00e7\u00e3o de Reivindica\u00e7\u00f5es de V\u00eddeo - Aux Mode\" \/>\n<meta property=\"og:description\" content=\"Media\u00e7\u00e3o de Reivindica\u00e7\u00f5es de V\u00eddeo Nossa equipe acompanhar\u00e1 todas as reivindica\u00e7\u00f5es de terceiros, apelar\u00e1 as reivindica\u00e7\u00f5es com a contribui\u00e7\u00e3o do cliente, contando com nossa experi\u00eancia l\u00edder na ind\u00fastria, o que resulta em uma porcentagem de libera\u00e7\u00e3o de reivindica\u00e7\u00f5es mais alta. Planos e Pre\u00e7os Media\u00e7\u00e3o de Reivindica\u00e7\u00f5es de V\u00eddeo Oferece  Estrat\u00e9gia de &hellip; Continue a ler\" \/>\n<meta property=\"og:url\" content=\"https:\/\/auxmode.com\/pt\/servicos\/mediacion-reclamaciones-video\/\" \/>\n<meta property=\"og:site_name\" content=\"Aux Mode\" \/>\n<meta property=\"article:modified_time\" content=\"2024-04-30T13:46:41+00:00\" \/>\n<meta property=\"og:image\" content=\"https:\/\/auxmode.com\/wp-content\/uploads\/2022\/06\/VideoClaimMediation1.png\" \/>\n<meta name=\"twitter:card\" content=\"summary_large_image\" \/>\n<meta name=\"twitter:label1\" content=\"Tempo estimado de leitura\" \/>\n\t<meta name=\"twitter:data1\" content=\"2 minutos\" \/>\n<script type=\"application\/ld+json\" class=\"yoast-schema-graph\">{\"@context\":\"https:\\\/\\\/schema.org\",\"@graph\":[{\"@type\":\"WebPage\",\"@id\":\"https:\\\/\\\/auxmode.com\\\/pt\\\/servicos\\\/mediacion-reclamaciones-video\\\/\",\"url\":\"https:\\\/\\\/auxmode.com\\\/pt\\\/servicos\\\/mediacion-reclamaciones-video\\\/\",\"name\":\"Media\u00e7\u00e3o de Reivindica\u00e7\u00f5es de V\u00eddeo - Aux Mode\",\"isPartOf\":{\"@id\":\"https:\\\/\\\/auxmode.com\\\/#website\"},\"primaryImageOfPage\":{\"@id\":\"https:\\\/\\\/auxmode.com\\\/pt\\\/servicos\\\/mediacion-reclamaciones-video\\\/#primaryimage\"},\"image\":{\"@id\":\"https:\\\/\\\/auxmode.com\\\/pt\\\/servicos\\\/mediacion-reclamaciones-video\\\/#primaryimage\"},\"thumbnailUrl\":\"https:\\\/\\\/auxmode.com\\\/wp-content\\\/uploads\\\/2022\\\/06\\\/VideoClaimMediation1.png\",\"datePublished\":\"2022-06-15T01:15:26+00:00\",\"dateModified\":\"2024-04-30T13:46:41+00:00\",\"breadcrumb\":{\"@id\":\"https:\\\/\\\/auxmode.com\\\/pt\\\/servicos\\\/mediacion-reclamaciones-video\\\/#breadcrumb\"},\"inLanguage\":\"pt-PT\",\"potentialAction\":[{\"@type\":\"ReadAction\",\"target\":[\"https:\\\/\\\/auxmode.com\\\/pt\\\/servicos\\\/mediacion-reclamaciones-video\\\/\"]}]},{\"@type\":\"ImageObject\",\"inLanguage\":\"pt-PT\",\"@id\":\"https:\\\/\\\/auxmode.com\\\/pt\\\/servicos\\\/mediacion-reclamaciones-video\\\/#primaryimage\",\"url\":\"https:\\\/\\\/auxmode.com\\\/wp-content\\\/uploads\\\/2022\\\/06\\\/VideoClaimMediation1.png\",\"contentUrl\":\"https:\\\/\\\/auxmode.com\\\/wp-content\\\/uploads\\\/2022\\\/06\\\/VideoClaimMediation1.png\"},{\"@type\":\"BreadcrumbList\",\"@id\":\"https:\\\/\\\/auxmode.com\\\/pt\\\/servicos\\\/mediacion-reclamaciones-video\\\/#breadcrumb\",\"itemListElement\":[{\"@type\":\"ListItem\",\"position\":1,\"name\":\"Home\",\"item\":\"https:\\\/\\\/auxmode.com\\\/pt\\\/\"},{\"@type\":\"ListItem\",\"position\":2,\"name\":\"Servi\u00e7os\",\"item\":\"https:\\\/\\\/auxmode.com\\\/pt\\\/servicos\\\/\"},{\"@type\":\"ListItem\",\"position\":3,\"name\":\"Media\u00e7\u00e3o de Reivindica\u00e7\u00f5es de V\u00eddeo\"}]},{\"@type\":\"WebSite\",\"@id\":\"https:\\\/\\\/auxmode.com\\\/#website\",\"url\":\"https:\\\/\\\/auxmode.com\\\/\",\"name\":\"Aux Mode\",\"description\":\"YouTube content monetization protection and Revenue Reporting Automation.\",\"inLanguage\":\"pt-PT\"}]}<\/script>\n<!-- \/ Yoast SEO plugin. -->","yoast_head_json":{"title":"Media\u00e7\u00e3o de Reivindica\u00e7\u00f5es de V\u00eddeo - Aux Mode","robots":{"index":"index","follow":"follow","max-snippet":"max-snippet:-1","max-image-preview":"max-image-preview:large","max-video-preview":"max-video-preview:-1"},"canonical":"https:\/\/auxmode.com\/pt\/servicos\/mediacion-reclamaciones-video\/","og_locale":"pt_PT","og_type":"article","og_title":"Media\u00e7\u00e3o de Reivindica\u00e7\u00f5es de V\u00eddeo - Aux Mode","og_description":"Media\u00e7\u00e3o de Reivindica\u00e7\u00f5es de V\u00eddeo Nossa equipe acompanhar\u00e1 todas as reivindica\u00e7\u00f5es de terceiros, apelar\u00e1 as reivindica\u00e7\u00f5es com a contribui\u00e7\u00e3o do cliente, contando com nossa experi\u00eancia l\u00edder na ind\u00fastria, o que resulta em uma porcentagem de libera\u00e7\u00e3o de reivindica\u00e7\u00f5es mais alta. Planos e Pre\u00e7os Media\u00e7\u00e3o de Reivindica\u00e7\u00f5es de V\u00eddeo Oferece  Estrat\u00e9gia de &hellip; Continue a ler","og_url":"https:\/\/auxmode.com\/pt\/servicos\/mediacion-reclamaciones-video\/","og_site_name":"Aux Mode","article_modified_time":"2024-04-30T13:46:41+00:00","og_image":[{"url":"https:\/\/auxmode.com\/wp-content\/uploads\/2022\/06\/VideoClaimMediation1.png","type":"","width":"","height":""}],"twitter_card":"summary_large_image","twitter_misc":{"Tempo estimado de leitura":"2 minutos"},"schema":{"@context":"https:\/\/schema.org","@graph":[{"@type":"WebPage","@id":"https:\/\/auxmode.com\/pt\/servicos\/mediacion-reclamaciones-video\/","url":"https:\/\/auxmode.com\/pt\/servicos\/mediacion-reclamaciones-video\/","name":"Media\u00e7\u00e3o de Reivindica\u00e7\u00f5es de V\u00eddeo - Aux Mode","isPartOf":{"@id":"https:\/\/auxmode.com\/#website"},"primaryImageOfPage":{"@id":"https:\/\/auxmode.com\/pt\/servicos\/mediacion-reclamaciones-video\/#primaryimage"},"image":{"@id":"https:\/\/auxmode.com\/pt\/servicos\/mediacion-reclamaciones-video\/#primaryimage"},"thumbnailUrl":"https:\/\/auxmode.com\/wp-content\/uploads\/2022\/06\/VideoClaimMediation1.png","datePublished":"2022-06-15T01:15:26+00:00","dateModified":"2024-04-30T13:46:41+00:00","breadcrumb":{"@id":"https:\/\/auxmode.com\/pt\/servicos\/mediacion-reclamaciones-video\/#breadcrumb"},"inLanguage":"pt-PT","potentialAction":[{"@type":"ReadAction","target":["https:\/\/auxmode.com\/pt\/servicos\/mediacion-reclamaciones-video\/"]}]},{"@type":"ImageObject","inLanguage":"pt-PT","@id":"https:\/\/auxmode.com\/pt\/servicos\/mediacion-reclamaciones-video\/#primaryimage","url":"https:\/\/auxmode.com\/wp-content\/uploads\/2022\/06\/VideoClaimMediation1.png","contentUrl":"https:\/\/auxmode.com\/wp-content\/uploads\/2022\/06\/VideoClaimMediation1.png"},{"@type":"BreadcrumbList","@id":"https:\/\/auxmode.com\/pt\/servicos\/mediacion-reclamaciones-video\/#breadcrumb","itemListElement":[{"@type":"ListItem","position":1,"name":"Home","item":"https:\/\/auxmode.com\/pt\/"},{"@type":"ListItem","position":2,"name":"Servi\u00e7os","item":"https:\/\/auxmode.com\/pt\/servicos\/"},{"@type":"ListItem","position":3,"name":"Media\u00e7\u00e3o de Reivindica\u00e7\u00f5es de V\u00eddeo"}]},{"@type":"WebSite","@id":"https:\/\/auxmode.com\/#website","url":"https:\/\/auxmode.com\/","name":"Aux Mode","description":"YouTube content monetization protection and Revenue Reporting Automation.","inLanguage":"pt-PT"}]}},"_links":{"self":[{"href":"https:\/\/auxmode.com\/pt\/wp-json\/wp\/v2\/pages\/25972","targetHints":{"allow":["GET"]}}],"collection":[{"href":"https:\/\/auxmode.com\/pt\/wp-json\/wp\/v2\/pages"}],"about":[{"href":"https:\/\/auxmode.com\/pt\/wp-json\/wp\/v2\/types\/page"}],"author":[{"embeddable":true,"href":"https:\/\/auxmode.com\/pt\/wp-json\/wp\/v2\/users\/1"}],"replies":[{"embeddable":true,"href":"https:\/\/auxmode.com\/pt\/wp-json\/wp\/v2\/comments?post=25972"}],"version-history":[{"count":1,"href":"https:\/\/auxmode.com\/pt\/wp-json\/wp\/v2\/pages\/25972\/revisions"}],"predecessor-version":[{"id":25977,"href":"https:\/\/auxmode.com\/pt\/wp-json\/wp\/v2\/pages\/25972\/revisions\/25977"}],"up":[{"embeddable":true,"href":"https:\/\/auxmode.com\/pt\/wp-json\/wp\/v2\/pages\/25880"}],"wp:attachment":[{"href":"https:\/\/auxmode.com\/pt\/wp-json\/wp\/v2\/media?parent=25972"}],"curies":[{"name":"wp","href":"https:\/\/api.w.org\/{rel}","templated":true}]}}