{"id":25965,"date":"2022-06-15T00:11:10","date_gmt":"2022-06-15T00:11:10","guid":{"rendered":"https:\/\/auxmode.com\/servicos\/video-asset-delivery\/"},"modified":"2024-05-04T14:58:17","modified_gmt":"2024-05-04T14:58:17","slug":"entrega-activos-video","status":"publish","type":"page","link":"https:\/\/auxmode.com\/pt\/servicos\/entrega-activos-video\/","title":{"rendered":"Entrega de Ativos de V\u00eddeo"},"content":{"rendered":"<div id=\"pl-gb25965-69dccb675983c\"  class=\"panel-layout\" ><div class=\"container\"><div id=\"pg-gb25965-69dccb675983c-0\"  class=\"panel-grid panel-has-style row\" ><div class=\"hero lighter siteorigin-panels-stretch panel-row-style panel-row-style-for-gb25965-69dccb675983c-0\" data-stretch-type=\"full\" ><div id=\"pgc-gb25965-69dccb675983c-0-0\"  class=\"panel-grid-cell 69dccb675983c-6 flip col-md-12\" ><div class=\"hero-left panel-cell-style panel-cell-style-for-gb25965-69dccb675983c-0-0\" ><div id=\"panel-gb25965-69dccb675983c-0-0-0\" class=\"so-panel widget widget_sow-editor panel-first-child panel-last-child\" data-index=\"0\" ><div class=\"so-widget-sow-editor so-widget-sow-editor-base\">\n<div class=\"siteorigin-widget-tinymce textwidget\">\n\t<h1>Entrega de Ativos de V\u00eddeo<\/h1>\n<p>Entrega de v\u00eddeos para cada plataforma com metadados otimizados espec\u00edficos para os requisitos e melhores pr\u00e1ticas de cada plataforma, revis\u00e3o t\u00e9cnica de ativos para garantir que os arquivos de v\u00eddeo entregues \u00e0s plataformas de streaming atendam \u00e0s suas especifica\u00e7\u00f5es e requisitos de qualidade.<\/p>\n<p><a class=\"btn btn-primary\" href=\"https:\/\/auxmode.com\/pt\/precos\/\">Planos e Pre\u00e7os<\/a><\/p>\n<\/div>\n<\/div><\/div><\/div><\/div><div id=\"pgc-gb25965-69dccb675983c-0-1\"  class=\"panel-grid-cell 69dccb675983c-6 flip col-md-12\" ><div class=\"hero-right panel-cell-style panel-cell-style-for-gb25965-69dccb675983c-0-1\" ><div id=\"panel-gb25965-69dccb675983c-0-1-0\" class=\"so-panel widget widget_media_image panel-first-child panel-last-child\" data-index=\"1\" ><div class=\"panel-widget-style panel-widget-style-for-gb25965-69dccb675983c-0-1-0\" ><img decoding=\"async\" width=\"300\" height=\"300\" src=\"https:\/\/auxmode.com\/wp-content\/uploads\/2022\/06\/VideoAssetDelivery1-300x300.png\" class=\"image wp-image-18005  attachment-medium size-medium\" alt=\"YouTube Video Asset Delivery\" style=\"max-width: 100%; height: auto;\" srcset=\"https:\/\/auxmode.com\/wp-content\/uploads\/2022\/06\/VideoAssetDelivery1-300x300.png 300w, https:\/\/auxmode.com\/wp-content\/uploads\/2022\/06\/VideoAssetDelivery1-150x150.png 150w, https:\/\/auxmode.com\/wp-content\/uploads\/2022\/06\/VideoAssetDelivery1.png 555w\" sizes=\"(max-width: 300px) 100vw, 300px\" \/><\/div><\/div><\/div><\/div><\/div><\/div><\/div><div class=\"container\"><div id=\"pg-gb25965-69dccb675983c-1\"  class=\"panel-grid panel-has-style row\" ><div class=\"panel-usp panel-row-style panel-row-style-for-gb25965-69dccb675983c-1\" ><div id=\"pgc-gb25965-69dccb675983c-1-0\"  class=\"panel-grid-cell 69dccb675983c-7 flip col-md-12\" ><div id=\"panel-gb25965-69dccb675983c-1-0-0\" class=\"so-panel widget widget_sow-image panel-first-child panel-last-child\" data-index=\"2\" ><div class=\"so-widget-sow-image so-widget-sow-image-default-17bc2272b535-25965\">\n\n<div class=\"sow-image-container\">\n\t\t<img decoding=\"async\" src=\"https:\/\/auxmode.com\/wp-content\/uploads\/2022\/06\/VideoAssetDelivery2.png\" width=\"555\" height=\"291\" srcset=\"https:\/\/auxmode.com\/wp-content\/uploads\/2022\/06\/VideoAssetDelivery2.png 555w, https:\/\/auxmode.com\/wp-content\/uploads\/2022\/06\/VideoAssetDelivery2-300x157.png 300w\" sizes=\"(max-width: 555px) 100vw, 555px\" alt=\"YouTube Video Asset Delivery\" \t\tclass=\"so-widget-image\"\/>\n\t<\/div>\n\n<\/div><\/div><\/div><div id=\"pgc-gb25965-69dccb675983c-1-1\"  class=\"panel-grid-cell 69dccb675983c-7 flip col-md-12\" ><div id=\"panel-gb25965-69dccb675983c-1-1-0\" class=\"widget_text so-panel widget widget_custom_html panel-first-child panel-last-child\" data-index=\"3\" ><div class=\"textwidget custom-html-widget\"><h3>Entrega de Ativos de V\u00eddeo Oferece<\/h3>\n<ul class=\"usp-list\">\n\t<li class=\"usp-item\">\n\t\t<div class=\"icon\"><i class=\"fa fa-check\"><\/i><\/div>\n\t\t<div class=\"usp-content\">\n\t\t\t<h4>Revis\u00e3o de v\u00eddeo, arte de p\u00f4ster, t\u00edtulo e descri\u00e7\u00e3o.<\/h4>\n\t\t<\/div>\n\t<\/li>\n\t\n\t<li class=\"usp-item\">\n\t\t<div class=\"icon\"><i class=\"fa fa-check\"><\/i><\/div>\n\t\t<div class=\"usp-content\">\n\t\t\t<h4>V\u00eddeo enviado diretamente para a plataforma.<\/h4>\n\t\t<\/div>\n\t<\/li>\n\t\n\t<li class=\"usp-item\">\n\t\t<div class=\"icon\"><i class=\"fa fa-check\"><\/i><\/div>\n\t\t<div class=\"usp-content\">\n\t\t\t<h4>Arte de p\u00f4ster, t\u00edtulo e descri\u00e7\u00e3o do v\u00eddeo adicionados ao ativo de v\u00eddeo ao ser carregado.<\/h4>\n\t\t<\/div>\n\t<\/li>\n\t\n\t<li class=\"usp-item\">\n\t\t<div class=\"icon\"><i class=\"fa fa-check\"><\/i><\/div>\n\t\t<div class=\"usp-content\">\n\t\t\t<h4>Tags de v\u00eddeo, palavras-chave e meta otimizados por ativo.<\/h4>\n\t\t<\/div>\n\t<\/li>\n\t\n\t<li class=\"usp-item\">\n\t\t<div class=\"icon\"><i class=\"fa fa-check\"><\/i><\/div>\n\t\t<div class=\"usp-content\">\n\t\t\t<h4>V\u00eddeo adicionado a uma lista de reprodu\u00e7\u00e3o ou categoria existente.<\/h4>\n\t\t<\/div>\n\t<\/li>\n\t\n\t<li class=\"usp-item\">\n\t\t<div class=\"icon\"><i class=\"fa fa-check\"><\/i><\/div>\n\t\t<div class=\"usp-content\">\n\t\t\t<h4>Conte\u00fado agendado para lan\u00e7amento em uma data futura.<\/h4>\n\t\t<\/div>\n\t<\/li>\n<\/ul>\n\n<p><a class=\"btn\" href=\"https:\/\/auxmode.com\/pt\/contato\/\">Saiba mais<\/a><\/p><\/div><\/div><\/div><\/div><\/div><\/div><div class=\"container\"><div id=\"pg-gb25965-69dccb675983c-2\"  class=\"panel-grid panel-has-style row\" ><div class=\"homepage-row colored siteorigin-panels-stretch panel-row-style panel-row-style-for-gb25965-69dccb675983c-2\" data-stretch-type=\"full\" ><div id=\"pgc-gb25965-69dccb675983c-2-0\"  class=\"panel-grid-cell 69dccb675983c-8 flip col-md-12\" ><div id=\"panel-gb25965-69dccb675983c-2-0-0\" class=\"so-panel widget widget_sow-editor panel-first-child panel-last-child\" data-index=\"4\" ><div class=\"so-widget-sow-editor so-widget-sow-editor-base\">\n<div class=\"siteorigin-widget-tinymce textwidget\">\n\t<h3>Entrega de Ativos de V\u00eddeo<\/h3>\n<p>A entrega de ativos pode ser feita diretamente na plataforma pelo cliente ou a Aux Mode pode fornecer a entrega na plataforma. Se o canal fizer parte de um CMS do YouTube, ent\u00e3o a entrega de ativos tamb\u00e9m pode ser feita em massa, pois n\u00e3o estamos limitados a carregar apenas 15 de cada vez no n\u00edvel do canal.<\/p>\n<p>Cada plataforma tem seus pr\u00f3prios requisitos e se voc\u00ea ainda n\u00e3o adicionou seu conte\u00fado ao YouTube, Amazon Video Prime, Facebook e outras plataformas de streaming, podemos ajudar.<\/p>\n<p><a class=\"btn btn-primary\" href=\"https:\/\/auxmode.com\/pt\/contato\/\">Saiba mais <\/a><\/p>\n<\/div>\n<\/div><\/div><\/div><div id=\"pgc-gb25965-69dccb675983c-2-1\"  class=\"panel-grid-cell 69dccb675983c-8 flip col-md-12\" ><div id=\"panel-gb25965-69dccb675983c-2-1-0\" class=\"so-panel widget widget_sow-image panel-first-child panel-last-child\" data-index=\"5\" ><div class=\"so-widget-sow-image so-widget-sow-image-default-17bc2272b535-25965\">\n\n<div class=\"sow-image-container\">\n\t\t<img decoding=\"async\" src=\"https:\/\/auxmode.com\/wp-content\/uploads\/2022\/06\/VideoAssetDelivery3-300x300.png\" width=\"300\" height=\"300\" srcset=\"https:\/\/auxmode.com\/wp-content\/uploads\/2022\/06\/VideoAssetDelivery3-300x300.png 300w, https:\/\/auxmode.com\/wp-content\/uploads\/2022\/06\/VideoAssetDelivery3-150x150.png 150w, https:\/\/auxmode.com\/wp-content\/uploads\/2022\/06\/VideoAssetDelivery3.png 555w\" sizes=\"(max-width: 300px) 100vw, 300px\" alt=\"YouTube Video Asset Delivery\" \t\tclass=\"so-widget-image\"\/>\n\t<\/div>\n\n<\/div><\/div><\/div><\/div><\/div><\/div><\/div>\n\n\n<p><\/p>\n","protected":false},"excerpt":{"rendered":"<p>Entrega de Ativos de V\u00eddeo <\/p>\n<p>Entrega de v\u00eddeos para cada plataforma com metadados otimizados espec\u00edficos para os requisitos e melhores pr\u00e1ticas de cada plataforma, revis\u00e3o t\u00e9cnica de ativos para garantir que os arquivos de v\u00eddeo entregues \u00e0s plataformas de streaming atendam \u00e0s suas especifica\u00e7\u00f5es e requisitos de qualidade.<\/p>\n<p>Planos e Pre\u00e7os<\/p>\n<p> Entrega de Ativos de &hellip; <\/p>\n<p><a class=\"more-link btn\" href=\"https:\/\/auxmode.com\/pt\/servicos\/entrega-activos-video\/\">Continue a ler<\/a><\/p>\n","protected":false},"author":1,"featured_media":0,"parent":25880,"menu_order":0,"comment_status":"closed","ping_status":"closed","template":"","meta":{"_acf_changed":false,"amp_status":"","footnotes":""},"class_list":["post-25965","page","type-page","status-publish","hentry","nodate","item-wrap"],"acf":[],"yoast_head":"<!-- This site is optimized with the Yoast SEO plugin v27.3 - https:\/\/yoast.com\/product\/yoast-seo-wordpress\/ -->\n<title>Streaming Video Asset Delivery<\/title>\n<meta name=\"description\" content=\"Otimize a arte do p\u00f4ster de seus v\u00eddeos, t\u00edtulo meta, descri\u00e7\u00e3o meta, tags, palavras-chave e muito mais.\" \/>\n<meta name=\"robots\" content=\"index, follow, max-snippet:-1, max-image-preview:large, max-video-preview:-1\" \/>\n<link rel=\"canonical\" href=\"https:\/\/auxmode.com\/pt\/servicos\/entrega-activos-video\/\" \/>\n<meta property=\"og:locale\" content=\"pt_PT\" \/>\n<meta property=\"og:type\" content=\"article\" \/>\n<meta property=\"og:title\" content=\"Streaming Video Asset Delivery\" \/>\n<meta property=\"og:description\" content=\"Otimize a arte do p\u00f4ster de seus v\u00eddeos, t\u00edtulo meta, descri\u00e7\u00e3o meta, tags, palavras-chave e muito mais.\" \/>\n<meta property=\"og:url\" content=\"https:\/\/auxmode.com\/pt\/servicos\/entrega-activos-video\/\" \/>\n<meta property=\"og:site_name\" content=\"Aux Mode\" \/>\n<meta property=\"article:modified_time\" content=\"2024-05-04T14:58:17+00:00\" \/>\n<meta property=\"og:image\" content=\"https:\/\/auxmode.com\/wp-content\/uploads\/2022\/06\/VideoAssetDelivery1-300x300.png\" \/>\n<meta name=\"twitter:card\" content=\"summary_large_image\" \/>\n<meta name=\"twitter:label1\" content=\"Tempo estimado de leitura\" \/>\n\t<meta name=\"twitter:data1\" content=\"2 minutos\" \/>\n<script type=\"application\/ld+json\" class=\"yoast-schema-graph\">{\"@context\":\"https:\\\/\\\/schema.org\",\"@graph\":[{\"@type\":\"WebPage\",\"@id\":\"https:\\\/\\\/auxmode.com\\\/pt\\\/servicos\\\/entrega-activos-video\\\/\",\"url\":\"https:\\\/\\\/auxmode.com\\\/pt\\\/servicos\\\/entrega-activos-video\\\/\",\"name\":\"Streaming Video Asset Delivery\",\"isPartOf\":{\"@id\":\"https:\\\/\\\/auxmode.com\\\/#website\"},\"primaryImageOfPage\":{\"@id\":\"https:\\\/\\\/auxmode.com\\\/pt\\\/servicos\\\/entrega-activos-video\\\/#primaryimage\"},\"image\":{\"@id\":\"https:\\\/\\\/auxmode.com\\\/pt\\\/servicos\\\/entrega-activos-video\\\/#primaryimage\"},\"thumbnailUrl\":\"https:\\\/\\\/auxmode.com\\\/wp-content\\\/uploads\\\/2022\\\/06\\\/VideoAssetDelivery1-300x300.png\",\"datePublished\":\"2022-06-15T00:11:10+00:00\",\"dateModified\":\"2024-05-04T14:58:17+00:00\",\"description\":\"Otimize a arte do p\u00f4ster de seus v\u00eddeos, t\u00edtulo meta, descri\u00e7\u00e3o meta, tags, palavras-chave e muito mais.\",\"breadcrumb\":{\"@id\":\"https:\\\/\\\/auxmode.com\\\/pt\\\/servicos\\\/entrega-activos-video\\\/#breadcrumb\"},\"inLanguage\":\"pt-PT\",\"potentialAction\":[{\"@type\":\"ReadAction\",\"target\":[\"https:\\\/\\\/auxmode.com\\\/pt\\\/servicos\\\/entrega-activos-video\\\/\"]}]},{\"@type\":\"ImageObject\",\"inLanguage\":\"pt-PT\",\"@id\":\"https:\\\/\\\/auxmode.com\\\/pt\\\/servicos\\\/entrega-activos-video\\\/#primaryimage\",\"url\":\"https:\\\/\\\/auxmode.com\\\/wp-content\\\/uploads\\\/2022\\\/06\\\/VideoAssetDelivery1-300x300.png\",\"contentUrl\":\"https:\\\/\\\/auxmode.com\\\/wp-content\\\/uploads\\\/2022\\\/06\\\/VideoAssetDelivery1-300x300.png\"},{\"@type\":\"BreadcrumbList\",\"@id\":\"https:\\\/\\\/auxmode.com\\\/pt\\\/servicos\\\/entrega-activos-video\\\/#breadcrumb\",\"itemListElement\":[{\"@type\":\"ListItem\",\"position\":1,\"name\":\"Home\",\"item\":\"https:\\\/\\\/auxmode.com\\\/pt\\\/\"},{\"@type\":\"ListItem\",\"position\":2,\"name\":\"Servi\u00e7os\",\"item\":\"https:\\\/\\\/auxmode.com\\\/pt\\\/servicos\\\/\"},{\"@type\":\"ListItem\",\"position\":3,\"name\":\"Entrega de Ativos de V\u00eddeo\"}]},{\"@type\":\"WebSite\",\"@id\":\"https:\\\/\\\/auxmode.com\\\/#website\",\"url\":\"https:\\\/\\\/auxmode.com\\\/\",\"name\":\"Aux Mode\",\"description\":\"YouTube content monetization protection and Revenue Reporting Automation.\",\"inLanguage\":\"pt-PT\"}]}<\/script>\n<!-- \/ Yoast SEO plugin. -->","yoast_head_json":{"title":"Streaming Video Asset Delivery","description":"Otimize a arte do p\u00f4ster de seus v\u00eddeos, t\u00edtulo meta, descri\u00e7\u00e3o meta, tags, palavras-chave e muito mais.","robots":{"index":"index","follow":"follow","max-snippet":"max-snippet:-1","max-image-preview":"max-image-preview:large","max-video-preview":"max-video-preview:-1"},"canonical":"https:\/\/auxmode.com\/pt\/servicos\/entrega-activos-video\/","og_locale":"pt_PT","og_type":"article","og_title":"Streaming Video Asset Delivery","og_description":"Otimize a arte do p\u00f4ster de seus v\u00eddeos, t\u00edtulo meta, descri\u00e7\u00e3o meta, tags, palavras-chave e muito mais.","og_url":"https:\/\/auxmode.com\/pt\/servicos\/entrega-activos-video\/","og_site_name":"Aux Mode","article_modified_time":"2024-05-04T14:58:17+00:00","og_image":[{"url":"https:\/\/auxmode.com\/wp-content\/uploads\/2022\/06\/VideoAssetDelivery1-300x300.png","type":"","width":"","height":""}],"twitter_card":"summary_large_image","twitter_misc":{"Tempo estimado de leitura":"2 minutos"},"schema":{"@context":"https:\/\/schema.org","@graph":[{"@type":"WebPage","@id":"https:\/\/auxmode.com\/pt\/servicos\/entrega-activos-video\/","url":"https:\/\/auxmode.com\/pt\/servicos\/entrega-activos-video\/","name":"Streaming Video Asset Delivery","isPartOf":{"@id":"https:\/\/auxmode.com\/#website"},"primaryImageOfPage":{"@id":"https:\/\/auxmode.com\/pt\/servicos\/entrega-activos-video\/#primaryimage"},"image":{"@id":"https:\/\/auxmode.com\/pt\/servicos\/entrega-activos-video\/#primaryimage"},"thumbnailUrl":"https:\/\/auxmode.com\/wp-content\/uploads\/2022\/06\/VideoAssetDelivery1-300x300.png","datePublished":"2022-06-15T00:11:10+00:00","dateModified":"2024-05-04T14:58:17+00:00","description":"Otimize a arte do p\u00f4ster de seus v\u00eddeos, t\u00edtulo meta, descri\u00e7\u00e3o meta, tags, palavras-chave e muito mais.","breadcrumb":{"@id":"https:\/\/auxmode.com\/pt\/servicos\/entrega-activos-video\/#breadcrumb"},"inLanguage":"pt-PT","potentialAction":[{"@type":"ReadAction","target":["https:\/\/auxmode.com\/pt\/servicos\/entrega-activos-video\/"]}]},{"@type":"ImageObject","inLanguage":"pt-PT","@id":"https:\/\/auxmode.com\/pt\/servicos\/entrega-activos-video\/#primaryimage","url":"https:\/\/auxmode.com\/wp-content\/uploads\/2022\/06\/VideoAssetDelivery1-300x300.png","contentUrl":"https:\/\/auxmode.com\/wp-content\/uploads\/2022\/06\/VideoAssetDelivery1-300x300.png"},{"@type":"BreadcrumbList","@id":"https:\/\/auxmode.com\/pt\/servicos\/entrega-activos-video\/#breadcrumb","itemListElement":[{"@type":"ListItem","position":1,"name":"Home","item":"https:\/\/auxmode.com\/pt\/"},{"@type":"ListItem","position":2,"name":"Servi\u00e7os","item":"https:\/\/auxmode.com\/pt\/servicos\/"},{"@type":"ListItem","position":3,"name":"Entrega de Ativos de V\u00eddeo"}]},{"@type":"WebSite","@id":"https:\/\/auxmode.com\/#website","url":"https:\/\/auxmode.com\/","name":"Aux Mode","description":"YouTube content monetization protection and Revenue Reporting Automation.","inLanguage":"pt-PT"}]}},"_links":{"self":[{"href":"https:\/\/auxmode.com\/pt\/wp-json\/wp\/v2\/pages\/25965","targetHints":{"allow":["GET"]}}],"collection":[{"href":"https:\/\/auxmode.com\/pt\/wp-json\/wp\/v2\/pages"}],"about":[{"href":"https:\/\/auxmode.com\/pt\/wp-json\/wp\/v2\/types\/page"}],"author":[{"embeddable":true,"href":"https:\/\/auxmode.com\/pt\/wp-json\/wp\/v2\/users\/1"}],"replies":[{"embeddable":true,"href":"https:\/\/auxmode.com\/pt\/wp-json\/wp\/v2\/comments?post=25965"}],"version-history":[{"count":2,"href":"https:\/\/auxmode.com\/pt\/wp-json\/wp\/v2\/pages\/25965\/revisions"}],"predecessor-version":[{"id":25978,"href":"https:\/\/auxmode.com\/pt\/wp-json\/wp\/v2\/pages\/25965\/revisions\/25978"}],"up":[{"embeddable":true,"href":"https:\/\/auxmode.com\/pt\/wp-json\/wp\/v2\/pages\/25880"}],"wp:attachment":[{"href":"https:\/\/auxmode.com\/pt\/wp-json\/wp\/v2\/media?parent=25965"}],"curies":[{"name":"wp","href":"https:\/\/api.w.org\/{rel}","templated":true}]}}