{"id":25958,"date":"2022-06-15T01:58:28","date_gmt":"2022-06-15T01:58:28","guid":{"rendered":"https:\/\/auxmode.com\/servicos\/streaming-media-consulting\/"},"modified":"2024-05-12T07:21:38","modified_gmt":"2024-05-12T07:21:38","slug":"consultoria-medios-streaming","status":"publish","type":"page","link":"https:\/\/auxmode.com\/pt\/servicos\/consultoria-medios-streaming\/","title":{"rendered":"Consultoria em M\u00eddia de Streaming"},"content":{"rendered":"<div id=\"pl-gb25958-69dccb7cf0e85\"  class=\"panel-layout\" ><div class=\"container\"><div id=\"pg-gb25958-69dccb7cf0e85-0\"  class=\"panel-grid panel-has-style row\" ><div class=\"hero lighter siteorigin-panels-stretch panel-row-style panel-row-style-for-gb25958-69dccb7cf0e85-0\" data-stretch-type=\"full\" ><div id=\"pgc-gb25958-69dccb7cf0e85-0-0\"  class=\"panel-grid-cell 69dccb7cf0e85-6 flip col-md-12\" ><div class=\"hero-left panel-cell-style panel-cell-style-for-gb25958-69dccb7cf0e85-0-0\" ><div id=\"panel-gb25958-69dccb7cf0e85-0-0-0\" class=\"so-panel widget widget_sow-editor panel-first-child panel-last-child\" data-index=\"0\" ><div class=\"panel-widget-style panel-widget-style-for-gb25958-69dccb7cf0e85-0-0-0\" ><div class=\"so-widget-sow-editor so-widget-sow-editor-base\">\n<div class=\"siteorigin-widget-tinymce textwidget\">\n\t<h1>Consultoria em M\u00eddia de Streaming<\/h1>\n<p>Compreendendo as tend\u00eancias emergentes de streaming e as interrup\u00e7\u00f5es na ind\u00fastria, descobrimos o potencial ainda n\u00e3o explorado dentro do seu neg\u00f3cio para ajud\u00e1-lo a modernizar e crescer.<\/p>\n<p>J\u00e1 ajudamos empresas como CMF e TVO a alinhar sua estrat\u00e9gia aos investimentos, desbloquear valor adicional das tecnologias existentes e emergentes, e fornecer a automa\u00e7\u00e3o de processos e experi\u00eancias humanas que criam um impacto sustent\u00e1vel a longo prazo.<\/p>\n<p><a class=\"btn btn-primary\" href=\"https:\/\/auxmode.com\/pt\/precos\/\">Planos e Pre\u00e7os<\/a><\/p>\n<\/div>\n<\/div><\/div><\/div><\/div><\/div><div id=\"pgc-gb25958-69dccb7cf0e85-0-1\"  class=\"panel-grid-cell 69dccb7cf0e85-6 flip col-md-12\" ><div class=\"hero-right panel-cell-style panel-cell-style-for-gb25958-69dccb7cf0e85-0-1\" ><div id=\"panel-gb25958-69dccb7cf0e85-0-1-0\" class=\"so-panel widget widget_media_image panel-first-child panel-last-child\" data-index=\"1\" ><div class=\"panel-widget-style panel-widget-style-for-gb25958-69dccb7cf0e85-0-1-0\" ><img decoding=\"async\" width=\"555\" height=\"329\" src=\"https:\/\/auxmode.com\/wp-content\/uploads\/2022\/06\/StreamingMediaConsulting1.png\" class=\"image wp-image-18065  attachment-full size-full\" alt=\"Streaming Media Consulting\" style=\"max-width: 100%; height: auto;\" srcset=\"https:\/\/auxmode.com\/wp-content\/uploads\/2022\/06\/StreamingMediaConsulting1.png 555w, https:\/\/auxmode.com\/wp-content\/uploads\/2022\/06\/StreamingMediaConsulting1-300x178.png 300w\" sizes=\"(max-width: 555px) 100vw, 555px\" \/><\/div><\/div><\/div><\/div><\/div><\/div><\/div><div class=\"container\"><div id=\"pg-gb25958-69dccb7cf0e85-1\"  class=\"panel-grid panel-has-style row\" ><div class=\"panel-usp panel-row-style panel-row-style-for-gb25958-69dccb7cf0e85-1\" ><div id=\"pgc-gb25958-69dccb7cf0e85-1-0\"  class=\"panel-grid-cell 69dccb7cf0e85-7 flip col-md-12\" ><div id=\"panel-gb25958-69dccb7cf0e85-1-0-0\" class=\"so-panel widget widget_sow-image panel-first-child panel-last-child\" data-index=\"2\" ><div class=\"so-widget-sow-image so-widget-sow-image-default-17bc2272b535-25958\">\n\n<div class=\"sow-image-container\">\n\t\t<img decoding=\"async\" src=\"https:\/\/auxmode.com\/wp-content\/uploads\/2022\/06\/StreamingMediaConsulting2.png\" width=\"555\" height=\"418\" srcset=\"https:\/\/auxmode.com\/wp-content\/uploads\/2022\/06\/StreamingMediaConsulting2.png 555w, https:\/\/auxmode.com\/wp-content\/uploads\/2022\/06\/StreamingMediaConsulting2-300x226.png 300w\" sizes=\"(max-width: 555px) 100vw, 555px\" alt=\"Streaming Media Consulting\" \t\tclass=\"so-widget-image\"\/>\n\t<\/div>\n\n<\/div><\/div><\/div><div id=\"pgc-gb25958-69dccb7cf0e85-1-1\"  class=\"panel-grid-cell 69dccb7cf0e85-7 flip col-md-12\" ><div id=\"panel-gb25958-69dccb7cf0e85-1-1-0\" class=\"widget_text so-panel widget widget_custom_html panel-first-child panel-last-child\" data-index=\"3\" ><div class=\"textwidget custom-html-widget\"><h3>A Consultoria em M\u00eddia de Streaming Oferece<\/h3>\n<ul class=\"usp-list\">\n\t<li class=\"usp-item\">\n\t\t<div class=\"icon\"><i class=\"fa fa-check\"><\/i><\/div>\n\t\t<div class=\"usp-content\">\n\t\t\t<h4>Estrat\u00e9gia Orientada por Objetivos<\/h4>\n\t\t\t<p>\n\t\t\t\tFornecimento de um roadmap abrangente para uma transforma\u00e7\u00e3o digital completa.\n\t\t\t<\/p>\n\t\t<\/div>\n\t<\/li>\n\t\n\t<li class=\"usp-item\">\n\t\t<div class=\"icon\"><i class=\"fa fa-check\"><\/i><\/div>\n\t\t<div class=\"usp-content\">\n\t\t\t<h4>Gest\u00e3o de Direitos Digitais<\/h4>\n\t\t\t<p>\n\t\t\t\tMelhores pr\u00e1ticas de m\u00eddia de streaming e resolu\u00e7\u00e3o de quest\u00f5es pendentes.\n\t\t\t<\/p>\n\t\t<\/div>\n\t<\/li>\n\t\n\t<li class=\"usp-item\">\n\t\t<div class=\"icon\"><i class=\"fa fa-check\"><\/i><\/div>\n\t\t<div class=\"usp-content\">\n\t\t\t<h4>Alavanque um universo de parceiros do ecossistema.<\/h4>\n\t\t\t<p>\n\t\t\t\tGerencie seu conte\u00fado por plataforma, por v\u00eddeo, por territ\u00f3rio.\n\t\t\t<\/p>\n\t\t<\/div>\n\t<\/li>\n\t\n\t<li class=\"usp-item\">\n\t\t<div class=\"icon\"><i class=\"fa fa-check\"><\/i><\/div>\n\t\t<div class=\"usp-content\">\n\t\t\t<h4>Sistema de Verifica\u00e7\u00e3o de Direitos de Conte\u00fado<\/h4>\n\t\t\t<p>\n\t\t\t\tVerifique os direitos de v\u00eddeo e \u00e1udio existentes por plataforma.\n\t\t\t<\/p>\n\t\t<\/div>\n\t<\/li>\n\t\n\t<li class=\"usp-item\">\n\t\t<div class=\"icon\"><i class=\"fa fa-check\"><\/i><\/div>\n\t\t<div class=\"usp-content\">\n\t\t\t<h4>Monetiza\u00e7\u00e3o de V\u00eddeo<\/h4>\n\t\t\t<p>\n\t\t\t\tMaximize An\u00fancios e Tipos de An\u00fancios em todos os v\u00eddeos para todas as regi\u00f5es.\n\t\t\t<\/p>\n\t\t<\/div>\n\t<\/li>\n\t\n\t<li class=\"usp-item\">\n\t\t<div class=\"icon\"><i class=\"fa fa-check\"><\/i><\/div>\n\t\t<div class=\"usp-content\">\n\t\t\t<h4>Prote\u00e7\u00e3o de V\u00eddeo<\/h4>\n\t\t\t<p>\n\t\t\t\tProteja seu conte\u00fado contra roubo em plataformas de streaming.\n\t\t\t<\/p>\n\t\t<\/div>\n\t<\/li>\n<\/ul>\n\n<p><a class=\"btn\" href=\"https:\/\/auxmode.com\/pt\/contato\/\">Saiba mais<\/a><\/p><\/div><\/div><\/div><\/div><\/div><\/div><div class=\"container\"><div id=\"pg-gb25958-69dccb7cf0e85-2\"  class=\"panel-grid panel-has-style row\" ><div class=\"homepage-row colored siteorigin-panels-stretch panel-row-style panel-row-style-for-gb25958-69dccb7cf0e85-2\" data-stretch-type=\"full\" ><div id=\"pgc-gb25958-69dccb7cf0e85-2-0\"  class=\"panel-grid-cell 69dccb7cf0e85-8 flip col-md-12\" ><div id=\"panel-gb25958-69dccb7cf0e85-2-0-0\" class=\"so-panel widget widget_sow-editor panel-first-child panel-last-child\" data-index=\"4\" ><div class=\"so-widget-sow-editor so-widget-sow-editor-base\">\n<div class=\"siteorigin-widget-tinymce textwidget\">\n\t<h3>Consultoria em M\u00eddia de Streaming<\/h3>\n<p>Auxiliamos empresas de m\u00eddia e entretenimento a acelerar seu crescimento em plataformas de m\u00eddia, superando a incerteza do neg\u00f3cio de m\u00eddia de streaming. Com expertise em transforma\u00e7\u00e3o de ponta a ponta, nossos clientes emergem mais fortes e crescem.<\/p>\n<p>Lance as iniciativas digitais certas e construa as capacidades, processos e mentalidades necess\u00e1rias para sustentar uma vantagem digital.<\/p>\n<p><a class=\"btn btn-primary\" href=\"https:\/\/auxmode.com\/pt\/contato\/\">Saiba mais<\/a><\/p>\n<\/div>\n<\/div><\/div><\/div><div id=\"pgc-gb25958-69dccb7cf0e85-2-1\"  class=\"panel-grid-cell 69dccb7cf0e85-8 flip col-md-12\" ><div id=\"panel-gb25958-69dccb7cf0e85-2-1-0\" class=\"so-panel widget widget_sow-image panel-first-child panel-last-child\" data-index=\"5\" ><div class=\"so-widget-sow-image so-widget-sow-image-default-17bc2272b535-25958\">\n\n<div class=\"sow-image-container\">\n\t\t<img decoding=\"async\" src=\"https:\/\/auxmode.com\/wp-content\/uploads\/2022\/06\/StreamingMediaConsulting3.png\" width=\"555\" height=\"335\" srcset=\"https:\/\/auxmode.com\/wp-content\/uploads\/2022\/06\/StreamingMediaConsulting3.png 555w, https:\/\/auxmode.com\/wp-content\/uploads\/2022\/06\/StreamingMediaConsulting3-300x181.png 300w\" sizes=\"(max-width: 555px) 100vw, 555px\" alt=\"Streaming Media Consulting\" \t\tclass=\"so-widget-image\"\/>\n\t<\/div>\n\n<\/div><\/div><\/div><\/div><\/div><\/div><\/div>","protected":false},"excerpt":{"rendered":"<p>Consultoria em M\u00eddia de Streaming <\/p>\n<p>Compreendendo as tend\u00eancias emergentes de streaming e as interrup\u00e7\u00f5es na ind\u00fastria, descobrimos o potencial ainda n\u00e3o explorado dentro do seu neg\u00f3cio para ajud\u00e1-lo a modernizar e crescer.<\/p>\n<p>J\u00e1 ajudamos empresas como CMF e TVO a alinhar sua estrat\u00e9gia aos investimentos, desbloquear valor adicional das tecnologias existentes e emergentes, e fornecer &hellip; <\/p>\n<p><a class=\"more-link btn\" href=\"https:\/\/auxmode.com\/pt\/servicos\/consultoria-medios-streaming\/\">Continue a ler<\/a><\/p>\n","protected":false},"author":1,"featured_media":0,"parent":25880,"menu_order":0,"comment_status":"closed","ping_status":"closed","template":"","meta":{"_acf_changed":false,"amp_status":"","footnotes":""},"class_list":["post-25958","page","type-page","status-publish","hentry","nodate","item-wrap"],"acf":[],"yoast_head":"<!-- This site is optimized with the Yoast SEO plugin v27.3 - https:\/\/yoast.com\/product\/yoast-seo-wordpress\/ -->\n<title>Streaming Media Consultant<\/title>\n<meta name=\"description\" content=\"Aux Mode streaming media consultative services will provide you with a streaming strategy focusing on digital rights management, content rights verification, video monetization and protection.\" \/>\n<meta name=\"robots\" content=\"index, follow, max-snippet:-1, max-image-preview:large, max-video-preview:-1\" \/>\n<link rel=\"canonical\" href=\"https:\/\/auxmode.com\/pt\/servicos\/consultoria-medios-streaming\/\" \/>\n<meta property=\"og:locale\" content=\"pt_PT\" \/>\n<meta property=\"og:type\" content=\"article\" \/>\n<meta property=\"og:title\" content=\"Streaming Media Consultant\" \/>\n<meta property=\"og:description\" content=\"Aux Mode streaming media consultative services will provide you with a streaming strategy focusing on digital rights management, content rights verification, video monetization and protection.\" \/>\n<meta property=\"og:url\" content=\"https:\/\/auxmode.com\/pt\/servicos\/consultoria-medios-streaming\/\" \/>\n<meta property=\"og:site_name\" content=\"Aux Mode\" \/>\n<meta property=\"article:modified_time\" content=\"2024-05-12T07:21:38+00:00\" \/>\n<meta property=\"og:image\" content=\"https:\/\/auxmode.com\/wp-content\/uploads\/2022\/06\/StreamingMediaConsulting1.png\" \/>\n<meta name=\"twitter:card\" content=\"summary_large_image\" \/>\n<meta name=\"twitter:label1\" content=\"Tempo estimado de leitura\" \/>\n\t<meta name=\"twitter:data1\" content=\"2 minutos\" \/>\n<script type=\"application\/ld+json\" class=\"yoast-schema-graph\">{\"@context\":\"https:\\\/\\\/schema.org\",\"@graph\":[{\"@type\":\"WebPage\",\"@id\":\"https:\\\/\\\/auxmode.com\\\/pt\\\/servicos\\\/consultoria-medios-streaming\\\/\",\"url\":\"https:\\\/\\\/auxmode.com\\\/pt\\\/servicos\\\/consultoria-medios-streaming\\\/\",\"name\":\"Streaming Media Consultant\",\"isPartOf\":{\"@id\":\"https:\\\/\\\/auxmode.com\\\/#website\"},\"primaryImageOfPage\":{\"@id\":\"https:\\\/\\\/auxmode.com\\\/pt\\\/servicos\\\/consultoria-medios-streaming\\\/#primaryimage\"},\"image\":{\"@id\":\"https:\\\/\\\/auxmode.com\\\/pt\\\/servicos\\\/consultoria-medios-streaming\\\/#primaryimage\"},\"thumbnailUrl\":\"https:\\\/\\\/auxmode.com\\\/wp-content\\\/uploads\\\/2022\\\/06\\\/StreamingMediaConsulting1.png\",\"datePublished\":\"2022-06-15T01:58:28+00:00\",\"dateModified\":\"2024-05-12T07:21:38+00:00\",\"description\":\"Aux Mode streaming media consultative services will provide you with a streaming strategy focusing on digital rights management, content rights verification, video monetization and protection.\",\"breadcrumb\":{\"@id\":\"https:\\\/\\\/auxmode.com\\\/pt\\\/servicos\\\/consultoria-medios-streaming\\\/#breadcrumb\"},\"inLanguage\":\"pt-PT\",\"potentialAction\":[{\"@type\":\"ReadAction\",\"target\":[\"https:\\\/\\\/auxmode.com\\\/pt\\\/servicos\\\/consultoria-medios-streaming\\\/\"]}]},{\"@type\":\"ImageObject\",\"inLanguage\":\"pt-PT\",\"@id\":\"https:\\\/\\\/auxmode.com\\\/pt\\\/servicos\\\/consultoria-medios-streaming\\\/#primaryimage\",\"url\":\"https:\\\/\\\/auxmode.com\\\/wp-content\\\/uploads\\\/2022\\\/06\\\/StreamingMediaConsulting1.png\",\"contentUrl\":\"https:\\\/\\\/auxmode.com\\\/wp-content\\\/uploads\\\/2022\\\/06\\\/StreamingMediaConsulting1.png\"},{\"@type\":\"BreadcrumbList\",\"@id\":\"https:\\\/\\\/auxmode.com\\\/pt\\\/servicos\\\/consultoria-medios-streaming\\\/#breadcrumb\",\"itemListElement\":[{\"@type\":\"ListItem\",\"position\":1,\"name\":\"Home\",\"item\":\"https:\\\/\\\/auxmode.com\\\/pt\\\/\"},{\"@type\":\"ListItem\",\"position\":2,\"name\":\"Servi\u00e7os\",\"item\":\"https:\\\/\\\/auxmode.com\\\/pt\\\/servicos\\\/\"},{\"@type\":\"ListItem\",\"position\":3,\"name\":\"Consultoria em M\u00eddia de Streaming\"}]},{\"@type\":\"WebSite\",\"@id\":\"https:\\\/\\\/auxmode.com\\\/#website\",\"url\":\"https:\\\/\\\/auxmode.com\\\/\",\"name\":\"Aux Mode\",\"description\":\"YouTube content monetization protection and Revenue Reporting Automation.\",\"inLanguage\":\"pt-PT\"}]}<\/script>\n<!-- \/ Yoast SEO plugin. -->","yoast_head_json":{"title":"Streaming Media Consultant","description":"Aux Mode streaming media consultative services will provide you with a streaming strategy focusing on digital rights management, content rights verification, video monetization and protection.","robots":{"index":"index","follow":"follow","max-snippet":"max-snippet:-1","max-image-preview":"max-image-preview:large","max-video-preview":"max-video-preview:-1"},"canonical":"https:\/\/auxmode.com\/pt\/servicos\/consultoria-medios-streaming\/","og_locale":"pt_PT","og_type":"article","og_title":"Streaming Media Consultant","og_description":"Aux Mode streaming media consultative services will provide you with a streaming strategy focusing on digital rights management, content rights verification, video monetization and protection.","og_url":"https:\/\/auxmode.com\/pt\/servicos\/consultoria-medios-streaming\/","og_site_name":"Aux Mode","article_modified_time":"2024-05-12T07:21:38+00:00","og_image":[{"url":"https:\/\/auxmode.com\/wp-content\/uploads\/2022\/06\/StreamingMediaConsulting1.png","type":"","width":"","height":""}],"twitter_card":"summary_large_image","twitter_misc":{"Tempo estimado de leitura":"2 minutos"},"schema":{"@context":"https:\/\/schema.org","@graph":[{"@type":"WebPage","@id":"https:\/\/auxmode.com\/pt\/servicos\/consultoria-medios-streaming\/","url":"https:\/\/auxmode.com\/pt\/servicos\/consultoria-medios-streaming\/","name":"Streaming Media Consultant","isPartOf":{"@id":"https:\/\/auxmode.com\/#website"},"primaryImageOfPage":{"@id":"https:\/\/auxmode.com\/pt\/servicos\/consultoria-medios-streaming\/#primaryimage"},"image":{"@id":"https:\/\/auxmode.com\/pt\/servicos\/consultoria-medios-streaming\/#primaryimage"},"thumbnailUrl":"https:\/\/auxmode.com\/wp-content\/uploads\/2022\/06\/StreamingMediaConsulting1.png","datePublished":"2022-06-15T01:58:28+00:00","dateModified":"2024-05-12T07:21:38+00:00","description":"Aux Mode streaming media consultative services will provide you with a streaming strategy focusing on digital rights management, content rights verification, video monetization and protection.","breadcrumb":{"@id":"https:\/\/auxmode.com\/pt\/servicos\/consultoria-medios-streaming\/#breadcrumb"},"inLanguage":"pt-PT","potentialAction":[{"@type":"ReadAction","target":["https:\/\/auxmode.com\/pt\/servicos\/consultoria-medios-streaming\/"]}]},{"@type":"ImageObject","inLanguage":"pt-PT","@id":"https:\/\/auxmode.com\/pt\/servicos\/consultoria-medios-streaming\/#primaryimage","url":"https:\/\/auxmode.com\/wp-content\/uploads\/2022\/06\/StreamingMediaConsulting1.png","contentUrl":"https:\/\/auxmode.com\/wp-content\/uploads\/2022\/06\/StreamingMediaConsulting1.png"},{"@type":"BreadcrumbList","@id":"https:\/\/auxmode.com\/pt\/servicos\/consultoria-medios-streaming\/#breadcrumb","itemListElement":[{"@type":"ListItem","position":1,"name":"Home","item":"https:\/\/auxmode.com\/pt\/"},{"@type":"ListItem","position":2,"name":"Servi\u00e7os","item":"https:\/\/auxmode.com\/pt\/servicos\/"},{"@type":"ListItem","position":3,"name":"Consultoria em M\u00eddia de Streaming"}]},{"@type":"WebSite","@id":"https:\/\/auxmode.com\/#website","url":"https:\/\/auxmode.com\/","name":"Aux Mode","description":"YouTube content monetization protection and Revenue Reporting Automation.","inLanguage":"pt-PT"}]}},"_links":{"self":[{"href":"https:\/\/auxmode.com\/pt\/wp-json\/wp\/v2\/pages\/25958","targetHints":{"allow":["GET"]}}],"collection":[{"href":"https:\/\/auxmode.com\/pt\/wp-json\/wp\/v2\/pages"}],"about":[{"href":"https:\/\/auxmode.com\/pt\/wp-json\/wp\/v2\/types\/page"}],"author":[{"embeddable":true,"href":"https:\/\/auxmode.com\/pt\/wp-json\/wp\/v2\/users\/1"}],"replies":[{"embeddable":true,"href":"https:\/\/auxmode.com\/pt\/wp-json\/wp\/v2\/comments?post=25958"}],"version-history":[{"count":2,"href":"https:\/\/auxmode.com\/pt\/wp-json\/wp\/v2\/pages\/25958\/revisions"}],"predecessor-version":[{"id":26397,"href":"https:\/\/auxmode.com\/pt\/wp-json\/wp\/v2\/pages\/25958\/revisions\/26397"}],"up":[{"embeddable":true,"href":"https:\/\/auxmode.com\/pt\/wp-json\/wp\/v2\/pages\/25880"}],"wp:attachment":[{"href":"https:\/\/auxmode.com\/pt\/wp-json\/wp\/v2\/media?parent=25958"}],"curies":[{"name":"wp","href":"https:\/\/api.w.org\/{rel}","templated":true}]}}