{"id":25946,"date":"2022-05-13T03:14:28","date_gmt":"2022-05-13T03:14:28","guid":{"rendered":"https:\/\/auxmode.com\/servicos\/maximising-content-revenue\/"},"modified":"2024-04-30T13:33:23","modified_gmt":"2024-04-30T13:33:23","slug":"maximizar-los-ingresos-de-contenido","status":"publish","type":"page","link":"https:\/\/auxmode.com\/pt\/servicos\/maximizar-los-ingresos-de-contenido\/","title":{"rendered":"Maximiza\u00e7\u00e3o da Receita de Conte\u00fado"},"content":{"rendered":"<div id=\"pl-gb25946-69e5f63865b6b\"  class=\"panel-layout\" ><div class=\"container\"><div id=\"pg-gb25946-69e5f63865b6b-0\"  class=\"panel-grid panel-has-style row\" ><div class=\"hero lighter siteorigin-panels-stretch panel-row-style panel-row-style-for-gb25946-69e5f63865b6b-0\" data-stretch-type=\"full\" ><div id=\"pgc-gb25946-69e5f63865b6b-0-0\"  class=\"panel-grid-cell 69e5f63865b6b-6 flip col-md-12\" ><div class=\"hero-left panel-cell-style panel-cell-style-for-gb25946-69e5f63865b6b-0-0\" ><div id=\"panel-gb25946-69e5f63865b6b-0-0-0\" class=\"so-panel widget widget_sow-editor panel-first-child panel-last-child\" data-index=\"0\" ><div class=\"so-widget-sow-editor so-widget-sow-editor-base\">\n<div class=\"siteorigin-widget-tinymce textwidget\">\n\t<h1>Maximiza\u00e7\u00e3o da Receita de Conte\u00fado<\/h1>\n<p>Revis\u00e3o das configura\u00e7\u00f5es de monetiza\u00e7\u00e3o do seu canal do YouTube para garantir posicionamento ideal de an\u00fancios e adequa\u00e7\u00e3o do conte\u00fado.<\/p>\n<p><a class=\"btn btn-primary\" href=\"https:\/\/auxmode.com\/pt\/precos\/\">Planos e Pre\u00e7os<\/a><\/p>\n<\/div>\n<\/div><\/div><\/div><\/div><div id=\"pgc-gb25946-69e5f63865b6b-0-1\"  class=\"panel-grid-cell 69e5f63865b6b-6 flip col-md-12\" ><div class=\"hero-right panel-cell-style panel-cell-style-for-gb25946-69e5f63865b6b-0-1\" ><div id=\"panel-gb25946-69e5f63865b6b-0-1-0\" class=\"so-panel widget widget_media_image panel-first-child panel-last-child\" data-index=\"1\" ><div class=\"panel-widget-style panel-widget-style-for-gb25946-69e5f63865b6b-0-1-0\" ><img decoding=\"async\" width=\"582\" height=\"252\" src=\"https:\/\/auxmode.com\/wp-content\/uploads\/2022\/05\/art-AVODContentMonetization1.png\" class=\"image wp-image-17542  attachment-full size-full\" alt=\"Content Monetization\" style=\"max-width: 100%; height: auto;\" srcset=\"https:\/\/auxmode.com\/wp-content\/uploads\/2022\/05\/art-AVODContentMonetization1.png 582w, https:\/\/auxmode.com\/wp-content\/uploads\/2022\/05\/art-AVODContentMonetization1-300x130.png 300w\" sizes=\"(max-width: 582px) 100vw, 582px\" \/><\/div><\/div><\/div><\/div><\/div><\/div><\/div><div class=\"container\"><div id=\"pg-gb25946-69e5f63865b6b-1\"  class=\"panel-grid panel-has-style row\" ><div class=\"panel-usp panel-row-style panel-row-style-for-gb25946-69e5f63865b6b-1\" ><div id=\"pgc-gb25946-69e5f63865b6b-1-0\"  class=\"panel-grid-cell 69e5f63865b6b-7 flip col-md-12\" ><div id=\"panel-gb25946-69e5f63865b6b-1-0-0\" class=\"so-panel widget widget_media_image panel-first-child panel-last-child\" data-index=\"2\" ><img decoding=\"async\" width=\"241\" height=\"300\" src=\"https:\/\/auxmode.com\/wp-content\/uploads\/2022\/06\/Maximizing-Content-Revenue4-241x300.png\" class=\"image wp-image-18212 aligncenter attachment-medium size-medium\" alt=\"Google Ads\" style=\"max-width: 100%; height: auto;\" srcset=\"https:\/\/auxmode.com\/wp-content\/uploads\/2022\/06\/Maximizing-Content-Revenue4-241x300.png 241w, https:\/\/auxmode.com\/wp-content\/uploads\/2022\/06\/Maximizing-Content-Revenue4-821x1024.png 821w, https:\/\/auxmode.com\/wp-content\/uploads\/2022\/06\/Maximizing-Content-Revenue4-768x957.png 768w, https:\/\/auxmode.com\/wp-content\/uploads\/2022\/06\/Maximizing-Content-Revenue4-1140x1421.png 1140w, https:\/\/auxmode.com\/wp-content\/uploads\/2022\/06\/Maximizing-Content-Revenue4.png 1200w\" sizes=\"(max-width: 241px) 100vw, 241px\" \/><\/div><\/div><div id=\"pgc-gb25946-69e5f63865b6b-1-1\"  class=\"panel-grid-cell 69e5f63865b6b-7 flip col-md-12\" ><div id=\"panel-gb25946-69e5f63865b6b-1-1-0\" class=\"widget_text so-panel widget widget_custom_html panel-first-child panel-last-child\" data-index=\"3\" ><div class=\"textwidget custom-html-widget\"><h3>Maximizando a Receita de Conte\u00fado<\/h3>\n<ul class=\"usp-list\">\n\t<li class=\"usp-item\">\n\t\t<div class=\"icon\"><i class=\"fa fa-check\"><\/i><\/div>\n\t\t<div class=\"usp-content\">\n\t\t\t<h4>Analisar a monetiza\u00e7\u00e3o de an\u00fancios em v\u00eddeo.<\/h4>\n\t\t<\/div>\n\t<\/li>\n\t\n\t<li class=\"usp-item\">\n\t\t<div class=\"icon\"><i class=\"fa fa-check\"><\/i><\/div>\n\t\t<div class=\"usp-content\">\n\t\t\t<h4>Identificar automaticamente tipos de an\u00fancios e pausas para an\u00fancios.<\/h4>\n\t\t<\/div>\n\t<\/li>\n\t\n\t<li class=\"usp-item\">\n\t\t<div class=\"icon\"><i class=\"fa fa-check\"><\/i><\/div>\n\t\t<div class=\"usp-content\">\n\t\t\t<h4>Revis\u00e3o e an\u00e1lise da estrat\u00e9gia de pausas para an\u00fancios.<\/h4>\n\t\t<\/div>\n\t<\/li>\n\t\n\t<li class=\"usp-item\">\n\t\t<div class=\"icon\"><i class=\"fa fa-check\"><\/i><\/div>\n\t\t<div class=\"usp-content\">\n\t\t\t<h4>Analisar v\u00eddeos sinalizados com an\u00fancios limitados ou ausentes.<\/h4>\n\t\t<\/div>\n\t<\/li>\n\t\n\t<li class=\"usp-item\">\n\t\t<div class=\"icon\"><i class=\"fa fa-check\"><\/i><\/div>\n\t\t<div class=\"usp-content\">\n\t\t\t<h4>Atualiza\u00e7\u00e3o em massa direcionada das configura\u00e7\u00f5es de an\u00fancios em todo um canal ou CMS.<\/h4>\n\t\t<\/div>\n\t<\/li>\n\t\n\t<li class=\"usp-item\">\n\t\t<div class=\"icon\"><i class=\"fa fa-check\"><\/i><\/div>\n\t\t<div class=\"usp-content\">\n\t\t\t<h4>Auditoria de v\u00eddeos para revisar tipos de an\u00fancios habilitados.<\/h4>\n\t\t<\/div>\n\t<\/li>\n\t\n\t<li class=\"usp-item\">\n\t\t<div class=\"icon\"><i class=\"fa fa-check\"><\/i><\/div>\n\t\t<div class=\"usp-content\">\n\t\t\t<h4>Melhores pr\u00e1ticas de adequa\u00e7\u00e3o de an\u00fancios em v\u00eddeo.<\/h4>\n\t\t<\/div>\n\t<\/li>\n\t\n<\/ul>\n\n<p><a class=\"btn\" href=\"https:\/\/auxmode.com\/pt\/contato\/\">Saiba mais<\/a><\/p><\/div><\/div><\/div><\/div><\/div><\/div><div class=\"container\"><div id=\"pg-gb25946-69e5f63865b6b-2\"  class=\"panel-grid panel-has-style row\" ><div class=\"homepage-row colored siteorigin-panels-stretch panel-row-style panel-row-style-for-gb25946-69e5f63865b6b-2\" data-stretch-type=\"full\" ><div id=\"pgc-gb25946-69e5f63865b6b-2-0\"  class=\"panel-grid-cell 69e5f63865b6b-8 flip col-md-12\" ><div id=\"panel-gb25946-69e5f63865b6b-2-0-0\" class=\"so-panel widget widget_sow-editor panel-first-child panel-last-child\" data-index=\"4\" ><div class=\"so-widget-sow-editor so-widget-sow-editor-base\">\n<div class=\"siteorigin-widget-tinymce textwidget\">\n\t<h3>Maximizando a Receita de Conte\u00fado<\/h3>\n<p>Com mais conte\u00fado sendo sinalizado como &#8220;An\u00fancios limitados ou ausentes&#8221;, \u00e9 importante reavaliar o desempenho de an\u00fancios em v\u00eddeo do seu canal e como o crescimento da sua receita \u00e9 afetado pelos an\u00fancios limitados no YouTube. Uma vez que os v\u00eddeos do seu canal do YouTube tenham sido avaliados, sua estrat\u00e9gia de conte\u00fado para posicionamento \u00f3timo de an\u00fancios, revis\u00e3o e apela\u00e7\u00e3o de v\u00eddeos desabilitados precisar\u00e3o ser ajustadas.<\/p>\n<p>As estrat\u00e9gias de publicidade mudam ao longo do tempo e \u00e9 importante verificar se todos os tipos de an\u00fancios est\u00e3o habilitados e se suas pausas para an\u00fancios s\u00e3o adequadas para o comprimento do v\u00eddeo. Nosso sistema escaneia os ativos do seu canal para garantir que seus v\u00eddeos tenham os tipos de an\u00fancios corretos habilitados e voc\u00ea esteja maximizando o potencial de receita.<\/p>\n<p>O problema de conte\u00fado desmonetizado tem aumentado \u00e0 medida que as plataformas se tornaram cada vez mais regulamentadas.<\/p>\n<p><a class=\"btn btn-primary\" href=\"https:\/\/auxmode.com\/pt\/contato\/\">Saiba mais<\/a><\/p>\n<\/div>\n<\/div><\/div><\/div><div id=\"pgc-gb25946-69e5f63865b6b-2-1\"  class=\"panel-grid-cell 69e5f63865b6b-8 flip col-md-12\" ><div id=\"panel-gb25946-69e5f63865b6b-2-1-0\" class=\"so-panel widget widget_media_image panel-first-child panel-last-child\" data-index=\"5\" ><img decoding=\"async\" width=\"582\" height=\"367\" src=\"https:\/\/auxmode.com\/wp-content\/uploads\/2022\/05\/art-AVODContentMonetization_Ads_3.png\" class=\"image wp-image-17546 aligncenter attachment-full size-full\" alt=\"Content Monetization\" style=\"max-width: 100%; height: auto;\" srcset=\"https:\/\/auxmode.com\/wp-content\/uploads\/2022\/05\/art-AVODContentMonetization_Ads_3.png 582w, https:\/\/auxmode.com\/wp-content\/uploads\/2022\/05\/art-AVODContentMonetization_Ads_3-300x189.png 300w\" sizes=\"(max-width: 582px) 100vw, 582px\" \/><\/div><\/div><\/div><\/div><\/div><\/div>","protected":false},"excerpt":{"rendered":"<p>Maximiza\u00e7\u00e3o da Receita de Conte\u00fado <\/p>\n<p>Revis\u00e3o das configura\u00e7\u00f5es de monetiza\u00e7\u00e3o do seu canal do YouTube para garantir posicionamento ideal de an\u00fancios e adequa\u00e7\u00e3o do conte\u00fado.<\/p>\n<p>Planos e Pre\u00e7os<\/p>\n<p> Maximizando a Receita de Conte\u00fado <\/p>\n<ul class=\"usp-list\">\n<li class=\"usp-item\"> Analisar a monetiza\u00e7\u00e3o de an\u00fancios em v\u00eddeo. <\/li>\n<li class=\"usp-item\"> Identificar automaticamente tipos de an\u00fancios e pausas para &hellip;\n<p><a class=\"more-link btn\" href=\"https:\/\/auxmode.com\/pt\/servicos\/maximizar-los-ingresos-de-contenido\/\">Continue a ler<\/a><\/p>\n<\/li>\n<\/ul>\n","protected":false},"author":1,"featured_media":0,"parent":25880,"menu_order":0,"comment_status":"closed","ping_status":"closed","template":"","meta":{"_acf_changed":false,"amp_status":"","footnotes":""},"class_list":["post-25946","page","type-page","status-publish","hentry","nodate","item-wrap"],"acf":[],"yoast_head":"<!-- This site is optimized with the Yoast SEO plugin v27.4 - https:\/\/yoast.com\/product\/yoast-seo-wordpress\/ -->\n<title>Maximiza\u00e7\u00e3o da Receita de Conte\u00fado - Aux Mode<\/title>\n<meta name=\"robots\" content=\"index, follow, max-snippet:-1, max-image-preview:large, max-video-preview:-1\" \/>\n<link rel=\"canonical\" href=\"https:\/\/auxmode.com\/pt\/servicos\/maximizar-los-ingresos-de-contenido\/\" \/>\n<meta property=\"og:locale\" content=\"pt_PT\" \/>\n<meta property=\"og:type\" content=\"article\" \/>\n<meta property=\"og:title\" content=\"Maximiza\u00e7\u00e3o da Receita de Conte\u00fado - Aux Mode\" \/>\n<meta property=\"og:description\" content=\"Maximiza\u00e7\u00e3o da Receita de Conte\u00fado Revis\u00e3o das configura\u00e7\u00f5es de monetiza\u00e7\u00e3o do seu canal do YouTube para garantir posicionamento ideal de an\u00fancios e adequa\u00e7\u00e3o do conte\u00fado. Planos e Pre\u00e7os Maximizando a Receita de Conte\u00fado  Analisar a monetiza\u00e7\u00e3o de an\u00fancios em v\u00eddeo.  Identificar automaticamente tipos de an\u00fancios e pausas para &hellip; Continue a ler\" \/>\n<meta property=\"og:url\" content=\"https:\/\/auxmode.com\/pt\/servicos\/maximizar-los-ingresos-de-contenido\/\" \/>\n<meta property=\"og:site_name\" content=\"Aux Mode\" \/>\n<meta property=\"article:modified_time\" content=\"2024-04-30T13:33:23+00:00\" \/>\n<meta property=\"og:image\" content=\"https:\/\/auxmode.com\/wp-content\/uploads\/2022\/05\/art-AVODContentMonetization1.png\" \/>\n<meta name=\"twitter:card\" content=\"summary_large_image\" \/>\n<meta name=\"twitter:label1\" content=\"Tempo estimado de leitura\" \/>\n\t<meta name=\"twitter:data1\" content=\"2 minutos\" \/>\n<script type=\"application\/ld+json\" class=\"yoast-schema-graph\">{\"@context\":\"https:\\\/\\\/schema.org\",\"@graph\":[{\"@type\":\"WebPage\",\"@id\":\"https:\\\/\\\/auxmode.com\\\/pt\\\/servicos\\\/maximizar-los-ingresos-de-contenido\\\/\",\"url\":\"https:\\\/\\\/auxmode.com\\\/pt\\\/servicos\\\/maximizar-los-ingresos-de-contenido\\\/\",\"name\":\"Maximiza\u00e7\u00e3o da Receita de Conte\u00fado - Aux Mode\",\"isPartOf\":{\"@id\":\"https:\\\/\\\/auxmode.com\\\/#website\"},\"primaryImageOfPage\":{\"@id\":\"https:\\\/\\\/auxmode.com\\\/pt\\\/servicos\\\/maximizar-los-ingresos-de-contenido\\\/#primaryimage\"},\"image\":{\"@id\":\"https:\\\/\\\/auxmode.com\\\/pt\\\/servicos\\\/maximizar-los-ingresos-de-contenido\\\/#primaryimage\"},\"thumbnailUrl\":\"https:\\\/\\\/auxmode.com\\\/wp-content\\\/uploads\\\/2022\\\/05\\\/art-AVODContentMonetization1.png\",\"datePublished\":\"2022-05-13T03:14:28+00:00\",\"dateModified\":\"2024-04-30T13:33:23+00:00\",\"breadcrumb\":{\"@id\":\"https:\\\/\\\/auxmode.com\\\/pt\\\/servicos\\\/maximizar-los-ingresos-de-contenido\\\/#breadcrumb\"},\"inLanguage\":\"pt-PT\",\"potentialAction\":[{\"@type\":\"ReadAction\",\"target\":[\"https:\\\/\\\/auxmode.com\\\/pt\\\/servicos\\\/maximizar-los-ingresos-de-contenido\\\/\"]}]},{\"@type\":\"ImageObject\",\"inLanguage\":\"pt-PT\",\"@id\":\"https:\\\/\\\/auxmode.com\\\/pt\\\/servicos\\\/maximizar-los-ingresos-de-contenido\\\/#primaryimage\",\"url\":\"https:\\\/\\\/auxmode.com\\\/wp-content\\\/uploads\\\/2022\\\/05\\\/art-AVODContentMonetization1.png\",\"contentUrl\":\"https:\\\/\\\/auxmode.com\\\/wp-content\\\/uploads\\\/2022\\\/05\\\/art-AVODContentMonetization1.png\"},{\"@type\":\"BreadcrumbList\",\"@id\":\"https:\\\/\\\/auxmode.com\\\/pt\\\/servicos\\\/maximizar-los-ingresos-de-contenido\\\/#breadcrumb\",\"itemListElement\":[{\"@type\":\"ListItem\",\"position\":1,\"name\":\"Home\",\"item\":\"https:\\\/\\\/auxmode.com\\\/pt\\\/\"},{\"@type\":\"ListItem\",\"position\":2,\"name\":\"Servi\u00e7os\",\"item\":\"https:\\\/\\\/auxmode.com\\\/pt\\\/servicos\\\/\"},{\"@type\":\"ListItem\",\"position\":3,\"name\":\"Maximiza\u00e7\u00e3o da Receita de Conte\u00fado\"}]},{\"@type\":\"WebSite\",\"@id\":\"https:\\\/\\\/auxmode.com\\\/#website\",\"url\":\"https:\\\/\\\/auxmode.com\\\/\",\"name\":\"Aux Mode\",\"description\":\"YouTube content monetization protection and Revenue Reporting Automation.\",\"inLanguage\":\"pt-PT\"}]}<\/script>\n<!-- \/ Yoast SEO plugin. -->","yoast_head_json":{"title":"Maximiza\u00e7\u00e3o da Receita de Conte\u00fado - Aux Mode","robots":{"index":"index","follow":"follow","max-snippet":"max-snippet:-1","max-image-preview":"max-image-preview:large","max-video-preview":"max-video-preview:-1"},"canonical":"https:\/\/auxmode.com\/pt\/servicos\/maximizar-los-ingresos-de-contenido\/","og_locale":"pt_PT","og_type":"article","og_title":"Maximiza\u00e7\u00e3o da Receita de Conte\u00fado - Aux Mode","og_description":"Maximiza\u00e7\u00e3o da Receita de Conte\u00fado Revis\u00e3o das configura\u00e7\u00f5es de monetiza\u00e7\u00e3o do seu canal do YouTube para garantir posicionamento ideal de an\u00fancios e adequa\u00e7\u00e3o do conte\u00fado. Planos e Pre\u00e7os Maximizando a Receita de Conte\u00fado  Analisar a monetiza\u00e7\u00e3o de an\u00fancios em v\u00eddeo.  Identificar automaticamente tipos de an\u00fancios e pausas para &hellip; Continue a ler","og_url":"https:\/\/auxmode.com\/pt\/servicos\/maximizar-los-ingresos-de-contenido\/","og_site_name":"Aux Mode","article_modified_time":"2024-04-30T13:33:23+00:00","og_image":[{"url":"https:\/\/auxmode.com\/wp-content\/uploads\/2022\/05\/art-AVODContentMonetization1.png","type":"","width":"","height":""}],"twitter_card":"summary_large_image","twitter_misc":{"Tempo estimado de leitura":"2 minutos"},"schema":{"@context":"https:\/\/schema.org","@graph":[{"@type":"WebPage","@id":"https:\/\/auxmode.com\/pt\/servicos\/maximizar-los-ingresos-de-contenido\/","url":"https:\/\/auxmode.com\/pt\/servicos\/maximizar-los-ingresos-de-contenido\/","name":"Maximiza\u00e7\u00e3o da Receita de Conte\u00fado - Aux Mode","isPartOf":{"@id":"https:\/\/auxmode.com\/#website"},"primaryImageOfPage":{"@id":"https:\/\/auxmode.com\/pt\/servicos\/maximizar-los-ingresos-de-contenido\/#primaryimage"},"image":{"@id":"https:\/\/auxmode.com\/pt\/servicos\/maximizar-los-ingresos-de-contenido\/#primaryimage"},"thumbnailUrl":"https:\/\/auxmode.com\/wp-content\/uploads\/2022\/05\/art-AVODContentMonetization1.png","datePublished":"2022-05-13T03:14:28+00:00","dateModified":"2024-04-30T13:33:23+00:00","breadcrumb":{"@id":"https:\/\/auxmode.com\/pt\/servicos\/maximizar-los-ingresos-de-contenido\/#breadcrumb"},"inLanguage":"pt-PT","potentialAction":[{"@type":"ReadAction","target":["https:\/\/auxmode.com\/pt\/servicos\/maximizar-los-ingresos-de-contenido\/"]}]},{"@type":"ImageObject","inLanguage":"pt-PT","@id":"https:\/\/auxmode.com\/pt\/servicos\/maximizar-los-ingresos-de-contenido\/#primaryimage","url":"https:\/\/auxmode.com\/wp-content\/uploads\/2022\/05\/art-AVODContentMonetization1.png","contentUrl":"https:\/\/auxmode.com\/wp-content\/uploads\/2022\/05\/art-AVODContentMonetization1.png"},{"@type":"BreadcrumbList","@id":"https:\/\/auxmode.com\/pt\/servicos\/maximizar-los-ingresos-de-contenido\/#breadcrumb","itemListElement":[{"@type":"ListItem","position":1,"name":"Home","item":"https:\/\/auxmode.com\/pt\/"},{"@type":"ListItem","position":2,"name":"Servi\u00e7os","item":"https:\/\/auxmode.com\/pt\/servicos\/"},{"@type":"ListItem","position":3,"name":"Maximiza\u00e7\u00e3o da Receita de Conte\u00fado"}]},{"@type":"WebSite","@id":"https:\/\/auxmode.com\/#website","url":"https:\/\/auxmode.com\/","name":"Aux Mode","description":"YouTube content monetization protection and Revenue Reporting Automation.","inLanguage":"pt-PT"}]}},"_links":{"self":[{"href":"https:\/\/auxmode.com\/pt\/wp-json\/wp\/v2\/pages\/25946","targetHints":{"allow":["GET"]}}],"collection":[{"href":"https:\/\/auxmode.com\/pt\/wp-json\/wp\/v2\/pages"}],"about":[{"href":"https:\/\/auxmode.com\/pt\/wp-json\/wp\/v2\/types\/page"}],"author":[{"embeddable":true,"href":"https:\/\/auxmode.com\/pt\/wp-json\/wp\/v2\/users\/1"}],"replies":[{"embeddable":true,"href":"https:\/\/auxmode.com\/pt\/wp-json\/wp\/v2\/comments?post=25946"}],"version-history":[{"count":2,"href":"https:\/\/auxmode.com\/pt\/wp-json\/wp\/v2\/pages\/25946\/revisions"}],"predecessor-version":[{"id":25956,"href":"https:\/\/auxmode.com\/pt\/wp-json\/wp\/v2\/pages\/25946\/revisions\/25956"}],"up":[{"embeddable":true,"href":"https:\/\/auxmode.com\/pt\/wp-json\/wp\/v2\/pages\/25880"}],"wp:attachment":[{"href":"https:\/\/auxmode.com\/pt\/wp-json\/wp\/v2\/media?parent=25946"}],"curies":[{"name":"wp","href":"https:\/\/api.w.org\/{rel}","templated":true}]}}