{"id":25938,"date":"2022-12-31T02:40:07","date_gmt":"2022-12-31T02:40:07","guid":{"rendered":"https:\/\/auxmode.com\/servicos\/content-rights-management\/"},"modified":"2024-04-30T13:26:34","modified_gmt":"2024-04-30T13:26:34","slug":"gestion-de-derechos-de-contenido","status":"publish","type":"page","link":"https:\/\/auxmode.com\/pt\/servicos\/gestion-de-derechos-de-contenido\/","title":{"rendered":"Gest\u00e3o de Direitos de Conte\u00fado"},"content":{"rendered":"<div id=\"pl-gb25938-69dd6d4982ce1\"  class=\"panel-layout\" ><div class=\"container\"><div id=\"pg-gb25938-69dd6d4982ce1-0\"  class=\"panel-grid panel-has-style row\" ><div class=\"hero lighter siteorigin-panels-stretch panel-row-style panel-row-style-for-gb25938-69dd6d4982ce1-0\" data-stretch-type=\"full\" ><div id=\"pgc-gb25938-69dd6d4982ce1-0-0\"  class=\"panel-grid-cell 69dd6d4982ce1-6 flip col-md-12\" ><div class=\"hero-left panel-cell-style panel-cell-style-for-gb25938-69dd6d4982ce1-0-0\" ><div id=\"panel-gb25938-69dd6d4982ce1-0-0-0\" class=\"so-panel widget widget_sow-editor panel-first-child panel-last-child\" data-index=\"0\" ><div class=\"so-widget-sow-editor so-widget-sow-editor-base\">\n<div class=\"siteorigin-widget-tinymce textwidget\">\n\t<h1>Gest\u00e3o de Direitos de Conte\u00fado<\/h1>\n<p>Definimos as condi\u00e7\u00f5es e regras para a monetiza\u00e7\u00e3o de v\u00eddeos, estabelecendo as pol\u00edticas de uso e correspond\u00eancia utilizadas para fazer valer seus direitos no YouTube e no Facebook.<\/p>\n<p><a class=\"btn btn-primary\" href=\"https:\/\/auxmode.com\/pt\/precos\/\">Planos e Pre\u00e7os<\/a><\/p>\n<\/div>\n<\/div><\/div><\/div><\/div><div id=\"pgc-gb25938-69dd6d4982ce1-0-1\"  class=\"panel-grid-cell 69dd6d4982ce1-6 flip col-md-12\" ><div class=\"hero-right panel-cell-style panel-cell-style-for-gb25938-69dd6d4982ce1-0-1\" ><div id=\"panel-gb25938-69dd6d4982ce1-0-1-0\" class=\"so-panel widget widget_media_image panel-first-child panel-last-child\" data-index=\"1\" ><div class=\"panel-widget-style panel-widget-style-for-gb25938-69dd6d4982ce1-0-1-0\" ><img decoding=\"async\" width=\"555\" height=\"312\" src=\"https:\/\/auxmode.com\/wp-content\/uploads\/2022\/12\/Rights-Management_1-1.png\" class=\"image wp-image-21746  attachment-full size-full\" alt=\"YouTube Digital Rights Management\" style=\"max-width: 100%; height: auto;\" srcset=\"https:\/\/auxmode.com\/wp-content\/uploads\/2022\/12\/Rights-Management_1-1.png 555w, https:\/\/auxmode.com\/wp-content\/uploads\/2022\/12\/Rights-Management_1-1-300x169.png 300w\" sizes=\"(max-width: 555px) 100vw, 555px\" \/><\/div><\/div><\/div><\/div><\/div><\/div><\/div><div class=\"container\"><div id=\"pg-gb25938-69dd6d4982ce1-1\"  class=\"panel-grid panel-has-style row\" ><div class=\"panel-usp panel-row-style panel-row-style-for-gb25938-69dd6d4982ce1-1\" ><div id=\"pgc-gb25938-69dd6d4982ce1-1-0\"  class=\"panel-grid-cell 69dd6d4982ce1-7 flip col-md-12\" ><div id=\"panel-gb25938-69dd6d4982ce1-1-0-0\" class=\"so-panel widget widget_media_image panel-first-child panel-last-child\" data-index=\"2\" ><img decoding=\"async\" width=\"316\" height=\"350\" src=\"https:\/\/auxmode.com\/wp-content\/uploads\/2022\/12\/Rights-Management_2-1.png\" class=\"image wp-image-21742 aligncenter attachment-full size-full\" alt=\"YouTube Digital Rights Management\" style=\"max-width: 100%; height: auto;\" srcset=\"https:\/\/auxmode.com\/wp-content\/uploads\/2022\/12\/Rights-Management_2-1.png 316w, https:\/\/auxmode.com\/wp-content\/uploads\/2022\/12\/Rights-Management_2-1-271x300.png 271w\" sizes=\"(max-width: 316px) 100vw, 316px\" \/><\/div><\/div><div id=\"pgc-gb25938-69dd6d4982ce1-1-1\"  class=\"panel-grid-cell 69dd6d4982ce1-7 flip col-md-12\" ><div id=\"panel-gb25938-69dd6d4982ce1-1-1-0\" class=\"widget_text so-panel widget widget_custom_html panel-first-child panel-last-child\" data-index=\"3\" ><div class=\"textwidget custom-html-widget\"><h3>Gest\u00e3o de Direitos de Conte\u00fado Oferece<\/h3>\n<ul class=\"usp-list\">\n\t<li class=\"usp-item\">\n\t\t<div class=\"icon\"><i class=\"fa fa-check\"><\/i><\/div>\n\t\t<div class=\"usp-content\">\n\t\t\t<h4>Processo de Gest\u00e3o de Direitos.<\/h4>\n\t\t<\/div>\n\t<\/li>\n\t\n\t<li class=\"usp-item\">\n\t\t<div class=\"icon\"><i class=\"fa fa-check\"><\/i><\/div>\n\t\t<div class=\"usp-content\">\n\t\t\t<h4>Verifica\u00e7\u00e3o de v\u00eddeos no YouTube e Facebook para identificar poss\u00edveis casos de viola\u00e7\u00e3o.<\/h4>\n\t\t<\/div>\n\t<\/li>\n\t\n\t<li class=\"usp-item\">\n\t\t<div class=\"icon\"><i class=\"fa fa-check\"><\/i><\/div>\n\t\t<div class=\"usp-content\">\n\t\t\t<h4>Aplica\u00e7\u00e3o da propriedade de conte\u00fado em todo o mundo ou por territ\u00f3rios.<\/h4>\n\t\t<\/div>\n\t<\/li>\n\t\n\t<li class=\"usp-item\">\n\t\t<div class=\"icon\"><i class=\"fa fa-check\"><\/i><\/div>\n\t\t<div class=\"usp-content\">\n\t\t\t<h4>Aplica\u00e7\u00e3o da monetiza\u00e7\u00e3o de conte\u00fado em todo o mundo ou por territ\u00f3rios.<\/h4>\n\t\t<\/div>\n\t<\/li>\n\t\n\t<li class=\"usp-item\">\n\t\t<div class=\"icon\"><i class=\"fa fa-check\"><\/i><\/div>\n\t\t<div class=\"usp-content\">\n\t\t\t<h4>An\u00e1lise de Direitos Regionais.<\/h4>\n\t\t<\/div>\n\t<\/li>\n\t\n\t<li class=\"usp-item\">\n\t\t<div class=\"icon\"><i class=\"fa fa-check\"><\/i><\/div>\n\t\t<div class=\"usp-content\">\n\t\t\t<h4>Servi\u00e7o profissional para revisar suas pol\u00edticas de conte\u00fado.<\/h4>\n\t\t<\/div>\n\t<\/li>\n\t\n<\/ul>\n\n<p><a class=\"btn\" href=\"https:\/\/auxmode.com\/pt\/contato\/\">Saiba mais<\/a><\/p><\/div><\/div><\/div><\/div><\/div><\/div><div class=\"container\"><div id=\"pg-gb25938-69dd6d4982ce1-2\"  class=\"panel-grid panel-has-style row\" ><div class=\"homepage-row colored siteorigin-panels-stretch panel-row-style panel-row-style-for-gb25938-69dd6d4982ce1-2\" data-stretch-type=\"full\" ><div id=\"pgc-gb25938-69dd6d4982ce1-2-0\"  class=\"panel-grid-cell 69dd6d4982ce1-8 flip col-md-12\" ><div id=\"panel-gb25938-69dd6d4982ce1-2-0-0\" class=\"so-panel widget widget_sow-editor panel-first-child panel-last-child\" data-index=\"4\" ><div class=\"so-widget-sow-editor so-widget-sow-editor-base\">\n<div class=\"siteorigin-widget-tinymce textwidget\">\n\t<h3>Gest\u00e3o de Direitos de V\u00eddeo de Conte\u00fado<\/h3>\n<p>Desenvolvemos um processo de gest\u00e3o de direitos de v\u00eddeo, onde todo o seu conte\u00fado \u00e9 verificado por especialistas, os direitos territoriais s\u00e3o verificados antes de serem enviados para as plataformas. Este processo reduz todas as tarefas operacionais necess\u00e1rias entre os artistas e nossa equipe, e tamb\u00e9m minimiza conflitos, reivindica\u00e7\u00f5es inv\u00e1lidas e sobreposi\u00e7\u00f5es de refer\u00eancias.<\/p>\n<p>Contamos com uma equipe dedicada e forte de Gest\u00e3o de Direitos, e seu \u00fanico trabalho \u00e9 maximizar a receita dos ativos que voc\u00ea possui.<\/p>\n<p><a class=\"btn btn-primary\" href=\"https:\/\/auxmode.com\/pt\/contato\/\">Saiba mais<\/a><\/p>\n<\/div>\n<\/div><\/div><\/div><div id=\"pgc-gb25938-69dd6d4982ce1-2-1\"  class=\"panel-grid-cell 69dd6d4982ce1-8 flip col-md-12\" ><div id=\"panel-gb25938-69dd6d4982ce1-2-1-0\" class=\"so-panel widget widget_media_image panel-first-child panel-last-child\" data-index=\"5\" ><img decoding=\"async\" width=\"400\" height=\"268\" src=\"https:\/\/auxmode.com\/wp-content\/uploads\/2022\/12\/Rights-Management_3.png\" class=\"image wp-image-21735 aligncenter attachment-400x268 size-400x268\" alt=\"YouTube Digital Rights Management\" style=\"max-width: 100%; height: auto;\" srcset=\"https:\/\/auxmode.com\/wp-content\/uploads\/2022\/12\/Rights-Management_3.png 555w, https:\/\/auxmode.com\/wp-content\/uploads\/2022\/12\/Rights-Management_3-300x201.png 300w, https:\/\/auxmode.com\/wp-content\/uploads\/2022\/12\/Rights-Management_3-272x182.png 272w\" sizes=\"(max-width: 400px) 100vw, 400px\" \/><\/div><\/div><\/div><\/div><\/div><\/div>","protected":false},"excerpt":{"rendered":"<p>Gest\u00e3o de Direitos de Conte\u00fado <\/p>\n<p>Definimos as condi\u00e7\u00f5es e regras para a monetiza\u00e7\u00e3o de v\u00eddeos, estabelecendo as pol\u00edticas de uso e correspond\u00eancia utilizadas para fazer valer seus direitos no YouTube e no Facebook.<\/p>\n<p>Planos e Pre\u00e7os<\/p>\n<p> Gest\u00e3o de Direitos de Conte\u00fado Oferece <\/p>\n<ul class=\"usp-list\">\n<li class=\"usp-item\"> Processo de Gest\u00e3o de Direitos. <\/li>\n<li class=\"usp-item\"> Verifica\u00e7\u00e3o &hellip;\n<p><a class=\"more-link btn\" href=\"https:\/\/auxmode.com\/pt\/servicos\/gestion-de-derechos-de-contenido\/\">Continue a ler<\/a><\/p>\n<\/li>\n<\/ul>\n","protected":false},"author":1,"featured_media":0,"parent":25880,"menu_order":0,"comment_status":"closed","ping_status":"closed","template":"","meta":{"_acf_changed":false,"amp_status":"","footnotes":""},"class_list":["post-25938","page","type-page","status-publish","hentry","nodate","item-wrap"],"acf":[],"yoast_head":"<!-- This site is optimized with the Yoast SEO plugin v27.3 - https:\/\/yoast.com\/product\/yoast-seo-wordpress\/ -->\n<title>Gest\u00e3o de Direitos de Conte\u00fado - Aux Mode<\/title>\n<meta name=\"robots\" content=\"index, follow, max-snippet:-1, max-image-preview:large, max-video-preview:-1\" \/>\n<link rel=\"canonical\" href=\"https:\/\/auxmode.com\/pt\/servicos\/gestion-de-derechos-de-contenido\/\" \/>\n<meta property=\"og:locale\" content=\"pt_PT\" \/>\n<meta property=\"og:type\" content=\"article\" \/>\n<meta property=\"og:title\" content=\"Gest\u00e3o de Direitos de Conte\u00fado - Aux Mode\" \/>\n<meta property=\"og:description\" content=\"Gest\u00e3o de Direitos de Conte\u00fado Definimos as condi\u00e7\u00f5es e regras para a monetiza\u00e7\u00e3o de v\u00eddeos, estabelecendo as pol\u00edticas de uso e correspond\u00eancia utilizadas para fazer valer seus direitos no YouTube e no Facebook. Planos e Pre\u00e7os Gest\u00e3o de Direitos de Conte\u00fado Oferece  Processo de Gest\u00e3o de Direitos.  Verifica\u00e7\u00e3o &hellip; Continue a ler\" \/>\n<meta property=\"og:url\" content=\"https:\/\/auxmode.com\/pt\/servicos\/gestion-de-derechos-de-contenido\/\" \/>\n<meta property=\"og:site_name\" content=\"Aux Mode\" \/>\n<meta property=\"article:modified_time\" content=\"2024-04-30T13:26:34+00:00\" \/>\n<meta property=\"og:image\" content=\"https:\/\/auxmode.com\/wp-content\/uploads\/2022\/12\/Rights-Management_1-1.png\" \/>\n<meta name=\"twitter:card\" content=\"summary_large_image\" \/>\n<meta name=\"twitter:label1\" content=\"Tempo estimado de leitura\" \/>\n\t<meta name=\"twitter:data1\" content=\"2 minutos\" \/>\n<script type=\"application\/ld+json\" class=\"yoast-schema-graph\">{\"@context\":\"https:\\\/\\\/schema.org\",\"@graph\":[{\"@type\":\"WebPage\",\"@id\":\"https:\\\/\\\/auxmode.com\\\/pt\\\/servicos\\\/gestion-de-derechos-de-contenido\\\/\",\"url\":\"https:\\\/\\\/auxmode.com\\\/pt\\\/servicos\\\/gestion-de-derechos-de-contenido\\\/\",\"name\":\"Gest\u00e3o de Direitos de Conte\u00fado - Aux Mode\",\"isPartOf\":{\"@id\":\"https:\\\/\\\/auxmode.com\\\/#website\"},\"primaryImageOfPage\":{\"@id\":\"https:\\\/\\\/auxmode.com\\\/pt\\\/servicos\\\/gestion-de-derechos-de-contenido\\\/#primaryimage\"},\"image\":{\"@id\":\"https:\\\/\\\/auxmode.com\\\/pt\\\/servicos\\\/gestion-de-derechos-de-contenido\\\/#primaryimage\"},\"thumbnailUrl\":\"https:\\\/\\\/auxmode.com\\\/wp-content\\\/uploads\\\/2022\\\/12\\\/Rights-Management_1-1.png\",\"datePublished\":\"2022-12-31T02:40:07+00:00\",\"dateModified\":\"2024-04-30T13:26:34+00:00\",\"breadcrumb\":{\"@id\":\"https:\\\/\\\/auxmode.com\\\/pt\\\/servicos\\\/gestion-de-derechos-de-contenido\\\/#breadcrumb\"},\"inLanguage\":\"pt-PT\",\"potentialAction\":[{\"@type\":\"ReadAction\",\"target\":[\"https:\\\/\\\/auxmode.com\\\/pt\\\/servicos\\\/gestion-de-derechos-de-contenido\\\/\"]}]},{\"@type\":\"ImageObject\",\"inLanguage\":\"pt-PT\",\"@id\":\"https:\\\/\\\/auxmode.com\\\/pt\\\/servicos\\\/gestion-de-derechos-de-contenido\\\/#primaryimage\",\"url\":\"https:\\\/\\\/auxmode.com\\\/wp-content\\\/uploads\\\/2022\\\/12\\\/Rights-Management_1-1.png\",\"contentUrl\":\"https:\\\/\\\/auxmode.com\\\/wp-content\\\/uploads\\\/2022\\\/12\\\/Rights-Management_1-1.png\"},{\"@type\":\"BreadcrumbList\",\"@id\":\"https:\\\/\\\/auxmode.com\\\/pt\\\/servicos\\\/gestion-de-derechos-de-contenido\\\/#breadcrumb\",\"itemListElement\":[{\"@type\":\"ListItem\",\"position\":1,\"name\":\"Home\",\"item\":\"https:\\\/\\\/auxmode.com\\\/pt\\\/\"},{\"@type\":\"ListItem\",\"position\":2,\"name\":\"Servi\u00e7os\",\"item\":\"https:\\\/\\\/auxmode.com\\\/pt\\\/servicos\\\/\"},{\"@type\":\"ListItem\",\"position\":3,\"name\":\"Gest\u00e3o de Direitos de Conte\u00fado\"}]},{\"@type\":\"WebSite\",\"@id\":\"https:\\\/\\\/auxmode.com\\\/#website\",\"url\":\"https:\\\/\\\/auxmode.com\\\/\",\"name\":\"Aux Mode\",\"description\":\"YouTube content monetization protection and Revenue Reporting Automation.\",\"inLanguage\":\"pt-PT\"}]}<\/script>\n<!-- \/ Yoast SEO plugin. -->","yoast_head_json":{"title":"Gest\u00e3o de Direitos de Conte\u00fado - Aux Mode","robots":{"index":"index","follow":"follow","max-snippet":"max-snippet:-1","max-image-preview":"max-image-preview:large","max-video-preview":"max-video-preview:-1"},"canonical":"https:\/\/auxmode.com\/pt\/servicos\/gestion-de-derechos-de-contenido\/","og_locale":"pt_PT","og_type":"article","og_title":"Gest\u00e3o de Direitos de Conte\u00fado - Aux Mode","og_description":"Gest\u00e3o de Direitos de Conte\u00fado Definimos as condi\u00e7\u00f5es e regras para a monetiza\u00e7\u00e3o de v\u00eddeos, estabelecendo as pol\u00edticas de uso e correspond\u00eancia utilizadas para fazer valer seus direitos no YouTube e no Facebook. Planos e Pre\u00e7os Gest\u00e3o de Direitos de Conte\u00fado Oferece  Processo de Gest\u00e3o de Direitos.  Verifica\u00e7\u00e3o &hellip; Continue a ler","og_url":"https:\/\/auxmode.com\/pt\/servicos\/gestion-de-derechos-de-contenido\/","og_site_name":"Aux Mode","article_modified_time":"2024-04-30T13:26:34+00:00","og_image":[{"url":"https:\/\/auxmode.com\/wp-content\/uploads\/2022\/12\/Rights-Management_1-1.png","type":"","width":"","height":""}],"twitter_card":"summary_large_image","twitter_misc":{"Tempo estimado de leitura":"2 minutos"},"schema":{"@context":"https:\/\/schema.org","@graph":[{"@type":"WebPage","@id":"https:\/\/auxmode.com\/pt\/servicos\/gestion-de-derechos-de-contenido\/","url":"https:\/\/auxmode.com\/pt\/servicos\/gestion-de-derechos-de-contenido\/","name":"Gest\u00e3o de Direitos de Conte\u00fado - Aux Mode","isPartOf":{"@id":"https:\/\/auxmode.com\/#website"},"primaryImageOfPage":{"@id":"https:\/\/auxmode.com\/pt\/servicos\/gestion-de-derechos-de-contenido\/#primaryimage"},"image":{"@id":"https:\/\/auxmode.com\/pt\/servicos\/gestion-de-derechos-de-contenido\/#primaryimage"},"thumbnailUrl":"https:\/\/auxmode.com\/wp-content\/uploads\/2022\/12\/Rights-Management_1-1.png","datePublished":"2022-12-31T02:40:07+00:00","dateModified":"2024-04-30T13:26:34+00:00","breadcrumb":{"@id":"https:\/\/auxmode.com\/pt\/servicos\/gestion-de-derechos-de-contenido\/#breadcrumb"},"inLanguage":"pt-PT","potentialAction":[{"@type":"ReadAction","target":["https:\/\/auxmode.com\/pt\/servicos\/gestion-de-derechos-de-contenido\/"]}]},{"@type":"ImageObject","inLanguage":"pt-PT","@id":"https:\/\/auxmode.com\/pt\/servicos\/gestion-de-derechos-de-contenido\/#primaryimage","url":"https:\/\/auxmode.com\/wp-content\/uploads\/2022\/12\/Rights-Management_1-1.png","contentUrl":"https:\/\/auxmode.com\/wp-content\/uploads\/2022\/12\/Rights-Management_1-1.png"},{"@type":"BreadcrumbList","@id":"https:\/\/auxmode.com\/pt\/servicos\/gestion-de-derechos-de-contenido\/#breadcrumb","itemListElement":[{"@type":"ListItem","position":1,"name":"Home","item":"https:\/\/auxmode.com\/pt\/"},{"@type":"ListItem","position":2,"name":"Servi\u00e7os","item":"https:\/\/auxmode.com\/pt\/servicos\/"},{"@type":"ListItem","position":3,"name":"Gest\u00e3o de Direitos de Conte\u00fado"}]},{"@type":"WebSite","@id":"https:\/\/auxmode.com\/#website","url":"https:\/\/auxmode.com\/","name":"Aux Mode","description":"YouTube content monetization protection and Revenue Reporting Automation.","inLanguage":"pt-PT"}]}},"_links":{"self":[{"href":"https:\/\/auxmode.com\/pt\/wp-json\/wp\/v2\/pages\/25938","targetHints":{"allow":["GET"]}}],"collection":[{"href":"https:\/\/auxmode.com\/pt\/wp-json\/wp\/v2\/pages"}],"about":[{"href":"https:\/\/auxmode.com\/pt\/wp-json\/wp\/v2\/types\/page"}],"author":[{"embeddable":true,"href":"https:\/\/auxmode.com\/pt\/wp-json\/wp\/v2\/users\/1"}],"replies":[{"embeddable":true,"href":"https:\/\/auxmode.com\/pt\/wp-json\/wp\/v2\/comments?post=25938"}],"version-history":[{"count":1,"href":"https:\/\/auxmode.com\/pt\/wp-json\/wp\/v2\/pages\/25938\/revisions"}],"predecessor-version":[{"id":25943,"href":"https:\/\/auxmode.com\/pt\/wp-json\/wp\/v2\/pages\/25938\/revisions\/25943"}],"up":[{"embeddable":true,"href":"https:\/\/auxmode.com\/pt\/wp-json\/wp\/v2\/pages\/25880"}],"wp:attachment":[{"href":"https:\/\/auxmode.com\/pt\/wp-json\/wp\/v2\/media?parent=25938"}],"curies":[{"name":"wp","href":"https:\/\/api.w.org\/{rel}","templated":true}]}}