{"id":25925,"date":"2014-03-16T08:27:43","date_gmt":"2014-03-16T08:27:43","guid":{"rendered":"https:\/\/auxmode.com\/contact\/"},"modified":"2024-05-04T14:45:31","modified_gmt":"2024-05-04T14:45:31","slug":"contato","status":"publish","type":"page","link":"https:\/\/auxmode.com\/pt\/contato\/","title":{"rendered":"Contato"},"content":{"rendered":"<div id=\"pl-gb25925-69e15ab151419\"  class=\"panel-layout\" ><div class=\"container\"><div id=\"pg-gb25925-69e15ab151419-0\"  class=\"panel-grid panel-has-style row\" ><div class=\"hero lighter siteorigin-panels-stretch panel-row-style panel-row-style-for-gb25925-69e15ab151419-0\" data-stretch-type=\"full\" ><div id=\"pgc-gb25925-69e15ab151419-0-0\"  class=\"panel-grid-cell 69e15ab151419-4 flip col-md-12\" ><div class=\"hero-left panel-cell-style panel-cell-style-for-gb25925-69e15ab151419-0-0\" ><div id=\"panel-gb25925-69e15ab151419-0-0-0\" class=\"so-panel widget widget_black-studio-tinymce widget_black_studio_tinymce panel-first-child panel-last-child\" data-index=\"0\" ><div class=\"entry-content textwidget\"><h1>Entre em contato<\/h1>\n<p>Tem perguntas ou precisa relatar um problema?<\/p>\n<\/div><\/div><\/div><\/div><div id=\"pgc-gb25925-69e15ab151419-0-1\"  class=\"panel-grid-cell 69e15ab151419-4 flip col-md-12\" ><div class=\"hero-right panel-cell-style panel-cell-style-for-gb25925-69e15ab151419-0-1\" ><div id=\"panel-gb25925-69e15ab151419-0-1-0\" class=\"so-panel widget widget_media_image panel-first-child panel-last-child\" data-index=\"1\" ><img decoding=\"async\" width=\"150\" height=\"150\" src=\"https:\/\/auxmode.com\/wp-content\/uploads\/2021\/06\/ConactUs1-150x150.png\" class=\"image wp-image-14924  attachment-thumbnail size-thumbnail\" alt=\"\" style=\"max-width: 100%; height: auto;\" \/><\/div><\/div><\/div><\/div><\/div><\/div><div class=\"container\"><div id=\"pg-gb25925-69e15ab151419-1\"  class=\"panel-grid panel-no-style row\" ><div id=\"pgc-gb25925-69e15ab151419-1-0\"  class=\"panel-grid-cell panel-grid-cell-mobile-last 69e15ab151419-5 flip col-md-12\" ><div id=\"panel-gb25925-69e15ab151419-1-0-0\" class=\"so-panel widget widget_sow-editor panel-first-child panel-last-child\" data-index=\"2\" ><div class=\"so-widget-sow-editor so-widget-sow-editor-base\">\n<div class=\"siteorigin-widget-tinymce textwidget\">\n\t<p>Obrigado pelo seu interesse na Aux Mode. Ajudamos est\u00fadios, distribuidores, produtores, marcas e detentores de direitos com prote\u00e7\u00e3o de conte\u00fado e relat\u00f3rios de receita em plataformas de streaming. Para obter mais informa\u00e7\u00f5es sobre gerenciamento de direitos digitais ou para perguntar sobre nosso software de relat\u00f3rios de receita, por favor, preencha o formul\u00e1rio abaixo e entraremos em contato dentro de 24 horas.<\/p>\n<form method=\"post\" enctype=\"multipart\/form-data\" id=\"vfbp-form-13\" class=\"vfbp-form\"><div style=\"display:none;\"><label for=\"vfbp-EMAIL-AN8fuQyoDLXem\">If you are human, leave this field blank.<\/label><input size=\"25\" autocomplete=\"off\" type=\"text\" name=\"vfbp-EMAIL-AN8fuQyoDLXem\" value=\"\" id=\"\"><\/div><input type=\"hidden\" name=\"_vfb-timestamp-13\" value=\"1776376497\" id=\"\"><input type=\"hidden\" name=\"_vfb-form-id\" value=\"13\" id=\"\"><input type=\"hidden\" name=\"_vfb-token-13\" value=\"MTc3NjM3NjQ5N1VheFQwMFltUlNLYm5kQTN6dFlGY0VBUlZQblpJdEJx\" id=\"\"><div class=\"vfb-col-12 vfb-fieldType-text\" id=\"vfbField146\"><div class=\"vfb-form-group\"><label for=\"vfb-field-146\" class=\"vfb-control-label\">Nome Completo <span class=\"vfb-required-asterisk\">*<\/span><\/label><div><input id=\"vfb-field-146\" class=\"vfb-form-control\" placeholder=\"\" required=\"required\" type=\"text\" name=\"vfb-field-146\" value=\"\"><\/div><\/div><\/div><div class=\"vfb-clearfix\"><\/div><div class=\"vfb-col-12 vfb-fieldType-text\" id=\"vfbField147\"><div class=\"vfb-form-group\"><label for=\"vfb-field-147\" class=\"vfb-control-label\">Empresa <span class=\"vfb-required-asterisk\">*<\/span><\/label><div><input id=\"vfb-field-147\" class=\"vfb-form-control\" placeholder=\"\" required=\"required\" type=\"text\" name=\"vfb-field-147\" value=\"\"><\/div><\/div><\/div><div class=\"vfb-clearfix\"><\/div><div class=\"vfb-col-12 vfb-fieldType-email\" id=\"vfbField148\"><div class=\"vfb-form-group\"><label for=\"vfb-field-148\" class=\"vfb-control-label\">E-mail <span class=\"vfb-required-asterisk\">*<\/span><\/label><div><input id=\"vfb-field-148\" class=\"vfb-form-control\" placeholder=\"\" required=\"required\" type=\"email\" name=\"vfb-field-148\" value=\"\"><\/div><\/div><\/div><div class=\"vfb-clearfix\"><\/div><div class=\"vfb-col-12 vfb-fieldType-url\" id=\"vfbField149\"><div class=\"vfb-form-group\"><label for=\"vfb-field-149\" class=\"vfb-control-label\">URL do YouTube<\/label><div><input id=\"vfb-field-149\" class=\"vfb-form-control\" placeholder=\"\" type=\"url\" name=\"vfb-field-149\" value=\"\"><\/div><\/div><\/div><div class=\"vfb-clearfix\"><\/div><div class=\"vfb-col-12 vfb-fieldType-checkbox\" id=\"vfbField150\"><label for=\"vfb-field-150\" class=\"vfb-control-label\">Quais servi\u00e7os voc\u00ea est\u00e1 procurando?<\/label><div><div class=\"vfb-inline-group\"><div class=\"vfb-checkbox\"><label><input id=\"vfb-field-150-0\" class=\"\" placeholder=\"\" data-vfb-multiple=\"vfb-field-150\" type=\"checkbox\" name=\"vfb-field-150[0]\" value=\"1\">Prote\u00e7\u00e3o de Conte\u00fado<\/label><\/div><div class=\"vfb-checkbox\"><label><input id=\"vfb-field-150-1\" class=\"\" placeholder=\"\" data-vfb-multiple=\"vfb-field-150\" type=\"checkbox\" name=\"vfb-field-150[1]\" value=\"1\">Monetiza\u00e7\u00e3o de Conte\u00fado<\/label><\/div><div class=\"vfb-checkbox\"><label><input id=\"vfb-field-150-2\" class=\"\" placeholder=\"\" data-vfb-multiple=\"vfb-field-150\" type=\"checkbox\" name=\"vfb-field-150[2]\" value=\"1\">Relat\u00f3rio de Receitas<\/label><\/div><div class=\"vfb-checkbox\"><label><input id=\"vfb-field-150-3\" class=\"\" placeholder=\"\" data-vfb-multiple=\"vfb-field-150\" type=\"checkbox\" name=\"vfb-field-150[3]\" value=\"1\">Auditoria de CMS \/ Treinamento<\/label><\/div><\/div><\/div><\/div><div class=\"vfb-clearfix\"><\/div><div class=\"vfb-col-12 vfb-fieldType-textarea\" id=\"vfbField151\"><div class=\"vfb-form-group\"><label for=\"vfb-field-151\" class=\"vfb-control-label\">Mensagem<\/label><div><textarea id=\"vfb-field-151\" class=\"vfb-form-control\" placeholder=\"\" rows=\"4\" name=\"vfb-field-151\" cols=\"50\"><\/textarea><\/div><\/div><\/div><div class=\"vfb-clearfix\"><\/div><div class=\"vfb-col-12 vfb-fieldType-submit\" id=\"vfbField152\"><button id=\"vfb-field-152\" class=\" btn btn-primary\" placeholder=\"\" type=\"submit\" name=\"_vfb-submit\">Enviar<\/button><\/div><div class=\"vfb-clearfix\"><\/div><div class=\"vfb-col-12 vfb-fieldType-captcha\" id=\"vfbField153\"><div class=\"vfb-form-group\"><div><div class=\"g-recaptcha-v3\" data-sitekey=\"6LebYcQUAAAAAODTQLbhfRmsuEwDoNW4gf145Ews\"><\/div><input type=\"hidden\" name=\"_vfb_recaptcha_enabled\" value=\"1\" id=\"\"><input type=\"hidden\" id=\"g-recaptcha-response\" name=\"g-recaptcha-response\"><div class=\"vfb-has-error\" id=\"vfb-recaptcha-error\"><span class=\"vfb-help-block\">reCAPTCHA is required.<\/span><\/div><\/div><\/div><\/div><div class=\"vfb-clearfix\"><\/div><\/form>\n<\/div>\n<\/div><\/div><\/div><div id=\"pgc-gb25925-69e15ab151419-1-1\"  class=\"panel-grid-cell panel-grid-cell-empty 69e15ab151419-5 flip col-md-12\" ><\/div><\/div><\/div><\/div>","protected":false},"excerpt":{"rendered":"<p>Entre em contato <\/p>\n<p>Tem perguntas ou precisa relatar um problema?<\/p>\n<p>Obrigado pelo seu interesse na Aux Mode. Ajudamos est\u00fadios, distribuidores, produtores, marcas e detentores de direitos com prote\u00e7\u00e3o de conte\u00fado e relat\u00f3rios de receita em plataformas de streaming. Para obter mais informa\u00e7\u00f5es sobre gerenciamento de direitos digitais ou para perguntar sobre nosso software de relat\u00f3rios &hellip; <\/p>\n<p><a class=\"more-link btn\" href=\"https:\/\/auxmode.com\/pt\/contato\/\">Continue a ler<\/a><\/p>\n","protected":false},"author":1,"featured_media":0,"parent":0,"menu_order":0,"comment_status":"closed","ping_status":"closed","template":"","meta":{"_acf_changed":false,"amp_status":"","footnotes":""},"class_list":["post-25925","page","type-page","status-publish","hentry","nodate","item-wrap"],"acf":[],"yoast_head":"<!-- This site is optimized with the Yoast SEO plugin v27.4 - https:\/\/yoast.com\/product\/yoast-seo-wordpress\/ -->\n<title>Entre em contato com a Aux Mode. Especializada em gerenciamento de direitos digitais, estrat\u00e9gia de conte\u00fado e prote\u00e7\u00e3o de propriedade intelectual.<\/title>\n<meta name=\"description\" content=\"Entre em contato com a Aux Mode para gerenciamento de direitos digitais e prote\u00e7\u00e3o de seu conte\u00fado contra roubo online.\" \/>\n<meta name=\"robots\" content=\"index, follow, max-snippet:-1, max-image-preview:large, max-video-preview:-1\" \/>\n<link rel=\"canonical\" href=\"https:\/\/auxmode.com\/pt\/contato\/\" \/>\n<meta property=\"og:locale\" content=\"pt_PT\" \/>\n<meta property=\"og:type\" content=\"article\" \/>\n<meta property=\"og:title\" content=\"Entre em contato com a Aux Mode. Especializada em gerenciamento de direitos digitais, estrat\u00e9gia de conte\u00fado e prote\u00e7\u00e3o de propriedade intelectual.\" \/>\n<meta property=\"og:description\" content=\"Entre em contato com a Aux Mode para gerenciamento de direitos digitais e prote\u00e7\u00e3o de seu conte\u00fado contra roubo online.\" \/>\n<meta property=\"og:url\" content=\"https:\/\/auxmode.com\/pt\/contato\/\" \/>\n<meta property=\"og:site_name\" content=\"Aux Mode\" \/>\n<meta property=\"article:modified_time\" content=\"2024-05-04T14:45:31+00:00\" \/>\n<meta property=\"og:image\" content=\"https:\/\/auxmode.com\/wp-content\/uploads\/2021\/06\/ConactUs1-150x150.png\" \/>\n<meta name=\"twitter:card\" content=\"summary_large_image\" \/>\n<meta name=\"twitter:label1\" content=\"Tempo estimado de leitura\" \/>\n\t<meta name=\"twitter:data1\" content=\"1 minuto\" \/>\n<script type=\"application\/ld+json\" class=\"yoast-schema-graph\">{\"@context\":\"https:\\\/\\\/schema.org\",\"@graph\":[{\"@type\":\"WebPage\",\"@id\":\"https:\\\/\\\/auxmode.com\\\/pt\\\/contato\\\/\",\"url\":\"https:\\\/\\\/auxmode.com\\\/pt\\\/contato\\\/\",\"name\":\"Entre em contato com a Aux Mode. Especializada em gerenciamento de direitos digitais, estrat\u00e9gia de conte\u00fado e prote\u00e7\u00e3o de propriedade intelectual.\",\"isPartOf\":{\"@id\":\"https:\\\/\\\/auxmode.com\\\/#website\"},\"primaryImageOfPage\":{\"@id\":\"https:\\\/\\\/auxmode.com\\\/pt\\\/contato\\\/#primaryimage\"},\"image\":{\"@id\":\"https:\\\/\\\/auxmode.com\\\/pt\\\/contato\\\/#primaryimage\"},\"thumbnailUrl\":\"https:\\\/\\\/auxmode.com\\\/wp-content\\\/uploads\\\/2021\\\/06\\\/ConactUs1-150x150.png\",\"datePublished\":\"2014-03-16T08:27:43+00:00\",\"dateModified\":\"2024-05-04T14:45:31+00:00\",\"description\":\"Entre em contato com a Aux Mode para gerenciamento de direitos digitais e prote\u00e7\u00e3o de seu conte\u00fado contra roubo online.\",\"breadcrumb\":{\"@id\":\"https:\\\/\\\/auxmode.com\\\/pt\\\/contato\\\/#breadcrumb\"},\"inLanguage\":\"pt-PT\",\"potentialAction\":[{\"@type\":\"ReadAction\",\"target\":[\"https:\\\/\\\/auxmode.com\\\/pt\\\/contato\\\/\"]}]},{\"@type\":\"ImageObject\",\"inLanguage\":\"pt-PT\",\"@id\":\"https:\\\/\\\/auxmode.com\\\/pt\\\/contato\\\/#primaryimage\",\"url\":\"https:\\\/\\\/auxmode.com\\\/wp-content\\\/uploads\\\/2021\\\/06\\\/ConactUs1-150x150.png\",\"contentUrl\":\"https:\\\/\\\/auxmode.com\\\/wp-content\\\/uploads\\\/2021\\\/06\\\/ConactUs1-150x150.png\"},{\"@type\":\"BreadcrumbList\",\"@id\":\"https:\\\/\\\/auxmode.com\\\/pt\\\/contato\\\/#breadcrumb\",\"itemListElement\":[{\"@type\":\"ListItem\",\"position\":1,\"name\":\"Home\",\"item\":\"https:\\\/\\\/auxmode.com\\\/pt\\\/\"},{\"@type\":\"ListItem\",\"position\":2,\"name\":\"Contato\"}]},{\"@type\":\"WebSite\",\"@id\":\"https:\\\/\\\/auxmode.com\\\/#website\",\"url\":\"https:\\\/\\\/auxmode.com\\\/\",\"name\":\"Aux Mode\",\"description\":\"YouTube content monetization protection and Revenue Reporting Automation.\",\"inLanguage\":\"pt-PT\"}]}<\/script>\n<!-- \/ Yoast SEO plugin. -->","yoast_head_json":{"title":"Entre em contato com a Aux Mode. Especializada em gerenciamento de direitos digitais, estrat\u00e9gia de conte\u00fado e prote\u00e7\u00e3o de propriedade intelectual.","description":"Entre em contato com a Aux Mode para gerenciamento de direitos digitais e prote\u00e7\u00e3o de seu conte\u00fado contra roubo online.","robots":{"index":"index","follow":"follow","max-snippet":"max-snippet:-1","max-image-preview":"max-image-preview:large","max-video-preview":"max-video-preview:-1"},"canonical":"https:\/\/auxmode.com\/pt\/contato\/","og_locale":"pt_PT","og_type":"article","og_title":"Entre em contato com a Aux Mode. Especializada em gerenciamento de direitos digitais, estrat\u00e9gia de conte\u00fado e prote\u00e7\u00e3o de propriedade intelectual.","og_description":"Entre em contato com a Aux Mode para gerenciamento de direitos digitais e prote\u00e7\u00e3o de seu conte\u00fado contra roubo online.","og_url":"https:\/\/auxmode.com\/pt\/contato\/","og_site_name":"Aux Mode","article_modified_time":"2024-05-04T14:45:31+00:00","og_image":[{"url":"https:\/\/auxmode.com\/wp-content\/uploads\/2021\/06\/ConactUs1-150x150.png","type":"","width":"","height":""}],"twitter_card":"summary_large_image","twitter_misc":{"Tempo estimado de leitura":"1 minuto"},"schema":{"@context":"https:\/\/schema.org","@graph":[{"@type":"WebPage","@id":"https:\/\/auxmode.com\/pt\/contato\/","url":"https:\/\/auxmode.com\/pt\/contato\/","name":"Entre em contato com a Aux Mode. Especializada em gerenciamento de direitos digitais, estrat\u00e9gia de conte\u00fado e prote\u00e7\u00e3o de propriedade intelectual.","isPartOf":{"@id":"https:\/\/auxmode.com\/#website"},"primaryImageOfPage":{"@id":"https:\/\/auxmode.com\/pt\/contato\/#primaryimage"},"image":{"@id":"https:\/\/auxmode.com\/pt\/contato\/#primaryimage"},"thumbnailUrl":"https:\/\/auxmode.com\/wp-content\/uploads\/2021\/06\/ConactUs1-150x150.png","datePublished":"2014-03-16T08:27:43+00:00","dateModified":"2024-05-04T14:45:31+00:00","description":"Entre em contato com a Aux Mode para gerenciamento de direitos digitais e prote\u00e7\u00e3o de seu conte\u00fado contra roubo online.","breadcrumb":{"@id":"https:\/\/auxmode.com\/pt\/contato\/#breadcrumb"},"inLanguage":"pt-PT","potentialAction":[{"@type":"ReadAction","target":["https:\/\/auxmode.com\/pt\/contato\/"]}]},{"@type":"ImageObject","inLanguage":"pt-PT","@id":"https:\/\/auxmode.com\/pt\/contato\/#primaryimage","url":"https:\/\/auxmode.com\/wp-content\/uploads\/2021\/06\/ConactUs1-150x150.png","contentUrl":"https:\/\/auxmode.com\/wp-content\/uploads\/2021\/06\/ConactUs1-150x150.png"},{"@type":"BreadcrumbList","@id":"https:\/\/auxmode.com\/pt\/contato\/#breadcrumb","itemListElement":[{"@type":"ListItem","position":1,"name":"Home","item":"https:\/\/auxmode.com\/pt\/"},{"@type":"ListItem","position":2,"name":"Contato"}]},{"@type":"WebSite","@id":"https:\/\/auxmode.com\/#website","url":"https:\/\/auxmode.com\/","name":"Aux Mode","description":"YouTube content monetization protection and Revenue Reporting Automation.","inLanguage":"pt-PT"}]}},"_links":{"self":[{"href":"https:\/\/auxmode.com\/pt\/wp-json\/wp\/v2\/pages\/25925","targetHints":{"allow":["GET"]}}],"collection":[{"href":"https:\/\/auxmode.com\/pt\/wp-json\/wp\/v2\/pages"}],"about":[{"href":"https:\/\/auxmode.com\/pt\/wp-json\/wp\/v2\/types\/page"}],"author":[{"embeddable":true,"href":"https:\/\/auxmode.com\/pt\/wp-json\/wp\/v2\/users\/1"}],"replies":[{"embeddable":true,"href":"https:\/\/auxmode.com\/pt\/wp-json\/wp\/v2\/comments?post=25925"}],"version-history":[{"count":3,"href":"https:\/\/auxmode.com\/pt\/wp-json\/wp\/v2\/pages\/25925\/revisions"}],"predecessor-version":[{"id":26230,"href":"https:\/\/auxmode.com\/pt\/wp-json\/wp\/v2\/pages\/25925\/revisions\/26230"}],"wp:attachment":[{"href":"https:\/\/auxmode.com\/pt\/wp-json\/wp\/v2\/media?parent=25925"}],"curies":[{"name":"wp","href":"https:\/\/api.w.org\/{rel}","templated":true}]}}