{"id":25922,"date":"2021-11-15T06:36:47","date_gmt":"2021-11-15T06:36:47","guid":{"rendered":"https:\/\/auxmode.com\/pricing\/"},"modified":"2024-05-12T07:33:07","modified_gmt":"2024-05-12T07:33:07","slug":"precos","status":"publish","type":"page","link":"https:\/\/auxmode.com\/pt\/precos\/","title":{"rendered":"Pre\u00e7os"},"content":{"rendered":"<div id=\"pl-gb25922-69ebbab94cb22\"  class=\"panel-layout\" ><div class=\"container\"><div id=\"pg-gb25922-69ebbab94cb22-0\"  class=\"panel-grid panel-has-style row\" ><div class=\"hero lighter siteorigin-panels-stretch panel-row-style panel-row-style-for-gb25922-69ebbab94cb22-0\" data-stretch-type=\"full\" ><div id=\"pgc-gb25922-69ebbab94cb22-0-0\"  class=\"panel-grid-cell panel-grid-cell-mobile-last 69ebbab94cb22-5 flip col-md-12\" ><div class=\"hero-left panel-cell-style panel-cell-style-for-gb25922-69ebbab94cb22-0-0\" ><div id=\"panel-gb25922-69ebbab94cb22-0-0-0\" class=\"so-panel widget widget_black-studio-tinymce widget_black_studio_tinymce panel-first-child panel-last-child\" data-index=\"0\" ><div class=\"entry-content textwidget\"><h1>Pre\u00e7os da Aux Mode<\/h1>\n<\/div><\/div><\/div><\/div><div id=\"pgc-gb25922-69ebbab94cb22-0-1\"  class=\"panel-grid-cell panel-grid-cell-empty 69ebbab94cb22-5 flip col-md-12\" ><div class=\"hero-right panel-cell-style panel-cell-style-for-gb25922-69ebbab94cb22-0-1\" ><\/div><\/div><\/div><\/div><\/div><div class=\"container\"><div id=\"pg-gb25922-69ebbab94cb22-1\"  class=\"panel-grid panel-has-style row\" ><div class=\"auxmode-pricing-table siteorigin-panels-stretch panel-row-style panel-row-style-for-gb25922-69ebbab94cb22-1\" data-stretch-type=\"full\" ><div id=\"pgc-gb25922-69ebbab94cb22-1-0\"  class=\"panel-grid-cell panel-grid-cell-empty 69ebbab94cb22-6 flip col-md-12\" ><\/div><div id=\"pgc-gb25922-69ebbab94cb22-1-1\"  class=\"panel-grid-cell 69ebbab94cb22-6 flip col-md-12\" ><div id=\"panel-gb25922-69ebbab94cb22-1-1-0\" class=\"so-panel widget widget_graphene_pricing_table graphene_pricing_table panel-first-child panel-last-child\" data-index=\"1\" >\t\t\t<div class=\"pricing-table\">\r\n            \t            \t\t<div class=\"price-package price-package-69ebbab94cd86\">\r\n            \t\t\t<style type=\"text\/css\">flat.pricing-table .price-package-69ebbab94cd86 {background: #ffffff; border-color: ; color: #4a474b}.pricing-table .price-package-69ebbab94cd86 .highlight {background: #1c5fa5; color: }<\/style>\r\n            \t\t\t<div class=\"details\">\r\n            \t\t\t\t\r\n            \t\t\t\t<h3 class=\"title\">Relat\u00f3rios de Receita<\/h3>\r\n            \t\t\t\t<div class=\"price\">\r\n            \t\t\t\t\t<div class=\"pre-price-label\">A partir de<\/div>\r\n            \t\t\t\t\t<div class=\"value\">$1,000<\/div>\r\n            \t\t\t\t\t<div class=\"unit\">\/m\u00eas<\/div>\r\n            \t\t\t\t<\/div>\r\n            \t\t\t\t<p class=\"cta\">\r\n            \t\t\t\t\t            \t\t\t\t\t<a href=\"#process-buynow\" class=\"btn btn-lg\" data-price-id=\"price_1OkKzIBZNmNSP9uDNyOdl6m5\" data-price-recurring=\"yes\">\r\n            \t\t\t\t\t\tCompre Agora        \t\t\t\t\t\t<\/a>\r\n\r\n        \t\t\t\t\t\t\t            \t\t\t\t\t\t            \t\t\t\t\t<a href=\"https:\/\/auxmode.com\/pt\/contato\/\" class=\"btn btn-lg btn-outline\" >\r\n\t            \t\t\t\t\t\tSaiba Mais\t        \t\t\t\t\t\t<\/a>\r\n\t            \t\t\t\t            \t\t\t\t<\/p>\r\n            \t\t\t<\/div>\r\n\r\n            \t\t\t<div class=\"features\">\r\n            \t\t\t\t<ul>\n<li>Relat\u00f3rios Mensais de Receita<\/li>\n<li>CModelos de Relat\u00f3rio Personalizados<\/li>\n<li>Seguran\u00e7a e Gerenciamento<\/li>\n<li>Per Channel<\/li>\n<\/ul>\n            \t\t\t<\/div>\r\n            \t\t<\/div>\r\n            \t            \t\t<div class=\"price-package price-package-69ebbab94cdb5 has-highlight\">\r\n            \t\t\t<style type=\"text\/css\">flat.pricing-table .price-package-69ebbab94cd86 {background: #ffffff; border-color: ; color: #4a474b}.pricing-table .price-package-69ebbab94cd86 .highlight {background: #1c5fa5; color: }.pricing-table .price-package-69ebbab94cdb5 {background: transparent; border-color: #3b78e7; color: #4a474b}.pricing-table .price-package-69ebbab94cdb5 .highlight {background: #3b78e7; color: }<\/style>\r\n            \t\t\t<div class=\"details\">\r\n            \t\t\t\t            \t\t\t\t\t<div class=\"highlight\">MAIS POPULAR<\/div>\r\n            \t\t\t\t\r\n            \t\t\t\t<h3 class=\"title\">Prote\u00e7\u00e3o de Conte\u00fado<\/h3>\r\n            \t\t\t\t<div class=\"price\">\r\n            \t\t\t\t\t<div class=\"pre-price-label\">A partir de<\/div>\r\n            \t\t\t\t\t<div class=\"value\">$1,500<\/div>\r\n            \t\t\t\t\t<div class=\"unit\">\/m\u00eas<\/div>\r\n            \t\t\t\t<\/div>\r\n            \t\t\t\t<p class=\"cta\">\r\n            \t\t\t\t\t            \t\t\t\t\t<a href=\"#process-buynow\" class=\"btn btn-lg\" data-price-id=\"price_1OkL1UBZNmNSP9uDcZSMJeHd\" data-price-recurring=\"yes\">\r\n            \t\t\t\t\t\tCompre Agora        \t\t\t\t\t\t<\/a>\r\n\r\n        \t\t\t\t\t\t\t            \t\t\t\t\t\t            \t\t\t\t\t<a href=\"https:\/\/auxmode.com\/pt\/contato\/\" class=\"btn btn-lg btn-outline\" >\r\n\t            \t\t\t\t\t\tSaiba Mais\t        \t\t\t\t\t\t<\/a>\r\n\t            \t\t\t\t            \t\t\t\t<\/p>\r\n            \t\t\t<\/div>\r\n\r\n            \t\t\t<div class=\"features\">\r\n            \t\t\t\t<p><em>Inclui Relat\u00f3rios de Receita, al\u00e9m de:<\/em><\/p>\n<ul>\n<li>Prote\u00e7\u00e3o de Conte\u00fado\/Gerenciamento de CID<\/li>\n<li>Gerenciamento de CMS<\/li>\n<li>Entrega de Ativos<\/li>\n<li>Per channel<\/li>\n<\/ul>\n            \t\t\t<\/div>\r\n            \t\t<\/div>\r\n            \t            \t\t<div class=\"price-package price-package-69ebbab94cdda\">\r\n            \t\t\t<style type=\"text\/css\">flat.pricing-table .price-package-69ebbab94cd86 {background: #ffffff; border-color: ; color: #4a474b}.pricing-table .price-package-69ebbab94cd86 .highlight {background: #1c5fa5; color: }.pricing-table .price-package-69ebbab94cdb5 {background: transparent; border-color: #3b78e7; color: #4a474b}.pricing-table .price-package-69ebbab94cdb5 .highlight {background: #3b78e7; color: }.pricing-table .price-package-69ebbab94cdda {background: #ffffff; border-color: #dddddd; color: #4a474b}.pricing-table .price-package-69ebbab94cdda .highlight {background: #ffffff; color: }<\/style>\r\n            \t\t\t<div class=\"details\">\r\n            \t\t\t\t\r\n            \t\t\t\t<h3 class=\"title\">Empresa<\/h3>\r\n            \t\t\t\t<div class=\"price\">\r\n            \t\t\t\t\t<div class=\"pre-price-label\">A partir de<\/div>\r\n            \t\t\t\t\t<div class=\"value\">$2,500<\/div>\r\n            \t\t\t\t\t<div class=\"unit\">\/m\u00eas<\/div>\r\n            \t\t\t\t<\/div>\r\n            \t\t\t\t<p class=\"cta\">\r\n            \t\t\t\t\t            \t\t\t\t\t<a href=\"#process-buynow\" class=\"btn btn-lg\" data-price-id=\"price_1KaBXrBZNmNSP9uDvIHNoT52\" data-price-recurring=\"yes\">\r\n            \t\t\t\t\t\tCompre Agora        \t\t\t\t\t\t<\/a>\r\n\r\n        \t\t\t\t\t\t\t            \t\t\t\t\t\t            \t\t\t\t\t<a href=\"https:\/\/auxmode.com\/pt\/contato\/\" class=\"btn btn-lg btn-outline\" >\r\n\t            \t\t\t\t\t\tSaiba Mais\t        \t\t\t\t\t\t<\/a>\r\n\t            \t\t\t\t            \t\t\t\t<\/p>\r\n            \t\t\t<\/div>\r\n\r\n            \t\t\t<div class=\"features\">\r\n            \t\t\t\t<p><em>Inclui Prote\u00e7\u00e3o de Conte\u00fado, mais:<\/em><\/p>\n<ul>\n<li>Conex\u00e3o API\/CMS<\/li>\n<li>Estrat\u00e9gia de Streaming<\/li>\n<li>Painel de Relat\u00f3rios<\/li>\n<li>Relat\u00f3rios Mensais Ilimitados<\/li>\n<li>Per CMS<\/li>\n<\/ul>\n            \t\t\t<\/div>\r\n            \t\t<\/div>\r\n            \t            \t\t<div class=\"price-package price-package-69ebbab94cdff\">\r\n            \t\t\t<style type=\"text\/css\">flat.pricing-table .price-package-69ebbab94cd86 {background: #ffffff; border-color: ; color: #4a474b}.pricing-table .price-package-69ebbab94cd86 .highlight {background: #1c5fa5; color: }.pricing-table .price-package-69ebbab94cdb5 {background: transparent; border-color: #3b78e7; color: #4a474b}.pricing-table .price-package-69ebbab94cdb5 .highlight {background: #3b78e7; color: }.pricing-table .price-package-69ebbab94cdda {background: #ffffff; border-color: #dddddd; color: #4a474b}.pricing-table .price-package-69ebbab94cdda .highlight {background: #ffffff; color: }.pricing-table .price-package-69ebbab94cdff {background: #ffffff; border-color: #dddddd; color: #4a474b}.pricing-table .price-package-69ebbab94cdff .highlight {background: #4F2D69; color: }<\/style>\r\n            \t\t\t<div class=\"details\">\r\n            \t\t\t\t\r\n            \t\t\t\t<h3 class=\"title\">Auditoria\/Forma\u00e7\u00e3o em CMS<\/h3>\r\n            \t\t\t\t<div class=\"price\">\r\n            \t\t\t\t\t<div class=\"pre-price-label\">A partir de<\/div>\r\n            \t\t\t\t\t<div class=\"value\">$5,000<\/div>\r\n            \t\t\t\t\t<div class=\"unit\">Pre\u00e7o Fixo<\/div>\r\n            \t\t\t\t<\/div>\r\n            \t\t\t\t<p class=\"cta\">\r\n            \t\t\t\t\t            \t\t\t\t\t<a href=\"https:\/\/auxmode.com\/pt\/contato\/\" class=\"btn btn-lg\" >\r\n            \t\t\t\t\t\tCompre Agora        \t\t\t\t\t\t<\/a>\r\n\r\n        \t\t\t\t\t\t\t            \t\t\t\t\t\t            \t\t\t\t\t<a href=\"https:\/\/auxmode.com\/pt\/contato\/\" class=\"btn btn-lg btn-outline\" >\r\n\t            \t\t\t\t\t\tSaiba Mais\t        \t\t\t\t\t\t<\/a>\r\n\t            \t\t\t\t            \t\t\t\t<\/p>\r\n            \t\t\t<\/div>\r\n\r\n            \t\t\t<div class=\"features\">\r\n            \t\t\t\t<p><em>Dispon\u00edvel para titulares de direitos que gerenciam um CMS do YouTube<\/em><\/p>\n<ul>\n<li>Revis\u00e3o de Propriedade de Ativos<\/li>\n<li>Revis\u00e3o de Direitos\/Licenciamento<\/li>\n<li>Revis\u00e3o do Processo de CID<\/li>\n<li>Relat\u00f3rio de Auditoria do CMS<\/li>\n<li>Limpeza do CMS<\/li>\n<li>Treinamento em CMS<\/li>\n<\/ul>\n            \t\t\t<\/div>\r\n            \t\t<\/div>\r\n            \t            <\/div>\r\n\t\t<\/div><\/div><\/div><\/div><\/div><div class=\"container\"><div id=\"pg-gb25922-69ebbab94cb22-2\"  class=\"panel-grid panel-has-style row\" ><div class=\"price-packages-feature-list panel-row-style panel-row-style-for-gb25922-69ebbab94cb22-2\" ><div id=\"pgc-gb25922-69ebbab94cb22-2-0\"  class=\"panel-grid-cell 69ebbab94cb22-7 flip col-md-12\" ><div class=\"panel-cell-style panel-cell-style-for-gb25922-69ebbab94cb22-2-0\" ><div id=\"panel-gb25922-69ebbab94cb22-2-0-0\" class=\"so-panel widget widget_black-studio-tinymce widget_black_studio_tinymce panel-first-child panel-last-child\" data-index=\"2\" ><div class=\"panel-widget-style panel-widget-style-for-gb25922-69ebbab94cb22-2-0-0\" ><div class=\"entry-content textwidget\">\n<table id=\"tablepress-51\" class=\"tablepress tablepress-id-51 price-packages-features\">\n<thead>\n<tr class=\"row-1\">\n\t<td class=\"column-1\"><\/td><th class=\"column-2\"><span>Relat\u00f3rios de Receita<\/span><\/th><th class=\"column-3\"><span>Prote\u00e7\u00e3o de Conte\u00fado<\/span><\/th><th class=\"column-4\"><span>Empresa<\/span><\/th><th class=\"column-5\"><span>Auditoria e Treinamento em CMS<\/span><\/th>\n<\/tr>\n<\/thead>\n<tbody class=\"row-striping\">\n<tr class=\"row-2\">\n\t<td class=\"column-1\">Relat\u00f3rios de Receita<\/td><td class=\"column-2\"><span class=\"material-icons\">done<\/span><\/td><td class=\"column-3\"><span class=\"material-icons\">done<\/span><\/td><td class=\"column-4\"><span class=\"material-icons\">done<\/span><\/td><td class=\"column-5\"><span class=\"material-icons\">done<\/span><\/td>\n<\/tr>\n<tr class=\"row-3\">\n\t<td class=\"column-1\">Revis\u00e3o de IDs Personalizados<\/td><td class=\"column-2\"><span class=\"material-icons\">done<\/span><\/td><td class=\"column-3\"><span class=\"material-icons\">done<\/span><\/td><td class=\"column-4\"><span class=\"material-icons\">done<\/span><\/td><td class=\"column-5\"><span class=\"material-icons\">done<\/span><\/td>\n<\/tr>\n<tr class=\"row-4\">\n\t<td class=\"column-1\">Seguran\u00e7a de Dados<\/td><td class=\"column-2\"><span class=\"material-icons\">done<\/span><\/td><td class=\"column-3\"><span class=\"material-icons\">done<\/span><\/td><td class=\"column-4\"><span class=\"material-icons\">done<\/span><\/td><td class=\"column-5\"><span class=\"material-icons\">done<\/span><\/td>\n<\/tr>\n<tr class=\"row-5\">\n\t<td class=\"column-1\">Verifica\u00e7\u00e3o de Direitos Territoriais<\/td><td class=\"column-2\"><span class=\"material-icons\">done<\/span><\/td><td class=\"column-3\"><span class=\"material-icons\">done<\/span><\/td><td class=\"column-4\"><span class=\"material-icons\">done<\/span><\/td><td class=\"column-5\"><span class=\"material-icons\">done<\/span><\/td>\n<\/tr>\n<tr class=\"row-6\">\n\t<td class=\"column-1\">Revis\u00e3o de Monetiza\u00e7\u00e3o de Conte\u00fado<\/td><td class=\"column-2\"><span class=\"material-icons\">done<\/span><\/td><td class=\"column-3\"><span class=\"material-icons\">done<\/span><\/td><td class=\"column-4\"><span class=\"material-icons\">done<\/span><\/td><td class=\"column-5\"><span class=\"material-icons\">done<\/span><\/td>\n<\/tr>\n<tr class=\"row-7\">\n\t<td class=\"column-1\">Gest\u00e3o de Canais<\/td><td class=\"column-2\"><\/td><td class=\"column-3\"><span class=\"material-icons\">done<\/span><\/td><td class=\"column-4\"><span class=\"material-icons\">done<\/span><\/td><td class=\"column-5\"><\/td>\n<\/tr>\n<tr class=\"row-8\">\n\t<td class=\"column-1\">Gest\u00e3o de CMS<\/td><td class=\"column-2\"><\/td><td class=\"column-3\"><span class=\"material-icons\">done<\/span><\/td><td class=\"column-4\"><span class=\"material-icons\">done<\/span><\/td><td class=\"column-5\"><\/td>\n<\/tr>\n<tr class=\"row-9\">\n\t<td class=\"column-1\">Prote\u00e7\u00e3o de Conte\u00fado\/Gerenciamento de CID<\/td><td class=\"column-2\"><\/td><td class=\"column-3\"><span class=\"material-icons\">done<\/span><\/td><td class=\"column-4\"><span class=\"material-icons\">done<\/span><\/td><td class=\"column-5\"><\/td>\n<\/tr>\n<tr class=\"row-10\">\n\t<td class=\"column-1\">Resolu\u00e7\u00e3o de Disputas de Direitos Autorais<\/td><td class=\"column-2\"><\/td><td class=\"column-3\"><span class=\"material-icons\">done<\/span><\/td><td class=\"column-4\"><span class=\"material-icons\">done<\/span><\/td><td class=\"column-5\"><\/td>\n<\/tr>\n<tr class=\"row-11\">\n\t<td class=\"column-1\">Gerenciamento de Reclama\u00e7\u00f5es Potenciais<\/td><td class=\"column-2\"><\/td><td class=\"column-3\"><span class=\"material-icons\">done<\/span><\/td><td class=\"column-4\"><span class=\"material-icons\">done<\/span><\/td><td class=\"column-5\"><\/td>\n<\/tr>\n<tr class=\"row-12\">\n\t<td class=\"column-1\">Entrega de Ativos<\/td><td class=\"column-2\"><\/td><td class=\"column-3\"><span class=\"material-icons\">done<\/span><\/td><td class=\"column-4\"><span class=\"material-icons\">done<\/span><\/td><td class=\"column-5\"><\/td>\n<\/tr>\n<tr class=\"row-13\">\n\t<td class=\"column-1\">Estrat\u00e9gia de Crescimento do Canal<\/td><td class=\"column-2\"><\/td><td class=\"column-3\"><\/td><td class=\"column-4\"><span class=\"material-icons\">done<\/span><\/td><td class=\"column-5\"><\/td>\n<\/tr>\n<tr class=\"row-14\">\n\t<td class=\"column-1\">Gest\u00e3o de Canais<\/td><td class=\"column-2\"><\/td><td class=\"column-3\"><\/td><td class=\"column-4\"><span class=\"material-icons\">done<\/span><\/td><td class=\"column-5\"><\/td>\n<\/tr>\n<tr class=\"row-15\">\n\t<td class=\"column-1\">Otimiza\u00e7\u00e3o de An\u00fancios do YouTube<\/td><td class=\"column-2\"><\/td><td class=\"column-3\"><\/td><td class=\"column-4\"><span class=\"material-icons\">done<\/span><\/td><td class=\"column-5\"><span class=\"material-icons\">done<\/span><\/td>\n<\/tr>\n<tr class=\"row-16\">\n\t<td class=\"column-1\">Consultoria em M\u00eddia de Streaming<\/td><td class=\"column-2\"><\/td><td class=\"column-3\"><span class=\"material-icons\">done<\/span><\/td><td class=\"column-4\"><span class=\"material-icons\">done<\/span><\/td><td class=\"column-5\"><\/td>\n<\/tr>\n<tr class=\"row-17\">\n\t<td class=\"column-1\">Auditoria de CMS<\/td><td class=\"column-2\"><\/td><td class=\"column-3\"><\/td><td class=\"column-4\"><\/td><td class=\"column-5\"><span class=\"material-icons\">done<\/span><\/td>\n<\/tr>\n<tr class=\"row-18\">\n\t<td class=\"column-1\">Relat\u00f3rio de Auditoria de CMS<\/td><td class=\"column-2\"><\/td><td class=\"column-3\"><\/td><td class=\"column-4\"><\/td><td class=\"column-5\"><span class=\"material-icons\">done<\/span><\/td>\n<\/tr>\n<tr class=\"row-19\">\n\t<td class=\"column-1\">Revis\u00e3o de Pol\u00edticas, Propriedade e Arquivos de Refer\u00eancia do CMS<\/td><td class=\"column-2\"><\/td><td class=\"column-3\"><\/td><td class=\"column-4\"><\/td><td class=\"column-5\"><span class=\"material-icons\">done<\/span><\/td>\n<\/tr>\n<tr class=\"row-20\">\n\t<td class=\"column-1\">Auditoria de Licenciamento\/Direitos<\/td><td class=\"column-2\"><\/td><td class=\"column-3\"><\/td><td class=\"column-4\"><\/td><td class=\"column-5\"><span class=\"material-icons\">done<\/span><\/td>\n<\/tr>\n<tr class=\"row-21\">\n\t<td class=\"column-1\">Auditoria de Licenciamento\/Conte\u00fado<\/td><td class=\"column-2\"><\/td><td class=\"column-3\"><\/td><td class=\"column-4\"><\/td><td class=\"column-5\"><span class=\"material-icons\">done<\/span><\/td>\n<\/tr>\n<tr class=\"row-22\">\n\t<td class=\"column-1\">Plano de A\u00e7\u00e3o para Otimiza\u00e7\u00e3o do CMS<\/td><td class=\"column-2\"><\/td><td class=\"column-3\"><\/td><td class=\"column-4\"><\/td><td class=\"column-5\"><span class=\"material-icons\">done<\/span><\/td>\n<\/tr>\n<tr class=\"row-23\">\n\t<td class=\"column-1\">Treinamento em CMS<\/td><td class=\"column-2\"><\/td><td class=\"column-3\"><\/td><td class=\"column-4\"><\/td><td class=\"column-5\"><span class=\"material-icons\">done<\/span><\/td>\n<\/tr>\n<tr class=\"row-24\">\n\t<td class=\"column-1\">Transfer\u00eancia de Canal do YouTube para CMS<\/td><td class=\"column-2\"><\/td><td class=\"column-3\"><\/td><td class=\"column-4\"><span class=\"material-icons\">done<\/span><\/td><td class=\"column-5\"><\/td>\n<\/tr>\n<tr class=\"row-25\">\n\t<td class=\"column-1\">Conex\u00e3o API\/CMS<\/td><td class=\"column-2\"><\/td><td class=\"column-3\"><\/td><td class=\"column-4\"><span class=\"material-icons\">done<\/span><\/td><td class=\"column-5\"><span class=\"material-icons\">done<\/span><\/td>\n<\/tr>\n<tr class=\"row-26\">\n\t<td class=\"column-1\">Painel de Relat\u00f3rios Interativo<\/td><td class=\"column-2\"><\/td><td class=\"column-3\"><\/td><td class=\"column-4\"><span class=\"material-icons\">done<\/span><\/td><td class=\"column-5\"><span class=\"material-icons\">done<\/span><\/td>\n<\/tr>\n<tr class=\"row-27\">\n\t<td class=\"column-1\">Controles de Pol\u00edtica Baseada em Grupo<\/td><td class=\"column-2\"><\/td><td class=\"column-3\"><\/td><td class=\"column-4\"><span class=\"material-icons\">done<\/span><\/td><td class=\"column-5\"><span class=\"material-icons\">done<\/span><\/td>\n<\/tr>\n<tr class=\"row-28\">\n\t<td class=\"column-1\">Programa de Prote\u00e7\u00e3o\/Seguran\u00e7a Avan\u00e7ada<\/td><td class=\"column-2\"><\/td><td class=\"column-3\"><\/td><td class=\"column-4\"><span class=\"material-icons\">done<\/span><\/td><td class=\"column-5\"><span class=\"material-icons\">done<\/span><\/td>\n<\/tr>\n<\/tbody>\n<\/table>\n<!-- #tablepress-51 from cache --><\/div><\/div><\/div><\/div><\/div><\/div><\/div><\/div><\/div>","protected":false},"excerpt":{"rendered":"<p>Pre\u00e7os da Aux Mode flat.pricing-table .price-package-69ebbab94f824 {background: #ffffff; border-color: ; color: #4a474b}.pricing-table .price-package-69ebbab94f824 .highlight {background: #1c5fa5; color: } Relat\u00f3rios de Receita A partir de $1,000 \/m\u00eas <\/p>\n<p class=\"cta\"> Compre Agora Saiba Mais <\/p>\n<ul>\n<li>Relat\u00f3rios Mensais de Receita<\/li>\n<li>CModelos de Relat\u00f3rio Personalizados<\/li>\n<li>Seguran\u00e7a e Gerenciamento<\/li>\n<li>Per Channel<\/li>\n<\/ul>\n<p> flat.pricing-table .price-package-69ebbab94f824 {background: #ffffff; border-color: ; color: &hellip; <\/p>\n<p><a class=\"more-link btn\" href=\"https:\/\/auxmode.com\/pt\/precos\/\">Continue a ler<\/a><\/p>\n","protected":false},"author":1,"featured_media":0,"parent":0,"menu_order":0,"comment_status":"closed","ping_status":"closed","template":"","meta":{"_acf_changed":false,"amp_status":"","footnotes":""},"class_list":["post-25922","page","type-page","status-publish","hentry","nodate","item-wrap"],"acf":[],"yoast_head":"<!-- This site is optimized with the Yoast SEO plugin v27.4 - https:\/\/yoast.com\/product\/yoast-seo-wordpress\/ -->\n<title>Pre\u00e7os do YouTube para Relat\u00f3rios de Receita, Prote\u00e7\u00e3o de Conte\u00fado, Empresas e Auditoria\/Forma\u00e7\u00e3o de CMS<\/title>\n<meta name=\"description\" content=\"Nossos planos flex\u00edveis fornecem relat\u00f3rios de receita, prote\u00e7\u00e3o de conte\u00fado, e auditoria e forma\u00e7\u00e3o do CMS.\" \/>\n<meta name=\"robots\" content=\"index, follow, max-snippet:-1, max-image-preview:large, max-video-preview:-1\" \/>\n<link rel=\"canonical\" href=\"https:\/\/auxmode.com\/pt\/precos\/\" \/>\n<meta property=\"og:locale\" content=\"pt_PT\" \/>\n<meta property=\"og:type\" content=\"article\" \/>\n<meta property=\"og:title\" content=\"Pre\u00e7os do YouTube para Relat\u00f3rios de Receita, Prote\u00e7\u00e3o de Conte\u00fado, Empresas e Auditoria\/Forma\u00e7\u00e3o de CMS\" \/>\n<meta property=\"og:description\" content=\"Nossos planos flex\u00edveis fornecem relat\u00f3rios de receita, prote\u00e7\u00e3o de conte\u00fado, e auditoria e forma\u00e7\u00e3o do CMS.\" \/>\n<meta property=\"og:url\" content=\"https:\/\/auxmode.com\/pt\/precos\/\" \/>\n<meta property=\"og:site_name\" content=\"Aux Mode\" \/>\n<meta property=\"article:modified_time\" content=\"2024-05-12T07:33:07+00:00\" \/>\n<meta name=\"twitter:card\" content=\"summary_large_image\" \/>\n<meta name=\"twitter:label1\" content=\"Tempo estimado de leitura\" \/>\n\t<meta name=\"twitter:data1\" content=\"1 minuto\" \/>\n<script type=\"application\/ld+json\" class=\"yoast-schema-graph\">{\"@context\":\"https:\\\/\\\/schema.org\",\"@graph\":[{\"@type\":\"WebPage\",\"@id\":\"https:\\\/\\\/auxmode.com\\\/pt\\\/precos\\\/\",\"url\":\"https:\\\/\\\/auxmode.com\\\/pt\\\/precos\\\/\",\"name\":\"Pre\u00e7os do YouTube para Relat\u00f3rios de Receita, Prote\u00e7\u00e3o de Conte\u00fado, Empresas e Auditoria\\\/Forma\u00e7\u00e3o de CMS\",\"isPartOf\":{\"@id\":\"https:\\\/\\\/auxmode.com\\\/#website\"},\"datePublished\":\"2021-11-15T06:36:47+00:00\",\"dateModified\":\"2024-05-12T07:33:07+00:00\",\"description\":\"Nossos planos flex\u00edveis fornecem relat\u00f3rios de receita, prote\u00e7\u00e3o de conte\u00fado, e auditoria e forma\u00e7\u00e3o do CMS.\",\"breadcrumb\":{\"@id\":\"https:\\\/\\\/auxmode.com\\\/pt\\\/precos\\\/#breadcrumb\"},\"inLanguage\":\"pt-PT\",\"potentialAction\":[{\"@type\":\"ReadAction\",\"target\":[\"https:\\\/\\\/auxmode.com\\\/pt\\\/precos\\\/\"]}]},{\"@type\":\"BreadcrumbList\",\"@id\":\"https:\\\/\\\/auxmode.com\\\/pt\\\/precos\\\/#breadcrumb\",\"itemListElement\":[{\"@type\":\"ListItem\",\"position\":1,\"name\":\"Home\",\"item\":\"https:\\\/\\\/auxmode.com\\\/pt\\\/\"},{\"@type\":\"ListItem\",\"position\":2,\"name\":\"Pre\u00e7os\"}]},{\"@type\":\"WebSite\",\"@id\":\"https:\\\/\\\/auxmode.com\\\/#website\",\"url\":\"https:\\\/\\\/auxmode.com\\\/\",\"name\":\"Aux Mode\",\"description\":\"YouTube content monetization protection and Revenue Reporting Automation.\",\"inLanguage\":\"pt-PT\"}]}<\/script>\n<!-- \/ Yoast SEO plugin. -->","yoast_head_json":{"title":"Pre\u00e7os do YouTube para Relat\u00f3rios de Receita, Prote\u00e7\u00e3o de Conte\u00fado, Empresas e Auditoria\/Forma\u00e7\u00e3o de CMS","description":"Nossos planos flex\u00edveis fornecem relat\u00f3rios de receita, prote\u00e7\u00e3o de conte\u00fado, e auditoria e forma\u00e7\u00e3o do CMS.","robots":{"index":"index","follow":"follow","max-snippet":"max-snippet:-1","max-image-preview":"max-image-preview:large","max-video-preview":"max-video-preview:-1"},"canonical":"https:\/\/auxmode.com\/pt\/precos\/","og_locale":"pt_PT","og_type":"article","og_title":"Pre\u00e7os do YouTube para Relat\u00f3rios de Receita, Prote\u00e7\u00e3o de Conte\u00fado, Empresas e Auditoria\/Forma\u00e7\u00e3o de CMS","og_description":"Nossos planos flex\u00edveis fornecem relat\u00f3rios de receita, prote\u00e7\u00e3o de conte\u00fado, e auditoria e forma\u00e7\u00e3o do CMS.","og_url":"https:\/\/auxmode.com\/pt\/precos\/","og_site_name":"Aux Mode","article_modified_time":"2024-05-12T07:33:07+00:00","twitter_card":"summary_large_image","twitter_misc":{"Tempo estimado de leitura":"1 minuto"},"schema":{"@context":"https:\/\/schema.org","@graph":[{"@type":"WebPage","@id":"https:\/\/auxmode.com\/pt\/precos\/","url":"https:\/\/auxmode.com\/pt\/precos\/","name":"Pre\u00e7os do YouTube para Relat\u00f3rios de Receita, Prote\u00e7\u00e3o de Conte\u00fado, Empresas e Auditoria\/Forma\u00e7\u00e3o de CMS","isPartOf":{"@id":"https:\/\/auxmode.com\/#website"},"datePublished":"2021-11-15T06:36:47+00:00","dateModified":"2024-05-12T07:33:07+00:00","description":"Nossos planos flex\u00edveis fornecem relat\u00f3rios de receita, prote\u00e7\u00e3o de conte\u00fado, e auditoria e forma\u00e7\u00e3o do CMS.","breadcrumb":{"@id":"https:\/\/auxmode.com\/pt\/precos\/#breadcrumb"},"inLanguage":"pt-PT","potentialAction":[{"@type":"ReadAction","target":["https:\/\/auxmode.com\/pt\/precos\/"]}]},{"@type":"BreadcrumbList","@id":"https:\/\/auxmode.com\/pt\/precos\/#breadcrumb","itemListElement":[{"@type":"ListItem","position":1,"name":"Home","item":"https:\/\/auxmode.com\/pt\/"},{"@type":"ListItem","position":2,"name":"Pre\u00e7os"}]},{"@type":"WebSite","@id":"https:\/\/auxmode.com\/#website","url":"https:\/\/auxmode.com\/","name":"Aux Mode","description":"YouTube content monetization protection and Revenue Reporting Automation.","inLanguage":"pt-PT"}]}},"_links":{"self":[{"href":"https:\/\/auxmode.com\/pt\/wp-json\/wp\/v2\/pages\/25922","targetHints":{"allow":["GET"]}}],"collection":[{"href":"https:\/\/auxmode.com\/pt\/wp-json\/wp\/v2\/pages"}],"about":[{"href":"https:\/\/auxmode.com\/pt\/wp-json\/wp\/v2\/types\/page"}],"author":[{"embeddable":true,"href":"https:\/\/auxmode.com\/pt\/wp-json\/wp\/v2\/users\/1"}],"replies":[{"embeddable":true,"href":"https:\/\/auxmode.com\/pt\/wp-json\/wp\/v2\/comments?post=25922"}],"version-history":[{"count":3,"href":"https:\/\/auxmode.com\/pt\/wp-json\/wp\/v2\/pages\/25922\/revisions"}],"predecessor-version":[{"id":26402,"href":"https:\/\/auxmode.com\/pt\/wp-json\/wp\/v2\/pages\/25922\/revisions\/26402"}],"wp:attachment":[{"href":"https:\/\/auxmode.com\/pt\/wp-json\/wp\/v2\/media?parent=25922"}],"curies":[{"name":"wp","href":"https:\/\/api.w.org\/{rel}","templated":true}]}}