{"id":25848,"date":"2024-03-10T03:37:50","date_gmt":"2024-03-10T03:37:50","guid":{"rendered":"https:\/\/auxmode.com\/?page_id=25848"},"modified":"2024-05-12T06:44:16","modified_gmt":"2024-05-12T06:44:16","slug":"front-page","status":"publish","type":"page","link":"https:\/\/auxmode.com\/pt\/","title":{"rendered":"Front Page"},"content":{"rendered":"<div id=\"pl-gb25848-69e2afe03c255\"  class=\"panel-layout\" ><div class=\"container\"><div id=\"pg-gb25848-69e2afe03c255-0\"  class=\"panel-grid panel-no-style row\" ><div id=\"pgc-gb25848-69e2afe03c255-0-0\"  class=\"panel-grid-cell 69e2afe03c255-11 flip col-md-12\" ><div id=\"panel-gb25848-69e2afe03c255-0-0-0\" class=\"widget_text so-panel widget widget_custom_html panel-first-child panel-last-child\" data-index=\"0\" ><div class=\"textwidget custom-html-widget\"><h2 class=\"col-md-12\" style=\"margin-bottom:1em;font-weight:bold;\">Se voc\u00ea possui conte\u00fado, temos as respostas para sua plataforma de streaming.<\/h2>\n<div class=\"col-md-6 left\">\n\t<ul class=\"usp-list\" style=\"margin-bottom:1em;\">\n\t\t<li class=\"usp-item\">\n\t\t\t<div class=\"icon\"><i class=\"fa fa-check\"><\/i><\/div>\n\t\t\t<div class=\"usp-content\">\n\t\t\t\t<h4>Monetiza Seu Conte\u00fado<\/h4>\n\t\t\t\t<p>Monetize seu conte\u00fado em plataformas de streaming. Obtenha rendimentos online rapidamente!<\/p>\n\t\t\t<\/div>\n\t\t<\/li>\n\n\t\t<li class=\"usp-item\">\n\t\t\t<div class=\"icon\"><i class=\"fa fa-check\"><\/i><\/div>\n\t\t\t<div class=\"usp-content\">\n\t\t\t\t<h4>Prote\u00e7\u00e3o de Conte\u00fado<\/h4>\n\t\t\t\t<p>\n\t\t\t\t\tGarantindo sua prote\u00e7\u00e3o contra o uso indevido de conte\u00fado em plataformas de streaming.\n\t\t\t\t<\/p>\n\t\t\t<\/div>\n\t\t<\/li>\n\n\t\t<li class=\"usp-item\">\n\t\t\t<div class=\"icon\"><i class=\"fa fa-check\"><\/i><\/div>\n\t\t\t<div class=\"usp-content\">\n\t\t\t\t<h4>Crescimento do Canal<\/h4>\n\t\t\t\t<p>\n\t\t\t\t\tTrabalhe com especialistas da ind\u00fastria para criar fluxos de rendimentos AVOD lucrativos.\n\t\t\t\t<\/p>\n\t\t\t<\/div>\n\t\t<\/li>\n\n\t\t<li class=\"usp-item\">\n\t\t\t<div class=\"icon\"><i class=\"fa fa-check\"><\/i><\/div>\n\t\t\t<div class=\"usp-content\">\n\t\t\t\t<h4>Automa\u00e7\u00e3o de Relat\u00f3rios de Rendimentos <\/h4>\n\t\t\t\t<p>\n\t\t\t\t\tRelat\u00f3rios de rendimentos mensais automatizados, Tchau Excel!\n\t\t\t\t<\/p>\n\t\t\t<\/div>\n\t\t<\/li>\n\n\t\t<li class=\"usp-item\">\n\t\t\t<div class=\"icon\"><i class=\"fa fa-check\"><\/i><\/div>\n\t\t\t<div class=\"usp-content\">\n\t\t\t\t<h4>Auditoria e Capacita\u00e7\u00e3o de CMS<\/h4>\n\t\t\t\t<p>\n\t\t\t\t\tServi\u00e7os de auditoria de CMS para m\u00fasica e v\u00eddeos do YouTube.\n\t\t\t\t<\/p>\n\t\t\t<\/div>\n\t\t<\/li>\n\t<\/ul>\n\n\t<p><a class=\"btn\" href=\"https:\/\/auxmode.com\/pt\/produtos\/\">Come\u00e7ar<\/a><\/p>\n<\/div>\n\n<div class=\"col-md-6 right\" style=\"margin-top: 15px;\">\n\t<div class=\"hytPlayerWrapOuter\">\n\t\t<div class=\"hytPlayerWrap\"> \n\t\t\t<div class=\"yt-embed-placeholder\" data-src=\"https:\/\/www.youtube.com\/embed\/rAhfClv5Izw?controls=0&#038;modestbranding=1&#038;color=white&#038;iv_load_policy=3&#038;rel=0&#038;enablejsapi=1\" data-width=\"560\" data-height=\"312\" data-id=\"ytplayer\">\n\t\t\t\t<img decoding=\"async\" src=\"https:\/\/auxmode.com\/wp-content\/themes\/auxmode\/images\/yt-auxmode-front-page.jpg\" width=\"560\" height=\"312\" alt=\"\" \/>\n\t\t\t\t<a href=\"#\"><i class=\"fa fa-youtube-play\"><\/i><\/a>\n\t\t\t<\/div>\n\t\t<\/div>\n\t<\/div> \n<\/div><\/div><\/div><\/div><\/div><\/div><div class=\"container\"><div id=\"pg-gb25848-69e2afe03c255-1\"  class=\"panel-grid panel-has-style row\" ><div class=\"hero siteorigin-panels-stretch panel-row-style panel-row-style-for-gb25848-69e2afe03c255-1\" data-stretch-type=\"full\" ><div id=\"pgc-gb25848-69e2afe03c255-1-0\"  class=\"panel-grid-cell 69e2afe03c255-12 flip col-md-12\" ><div class=\"hero-left panel-cell-style panel-cell-style-for-gb25848-69e2afe03c255-1-0\" ><div id=\"panel-gb25848-69e2afe03c255-1-0-0\" class=\"so-panel widget widget_sow-editor panel-first-child panel-last-child\" data-index=\"1\" ><div class=\"so-widget-sow-editor so-widget-sow-editor-base\">\n<div class=\"siteorigin-widget-tinymce textwidget\">\n\t<h1>Monetiza Seu V\u00eddeos<\/h1>\n<p>Fornecemos prote\u00e7\u00e3o de conte\u00fado, monetiza\u00e7\u00e3o de conte\u00fado, relat\u00f3rios financeiros de plataformas de streaming para est\u00fadios, distribuidores, produtores, ind\u00fastria musical, TV, cinema e marcas.<\/p>\n<p><a class=\"btn btn-primary\" href=\"https:\/\/auxmode.com\/pt\/servicos\/\">Saiba mais<\/a><\/p>\n<\/div>\n<\/div><\/div><\/div><\/div><div id=\"pgc-gb25848-69e2afe03c255-1-1\"  class=\"panel-grid-cell 69e2afe03c255-12 flip col-md-12\" ><div class=\"hero-right panel-cell-style panel-cell-style-for-gb25848-69e2afe03c255-1-1\" ><div id=\"panel-gb25848-69e2afe03c255-1-1-0\" class=\"so-panel widget widget_media_image panel-first-child panel-last-child\" data-index=\"2\" ><img decoding=\"async\" width=\"600\" height=\"251\" src=\"https:\/\/auxmode.com\/wp-content\/uploads\/2023\/01\/rights-management-1.png\" class=\"image wp-image-22273  attachment-full size-full\" alt=\"YouTube Digital rights management\" style=\"max-width: 100%; height: auto;\" srcset=\"https:\/\/auxmode.com\/wp-content\/uploads\/2023\/01\/rights-management-1.png 600w, https:\/\/auxmode.com\/wp-content\/uploads\/2023\/01\/rights-management-1-300x126.png 300w\" sizes=\"(max-width: 600px) 100vw, 600px\" \/><\/div><\/div><\/div><\/div><\/div><\/div><div class=\"container\"><div id=\"pg-gb25848-69e2afe03c255-2\"  class=\"panel-grid panel-has-style row\" ><div class=\"highlights siteorigin-panels-stretch panel-row-style panel-row-style-for-gb25848-69e2afe03c255-2\" data-stretch-type=\"full\" ><div id=\"pgc-gb25848-69e2afe03c255-2-0\"  class=\"panel-grid-cell 69e2afe03c255-13 flip col-md-12\" ><div id=\"panel-gb25848-69e2afe03c255-2-0-0\" class=\"widget_text so-panel widget widget_custom_html panel-first-child\" data-index=\"3\" ><div class=\"textwidget custom-html-widget\"><div class=\"highlights-box\">\n\t<div class=\"orange\">\n\t\t<h3>Prote\u00e7\u00e3o de Conte\u00fado<\/h3>\n\t\t<p>N\u00f3s nos especializamos em coleta, relat\u00f3rios, distribui\u00e7\u00e3o e prote\u00e7\u00e3o de propriedade intelectual. Gerando rendimentos de streaming a partir da sua biblioteca de conte\u00fado.<\/p>\n\t\t<p class=\"footlink\"><a href=\"https:\/\/auxmode.com\/pt\/produtos\/\">Saiba mais<\/a><\/p>\n\t\t<a class=\"link-overlay\" href=\"https:\/\/auxmode.com\/pt\/produtos\/\">&nbsp;<\/a>\n\t<\/div>\n<\/div><\/div><\/div><div id=\"panel-gb25848-69e2afe03c255-2-0-1\" class=\"widget_text so-panel widget widget_custom_html panel-last-child\" data-index=\"4\" ><div class=\"textwidget custom-html-widget\"><div class=\"highlights-box\">\n<div class=\"blue\">\n\t<h3>Auditoria do CMS no Youtube <\/h3>\n\t<p>Basta fazer upload dos relat\u00f3rios selecionados do seu YouTube CMS, e nosso sistema produzir\u00e1 um relat\u00f3rio e pontos de a\u00e7\u00e3o para voc\u00ea implementar.<\/p>\n\t<p class=\"footlink\"><a href=\"https:\/\/auxmode.com\/pt\/produtos\/cms-audit\/\">Saiba mais<\/a><\/p>\n\t<a class=\"link-overlay\" href=\"https:\/\/auxmode.com\/pt\/produtos\/cms-audit\/\">&nbsp;<\/a>\n<\/div>\n<\/div><\/div><\/div><\/div><div id=\"pgc-gb25848-69e2afe03c255-2-1\"  class=\"panel-grid-cell 69e2afe03c255-13 flip col-md-12\" ><div id=\"panel-gb25848-69e2afe03c255-2-1-0\" class=\"widget_text so-panel widget widget_custom_html panel-first-child\" data-index=\"5\" ><div class=\"textwidget custom-html-widget\"><div class=\"highlights-box\">\n<div class=\"purple\">\n\t<h3>Automa\u00e7\u00e3o de Relat\u00f3rios de Rendimentos<\/h3>\n\t<p>Temos uma ferramenta pr\u00f3pia de relat\u00f3rios para elabora\u00e7\u00e3o de relat\u00f3rios concisos por programa, por temporada, criando efici\u00eancias significativas para departamentos cont\u00e1beis.<\/p>\n\t<p class=\"footlink\"><a href=\"https:\/\/auxmode.com\/pt\/produtos\/informes-ingresos\/\">Saiba mais<\/a><\/p>\n\t<a class=\"link-overlay\" href=\"https:\/\/auxmode.com\/pt\/produtos\/informes-ingresos\/\">&nbsp;<\/a>\n<\/div>\n<\/div><\/div><\/div><div id=\"panel-gb25848-69e2afe03c255-2-1-1\" class=\"widget_text so-panel widget widget_custom_html panel-last-child\" data-index=\"6\" ><div class=\"textwidget custom-html-widget\"><div class=\"highlights-box\">\n<div class=\"green\">\n\t<h3>Monetiza\u00e7\u00e3o de Conte\u00fado<\/h3>\n\t<p>&#8220;Monetize seu conte\u00fado em plataformas de streaming. Revise e aumente a monetiza\u00e7\u00e3o do seu canal do YouTube com an\u00fancios.<\/p>\n\t<p class=\"footlink\"><a href=\"https:\/\/auxmode.com\/pt\/contato\/\">Saiba mais<\/a><\/p>\n\t<a class=\"link-overlay\" href=\"https:\/\/auxmode.com\/pt\/contato\/\">&nbsp;<\/a>\n<\/div>\n<\/div><\/div><\/div><\/div><\/div><\/div><\/div><div class=\"container\"><div id=\"pg-gb25848-69e2afe03c255-3\"  class=\"panel-grid panel-has-style row\" ><div class=\"homepage-row homepage-boxes colored siteorigin-panels-stretch panel-row-style panel-row-style-for-gb25848-69e2afe03c255-3\" data-stretch-type=\"full\" ><div id=\"pgc-gb25848-69e2afe03c255-3-0\"  class=\"panel-grid-cell 69e2afe03c255-14 flip col-md-12\" ><div class=\"box panel-cell-style panel-cell-style-for-gb25848-69e2afe03c255-3-0\" ><div id=\"panel-gb25848-69e2afe03c255-3-0-0\" class=\"so-panel widget widget_sow-editor panel-first-child panel-last-child\" data-index=\"7\" ><div class=\"so-widget-sow-editor so-widget-sow-editor-base\">\n<div class=\"siteorigin-widget-tinymce textwidget\">\n\t<p><img decoding=\"async\" class=\"size-full\" src=\"https:\/\/auxmode.com\/wp-content\/themes\/auxmode\/images\/icons\/payment_50x50.png\" width=\"50\" height=\"50\" \/><\/p>\n<h4 class=\"box-title\"><span data-sheets-root=\"1\" data-sheets-value=\"{&quot;1&quot;:2,&quot;2&quot;:&quot;Automa\u00e7\u00e3o de Processamento de Pagamentos&quot;}\" data-sheets-userformat=\"{&quot;2&quot;:6401,&quot;3&quot;:{&quot;1&quot;:0,&quot;3&quot;:1},&quot;11&quot;:4,&quot;14&quot;:{&quot;1&quot;:3,&quot;3&quot;:1},&quot;15&quot;:&quot;Arial&quot;}\">Automa\u00e7\u00e3o de Processamento de Pagamentos<\/span><\/h4>\n<p><span data-sheets-root=\"1\" data-sheets-value=\"{&quot;1&quot;:2,&quot;2&quot;:&quot;Reduza as complexidades de faturamento para distribuidores, produtores e taxas sindicais para garantir um processo de pagamento sem problemas. N\u00e3o ser\u00e1 mais necess\u00e1rio fazer contabilidade.&quot;}\" data-sheets-userformat=\"{&quot;2&quot;:6401,&quot;3&quot;:{&quot;1&quot;:0,&quot;3&quot;:1},&quot;11&quot;:4,&quot;14&quot;:{&quot;1&quot;:3,&quot;3&quot;:1},&quot;15&quot;:&quot;Arial&quot;}\">Reduza as complexidades de faturamento para distribuidores, produtores e taxas sindicais para garantir um processo de pagamento sem problemas. N\u00e3o ser\u00e1 mais necess\u00e1rio fazer contabilidade.<\/span><\/p>\n<p><a href=\"https:\/\/auxmode.com\/pt\/produtos\/informes-ingresos\/\">Saiba mais<\/a><\/p>\n<\/div>\n<\/div><\/div><\/div><\/div><div id=\"pgc-gb25848-69e2afe03c255-3-1\"  class=\"panel-grid-cell 69e2afe03c255-14 flip col-md-12\" ><div class=\"box panel-cell-style panel-cell-style-for-gb25848-69e2afe03c255-3-1\" ><div id=\"panel-gb25848-69e2afe03c255-3-1-0\" class=\"so-panel widget widget_sow-editor panel-first-child panel-last-child\" data-index=\"8\" ><div class=\"so-widget-sow-editor so-widget-sow-editor-base\">\n<div class=\"siteorigin-widget-tinymce textwidget\">\n\t<p><img decoding=\"async\" class=\"size-full\" src=\"https:\/\/auxmode.com\/wp-content\/themes\/auxmode\/images\/icons\/Theft_50x50.png\" width=\"50\" height=\"50\" \/><\/p>\n<h4 class=\"box-title\">Bloqueie o roubo de conte\u00fado<\/h4>\n<p>Proteja seu conte\u00fado contra uso indevido online. Aux Mode bloqueia toda a pirataria para garantir que seu canal seja o \u00fanico destino para visualizar seu conte\u00fado.<\/p>\n<p><a href=\"https:\/\/auxmode.com\/pt\/produtos\/proteccioncontenido\/\">Saiba mais<\/a><\/p>\n<\/div>\n<\/div><\/div><\/div><\/div><div id=\"pgc-gb25848-69e2afe03c255-3-2\"  class=\"panel-grid-cell 69e2afe03c255-14 flip col-md-12\" ><div class=\"box panel-cell-style panel-cell-style-for-gb25848-69e2afe03c255-3-2\" ><div id=\"panel-gb25848-69e2afe03c255-3-2-0\" class=\"so-panel widget widget_sow-editor panel-first-child panel-last-child\" data-index=\"9\" ><div class=\"so-widget-sow-editor so-widget-sow-editor-base\">\n<div class=\"siteorigin-widget-tinymce textwidget\">\n\t<p><img decoding=\"async\" class=\"size-full\" src=\"https:\/\/auxmode.com\/wp-content\/themes\/auxmode\/images\/icons\/Streaming_50x50.png\" width=\"50\" height=\"50\" \/><\/p>\n<h4 class=\"box-title\">Descubra insights<\/h4>\n<p>Descubra insights que podem ajud\u00e1-lo a entender o ecossistema de v\u00eddeos online, an\u00e1lises de v\u00eddeos e canais, e a aprender que conte\u00fado criar em seguida.<\/p>\n<p><a href=\"https:\/\/auxmode.com\/pt\/contato\/\">Saiba mais<\/a><\/p>\n<\/div>\n<\/div><\/div><\/div><\/div><\/div><\/div><\/div><div class=\"container\"><div id=\"pg-gb25848-69e2afe03c255-4\"  class=\"panel-grid panel-has-style row\" ><div class=\"hero bg-white siteorigin-panels-stretch panel-row-style panel-row-style-for-gb25848-69e2afe03c255-4\" data-stretch-type=\"full\" ><div id=\"pgc-gb25848-69e2afe03c255-4-0\"  class=\"panel-grid-cell 69e2afe03c255-15 flip col-md-12\" ><div class=\"hero-left panel-cell-style panel-cell-style-for-gb25848-69e2afe03c255-4-0\" ><div id=\"panel-gb25848-69e2afe03c255-4-0-0\" class=\"so-panel widget widget_sow-editor panel-first-child panel-last-child\" data-index=\"10\" ><div class=\"so-widget-sow-editor so-widget-sow-editor-base\">\n<div class=\"siteorigin-widget-tinymce textwidget\">\n\t<h2>Conjunto de Ferramentas Gratuitas<\/h2>\n<p>Me\u00e7a o sucesso nas suas redes sociais por receita, visualiza\u00e7\u00f5es ou tempo de visualiza\u00e7\u00e3o.<\/p>\n<p><a class=\"btn btn-primary\" href=\"https:\/\/auxmode.com\/pt\/suite-de-ferramentas-gratuitas\/\">Ferramentas Gratuitas<\/a><\/p>\n<\/div>\n<\/div><\/div><\/div><\/div><div id=\"pgc-gb25848-69e2afe03c255-4-1\"  class=\"panel-grid-cell 69e2afe03c255-15 flip col-md-12\" ><div class=\"hero-right panel-cell-style panel-cell-style-for-gb25848-69e2afe03c255-4-1\" ><div id=\"panel-gb25848-69e2afe03c255-4-1-0\" class=\"so-panel widget widget_media_image panel-first-child panel-last-child\" data-index=\"11\" ><img decoding=\"async\" width=\"300\" height=\"116\" src=\"https:\/\/auxmode.com\/wp-content\/uploads\/2021\/06\/Calculators_socialmedia-300x116.png\" class=\"image wp-image-14920 aligncenter attachment-medium size-medium\" alt=\"\" style=\"max-width: 100%; height: auto;\" srcset=\"https:\/\/auxmode.com\/wp-content\/uploads\/2021\/06\/Calculators_socialmedia-300x116.png 300w, https:\/\/auxmode.com\/wp-content\/uploads\/2021\/06\/Calculators_socialmedia.png 426w\" sizes=\"(max-width: 300px) 100vw, 300px\" \/><\/div><\/div><\/div><\/div><\/div><\/div><div class=\"container\"><div id=\"pg-gb25848-69e2afe03c255-5\"  class=\"panel-grid panel-has-style row\" ><div class=\"cta colored siteorigin-panels-stretch panel-row-style panel-row-style-for-gb25848-69e2afe03c255-5\" data-stretch-type=\"full\" ><div id=\"pgc-gb25848-69e2afe03c255-5-0\"  class=\"panel-grid-cell 69e2afe03c255-16 flip col-md-12\" ><div id=\"panel-gb25848-69e2afe03c255-5-0-0\" class=\"so-panel widget widget_sow-editor panel-first-child panel-last-child\" data-index=\"12\" ><div class=\"so-widget-sow-editor so-widget-sow-editor-base\">\n<div class=\"siteorigin-widget-tinymce textwidget\">\n\t<h3 style=\"text-align: center;\">Pronto para Parar o Uso Indevido de Conte\u00fado e Gerar Receita?<\/h3>\n<p style=\"text-align: center;\"><a class=\"btn btn-primary\" href=\"https:\/\/auxmode.com\/pt\/contato\/\"><span data-sheets-root=\"1\" data-sheets-value=\"{&quot;1&quot;:2,&quot;2&quot;:&quot;Come\u00e7ar&quot;}\" data-sheets-userformat=\"{&quot;2&quot;:6401,&quot;3&quot;:{&quot;1&quot;:0,&quot;3&quot;:1},&quot;11&quot;:4,&quot;14&quot;:{&quot;1&quot;:3,&quot;3&quot;:1},&quot;15&quot;:&quot;Arial&quot;}\">Come\u00e7ar<\/span><\/a><\/p>\n<\/div>\n<\/div><\/div><\/div><\/div><\/div><\/div><\/div>","protected":false},"excerpt":{"rendered":"<p>Se voc\u00ea possui conte\u00fado, temos as respostas para sua plataforma de streaming. <\/p>\n<ul class=\"usp-list\" style=\"margin-bottom:1em;\">\n<li class=\"usp-item\"> Monetiza Seu Conte\u00fado\n<p>Monetize seu conte\u00fado em plataformas de streaming. Obtenha rendimentos online rapidamente!<\/p>\n<\/li>\n<li class=\"usp-item\"> Prote\u00e7\u00e3o de Conte\u00fado\n<p> Garantindo sua prote\u00e7\u00e3o contra o uso indevido de conte\u00fado em plataformas de streaming. <\/p>\n<\/li>\n<li class=\"usp-item\"> &hellip;\n<p><a class=\"more-link btn\" href=\"https:\/\/auxmode.com\/pt\/\">Continue a ler<\/a><\/p>\n<\/li>\n<\/ul>\n","protected":false},"author":1,"featured_media":0,"parent":0,"menu_order":0,"comment_status":"closed","ping_status":"closed","template":"","meta":{"_acf_changed":false,"amp_status":"","footnotes":""},"class_list":["post-25848","page","type-page","status-publish","hentry","nodate","item-wrap"],"acf":[],"yoast_head":"<!-- This site is optimized with the Yoast SEO plugin v27.4 - https:\/\/yoast.com\/product\/yoast-seo-wordpress\/ -->\n<title>Aux Mode<\/title>\n<meta name=\"robots\" content=\"index, follow, max-snippet:-1, max-image-preview:large, max-video-preview:-1\" \/>\n<link rel=\"canonical\" href=\"https:\/\/auxmode.com\/pt\/\" \/>\n<meta property=\"og:locale\" content=\"pt_PT\" \/>\n<meta property=\"og:type\" content=\"article\" \/>\n<meta property=\"og:title\" content=\"Aux Mode\" \/>\n<meta property=\"og:description\" content=\"Se voc\u00ea possui conte\u00fado, temos as respostas para sua plataforma de streaming.  Monetiza Seu Conte\u00fado Monetize seu conte\u00fado em plataformas de streaming. Obtenha rendimentos online rapidamente!  Prote\u00e7\u00e3o de Conte\u00fado Garantindo sua prote\u00e7\u00e3o contra o uso indevido de conte\u00fado em plataformas de streaming.  &hellip; Continue a ler\" \/>\n<meta property=\"og:url\" content=\"https:\/\/auxmode.com\/pt\/\" \/>\n<meta property=\"og:site_name\" content=\"Aux Mode\" \/>\n<meta property=\"article:modified_time\" content=\"2024-05-12T06:44:16+00:00\" \/>\n<meta property=\"og:image\" content=\"https:\/\/auxmode.com\/wp-content\/themes\/auxmode\/images\/yt-auxmode-front-page.jpg\" \/>\n<meta name=\"twitter:card\" content=\"summary_large_image\" \/>\n<meta name=\"twitter:label1\" content=\"Tempo estimado de leitura\" \/>\n\t<meta name=\"twitter:data1\" content=\"3 minutos\" \/>\n<script type=\"application\/ld+json\" class=\"yoast-schema-graph\">{\"@context\":\"https:\\\/\\\/schema.org\",\"@graph\":[{\"@type\":\"WebPage\",\"@id\":\"https:\\\/\\\/auxmode.com\\\/pt\\\/\",\"url\":\"https:\\\/\\\/auxmode.com\\\/pt\\\/\",\"name\":\"Aux Mode\",\"isPartOf\":{\"@id\":\"https:\\\/\\\/auxmode.com\\\/#website\"},\"primaryImageOfPage\":{\"@id\":\"https:\\\/\\\/auxmode.com\\\/pt\\\/#primaryimage\"},\"image\":{\"@id\":\"https:\\\/\\\/auxmode.com\\\/pt\\\/#primaryimage\"},\"thumbnailUrl\":\"https:\\\/\\\/auxmode.com\\\/wp-content\\\/themes\\\/auxmode\\\/images\\\/yt-auxmode-front-page.jpg\",\"datePublished\":\"2024-03-10T03:37:50+00:00\",\"dateModified\":\"2024-05-12T06:44:16+00:00\",\"breadcrumb\":{\"@id\":\"https:\\\/\\\/auxmode.com\\\/pt\\\/#breadcrumb\"},\"inLanguage\":\"pt-PT\",\"potentialAction\":[{\"@type\":\"ReadAction\",\"target\":[\"https:\\\/\\\/auxmode.com\\\/pt\\\/\"]}]},{\"@type\":\"ImageObject\",\"inLanguage\":\"pt-PT\",\"@id\":\"https:\\\/\\\/auxmode.com\\\/pt\\\/#primaryimage\",\"url\":\"https:\\\/\\\/auxmode.com\\\/wp-content\\\/themes\\\/auxmode\\\/images\\\/yt-auxmode-front-page.jpg\",\"contentUrl\":\"https:\\\/\\\/auxmode.com\\\/wp-content\\\/themes\\\/auxmode\\\/images\\\/yt-auxmode-front-page.jpg\"},{\"@type\":\"BreadcrumbList\",\"@id\":\"https:\\\/\\\/auxmode.com\\\/pt\\\/#breadcrumb\",\"itemListElement\":[{\"@type\":\"ListItem\",\"position\":1,\"name\":\"Home\",\"item\":\"https:\\\/\\\/auxmode.com\\\/pt\\\/\"},{\"@type\":\"ListItem\",\"position\":2,\"name\":\"Front Page\"}]},{\"@type\":\"WebSite\",\"@id\":\"https:\\\/\\\/auxmode.com\\\/#website\",\"url\":\"https:\\\/\\\/auxmode.com\\\/\",\"name\":\"Aux Mode\",\"description\":\"YouTube content monetization protection and Revenue Reporting Automation.\",\"inLanguage\":\"pt-PT\"}]}<\/script>\n<!-- \/ Yoast SEO plugin. -->","yoast_head_json":{"title":"Aux Mode","robots":{"index":"index","follow":"follow","max-snippet":"max-snippet:-1","max-image-preview":"max-image-preview:large","max-video-preview":"max-video-preview:-1"},"canonical":"https:\/\/auxmode.com\/pt\/","og_locale":"pt_PT","og_type":"article","og_title":"Aux Mode","og_description":"Se voc\u00ea possui conte\u00fado, temos as respostas para sua plataforma de streaming.  Monetiza Seu Conte\u00fado Monetize seu conte\u00fado em plataformas de streaming. Obtenha rendimentos online rapidamente!  Prote\u00e7\u00e3o de Conte\u00fado Garantindo sua prote\u00e7\u00e3o contra o uso indevido de conte\u00fado em plataformas de streaming.  &hellip; Continue a ler","og_url":"https:\/\/auxmode.com\/pt\/","og_site_name":"Aux Mode","article_modified_time":"2024-05-12T06:44:16+00:00","og_image":[{"url":"https:\/\/auxmode.com\/wp-content\/themes\/auxmode\/images\/yt-auxmode-front-page.jpg","type":"","width":"","height":""}],"twitter_card":"summary_large_image","twitter_misc":{"Tempo estimado de leitura":"3 minutos"},"schema":{"@context":"https:\/\/schema.org","@graph":[{"@type":"WebPage","@id":"https:\/\/auxmode.com\/pt\/","url":"https:\/\/auxmode.com\/pt\/","name":"Aux Mode","isPartOf":{"@id":"https:\/\/auxmode.com\/#website"},"primaryImageOfPage":{"@id":"https:\/\/auxmode.com\/pt\/#primaryimage"},"image":{"@id":"https:\/\/auxmode.com\/pt\/#primaryimage"},"thumbnailUrl":"https:\/\/auxmode.com\/wp-content\/themes\/auxmode\/images\/yt-auxmode-front-page.jpg","datePublished":"2024-03-10T03:37:50+00:00","dateModified":"2024-05-12T06:44:16+00:00","breadcrumb":{"@id":"https:\/\/auxmode.com\/pt\/#breadcrumb"},"inLanguage":"pt-PT","potentialAction":[{"@type":"ReadAction","target":["https:\/\/auxmode.com\/pt\/"]}]},{"@type":"ImageObject","inLanguage":"pt-PT","@id":"https:\/\/auxmode.com\/pt\/#primaryimage","url":"https:\/\/auxmode.com\/wp-content\/themes\/auxmode\/images\/yt-auxmode-front-page.jpg","contentUrl":"https:\/\/auxmode.com\/wp-content\/themes\/auxmode\/images\/yt-auxmode-front-page.jpg"},{"@type":"BreadcrumbList","@id":"https:\/\/auxmode.com\/pt\/#breadcrumb","itemListElement":[{"@type":"ListItem","position":1,"name":"Home","item":"https:\/\/auxmode.com\/pt\/"},{"@type":"ListItem","position":2,"name":"Front Page"}]},{"@type":"WebSite","@id":"https:\/\/auxmode.com\/#website","url":"https:\/\/auxmode.com\/","name":"Aux Mode","description":"YouTube content monetization protection and Revenue Reporting Automation.","inLanguage":"pt-PT"}]}},"_links":{"self":[{"href":"https:\/\/auxmode.com\/pt\/wp-json\/wp\/v2\/pages\/25848","targetHints":{"allow":["GET"]}}],"collection":[{"href":"https:\/\/auxmode.com\/pt\/wp-json\/wp\/v2\/pages"}],"about":[{"href":"https:\/\/auxmode.com\/pt\/wp-json\/wp\/v2\/types\/page"}],"author":[{"embeddable":true,"href":"https:\/\/auxmode.com\/pt\/wp-json\/wp\/v2\/users\/1"}],"replies":[{"embeddable":true,"href":"https:\/\/auxmode.com\/pt\/wp-json\/wp\/v2\/comments?post=25848"}],"version-history":[{"count":7,"href":"https:\/\/auxmode.com\/pt\/wp-json\/wp\/v2\/pages\/25848\/revisions"}],"predecessor-version":[{"id":26385,"href":"https:\/\/auxmode.com\/pt\/wp-json\/wp\/v2\/pages\/25848\/revisions\/26385"}],"wp:attachment":[{"href":"https:\/\/auxmode.com\/pt\/wp-json\/wp\/v2\/media?parent=25848"}],"curies":[{"name":"wp","href":"https:\/\/api.w.org\/{rel}","templated":true}]}}