{"id":567,"date":"2014-12-09T22:36:13","date_gmt":"2014-12-09T22:36:13","guid":{"rendered":"https:\/\/auxmode.com\/?page_id=567"},"modified":"2014-12-09T22:36:13","modified_gmt":"2014-12-09T22:36:13","slug":"el-equipo-de-trabajo","status":"publish","type":"page","link":"https:\/\/auxmode.com\/es\/el-equipo-de-trabajo\/","title":{"rendered":"El Equipo de Trabajo"},"content":{"rendered":"<h4 style=\"text-align: center;\"><strong>El Equipo de Auxiliary Mode<\/strong><\/h4>\n<p>En Aux Mode nuestro equipo esta conformado por personas innovadoras y con experiencia que han demostrado ser exitosas a trav\u00e9s de sus logros.<\/p>\n<p><strong>Quienes trabajan en Aux mode?<\/strong><\/p>\n<p>Unete a nuestro equipo de lideres pensadores y creadores revolucionarios expertos con experiencia en el mundo de los contenidos de video en linea. Si usted trabaja en Aux Mode, no puedes estar asustado cuando tomas riesgos- nuestro equipo no esta asustado de fracaso. nos otros aprendemos de nuestros errores y siempre terminamos con un final exitoso.<\/p>\n<p>Aux Mode es un equipo \u2013 Nuestros miembros comparten un objetivo en comun en todos nuestros proyectos y iniciativas empresariales. Ellos colaboran aportando lo major de cada uno para crear una fuerza conjunta conocida como Aux Mode. Somos un equipo de individuos comprometidos y impulsados a ofrecerle los mejores resultados para su contenido.<img decoding=\"async\" class=\"alignright wp-image-307\" src=\"https:\/\/auxmode.com\/wp-content\/uploads\/2014\/04\/head_shotalr.jpg\" alt=\"head_shotalr\" width=\"100\" height=\"100\" \/><\/p>\n<p><strong>Director Ejecutivo y Fundador Adam Rumanek<\/strong><br \/>\nAdam Rumanek es un empresario y programador de internet con mas de 20 anos de experiencia. Ha sido dise\u00f1ador de sitios web desde 1995 y ha trabajado con entidades gubernamentales, ONG y empresas de todos los tama\u00f1os en todo el mundo ayud\u00e1ndoles a tener un sitio en el internet.<\/p>\n","protected":false},"excerpt":{"rendered":"<p>El Equipo de Auxiliary Mode <\/p>\n<p>En Aux Mode nuestro equipo esta conformado por personas innovadoras y con experiencia que han demostrado ser exitosas a trav\u00e9s de sus logros.<\/p>\n<p>Quienes trabajan en Aux mode?<\/p>\n<p>Unete a nuestro equipo de lideres pensadores y creadores revolucionarios expertos con experiencia en el mundo de los contenidos de video en &hellip; <\/p>\n<p><a class=\"more-link btn\" href=\"https:\/\/auxmode.com\/es\/el-equipo-de-trabajo\/\">Seguir leyendo<\/a><\/p>\n","protected":false},"author":1,"featured_media":0,"parent":0,"menu_order":0,"comment_status":"closed","ping_status":"closed","template":"","meta":{"_acf_changed":false,"amp_status":"","footnotes":""},"class_list":["post-567","page","type-page","status-publish","hentry","nodate","item-wrap"],"acf":[],"yoast_head":"<!-- This site is optimized with the Yoast SEO plugin v27.4 - https:\/\/yoast.com\/product\/yoast-seo-wordpress\/ -->\n<title>El Equipo de Trabajo - Aux Mode<\/title>\n<meta name=\"robots\" content=\"index, follow, max-snippet:-1, max-image-preview:large, max-video-preview:-1\" \/>\n<link rel=\"canonical\" href=\"https:\/\/auxmode.com\/es\/el-equipo-de-trabajo\/\" \/>\n<meta property=\"og:locale\" content=\"es_ES\" \/>\n<meta property=\"og:type\" content=\"article\" \/>\n<meta property=\"og:title\" content=\"El Equipo de Trabajo - Aux Mode\" \/>\n<meta property=\"og:description\" content=\"El Equipo de Auxiliary Mode En Aux Mode nuestro equipo esta conformado por personas innovadoras y con experiencia que han demostrado ser exitosas a trav\u00e9s de sus logros. Quienes trabajan en Aux mode? Unete a nuestro equipo de lideres pensadores y creadores revolucionarios expertos con experiencia en el mundo de los contenidos de video en &hellip; Seguir leyendo\" \/>\n<meta property=\"og:url\" content=\"https:\/\/auxmode.com\/es\/el-equipo-de-trabajo\/\" \/>\n<meta property=\"og:site_name\" content=\"Aux Mode\" \/>\n<meta property=\"og:image\" content=\"https:\/\/auxmode.com\/wp-content\/uploads\/2014\/04\/head_shotalr.jpg\" \/>\n<meta name=\"twitter:card\" content=\"summary_large_image\" \/>\n<meta name=\"twitter:label1\" content=\"Tiempo de lectura\" \/>\n\t<meta name=\"twitter:data1\" content=\"1 minuto\" \/>\n<script type=\"application\/ld+json\" class=\"yoast-schema-graph\">{\"@context\":\"https:\\\/\\\/schema.org\",\"@graph\":[{\"@type\":\"WebPage\",\"@id\":\"https:\\\/\\\/auxmode.com\\\/es\\\/el-equipo-de-trabajo\\\/\",\"url\":\"https:\\\/\\\/auxmode.com\\\/es\\\/el-equipo-de-trabajo\\\/\",\"name\":\"El Equipo de Trabajo - Aux Mode\",\"isPartOf\":{\"@id\":\"https:\\\/\\\/auxmode.com\\\/#website\"},\"primaryImageOfPage\":{\"@id\":\"https:\\\/\\\/auxmode.com\\\/es\\\/el-equipo-de-trabajo\\\/#primaryimage\"},\"image\":{\"@id\":\"https:\\\/\\\/auxmode.com\\\/es\\\/el-equipo-de-trabajo\\\/#primaryimage\"},\"thumbnailUrl\":\"https:\\\/\\\/auxmode.com\\\/wp-content\\\/uploads\\\/2014\\\/04\\\/head_shotalr.jpg\",\"datePublished\":\"2014-12-09T22:36:13+00:00\",\"breadcrumb\":{\"@id\":\"https:\\\/\\\/auxmode.com\\\/es\\\/el-equipo-de-trabajo\\\/#breadcrumb\"},\"inLanguage\":\"es\",\"potentialAction\":[{\"@type\":\"ReadAction\",\"target\":[\"https:\\\/\\\/auxmode.com\\\/es\\\/el-equipo-de-trabajo\\\/\"]}]},{\"@type\":\"ImageObject\",\"inLanguage\":\"es\",\"@id\":\"https:\\\/\\\/auxmode.com\\\/es\\\/el-equipo-de-trabajo\\\/#primaryimage\",\"url\":\"https:\\\/\\\/auxmode.com\\\/wp-content\\\/uploads\\\/2014\\\/04\\\/head_shotalr.jpg\",\"contentUrl\":\"https:\\\/\\\/auxmode.com\\\/wp-content\\\/uploads\\\/2014\\\/04\\\/head_shotalr.jpg\"},{\"@type\":\"BreadcrumbList\",\"@id\":\"https:\\\/\\\/auxmode.com\\\/es\\\/el-equipo-de-trabajo\\\/#breadcrumb\",\"itemListElement\":[{\"@type\":\"ListItem\",\"position\":1,\"name\":\"Home\",\"item\":\"https:\\\/\\\/auxmode.com\\\/es\\\/\"},{\"@type\":\"ListItem\",\"position\":2,\"name\":\"El Equipo de Trabajo\"}]},{\"@type\":\"WebSite\",\"@id\":\"https:\\\/\\\/auxmode.com\\\/#website\",\"url\":\"https:\\\/\\\/auxmode.com\\\/\",\"name\":\"Aux Mode\",\"description\":\"YouTube content monetization protection and Revenue Reporting Automation.\",\"inLanguage\":\"es\"}]}<\/script>\n<!-- \/ Yoast SEO plugin. -->","yoast_head_json":{"title":"El Equipo de Trabajo - Aux Mode","robots":{"index":"index","follow":"follow","max-snippet":"max-snippet:-1","max-image-preview":"max-image-preview:large","max-video-preview":"max-video-preview:-1"},"canonical":"https:\/\/auxmode.com\/es\/el-equipo-de-trabajo\/","og_locale":"es_ES","og_type":"article","og_title":"El Equipo de Trabajo - Aux Mode","og_description":"El Equipo de Auxiliary Mode En Aux Mode nuestro equipo esta conformado por personas innovadoras y con experiencia que han demostrado ser exitosas a trav\u00e9s de sus logros. Quienes trabajan en Aux mode? Unete a nuestro equipo de lideres pensadores y creadores revolucionarios expertos con experiencia en el mundo de los contenidos de video en &hellip; Seguir leyendo","og_url":"https:\/\/auxmode.com\/es\/el-equipo-de-trabajo\/","og_site_name":"Aux Mode","og_image":[{"url":"https:\/\/auxmode.com\/wp-content\/uploads\/2014\/04\/head_shotalr.jpg","type":"","width":"","height":""}],"twitter_card":"summary_large_image","twitter_misc":{"Tiempo de lectura":"1 minuto"},"schema":{"@context":"https:\/\/schema.org","@graph":[{"@type":"WebPage","@id":"https:\/\/auxmode.com\/es\/el-equipo-de-trabajo\/","url":"https:\/\/auxmode.com\/es\/el-equipo-de-trabajo\/","name":"El Equipo de Trabajo - Aux Mode","isPartOf":{"@id":"https:\/\/auxmode.com\/#website"},"primaryImageOfPage":{"@id":"https:\/\/auxmode.com\/es\/el-equipo-de-trabajo\/#primaryimage"},"image":{"@id":"https:\/\/auxmode.com\/es\/el-equipo-de-trabajo\/#primaryimage"},"thumbnailUrl":"https:\/\/auxmode.com\/wp-content\/uploads\/2014\/04\/head_shotalr.jpg","datePublished":"2014-12-09T22:36:13+00:00","breadcrumb":{"@id":"https:\/\/auxmode.com\/es\/el-equipo-de-trabajo\/#breadcrumb"},"inLanguage":"es","potentialAction":[{"@type":"ReadAction","target":["https:\/\/auxmode.com\/es\/el-equipo-de-trabajo\/"]}]},{"@type":"ImageObject","inLanguage":"es","@id":"https:\/\/auxmode.com\/es\/el-equipo-de-trabajo\/#primaryimage","url":"https:\/\/auxmode.com\/wp-content\/uploads\/2014\/04\/head_shotalr.jpg","contentUrl":"https:\/\/auxmode.com\/wp-content\/uploads\/2014\/04\/head_shotalr.jpg"},{"@type":"BreadcrumbList","@id":"https:\/\/auxmode.com\/es\/el-equipo-de-trabajo\/#breadcrumb","itemListElement":[{"@type":"ListItem","position":1,"name":"Home","item":"https:\/\/auxmode.com\/es\/"},{"@type":"ListItem","position":2,"name":"El Equipo de Trabajo"}]},{"@type":"WebSite","@id":"https:\/\/auxmode.com\/#website","url":"https:\/\/auxmode.com\/","name":"Aux Mode","description":"YouTube content monetization protection and Revenue Reporting Automation.","inLanguage":"es"}]}},"_links":{"self":[{"href":"https:\/\/auxmode.com\/es\/wp-json\/wp\/v2\/pages\/567","targetHints":{"allow":["GET"]}}],"collection":[{"href":"https:\/\/auxmode.com\/es\/wp-json\/wp\/v2\/pages"}],"about":[{"href":"https:\/\/auxmode.com\/es\/wp-json\/wp\/v2\/types\/page"}],"author":[{"embeddable":true,"href":"https:\/\/auxmode.com\/es\/wp-json\/wp\/v2\/users\/1"}],"replies":[{"embeddable":true,"href":"https:\/\/auxmode.com\/es\/wp-json\/wp\/v2\/comments?post=567"}],"version-history":[{"count":1,"href":"https:\/\/auxmode.com\/es\/wp-json\/wp\/v2\/pages\/567\/revisions"}],"predecessor-version":[{"id":568,"href":"https:\/\/auxmode.com\/es\/wp-json\/wp\/v2\/pages\/567\/revisions\/568"}],"wp:attachment":[{"href":"https:\/\/auxmode.com\/es\/wp-json\/wp\/v2\/media?parent=567"}],"curies":[{"name":"wp","href":"https:\/\/api.w.org\/{rel}","templated":true}]}}