{"id":563,"date":"2014-03-16T08:27:43","date_gmt":"2014-03-16T08:27:43","guid":{"rendered":"https:\/\/auxmode.com\/?page_id=563"},"modified":"2024-05-04T14:46:28","modified_gmt":"2024-05-04T14:46:28","slug":"contactanos","status":"publish","type":"page","link":"https:\/\/auxmode.com\/es\/contactanos\/","title":{"rendered":"Cont\u00e1ctanos"},"content":{"rendered":"<div id=\"pl-gb563-69d9029aa1b73\"  class=\"panel-layout\" ><div class=\"container\"><div id=\"pg-gb563-69d9029aa1b73-0\"  class=\"panel-grid panel-has-style row\" ><div class=\"hero lighter siteorigin-panels-stretch panel-row-style panel-row-style-for-gb563-69d9029aa1b73-0\" data-stretch-type=\"full\" ><div id=\"pgc-gb563-69d9029aa1b73-0-0\"  class=\"panel-grid-cell 69d9029aa1b73-4 flip col-md-12\" ><div class=\"hero-left panel-cell-style panel-cell-style-for-gb563-69d9029aa1b73-0-0\" ><div id=\"panel-gb563-69d9029aa1b73-0-0-0\" class=\"so-panel widget widget_sow-editor panel-first-child panel-last-child\" data-index=\"0\" ><div class=\"so-widget-sow-editor so-widget-sow-editor-base\">\n<div class=\"siteorigin-widget-tinymce textwidget\">\n\t<h1>Cont\u00e1ctanos<\/h1>\n<p>Tienes preguntas o necesitas informar sobre un problema?<\/p>\n<\/div>\n<\/div><\/div><\/div><\/div><div id=\"pgc-gb563-69d9029aa1b73-0-1\"  class=\"panel-grid-cell 69d9029aa1b73-4 flip col-md-12\" ><div class=\"hero-right panel-cell-style panel-cell-style-for-gb563-69d9029aa1b73-0-1\" ><div id=\"panel-gb563-69d9029aa1b73-0-1-0\" class=\"so-panel widget widget_media_image panel-first-child panel-last-child\" data-index=\"1\" ><img decoding=\"async\" width=\"150\" height=\"150\" src=\"https:\/\/auxmode.com\/wp-content\/uploads\/2021\/06\/ConactUs1-150x150.png\" class=\"image wp-image-14924  attachment-thumbnail size-thumbnail\" alt=\"\" style=\"max-width: 100%; height: auto;\" \/><\/div><\/div><\/div><\/div><\/div><\/div><div class=\"container\"><div id=\"pg-gb563-69d9029aa1b73-1\"  class=\"panel-grid panel-no-style row\" ><div id=\"pgc-gb563-69d9029aa1b73-1-0\"  class=\"panel-grid-cell panel-grid-cell-mobile-last 69d9029aa1b73-5 flip col-md-12\" ><div id=\"panel-gb563-69d9029aa1b73-1-0-0\" class=\"so-panel widget widget_sow-editor panel-first-child panel-last-child\" data-index=\"2\" ><div class=\"so-widget-sow-editor so-widget-sow-editor-base\">\n<div class=\"siteorigin-widget-tinymce textwidget\">\n\t<p>Gracias por tu inter\u00e9s en Aux Mode. Ayudamos a estudios, distribuidores, productores, marcas y titulares de derechos con la protecci\u00f3n de contenido y la generaci\u00f3n de informes de ingresos en plataformas de streaming. Para obtener m\u00e1s informaci\u00f3n sobre la gesti\u00f3n de derechos digitales o para consultar sobre nuestro software de generaci\u00f3n de informes de ingresos, completa el formulario a continuaci\u00f3n y nos pondremos en contacto contigo en un plazo de 24 horas.<\/p>\n<form method=\"post\" enctype=\"multipart\/form-data\" id=\"vfbp-form-11\" class=\"vfbp-form\"><div style=\"display:none;\"><label for=\"vfbp-EMAIL-AN8fuQyoDLXem\">If you are human, leave this field blank.<\/label><input size=\"25\" autocomplete=\"off\" type=\"text\" name=\"vfbp-EMAIL-AN8fuQyoDLXem\" value=\"\" id=\"\"><\/div><input type=\"hidden\" name=\"_vfb-timestamp-11\" value=\"1775829658\" id=\"\"><input type=\"hidden\" name=\"_vfb-form-id\" value=\"11\" id=\"\"><input type=\"hidden\" name=\"_vfb-token-11\" value=\"MTc3NTgyOTY1OFFYVE9GaTlGQUNxMXBoSVRCVHZsWlpmWnpBQU1DTmVW\" id=\"\"><div class=\"vfb-col-12 vfb-fieldType-text\" id=\"vfbField130\"><div class=\"vfb-form-group\"><label for=\"vfb-field-130\" class=\"vfb-control-label\">Nombre completo <span class=\"vfb-required-asterisk\">*<\/span><\/label><div><input id=\"vfb-field-130\" class=\"vfb-form-control\" placeholder=\"\" required=\"required\" type=\"text\" name=\"vfb-field-130\" value=\"\"><\/div><\/div><\/div><div class=\"vfb-clearfix\"><\/div><div class=\"vfb-col-12 vfb-fieldType-text\" id=\"vfbField131\"><div class=\"vfb-form-group\"><label for=\"vfb-field-131\" class=\"vfb-control-label\">Empresa <span class=\"vfb-required-asterisk\">*<\/span><\/label><div><input id=\"vfb-field-131\" class=\"vfb-form-control\" placeholder=\"\" required=\"required\" type=\"text\" name=\"vfb-field-131\" value=\"\"><\/div><\/div><\/div><div class=\"vfb-clearfix\"><\/div><div class=\"vfb-col-12 vfb-fieldType-email\" id=\"vfbField132\"><div class=\"vfb-form-group\"><label for=\"vfb-field-132\" class=\"vfb-control-label\">Correo electr\u00f3nico <span class=\"vfb-required-asterisk\">*<\/span><\/label><div><input id=\"vfb-field-132\" class=\"vfb-form-control\" placeholder=\"\" required=\"required\" type=\"email\" name=\"vfb-field-132\" value=\"\"><\/div><\/div><\/div><div class=\"vfb-clearfix\"><\/div><div class=\"vfb-col-12 vfb-fieldType-url\" id=\"vfbField133\"><div class=\"vfb-form-group\"><label for=\"vfb-field-133\" class=\"vfb-control-label\">URL de YouTube<\/label><div><input id=\"vfb-field-133\" class=\"vfb-form-control\" placeholder=\"\" type=\"url\" name=\"vfb-field-133\" value=\"\"><\/div><\/div><\/div><div class=\"vfb-clearfix\"><\/div><div class=\"vfb-col-12 vfb-fieldType-checkbox\" id=\"vfbField134\"><label for=\"vfb-field-134\" class=\"vfb-control-label\">Qu\u00e9 servicios est\u00e1s buscando?<\/label><div><div class=\"vfb-inline-group\"><div class=\"vfb-checkbox\"><label><input id=\"vfb-field-134-0\" class=\"\" placeholder=\"\" data-vfb-multiple=\"vfb-field-134\" type=\"checkbox\" name=\"vfb-field-134[0]\" value=\"1\">Protecci\u00f3n de contenido<\/label><\/div><div class=\"vfb-checkbox\"><label><input id=\"vfb-field-134-1\" class=\"\" placeholder=\"\" data-vfb-multiple=\"vfb-field-134\" type=\"checkbox\" name=\"vfb-field-134[1]\" value=\"1\">Monetizaci\u00f3n de contenidos<\/label><\/div><div class=\"vfb-checkbox\"><label><input id=\"vfb-field-134-2\" class=\"\" placeholder=\"\" data-vfb-multiple=\"vfb-field-134\" type=\"checkbox\" name=\"vfb-field-134[2]\" value=\"1\">Informes de ingresos<\/label><\/div><div class=\"vfb-checkbox\"><label><input id=\"vfb-field-134-3\" class=\"\" placeholder=\"\" data-vfb-multiple=\"vfb-field-134\" type=\"checkbox\" name=\"vfb-field-134[3]\" value=\"1\">Auditor\u00eda \/ Capacitaci\u00f3n CMS<\/label><\/div><\/div><\/div><\/div><div class=\"vfb-clearfix\"><\/div><div class=\"vfb-col-12 vfb-fieldType-textarea\" id=\"vfbField135\"><div class=\"vfb-form-group\"><label for=\"vfb-field-135\" class=\"vfb-control-label\">Mensaje<\/label><div><textarea id=\"vfb-field-135\" class=\"vfb-form-control\" placeholder=\"\" rows=\"4\" name=\"vfb-field-135\" cols=\"50\"><\/textarea><\/div><\/div><\/div><div class=\"vfb-clearfix\"><\/div><div class=\"vfb-col-12 vfb-fieldType-submit\" id=\"vfbField136\"><button id=\"vfb-field-136\" class=\" btn btn-primary\" placeholder=\"\" type=\"submit\" name=\"_vfb-submit\">Enviar<\/button><\/div><div class=\"vfb-clearfix\"><\/div><div class=\"vfb-col-12 vfb-fieldType-captcha\" id=\"vfbField137\"><div class=\"vfb-form-group\"><div><div class=\"g-recaptcha-v3\" data-sitekey=\"6LebYcQUAAAAAODTQLbhfRmsuEwDoNW4gf145Ews\"><\/div><input type=\"hidden\" name=\"_vfb_recaptcha_enabled\" value=\"1\" id=\"\"><input type=\"hidden\" id=\"g-recaptcha-response\" name=\"g-recaptcha-response\"><div class=\"vfb-has-error\" id=\"vfb-recaptcha-error\"><span class=\"vfb-help-block\">reCAPTCHA is required.<\/span><\/div><\/div><\/div><\/div><div class=\"vfb-clearfix\"><\/div><\/form>\n<\/div>\n<\/div><\/div><\/div><div id=\"pgc-gb563-69d9029aa1b73-1-1\"  class=\"panel-grid-cell panel-grid-cell-empty 69d9029aa1b73-5 flip col-md-12\" ><\/div><\/div><\/div><\/div>","protected":false},"excerpt":{"rendered":"<p>Cont\u00e1ctanos <\/p>\n<p>Tienes preguntas o necesitas informar sobre un problema?<\/p>\n<p>Gracias por tu inter\u00e9s en Aux Mode. Ayudamos a estudios, distribuidores, productores, marcas y titulares de derechos con la protecci\u00f3n de contenido y la generaci\u00f3n de informes de ingresos en plataformas de streaming. Para obtener m\u00e1s informaci\u00f3n sobre la gesti\u00f3n de derechos digitales o para consultar &hellip; <\/p>\n<p><a class=\"more-link btn\" href=\"https:\/\/auxmode.com\/es\/contactanos\/\">Seguir leyendo<\/a><\/p>\n","protected":false},"author":1,"featured_media":0,"parent":0,"menu_order":0,"comment_status":"closed","ping_status":"closed","template":"","meta":{"_acf_changed":false,"amp_status":"","footnotes":""},"class_list":["post-563","page","type-page","status-publish","hentry","nodate","item-wrap"],"acf":[],"yoast_head":"<!-- This site is optimized with the Yoast SEO plugin v27.3 - https:\/\/yoast.com\/product\/yoast-seo-wordpress\/ -->\n<title>Contacta con Aux Mode. Especializados en gesti\u00f3n de derechos digitales, estrategia de contenido y protecci\u00f3n de la propiedad intelectual.<\/title>\n<meta name=\"description\" content=\"Contacta a Aux Mode para la gesti\u00f3n de derechos digitales y para proteger tu contenido contra el robo en l\u00ednea.\" \/>\n<meta name=\"robots\" content=\"index, follow, max-snippet:-1, max-image-preview:large, max-video-preview:-1\" \/>\n<link rel=\"canonical\" href=\"https:\/\/auxmode.com\/es\/contactanos\/\" \/>\n<meta property=\"og:locale\" content=\"es_ES\" \/>\n<meta property=\"og:type\" content=\"article\" \/>\n<meta property=\"og:title\" content=\"Contacta con Aux Mode. Especializados en gesti\u00f3n de derechos digitales, estrategia de contenido y protecci\u00f3n de la propiedad intelectual.\" \/>\n<meta property=\"og:description\" content=\"Contacta a Aux Mode para la gesti\u00f3n de derechos digitales y para proteger tu contenido contra el robo en l\u00ednea.\" \/>\n<meta property=\"og:url\" content=\"https:\/\/auxmode.com\/es\/contactanos\/\" \/>\n<meta property=\"og:site_name\" content=\"Aux Mode\" \/>\n<meta property=\"article:modified_time\" content=\"2024-05-04T14:46:28+00:00\" \/>\n<meta property=\"og:image\" content=\"https:\/\/auxmode.com\/wp-content\/uploads\/2021\/06\/ConactUs1-150x150.png\" \/>\n<meta name=\"twitter:card\" content=\"summary_large_image\" \/>\n<meta name=\"twitter:label1\" content=\"Tiempo de lectura\" \/>\n\t<meta name=\"twitter:data1\" content=\"1 minuto\" \/>\n<script type=\"application\/ld+json\" class=\"yoast-schema-graph\">{\"@context\":\"https:\\\/\\\/schema.org\",\"@graph\":[{\"@type\":\"WebPage\",\"@id\":\"https:\\\/\\\/auxmode.com\\\/es\\\/contactanos\\\/\",\"url\":\"https:\\\/\\\/auxmode.com\\\/es\\\/contactanos\\\/\",\"name\":\"Contacta con Aux Mode. Especializados en gesti\u00f3n de derechos digitales, estrategia de contenido y protecci\u00f3n de la propiedad intelectual.\",\"isPartOf\":{\"@id\":\"https:\\\/\\\/auxmode.com\\\/#website\"},\"primaryImageOfPage\":{\"@id\":\"https:\\\/\\\/auxmode.com\\\/es\\\/contactanos\\\/#primaryimage\"},\"image\":{\"@id\":\"https:\\\/\\\/auxmode.com\\\/es\\\/contactanos\\\/#primaryimage\"},\"thumbnailUrl\":\"https:\\\/\\\/auxmode.com\\\/wp-content\\\/uploads\\\/2021\\\/06\\\/ConactUs1-150x150.png\",\"datePublished\":\"2014-03-16T08:27:43+00:00\",\"dateModified\":\"2024-05-04T14:46:28+00:00\",\"description\":\"Contacta a Aux Mode para la gesti\u00f3n de derechos digitales y para proteger tu contenido contra el robo en l\u00ednea.\",\"breadcrumb\":{\"@id\":\"https:\\\/\\\/auxmode.com\\\/es\\\/contactanos\\\/#breadcrumb\"},\"inLanguage\":\"es\",\"potentialAction\":[{\"@type\":\"ReadAction\",\"target\":[\"https:\\\/\\\/auxmode.com\\\/es\\\/contactanos\\\/\"]}]},{\"@type\":\"ImageObject\",\"inLanguage\":\"es\",\"@id\":\"https:\\\/\\\/auxmode.com\\\/es\\\/contactanos\\\/#primaryimage\",\"url\":\"https:\\\/\\\/auxmode.com\\\/wp-content\\\/uploads\\\/2021\\\/06\\\/ConactUs1-150x150.png\",\"contentUrl\":\"https:\\\/\\\/auxmode.com\\\/wp-content\\\/uploads\\\/2021\\\/06\\\/ConactUs1-150x150.png\"},{\"@type\":\"BreadcrumbList\",\"@id\":\"https:\\\/\\\/auxmode.com\\\/es\\\/contactanos\\\/#breadcrumb\",\"itemListElement\":[{\"@type\":\"ListItem\",\"position\":1,\"name\":\"Home\",\"item\":\"https:\\\/\\\/auxmode.com\\\/es\\\/\"},{\"@type\":\"ListItem\",\"position\":2,\"name\":\"Cont\u00e1ctanos\"}]},{\"@type\":\"WebSite\",\"@id\":\"https:\\\/\\\/auxmode.com\\\/#website\",\"url\":\"https:\\\/\\\/auxmode.com\\\/\",\"name\":\"Aux Mode\",\"description\":\"YouTube content monetization protection and Revenue Reporting Automation.\",\"inLanguage\":\"es\"}]}<\/script>\n<!-- \/ Yoast SEO plugin. -->","yoast_head_json":{"title":"Contacta con Aux Mode. Especializados en gesti\u00f3n de derechos digitales, estrategia de contenido y protecci\u00f3n de la propiedad intelectual.","description":"Contacta a Aux Mode para la gesti\u00f3n de derechos digitales y para proteger tu contenido contra el robo en l\u00ednea.","robots":{"index":"index","follow":"follow","max-snippet":"max-snippet:-1","max-image-preview":"max-image-preview:large","max-video-preview":"max-video-preview:-1"},"canonical":"https:\/\/auxmode.com\/es\/contactanos\/","og_locale":"es_ES","og_type":"article","og_title":"Contacta con Aux Mode. Especializados en gesti\u00f3n de derechos digitales, estrategia de contenido y protecci\u00f3n de la propiedad intelectual.","og_description":"Contacta a Aux Mode para la gesti\u00f3n de derechos digitales y para proteger tu contenido contra el robo en l\u00ednea.","og_url":"https:\/\/auxmode.com\/es\/contactanos\/","og_site_name":"Aux Mode","article_modified_time":"2024-05-04T14:46:28+00:00","og_image":[{"url":"https:\/\/auxmode.com\/wp-content\/uploads\/2021\/06\/ConactUs1-150x150.png","type":"","width":"","height":""}],"twitter_card":"summary_large_image","twitter_misc":{"Tiempo de lectura":"1 minuto"},"schema":{"@context":"https:\/\/schema.org","@graph":[{"@type":"WebPage","@id":"https:\/\/auxmode.com\/es\/contactanos\/","url":"https:\/\/auxmode.com\/es\/contactanos\/","name":"Contacta con Aux Mode. Especializados en gesti\u00f3n de derechos digitales, estrategia de contenido y protecci\u00f3n de la propiedad intelectual.","isPartOf":{"@id":"https:\/\/auxmode.com\/#website"},"primaryImageOfPage":{"@id":"https:\/\/auxmode.com\/es\/contactanos\/#primaryimage"},"image":{"@id":"https:\/\/auxmode.com\/es\/contactanos\/#primaryimage"},"thumbnailUrl":"https:\/\/auxmode.com\/wp-content\/uploads\/2021\/06\/ConactUs1-150x150.png","datePublished":"2014-03-16T08:27:43+00:00","dateModified":"2024-05-04T14:46:28+00:00","description":"Contacta a Aux Mode para la gesti\u00f3n de derechos digitales y para proteger tu contenido contra el robo en l\u00ednea.","breadcrumb":{"@id":"https:\/\/auxmode.com\/es\/contactanos\/#breadcrumb"},"inLanguage":"es","potentialAction":[{"@type":"ReadAction","target":["https:\/\/auxmode.com\/es\/contactanos\/"]}]},{"@type":"ImageObject","inLanguage":"es","@id":"https:\/\/auxmode.com\/es\/contactanos\/#primaryimage","url":"https:\/\/auxmode.com\/wp-content\/uploads\/2021\/06\/ConactUs1-150x150.png","contentUrl":"https:\/\/auxmode.com\/wp-content\/uploads\/2021\/06\/ConactUs1-150x150.png"},{"@type":"BreadcrumbList","@id":"https:\/\/auxmode.com\/es\/contactanos\/#breadcrumb","itemListElement":[{"@type":"ListItem","position":1,"name":"Home","item":"https:\/\/auxmode.com\/es\/"},{"@type":"ListItem","position":2,"name":"Cont\u00e1ctanos"}]},{"@type":"WebSite","@id":"https:\/\/auxmode.com\/#website","url":"https:\/\/auxmode.com\/","name":"Aux Mode","description":"YouTube content monetization protection and Revenue Reporting Automation.","inLanguage":"es"}]}},"_links":{"self":[{"href":"https:\/\/auxmode.com\/es\/wp-json\/wp\/v2\/pages\/563","targetHints":{"allow":["GET"]}}],"collection":[{"href":"https:\/\/auxmode.com\/es\/wp-json\/wp\/v2\/pages"}],"about":[{"href":"https:\/\/auxmode.com\/es\/wp-json\/wp\/v2\/types\/page"}],"author":[{"embeddable":true,"href":"https:\/\/auxmode.com\/es\/wp-json\/wp\/v2\/users\/1"}],"replies":[{"embeddable":true,"href":"https:\/\/auxmode.com\/es\/wp-json\/wp\/v2\/comments?post=563"}],"version-history":[{"count":7,"href":"https:\/\/auxmode.com\/es\/wp-json\/wp\/v2\/pages\/563\/revisions"}],"predecessor-version":[{"id":26368,"href":"https:\/\/auxmode.com\/es\/wp-json\/wp\/v2\/pages\/563\/revisions\/26368"}],"wp:attachment":[{"href":"https:\/\/auxmode.com\/es\/wp-json\/wp\/v2\/media?parent=563"}],"curies":[{"name":"wp","href":"https:\/\/api.w.org\/{rel}","templated":true}]}}