{"id":26447,"date":"2024-05-24T08:21:47","date_gmt":"2024-05-24T08:21:47","guid":{"rendered":"https:\/\/auxmode.com\/?page_id=26447"},"modified":"2024-05-24T08:21:50","modified_gmt":"2024-05-24T08:21:50","slug":"inspector-de-etiquetas-de-youtube","status":"publish","type":"page","link":"https:\/\/auxmode.com\/es\/herramientasgratuitas\/inspector-de-etiquetas-de-youtube\/","title":{"rendered":"Inspector de etiquetas de YouTube"},"content":{"rendered":"\n\t\t<div class=\"youtube-video-tags-extractor youtube-calculator-wrapper youtube-calculator-wrapper-boxed\">\n\n\t\t    <form class=\"youtube-calculator form-inline\" action=\"\" method=\"get\">\n\t\t        <div class=\"form-group\">\n\t\t            <label for=\"video-url\">URL del video de YouTube<\/label>\n\t\t            <input type=\"text\" name=\"video_url\" id=\"video-url\" width=\"100\" value=\"\" class=\"form-control\" \/>\n\t\t            <button type=\"submit\" class=\"btn btn-primary\">Obtener etiquetas<\/button>\n\t\t        <\/div>\n\t\t    <\/form>\n\n\t\t    <div class=\"results-wrapper\">\n\t\t        <div class=\"instructions\">\n\t\t            <p>Esta herramienta puede extraer etiquetas de un video de YouTube. Simplemente introduce la URL y nuestra herramienta har\u00e1 el resto.<\/p>\n\t\t            <p>Encontrar y analizar las etiquetas utilizadas por alg\u00fan YouTuber mejorar\u00e1 las que t\u00fa uses. Debes optimizar tus etiquetas para mejorar la posici\u00f3n de tu video en los resultados de b\u00fasqueda (SEO) tanto de YouTube como de Google y otros motores de b\u00fasqueda.<\/p>\n\t\t        <\/div>\n\t\t        <div class=\"tags-result\"><\/div>\n\t\t    <\/div>\n\t\t<\/div>\n\n\t\t\t\n","protected":false},"excerpt":{"rendered":"<\/p>\n","protected":false},"author":1,"featured_media":0,"parent":22326,"menu_order":0,"comment_status":"closed","ping_status":"closed","template":"","meta":{"_acf_changed":false,"amp_status":"","footnotes":""},"class_list":["post-26447","page","type-page","status-publish","hentry","nodate","item-wrap"],"acf":[],"yoast_head":"<!-- This site is optimized with the Yoast SEO plugin v27.3 - https:\/\/yoast.com\/product\/yoast-seo-wordpress\/ -->\n<title>Inspector de etiquetas de YouTube - Aux Mode<\/title>\n<meta name=\"robots\" content=\"index, follow, max-snippet:-1, max-image-preview:large, max-video-preview:-1\" \/>\n<link rel=\"canonical\" href=\"https:\/\/auxmode.com\/es\/herramientasgratuitas\/inspector-de-etiquetas-de-youtube\/\" \/>\n<meta property=\"og:locale\" content=\"es_ES\" \/>\n<meta property=\"og:type\" content=\"article\" \/>\n<meta property=\"og:title\" content=\"Inspector de etiquetas de YouTube - Aux Mode\" \/>\n<meta property=\"og:url\" content=\"https:\/\/auxmode.com\/es\/herramientasgratuitas\/inspector-de-etiquetas-de-youtube\/\" \/>\n<meta property=\"og:site_name\" content=\"Aux Mode\" \/>\n<meta property=\"article:modified_time\" content=\"2024-05-24T08:21:50+00:00\" \/>\n<meta name=\"twitter:card\" content=\"summary_large_image\" \/>\n<meta name=\"twitter:label1\" content=\"Tiempo de lectura\" \/>\n\t<meta name=\"twitter:data1\" content=\"1 minuto\" \/>\n<script type=\"application\/ld+json\" class=\"yoast-schema-graph\">{\"@context\":\"https:\\\/\\\/schema.org\",\"@graph\":[{\"@type\":\"WebPage\",\"@id\":\"https:\\\/\\\/auxmode.com\\\/es\\\/herramientasgratuitas\\\/inspector-de-etiquetas-de-youtube\\\/\",\"url\":\"https:\\\/\\\/auxmode.com\\\/es\\\/herramientasgratuitas\\\/inspector-de-etiquetas-de-youtube\\\/\",\"name\":\"Inspector de etiquetas de YouTube - Aux Mode\",\"isPartOf\":{\"@id\":\"https:\\\/\\\/auxmode.com\\\/#website\"},\"datePublished\":\"2024-05-24T08:21:47+00:00\",\"dateModified\":\"2024-05-24T08:21:50+00:00\",\"breadcrumb\":{\"@id\":\"https:\\\/\\\/auxmode.com\\\/es\\\/herramientasgratuitas\\\/inspector-de-etiquetas-de-youtube\\\/#breadcrumb\"},\"inLanguage\":\"es\",\"potentialAction\":[{\"@type\":\"ReadAction\",\"target\":[\"https:\\\/\\\/auxmode.com\\\/es\\\/herramientasgratuitas\\\/inspector-de-etiquetas-de-youtube\\\/\"]}]},{\"@type\":\"BreadcrumbList\",\"@id\":\"https:\\\/\\\/auxmode.com\\\/es\\\/herramientasgratuitas\\\/inspector-de-etiquetas-de-youtube\\\/#breadcrumb\",\"itemListElement\":[{\"@type\":\"ListItem\",\"position\":1,\"name\":\"Home\",\"item\":\"https:\\\/\\\/auxmode.com\\\/es\\\/\"},{\"@type\":\"ListItem\",\"position\":2,\"name\":\"Herramientas gratuitas\",\"item\":\"https:\\\/\\\/auxmode.com\\\/es\\\/herramientasgratuitas\\\/\"},{\"@type\":\"ListItem\",\"position\":3,\"name\":\"Inspector de etiquetas de YouTube\"}]},{\"@type\":\"WebSite\",\"@id\":\"https:\\\/\\\/auxmode.com\\\/#website\",\"url\":\"https:\\\/\\\/auxmode.com\\\/\",\"name\":\"Aux Mode\",\"description\":\"YouTube content monetization protection and Revenue Reporting Automation.\",\"inLanguage\":\"es\"}]}<\/script>\n<!-- \/ Yoast SEO plugin. -->","yoast_head_json":{"title":"Inspector de etiquetas de YouTube - Aux Mode","robots":{"index":"index","follow":"follow","max-snippet":"max-snippet:-1","max-image-preview":"max-image-preview:large","max-video-preview":"max-video-preview:-1"},"canonical":"https:\/\/auxmode.com\/es\/herramientasgratuitas\/inspector-de-etiquetas-de-youtube\/","og_locale":"es_ES","og_type":"article","og_title":"Inspector de etiquetas de YouTube - Aux Mode","og_url":"https:\/\/auxmode.com\/es\/herramientasgratuitas\/inspector-de-etiquetas-de-youtube\/","og_site_name":"Aux Mode","article_modified_time":"2024-05-24T08:21:50+00:00","twitter_card":"summary_large_image","twitter_misc":{"Tiempo de lectura":"1 minuto"},"schema":{"@context":"https:\/\/schema.org","@graph":[{"@type":"WebPage","@id":"https:\/\/auxmode.com\/es\/herramientasgratuitas\/inspector-de-etiquetas-de-youtube\/","url":"https:\/\/auxmode.com\/es\/herramientasgratuitas\/inspector-de-etiquetas-de-youtube\/","name":"Inspector de etiquetas de YouTube - Aux Mode","isPartOf":{"@id":"https:\/\/auxmode.com\/#website"},"datePublished":"2024-05-24T08:21:47+00:00","dateModified":"2024-05-24T08:21:50+00:00","breadcrumb":{"@id":"https:\/\/auxmode.com\/es\/herramientasgratuitas\/inspector-de-etiquetas-de-youtube\/#breadcrumb"},"inLanguage":"es","potentialAction":[{"@type":"ReadAction","target":["https:\/\/auxmode.com\/es\/herramientasgratuitas\/inspector-de-etiquetas-de-youtube\/"]}]},{"@type":"BreadcrumbList","@id":"https:\/\/auxmode.com\/es\/herramientasgratuitas\/inspector-de-etiquetas-de-youtube\/#breadcrumb","itemListElement":[{"@type":"ListItem","position":1,"name":"Home","item":"https:\/\/auxmode.com\/es\/"},{"@type":"ListItem","position":2,"name":"Herramientas gratuitas","item":"https:\/\/auxmode.com\/es\/herramientasgratuitas\/"},{"@type":"ListItem","position":3,"name":"Inspector de etiquetas de YouTube"}]},{"@type":"WebSite","@id":"https:\/\/auxmode.com\/#website","url":"https:\/\/auxmode.com\/","name":"Aux Mode","description":"YouTube content monetization protection and Revenue Reporting Automation.","inLanguage":"es"}]}},"_links":{"self":[{"href":"https:\/\/auxmode.com\/es\/wp-json\/wp\/v2\/pages\/26447","targetHints":{"allow":["GET"]}}],"collection":[{"href":"https:\/\/auxmode.com\/es\/wp-json\/wp\/v2\/pages"}],"about":[{"href":"https:\/\/auxmode.com\/es\/wp-json\/wp\/v2\/types\/page"}],"author":[{"embeddable":true,"href":"https:\/\/auxmode.com\/es\/wp-json\/wp\/v2\/users\/1"}],"replies":[{"embeddable":true,"href":"https:\/\/auxmode.com\/es\/wp-json\/wp\/v2\/comments?post=26447"}],"version-history":[{"count":1,"href":"https:\/\/auxmode.com\/es\/wp-json\/wp\/v2\/pages\/26447\/revisions"}],"predecessor-version":[{"id":26453,"href":"https:\/\/auxmode.com\/es\/wp-json\/wp\/v2\/pages\/26447\/revisions\/26453"}],"up":[{"embeddable":true,"href":"https:\/\/auxmode.com\/es\/wp-json\/wp\/v2\/pages\/22326"}],"wp:attachment":[{"href":"https:\/\/auxmode.com\/es\/wp-json\/wp\/v2\/media?parent=26447"}],"curies":[{"name":"wp","href":"https:\/\/api.w.org\/{rel}","templated":true}]}}