{"id":26441,"date":"2024-05-24T08:19:04","date_gmt":"2024-05-24T08:19:04","guid":{"rendered":"https:\/\/auxmode.com\/?page_id=26441"},"modified":"2024-05-24T08:19:08","modified_gmt":"2024-05-24T08:19:08","slug":"calculadora-de-crecimiento-de-suscriptores-de-youtube","status":"publish","type":"page","link":"https:\/\/auxmode.com\/es\/herramientasgratuitas\/calculadora-de-crecimiento-de-suscriptores-de-youtube\/","title":{"rendered":"Calculadora de crecimiento de suscriptores de YouTube"},"content":{"rendered":"\t\t<p>\u00bfCu\u00e1l ser\u00e1 el recuento de suscriptores de tu canal de YouTube despu\u00e9s de un mes? \u00bfUn a\u00f1o? \u00bfUna d\u00e9cada?<\/p>\n\t\t<p>Esta calculadora considera el n\u00famero actual de suscriptores que tiene un canal, la cantidad de suscriptores ganados durante el mes anterior y un per\u00edodo de tiempo, y predice tu recuento de suscriptores despu\u00e9s de ese tiempo. Esto se hace calculando la tasa de crecimiento mensual de su canal y us\u00e1ndola para predecir tu recuento futuro de suscriptores basado en una tasa de crecimiento constante.<\/p>\n\t\t<p>Usa las barras deslizantes a continuaci\u00f3n para seleccionar tus inputs.<\/p>\n\n\t\t<div class=\"youtube-subscriber-growth-calculator ysgc youtube-calculator-wrapper\">\n\t\t\t<div class=\"row\">\n\t\t\t\t<div class=\"col-md-8 left\">\n\t\t\t\t\t<form class=\"youtube-calculator\" action=\"\" method=\"get\">\n\t\t\t\t\t\t<div class=\"form-group has-labels\">\n\t\t\t\t\t\t\t<label for=\"slider-subscribers\">Total de Suscriptores:<\/label> <span class=\"slider-value\"><\/span>\n\t\t\t\t\t\t\t<div id=\"slider-ysgc-subscribers\" class=\"nouislider-elem\" data-min=\"1000\" data-max=\"1000000\" data-step=\"1000\" data-input=\"#ysgc-subscribers\"><\/div>\n\n\t\t\t\t\t\t\t<div class=\"nouislider-label\">\n\t\t\t\t\t\t\t\t<span class=\"nouislider-label nouislider-label-min\">1,000<\/span>\n\t\t\t\t\t\t\t\t<input type=\"hidden\" name=\"subscribers\" id=\"ysgc-subscribers\" width=\"10\" value=\"1000\" \/>\n\t\t\t\t\t\t\t\t<span class=\"nouislider-label nouislider-label-max\">1,000,000<\/span>\n\t\t\t\t\t\t\t<\/div>\n\t\t\t\t\t\t<\/div>\n\n\t\t\t\t\t\t<div class=\"form-group has-labels\">\n\t\t\t\t\t\t\t<label for=\"slider-change\">Crecimiento de Suscriptores del Mes Pasado:<\/label> <span class=\"slider-value\"><\/span>\n\t\t\t\t\t\t\t<div id=\"slider-ysgc-change\" class=\"nouislider-elem\" data-min=\"10\" data-max=\"10000\" data-step=\"10\" data-input=\"#ysgc-change\"><\/div>\n\n\t\t\t\t\t\t\t<div class=\"nouislider-label\">\n\t\t\t\t\t\t\t\t<span class=\"nouislider-label nouislider-label-min\">10<\/span>\n\t\t\t\t\t\t\t\t<input type=\"hidden\" name=\"change\" id=\"ysgc-change\" width=\"10\" value=\"10\" \/>\n\t\t\t\t\t\t\t\t<span class=\"nouislider-label nouislider-label-max\">10,000<\/span>\n\t\t\t\t\t\t\t<\/div>\n\t\t\t\t\t\t<\/div>\n\n\t\t\t\t\t\t<div class=\"form-group has-labels\">\n\t\t\t\t\t\t\t<label for=\"slider-months\">Meses:<\/label> <span class=\"slider-value\"><\/span>\n\t\t\t\t\t\t\t<div id=\"slider-ysgc-months\" class=\"nouislider-elem\" data-min=\"1\" data-max=\"120\" data-step=\"1\" data-input=\"#ysgc-months\"><\/div>\n\n\t\t\t\t\t\t\t<div class=\"nouislider-label\">\n\t\t\t\t\t\t\t\t<span class=\"nouislider-label nouislider-label-min\">1<\/span>\n\t\t\t\t\t\t\t\t<input type=\"hidden\" name=\"months\" id=\"ysgc-months\" width=\"10\" value=\"\" \/>\n\t\t\t\t\t\t\t\t<span class=\"nouislider-label nouislider-label-max\">120<\/span>\n\t\t\t\t\t\t\t<\/div>\n\t\t\t\t\t\t<\/div>\n\t\t\t\t\t\t\n\t\t\t\t\t\t<button type=\"button\" class=\"btn\" id=\"resetButton\">Restablecer<\/button>\n\t\t\t\t\t\t\n\t\t\t\t\t\t<p id=\"ysgcChangeError\"><\/p>\n\t\t\t\t\t\t<p id=\"ysgcGrowthError\"><\/p>\n\t\t\t\t\t\t<p id=\"ysgcMilestoneError\"><\/p>\n\t\t\t\t\t\t<p id=\"ysgcGainError\"><\/p>\n\t\t\t\t\t<\/form>\n\t\t\t\t<\/div>\n\n\t\t\t\t<div class=\"col-md-4\">\n\t\t\t\t\t<div class=\"results-wrapper no-flex estimates\">\n\t\t\t\t\t\t<div class=\"result\">\n\t\t\t\t\t\t\t<p class=\"results\"><span id=\"ysgcGrowthValue\">1.01%<\/span><\/p>\n\t\t\t\t\t\t\t<h5 class=\"title\">Tasa de Crecimiento<\/h5>\n\t\t\t\t\t\t<\/div>\n\t\t\t\t\t\t\n\t\t\t\t\t\t<div class=\"result\">\n\t\t\t\t\t\t\t<p class=\"results\"><span id=\"ysgcMilestoneValue\">1.01K<\/span><\/p>\n\t\t\t\t\t\t\t<h5 class=\"title\">Total de Suscriptores previsto<\/h5>\n\t\t\t\t\t\t<\/div>\n\n\t\t\t\t\t\t<div class=\"result\">\n\t\t\t\t\t\t\t<p class=\"results\"><span id=\"ysgcGainValue\">10<\/span><\/p>\n\t\t\t\t\t\t\t<h5 class=\"title\">Aumento previsto de suscriptores<\/h5>\n\t\t\t\t\t\t<\/div>\n\t\t\t\t\t<\/div>\n\n\t\t\t\t\t\t\t\t\t<\/div>\n\t\t\t<\/div>\n\t\t<\/div>\n\n\t\n","protected":false},"excerpt":{"rendered":"","protected":false},"author":1,"featured_media":0,"parent":22326,"menu_order":0,"comment_status":"closed","ping_status":"closed","template":"","meta":{"_acf_changed":false,"amp_status":"","footnotes":""},"class_list":["post-26441","page","type-page","status-publish","hentry","nodate","item-wrap"],"acf":[],"yoast_head":"<!-- This site is optimized with the Yoast SEO plugin v27.4 - https:\/\/yoast.com\/product\/yoast-seo-wordpress\/ -->\n<title>Calculadora de crecimiento de suscriptores de YouTube - Aux Mode<\/title>\n<meta name=\"robots\" content=\"index, follow, max-snippet:-1, max-image-preview:large, max-video-preview:-1\" \/>\n<link rel=\"canonical\" href=\"https:\/\/auxmode.com\/es\/herramientasgratuitas\/calculadora-de-crecimiento-de-suscriptores-de-youtube\/\" \/>\n<meta property=\"og:locale\" content=\"es_ES\" \/>\n<meta property=\"og:type\" content=\"article\" \/>\n<meta property=\"og:title\" content=\"Calculadora de crecimiento de suscriptores de YouTube - Aux Mode\" \/>\n<meta property=\"og:url\" content=\"https:\/\/auxmode.com\/es\/herramientasgratuitas\/calculadora-de-crecimiento-de-suscriptores-de-youtube\/\" \/>\n<meta property=\"og:site_name\" content=\"Aux Mode\" \/>\n<meta property=\"article:modified_time\" content=\"2024-05-24T08:19:08+00:00\" \/>\n<meta name=\"twitter:card\" content=\"summary_large_image\" \/>\n<meta name=\"twitter:label1\" content=\"Tiempo de lectura\" \/>\n\t<meta name=\"twitter:data1\" content=\"1 minuto\" \/>\n<script type=\"application\/ld+json\" class=\"yoast-schema-graph\">{\"@context\":\"https:\\\/\\\/schema.org\",\"@graph\":[{\"@type\":\"WebPage\",\"@id\":\"https:\\\/\\\/auxmode.com\\\/es\\\/herramientasgratuitas\\\/calculadora-de-crecimiento-de-suscriptores-de-youtube\\\/\",\"url\":\"https:\\\/\\\/auxmode.com\\\/es\\\/herramientasgratuitas\\\/calculadora-de-crecimiento-de-suscriptores-de-youtube\\\/\",\"name\":\"Calculadora de crecimiento de suscriptores de YouTube - Aux Mode\",\"isPartOf\":{\"@id\":\"https:\\\/\\\/auxmode.com\\\/#website\"},\"datePublished\":\"2024-05-24T08:19:04+00:00\",\"dateModified\":\"2024-05-24T08:19:08+00:00\",\"breadcrumb\":{\"@id\":\"https:\\\/\\\/auxmode.com\\\/es\\\/herramientasgratuitas\\\/calculadora-de-crecimiento-de-suscriptores-de-youtube\\\/#breadcrumb\"},\"inLanguage\":\"es\",\"potentialAction\":[{\"@type\":\"ReadAction\",\"target\":[\"https:\\\/\\\/auxmode.com\\\/es\\\/herramientasgratuitas\\\/calculadora-de-crecimiento-de-suscriptores-de-youtube\\\/\"]}]},{\"@type\":\"BreadcrumbList\",\"@id\":\"https:\\\/\\\/auxmode.com\\\/es\\\/herramientasgratuitas\\\/calculadora-de-crecimiento-de-suscriptores-de-youtube\\\/#breadcrumb\",\"itemListElement\":[{\"@type\":\"ListItem\",\"position\":1,\"name\":\"Home\",\"item\":\"https:\\\/\\\/auxmode.com\\\/es\\\/\"},{\"@type\":\"ListItem\",\"position\":2,\"name\":\"Herramientas gratuitas\",\"item\":\"https:\\\/\\\/auxmode.com\\\/es\\\/herramientasgratuitas\\\/\"},{\"@type\":\"ListItem\",\"position\":3,\"name\":\"Calculadora de crecimiento de suscriptores de YouTube\"}]},{\"@type\":\"WebSite\",\"@id\":\"https:\\\/\\\/auxmode.com\\\/#website\",\"url\":\"https:\\\/\\\/auxmode.com\\\/\",\"name\":\"Aux Mode\",\"description\":\"YouTube content monetization protection and Revenue Reporting Automation.\",\"inLanguage\":\"es\"}]}<\/script>\n<!-- \/ Yoast SEO plugin. -->","yoast_head_json":{"title":"Calculadora de crecimiento de suscriptores de YouTube - Aux Mode","robots":{"index":"index","follow":"follow","max-snippet":"max-snippet:-1","max-image-preview":"max-image-preview:large","max-video-preview":"max-video-preview:-1"},"canonical":"https:\/\/auxmode.com\/es\/herramientasgratuitas\/calculadora-de-crecimiento-de-suscriptores-de-youtube\/","og_locale":"es_ES","og_type":"article","og_title":"Calculadora de crecimiento de suscriptores de YouTube - Aux Mode","og_url":"https:\/\/auxmode.com\/es\/herramientasgratuitas\/calculadora-de-crecimiento-de-suscriptores-de-youtube\/","og_site_name":"Aux Mode","article_modified_time":"2024-05-24T08:19:08+00:00","twitter_card":"summary_large_image","twitter_misc":{"Tiempo de lectura":"1 minuto"},"schema":{"@context":"https:\/\/schema.org","@graph":[{"@type":"WebPage","@id":"https:\/\/auxmode.com\/es\/herramientasgratuitas\/calculadora-de-crecimiento-de-suscriptores-de-youtube\/","url":"https:\/\/auxmode.com\/es\/herramientasgratuitas\/calculadora-de-crecimiento-de-suscriptores-de-youtube\/","name":"Calculadora de crecimiento de suscriptores de YouTube - Aux Mode","isPartOf":{"@id":"https:\/\/auxmode.com\/#website"},"datePublished":"2024-05-24T08:19:04+00:00","dateModified":"2024-05-24T08:19:08+00:00","breadcrumb":{"@id":"https:\/\/auxmode.com\/es\/herramientasgratuitas\/calculadora-de-crecimiento-de-suscriptores-de-youtube\/#breadcrumb"},"inLanguage":"es","potentialAction":[{"@type":"ReadAction","target":["https:\/\/auxmode.com\/es\/herramientasgratuitas\/calculadora-de-crecimiento-de-suscriptores-de-youtube\/"]}]},{"@type":"BreadcrumbList","@id":"https:\/\/auxmode.com\/es\/herramientasgratuitas\/calculadora-de-crecimiento-de-suscriptores-de-youtube\/#breadcrumb","itemListElement":[{"@type":"ListItem","position":1,"name":"Home","item":"https:\/\/auxmode.com\/es\/"},{"@type":"ListItem","position":2,"name":"Herramientas gratuitas","item":"https:\/\/auxmode.com\/es\/herramientasgratuitas\/"},{"@type":"ListItem","position":3,"name":"Calculadora de crecimiento de suscriptores de YouTube"}]},{"@type":"WebSite","@id":"https:\/\/auxmode.com\/#website","url":"https:\/\/auxmode.com\/","name":"Aux Mode","description":"YouTube content monetization protection and Revenue Reporting Automation.","inLanguage":"es"}]}},"_links":{"self":[{"href":"https:\/\/auxmode.com\/es\/wp-json\/wp\/v2\/pages\/26441","targetHints":{"allow":["GET"]}}],"collection":[{"href":"https:\/\/auxmode.com\/es\/wp-json\/wp\/v2\/pages"}],"about":[{"href":"https:\/\/auxmode.com\/es\/wp-json\/wp\/v2\/types\/page"}],"author":[{"embeddable":true,"href":"https:\/\/auxmode.com\/es\/wp-json\/wp\/v2\/users\/1"}],"replies":[{"embeddable":true,"href":"https:\/\/auxmode.com\/es\/wp-json\/wp\/v2\/comments?post=26441"}],"version-history":[{"count":1,"href":"https:\/\/auxmode.com\/es\/wp-json\/wp\/v2\/pages\/26441\/revisions"}],"predecessor-version":[{"id":26446,"href":"https:\/\/auxmode.com\/es\/wp-json\/wp\/v2\/pages\/26441\/revisions\/26446"}],"up":[{"embeddable":true,"href":"https:\/\/auxmode.com\/es\/wp-json\/wp\/v2\/pages\/22326"}],"wp:attachment":[{"href":"https:\/\/auxmode.com\/es\/wp-json\/wp\/v2\/media?parent=26441"}],"curies":[{"name":"wp","href":"https:\/\/api.w.org\/{rel}","templated":true}]}}