{"id":26437,"date":"2024-05-24T08:18:26","date_gmt":"2024-05-24T08:18:26","guid":{"rendered":"https:\/\/auxmode.com\/?page_id=26437"},"modified":"2024-05-24T08:18:29","modified_gmt":"2024-05-24T08:18:29","slug":"generador-de-etiquetas-de-youtube","status":"publish","type":"page","link":"https:\/\/auxmode.com\/es\/herramientasgratuitas\/generador-de-etiquetas-de-youtube\/","title":{"rendered":"Generador de etiquetas de YouTube"},"content":{"rendered":"\n\t\t<div class=\"youtube-video-tags-generator youtube-calculator-wrapper youtube-calculator-wrapper-boxed\">\n\n\t\t\t<form class=\"youtube-calculator form-inline\" action=\"\" method=\"get\">\n\t\t\t\t<div class=\"form-group\">\n\t\t\t\t\t<label for=\"keyword\">Introduce una palabra clave o el t\u00edtulo de tu v\u00eddeo<\/label>\n\t\t\t\t\t<input type=\"text\" name=\"keyword\" id=\"keyword\" width=\"100\" value=\"\" class=\"form-control\" \/>\n\t\t\t\t\t<button type=\"submit\" class=\"btn btn-primary\">Generar etiquetas<\/button>\n\t\t\t\t<\/div>\n\t\t\t<\/form>\n\n\t\t\t<div class=\"results-wrapper\">\n\t\t\t\t<div class=\"instructions\">\n\t\t\t\t\t<p>Esta herramienta puede generar etiquetas para tu v\u00eddeo de YouTube. Solo debes introducir una palabra clave o el t\u00edtulo de tu v\u00eddeo, y nuestra herramienta hace el resto.<\/p>\n\t\t\t\t\t<p>Nuestra herramienta encuentra las etiquetas m\u00e1s populares relevantes para tu palabra clave o t\u00edtulo. Despu\u00e9s de generar las etiquetas de YouTube, puedes usarlas tal cual o ajustarlas para tu v\u00eddeo de YouTube.<\/p>\n\t\t\t\t<\/div>\n\t\t\t\t<div class=\"tags-result\"><\/div>\n\t\t\t<\/div>\n\t\t<\/div>\n\n\t\t\t\n","protected":false},"excerpt":{"rendered":"<\/p>\n","protected":false},"author":1,"featured_media":0,"parent":22326,"menu_order":0,"comment_status":"closed","ping_status":"closed","template":"","meta":{"_acf_changed":false,"amp_status":"","footnotes":""},"class_list":["post-26437","page","type-page","status-publish","hentry","nodate","item-wrap"],"acf":[],"yoast_head":"<!-- This site is optimized with the Yoast SEO plugin v27.4 - https:\/\/yoast.com\/product\/yoast-seo-wordpress\/ -->\n<title>Generador de etiquetas de YouTube - Aux Mode<\/title>\n<meta name=\"robots\" content=\"index, follow, max-snippet:-1, max-image-preview:large, max-video-preview:-1\" \/>\n<link rel=\"canonical\" href=\"https:\/\/auxmode.com\/es\/herramientasgratuitas\/generador-de-etiquetas-de-youtube\/\" \/>\n<meta property=\"og:locale\" content=\"es_ES\" \/>\n<meta property=\"og:type\" content=\"article\" \/>\n<meta property=\"og:title\" content=\"Generador de etiquetas de YouTube - Aux Mode\" \/>\n<meta property=\"og:url\" content=\"https:\/\/auxmode.com\/es\/herramientasgratuitas\/generador-de-etiquetas-de-youtube\/\" \/>\n<meta property=\"og:site_name\" content=\"Aux Mode\" \/>\n<meta property=\"article:modified_time\" content=\"2024-05-24T08:18:29+00:00\" \/>\n<meta name=\"twitter:card\" content=\"summary_large_image\" \/>\n<meta name=\"twitter:label1\" content=\"Tiempo de lectura\" \/>\n\t<meta name=\"twitter:data1\" content=\"1 minuto\" \/>\n<script type=\"application\/ld+json\" class=\"yoast-schema-graph\">{\"@context\":\"https:\\\/\\\/schema.org\",\"@graph\":[{\"@type\":\"WebPage\",\"@id\":\"https:\\\/\\\/auxmode.com\\\/es\\\/herramientasgratuitas\\\/generador-de-etiquetas-de-youtube\\\/\",\"url\":\"https:\\\/\\\/auxmode.com\\\/es\\\/herramientasgratuitas\\\/generador-de-etiquetas-de-youtube\\\/\",\"name\":\"Generador de etiquetas de YouTube - Aux Mode\",\"isPartOf\":{\"@id\":\"https:\\\/\\\/auxmode.com\\\/#website\"},\"datePublished\":\"2024-05-24T08:18:26+00:00\",\"dateModified\":\"2024-05-24T08:18:29+00:00\",\"breadcrumb\":{\"@id\":\"https:\\\/\\\/auxmode.com\\\/es\\\/herramientasgratuitas\\\/generador-de-etiquetas-de-youtube\\\/#breadcrumb\"},\"inLanguage\":\"es\",\"potentialAction\":[{\"@type\":\"ReadAction\",\"target\":[\"https:\\\/\\\/auxmode.com\\\/es\\\/herramientasgratuitas\\\/generador-de-etiquetas-de-youtube\\\/\"]}]},{\"@type\":\"BreadcrumbList\",\"@id\":\"https:\\\/\\\/auxmode.com\\\/es\\\/herramientasgratuitas\\\/generador-de-etiquetas-de-youtube\\\/#breadcrumb\",\"itemListElement\":[{\"@type\":\"ListItem\",\"position\":1,\"name\":\"Home\",\"item\":\"https:\\\/\\\/auxmode.com\\\/es\\\/\"},{\"@type\":\"ListItem\",\"position\":2,\"name\":\"Herramientas gratuitas\",\"item\":\"https:\\\/\\\/auxmode.com\\\/es\\\/herramientasgratuitas\\\/\"},{\"@type\":\"ListItem\",\"position\":3,\"name\":\"Generador de etiquetas de YouTube\"}]},{\"@type\":\"WebSite\",\"@id\":\"https:\\\/\\\/auxmode.com\\\/#website\",\"url\":\"https:\\\/\\\/auxmode.com\\\/\",\"name\":\"Aux Mode\",\"description\":\"YouTube content monetization protection and Revenue Reporting Automation.\",\"inLanguage\":\"es\"}]}<\/script>\n<!-- \/ Yoast SEO plugin. -->","yoast_head_json":{"title":"Generador de etiquetas de YouTube - Aux Mode","robots":{"index":"index","follow":"follow","max-snippet":"max-snippet:-1","max-image-preview":"max-image-preview:large","max-video-preview":"max-video-preview:-1"},"canonical":"https:\/\/auxmode.com\/es\/herramientasgratuitas\/generador-de-etiquetas-de-youtube\/","og_locale":"es_ES","og_type":"article","og_title":"Generador de etiquetas de YouTube - Aux Mode","og_url":"https:\/\/auxmode.com\/es\/herramientasgratuitas\/generador-de-etiquetas-de-youtube\/","og_site_name":"Aux Mode","article_modified_time":"2024-05-24T08:18:29+00:00","twitter_card":"summary_large_image","twitter_misc":{"Tiempo de lectura":"1 minuto"},"schema":{"@context":"https:\/\/schema.org","@graph":[{"@type":"WebPage","@id":"https:\/\/auxmode.com\/es\/herramientasgratuitas\/generador-de-etiquetas-de-youtube\/","url":"https:\/\/auxmode.com\/es\/herramientasgratuitas\/generador-de-etiquetas-de-youtube\/","name":"Generador de etiquetas de YouTube - Aux Mode","isPartOf":{"@id":"https:\/\/auxmode.com\/#website"},"datePublished":"2024-05-24T08:18:26+00:00","dateModified":"2024-05-24T08:18:29+00:00","breadcrumb":{"@id":"https:\/\/auxmode.com\/es\/herramientasgratuitas\/generador-de-etiquetas-de-youtube\/#breadcrumb"},"inLanguage":"es","potentialAction":[{"@type":"ReadAction","target":["https:\/\/auxmode.com\/es\/herramientasgratuitas\/generador-de-etiquetas-de-youtube\/"]}]},{"@type":"BreadcrumbList","@id":"https:\/\/auxmode.com\/es\/herramientasgratuitas\/generador-de-etiquetas-de-youtube\/#breadcrumb","itemListElement":[{"@type":"ListItem","position":1,"name":"Home","item":"https:\/\/auxmode.com\/es\/"},{"@type":"ListItem","position":2,"name":"Herramientas gratuitas","item":"https:\/\/auxmode.com\/es\/herramientasgratuitas\/"},{"@type":"ListItem","position":3,"name":"Generador de etiquetas de YouTube"}]},{"@type":"WebSite","@id":"https:\/\/auxmode.com\/#website","url":"https:\/\/auxmode.com\/","name":"Aux Mode","description":"YouTube content monetization protection and Revenue Reporting Automation.","inLanguage":"es"}]}},"_links":{"self":[{"href":"https:\/\/auxmode.com\/es\/wp-json\/wp\/v2\/pages\/26437","targetHints":{"allow":["GET"]}}],"collection":[{"href":"https:\/\/auxmode.com\/es\/wp-json\/wp\/v2\/pages"}],"about":[{"href":"https:\/\/auxmode.com\/es\/wp-json\/wp\/v2\/types\/page"}],"author":[{"embeddable":true,"href":"https:\/\/auxmode.com\/es\/wp-json\/wp\/v2\/users\/1"}],"replies":[{"embeddable":true,"href":"https:\/\/auxmode.com\/es\/wp-json\/wp\/v2\/comments?post=26437"}],"version-history":[{"count":1,"href":"https:\/\/auxmode.com\/es\/wp-json\/wp\/v2\/pages\/26437\/revisions"}],"predecessor-version":[{"id":26444,"href":"https:\/\/auxmode.com\/es\/wp-json\/wp\/v2\/pages\/26437\/revisions\/26444"}],"up":[{"embeddable":true,"href":"https:\/\/auxmode.com\/es\/wp-json\/wp\/v2\/pages\/22326"}],"wp:attachment":[{"href":"https:\/\/auxmode.com\/es\/wp-json\/wp\/v2\/media?parent=26437"}],"curies":[{"name":"wp","href":"https:\/\/api.w.org\/{rel}","templated":true}]}}