{"id":26420,"date":"2024-05-24T07:51:44","date_gmt":"2024-05-24T07:51:44","guid":{"rendered":"https:\/\/auxmode.com\/?page_id=26420"},"modified":"2024-05-24T07:51:47","modified_gmt":"2024-05-24T07:51:47","slug":"cargador-lento-de-imagenes","status":"publish","type":"page","link":"https:\/\/auxmode.com\/es\/herramientasgratuitas\/cargador-lento-de-imagenes\/","title":{"rendered":"Cargador lento de im\u00e1genes"},"content":{"rendered":"\n\t\t<div class=\"slow-image-loader-generator youtube-calculator-wrapper youtube-calculator-wrapper-boxed\">\n\n\t\t\t<form class=\"youtube-calculator form-inline\" action=\"\" method=\"post\" enctype=\"multipart\/form-data\">\n\t\t\t\t<input type=\"hidden\" name=\"action\" value=\"generate-slow-loading-image\" \/>\n\t\t\t\t<input type=\"hidden\" id=\"_wpnonce\" name=\"_wpnonce\" value=\"aa66935c17\" \/><input type=\"hidden\" name=\"_wp_http_referer\" value=\"\/es\/wp-json\/wp\/v2\/pages\/26420\" \/>\t\t\t\t<div class=\"form-group\">\n\t\t\t\t\t<label for=\"keyword\">Selecciona la imagen para cargar lentamente<\/label>\n\t\t\t\t\t<input type=\"file\" name=\"image\" id=\"image\" class=\"mt-3\" accept=\"image\/png, image\/jpeg\" required \/>\n\t\t\t\t\t<button type=\"submit\" class=\"btn btn-primary\">Generar imagen de carga lenta<\/button>\n\t\t\t\t<\/div>\n\t\t\t<\/form>\n\n\t\t\t<div class=\"results-wrapper no-flex\">\n\t\t\t\t<div class=\"description\">\n\t\t\t\t\t<p>Con todo este internet dando vueltas, \u00bfpor qu\u00e9 no permitir que tus amigos experimenten la emoci\u00f3n de una carga lenta de imagen? Dale a tus amigos la oportunidad de disfrutar de un peque\u00f1o vistazo al futuro cargando lentamente una imagen que compartas con ellos.<\/p>\n\t\t\t\t\t<p>Selecciona la imagen que deseas compartir y haz clic en el bot\u00f3n de arriba para obtener una vista previa y generar un enlace compartible.<\/p>\n\t\t\t\t<\/div>\n\n\t\t\t\t<div class=\"slow-loader-preview\" style=\"display:none\">\n\t\t\t\t\t<h4>Aqu\u00ed est\u00e1 tu imagen de carga lenta<\/h4>\n\t\t\t\t\t<p class=\"shareable-link\">Enlace para compartir: <span class=\"link\"><\/span><\/p>\n\t\t\t\t\t<div class=\"image-preview\"><\/div>\n\t\t\t\t<\/div>\n\t\t\t<\/div>\n\t\t<\/div>\n\n\t\t\t\n","protected":false},"excerpt":{"rendered":"<\/p>\n","protected":false},"author":1,"featured_media":0,"parent":22326,"menu_order":0,"comment_status":"closed","ping_status":"closed","template":"","meta":{"_acf_changed":false,"amp_status":"","footnotes":""},"class_list":["post-26420","page","type-page","status-publish","hentry","nodate","item-wrap"],"acf":[],"yoast_head":"<!-- This site is optimized with the Yoast SEO plugin v27.4 - https:\/\/yoast.com\/product\/yoast-seo-wordpress\/ -->\n<title>Cargador lento de im\u00e1genes - Aux Mode<\/title>\n<meta name=\"robots\" content=\"index, follow, max-snippet:-1, max-image-preview:large, max-video-preview:-1\" \/>\n<link rel=\"canonical\" href=\"https:\/\/auxmode.com\/es\/herramientasgratuitas\/cargador-lento-de-imagenes\/\" \/>\n<meta property=\"og:locale\" content=\"es_ES\" \/>\n<meta property=\"og:type\" content=\"article\" \/>\n<meta property=\"og:title\" content=\"Cargador lento de im\u00e1genes - Aux Mode\" \/>\n<meta property=\"og:url\" content=\"https:\/\/auxmode.com\/es\/herramientasgratuitas\/cargador-lento-de-imagenes\/\" \/>\n<meta property=\"og:site_name\" content=\"Aux Mode\" \/>\n<meta property=\"article:modified_time\" content=\"2024-05-24T07:51:47+00:00\" \/>\n<meta name=\"twitter:card\" content=\"summary_large_image\" \/>\n<meta name=\"twitter:label1\" content=\"Tiempo de lectura\" \/>\n\t<meta name=\"twitter:data1\" content=\"1 minuto\" \/>\n<script type=\"application\/ld+json\" class=\"yoast-schema-graph\">{\"@context\":\"https:\\\/\\\/schema.org\",\"@graph\":[{\"@type\":\"WebPage\",\"@id\":\"https:\\\/\\\/auxmode.com\\\/es\\\/herramientasgratuitas\\\/cargador-lento-de-imagenes\\\/\",\"url\":\"https:\\\/\\\/auxmode.com\\\/es\\\/herramientasgratuitas\\\/cargador-lento-de-imagenes\\\/\",\"name\":\"Cargador lento de im\u00e1genes - Aux Mode\",\"isPartOf\":{\"@id\":\"https:\\\/\\\/auxmode.com\\\/#website\"},\"datePublished\":\"2024-05-24T07:51:44+00:00\",\"dateModified\":\"2024-05-24T07:51:47+00:00\",\"breadcrumb\":{\"@id\":\"https:\\\/\\\/auxmode.com\\\/es\\\/herramientasgratuitas\\\/cargador-lento-de-imagenes\\\/#breadcrumb\"},\"inLanguage\":\"es\",\"potentialAction\":[{\"@type\":\"ReadAction\",\"target\":[\"https:\\\/\\\/auxmode.com\\\/es\\\/herramientasgratuitas\\\/cargador-lento-de-imagenes\\\/\"]}]},{\"@type\":\"BreadcrumbList\",\"@id\":\"https:\\\/\\\/auxmode.com\\\/es\\\/herramientasgratuitas\\\/cargador-lento-de-imagenes\\\/#breadcrumb\",\"itemListElement\":[{\"@type\":\"ListItem\",\"position\":1,\"name\":\"Home\",\"item\":\"https:\\\/\\\/auxmode.com\\\/es\\\/\"},{\"@type\":\"ListItem\",\"position\":2,\"name\":\"Herramientas gratuitas\",\"item\":\"https:\\\/\\\/auxmode.com\\\/es\\\/herramientasgratuitas\\\/\"},{\"@type\":\"ListItem\",\"position\":3,\"name\":\"Cargador lento de im\u00e1genes\"}]},{\"@type\":\"WebSite\",\"@id\":\"https:\\\/\\\/auxmode.com\\\/#website\",\"url\":\"https:\\\/\\\/auxmode.com\\\/\",\"name\":\"Aux Mode\",\"description\":\"YouTube content monetization protection and Revenue Reporting Automation.\",\"inLanguage\":\"es\"}]}<\/script>\n<!-- \/ Yoast SEO plugin. -->","yoast_head_json":{"title":"Cargador lento de im\u00e1genes - Aux Mode","robots":{"index":"index","follow":"follow","max-snippet":"max-snippet:-1","max-image-preview":"max-image-preview:large","max-video-preview":"max-video-preview:-1"},"canonical":"https:\/\/auxmode.com\/es\/herramientasgratuitas\/cargador-lento-de-imagenes\/","og_locale":"es_ES","og_type":"article","og_title":"Cargador lento de im\u00e1genes - Aux Mode","og_url":"https:\/\/auxmode.com\/es\/herramientasgratuitas\/cargador-lento-de-imagenes\/","og_site_name":"Aux Mode","article_modified_time":"2024-05-24T07:51:47+00:00","twitter_card":"summary_large_image","twitter_misc":{"Tiempo de lectura":"1 minuto"},"schema":{"@context":"https:\/\/schema.org","@graph":[{"@type":"WebPage","@id":"https:\/\/auxmode.com\/es\/herramientasgratuitas\/cargador-lento-de-imagenes\/","url":"https:\/\/auxmode.com\/es\/herramientasgratuitas\/cargador-lento-de-imagenes\/","name":"Cargador lento de im\u00e1genes - Aux Mode","isPartOf":{"@id":"https:\/\/auxmode.com\/#website"},"datePublished":"2024-05-24T07:51:44+00:00","dateModified":"2024-05-24T07:51:47+00:00","breadcrumb":{"@id":"https:\/\/auxmode.com\/es\/herramientasgratuitas\/cargador-lento-de-imagenes\/#breadcrumb"},"inLanguage":"es","potentialAction":[{"@type":"ReadAction","target":["https:\/\/auxmode.com\/es\/herramientasgratuitas\/cargador-lento-de-imagenes\/"]}]},{"@type":"BreadcrumbList","@id":"https:\/\/auxmode.com\/es\/herramientasgratuitas\/cargador-lento-de-imagenes\/#breadcrumb","itemListElement":[{"@type":"ListItem","position":1,"name":"Home","item":"https:\/\/auxmode.com\/es\/"},{"@type":"ListItem","position":2,"name":"Herramientas gratuitas","item":"https:\/\/auxmode.com\/es\/herramientasgratuitas\/"},{"@type":"ListItem","position":3,"name":"Cargador lento de im\u00e1genes"}]},{"@type":"WebSite","@id":"https:\/\/auxmode.com\/#website","url":"https:\/\/auxmode.com\/","name":"Aux Mode","description":"YouTube content monetization protection and Revenue Reporting Automation.","inLanguage":"es"}]}},"_links":{"self":[{"href":"https:\/\/auxmode.com\/es\/wp-json\/wp\/v2\/pages\/26420","targetHints":{"allow":["GET"]}}],"collection":[{"href":"https:\/\/auxmode.com\/es\/wp-json\/wp\/v2\/pages"}],"about":[{"href":"https:\/\/auxmode.com\/es\/wp-json\/wp\/v2\/types\/page"}],"author":[{"embeddable":true,"href":"https:\/\/auxmode.com\/es\/wp-json\/wp\/v2\/users\/1"}],"replies":[{"embeddable":true,"href":"https:\/\/auxmode.com\/es\/wp-json\/wp\/v2\/comments?post=26420"}],"version-history":[{"count":1,"href":"https:\/\/auxmode.com\/es\/wp-json\/wp\/v2\/pages\/26420\/revisions"}],"predecessor-version":[{"id":26423,"href":"https:\/\/auxmode.com\/es\/wp-json\/wp\/v2\/pages\/26420\/revisions\/26423"}],"up":[{"embeddable":true,"href":"https:\/\/auxmode.com\/es\/wp-json\/wp\/v2\/pages\/22326"}],"wp:attachment":[{"href":"https:\/\/auxmode.com\/es\/wp-json\/wp\/v2\/media?parent=26420"}],"curies":[{"name":"wp","href":"https:\/\/api.w.org\/{rel}","templated":true}]}}