{"id":26415,"date":"2024-05-24T07:46:11","date_gmt":"2024-05-24T07:46:11","guid":{"rendered":"https:\/\/auxmode.com\/?page_id=26415"},"modified":"2024-05-24T07:46:15","modified_gmt":"2024-05-24T07:46:15","slug":"calculadora-de-ingresos-diarios-de-shorts-de-youtube","status":"publish","type":"page","link":"https:\/\/auxmode.com\/es\/herramientasgratuitas\/calculadora-de-ingresos-diarios-de-shorts-de-youtube\/","title":{"rendered":"Calculadora de ingresos diarios de Shorts de YouTube"},"content":{"rendered":"\t<div class=\"youtube-shorts-calculator youtube-calculator-wrapper\" data-shorts-calculator-enum=\"1\" data-views-dimension=\"daily\">\n\t\t\n\t\t<div class=\"col-md-8 user-details\">\n\t\t\t<form class=\"youtube-calculator\" action=\"\" method=\"get\">\n\t\t\t\t<div class=\"form-group has-tooltips has-labels\">\n\t\t\t\t\t<label for=\"shorts-daily-views-1\">Visualizaciones diarias<\/label>\n\t\t\t\t\t<div id=\"shorts-daily-views-1\"><\/div>\n\n\t\t\t\t\t<div class=\"nouislider-label\">\n\t\t\t\t\t\t<span class=\"nouislider-label nouislider-label-min\">0<\/span>\n\t\t\t\t\t\t<input type=\"hidden\" name=\"views\" id=\"shorts-daily-views-input-1\" width=\"10\" value=\"0\" \/>\n\t\t\t\t\t\t<span class=\"nouislider-label nouislider-label-max\">10 M<\/span>\n\t\t\t\t\t<\/div>\n\t\t\t\t<\/div>\n\n\t\t\t<\/form>\n\t\t\t<p>C\u00f3mo funcionan los YouTube Shorts:<\/p>\n\t\t\t<ol>\n\t\t\t\t<li>Una parte de todos los ingresos de YouTube Shorts va al fondo de creadores, que se calcula en funci\u00f3n de las visualizaciones y el uso de m\u00fasica en todos los YouTube Shorts.<\/li>\n\t\t\t\t<li>Luego, YouTube paga a los editores de m\u00fasica en funci\u00f3n de la frecuencia con la que se utiliza su propiedad intelectual en YouTube Shorts.\t\t\t\t\t<ol type=\"a\">\n\t\t\t\t\t\t<li>Por ejemplo, si un creador usa dos pistas de m\u00fasica en un Short, el 66% de los ingresos va a los editores de m\u00fasica mientras que el 33% va al creador de YouTube Shorts.<\/li>\n\t\t\t\t\t\t<li>Si un creador usa una pista de m\u00fasica en un YouTube Short, los ingresos se dividen por igual entre ellos y los editores de m\u00fasica.<\/li>\n\t\t\t\t\t\t<li>Si un creador no utiliza pistas de m\u00fasica, conserva todos los ingresos de su parte del fondo de creadores.<\/li>\n\t\t\t\t\t<\/ol>\n\t\t\t\t<\/li>\n\t\t\t\t<li>En general, los creadores de YouTube que monetizan conservan el 45% de su parte de los ingresos del fondo de creadores (despu\u00e9s de realizar deducciones por el uso de m\u00fasica).<\/li>\n\t\t\t<\/ol>\n\t\t\t<p>Si eres un creador que busca monetizar tus YouTube Shorts, tus ganancias se basan en el n\u00famero de visualizaciones que obtienes, tu ubicaci\u00f3n geogr\u00e1fica y cu\u00e1ntas pistas de m\u00fasica utilizas.<\/p>\n\t\t<\/div>\n\n\t\t<div class=\"col-md-4 estimates\">\n\t\t\t<div class=\"daily\">\n\t\t\t\t<p class=\"earnings\"><span class=\"daily-high\">$0.00<\/span><\/p>\n\t\t\t\t<h5>Ganancias diarias estimadas<\/h5>\n\t\t\t<\/div>\n\n\t\t\t<div class=\"monthly\">\n\t\t\t\t<p class=\"earnings\"><span class=\"monthly-high\">$0.00<\/span><\/p>\n\t\t\t\t<h5>Ganancias mensuales estimadas<\/h5>\n\t\t\t<\/div>\n\n\t\t\t<div class=\"yearly\">\n\t\t\t\t<p class=\"earnings\"><span class=\"yearly-high\">$0.00<\/span><\/p>\n\t\t\t\t<h5>Proyecci\u00f3n anual estimada<\/h5>\n\t\t\t<\/div>\n\n\t\t\t<div class=\"col-md-8 col-md-push-2\">\n\t\t\t\t\t<div class=\"email-calculator-results\">\n\t\t<form class=\"email-results\" method=\"post\" action=\"\">\n\t\t\t<div class=\"form-group\">\n\t\t\t\t<label for=\"email-results-to\">Por favor introduce tu direcci\u00f3n de correo electr\u00f3nico para recibir este resultado en tu bandeja de entrada<\/label>\n\t\t\t\t<input type=\"email\" class=\"form-control\" name=\"email-results-to\" id=\"email-results-to\" required \/>\n\t\t\t<\/div>\n\n\t\t\t<input type=\"hidden\" name=\"email-results-type\" id=\"email-results-type\" value=\"shorts-revenue\" \/>\n\t\t\t<input type=\"hidden\" name=\"email-results-result\" id=\"email-results-result\" value=\"\" \/>\n\t\t\t<input type=\"hidden\" name=\"email-results-inputs\" id=\"email-results-inputs\" value=\"[]\" \/>\n\t\t\t<button type=\"submit\" class=\"btn btn-block btn-primary\">Obt\u00e9n tus resultados<\/button>\n\n\t\t\t\t\t\t\t<a class=\"btn btn-block btn-outline-primary\" href=\"https:\/\/auxmode.com\/es\/herramientasgratuitas\/calculadora-de-ingresos-diarios-de-shorts-de-youtube\/\">Descubre m\u00e1s<\/a>\n\t\t\t\t\t<\/form>\n\t<\/div>\n\t\t\t\t<\/div>\n\t\t<\/div>\n\t<\/div>\n\t\n","protected":false},"excerpt":{"rendered":"","protected":false},"author":1,"featured_media":0,"parent":22326,"menu_order":0,"comment_status":"closed","ping_status":"closed","template":"","meta":{"_acf_changed":false,"amp_status":"","footnotes":""},"class_list":["post-26415","page","type-page","status-publish","hentry","nodate","item-wrap"],"acf":[],"yoast_head":"<!-- This site is optimized with the Yoast SEO plugin v27.4 - https:\/\/yoast.com\/product\/yoast-seo-wordpress\/ -->\n<title>Calculadora de ingresos diarios de Shorts de YouTube - Aux Mode<\/title>\n<meta name=\"robots\" content=\"index, follow, max-snippet:-1, max-image-preview:large, max-video-preview:-1\" \/>\n<link rel=\"canonical\" href=\"https:\/\/auxmode.com\/es\/herramientasgratuitas\/calculadora-de-ingresos-diarios-de-shorts-de-youtube\/\" \/>\n<meta property=\"og:locale\" content=\"es_ES\" \/>\n<meta property=\"og:type\" content=\"article\" \/>\n<meta property=\"og:title\" content=\"Calculadora de ingresos diarios de Shorts de YouTube - Aux Mode\" \/>\n<meta property=\"og:url\" content=\"https:\/\/auxmode.com\/es\/herramientasgratuitas\/calculadora-de-ingresos-diarios-de-shorts-de-youtube\/\" \/>\n<meta property=\"og:site_name\" content=\"Aux Mode\" \/>\n<meta property=\"article:modified_time\" content=\"2024-05-24T07:46:15+00:00\" \/>\n<meta name=\"twitter:card\" content=\"summary_large_image\" \/>\n<meta name=\"twitter:label1\" content=\"Tiempo de lectura\" \/>\n\t<meta name=\"twitter:data1\" content=\"1 minuto\" \/>\n<script type=\"application\/ld+json\" class=\"yoast-schema-graph\">{\"@context\":\"https:\\\/\\\/schema.org\",\"@graph\":[{\"@type\":\"WebPage\",\"@id\":\"https:\\\/\\\/auxmode.com\\\/es\\\/herramientasgratuitas\\\/calculadora-de-ingresos-diarios-de-shorts-de-youtube\\\/\",\"url\":\"https:\\\/\\\/auxmode.com\\\/es\\\/herramientasgratuitas\\\/calculadora-de-ingresos-diarios-de-shorts-de-youtube\\\/\",\"name\":\"Calculadora de ingresos diarios de Shorts de YouTube - Aux Mode\",\"isPartOf\":{\"@id\":\"https:\\\/\\\/auxmode.com\\\/#website\"},\"datePublished\":\"2024-05-24T07:46:11+00:00\",\"dateModified\":\"2024-05-24T07:46:15+00:00\",\"breadcrumb\":{\"@id\":\"https:\\\/\\\/auxmode.com\\\/es\\\/herramientasgratuitas\\\/calculadora-de-ingresos-diarios-de-shorts-de-youtube\\\/#breadcrumb\"},\"inLanguage\":\"es\",\"potentialAction\":[{\"@type\":\"ReadAction\",\"target\":[\"https:\\\/\\\/auxmode.com\\\/es\\\/herramientasgratuitas\\\/calculadora-de-ingresos-diarios-de-shorts-de-youtube\\\/\"]}]},{\"@type\":\"BreadcrumbList\",\"@id\":\"https:\\\/\\\/auxmode.com\\\/es\\\/herramientasgratuitas\\\/calculadora-de-ingresos-diarios-de-shorts-de-youtube\\\/#breadcrumb\",\"itemListElement\":[{\"@type\":\"ListItem\",\"position\":1,\"name\":\"Home\",\"item\":\"https:\\\/\\\/auxmode.com\\\/es\\\/\"},{\"@type\":\"ListItem\",\"position\":2,\"name\":\"Herramientas gratuitas\",\"item\":\"https:\\\/\\\/auxmode.com\\\/es\\\/herramientasgratuitas\\\/\"},{\"@type\":\"ListItem\",\"position\":3,\"name\":\"Calculadora de ingresos diarios de Shorts de YouTube\"}]},{\"@type\":\"WebSite\",\"@id\":\"https:\\\/\\\/auxmode.com\\\/#website\",\"url\":\"https:\\\/\\\/auxmode.com\\\/\",\"name\":\"Aux Mode\",\"description\":\"YouTube content monetization protection and Revenue Reporting Automation.\",\"inLanguage\":\"es\"}]}<\/script>\n<!-- \/ Yoast SEO plugin. -->","yoast_head_json":{"title":"Calculadora de ingresos diarios de Shorts de YouTube - Aux Mode","robots":{"index":"index","follow":"follow","max-snippet":"max-snippet:-1","max-image-preview":"max-image-preview:large","max-video-preview":"max-video-preview:-1"},"canonical":"https:\/\/auxmode.com\/es\/herramientasgratuitas\/calculadora-de-ingresos-diarios-de-shorts-de-youtube\/","og_locale":"es_ES","og_type":"article","og_title":"Calculadora de ingresos diarios de Shorts de YouTube - Aux Mode","og_url":"https:\/\/auxmode.com\/es\/herramientasgratuitas\/calculadora-de-ingresos-diarios-de-shorts-de-youtube\/","og_site_name":"Aux Mode","article_modified_time":"2024-05-24T07:46:15+00:00","twitter_card":"summary_large_image","twitter_misc":{"Tiempo de lectura":"1 minuto"},"schema":{"@context":"https:\/\/schema.org","@graph":[{"@type":"WebPage","@id":"https:\/\/auxmode.com\/es\/herramientasgratuitas\/calculadora-de-ingresos-diarios-de-shorts-de-youtube\/","url":"https:\/\/auxmode.com\/es\/herramientasgratuitas\/calculadora-de-ingresos-diarios-de-shorts-de-youtube\/","name":"Calculadora de ingresos diarios de Shorts de YouTube - Aux Mode","isPartOf":{"@id":"https:\/\/auxmode.com\/#website"},"datePublished":"2024-05-24T07:46:11+00:00","dateModified":"2024-05-24T07:46:15+00:00","breadcrumb":{"@id":"https:\/\/auxmode.com\/es\/herramientasgratuitas\/calculadora-de-ingresos-diarios-de-shorts-de-youtube\/#breadcrumb"},"inLanguage":"es","potentialAction":[{"@type":"ReadAction","target":["https:\/\/auxmode.com\/es\/herramientasgratuitas\/calculadora-de-ingresos-diarios-de-shorts-de-youtube\/"]}]},{"@type":"BreadcrumbList","@id":"https:\/\/auxmode.com\/es\/herramientasgratuitas\/calculadora-de-ingresos-diarios-de-shorts-de-youtube\/#breadcrumb","itemListElement":[{"@type":"ListItem","position":1,"name":"Home","item":"https:\/\/auxmode.com\/es\/"},{"@type":"ListItem","position":2,"name":"Herramientas gratuitas","item":"https:\/\/auxmode.com\/es\/herramientasgratuitas\/"},{"@type":"ListItem","position":3,"name":"Calculadora de ingresos diarios de Shorts de YouTube"}]},{"@type":"WebSite","@id":"https:\/\/auxmode.com\/#website","url":"https:\/\/auxmode.com\/","name":"Aux Mode","description":"YouTube content monetization protection and Revenue Reporting Automation.","inLanguage":"es"}]}},"_links":{"self":[{"href":"https:\/\/auxmode.com\/es\/wp-json\/wp\/v2\/pages\/26415","targetHints":{"allow":["GET"]}}],"collection":[{"href":"https:\/\/auxmode.com\/es\/wp-json\/wp\/v2\/pages"}],"about":[{"href":"https:\/\/auxmode.com\/es\/wp-json\/wp\/v2\/types\/page"}],"author":[{"embeddable":true,"href":"https:\/\/auxmode.com\/es\/wp-json\/wp\/v2\/users\/1"}],"replies":[{"embeddable":true,"href":"https:\/\/auxmode.com\/es\/wp-json\/wp\/v2\/comments?post=26415"}],"version-history":[{"count":1,"href":"https:\/\/auxmode.com\/es\/wp-json\/wp\/v2\/pages\/26415\/revisions"}],"predecessor-version":[{"id":26418,"href":"https:\/\/auxmode.com\/es\/wp-json\/wp\/v2\/pages\/26415\/revisions\/26418"}],"up":[{"embeddable":true,"href":"https:\/\/auxmode.com\/es\/wp-json\/wp\/v2\/pages\/22326"}],"wp:attachment":[{"href":"https:\/\/auxmode.com\/es\/wp-json\/wp\/v2\/media?parent=26415"}],"curies":[{"name":"wp","href":"https:\/\/api.w.org\/{rel}","templated":true}]}}