{"id":26412,"date":"2024-05-24T06:50:57","date_gmt":"2024-05-24T06:50:57","guid":{"rendered":"https:\/\/auxmode.com\/?page_id=26412"},"modified":"2024-05-24T06:51:00","modified_gmt":"2024-05-24T06:51:00","slug":"marca-de-agua-para-miniaturas-de-youtube","status":"publish","type":"page","link":"https:\/\/auxmode.com\/es\/herramientasgratuitas\/marca-de-agua-para-miniaturas-de-youtube\/","title":{"rendered":"Marca de agua para miniaturas de YouTube"},"content":{"rendered":"\n<p>Marca de agua de imagen personalizable gratuita utilizada para miniaturas de YouTube, arte clave de Amazon, publicaciones en Instagram, publicaciones en Facebook y m\u00e1s! La imagen debe ser un archivo JPEG\/JPG y la marca de agua debe ser un archivo PNG. Usa las opciones a continuaci\u00f3n para personalizar c\u00f3mo te gustar\u00eda que se vea la imagen con marca de agua. Las instrucciones sobre c\u00f3mo utilizar esta herramienta est\u00e1n m\u00e1s abajo.<\/p>\n\n\n\n<p>NOTA: El tama\u00f1o de la imagen con marca de agua ser\u00e1 igual al tama\u00f1o de la imagen de entrada, y el tama\u00f1o de la marca de agua en la imagen corresponder\u00e1 al tama\u00f1o original de la marca de agua en comparaci\u00f3n con el tama\u00f1o de la imagen de entrada. Esto significa que si la marca de agua es m\u00e1s grande que la imagen, cubrir\u00e1 toda la imagen y puede ser cortada. Para solucionar cualquier problema de tama\u00f1o, los archivos de imagen originales deben ser redimensionados.<\/p>\n\n\n\n<p>Tama\u00f1os recomendados de im\u00e1genes:<\/p>\n\n\n\n<div class=\"wp-block-pb-accordion-item c-accordion__item js-accordion-item no-js is-open\" data-initially-open=\"true\" data-click-to-close=\"true\" data-auto-close=\"true\" data-scroll=\"false\" data-scroll-offset=\"0\"><h4 id=\"at-264120\" class=\"c-accordion__title js-accordion-controller\" role=\"button\">Tama\u00f1os recomendados de miniaturas de YouTube:<\/h4><div id=\"ac-264120\" class=\"c-accordion__content\">\n<p>3840 x 2160 p\u00edxeles = Calidad 4K<br>2560 x 1440 p\u00edxeles = Calidad 2K<br>1920 x 1080 p\u00edxeles = Resoluci\u00f3n m\u00e1xima para HD<br>1280 x 720 p\u00edxeles = Resoluci\u00f3n m\u00ednima para HD<br>854 x 480 p\u00edxeles = Definici\u00f3n est\u00e1ndar<br>640 x 360 p\u00edxeles = Resoluci\u00f3n tradicional de sitios web<br>426 x 240 p\u00edxeles = Tama\u00f1o m\u00ednimo de video de YouTube<\/p>\n<\/div><\/div>\n\n\n\n<div class=\"wp-block-pb-accordion-item c-accordion__item js-accordion-item no-js\" data-initially-open=\"false\" data-click-to-close=\"true\" data-auto-close=\"true\" data-scroll=\"false\" data-scroll-offset=\"0\"><h4 id=\"at-264121\" class=\"c-accordion__title js-accordion-controller\" role=\"button\">Tama\u00f1os recomendados de arte clave de Amazon:<\/h4><div id=\"ac-264121\" class=\"c-accordion__content\">\n<p>1920 x 1080 p\u00edxeles<br>1600 x 1200 p\u00edxeles<br>200 x 1600 p\u00edxeles<br>Fondo = 1920 x 1080 p\u00edxeles<\/p>\n<\/div><\/div>\n\n\n\n<div class=\"wp-block-pb-accordion-item c-accordion__item js-accordion-item no-js\" data-initially-open=\"false\" data-click-to-close=\"true\" data-auto-close=\"true\" data-scroll=\"false\" data-scroll-offset=\"0\"><h4 id=\"at-264122\" class=\"c-accordion__title js-accordion-controller\" role=\"button\">Tama\u00f1os recomendados de publicaciones de Instagram:<\/h4><div id=\"ac-264122\" class=\"c-accordion__content\">\n<p>1080 x 1080 p\u00edxeles = Publicaci\u00f3n cuadrada<br>1080 x 556 p\u00edxeles = Publicaci\u00f3n horizontal<br>1080 x 1350 p\u00edxeles = Publicaci\u00f3n vertical<\/p>\n<\/div><\/div>\n\n\n\n<div class=\"wp-block-pb-accordion-item c-accordion__item js-accordion-item no-js\" data-initially-open=\"false\" data-click-to-close=\"true\" data-auto-close=\"true\" data-scroll=\"false\" data-scroll-offset=\"0\"><h4 id=\"at-264123\" class=\"c-accordion__title js-accordion-controller\" role=\"button\">Tama\u00f1o recomendado de publicaciones de Facebook:<\/h4><div id=\"ac-264123\" class=\"c-accordion__content\">\n<p>1200 x 630 p\u00edxeles<\/p>\n<\/div><\/div>\n\n\n\n<h3 class=\"wp-block-heading\">C\u00f3mo agregar una marca de agua a una imagen:<\/h3>\n\n\n\n<ol class=\"wp-block-list\">\n<li>Carga un archivo JPEG\/JPG en la secci\u00f3n de carga de im\u00e1genes.<\/li>\n\n\n\n<li>Carga un archivo PNG en la secci\u00f3n de carga de marcas de agua.<\/li>\n\n\n\n<li>Selecciona un \u00e1rea de la imagen donde quieres colocar la marca de agua: Inferior derecha, Inferior izquierda, Superior derecha, Superior izquierda o Centro. Se recomienda la esquina inferior derecha.<\/li>\n\n\n\n<li>Utiliza el control deslizante, que va de 0.05 a 1, para seleccionar qu\u00e9 tan opaca quieres que sea la marca de agua. 0.05 es pr\u00e1cticamente invisible y 1 es completamente opaca.<\/li>\n\n\n\n<li>\u00a1Haz clic en \u00a1Listo! y observa las previsualizaciones de tu imagen, marca de agua y la nueva imagen con marca de agua.<\/li>\n\n\n\n<li>Opcional: Si la imagen con marca de agua es satisfactoria, haz clic en el bot\u00f3n de descarga debajo de ella para descargarla en tu ordenador. Si no es satisfactoria, repite los pasos anteriores con diferentes par\u00e1metros para obtener resultados diferentes.<\/li>\n<\/ol>\n\n\n\n<p>Nota: Los archivos de imagen grandes pueden tardar un momento en cargar y descargarse.<\/p>\n\n\n\t\t<div class=\"watermark-youtube-thumbnails youtube-calculator-wrapper\">\n\t\t    <div class=\"row\">\n\t\t        <div class=\"col-md-6 image-upload mt-5\">\n\t\t            <form class=\"form-inline\" id=\"imageUpload\">\n\t\t                <div class=\"form-group\">\n\t\t                    <label for=\"imageInput\">Cargar imagen (JPG)<\/label>\n\t\t                    <input type=\"file\" id=\"imageInput\" accept=\"image\/jpeg\">\n\t\t                <\/div>\n\t\t            <\/form>\n\n\t\t            <div class=\"image-preview\"><\/div>\n\t\t        <\/div>\n\n\t\t        <div class=\"col-md-6 watermark-upload mt-5\">\n\t\t            <form class=\"form-inline\" id=\"watermarkUpload\">\n\t\t                <div class=\"form-group\">\n\t\t                    <label for=\"watermarkInput\">Cargar marca de agua (PNG)<\/label>\n\t\t                    <input type=\"file\" id=\"watermarkInput\" accept=\"image\/png\">\n\t\t                <\/div>\n\t\t            <\/form>\n\n\t\t            <div class=\"watermark-preview\"><\/div>\n\t\t        <\/div>\n\t\t    <\/div>\n\n\t\t    <div class=\"row\">\n\t\t        <div class=\"col-md-12\">\n\t\t            <div class=\"form-group\">\n\t\t                <label>Seleccionar \u00e1rea para la marca de agua<\/label>\n\t\t                <label class=\"checkbox-inline\" for=\"LR\">\n\t\t                    <input type=\"radio\" id=\"LR\" name=\"position\" value=\"lowerRight\" checked=\"checked\"> Abajo a la derecha\t\t                <\/label>\n\n\t\t                <label class=\"checkbox-inline\" for=\"LL\">\n\t\t                    <input type=\"radio\" id=\"LL\" name=\"position\" value=\"lowerLeft\"> Abajo a la izquierda\t\t                <\/label>\n\n\t\t                <label class=\"checkbox-inline\" for=\"UR\">\n\t\t                    <input type=\"radio\" id=\"UR\" name=\"position\" value=\"upperRight\"> Arriba a la derecha\t\t                <\/label>\n\n\t\t                <label class=\"checkbox-inline\" for=\"UL\">\n\t\t                    <input type=\"radio\" id=\"UL\" name=\"position\" value=\"upperLeft\"> Arriba a la izquierda\t\t                <\/label>\n\n\t\t                <label class=\"checkbox-inline\" for=\"C\">\n\t\t                    <input type=\"radio\" id=\"C\" name=\"position\" value=\"center\"> Centro\t\t                <\/label>\n\t\t            <\/div>\n\n\t\t            <div class=\"form-group has-tooltips\">\n\t\t                <label for=\"opacityValue\">Opacidad: <\/label> <span class=\"slider-value\"><\/span>\n\t\t                <input type=\"hidden\" name=\"opacityValue\" id=\"opacityValue\" value=\"0.5\" \/>\n\t\t                <div id=\"slider-opacity-value\" class=\"nouislider-elem\" data-min=\"0.05\" data-max=\"1\" data-step=\"0.05\" data-input=\"#opacityValue\"><\/div>\n\t\t            <\/div>\n\t\t        <\/div>\n\t\t    <\/div>\n\n\t\t    <button class=\"btn\" type=\"button\" id=\"apply-watermark\">Ir!<\/button>\n\n\t\t    <div class=\"image-result\">\n\t\t        <div class=\"result-preview\"><\/div>\n\t\t        <div class=\"action-buttons\" style=\"display: none\">\n\t\t            <button class=\"btn mt-5\" id=\"downloadButton\" type=\"button\" data-download=\"display\">Descargar imagen<\/button>\n\t\t            <button class=\"btn btn-outline mt-5\" id=\"resetButton\" type=\"button\">Restablecer<\/button>\n\t\t        <\/div>\n\t\t    <\/div>\n\t\t<\/div>\n\t\n","protected":false},"excerpt":{"rendered":"<p>Marca de agua de imagen personalizable gratuita utilizada para miniaturas de YouTube, arte clave de Amazon, publicaciones en Instagram, publicaciones en Facebook y m\u00e1s! La imagen debe ser un archivo JPEG\/JPG y la marca de agua debe ser un archivo PNG. Usa las opciones a continuaci\u00f3n para personalizar c\u00f3mo te gustar\u00eda que se vea la &hellip; <\/p>\n<p><a class=\"more-link btn\" href=\"https:\/\/auxmode.com\/es\/herramientasgratuitas\/marca-de-agua-para-miniaturas-de-youtube\/\">Seguir leyendo<\/a><\/p>\n","protected":false},"author":1,"featured_media":0,"parent":22326,"menu_order":0,"comment_status":"closed","ping_status":"closed","template":"","meta":{"_acf_changed":false,"amp_status":"","footnotes":""},"class_list":["post-26412","page","type-page","status-publish","hentry","nodate","item-wrap"],"acf":[],"yoast_head":"<!-- This site is optimized with the Yoast SEO plugin v27.3 - https:\/\/yoast.com\/product\/yoast-seo-wordpress\/ -->\n<title>Marca de agua para miniaturas de YouTube - Aux Mode<\/title>\n<meta name=\"robots\" content=\"index, follow, max-snippet:-1, max-image-preview:large, max-video-preview:-1\" \/>\n<link rel=\"canonical\" href=\"https:\/\/auxmode.com\/es\/herramientasgratuitas\/marca-de-agua-para-miniaturas-de-youtube\/\" \/>\n<meta property=\"og:locale\" content=\"es_ES\" \/>\n<meta property=\"og:type\" content=\"article\" \/>\n<meta property=\"og:title\" content=\"Marca de agua para miniaturas de YouTube - Aux Mode\" \/>\n<meta property=\"og:description\" content=\"Marca de agua de imagen personalizable gratuita utilizada para miniaturas de YouTube, arte clave de Amazon, publicaciones en Instagram, publicaciones en Facebook y m\u00e1s! La imagen debe ser un archivo JPEG\/JPG y la marca de agua debe ser un archivo PNG. Usa las opciones a continuaci\u00f3n para personalizar c\u00f3mo te gustar\u00eda que se vea la &hellip; Seguir leyendo\" \/>\n<meta property=\"og:url\" content=\"https:\/\/auxmode.com\/es\/herramientasgratuitas\/marca-de-agua-para-miniaturas-de-youtube\/\" \/>\n<meta property=\"og:site_name\" content=\"Aux Mode\" \/>\n<meta property=\"article:modified_time\" content=\"2024-05-24T06:51:00+00:00\" \/>\n<meta name=\"twitter:card\" content=\"summary_large_image\" \/>\n<meta name=\"twitter:label1\" content=\"Tiempo de lectura\" \/>\n\t<meta name=\"twitter:data1\" content=\"3 minutos\" \/>\n<script type=\"application\/ld+json\" class=\"yoast-schema-graph\">{\"@context\":\"https:\\\/\\\/schema.org\",\"@graph\":[{\"@type\":\"WebPage\",\"@id\":\"https:\\\/\\\/auxmode.com\\\/es\\\/herramientasgratuitas\\\/marca-de-agua-para-miniaturas-de-youtube\\\/\",\"url\":\"https:\\\/\\\/auxmode.com\\\/es\\\/herramientasgratuitas\\\/marca-de-agua-para-miniaturas-de-youtube\\\/\",\"name\":\"Marca de agua para miniaturas de YouTube - Aux Mode\",\"isPartOf\":{\"@id\":\"https:\\\/\\\/auxmode.com\\\/#website\"},\"datePublished\":\"2024-05-24T06:50:57+00:00\",\"dateModified\":\"2024-05-24T06:51:00+00:00\",\"breadcrumb\":{\"@id\":\"https:\\\/\\\/auxmode.com\\\/es\\\/herramientasgratuitas\\\/marca-de-agua-para-miniaturas-de-youtube\\\/#breadcrumb\"},\"inLanguage\":\"es\",\"potentialAction\":[{\"@type\":\"ReadAction\",\"target\":[\"https:\\\/\\\/auxmode.com\\\/es\\\/herramientasgratuitas\\\/marca-de-agua-para-miniaturas-de-youtube\\\/\"]}]},{\"@type\":\"BreadcrumbList\",\"@id\":\"https:\\\/\\\/auxmode.com\\\/es\\\/herramientasgratuitas\\\/marca-de-agua-para-miniaturas-de-youtube\\\/#breadcrumb\",\"itemListElement\":[{\"@type\":\"ListItem\",\"position\":1,\"name\":\"Home\",\"item\":\"https:\\\/\\\/auxmode.com\\\/es\\\/\"},{\"@type\":\"ListItem\",\"position\":2,\"name\":\"Herramientas gratuitas\",\"item\":\"https:\\\/\\\/auxmode.com\\\/es\\\/herramientasgratuitas\\\/\"},{\"@type\":\"ListItem\",\"position\":3,\"name\":\"Marca de agua para miniaturas de YouTube\"}]},{\"@type\":\"WebSite\",\"@id\":\"https:\\\/\\\/auxmode.com\\\/#website\",\"url\":\"https:\\\/\\\/auxmode.com\\\/\",\"name\":\"Aux Mode\",\"description\":\"YouTube content monetization protection and Revenue Reporting Automation.\",\"inLanguage\":\"es\"}]}<\/script>\n<!-- \/ Yoast SEO plugin. -->","yoast_head_json":{"title":"Marca de agua para miniaturas de YouTube - Aux Mode","robots":{"index":"index","follow":"follow","max-snippet":"max-snippet:-1","max-image-preview":"max-image-preview:large","max-video-preview":"max-video-preview:-1"},"canonical":"https:\/\/auxmode.com\/es\/herramientasgratuitas\/marca-de-agua-para-miniaturas-de-youtube\/","og_locale":"es_ES","og_type":"article","og_title":"Marca de agua para miniaturas de YouTube - Aux Mode","og_description":"Marca de agua de imagen personalizable gratuita utilizada para miniaturas de YouTube, arte clave de Amazon, publicaciones en Instagram, publicaciones en Facebook y m\u00e1s! La imagen debe ser un archivo JPEG\/JPG y la marca de agua debe ser un archivo PNG. Usa las opciones a continuaci\u00f3n para personalizar c\u00f3mo te gustar\u00eda que se vea la &hellip; Seguir leyendo","og_url":"https:\/\/auxmode.com\/es\/herramientasgratuitas\/marca-de-agua-para-miniaturas-de-youtube\/","og_site_name":"Aux Mode","article_modified_time":"2024-05-24T06:51:00+00:00","twitter_card":"summary_large_image","twitter_misc":{"Tiempo de lectura":"3 minutos"},"schema":{"@context":"https:\/\/schema.org","@graph":[{"@type":"WebPage","@id":"https:\/\/auxmode.com\/es\/herramientasgratuitas\/marca-de-agua-para-miniaturas-de-youtube\/","url":"https:\/\/auxmode.com\/es\/herramientasgratuitas\/marca-de-agua-para-miniaturas-de-youtube\/","name":"Marca de agua para miniaturas de YouTube - Aux Mode","isPartOf":{"@id":"https:\/\/auxmode.com\/#website"},"datePublished":"2024-05-24T06:50:57+00:00","dateModified":"2024-05-24T06:51:00+00:00","breadcrumb":{"@id":"https:\/\/auxmode.com\/es\/herramientasgratuitas\/marca-de-agua-para-miniaturas-de-youtube\/#breadcrumb"},"inLanguage":"es","potentialAction":[{"@type":"ReadAction","target":["https:\/\/auxmode.com\/es\/herramientasgratuitas\/marca-de-agua-para-miniaturas-de-youtube\/"]}]},{"@type":"BreadcrumbList","@id":"https:\/\/auxmode.com\/es\/herramientasgratuitas\/marca-de-agua-para-miniaturas-de-youtube\/#breadcrumb","itemListElement":[{"@type":"ListItem","position":1,"name":"Home","item":"https:\/\/auxmode.com\/es\/"},{"@type":"ListItem","position":2,"name":"Herramientas gratuitas","item":"https:\/\/auxmode.com\/es\/herramientasgratuitas\/"},{"@type":"ListItem","position":3,"name":"Marca de agua para miniaturas de YouTube"}]},{"@type":"WebSite","@id":"https:\/\/auxmode.com\/#website","url":"https:\/\/auxmode.com\/","name":"Aux Mode","description":"YouTube content monetization protection and Revenue Reporting Automation.","inLanguage":"es"}]}},"_links":{"self":[{"href":"https:\/\/auxmode.com\/es\/wp-json\/wp\/v2\/pages\/26412","targetHints":{"allow":["GET"]}}],"collection":[{"href":"https:\/\/auxmode.com\/es\/wp-json\/wp\/v2\/pages"}],"about":[{"href":"https:\/\/auxmode.com\/es\/wp-json\/wp\/v2\/types\/page"}],"author":[{"embeddable":true,"href":"https:\/\/auxmode.com\/es\/wp-json\/wp\/v2\/users\/1"}],"replies":[{"embeddable":true,"href":"https:\/\/auxmode.com\/es\/wp-json\/wp\/v2\/comments?post=26412"}],"version-history":[{"count":1,"href":"https:\/\/auxmode.com\/es\/wp-json\/wp\/v2\/pages\/26412\/revisions"}],"predecessor-version":[{"id":26413,"href":"https:\/\/auxmode.com\/es\/wp-json\/wp\/v2\/pages\/26412\/revisions\/26413"}],"up":[{"embeddable":true,"href":"https:\/\/auxmode.com\/es\/wp-json\/wp\/v2\/pages\/22326"}],"wp:attachment":[{"href":"https:\/\/auxmode.com\/es\/wp-json\/wp\/v2\/media?parent=26412"}],"curies":[{"name":"wp","href":"https:\/\/api.w.org\/{rel}","templated":true}]}}