{"id":26408,"date":"2024-05-24T02:52:23","date_gmt":"2024-05-24T02:52:23","guid":{"rendered":"https:\/\/auxmode.com\/?page_id=26408"},"modified":"2024-05-24T02:52:26","modified_gmt":"2024-05-24T02:52:26","slug":"programa-de-publicacion-de-contenido-en-youtube","status":"publish","type":"page","link":"https:\/\/auxmode.com\/es\/herramientasgratuitas\/programa-de-publicacion-de-contenido-en-youtube\/","title":{"rendered":"Programa de Publicaci\u00f3n de Contenido en YouTube"},"content":{"rendered":"\n<p>Programa gratuito de publicaci\u00f3n de contenido en YouTube. Navega por el calendario seleccionando la fecha deseada y haciendo clic en Ir a o usando las flechas. Pasa el mouse sobre un d\u00eda espec\u00edfico para ver informaci\u00f3n sobre ese d\u00eda en particular. Cada d\u00eda tiene recomendaciones de contenido sobre qu\u00e9 publicar, el mejor momento para cargar ese d\u00eda y una calificaci\u00f3n de qu\u00e9 tan bueno es el d\u00eda para publicar. Las vacaciones est\u00e1n coloreadas de azul y tienen su nombre, as\u00ed como recomendaciones especiales de contenido.<\/p>\n\n\n\n<p>La clasificaci\u00f3n es: Malo -> Regular -> Bueno -> Muy Bueno -> D\u00eda Genial.<\/p>\n\n\n\t\t<div class=\"youtube-content-release-schedule youtube-calculator-wrapper\">\n\t\t\t<div class=\"row\">\n\t\t\t\t<div class=\"col-12 col-md-4\">\n\t\t\t\t\t<form id=\"monthForm\" class=\"form-inline\">\n\t\t\t\t\t\t    <label for=\"monthInput\">Selecciona una fecha:<\/label>\n\t\t\t\t\t\t    <input class=\"form-control\" type=\"month\" id=\"monthInput\" min=\"2008-01\" required \/>\n\t\t\t\t\t\t    <button class=\"btn btn-primary\" type=\"submit\" onclick=\"jump()\">Ir a<\/button>\n\t\t\t\t\t<\/form>\n\t\t\t\t<\/div>\n\t\t\t<\/div>\n\n\t\t\t<p id=\"dateTitle\"><\/p>\n\n\t\t\t<div>\n\t\t\t    <button id='leftButton' class='convert-button btn btn-sm btn-outline-primary' onclick=\"shift(-1)\">< Mes anterior<\/button>\n\t\t\t    <button id='rightButton' class='convert-button btn btn-sm btn-outline-primary' onclick=\"shift(1)\">Mes siguiente ><\/button>\n\t\t\t<\/div>\n\n\t\t\t<div class=\"row\">\n\t\t\t\t<div class=\"col-12 col-md-6\">\n\t\t\t    \t<div id=\"calendar\" class=\"table-container table-calendar\"><\/div>\n\t\t\t    <\/div>\n\t\t\t\t<div class=\"col-12 col-md-6\">\n\t\t\t\t    <p id=\"info\"><\/p>\n\t\t\t\t<\/div>\n\t\t\t<\/div>\n\t\t<\/div>\n\t\n","protected":false},"excerpt":{"rendered":"<p>Programa gratuito de publicaci\u00f3n de contenido en YouTube. Navega por el calendario seleccionando la fecha deseada y haciendo clic en Ir a o usando las flechas. Pasa el mouse sobre un d\u00eda espec\u00edfico para ver informaci\u00f3n sobre ese d\u00eda en particular. Cada d\u00eda tiene recomendaciones de contenido sobre qu\u00e9 publicar, el mejor momento para cargar &hellip; <\/p>\n<p><a class=\"more-link btn\" href=\"https:\/\/auxmode.com\/es\/herramientasgratuitas\/programa-de-publicacion-de-contenido-en-youtube\/\">Seguir leyendo<\/a><\/p>\n","protected":false},"author":1,"featured_media":0,"parent":22326,"menu_order":0,"comment_status":"closed","ping_status":"closed","template":"","meta":{"_acf_changed":false,"amp_status":"","footnotes":""},"class_list":["post-26408","page","type-page","status-publish","hentry","nodate","item-wrap"],"acf":[],"yoast_head":"<!-- This site is optimized with the Yoast SEO plugin v27.3 - https:\/\/yoast.com\/product\/yoast-seo-wordpress\/ -->\n<title>Programa de Publicaci\u00f3n de Contenido en YouTube - Aux Mode<\/title>\n<meta name=\"robots\" content=\"index, follow, max-snippet:-1, max-image-preview:large, max-video-preview:-1\" \/>\n<link rel=\"canonical\" href=\"https:\/\/auxmode.com\/es\/herramientasgratuitas\/programa-de-publicacion-de-contenido-en-youtube\/\" \/>\n<meta property=\"og:locale\" content=\"es_ES\" \/>\n<meta property=\"og:type\" content=\"article\" \/>\n<meta property=\"og:title\" content=\"Programa de Publicaci\u00f3n de Contenido en YouTube - Aux Mode\" \/>\n<meta property=\"og:description\" content=\"Programa gratuito de publicaci\u00f3n de contenido en YouTube. Navega por el calendario seleccionando la fecha deseada y haciendo clic en Ir a o usando las flechas. Pasa el mouse sobre un d\u00eda espec\u00edfico para ver informaci\u00f3n sobre ese d\u00eda en particular. Cada d\u00eda tiene recomendaciones de contenido sobre qu\u00e9 publicar, el mejor momento para cargar &hellip; Seguir leyendo\" \/>\n<meta property=\"og:url\" content=\"https:\/\/auxmode.com\/es\/herramientasgratuitas\/programa-de-publicacion-de-contenido-en-youtube\/\" \/>\n<meta property=\"og:site_name\" content=\"Aux Mode\" \/>\n<meta property=\"article:modified_time\" content=\"2024-05-24T02:52:26+00:00\" \/>\n<meta name=\"twitter:card\" content=\"summary_large_image\" \/>\n<meta name=\"twitter:label1\" content=\"Tiempo de lectura\" \/>\n\t<meta name=\"twitter:data1\" content=\"1 minuto\" \/>\n<script type=\"application\/ld+json\" class=\"yoast-schema-graph\">{\"@context\":\"https:\\\/\\\/schema.org\",\"@graph\":[{\"@type\":\"WebPage\",\"@id\":\"https:\\\/\\\/auxmode.com\\\/es\\\/herramientasgratuitas\\\/programa-de-publicacion-de-contenido-en-youtube\\\/\",\"url\":\"https:\\\/\\\/auxmode.com\\\/es\\\/herramientasgratuitas\\\/programa-de-publicacion-de-contenido-en-youtube\\\/\",\"name\":\"Programa de Publicaci\u00f3n de Contenido en YouTube - Aux Mode\",\"isPartOf\":{\"@id\":\"https:\\\/\\\/auxmode.com\\\/#website\"},\"datePublished\":\"2024-05-24T02:52:23+00:00\",\"dateModified\":\"2024-05-24T02:52:26+00:00\",\"breadcrumb\":{\"@id\":\"https:\\\/\\\/auxmode.com\\\/es\\\/herramientasgratuitas\\\/programa-de-publicacion-de-contenido-en-youtube\\\/#breadcrumb\"},\"inLanguage\":\"es\",\"potentialAction\":[{\"@type\":\"ReadAction\",\"target\":[\"https:\\\/\\\/auxmode.com\\\/es\\\/herramientasgratuitas\\\/programa-de-publicacion-de-contenido-en-youtube\\\/\"]}]},{\"@type\":\"BreadcrumbList\",\"@id\":\"https:\\\/\\\/auxmode.com\\\/es\\\/herramientasgratuitas\\\/programa-de-publicacion-de-contenido-en-youtube\\\/#breadcrumb\",\"itemListElement\":[{\"@type\":\"ListItem\",\"position\":1,\"name\":\"Home\",\"item\":\"https:\\\/\\\/auxmode.com\\\/es\\\/\"},{\"@type\":\"ListItem\",\"position\":2,\"name\":\"Herramientas gratuitas\",\"item\":\"https:\\\/\\\/auxmode.com\\\/es\\\/herramientasgratuitas\\\/\"},{\"@type\":\"ListItem\",\"position\":3,\"name\":\"Programa de Publicaci\u00f3n de Contenido en YouTube\"}]},{\"@type\":\"WebSite\",\"@id\":\"https:\\\/\\\/auxmode.com\\\/#website\",\"url\":\"https:\\\/\\\/auxmode.com\\\/\",\"name\":\"Aux Mode\",\"description\":\"YouTube content monetization protection and Revenue Reporting Automation.\",\"inLanguage\":\"es\"}]}<\/script>\n<!-- \/ Yoast SEO plugin. -->","yoast_head_json":{"title":"Programa de Publicaci\u00f3n de Contenido en YouTube - Aux Mode","robots":{"index":"index","follow":"follow","max-snippet":"max-snippet:-1","max-image-preview":"max-image-preview:large","max-video-preview":"max-video-preview:-1"},"canonical":"https:\/\/auxmode.com\/es\/herramientasgratuitas\/programa-de-publicacion-de-contenido-en-youtube\/","og_locale":"es_ES","og_type":"article","og_title":"Programa de Publicaci\u00f3n de Contenido en YouTube - Aux Mode","og_description":"Programa gratuito de publicaci\u00f3n de contenido en YouTube. Navega por el calendario seleccionando la fecha deseada y haciendo clic en Ir a o usando las flechas. Pasa el mouse sobre un d\u00eda espec\u00edfico para ver informaci\u00f3n sobre ese d\u00eda en particular. Cada d\u00eda tiene recomendaciones de contenido sobre qu\u00e9 publicar, el mejor momento para cargar &hellip; Seguir leyendo","og_url":"https:\/\/auxmode.com\/es\/herramientasgratuitas\/programa-de-publicacion-de-contenido-en-youtube\/","og_site_name":"Aux Mode","article_modified_time":"2024-05-24T02:52:26+00:00","twitter_card":"summary_large_image","twitter_misc":{"Tiempo de lectura":"1 minuto"},"schema":{"@context":"https:\/\/schema.org","@graph":[{"@type":"WebPage","@id":"https:\/\/auxmode.com\/es\/herramientasgratuitas\/programa-de-publicacion-de-contenido-en-youtube\/","url":"https:\/\/auxmode.com\/es\/herramientasgratuitas\/programa-de-publicacion-de-contenido-en-youtube\/","name":"Programa de Publicaci\u00f3n de Contenido en YouTube - Aux Mode","isPartOf":{"@id":"https:\/\/auxmode.com\/#website"},"datePublished":"2024-05-24T02:52:23+00:00","dateModified":"2024-05-24T02:52:26+00:00","breadcrumb":{"@id":"https:\/\/auxmode.com\/es\/herramientasgratuitas\/programa-de-publicacion-de-contenido-en-youtube\/#breadcrumb"},"inLanguage":"es","potentialAction":[{"@type":"ReadAction","target":["https:\/\/auxmode.com\/es\/herramientasgratuitas\/programa-de-publicacion-de-contenido-en-youtube\/"]}]},{"@type":"BreadcrumbList","@id":"https:\/\/auxmode.com\/es\/herramientasgratuitas\/programa-de-publicacion-de-contenido-en-youtube\/#breadcrumb","itemListElement":[{"@type":"ListItem","position":1,"name":"Home","item":"https:\/\/auxmode.com\/es\/"},{"@type":"ListItem","position":2,"name":"Herramientas gratuitas","item":"https:\/\/auxmode.com\/es\/herramientasgratuitas\/"},{"@type":"ListItem","position":3,"name":"Programa de Publicaci\u00f3n de Contenido en YouTube"}]},{"@type":"WebSite","@id":"https:\/\/auxmode.com\/#website","url":"https:\/\/auxmode.com\/","name":"Aux Mode","description":"YouTube content monetization protection and Revenue Reporting Automation.","inLanguage":"es"}]}},"_links":{"self":[{"href":"https:\/\/auxmode.com\/es\/wp-json\/wp\/v2\/pages\/26408","targetHints":{"allow":["GET"]}}],"collection":[{"href":"https:\/\/auxmode.com\/es\/wp-json\/wp\/v2\/pages"}],"about":[{"href":"https:\/\/auxmode.com\/es\/wp-json\/wp\/v2\/types\/page"}],"author":[{"embeddable":true,"href":"https:\/\/auxmode.com\/es\/wp-json\/wp\/v2\/users\/1"}],"replies":[{"embeddable":true,"href":"https:\/\/auxmode.com\/es\/wp-json\/wp\/v2\/comments?post=26408"}],"version-history":[{"count":1,"href":"https:\/\/auxmode.com\/es\/wp-json\/wp\/v2\/pages\/26408\/revisions"}],"predecessor-version":[{"id":26409,"href":"https:\/\/auxmode.com\/es\/wp-json\/wp\/v2\/pages\/26408\/revisions\/26409"}],"up":[{"embeddable":true,"href":"https:\/\/auxmode.com\/es\/wp-json\/wp\/v2\/pages\/22326"}],"wp:attachment":[{"href":"https:\/\/auxmode.com\/es\/wp-json\/wp\/v2\/media?parent=26408"}],"curies":[{"name":"wp","href":"https:\/\/api.w.org\/{rel}","templated":true}]}}