{"id":26404,"date":"2024-05-18T08:18:53","date_gmt":"2024-05-18T08:18:53","guid":{"rendered":"https:\/\/auxmode.com\/?page_id=26404"},"modified":"2024-05-18T08:18:58","modified_gmt":"2024-05-18T08:18:58","slug":"api-de-calculadora-integrable","status":"publish","type":"page","link":"https:\/\/auxmode.com\/es\/herramientasgratuitas\/api-de-calculadora-integrable\/","title":{"rendered":"API de calculadora integrable"},"content":{"rendered":"\n<h2 class=\"wp-block-heading\">Comenzar<\/h2>\n\n\n\n<p>Selecciona la calculadora e introduce tu direcci\u00f3n de correo electr\u00f3nico en el formulario a continuaci\u00f3n.<br>El c\u00f3digo de inserci\u00f3n junto con las instrucciones de uso se enviar\u00e1 a tu correo electr\u00f3nico.<\/p>\n\n\n\n\t\t<form class=\"calculator-embed-form\" method=\"post\" action=\"\">\n\t\t\t<div class=\"form-group\">\n\t\t\t\t<label for=\"calculator-select\">Calculadora<\/label>\n\t\t\t\t<select name=\"calculator\" id=\"calculator-select\" required>\n\t\t\t\t\t<option value=\"\"><\/option>\n\t\t\t\t\t\t\t\t\t\t\t<option value=\"mspc\" >\n\t\t\t\t\t\t\tCalculadora de precio de suscripci\u00f3n mensual a redes sociales\t\t\t\t\t\t<\/option>\n\t\t\t\t\t\t\t\t\t\t\t<option value=\"smvc\" >\n\t\t\t\t\t\t\tCalculadora de valor de redes sociales\t\t\t\t\t\t<\/option>\n\t\t\t\t\t\t\t\t\t\t\t<option value=\"ytrc\" >\n\t\t\t\t\t\t\tCalculadora de ingresos de YouTube\t\t\t\t\t\t<\/option>\n\t\t\t\t\t\t\t\t\t\t\t<option value=\"ytvtmc\" >\n\t\t\t\t\t\t\tCalculadora de visualizaciones a dinero de YouTube\t\t\t\t\t\t<\/option>\n\t\t\t\t\t\t\t\t\t\t\t<option value=\"ytvsrc\" >\n\t\t\t\t\t\t\tCalculadora de proporci\u00f3n de visualizaciones a suscriptores de YouTube\t\t\t\t\t\t<\/option>\n\t\t\t\t\t\t\t\t\t<\/select>\n\t\t\t<\/div>\n\n\t\t\t<div class=\"form-group\">\n\t\t\t\t<label for=\"calculator-email\">Correo electr\u00f3nico<\/label>\n\t\t\t\t<input type=\"email\" name=\"email\" id=\"calculator-email\" value=\"\" required \/>\n\t\t\t<\/div>\n\n\t\t\t<button type=\"submit\" class=\"btn btn-block btn-primary\">Obtener c\u00f3digo de inserci\u00f3n<\/button>\n\t\t<\/form>\n\t\n\n\n\n<hr class=\"wp-block-separator has-css-opacity\"\/>\n\n\n\n<h2 class=\"wp-block-heading\">Introducci\u00f3n<\/h2>\n\n\n\n<p>La API de inserci\u00f3n de calculadoras te permite colocar una calculadora interactiva en tu p\u00e1gina web con una simple solicitud HTTP. Puede ser f\u00e1cilmente incrustada en tu p\u00e1gina web o blog estableciendo la URL de la API de inserci\u00f3n de calculadoras como el atributo src de un iframe.<\/p>\n\n\n\n<figure class=\"wp-block-image size-large\"><img decoding=\"async\" src=\"http:\/\/auxmode.com\/wp-content\/themes\/auxmode\/images\/how-to-embed-code-in-wordpress.gif\" alt=\"\"\/><\/figure>\n\n\n\n<p><\/p>\n","protected":false},"excerpt":{"rendered":"<p>Comenzar <\/p>\n<p>Selecciona la calculadora e introduce tu direcci\u00f3n de correo electr\u00f3nico en el formulario a continuaci\u00f3n.El c\u00f3digo de inserci\u00f3n junto con las instrucciones de uso se enviar\u00e1 a tu correo electr\u00f3nico.<\/p>\n<\/p>\n<p> Introducci\u00f3n <\/p>\n<p>La API de inserci\u00f3n de calculadoras te permite colocar una calculadora interactiva en tu p\u00e1gina web con una simple solicitud HTTP. Puede &hellip; <\/p>\n<p><a class=\"more-link btn\" href=\"https:\/\/auxmode.com\/es\/herramientasgratuitas\/api-de-calculadora-integrable\/\">Seguir leyendo<\/a><\/p>\n","protected":false},"author":1,"featured_media":0,"parent":22326,"menu_order":0,"comment_status":"closed","ping_status":"closed","template":"","meta":{"_acf_changed":false,"amp_status":"","footnotes":""},"class_list":["post-26404","page","type-page","status-publish","hentry","nodate","item-wrap"],"acf":[],"yoast_head":"<!-- This site is optimized with the Yoast SEO plugin v27.4 - https:\/\/yoast.com\/product\/yoast-seo-wordpress\/ -->\n<title>API de calculadora integrable - Aux Mode<\/title>\n<meta name=\"robots\" content=\"index, follow, max-snippet:-1, max-image-preview:large, max-video-preview:-1\" \/>\n<link rel=\"canonical\" href=\"https:\/\/auxmode.com\/es\/herramientasgratuitas\/api-de-calculadora-integrable\/\" \/>\n<meta property=\"og:locale\" content=\"es_ES\" \/>\n<meta property=\"og:type\" content=\"article\" \/>\n<meta property=\"og:title\" content=\"API de calculadora integrable - Aux Mode\" \/>\n<meta property=\"og:description\" content=\"Comenzar Selecciona la calculadora e introduce tu direcci\u00f3n de correo electr\u00f3nico en el formulario a continuaci\u00f3n.El c\u00f3digo de inserci\u00f3n junto con las instrucciones de uso se enviar\u00e1 a tu correo electr\u00f3nico. Introducci\u00f3n La API de inserci\u00f3n de calculadoras te permite colocar una calculadora interactiva en tu p\u00e1gina web con una simple solicitud HTTP. Puede &hellip; Seguir leyendo\" \/>\n<meta property=\"og:url\" content=\"https:\/\/auxmode.com\/es\/herramientasgratuitas\/api-de-calculadora-integrable\/\" \/>\n<meta property=\"og:site_name\" content=\"Aux Mode\" \/>\n<meta property=\"article:modified_time\" content=\"2024-05-18T08:18:58+00:00\" \/>\n<meta property=\"og:image\" content=\"http:\/\/auxmode.com\/wp-content\/themes\/auxmode\/images\/how-to-embed-code-in-wordpress.gif\" \/>\n<meta name=\"twitter:card\" content=\"summary_large_image\" \/>\n<meta name=\"twitter:label1\" content=\"Tiempo de lectura\" \/>\n\t<meta name=\"twitter:data1\" content=\"1 minuto\" \/>\n<script type=\"application\/ld+json\" class=\"yoast-schema-graph\">{\"@context\":\"https:\\\/\\\/schema.org\",\"@graph\":[{\"@type\":\"WebPage\",\"@id\":\"https:\\\/\\\/auxmode.com\\\/es\\\/herramientasgratuitas\\\/api-de-calculadora-integrable\\\/\",\"url\":\"https:\\\/\\\/auxmode.com\\\/es\\\/herramientasgratuitas\\\/api-de-calculadora-integrable\\\/\",\"name\":\"API de calculadora integrable - Aux Mode\",\"isPartOf\":{\"@id\":\"https:\\\/\\\/auxmode.com\\\/#website\"},\"primaryImageOfPage\":{\"@id\":\"https:\\\/\\\/auxmode.com\\\/es\\\/herramientasgratuitas\\\/api-de-calculadora-integrable\\\/#primaryimage\"},\"image\":{\"@id\":\"https:\\\/\\\/auxmode.com\\\/es\\\/herramientasgratuitas\\\/api-de-calculadora-integrable\\\/#primaryimage\"},\"thumbnailUrl\":\"http:\\\/\\\/auxmode.com\\\/wp-content\\\/themes\\\/auxmode\\\/images\\\/how-to-embed-code-in-wordpress.gif\",\"datePublished\":\"2024-05-18T08:18:53+00:00\",\"dateModified\":\"2024-05-18T08:18:58+00:00\",\"breadcrumb\":{\"@id\":\"https:\\\/\\\/auxmode.com\\\/es\\\/herramientasgratuitas\\\/api-de-calculadora-integrable\\\/#breadcrumb\"},\"inLanguage\":\"es\",\"potentialAction\":[{\"@type\":\"ReadAction\",\"target\":[\"https:\\\/\\\/auxmode.com\\\/es\\\/herramientasgratuitas\\\/api-de-calculadora-integrable\\\/\"]}]},{\"@type\":\"ImageObject\",\"inLanguage\":\"es\",\"@id\":\"https:\\\/\\\/auxmode.com\\\/es\\\/herramientasgratuitas\\\/api-de-calculadora-integrable\\\/#primaryimage\",\"url\":\"http:\\\/\\\/auxmode.com\\\/wp-content\\\/themes\\\/auxmode\\\/images\\\/how-to-embed-code-in-wordpress.gif\",\"contentUrl\":\"http:\\\/\\\/auxmode.com\\\/wp-content\\\/themes\\\/auxmode\\\/images\\\/how-to-embed-code-in-wordpress.gif\"},{\"@type\":\"BreadcrumbList\",\"@id\":\"https:\\\/\\\/auxmode.com\\\/es\\\/herramientasgratuitas\\\/api-de-calculadora-integrable\\\/#breadcrumb\",\"itemListElement\":[{\"@type\":\"ListItem\",\"position\":1,\"name\":\"Home\",\"item\":\"https:\\\/\\\/auxmode.com\\\/es\\\/\"},{\"@type\":\"ListItem\",\"position\":2,\"name\":\"Herramientas gratuitas\",\"item\":\"https:\\\/\\\/auxmode.com\\\/es\\\/herramientasgratuitas\\\/\"},{\"@type\":\"ListItem\",\"position\":3,\"name\":\"API de calculadora integrable\"}]},{\"@type\":\"WebSite\",\"@id\":\"https:\\\/\\\/auxmode.com\\\/#website\",\"url\":\"https:\\\/\\\/auxmode.com\\\/\",\"name\":\"Aux Mode\",\"description\":\"YouTube content monetization protection and Revenue Reporting Automation.\",\"inLanguage\":\"es\"}]}<\/script>\n<!-- \/ Yoast SEO plugin. -->","yoast_head_json":{"title":"API de calculadora integrable - Aux Mode","robots":{"index":"index","follow":"follow","max-snippet":"max-snippet:-1","max-image-preview":"max-image-preview:large","max-video-preview":"max-video-preview:-1"},"canonical":"https:\/\/auxmode.com\/es\/herramientasgratuitas\/api-de-calculadora-integrable\/","og_locale":"es_ES","og_type":"article","og_title":"API de calculadora integrable - Aux Mode","og_description":"Comenzar Selecciona la calculadora e introduce tu direcci\u00f3n de correo electr\u00f3nico en el formulario a continuaci\u00f3n.El c\u00f3digo de inserci\u00f3n junto con las instrucciones de uso se enviar\u00e1 a tu correo electr\u00f3nico. Introducci\u00f3n La API de inserci\u00f3n de calculadoras te permite colocar una calculadora interactiva en tu p\u00e1gina web con una simple solicitud HTTP. Puede &hellip; Seguir leyendo","og_url":"https:\/\/auxmode.com\/es\/herramientasgratuitas\/api-de-calculadora-integrable\/","og_site_name":"Aux Mode","article_modified_time":"2024-05-18T08:18:58+00:00","og_image":[{"url":"http:\/\/auxmode.com\/wp-content\/themes\/auxmode\/images\/how-to-embed-code-in-wordpress.gif","type":"","width":"","height":""}],"twitter_card":"summary_large_image","twitter_misc":{"Tiempo de lectura":"1 minuto"},"schema":{"@context":"https:\/\/schema.org","@graph":[{"@type":"WebPage","@id":"https:\/\/auxmode.com\/es\/herramientasgratuitas\/api-de-calculadora-integrable\/","url":"https:\/\/auxmode.com\/es\/herramientasgratuitas\/api-de-calculadora-integrable\/","name":"API de calculadora integrable - Aux Mode","isPartOf":{"@id":"https:\/\/auxmode.com\/#website"},"primaryImageOfPage":{"@id":"https:\/\/auxmode.com\/es\/herramientasgratuitas\/api-de-calculadora-integrable\/#primaryimage"},"image":{"@id":"https:\/\/auxmode.com\/es\/herramientasgratuitas\/api-de-calculadora-integrable\/#primaryimage"},"thumbnailUrl":"http:\/\/auxmode.com\/wp-content\/themes\/auxmode\/images\/how-to-embed-code-in-wordpress.gif","datePublished":"2024-05-18T08:18:53+00:00","dateModified":"2024-05-18T08:18:58+00:00","breadcrumb":{"@id":"https:\/\/auxmode.com\/es\/herramientasgratuitas\/api-de-calculadora-integrable\/#breadcrumb"},"inLanguage":"es","potentialAction":[{"@type":"ReadAction","target":["https:\/\/auxmode.com\/es\/herramientasgratuitas\/api-de-calculadora-integrable\/"]}]},{"@type":"ImageObject","inLanguage":"es","@id":"https:\/\/auxmode.com\/es\/herramientasgratuitas\/api-de-calculadora-integrable\/#primaryimage","url":"http:\/\/auxmode.com\/wp-content\/themes\/auxmode\/images\/how-to-embed-code-in-wordpress.gif","contentUrl":"http:\/\/auxmode.com\/wp-content\/themes\/auxmode\/images\/how-to-embed-code-in-wordpress.gif"},{"@type":"BreadcrumbList","@id":"https:\/\/auxmode.com\/es\/herramientasgratuitas\/api-de-calculadora-integrable\/#breadcrumb","itemListElement":[{"@type":"ListItem","position":1,"name":"Home","item":"https:\/\/auxmode.com\/es\/"},{"@type":"ListItem","position":2,"name":"Herramientas gratuitas","item":"https:\/\/auxmode.com\/es\/herramientasgratuitas\/"},{"@type":"ListItem","position":3,"name":"API de calculadora integrable"}]},{"@type":"WebSite","@id":"https:\/\/auxmode.com\/#website","url":"https:\/\/auxmode.com\/","name":"Aux Mode","description":"YouTube content monetization protection and Revenue Reporting Automation.","inLanguage":"es"}]}},"_links":{"self":[{"href":"https:\/\/auxmode.com\/es\/wp-json\/wp\/v2\/pages\/26404","targetHints":{"allow":["GET"]}}],"collection":[{"href":"https:\/\/auxmode.com\/es\/wp-json\/wp\/v2\/pages"}],"about":[{"href":"https:\/\/auxmode.com\/es\/wp-json\/wp\/v2\/types\/page"}],"author":[{"embeddable":true,"href":"https:\/\/auxmode.com\/es\/wp-json\/wp\/v2\/users\/1"}],"replies":[{"embeddable":true,"href":"https:\/\/auxmode.com\/es\/wp-json\/wp\/v2\/comments?post=26404"}],"version-history":[{"count":1,"href":"https:\/\/auxmode.com\/es\/wp-json\/wp\/v2\/pages\/26404\/revisions"}],"predecessor-version":[{"id":26405,"href":"https:\/\/auxmode.com\/es\/wp-json\/wp\/v2\/pages\/26404\/revisions\/26405"}],"up":[{"embeddable":true,"href":"https:\/\/auxmode.com\/es\/wp-json\/wp\/v2\/pages\/22326"}],"wp:attachment":[{"href":"https:\/\/auxmode.com\/es\/wp-json\/wp\/v2\/media?parent=26404"}],"curies":[{"name":"wp","href":"https:\/\/api.w.org\/{rel}","templated":true}]}}