{"id":25691,"date":"2022-09-09T02:06:50","date_gmt":"2022-09-09T02:06:50","guid":{"rendered":"https:\/\/auxmode.com\/servicios\/youtube-channel-reviews\/"},"modified":"2024-03-30T14:18:07","modified_gmt":"2024-03-30T14:18:07","slug":"revisiones-canales-youtube","status":"publish","type":"page","link":"https:\/\/auxmode.com\/es\/servicios\/revisiones-canales-youtube\/","title":{"rendered":"Revisiones de canal de YouTube"},"content":{"rendered":"<div id=\"pl-gb25691-69e5dfdcaaca4\"  class=\"panel-layout\" ><div class=\"container\"><div id=\"pg-gb25691-69e5dfdcaaca4-0\"  class=\"panel-grid panel-has-style row\" ><div class=\"hero lighter siteorigin-panels-stretch panel-row-style panel-row-style-for-gb25691-69e5dfdcaaca4-0\" data-stretch-type=\"full\" ><div id=\"pgc-gb25691-69e5dfdcaaca4-0-0\"  class=\"panel-grid-cell 69e5dfdcaaca4-6 flip col-md-12\" ><div class=\"hero-left panel-cell-style panel-cell-style-for-gb25691-69e5dfdcaaca4-0-0\" ><div id=\"panel-gb25691-69e5dfdcaaca4-0-0-0\" class=\"so-panel widget widget_sow-editor panel-first-child panel-last-child\" data-index=\"0\" ><div class=\"so-widget-sow-editor so-widget-sow-editor-base\">\n<div class=\"siteorigin-widget-tinymce textwidget\">\n\t<h1>Revisiones de canal de YouTube<\/h1>\n<p>El m\u00e1s grande no siempre significa el mejor. Observa c\u00f3mo se compara tu canal de YouTube con el canal o los canales de tus competidores.<\/p>\n<p><a class=\"btn btn-primary\" href=\"https:\/\/auxmode.com\/es\/precios\/\">Planes y precios<\/a><\/p>\n<\/div>\n<\/div><\/div><\/div><\/div><div id=\"pgc-gb25691-69e5dfdcaaca4-0-1\"  class=\"panel-grid-cell 69e5dfdcaaca4-6 flip col-md-12\" ><div class=\"hero-right panel-cell-style panel-cell-style-for-gb25691-69e5dfdcaaca4-0-1\" ><div id=\"panel-gb25691-69e5dfdcaaca4-0-1-0\" class=\"so-panel widget widget_media_image panel-first-child panel-last-child\" data-index=\"1\" ><div class=\"panel-widget-style panel-widget-style-for-gb25691-69e5dfdcaaca4-0-1-0\" ><img decoding=\"async\" width=\"555\" height=\"305\" src=\"https:\/\/auxmode.com\/wp-content\/uploads\/2022\/09\/YouTube_Channel_Reviews.jpg\" class=\"image wp-image-19601  attachment-full size-full\" alt=\"YouTube_Channel_Reviews\" style=\"max-width: 100%; height: auto;\" srcset=\"https:\/\/auxmode.com\/wp-content\/uploads\/2022\/09\/YouTube_Channel_Reviews.jpg 555w, https:\/\/auxmode.com\/wp-content\/uploads\/2022\/09\/YouTube_Channel_Reviews-300x165.jpg 300w\" sizes=\"(max-width: 555px) 100vw, 555px\" \/><\/div><\/div><\/div><\/div><\/div><\/div><\/div><div class=\"container\"><div id=\"pg-gb25691-69e5dfdcaaca4-1\"  class=\"panel-grid panel-has-style row\" ><div class=\"panel-usp panel-row-style panel-row-style-for-gb25691-69e5dfdcaaca4-1\" ><div id=\"pgc-gb25691-69e5dfdcaaca4-1-0\"  class=\"panel-grid-cell 69e5dfdcaaca4-7 flip col-md-12\" ><div id=\"panel-gb25691-69e5dfdcaaca4-1-0-0\" class=\"so-panel widget widget_media_image panel-first-child panel-last-child\" data-index=\"2\" ><img decoding=\"async\" width=\"582\" height=\"367\" src=\"https:\/\/auxmode.com\/wp-content\/uploads\/2022\/05\/art-AVODContentMonetization_Ads_3.png\" class=\"image wp-image-17546 aligncenter attachment-full size-full\" alt=\"Content Monetization\" style=\"max-width: 100%; height: auto;\" srcset=\"https:\/\/auxmode.com\/wp-content\/uploads\/2022\/05\/art-AVODContentMonetization_Ads_3.png 582w, https:\/\/auxmode.com\/wp-content\/uploads\/2022\/05\/art-AVODContentMonetization_Ads_3-300x189.png 300w\" sizes=\"(max-width: 582px) 100vw, 582px\" \/><\/div><\/div><div id=\"pgc-gb25691-69e5dfdcaaca4-1-1\"  class=\"panel-grid-cell 69e5dfdcaaca4-7 flip col-md-12\" ><div id=\"panel-gb25691-69e5dfdcaaca4-1-1-0\" class=\"widget_text so-panel widget widget_custom_html panel-first-child panel-last-child\" data-index=\"3\" ><div class=\"textwidget custom-html-widget\"><h3>Revisiones de canales de YouTube proporciona<\/h3>\n<ul class=\"usp-list\">\n\t<li class=\"usp-item\">\n\t\t<div class=\"icon\"><i class=\"fa fa-check\"><\/i><\/div>\n\t\t<div class=\"usp-content\">\n\t\t\t<h4>Auditor\u00eda de mejores pr\u00e1cticas<\/h4>\n\t\t<\/div>\n\t<\/li>\n\t\n\t<li class=\"usp-item\">\n\t\t<div class=\"icon\"><i class=\"fa fa-check\"><\/i><\/div>\n\t\t<div class=\"usp-content\">\n\t\t\t<h4>Comparaci\u00f3n de visualizaciones de canales<\/h4>\n\t\t<\/div>\n\t<\/li>\n\t\n\t<li class=\"usp-item\">\n\t\t<div class=\"icon\"><i class=\"fa fa-check\"><\/i><\/div>\n\t\t<div class=\"usp-content\">\n\t\t\t<h4>Comparaci\u00f3n del tiempo de visualizaci\u00f3n de canales<\/h4>\n\t\t<\/div>\n\t<\/li>\n\t\n\t<li class=\"usp-item\">\n\t\t<div class=\"icon\"><i class=\"fa fa-check\"><\/i><\/div>\n\t\t<div class=\"usp-content\">\n\t\t\t<h4>Cargas de canales y frecuencia de cargas<\/h4>\n\t\t<\/div>\n\t<\/li>\n\t\n\t<li class=\"usp-item\">\n\t\t<div class=\"icon\"><i class=\"fa fa-check\"><\/i><\/div>\n\t\t<div class=\"usp-content\">\n\t\t\t<h4>An\u00e1lisis de derechos regionales de v\u00eddeos de la competencia<\/h4>\n\t\t<\/div>\n\t<\/li>\n\t\n\t<li class=\"usp-item\">\n\t\t<div class=\"icon\"><i class=\"fa fa-check\"><\/i><\/div>\n\t\t<div class=\"usp-content\">\n\t\t\t<h4>Profesional de servicio para volver a revisar tu canal.<\/h4>\n\t\t<\/div>\n\t<\/li>\n\t\n<\/ul>\n\n<p><a class=\"btn\" href=\"https:\/\/auxmode.com\/es\/contactanos\/\">Leer m\u00e1s<\/a><\/p><\/div><\/div><\/div><\/div><\/div><\/div><div class=\"container\"><div id=\"pg-gb25691-69e5dfdcaaca4-2\"  class=\"panel-grid panel-has-style row\" ><div class=\"homepage-row colored siteorigin-panels-stretch panel-row-style panel-row-style-for-gb25691-69e5dfdcaaca4-2\" data-stretch-type=\"full\" ><div id=\"pgc-gb25691-69e5dfdcaaca4-2-0\"  class=\"panel-grid-cell 69e5dfdcaaca4-8 flip col-md-12\" ><div id=\"panel-gb25691-69e5dfdcaaca4-2-0-0\" class=\"so-panel widget widget_sow-editor panel-first-child panel-last-child\" data-index=\"4\" ><div class=\"so-widget-sow-editor so-widget-sow-editor-base\">\n<div class=\"siteorigin-widget-tinymce textwidget\">\n\t<h3>Revisiones del canal de YouTube<\/h3>\n<p>Nuestro equipo ha gestionado canales de YouTube y Content ID durante m\u00e1s de 10 a\u00f1os y realizar\u00e1 un an\u00e1lisis exhaustivo de tus an\u00e1lisis, metadatos, contenido y programaci\u00f3n de publicaci\u00f3n para proporcionarte ideas pr\u00e1cticas. Nuestro equipo ha trabajado con todo tipo de g\u00e9neros, incluyendo vloggers, YouTubers, televisi\u00f3n, pel\u00edculas, m\u00fasica, deportes, ni\u00f1os, tecnolog\u00eda y educaci\u00f3n, por nombrar solo algunos.<\/p>\n<p><a class=\"btn btn-primary\" href=\"https:\/\/auxmode.com\/es\/contactanos\/\">Leer m\u00e1s<\/a><\/p>\n<\/div>\n<\/div><\/div><\/div><div id=\"pgc-gb25691-69e5dfdcaaca4-2-1\"  class=\"panel-grid-cell 69e5dfdcaaca4-8 flip col-md-12\" ><div id=\"panel-gb25691-69e5dfdcaaca4-2-1-0\" class=\"so-panel widget widget_media_image panel-first-child panel-last-child\" data-index=\"5\" ><img decoding=\"async\" width=\"555\" height=\"353\" src=\"https:\/\/auxmode.com\/wp-content\/uploads\/2022\/09\/YouTube_Channel_Reviews3-red.png\" class=\"image wp-image-19605 aligncenter attachment-full size-full\" alt=\"YouTube_Channel_Reviews3 (red)\" style=\"max-width: 100%; height: auto;\" srcset=\"https:\/\/auxmode.com\/wp-content\/uploads\/2022\/09\/YouTube_Channel_Reviews3-red.png 555w, https:\/\/auxmode.com\/wp-content\/uploads\/2022\/09\/YouTube_Channel_Reviews3-red-300x191.png 300w\" sizes=\"(max-width: 555px) 100vw, 555px\" \/><\/div><\/div><\/div><\/div><\/div><\/div>","protected":false},"excerpt":{"rendered":"<p>Revisiones de canal de YouTube <\/p>\n<p>El m\u00e1s grande no siempre significa el mejor. Observa c\u00f3mo se compara tu canal de YouTube con el canal o los canales de tus competidores.<\/p>\n<p>Planes y precios<\/p>\n<p> Revisiones de canales de YouTube proporciona <\/p>\n<ul class=\"usp-list\">\n<li class=\"usp-item\"> Auditor\u00eda de mejores pr\u00e1cticas <\/li>\n<li class=\"usp-item\"> Comparaci\u00f3n de visualizaciones de canales &hellip;\n<p><a class=\"more-link btn\" href=\"https:\/\/auxmode.com\/es\/servicios\/revisiones-canales-youtube\/\">Seguir leyendo<\/a><\/p>\n<\/li>\n<\/ul>\n","protected":false},"author":1,"featured_media":0,"parent":22313,"menu_order":0,"comment_status":"closed","ping_status":"closed","template":"","meta":{"_acf_changed":false,"amp_status":"","footnotes":""},"class_list":["post-25691","page","type-page","status-publish","hentry","nodate","item-wrap"],"acf":[],"yoast_head":"<!-- This site is optimized with the Yoast SEO plugin v27.4 - https:\/\/yoast.com\/product\/yoast-seo-wordpress\/ -->\n<title>Revisiones de canal de YouTube - Aux Mode<\/title>\n<meta name=\"robots\" content=\"index, follow, max-snippet:-1, max-image-preview:large, max-video-preview:-1\" \/>\n<link rel=\"canonical\" href=\"https:\/\/auxmode.com\/es\/servicios\/revisiones-canales-youtube\/\" \/>\n<meta property=\"og:locale\" content=\"es_ES\" \/>\n<meta property=\"og:type\" content=\"article\" \/>\n<meta property=\"og:title\" content=\"Revisiones de canal de YouTube - Aux Mode\" \/>\n<meta property=\"og:description\" content=\"Revisiones de canal de YouTube El m\u00e1s grande no siempre significa el mejor. Observa c\u00f3mo se compara tu canal de YouTube con el canal o los canales de tus competidores. Planes y precios Revisiones de canales de YouTube proporciona  Auditor\u00eda de mejores pr\u00e1cticas  Comparaci\u00f3n de visualizaciones de canales &hellip; Seguir leyendo\" \/>\n<meta property=\"og:url\" content=\"https:\/\/auxmode.com\/es\/servicios\/revisiones-canales-youtube\/\" \/>\n<meta property=\"og:site_name\" content=\"Aux Mode\" \/>\n<meta property=\"article:modified_time\" content=\"2024-03-30T14:18:07+00:00\" \/>\n<meta property=\"og:image\" content=\"https:\/\/auxmode.com\/wp-content\/uploads\/2022\/09\/YouTube_Channel_Reviews.jpg\" \/>\n<meta name=\"twitter:card\" content=\"summary_large_image\" \/>\n<meta name=\"twitter:label1\" content=\"Tiempo de lectura\" \/>\n\t<meta name=\"twitter:data1\" content=\"2 minutos\" \/>\n<script type=\"application\/ld+json\" class=\"yoast-schema-graph\">{\"@context\":\"https:\\\/\\\/schema.org\",\"@graph\":[{\"@type\":\"WebPage\",\"@id\":\"https:\\\/\\\/auxmode.com\\\/es\\\/servicios\\\/revisiones-canales-youtube\\\/\",\"url\":\"https:\\\/\\\/auxmode.com\\\/es\\\/servicios\\\/revisiones-canales-youtube\\\/\",\"name\":\"Revisiones de canal de YouTube - Aux Mode\",\"isPartOf\":{\"@id\":\"https:\\\/\\\/auxmode.com\\\/#website\"},\"primaryImageOfPage\":{\"@id\":\"https:\\\/\\\/auxmode.com\\\/es\\\/servicios\\\/revisiones-canales-youtube\\\/#primaryimage\"},\"image\":{\"@id\":\"https:\\\/\\\/auxmode.com\\\/es\\\/servicios\\\/revisiones-canales-youtube\\\/#primaryimage\"},\"thumbnailUrl\":\"https:\\\/\\\/auxmode.com\\\/wp-content\\\/uploads\\\/2022\\\/09\\\/YouTube_Channel_Reviews.jpg\",\"datePublished\":\"2022-09-09T02:06:50+00:00\",\"dateModified\":\"2024-03-30T14:18:07+00:00\",\"breadcrumb\":{\"@id\":\"https:\\\/\\\/auxmode.com\\\/es\\\/servicios\\\/revisiones-canales-youtube\\\/#breadcrumb\"},\"inLanguage\":\"es\",\"potentialAction\":[{\"@type\":\"ReadAction\",\"target\":[\"https:\\\/\\\/auxmode.com\\\/es\\\/servicios\\\/revisiones-canales-youtube\\\/\"]}]},{\"@type\":\"ImageObject\",\"inLanguage\":\"es\",\"@id\":\"https:\\\/\\\/auxmode.com\\\/es\\\/servicios\\\/revisiones-canales-youtube\\\/#primaryimage\",\"url\":\"https:\\\/\\\/auxmode.com\\\/wp-content\\\/uploads\\\/2022\\\/09\\\/YouTube_Channel_Reviews.jpg\",\"contentUrl\":\"https:\\\/\\\/auxmode.com\\\/wp-content\\\/uploads\\\/2022\\\/09\\\/YouTube_Channel_Reviews.jpg\"},{\"@type\":\"BreadcrumbList\",\"@id\":\"https:\\\/\\\/auxmode.com\\\/es\\\/servicios\\\/revisiones-canales-youtube\\\/#breadcrumb\",\"itemListElement\":[{\"@type\":\"ListItem\",\"position\":1,\"name\":\"Home\",\"item\":\"https:\\\/\\\/auxmode.com\\\/es\\\/\"},{\"@type\":\"ListItem\",\"position\":2,\"name\":\"Servicios\",\"item\":\"https:\\\/\\\/auxmode.com\\\/es\\\/servicios\\\/\"},{\"@type\":\"ListItem\",\"position\":3,\"name\":\"Revisiones de canal de YouTube\"}]},{\"@type\":\"WebSite\",\"@id\":\"https:\\\/\\\/auxmode.com\\\/#website\",\"url\":\"https:\\\/\\\/auxmode.com\\\/\",\"name\":\"Aux Mode\",\"description\":\"YouTube content monetization protection and Revenue Reporting Automation.\",\"inLanguage\":\"es\"}]}<\/script>\n<!-- \/ Yoast SEO plugin. -->","yoast_head_json":{"title":"Revisiones de canal de YouTube - Aux Mode","robots":{"index":"index","follow":"follow","max-snippet":"max-snippet:-1","max-image-preview":"max-image-preview:large","max-video-preview":"max-video-preview:-1"},"canonical":"https:\/\/auxmode.com\/es\/servicios\/revisiones-canales-youtube\/","og_locale":"es_ES","og_type":"article","og_title":"Revisiones de canal de YouTube - Aux Mode","og_description":"Revisiones de canal de YouTube El m\u00e1s grande no siempre significa el mejor. Observa c\u00f3mo se compara tu canal de YouTube con el canal o los canales de tus competidores. Planes y precios Revisiones de canales de YouTube proporciona  Auditor\u00eda de mejores pr\u00e1cticas  Comparaci\u00f3n de visualizaciones de canales &hellip; Seguir leyendo","og_url":"https:\/\/auxmode.com\/es\/servicios\/revisiones-canales-youtube\/","og_site_name":"Aux Mode","article_modified_time":"2024-03-30T14:18:07+00:00","og_image":[{"url":"https:\/\/auxmode.com\/wp-content\/uploads\/2022\/09\/YouTube_Channel_Reviews.jpg","type":"","width":"","height":""}],"twitter_card":"summary_large_image","twitter_misc":{"Tiempo de lectura":"2 minutos"},"schema":{"@context":"https:\/\/schema.org","@graph":[{"@type":"WebPage","@id":"https:\/\/auxmode.com\/es\/servicios\/revisiones-canales-youtube\/","url":"https:\/\/auxmode.com\/es\/servicios\/revisiones-canales-youtube\/","name":"Revisiones de canal de YouTube - Aux Mode","isPartOf":{"@id":"https:\/\/auxmode.com\/#website"},"primaryImageOfPage":{"@id":"https:\/\/auxmode.com\/es\/servicios\/revisiones-canales-youtube\/#primaryimage"},"image":{"@id":"https:\/\/auxmode.com\/es\/servicios\/revisiones-canales-youtube\/#primaryimage"},"thumbnailUrl":"https:\/\/auxmode.com\/wp-content\/uploads\/2022\/09\/YouTube_Channel_Reviews.jpg","datePublished":"2022-09-09T02:06:50+00:00","dateModified":"2024-03-30T14:18:07+00:00","breadcrumb":{"@id":"https:\/\/auxmode.com\/es\/servicios\/revisiones-canales-youtube\/#breadcrumb"},"inLanguage":"es","potentialAction":[{"@type":"ReadAction","target":["https:\/\/auxmode.com\/es\/servicios\/revisiones-canales-youtube\/"]}]},{"@type":"ImageObject","inLanguage":"es","@id":"https:\/\/auxmode.com\/es\/servicios\/revisiones-canales-youtube\/#primaryimage","url":"https:\/\/auxmode.com\/wp-content\/uploads\/2022\/09\/YouTube_Channel_Reviews.jpg","contentUrl":"https:\/\/auxmode.com\/wp-content\/uploads\/2022\/09\/YouTube_Channel_Reviews.jpg"},{"@type":"BreadcrumbList","@id":"https:\/\/auxmode.com\/es\/servicios\/revisiones-canales-youtube\/#breadcrumb","itemListElement":[{"@type":"ListItem","position":1,"name":"Home","item":"https:\/\/auxmode.com\/es\/"},{"@type":"ListItem","position":2,"name":"Servicios","item":"https:\/\/auxmode.com\/es\/servicios\/"},{"@type":"ListItem","position":3,"name":"Revisiones de canal de YouTube"}]},{"@type":"WebSite","@id":"https:\/\/auxmode.com\/#website","url":"https:\/\/auxmode.com\/","name":"Aux Mode","description":"YouTube content monetization protection and Revenue Reporting Automation.","inLanguage":"es"}]}},"_links":{"self":[{"href":"https:\/\/auxmode.com\/es\/wp-json\/wp\/v2\/pages\/25691","targetHints":{"allow":["GET"]}}],"collection":[{"href":"https:\/\/auxmode.com\/es\/wp-json\/wp\/v2\/pages"}],"about":[{"href":"https:\/\/auxmode.com\/es\/wp-json\/wp\/v2\/types\/page"}],"author":[{"embeddable":true,"href":"https:\/\/auxmode.com\/es\/wp-json\/wp\/v2\/users\/1"}],"replies":[{"embeddable":true,"href":"https:\/\/auxmode.com\/es\/wp-json\/wp\/v2\/comments?post=25691"}],"version-history":[{"count":1,"href":"https:\/\/auxmode.com\/es\/wp-json\/wp\/v2\/pages\/25691\/revisions"}],"predecessor-version":[{"id":25693,"href":"https:\/\/auxmode.com\/es\/wp-json\/wp\/v2\/pages\/25691\/revisions\/25693"}],"up":[{"embeddable":true,"href":"https:\/\/auxmode.com\/es\/wp-json\/wp\/v2\/pages\/22313"}],"wp:attachment":[{"href":"https:\/\/auxmode.com\/es\/wp-json\/wp\/v2\/media?parent=25691"}],"curies":[{"name":"wp","href":"https:\/\/api.w.org\/{rel}","templated":true}]}}