{"id":25675,"date":"2022-12-31T02:40:07","date_gmt":"2022-12-31T02:40:07","guid":{"rendered":"https:\/\/auxmode.com\/servicios\/content-rights-management\/"},"modified":"2024-03-30T13:53:37","modified_gmt":"2024-03-30T13:53:37","slug":"gestion-de-derechos-de-contenido","status":"publish","type":"page","link":"https:\/\/auxmode.com\/es\/servicios\/gestion-de-derechos-de-contenido\/","title":{"rendered":"Gesti\u00f3n de derechos de contenido"},"content":{"rendered":"<div id=\"pl-gb25675-69e5dfc57c06c\"  class=\"panel-layout\" ><div class=\"container\"><div id=\"pg-gb25675-69e5dfc57c06c-0\"  class=\"panel-grid panel-has-style row\" ><div class=\"hero lighter siteorigin-panels-stretch panel-row-style panel-row-style-for-gb25675-69e5dfc57c06c-0\" data-stretch-type=\"full\" ><div id=\"pgc-gb25675-69e5dfc57c06c-0-0\"  class=\"panel-grid-cell 69e5dfc57c06c-6 flip col-md-12\" ><div class=\"hero-left panel-cell-style panel-cell-style-for-gb25675-69e5dfc57c06c-0-0\" ><div id=\"panel-gb25675-69e5dfc57c06c-0-0-0\" class=\"so-panel widget widget_sow-editor panel-first-child panel-last-child\" data-index=\"0\" ><div class=\"so-widget-sow-editor so-widget-sow-editor-base\">\n<div class=\"siteorigin-widget-tinymce textwidget\">\n\t<h1>Gesti\u00f3n de derechos de contenido<\/h1>\n<p>Define las condiciones y reglas para monetizar videos, definiendo las pol\u00edticas utilizadas para hacer valer tus derechos en YouTube y Facebook.<\/p>\n<p><a class=\"btn btn-primary\" href=\"https:\/\/auxmode.com\/es\/precios\/\">Planes y precios<\/a><\/p>\n<\/div>\n<\/div><\/div><\/div><\/div><div id=\"pgc-gb25675-69e5dfc57c06c-0-1\"  class=\"panel-grid-cell 69e5dfc57c06c-6 flip col-md-12\" ><div class=\"hero-right panel-cell-style panel-cell-style-for-gb25675-69e5dfc57c06c-0-1\" ><div id=\"panel-gb25675-69e5dfc57c06c-0-1-0\" class=\"so-panel widget widget_media_image panel-first-child panel-last-child\" data-index=\"1\" ><div class=\"panel-widget-style panel-widget-style-for-gb25675-69e5dfc57c06c-0-1-0\" ><img decoding=\"async\" width=\"555\" height=\"312\" src=\"https:\/\/auxmode.com\/wp-content\/uploads\/2022\/12\/Rights-Management_1-1.png\" class=\"image wp-image-21746  attachment-full size-full\" alt=\"YouTube Digital Rights Management\" style=\"max-width: 100%; height: auto;\" srcset=\"https:\/\/auxmode.com\/wp-content\/uploads\/2022\/12\/Rights-Management_1-1.png 555w, https:\/\/auxmode.com\/wp-content\/uploads\/2022\/12\/Rights-Management_1-1-300x169.png 300w\" sizes=\"(max-width: 555px) 100vw, 555px\" \/><\/div><\/div><\/div><\/div><\/div><\/div><\/div><div class=\"container\"><div id=\"pg-gb25675-69e5dfc57c06c-1\"  class=\"panel-grid panel-has-style row\" ><div class=\"panel-usp panel-row-style panel-row-style-for-gb25675-69e5dfc57c06c-1\" ><div id=\"pgc-gb25675-69e5dfc57c06c-1-0\"  class=\"panel-grid-cell 69e5dfc57c06c-7 flip col-md-12\" ><div id=\"panel-gb25675-69e5dfc57c06c-1-0-0\" class=\"so-panel widget widget_media_image panel-first-child panel-last-child\" data-index=\"2\" ><img decoding=\"async\" width=\"316\" height=\"350\" src=\"https:\/\/auxmode.com\/wp-content\/uploads\/2022\/12\/Rights-Management_2-1.png\" class=\"image wp-image-21742 aligncenter attachment-full size-full\" alt=\"YouTube Digital Rights Management\" style=\"max-width: 100%; height: auto;\" srcset=\"https:\/\/auxmode.com\/wp-content\/uploads\/2022\/12\/Rights-Management_2-1.png 316w, https:\/\/auxmode.com\/wp-content\/uploads\/2022\/12\/Rights-Management_2-1-271x300.png 271w\" sizes=\"(max-width: 316px) 100vw, 316px\" \/><\/div><\/div><div id=\"pgc-gb25675-69e5dfc57c06c-1-1\"  class=\"panel-grid-cell 69e5dfc57c06c-7 flip col-md-12\" ><div id=\"panel-gb25675-69e5dfc57c06c-1-1-0\" class=\"widget_text so-panel widget widget_custom_html panel-first-child panel-last-child\" data-index=\"3\" ><div class=\"textwidget custom-html-widget\"><h3>La gesti\u00f3n de derechos de contenido proporciona<\/h3>\n<ul class=\"usp-list\">\n\t<li class=\"usp-item\">\n\t\t<div class=\"icon\"><i class=\"fa fa-check\"><\/i><\/div>\n\t\t<div class=\"usp-content\">\n\t\t\t<h4>Proceso de Gesti\u00f3n de Derechos.<\/h4>\n\t\t<\/div>\n\t<\/li>\n\t\n\t<li class=\"usp-item\">\n\t\t<div class=\"icon\"><i class=\"fa fa-check\"><\/i><\/div>\n\t\t<div class=\"usp-content\">\n\t\t\t<h4>Escaneo de YouTube y Facebook en busca de robo de videos.<\/h4>\n\t\t<\/div>\n\t<\/li>\n\t\n\t<li class=\"usp-item\">\n\t\t<div class=\"icon\"><i class=\"fa fa-check\"><\/i><\/div>\n\t\t<div class=\"usp-content\">\n\t\t\t<h4>Aplicar la propiedad del contenido a nivel mundial o por territorios.<\/h4>\n\t\t<\/div>\n\t<\/li>\n\t\n\t<li class=\"usp-item\">\n\t\t<div class=\"icon\"><i class=\"fa fa-check\"><\/i><\/div>\n\t\t<div class=\"usp-content\">\n\t\t\t<h4>Aplicar contenido de monetizaci\u00f3n a nivel mundial o por territorios.<\/h4>\n\t\t<\/div>\n\t<\/li>\n\t\n\t<li class=\"usp-item\">\n\t\t<div class=\"icon\"><i class=\"fa fa-check\"><\/i><\/div>\n\t\t<div class=\"usp-content\">\n\t\t\t<h4>An\u00e1lisis de derechos regionales.<\/h4>\n\t\t<\/div>\n\t<\/li>\n\t\n\t<li class=\"usp-item\">\n\t\t<div class=\"icon\"><i class=\"fa fa-check\"><\/i><\/div>\n\t\t<div class=\"usp-content\">\n\t\t\t<h4>Profesional de servicio para volver a revisar tus pol\u00edticas de contenido.<\/h4>\n\t\t<\/div>\n\t<\/li>\n\t\n<\/ul>\n\n<p><a class=\"btn\" href=\"http:\/\/auxmode.com\/es\/contactanos\/\">Leer m\u00e1s<\/a><\/p><\/div><\/div><\/div><\/div><\/div><\/div><div class=\"container\"><div id=\"pg-gb25675-69e5dfc57c06c-2\"  class=\"panel-grid panel-has-style row\" ><div class=\"homepage-row colored siteorigin-panels-stretch panel-row-style panel-row-style-for-gb25675-69e5dfc57c06c-2\" data-stretch-type=\"full\" ><div id=\"pgc-gb25675-69e5dfc57c06c-2-0\"  class=\"panel-grid-cell 69e5dfc57c06c-8 flip col-md-12\" ><div id=\"panel-gb25675-69e5dfc57c06c-2-0-0\" class=\"so-panel widget widget_sow-editor panel-first-child panel-last-child\" data-index=\"4\" ><div class=\"so-widget-sow-editor so-widget-sow-editor-base\">\n<div class=\"siteorigin-widget-tinymce textwidget\">\n\t<h3>Gesti\u00f3n de derechos de v\u00eddeo de contenido<\/h3>\n<p>Hemos desarrollado un proceso de gesti\u00f3n de derechos de video, donde todo tu contenido es verificado por especialistas, los derechos territoriales son verificados antes de ser enviados a las plataformas. Este proceso disminuye todas las tareas operativas necesarias entre los artistas y nuestro equipo y tambi\u00e9n minimizar\u00e1 conflictos, reclamaciones inv\u00e1lidas y superposiciones de referencias.<\/p>\n<p>Contamos con un s\u00f3lido equipo dedicado a la gesti\u00f3n de derechos, cuya \u00fanica funci\u00f3n es maximizar los ingresos de los recursos que posees.<\/p>\n<p><a class=\"btn btn-primary\" href=\"http:\/\/auxmode.com\/es\/contactanos\/\">Leer m\u00e1s<\/a><\/p>\n<\/div>\n<\/div><\/div><\/div><div id=\"pgc-gb25675-69e5dfc57c06c-2-1\"  class=\"panel-grid-cell 69e5dfc57c06c-8 flip col-md-12\" ><div id=\"panel-gb25675-69e5dfc57c06c-2-1-0\" class=\"so-panel widget widget_media_image panel-first-child panel-last-child\" data-index=\"5\" ><img decoding=\"async\" width=\"400\" height=\"268\" src=\"https:\/\/auxmode.com\/wp-content\/uploads\/2022\/12\/Rights-Management_3.png\" class=\"image wp-image-21735 aligncenter attachment-400x268 size-400x268\" alt=\"YouTube Digital Rights Management\" style=\"max-width: 100%; height: auto;\" srcset=\"https:\/\/auxmode.com\/wp-content\/uploads\/2022\/12\/Rights-Management_3.png 555w, https:\/\/auxmode.com\/wp-content\/uploads\/2022\/12\/Rights-Management_3-300x201.png 300w, https:\/\/auxmode.com\/wp-content\/uploads\/2022\/12\/Rights-Management_3-272x182.png 272w\" sizes=\"(max-width: 400px) 100vw, 400px\" \/><\/div><\/div><\/div><\/div><\/div><\/div>","protected":false},"excerpt":{"rendered":"<p>Gesti\u00f3n de derechos de contenido <\/p>\n<p>Define las condiciones y reglas para monetizar videos, definiendo las pol\u00edticas utilizadas para hacer valer tus derechos en YouTube y Facebook.<\/p>\n<p>Planes y precios<\/p>\n<p> La gesti\u00f3n de derechos de contenido proporciona <\/p>\n<ul class=\"usp-list\">\n<li class=\"usp-item\"> Proceso de Gesti\u00f3n de Derechos. <\/li>\n<li class=\"usp-item\"> Escaneo de YouTube y Facebook en busca &hellip;\n<p><a class=\"more-link btn\" href=\"https:\/\/auxmode.com\/es\/servicios\/gestion-de-derechos-de-contenido\/\">Seguir leyendo<\/a><\/p>\n<\/li>\n<\/ul>\n","protected":false},"author":1,"featured_media":0,"parent":22313,"menu_order":0,"comment_status":"closed","ping_status":"closed","template":"","meta":{"_acf_changed":false,"amp_status":"","footnotes":""},"class_list":["post-25675","page","type-page","status-publish","hentry","nodate","item-wrap"],"acf":[],"yoast_head":"<!-- This site is optimized with the Yoast SEO plugin v27.4 - https:\/\/yoast.com\/product\/yoast-seo-wordpress\/ -->\n<title>Gesti\u00f3n de derechos de contenido - Aux Mode<\/title>\n<meta name=\"robots\" content=\"index, follow, max-snippet:-1, max-image-preview:large, max-video-preview:-1\" \/>\n<link rel=\"canonical\" href=\"https:\/\/auxmode.com\/es\/servicios\/gestion-de-derechos-de-contenido\/\" \/>\n<meta property=\"og:locale\" content=\"es_ES\" \/>\n<meta property=\"og:type\" content=\"article\" \/>\n<meta property=\"og:title\" content=\"Gesti\u00f3n de derechos de contenido - Aux Mode\" \/>\n<meta property=\"og:description\" content=\"Gesti\u00f3n de derechos de contenido Define las condiciones y reglas para monetizar videos, definiendo las pol\u00edticas utilizadas para hacer valer tus derechos en YouTube y Facebook. Planes y precios La gesti\u00f3n de derechos de contenido proporciona  Proceso de Gesti\u00f3n de Derechos.  Escaneo de YouTube y Facebook en busca &hellip; Seguir leyendo\" \/>\n<meta property=\"og:url\" content=\"https:\/\/auxmode.com\/es\/servicios\/gestion-de-derechos-de-contenido\/\" \/>\n<meta property=\"og:site_name\" content=\"Aux Mode\" \/>\n<meta property=\"article:modified_time\" content=\"2024-03-30T13:53:37+00:00\" \/>\n<meta property=\"og:image\" content=\"https:\/\/auxmode.com\/wp-content\/uploads\/2022\/12\/Rights-Management_1-1.png\" \/>\n<meta name=\"twitter:card\" content=\"summary_large_image\" \/>\n<meta name=\"twitter:label1\" content=\"Tiempo de lectura\" \/>\n\t<meta name=\"twitter:data1\" content=\"2 minutos\" \/>\n<script type=\"application\/ld+json\" class=\"yoast-schema-graph\">{\"@context\":\"https:\\\/\\\/schema.org\",\"@graph\":[{\"@type\":\"WebPage\",\"@id\":\"https:\\\/\\\/auxmode.com\\\/es\\\/servicios\\\/gestion-de-derechos-de-contenido\\\/\",\"url\":\"https:\\\/\\\/auxmode.com\\\/es\\\/servicios\\\/gestion-de-derechos-de-contenido\\\/\",\"name\":\"Gesti\u00f3n de derechos de contenido - Aux Mode\",\"isPartOf\":{\"@id\":\"https:\\\/\\\/auxmode.com\\\/#website\"},\"primaryImageOfPage\":{\"@id\":\"https:\\\/\\\/auxmode.com\\\/es\\\/servicios\\\/gestion-de-derechos-de-contenido\\\/#primaryimage\"},\"image\":{\"@id\":\"https:\\\/\\\/auxmode.com\\\/es\\\/servicios\\\/gestion-de-derechos-de-contenido\\\/#primaryimage\"},\"thumbnailUrl\":\"https:\\\/\\\/auxmode.com\\\/wp-content\\\/uploads\\\/2022\\\/12\\\/Rights-Management_1-1.png\",\"datePublished\":\"2022-12-31T02:40:07+00:00\",\"dateModified\":\"2024-03-30T13:53:37+00:00\",\"breadcrumb\":{\"@id\":\"https:\\\/\\\/auxmode.com\\\/es\\\/servicios\\\/gestion-de-derechos-de-contenido\\\/#breadcrumb\"},\"inLanguage\":\"es\",\"potentialAction\":[{\"@type\":\"ReadAction\",\"target\":[\"https:\\\/\\\/auxmode.com\\\/es\\\/servicios\\\/gestion-de-derechos-de-contenido\\\/\"]}]},{\"@type\":\"ImageObject\",\"inLanguage\":\"es\",\"@id\":\"https:\\\/\\\/auxmode.com\\\/es\\\/servicios\\\/gestion-de-derechos-de-contenido\\\/#primaryimage\",\"url\":\"https:\\\/\\\/auxmode.com\\\/wp-content\\\/uploads\\\/2022\\\/12\\\/Rights-Management_1-1.png\",\"contentUrl\":\"https:\\\/\\\/auxmode.com\\\/wp-content\\\/uploads\\\/2022\\\/12\\\/Rights-Management_1-1.png\"},{\"@type\":\"BreadcrumbList\",\"@id\":\"https:\\\/\\\/auxmode.com\\\/es\\\/servicios\\\/gestion-de-derechos-de-contenido\\\/#breadcrumb\",\"itemListElement\":[{\"@type\":\"ListItem\",\"position\":1,\"name\":\"Home\",\"item\":\"https:\\\/\\\/auxmode.com\\\/es\\\/\"},{\"@type\":\"ListItem\",\"position\":2,\"name\":\"Servicios\",\"item\":\"https:\\\/\\\/auxmode.com\\\/es\\\/servicios\\\/\"},{\"@type\":\"ListItem\",\"position\":3,\"name\":\"Gesti\u00f3n de derechos de contenido\"}]},{\"@type\":\"WebSite\",\"@id\":\"https:\\\/\\\/auxmode.com\\\/#website\",\"url\":\"https:\\\/\\\/auxmode.com\\\/\",\"name\":\"Aux Mode\",\"description\":\"YouTube content monetization protection and Revenue Reporting Automation.\",\"inLanguage\":\"es\"}]}<\/script>\n<!-- \/ Yoast SEO plugin. -->","yoast_head_json":{"title":"Gesti\u00f3n de derechos de contenido - Aux Mode","robots":{"index":"index","follow":"follow","max-snippet":"max-snippet:-1","max-image-preview":"max-image-preview:large","max-video-preview":"max-video-preview:-1"},"canonical":"https:\/\/auxmode.com\/es\/servicios\/gestion-de-derechos-de-contenido\/","og_locale":"es_ES","og_type":"article","og_title":"Gesti\u00f3n de derechos de contenido - Aux Mode","og_description":"Gesti\u00f3n de derechos de contenido Define las condiciones y reglas para monetizar videos, definiendo las pol\u00edticas utilizadas para hacer valer tus derechos en YouTube y Facebook. Planes y precios La gesti\u00f3n de derechos de contenido proporciona  Proceso de Gesti\u00f3n de Derechos.  Escaneo de YouTube y Facebook en busca &hellip; Seguir leyendo","og_url":"https:\/\/auxmode.com\/es\/servicios\/gestion-de-derechos-de-contenido\/","og_site_name":"Aux Mode","article_modified_time":"2024-03-30T13:53:37+00:00","og_image":[{"url":"https:\/\/auxmode.com\/wp-content\/uploads\/2022\/12\/Rights-Management_1-1.png","type":"","width":"","height":""}],"twitter_card":"summary_large_image","twitter_misc":{"Tiempo de lectura":"2 minutos"},"schema":{"@context":"https:\/\/schema.org","@graph":[{"@type":"WebPage","@id":"https:\/\/auxmode.com\/es\/servicios\/gestion-de-derechos-de-contenido\/","url":"https:\/\/auxmode.com\/es\/servicios\/gestion-de-derechos-de-contenido\/","name":"Gesti\u00f3n de derechos de contenido - Aux Mode","isPartOf":{"@id":"https:\/\/auxmode.com\/#website"},"primaryImageOfPage":{"@id":"https:\/\/auxmode.com\/es\/servicios\/gestion-de-derechos-de-contenido\/#primaryimage"},"image":{"@id":"https:\/\/auxmode.com\/es\/servicios\/gestion-de-derechos-de-contenido\/#primaryimage"},"thumbnailUrl":"https:\/\/auxmode.com\/wp-content\/uploads\/2022\/12\/Rights-Management_1-1.png","datePublished":"2022-12-31T02:40:07+00:00","dateModified":"2024-03-30T13:53:37+00:00","breadcrumb":{"@id":"https:\/\/auxmode.com\/es\/servicios\/gestion-de-derechos-de-contenido\/#breadcrumb"},"inLanguage":"es","potentialAction":[{"@type":"ReadAction","target":["https:\/\/auxmode.com\/es\/servicios\/gestion-de-derechos-de-contenido\/"]}]},{"@type":"ImageObject","inLanguage":"es","@id":"https:\/\/auxmode.com\/es\/servicios\/gestion-de-derechos-de-contenido\/#primaryimage","url":"https:\/\/auxmode.com\/wp-content\/uploads\/2022\/12\/Rights-Management_1-1.png","contentUrl":"https:\/\/auxmode.com\/wp-content\/uploads\/2022\/12\/Rights-Management_1-1.png"},{"@type":"BreadcrumbList","@id":"https:\/\/auxmode.com\/es\/servicios\/gestion-de-derechos-de-contenido\/#breadcrumb","itemListElement":[{"@type":"ListItem","position":1,"name":"Home","item":"https:\/\/auxmode.com\/es\/"},{"@type":"ListItem","position":2,"name":"Servicios","item":"https:\/\/auxmode.com\/es\/servicios\/"},{"@type":"ListItem","position":3,"name":"Gesti\u00f3n de derechos de contenido"}]},{"@type":"WebSite","@id":"https:\/\/auxmode.com\/#website","url":"https:\/\/auxmode.com\/","name":"Aux Mode","description":"YouTube content monetization protection and Revenue Reporting Automation.","inLanguage":"es"}]}},"_links":{"self":[{"href":"https:\/\/auxmode.com\/es\/wp-json\/wp\/v2\/pages\/25675","targetHints":{"allow":["GET"]}}],"collection":[{"href":"https:\/\/auxmode.com\/es\/wp-json\/wp\/v2\/pages"}],"about":[{"href":"https:\/\/auxmode.com\/es\/wp-json\/wp\/v2\/types\/page"}],"author":[{"embeddable":true,"href":"https:\/\/auxmode.com\/es\/wp-json\/wp\/v2\/users\/1"}],"replies":[{"embeddable":true,"href":"https:\/\/auxmode.com\/es\/wp-json\/wp\/v2\/comments?post=25675"}],"version-history":[{"count":2,"href":"https:\/\/auxmode.com\/es\/wp-json\/wp\/v2\/pages\/25675\/revisions"}],"predecessor-version":[{"id":25678,"href":"https:\/\/auxmode.com\/es\/wp-json\/wp\/v2\/pages\/25675\/revisions\/25678"}],"up":[{"embeddable":true,"href":"https:\/\/auxmode.com\/es\/wp-json\/wp\/v2\/pages\/22313"}],"wp:attachment":[{"href":"https:\/\/auxmode.com\/es\/wp-json\/wp\/v2\/media?parent=25675"}],"curies":[{"name":"wp","href":"https:\/\/api.w.org\/{rel}","templated":true}]}}