{"id":25665,"date":"2022-04-20T14:33:01","date_gmt":"2022-04-20T14:33:01","guid":{"rendered":"https:\/\/auxmode.com\/productos\/youtube-automated-cms-report-back-ups\/"},"modified":"2024-03-30T04:24:50","modified_gmt":"2024-03-30T04:24:50","slug":"copia-seguridad-informes-cms-youtube","status":"publish","type":"page","link":"https:\/\/auxmode.com\/es\/productos\/copia-seguridad-informes-cms-youtube\/","title":{"rendered":"Copias de seguridad de informes de CMS automatizados de YouTube"},"content":{"rendered":"<div id=\"pl-gb25665-69e8871696948\"  class=\"panel-layout\" ><div class=\"container\"><div id=\"pg-gb25665-69e8871696948-0\"  class=\"panel-grid panel-has-style row\" ><div class=\"hero lighter siteorigin-panels-stretch panel-row-style panel-row-style-for-gb25665-69e8871696948-0\" data-stretch-type=\"full\" ><div id=\"pgc-gb25665-69e8871696948-0-0\"  class=\"panel-grid-cell 69e8871696948-6 flip col-md-12\" ><div class=\"hero-left panel-cell-style panel-cell-style-for-gb25665-69e8871696948-0-0\" ><div id=\"panel-gb25665-69e8871696948-0-0-0\" class=\"so-panel widget widget_sow-editor panel-first-child panel-last-child\" data-index=\"0\" ><div class=\"so-widget-sow-editor so-widget-sow-editor-base\">\n<div class=\"siteorigin-widget-tinymce textwidget\">\n\t<h1>Copias de seguridad de informes de CMS automatizados de YouTube<\/h1>\n<p>El descargador automatizado de informes de YouTube permite la r\u00e1pida recuperaci\u00f3n de todos los informes del CMS y la recuperaci\u00f3n de las pol\u00edticas de video.<\/p>\n<\/div>\n<\/div><\/div><\/div><\/div><div id=\"pgc-gb25665-69e8871696948-0-1\"  class=\"panel-grid-cell 69e8871696948-6 flip col-md-12\" ><div class=\"hero-right panel-cell-style panel-cell-style-for-gb25665-69e8871696948-0-1\" ><div id=\"panel-gb25665-69e8871696948-0-1-0\" class=\"so-panel widget widget_media_image panel-first-child panel-last-child\" data-index=\"1\" ><div class=\"panel-widget-style panel-widget-style-for-gb25665-69e8871696948-0-1-0\" ><img decoding=\"async\" width=\"1000\" height=\"607\" src=\"https:\/\/auxmode.com\/wp-content\/uploads\/2022\/04\/YouTube-Automated-CMS-Report-Back-Ups-_Top.png\" class=\"image wp-image-17250  attachment-full size-full\" alt=\"YouTube Automation\" style=\"max-width: 100%; height: auto;\" srcset=\"https:\/\/auxmode.com\/wp-content\/uploads\/2022\/04\/YouTube-Automated-CMS-Report-Back-Ups-_Top.png 1000w, https:\/\/auxmode.com\/wp-content\/uploads\/2022\/04\/YouTube-Automated-CMS-Report-Back-Ups-_Top-300x182.png 300w, https:\/\/auxmode.com\/wp-content\/uploads\/2022\/04\/YouTube-Automated-CMS-Report-Back-Ups-_Top-768x466.png 768w\" sizes=\"(max-width: 1000px) 100vw, 1000px\" \/><\/div><\/div><\/div><\/div><\/div><\/div><\/div><div class=\"container\"><div id=\"pg-gb25665-69e8871696948-1\"  class=\"panel-grid panel-has-style row\" ><div class=\"panel-usp panel-row-style panel-row-style-for-gb25665-69e8871696948-1\" ><div id=\"pgc-gb25665-69e8871696948-1-0\"  class=\"panel-grid-cell 69e8871696948-7 flip col-md-12\" ><div id=\"panel-gb25665-69e8871696948-1-0-0\" class=\"so-panel widget widget_sow-image panel-first-child panel-last-child\" data-index=\"2\" ><div class=\"so-widget-sow-image so-widget-sow-image-default-d6014b76747a-25665\">\n\n<div class=\"sow-image-container\">\n\t\t<img decoding=\"async\" src=\"https:\/\/auxmode.com\/wp-content\/uploads\/2022\/04\/YouTube-CMS-Report-Back-Ups-Provides_2.png\" width=\"769\" height=\"476\" srcset=\"https:\/\/auxmode.com\/wp-content\/uploads\/2022\/04\/YouTube-CMS-Report-Back-Ups-Provides_2.png 769w, https:\/\/auxmode.com\/wp-content\/uploads\/2022\/04\/YouTube-CMS-Report-Back-Ups-Provides_2-300x186.png 300w\" sizes=\"(max-width: 769px) 100vw, 769px\" title=\"YouTube CMS Report Back Ups Provides_2\" alt=\"Cloud Back Ups\" \t\tclass=\"so-widget-image\"\/>\n\t<\/div>\n\n<\/div><\/div><\/div><div id=\"pgc-gb25665-69e8871696948-1-1\"  class=\"panel-grid-cell 69e8871696948-7 flip col-md-12\" ><div id=\"panel-gb25665-69e8871696948-1-1-0\" class=\"widget_text so-panel widget widget_custom_html panel-first-child panel-last-child\" data-index=\"3\" ><div class=\"textwidget custom-html-widget\"><h3>Copias de seguridad de informes de YouTube CMS proporciona<\/h3>\n\t\t\t\t<ul class=\"usp-list\">\n\t\t\t\t\t\t\t<li class=\"usp-item\">\n\t\t\t<div class=\"icon\"><i class=\"fa fa-check\"><\/i><\/div>\n\t\t\t<div class=\"usp-content\">\n\t\t\t\t<h4>Automatizar la copia de seguridad<\/h4>\n\t\t\t\t<p>Lo que significa que no depende de humanos. Los informes descargables de YouTube solo se almacenan durante 90 d\u00edas por YouTube.<\/p>\n\t\t\t<\/div>\n\t\t<\/li>\n\t\t\t\t\t\t\t<li class=\"usp-item\">\n\t\t\t<div class=\"icon\"><i class=\"fa fa-check\"><\/i><\/div>\n\t\t\t<div class=\"usp-content\">\n\t\t\t\t<h4>Informes y auditor\u00edas fiscales<\/h4>\n\t\t\t\t<p>Es importante que las empresas guarden datos financieros y contables para fines de declaraci\u00f3n de impuestos.<\/p>\n\t\t\t<\/div>\n\t\t<\/li>\n\t\t\t\t\t\t\t<li class=\"usp-item\">\n\t\t\t<div class=\"icon\"><i class=\"fa fa-check\"><\/i><\/div>\n\t\t\t<div class=\"usp-content\">\n\t\t\t\t<h4>Sin p\u00e9rdida de tiempo<\/h4>\n\t\t\t\t<p>La copia de seguridad de datos reduce el \u00abtiempo perdido\u00bb al evitar repeticiones. Por tanto, los empleados no tienen que reescribir informes.<\/p>\n\t\t\t<\/div>\n\t\t<\/li>\n\t\t\t\t\t\t\t<li class=\"usp-item\">\n\t\t\t<div class=\"icon\"><i class=\"fa fa-check\"><\/i><\/div>\n\t\t\t<div class=\"usp-content\">\n\t\t\t\t<h4>Respaldo en la nube<\/h4>\n\t\t\t\t<p>El almacenamiento en la nube significa que tus datos est\u00e1n f\u00edsicamente separados de tu ubicaci\u00f3n.<\/p>\n\t\t\t<\/div>\n\t\t<\/li>\n\t\t<li class=\"usp-item\">\n\t\t\t<div class=\"icon\"><i class=\"fa fa-check\"><\/i><\/div>\n\t\t\t<div class=\"usp-content\">\n\t\t\t\t<h4>Plan de recuperaci\u00f3n<\/h4>\n\t\t\t\t<p>Aseg\u00farate de que se realice la copia de seguridad de todos tus datos de YouTube y de que tus procedimientos de restauraci\u00f3n de datos funcionen correctamente.<\/p>\n\t\t\t<\/div>\n\t\t<\/li>\n\t\t\t\t\t<\/ul>\n\n<p><a class=\"btn\" href=\"http:\/\/auxmode.com\/es\/contactanos\/\">Leer m\u00e1s<\/a><\/p><\/div><\/div><\/div><\/div><\/div><\/div><div class=\"container\"><div id=\"pg-gb25665-69e8871696948-2\"  class=\"panel-grid panel-has-style row\" ><div class=\"homepage-row colored siteorigin-panels-stretch panel-row-style panel-row-style-for-gb25665-69e8871696948-2\" data-stretch-type=\"full\" ><div id=\"pgc-gb25665-69e8871696948-2-0\"  class=\"panel-grid-cell 69e8871696948-8 flip col-md-12\" ><div id=\"panel-gb25665-69e8871696948-2-0-0\" class=\"so-panel widget widget_sow-editor panel-first-child\" data-index=\"4\" ><div class=\"so-widget-sow-editor so-widget-sow-editor-base\">\n<div class=\"siteorigin-widget-tinymce textwidget\">\n\t<h3 class=\"title col-md-12 text-center\">Ventajas<\/h3>\n<\/div>\n<\/div><\/div><div id=\"panel-gb25665-69e8871696948-2-0-1\" class=\"widget_text so-panel widget widget_custom_html panel-last-child\" data-index=\"5\" ><div class=\"textwidget custom-html-widget\"><div class=\"row homepage-boxes style-2\">\n\t<div class=\"box col-md-4\">\n\t\t<p class=\"box-icon\">\n\t\t\t<img decoding=\"async\" src=\"http:\/\/auxmode.com\/wp-content\/themes\/auxmode\/images\/icons\/lock.png\" alt=\"\" width=\"50\" height=\"50\" \/>\n\t\t<\/p>\n\t\t<div class=\"box-wrap\">\n\t\t\t<h4 class=\"box-title\">Prevenci\u00f3n de la P\u00e9rdida de Datos<\/h4>\n\t\t\t<div class=\"box-desc\">\n\t\t\t\t<p>El prop\u00f3sito de la copia de seguridad es crear una copia de los datos que se pueda recuperar en caso de fallo de los datos principales.<\/p>\n\t\t\t\t<p>YouTube almacena copias de seguridad de los informes del CMS durante solo 90 d\u00edas. Se realizar\u00e1 una copia de seguridad de todos los informes disponibles para ti, incluidos los informes de ajuste.<\/p>\n\t\t\t<\/div>\n\t\t<\/div>\n\t<\/div>\n\n\t<div class=\"box col-md-4\">\n\t\t<p class=\"box-icon\">\n\t\t\t<img decoding=\"async\" src=\"http:\/\/auxmode.com\/wp-content\/themes\/auxmode\/images\/icons\/payment_50x50.png\" alt=\"\" width=\"50\" height=\"50\" \/>\n\t\t<\/p>\n\t\t<div class=\"box-wrap\">\n\t\t\t<h4 class=\"box-title\">Contabilidad<\/h4>\n\t\t\t<div class=\"box-desc\">\n\t\t\t\t<p>Informe y auditor\u00edas fiscales Las autoridades fiscales son conocidas por sus auditor\u00edas. Las leyes var\u00edan entre pa\u00edses, pero es importante que las empresas conserven datos financieros y contables para fines de declaraci\u00f3n de impuestos.<\/p>\n\t\t\t\t<p>Con la copia de seguridad de datos, las empresas pueden mantener su reputaci\u00f3n durante las auditor\u00edas.<\/p>\n\t\t\t<\/div>\n\t\t<\/div>\n\t<\/div>\n\n\t<div class=\"box col-md-4\">\n\t\t<p class=\"box-icon\">\n\t\t\t<img decoding=\"async\" src=\"http:\/\/auxmode.com\/wp-content\/themes\/auxmode\/images\/icons\/brush.png\" alt=\"\" width=\"50\" height=\"50\" \/>\n\t\t<\/p>\n\t\t<div class=\"box-wrap\">\n\t\t\t<h4 class=\"box-title\">Productividad<\/h4>\n\t\t\t<div class=\"box-desc\">\n\t\t\t\t<p>Mayor productividad con archivos respaldados existentes, las empresas mejoran la productividad al reducir el tiempo desperdiciado.<\/p>\n\t\t\t\t<p>Los archivos archivados permiten estudios comparativos del pasado y el presente para dise\u00f1ar un plan m\u00e1s efectivo.<\/p>\n\t\t\t<\/div>\n\t\t<\/div>\n\t<\/div>\n<\/div><\/div><\/div><\/div><\/div><\/div><\/div><div class=\"container\"><div id=\"pg-gb25665-69e8871696948-3\"  class=\"panel-grid panel-has-style row\" ><div class=\"homepage-row panel-row-style panel-row-style-for-gb25665-69e8871696948-3\" ><div id=\"pgc-gb25665-69e8871696948-3-0\"  class=\"panel-grid-cell 69e8871696948-9 flip col-md-12\" ><div id=\"panel-gb25665-69e8871696948-3-0-0\" class=\"so-panel widget widget_sow-editor panel-first-child\" data-index=\"6\" ><div class=\"so-widget-sow-editor so-widget-sow-editor-base\">\n<div class=\"siteorigin-widget-tinymce textwidget\">\n\t<h3 class=\"title\">Ten la tranquilidad de saber que tus datos se pueden restaurar en caso de un delito cibern\u00e9tico, fallas del sistema o desastres; hay una copia de seguridad lista para reiniciar el archivo de una empresa.<\/h3>\n<\/div>\n<\/div><\/div><div id=\"panel-gb25665-69e8871696948-3-0-1\" class=\"widget_text so-panel widget widget_custom_html panel-last-child\" data-index=\"7\" ><div class=\"textwidget custom-html-widget\"><div class=\"row homepage-boxes style-3\">\n\t<div class=\"box col-md-3\">\n\t\t<div class=\"box-wrap\">\n\t\t\t<p class=\"box-icon\">\n\t\t\t\t<img decoding=\"async\" src=\"http:\/\/auxmode.com\/wp-content\/themes\/auxmode\/images\/icons\/handshake.png\" alt=\"\" width=\"50\" height=\"50\" \/>\n\t\t\t<\/p>\n\t\t\t<h4 class=\"box-title\">Relaci\u00f3n con el Cliente<\/h4>\n\t\t\t<div class=\"box-desc\">\n\t\t\t\t<p>La informaci\u00f3n guardada mejora la gesti\u00f3n de las relaciones con los clientes, lo que conduce a un aumento en el marketing y las ventas. Adem\u00e1s, la informaci\u00f3n guardada del cliente construye la confianza y el valor de una empresa.<\/p>\n\t\t\t<\/div>\n\t\t<\/div>\n\t<\/div>\n\n\t<div class=\"box col-md-3\">\n\t\t<div class=\"box-wrap\">\n\t\t\t<p class=\"box-icon\">\n\t\t\t\t<img decoding=\"async\" src=\"http:\/\/auxmode.com\/wp-content\/themes\/auxmode\/images\/icons\/lock.png\" alt=\"\" width=\"50\" height=\"50\" \/>\n\t\t\t<\/p>\n\t\t\t<h4 class=\"box-title\">Archivo<\/h4>\n\t\t\t<div class=\"box-desc\">\n\t\t\t\t<p>La informaci\u00f3n respaldada agiliza el desarrollo de archivos. Con la informaci\u00f3n digital, la historia de la empresa est\u00e1 en proceso.<\/p>\n\t\t\t<\/div>\n\t\t<\/div>\n\t<\/div>\n\n\t<div class=\"box col-md-3\">\n\t\t<div class=\"box-wrap\">\n\t\t\t<p class=\"box-icon\">\n\t\t\t\t<img decoding=\"async\" src=\"http:\/\/auxmode.com\/wp-content\/themes\/auxmode\/images\/icons\/Analytics_50x50.png\" alt=\"\" width=\"50\" height=\"50\" \/>\n\t\t\t<\/p>\n\t\t\t<h4 class=\"box-title\">Competitivo<\/h4>\n\t\t\t<div class=\"box-desc\">\n\t\t\t\t<p>Los datos de la empresa pueden ser una ventaja competitiva porque hay muchas empresas que no realizan copias de seguridad de informaci\u00f3n importante.<\/p>\n\t\t\t<\/div>\n\t\t<\/div>\n\t<\/div>\n\n\t<div class=\"box col-md-3\">\n\t\t<div class=\"box-wrap\">\n\t\t\t<p class=\"box-icon\">\n\t\t\t\t<img decoding=\"async\" src=\"http:\/\/auxmode.com\/wp-content\/themes\/auxmode\/images\/icons\/speed.png\" alt=\"\" width=\"50\" height=\"50\" \/>\n\t\t\t<\/p>\n\t\t\t<h4 class=\"box-title\">Tiempo<\/h4>\n\t\t\t<div class=\"box-desc\">\n\t\t\t\t<p>La copia de seguridad de datos reduce el tiempo perdido\u00bb al evitar repeticiones. De este modo, los empleados no tienen que reescribir los informes.<\/p>\n\t\t\t<\/div>\n\t\t<\/div>\n\t<\/div>\n<\/div><\/div><\/div><\/div><\/div><\/div><\/div><\/div>","protected":false},"excerpt":{"rendered":"<p>Copias de seguridad de informes de CMS automatizados de YouTube <\/p>\n<p>El descargador automatizado de informes de YouTube permite la r\u00e1pida recuperaci\u00f3n de todos los informes del CMS y la recuperaci\u00f3n de las pol\u00edticas de video.<\/p>\n<p> Copias de seguridad de informes de YouTube CMS proporciona <\/p>\n<ul class=\"usp-list\">\n<li class=\"usp-item\"> Automatizar la copia de seguridad\n<p>Lo que &hellip; <\/p>\n<p><a class=\"more-link btn\" href=\"https:\/\/auxmode.com\/es\/productos\/copia-seguridad-informes-cms-youtube\/\">Seguir leyendo<\/a><\/p>\n<\/li>\n<\/ul>\n","protected":false},"author":1,"featured_media":0,"parent":22316,"menu_order":0,"comment_status":"closed","ping_status":"closed","template":"","meta":{"_acf_changed":false,"amp_status":"","footnotes":""},"class_list":["post-25665","page","type-page","status-publish","hentry","nodate","item-wrap"],"acf":[],"yoast_head":"<!-- This site is optimized with the Yoast SEO plugin v27.4 - https:\/\/yoast.com\/product\/yoast-seo-wordpress\/ -->\n<title>Copias de seguridad de informes de CMS automatizados de YouTube - Aux Mode<\/title>\n<meta name=\"robots\" content=\"index, follow, max-snippet:-1, max-image-preview:large, max-video-preview:-1\" \/>\n<link rel=\"canonical\" href=\"https:\/\/auxmode.com\/es\/productos\/copia-seguridad-informes-cms-youtube\/\" \/>\n<meta property=\"og:locale\" content=\"es_ES\" \/>\n<meta property=\"og:type\" content=\"article\" \/>\n<meta property=\"og:title\" content=\"Copias de seguridad de informes de CMS automatizados de YouTube - Aux Mode\" \/>\n<meta property=\"og:description\" content=\"Copias de seguridad de informes de CMS automatizados de YouTube El descargador automatizado de informes de YouTube permite la r\u00e1pida recuperaci\u00f3n de todos los informes del CMS y la recuperaci\u00f3n de las pol\u00edticas de video. Copias de seguridad de informes de YouTube CMS proporciona  Automatizar la copia de seguridad Lo que &hellip; Seguir leyendo\" \/>\n<meta property=\"og:url\" content=\"https:\/\/auxmode.com\/es\/productos\/copia-seguridad-informes-cms-youtube\/\" \/>\n<meta property=\"og:site_name\" content=\"Aux Mode\" \/>\n<meta property=\"article:modified_time\" content=\"2024-03-30T04:24:50+00:00\" \/>\n<meta property=\"og:image\" content=\"https:\/\/auxmode.com\/wp-content\/uploads\/2022\/04\/YouTube-Automated-CMS-Report-Back-Ups-_Top.png\" \/>\n<meta name=\"twitter:card\" content=\"summary_large_image\" \/>\n<meta name=\"twitter:label1\" content=\"Tiempo de lectura\" \/>\n\t<meta name=\"twitter:data1\" content=\"4 minutos\" \/>\n<script type=\"application\/ld+json\" class=\"yoast-schema-graph\">{\"@context\":\"https:\\\/\\\/schema.org\",\"@graph\":[{\"@type\":\"WebPage\",\"@id\":\"https:\\\/\\\/auxmode.com\\\/es\\\/productos\\\/copia-seguridad-informes-cms-youtube\\\/\",\"url\":\"https:\\\/\\\/auxmode.com\\\/es\\\/productos\\\/copia-seguridad-informes-cms-youtube\\\/\",\"name\":\"Copias de seguridad de informes de CMS automatizados de YouTube - Aux Mode\",\"isPartOf\":{\"@id\":\"https:\\\/\\\/auxmode.com\\\/#website\"},\"primaryImageOfPage\":{\"@id\":\"https:\\\/\\\/auxmode.com\\\/es\\\/productos\\\/copia-seguridad-informes-cms-youtube\\\/#primaryimage\"},\"image\":{\"@id\":\"https:\\\/\\\/auxmode.com\\\/es\\\/productos\\\/copia-seguridad-informes-cms-youtube\\\/#primaryimage\"},\"thumbnailUrl\":\"https:\\\/\\\/auxmode.com\\\/wp-content\\\/uploads\\\/2022\\\/04\\\/YouTube-Automated-CMS-Report-Back-Ups-_Top.png\",\"datePublished\":\"2022-04-20T14:33:01+00:00\",\"dateModified\":\"2024-03-30T04:24:50+00:00\",\"breadcrumb\":{\"@id\":\"https:\\\/\\\/auxmode.com\\\/es\\\/productos\\\/copia-seguridad-informes-cms-youtube\\\/#breadcrumb\"},\"inLanguage\":\"es\",\"potentialAction\":[{\"@type\":\"ReadAction\",\"target\":[\"https:\\\/\\\/auxmode.com\\\/es\\\/productos\\\/copia-seguridad-informes-cms-youtube\\\/\"]}]},{\"@type\":\"ImageObject\",\"inLanguage\":\"es\",\"@id\":\"https:\\\/\\\/auxmode.com\\\/es\\\/productos\\\/copia-seguridad-informes-cms-youtube\\\/#primaryimage\",\"url\":\"https:\\\/\\\/auxmode.com\\\/wp-content\\\/uploads\\\/2022\\\/04\\\/YouTube-Automated-CMS-Report-Back-Ups-_Top.png\",\"contentUrl\":\"https:\\\/\\\/auxmode.com\\\/wp-content\\\/uploads\\\/2022\\\/04\\\/YouTube-Automated-CMS-Report-Back-Ups-_Top.png\"},{\"@type\":\"BreadcrumbList\",\"@id\":\"https:\\\/\\\/auxmode.com\\\/es\\\/productos\\\/copia-seguridad-informes-cms-youtube\\\/#breadcrumb\",\"itemListElement\":[{\"@type\":\"ListItem\",\"position\":1,\"name\":\"Home\",\"item\":\"https:\\\/\\\/auxmode.com\\\/es\\\/\"},{\"@type\":\"ListItem\",\"position\":2,\"name\":\"Productos\",\"item\":\"https:\\\/\\\/auxmode.com\\\/es\\\/productos\\\/\"},{\"@type\":\"ListItem\",\"position\":3,\"name\":\"Copias de seguridad de informes de CMS automatizados de YouTube\"}]},{\"@type\":\"WebSite\",\"@id\":\"https:\\\/\\\/auxmode.com\\\/#website\",\"url\":\"https:\\\/\\\/auxmode.com\\\/\",\"name\":\"Aux Mode\",\"description\":\"YouTube content monetization protection and Revenue Reporting Automation.\",\"inLanguage\":\"es\"}]}<\/script>\n<!-- \/ Yoast SEO plugin. -->","yoast_head_json":{"title":"Copias de seguridad de informes de CMS automatizados de YouTube - Aux Mode","robots":{"index":"index","follow":"follow","max-snippet":"max-snippet:-1","max-image-preview":"max-image-preview:large","max-video-preview":"max-video-preview:-1"},"canonical":"https:\/\/auxmode.com\/es\/productos\/copia-seguridad-informes-cms-youtube\/","og_locale":"es_ES","og_type":"article","og_title":"Copias de seguridad de informes de CMS automatizados de YouTube - Aux Mode","og_description":"Copias de seguridad de informes de CMS automatizados de YouTube El descargador automatizado de informes de YouTube permite la r\u00e1pida recuperaci\u00f3n de todos los informes del CMS y la recuperaci\u00f3n de las pol\u00edticas de video. Copias de seguridad de informes de YouTube CMS proporciona  Automatizar la copia de seguridad Lo que &hellip; Seguir leyendo","og_url":"https:\/\/auxmode.com\/es\/productos\/copia-seguridad-informes-cms-youtube\/","og_site_name":"Aux Mode","article_modified_time":"2024-03-30T04:24:50+00:00","og_image":[{"url":"https:\/\/auxmode.com\/wp-content\/uploads\/2022\/04\/YouTube-Automated-CMS-Report-Back-Ups-_Top.png","type":"","width":"","height":""}],"twitter_card":"summary_large_image","twitter_misc":{"Tiempo de lectura":"4 minutos"},"schema":{"@context":"https:\/\/schema.org","@graph":[{"@type":"WebPage","@id":"https:\/\/auxmode.com\/es\/productos\/copia-seguridad-informes-cms-youtube\/","url":"https:\/\/auxmode.com\/es\/productos\/copia-seguridad-informes-cms-youtube\/","name":"Copias de seguridad de informes de CMS automatizados de YouTube - Aux Mode","isPartOf":{"@id":"https:\/\/auxmode.com\/#website"},"primaryImageOfPage":{"@id":"https:\/\/auxmode.com\/es\/productos\/copia-seguridad-informes-cms-youtube\/#primaryimage"},"image":{"@id":"https:\/\/auxmode.com\/es\/productos\/copia-seguridad-informes-cms-youtube\/#primaryimage"},"thumbnailUrl":"https:\/\/auxmode.com\/wp-content\/uploads\/2022\/04\/YouTube-Automated-CMS-Report-Back-Ups-_Top.png","datePublished":"2022-04-20T14:33:01+00:00","dateModified":"2024-03-30T04:24:50+00:00","breadcrumb":{"@id":"https:\/\/auxmode.com\/es\/productos\/copia-seguridad-informes-cms-youtube\/#breadcrumb"},"inLanguage":"es","potentialAction":[{"@type":"ReadAction","target":["https:\/\/auxmode.com\/es\/productos\/copia-seguridad-informes-cms-youtube\/"]}]},{"@type":"ImageObject","inLanguage":"es","@id":"https:\/\/auxmode.com\/es\/productos\/copia-seguridad-informes-cms-youtube\/#primaryimage","url":"https:\/\/auxmode.com\/wp-content\/uploads\/2022\/04\/YouTube-Automated-CMS-Report-Back-Ups-_Top.png","contentUrl":"https:\/\/auxmode.com\/wp-content\/uploads\/2022\/04\/YouTube-Automated-CMS-Report-Back-Ups-_Top.png"},{"@type":"BreadcrumbList","@id":"https:\/\/auxmode.com\/es\/productos\/copia-seguridad-informes-cms-youtube\/#breadcrumb","itemListElement":[{"@type":"ListItem","position":1,"name":"Home","item":"https:\/\/auxmode.com\/es\/"},{"@type":"ListItem","position":2,"name":"Productos","item":"https:\/\/auxmode.com\/es\/productos\/"},{"@type":"ListItem","position":3,"name":"Copias de seguridad de informes de CMS automatizados de YouTube"}]},{"@type":"WebSite","@id":"https:\/\/auxmode.com\/#website","url":"https:\/\/auxmode.com\/","name":"Aux Mode","description":"YouTube content monetization protection and Revenue Reporting Automation.","inLanguage":"es"}]}},"_links":{"self":[{"href":"https:\/\/auxmode.com\/es\/wp-json\/wp\/v2\/pages\/25665","targetHints":{"allow":["GET"]}}],"collection":[{"href":"https:\/\/auxmode.com\/es\/wp-json\/wp\/v2\/pages"}],"about":[{"href":"https:\/\/auxmode.com\/es\/wp-json\/wp\/v2\/types\/page"}],"author":[{"embeddable":true,"href":"https:\/\/auxmode.com\/es\/wp-json\/wp\/v2\/users\/1"}],"replies":[{"embeddable":true,"href":"https:\/\/auxmode.com\/es\/wp-json\/wp\/v2\/comments?post=25665"}],"version-history":[{"count":3,"href":"https:\/\/auxmode.com\/es\/wp-json\/wp\/v2\/pages\/25665\/revisions"}],"predecessor-version":[{"id":25671,"href":"https:\/\/auxmode.com\/es\/wp-json\/wp\/v2\/pages\/25665\/revisions\/25671"}],"up":[{"embeddable":true,"href":"https:\/\/auxmode.com\/es\/wp-json\/wp\/v2\/pages\/22316"}],"wp:attachment":[{"href":"https:\/\/auxmode.com\/es\/wp-json\/wp\/v2\/media?parent=25665"}],"curies":[{"name":"wp","href":"https:\/\/api.w.org\/{rel}","templated":true}]}}