{"id":25662,"date":"2022-05-22T02:29:27","date_gmt":"2022-05-22T02:29:27","guid":{"rendered":"https:\/\/auxmode.com\/productos\/youtube-channel-cms-migration\/"},"modified":"2024-03-30T04:15:45","modified_gmt":"2024-03-30T04:15:45","slug":"transferencia-canal-youtube-cms","status":"publish","type":"page","link":"https:\/\/auxmode.com\/es\/productos\/transferencia-canal-youtube-cms\/","title":{"rendered":"Transferencia de canal del CMS de Youtube"},"content":{"rendered":"<div id=\"pl-gb25662-69deb3455a5e9\"  class=\"panel-layout\" ><div class=\"container\"><div id=\"pg-gb25662-69deb3455a5e9-0\"  class=\"panel-grid panel-has-style row\" ><div class=\"hero lighter siteorigin-panels-stretch panel-row-style panel-row-style-for-gb25662-69deb3455a5e9-0\" data-stretch-type=\"full\" ><div id=\"pgc-gb25662-69deb3455a5e9-0-0\"  class=\"panel-grid-cell 69deb3455a5e9-6 flip col-md-12\" ><div class=\"hero-left panel-cell-style panel-cell-style-for-gb25662-69deb3455a5e9-0-0\" ><div id=\"panel-gb25662-69deb3455a5e9-0-0-0\" class=\"so-panel widget widget_sow-editor panel-first-child panel-last-child\" data-index=\"0\" ><div class=\"so-widget-sow-editor so-widget-sow-editor-base\">\n<div class=\"siteorigin-widget-tinymce textwidget\">\n\t<h1>Transferencia de canal del CMS de Youtube<\/h1>\n<p>Si est\u00e1s buscando transferir un canal de YouTube de un O+O a un CMS de Afiliados sin perder activos, reclamaciones o pol\u00edticas por activo, podemos ayudarte.<\/p>\n<p><a class=\"btn btn-primary\" href=\"https:\/\/auxmode.com\/es\/precios\/\">Planes y precios<\/a><\/p>\n<\/div>\n<\/div><\/div><\/div><\/div><div id=\"pgc-gb25662-69deb3455a5e9-0-1\"  class=\"panel-grid-cell 69deb3455a5e9-6 flip col-md-12\" ><div class=\"hero-right panel-cell-style panel-cell-style-for-gb25662-69deb3455a5e9-0-1\" ><div id=\"panel-gb25662-69deb3455a5e9-0-1-0\" class=\"so-panel widget widget_media_image panel-first-child panel-last-child\" data-index=\"1\" ><div class=\"panel-widget-style panel-widget-style-for-gb25662-69deb3455a5e9-0-1-0\" ><img decoding=\"async\" width=\"555\" height=\"273\" src=\"https:\/\/auxmode.com\/wp-content\/uploads\/2022\/05\/YouTubeCMSChannelMigration1.png\" class=\"image wp-image-17683  attachment-full size-full\" alt=\"YouTube CMS Channel Transfer\" style=\"max-width: 100%; height: auto;\" srcset=\"https:\/\/auxmode.com\/wp-content\/uploads\/2022\/05\/YouTubeCMSChannelMigration1.png 555w, https:\/\/auxmode.com\/wp-content\/uploads\/2022\/05\/YouTubeCMSChannelMigration1-300x148.png 300w\" sizes=\"(max-width: 555px) 100vw, 555px\" \/><\/div><\/div><\/div><\/div><\/div><\/div><\/div><div class=\"container\"><div id=\"pg-gb25662-69deb3455a5e9-1\"  class=\"panel-grid panel-has-style row\" ><div class=\"panel-usp panel-row-style panel-row-style-for-gb25662-69deb3455a5e9-1\" ><div id=\"pgc-gb25662-69deb3455a5e9-1-0\"  class=\"panel-grid-cell 69deb3455a5e9-7 flip col-md-12\" ><div id=\"panel-gb25662-69deb3455a5e9-1-0-0\" class=\"so-panel widget widget_media_image panel-first-child panel-last-child\" data-index=\"2\" ><img decoding=\"async\" width=\"300\" height=\"300\" src=\"https:\/\/auxmode.com\/wp-content\/uploads\/2022\/05\/YouTubeCMSChannelMigration2-300x300.png\" class=\"image wp-image-17685 aligncenter attachment-medium size-medium\" alt=\"YouTube CMS Channel Transfer\" style=\"max-width: 100%; height: auto;\" srcset=\"https:\/\/auxmode.com\/wp-content\/uploads\/2022\/05\/YouTubeCMSChannelMigration2-300x300.png 300w, https:\/\/auxmode.com\/wp-content\/uploads\/2022\/05\/YouTubeCMSChannelMigration2-150x150.png 150w, https:\/\/auxmode.com\/wp-content\/uploads\/2022\/05\/YouTubeCMSChannelMigration2.png 512w\" sizes=\"(max-width: 300px) 100vw, 300px\" \/><\/div><\/div><div id=\"pgc-gb25662-69deb3455a5e9-1-1\"  class=\"panel-grid-cell 69deb3455a5e9-7 flip col-md-12\" ><div id=\"panel-gb25662-69deb3455a5e9-1-1-0\" class=\"widget_text so-panel widget widget_custom_html panel-first-child panel-last-child\" data-index=\"3\" ><div class=\"textwidget custom-html-widget\"><h3>La migraci\u00f3n del canal CMS de YouTube proporciona<\/h3>\n<ul class=\"usp-list\">\n\t<li class=\"usp-item\">\n\t\t<div class=\"icon\"><i class=\"fa fa-check\"><\/i><\/div>\n\t\t<div class=\"usp-content\">\n\t\t\t<h4>Todos los activos migrados. .<\/h4>\n\t\t<\/div>\n\t<\/li>\n\t\n\t<li class=\"usp-item\">\n\t\t<div class=\"icon\"><i class=\"fa fa-check\"><\/i><\/div>\n\t\t<div class=\"usp-content\">\n\t\t\t<h4>Todos las reclamaciones migradas.<\/h4>\n\t\t<\/div>\n\t<\/li>\n\t\n\t<li class=\"usp-item\">\n\t\t<div class=\"icon\"><i class=\"fa fa-check\"><\/i><\/div>\n\t\t<div class=\"usp-content\">\n\t\t\t<h4>Todas las pol\u00edticas migradas.<\/h4>\n\t\t<\/div>\n\t<\/li>\n\t\n\t<li class=\"usp-item\">\n\t\t<div class=\"icon\"><i class=\"fa fa-check\"><\/i><\/div>\n\t\t<div class=\"usp-content\">\n\t\t\t<h4>Todos los tipos de anuncios migrados. <\/h4>\n\t\t<\/div>\n\t<\/li>\n\t\n\t<li class=\"usp-item\">\n\t\t<div class=\"icon\"><i class=\"fa fa-check\"><\/i><\/div>\n\t\t<div class=\"usp-content\">\n\t\t\t<h4>Revisi\u00f3n de verificaci\u00f3n del YPP.<\/h4>\n\t\t<\/div>\n\t<\/li>\n\t\n\t<li class=\"usp-item\">\n\t\t<div class=\"icon\"><i class=\"fa fa-check\"><\/i><\/div>\n\t\t<div class=\"usp-content\">\n\t\t\t<h4>Revisi\u00f3n de Adsense para cumplimiento.<\/h4>\n\t\t<\/div>\n\t<\/li>\n\t\n<\/ul>\n\n<p><a class=\"btn\" href=\"https:\/\/auxmode.com\/es\/contactanos\/\">Leer m\u00e1s<\/a><\/p><\/div><\/div><\/div><\/div><\/div><\/div><div class=\"container\"><div id=\"pg-gb25662-69deb3455a5e9-2\"  class=\"panel-grid panel-has-style row\" ><div class=\"homepage-row colored siteorigin-panels-stretch panel-row-style panel-row-style-for-gb25662-69deb3455a5e9-2\" data-stretch-type=\"full\" ><div id=\"pgc-gb25662-69deb3455a5e9-2-0\"  class=\"panel-grid-cell 69deb3455a5e9-8 flip col-md-12\" ><div id=\"panel-gb25662-69deb3455a5e9-2-0-0\" class=\"so-panel widget widget_sow-editor panel-first-child panel-last-child\" data-index=\"4\" ><div class=\"so-widget-sow-editor so-widget-sow-editor-base\">\n<div class=\"siteorigin-widget-tinymce textwidget\">\n\t<h3>Migraci\u00f3n del CMS del canal de YouTube<\/h3>\n<p>Nuestro detallado proceso de transferencia de canales ha ayudado a cientos de propietarios de canales desde el inicio del programa CMS afiliado de YouTube. Los CMS operados por el propietario (O+O) deben migrar canales de YouTube no operados por el propietario al CMS afiliado de YouTube. El proceso puede ser complicado debido a la configuraci\u00f3n de CMS operado por el propietario frente al CMS afiliado. Nuestro proceso trasladar\u00e1 los activos del canal, reclamaciones, archivos de referencia y todo otro metadato por activo por canal que necesite ser movido sin asimilar otros datos del canal en el CMS afiliado de YouTube.<\/p>\n<p>Podemos ayudar a simplificar el proceso si buscas asistencia para migrar de un CMS a otro.<\/p>\n<p><a class=\"btn btn-primary\" href=\"https:\/\/auxmode.com\/contact\/\">Leer m\u00e1s<\/a><\/p>\n<\/div>\n<\/div><\/div><\/div><div id=\"pgc-gb25662-69deb3455a5e9-2-1\"  class=\"panel-grid-cell 69deb3455a5e9-8 flip col-md-12\" ><div id=\"panel-gb25662-69deb3455a5e9-2-1-0\" class=\"so-panel widget widget_media_image panel-first-child panel-last-child\" data-index=\"5\" ><img decoding=\"async\" width=\"384\" height=\"384\" src=\"https:\/\/auxmode.com\/wp-content\/uploads\/2022\/05\/YouTubeCMSChannelMigration3.png\" class=\"image wp-image-17687 aligncenter attachment-full size-full\" alt=\"YouTube CMS Channel Transfer\" style=\"max-width: 100%; height: auto;\" srcset=\"https:\/\/auxmode.com\/wp-content\/uploads\/2022\/05\/YouTubeCMSChannelMigration3.png 384w, https:\/\/auxmode.com\/wp-content\/uploads\/2022\/05\/YouTubeCMSChannelMigration3-300x300.png 300w, https:\/\/auxmode.com\/wp-content\/uploads\/2022\/05\/YouTubeCMSChannelMigration3-150x150.png 150w\" sizes=\"(max-width: 384px) 100vw, 384px\" \/><\/div><\/div><\/div><\/div><\/div><\/div>","protected":false},"excerpt":{"rendered":"<p>Transferencia de canal del CMS de Youtube <\/p>\n<p>Si est\u00e1s buscando transferir un canal de YouTube de un O+O a un CMS de Afiliados sin perder activos, reclamaciones o pol\u00edticas por activo, podemos ayudarte.<\/p>\n<p>Planes y precios<\/p>\n<p> La migraci\u00f3n del canal CMS de YouTube proporciona <\/p>\n<ul class=\"usp-list\">\n<li class=\"usp-item\"> Todos los activos migrados. . <\/li>\n<li &hellip; <\/p>\n<p><a class=\"more-link btn\" href=\"https:\/\/auxmode.com\/es\/productos\/transferencia-canal-youtube-cms\/\">Seguir leyendo<\/a><\/p>\n<\/li>\n<\/ul>\n","protected":false},"author":1,"featured_media":0,"parent":22316,"menu_order":0,"comment_status":"closed","ping_status":"closed","template":"","meta":{"_acf_changed":false,"amp_status":"","footnotes":""},"class_list":["post-25662","page","type-page","status-publish","hentry","nodate","item-wrap"],"acf":[],"yoast_head":"<!-- This site is optimized with the Yoast SEO plugin v27.3 - https:\/\/yoast.com\/product\/yoast-seo-wordpress\/ -->\n<title>Transferencia de canal del CMS de Youtube - Aux Mode<\/title>\n<meta name=\"robots\" content=\"index, follow, max-snippet:-1, max-image-preview:large, max-video-preview:-1\" \/>\n<link rel=\"canonical\" href=\"https:\/\/auxmode.com\/es\/productos\/transferencia-canal-youtube-cms\/\" \/>\n<meta property=\"og:locale\" content=\"es_ES\" \/>\n<meta property=\"og:type\" content=\"article\" \/>\n<meta property=\"og:title\" content=\"Transferencia de canal del CMS de Youtube - Aux Mode\" \/>\n<meta property=\"og:description\" content=\"Transferencia de canal del CMS de Youtube Si est\u00e1s buscando transferir un canal de YouTube de un O+O a un CMS de Afiliados sin perder activos, reclamaciones o pol\u00edticas por activo, podemos ayudarte. Planes y precios La migraci\u00f3n del canal CMS de YouTube proporciona  Todos los activos migrados. .\" \/>\n<meta property=\"og:url\" content=\"https:\/\/auxmode.com\/es\/productos\/transferencia-canal-youtube-cms\/\" \/>\n<meta property=\"og:site_name\" content=\"Aux Mode\" \/>\n<meta property=\"article:modified_time\" content=\"2024-03-30T04:15:45+00:00\" \/>\n<meta property=\"og:image\" content=\"https:\/\/auxmode.com\/wp-content\/uploads\/2022\/05\/YouTubeCMSChannelMigration1.png\" \/>\n<meta name=\"twitter:card\" content=\"summary_large_image\" \/>\n<meta name=\"twitter:label1\" content=\"Tiempo de lectura\" \/>\n\t<meta name=\"twitter:data1\" content=\"2 minutos\" \/>\n<script type=\"application\/ld+json\" class=\"yoast-schema-graph\">{\"@context\":\"https:\\\/\\\/schema.org\",\"@graph\":[{\"@type\":\"WebPage\",\"@id\":\"https:\\\/\\\/auxmode.com\\\/es\\\/productos\\\/transferencia-canal-youtube-cms\\\/\",\"url\":\"https:\\\/\\\/auxmode.com\\\/es\\\/productos\\\/transferencia-canal-youtube-cms\\\/\",\"name\":\"Transferencia de canal del CMS de Youtube - Aux Mode\",\"isPartOf\":{\"@id\":\"https:\\\/\\\/auxmode.com\\\/#website\"},\"primaryImageOfPage\":{\"@id\":\"https:\\\/\\\/auxmode.com\\\/es\\\/productos\\\/transferencia-canal-youtube-cms\\\/#primaryimage\"},\"image\":{\"@id\":\"https:\\\/\\\/auxmode.com\\\/es\\\/productos\\\/transferencia-canal-youtube-cms\\\/#primaryimage\"},\"thumbnailUrl\":\"https:\\\/\\\/auxmode.com\\\/wp-content\\\/uploads\\\/2022\\\/05\\\/YouTubeCMSChannelMigration1.png\",\"datePublished\":\"2022-05-22T02:29:27+00:00\",\"dateModified\":\"2024-03-30T04:15:45+00:00\",\"breadcrumb\":{\"@id\":\"https:\\\/\\\/auxmode.com\\\/es\\\/productos\\\/transferencia-canal-youtube-cms\\\/#breadcrumb\"},\"inLanguage\":\"es\",\"potentialAction\":[{\"@type\":\"ReadAction\",\"target\":[\"https:\\\/\\\/auxmode.com\\\/es\\\/productos\\\/transferencia-canal-youtube-cms\\\/\"]}]},{\"@type\":\"ImageObject\",\"inLanguage\":\"es\",\"@id\":\"https:\\\/\\\/auxmode.com\\\/es\\\/productos\\\/transferencia-canal-youtube-cms\\\/#primaryimage\",\"url\":\"https:\\\/\\\/auxmode.com\\\/wp-content\\\/uploads\\\/2022\\\/05\\\/YouTubeCMSChannelMigration1.png\",\"contentUrl\":\"https:\\\/\\\/auxmode.com\\\/wp-content\\\/uploads\\\/2022\\\/05\\\/YouTubeCMSChannelMigration1.png\"},{\"@type\":\"BreadcrumbList\",\"@id\":\"https:\\\/\\\/auxmode.com\\\/es\\\/productos\\\/transferencia-canal-youtube-cms\\\/#breadcrumb\",\"itemListElement\":[{\"@type\":\"ListItem\",\"position\":1,\"name\":\"Home\",\"item\":\"https:\\\/\\\/auxmode.com\\\/es\\\/\"},{\"@type\":\"ListItem\",\"position\":2,\"name\":\"Productos\",\"item\":\"https:\\\/\\\/auxmode.com\\\/es\\\/productos\\\/\"},{\"@type\":\"ListItem\",\"position\":3,\"name\":\"Transferencia de canal del CMS de Youtube\"}]},{\"@type\":\"WebSite\",\"@id\":\"https:\\\/\\\/auxmode.com\\\/#website\",\"url\":\"https:\\\/\\\/auxmode.com\\\/\",\"name\":\"Aux Mode\",\"description\":\"YouTube content monetization protection and Revenue Reporting Automation.\",\"inLanguage\":\"es\"}]}<\/script>\n<!-- \/ Yoast SEO plugin. -->","yoast_head_json":{"title":"Transferencia de canal del CMS de Youtube - Aux Mode","robots":{"index":"index","follow":"follow","max-snippet":"max-snippet:-1","max-image-preview":"max-image-preview:large","max-video-preview":"max-video-preview:-1"},"canonical":"https:\/\/auxmode.com\/es\/productos\/transferencia-canal-youtube-cms\/","og_locale":"es_ES","og_type":"article","og_title":"Transferencia de canal del CMS de Youtube - Aux Mode","og_description":"Transferencia de canal del CMS de Youtube Si est\u00e1s buscando transferir un canal de YouTube de un O+O a un CMS de Afiliados sin perder activos, reclamaciones o pol\u00edticas por activo, podemos ayudarte. Planes y precios La migraci\u00f3n del canal CMS de YouTube proporciona  Todos los activos migrados. .","og_url":"https:\/\/auxmode.com\/es\/productos\/transferencia-canal-youtube-cms\/","og_site_name":"Aux Mode","article_modified_time":"2024-03-30T04:15:45+00:00","og_image":[{"url":"https:\/\/auxmode.com\/wp-content\/uploads\/2022\/05\/YouTubeCMSChannelMigration1.png","type":"","width":"","height":""}],"twitter_card":"summary_large_image","twitter_misc":{"Tiempo de lectura":"2 minutos"},"schema":{"@context":"https:\/\/schema.org","@graph":[{"@type":"WebPage","@id":"https:\/\/auxmode.com\/es\/productos\/transferencia-canal-youtube-cms\/","url":"https:\/\/auxmode.com\/es\/productos\/transferencia-canal-youtube-cms\/","name":"Transferencia de canal del CMS de Youtube - Aux Mode","isPartOf":{"@id":"https:\/\/auxmode.com\/#website"},"primaryImageOfPage":{"@id":"https:\/\/auxmode.com\/es\/productos\/transferencia-canal-youtube-cms\/#primaryimage"},"image":{"@id":"https:\/\/auxmode.com\/es\/productos\/transferencia-canal-youtube-cms\/#primaryimage"},"thumbnailUrl":"https:\/\/auxmode.com\/wp-content\/uploads\/2022\/05\/YouTubeCMSChannelMigration1.png","datePublished":"2022-05-22T02:29:27+00:00","dateModified":"2024-03-30T04:15:45+00:00","breadcrumb":{"@id":"https:\/\/auxmode.com\/es\/productos\/transferencia-canal-youtube-cms\/#breadcrumb"},"inLanguage":"es","potentialAction":[{"@type":"ReadAction","target":["https:\/\/auxmode.com\/es\/productos\/transferencia-canal-youtube-cms\/"]}]},{"@type":"ImageObject","inLanguage":"es","@id":"https:\/\/auxmode.com\/es\/productos\/transferencia-canal-youtube-cms\/#primaryimage","url":"https:\/\/auxmode.com\/wp-content\/uploads\/2022\/05\/YouTubeCMSChannelMigration1.png","contentUrl":"https:\/\/auxmode.com\/wp-content\/uploads\/2022\/05\/YouTubeCMSChannelMigration1.png"},{"@type":"BreadcrumbList","@id":"https:\/\/auxmode.com\/es\/productos\/transferencia-canal-youtube-cms\/#breadcrumb","itemListElement":[{"@type":"ListItem","position":1,"name":"Home","item":"https:\/\/auxmode.com\/es\/"},{"@type":"ListItem","position":2,"name":"Productos","item":"https:\/\/auxmode.com\/es\/productos\/"},{"@type":"ListItem","position":3,"name":"Transferencia de canal del CMS de Youtube"}]},{"@type":"WebSite","@id":"https:\/\/auxmode.com\/#website","url":"https:\/\/auxmode.com\/","name":"Aux Mode","description":"YouTube content monetization protection and Revenue Reporting Automation.","inLanguage":"es"}]}},"_links":{"self":[{"href":"https:\/\/auxmode.com\/es\/wp-json\/wp\/v2\/pages\/25662","targetHints":{"allow":["GET"]}}],"collection":[{"href":"https:\/\/auxmode.com\/es\/wp-json\/wp\/v2\/pages"}],"about":[{"href":"https:\/\/auxmode.com\/es\/wp-json\/wp\/v2\/types\/page"}],"author":[{"embeddable":true,"href":"https:\/\/auxmode.com\/es\/wp-json\/wp\/v2\/users\/1"}],"replies":[{"embeddable":true,"href":"https:\/\/auxmode.com\/es\/wp-json\/wp\/v2\/comments?post=25662"}],"version-history":[{"count":1,"href":"https:\/\/auxmode.com\/es\/wp-json\/wp\/v2\/pages\/25662\/revisions"}],"predecessor-version":[{"id":25664,"href":"https:\/\/auxmode.com\/es\/wp-json\/wp\/v2\/pages\/25662\/revisions\/25664"}],"up":[{"embeddable":true,"href":"https:\/\/auxmode.com\/es\/wp-json\/wp\/v2\/pages\/22316"}],"wp:attachment":[{"href":"https:\/\/auxmode.com\/es\/wp-json\/wp\/v2\/media?parent=25662"}],"curies":[{"name":"wp","href":"https:\/\/api.w.org\/{rel}","templated":true}]}}