{"id":25657,"date":"2022-06-16T06:40:22","date_gmt":"2022-06-16T06:40:22","guid":{"rendered":"https:\/\/auxmode.com\/productos\/video-insights\/"},"modified":"2024-03-30T04:10:14","modified_gmt":"2024-03-30T04:10:14","slug":"informacion-video","status":"publish","type":"page","link":"https:\/\/auxmode.com\/es\/productos\/informacion-video\/","title":{"rendered":"Informaci\u00f3n sobre v\u00eddeos"},"content":{"rendered":"<div id=\"pl-gb25657-69d4bc4ca4686\"  class=\"panel-layout\" ><div class=\"container\"><div id=\"pg-gb25657-69d4bc4ca4686-0\"  class=\"panel-grid panel-has-style row\" ><div class=\"hero lighter siteorigin-panels-stretch panel-row-style panel-row-style-for-gb25657-69d4bc4ca4686-0\" data-stretch-type=\"full\" ><div id=\"pgc-gb25657-69d4bc4ca4686-0-0\"  class=\"panel-grid-cell 69d4bc4ca4686-6 flip col-md-12\" ><div class=\"hero-left panel-cell-style panel-cell-style-for-gb25657-69d4bc4ca4686-0-0\" ><div id=\"panel-gb25657-69d4bc4ca4686-0-0-0\" class=\"so-panel widget widget_sow-editor panel-first-child panel-last-child\" data-index=\"0\" ><div class=\"so-widget-sow-editor so-widget-sow-editor-base\">\n<div class=\"siteorigin-widget-tinymce textwidget\">\n\t<h1>Informaci\u00f3n sobre v\u00eddeos<\/h1>\n<p>Utiliza informaci\u00f3n y an\u00e1lisis para entender mejor el rendimiento de tus videos y canal con m\u00e9tricas clave e informes. Aprende a crear estrategias de contenido basadas en tus conocimientos.<\/p>\n<p><a class=\"btn btn-primary\" href=\"https:\/\/auxmode.com\/es\/precios\/\">Planes y precios<\/a><\/p>\n<\/div>\n<\/div><\/div><\/div><\/div><div id=\"pgc-gb25657-69d4bc4ca4686-0-1\"  class=\"panel-grid-cell 69d4bc4ca4686-6 flip col-md-12\" ><div class=\"hero-right panel-cell-style panel-cell-style-for-gb25657-69d4bc4ca4686-0-1\" ><div id=\"panel-gb25657-69d4bc4ca4686-0-1-0\" class=\"so-panel widget widget_media_image panel-first-child panel-last-child\" data-index=\"1\" ><div class=\"panel-widget-style panel-widget-style-for-gb25657-69d4bc4ca4686-0-1-0\" ><img decoding=\"async\" width=\"555\" height=\"297\" src=\"https:\/\/auxmode.com\/wp-content\/uploads\/2022\/06\/Video-Insights4.png\" class=\"image wp-image-18192  attachment-full size-full\" alt=\"YouTube Analytics\" style=\"max-width: 100%; height: auto;\" srcset=\"https:\/\/auxmode.com\/wp-content\/uploads\/2022\/06\/Video-Insights4.png 555w, https:\/\/auxmode.com\/wp-content\/uploads\/2022\/06\/Video-Insights4-300x161.png 300w\" sizes=\"(max-width: 555px) 100vw, 555px\" \/><\/div><\/div><\/div><\/div><\/div><\/div><\/div><div class=\"container\"><div id=\"pg-gb25657-69d4bc4ca4686-1\"  class=\"panel-grid panel-has-style row\" ><div class=\"panel-usp panel-row-style panel-row-style-for-gb25657-69d4bc4ca4686-1\" ><div id=\"pgc-gb25657-69d4bc4ca4686-1-0\"  class=\"panel-grid-cell 69d4bc4ca4686-7 flip col-md-12\" ><div id=\"panel-gb25657-69d4bc4ca4686-1-0-0\" class=\"so-panel widget widget_media_image panel-first-child panel-last-child\" data-index=\"2\" ><img decoding=\"async\" width=\"271\" height=\"274\" src=\"https:\/\/auxmode.com\/wp-content\/uploads\/2022\/06\/Video-Insights5-1.png\" class=\"image wp-image-18190 aligncenter attachment-full size-full\" alt=\"Video Insights\" style=\"max-width: 100%; height: auto;\" \/><\/div><\/div><div id=\"pgc-gb25657-69d4bc4ca4686-1-1\"  class=\"panel-grid-cell 69d4bc4ca4686-7 flip col-md-12\" ><div id=\"panel-gb25657-69d4bc4ca4686-1-1-0\" class=\"widget_text so-panel widget widget_custom_html panel-first-child panel-last-child\" data-index=\"3\" ><div class=\"textwidget custom-html-widget\"><h3>Informaci\u00f3n de v\u00eddeo proporciona<\/h3>\n<ul class=\"usp-list\">\n\t<li class=\"usp-item\">\n\t\t<div class=\"icon\"><i class=\"fa fa-check\"><\/i><\/div>\n\t\t<div class=\"usp-content\">\n\t\t\t<h4>Informaci\u00f3n predefinida<\/h4>\n\t\t\t<p>\n\t\t\t\tInformes basados en tiempo de visualizaci\u00f3n, visualizaciones, duraci\u00f3n promedio de visualizaci\u00f3n, retenci\u00f3n de audiencia, participaci\u00f3n y m\u00e1s de 100 an\u00e1lisis m\u00e1s. \n\t\t\t<\/p>\n\t\t<\/div>\n\t<\/li>\n\t\n\t<li class=\"usp-item\">\n\t\t<div class=\"icon\"><i class=\"fa fa-check\"><\/i><\/div>\n\t\t<div class=\"usp-content\">\n\t\t\t<h4>Informaci\u00f3n personalizada<\/h4>\n\t\t\t<p>\n\t\t\t\tInformaci\u00f3n personalizada basada en tus objetivos.\n\t\t\t<\/p>\n\t\t<\/div>\n\t<\/li>\n\t\n\t<li class=\"usp-item\">\n\t\t<div class=\"icon\"><i class=\"fa fa-check\"><\/i><\/div>\n\t\t<div class=\"usp-content\">\n\t\t\t<h4>Informes<\/h4>\n\t\t\t<p>\n\t\t\t\tInformes personalizados y tipos de informes descargables.\n\t\t\t<\/p>\n\t\t<\/div>\n\t<\/li>\n<\/ul>\n\n<p><a class=\"btn\" href=\"https:\/\/auxmode.com\/es\/contactanos\/\">Leer m\u00e1s<\/a><\/p><\/div><\/div><\/div><\/div><\/div><\/div><div class=\"container\"><div id=\"pg-gb25657-69d4bc4ca4686-2\"  class=\"panel-grid panel-has-style row\" ><div class=\"homepage-row colored siteorigin-panels-stretch panel-row-style panel-row-style-for-gb25657-69d4bc4ca4686-2\" data-stretch-type=\"full\" ><div id=\"pgc-gb25657-69d4bc4ca4686-2-0\"  class=\"panel-grid-cell 69d4bc4ca4686-8 flip col-md-12\" ><div id=\"panel-gb25657-69d4bc4ca4686-2-0-0\" class=\"so-panel widget widget_sow-editor panel-first-child panel-last-child\" data-index=\"4\" ><div class=\"so-widget-sow-editor so-widget-sow-editor-base\">\n<div class=\"siteorigin-widget-tinymce textwidget\">\n\t<h3>Informaci\u00f3n sobre v\u00eddeos<\/h3>\n<p>Seguir a tu audiencia y comprender las anal\u00edticas es una parte importante de cualquier estrategia de marketing de streaming.\u00a0 En Aux Mode podemos proporcionar indicadores clave de rendimiento que sean adecuados para tus objetivos. Aplica las m\u00e9tricas correctas para medir tus resultados. Descubre c\u00f3mo utilizar tus datos para hacer crecer tu canal.<\/p>\n<p><a class=\"btn btn-primary\" href=\"https:\/\/auxmode.com\/contact\/\">Leer m\u00e1s<\/a><\/p>\n<\/div>\n<\/div><\/div><\/div><div id=\"pgc-gb25657-69d4bc4ca4686-2-1\"  class=\"panel-grid-cell 69d4bc4ca4686-8 flip col-md-12\" ><div id=\"panel-gb25657-69d4bc4ca4686-2-1-0\" class=\"so-panel widget widget_media_image panel-first-child panel-last-child\" data-index=\"5\" ><img decoding=\"async\" width=\"555\" height=\"400\" src=\"https:\/\/auxmode.com\/wp-content\/uploads\/2022\/06\/VideoInsights3.png\" class=\"image wp-image-18157 aligncenter attachment-full size-full\" alt=\"Video Insights\" style=\"max-width: 100%; height: auto;\" srcset=\"https:\/\/auxmode.com\/wp-content\/uploads\/2022\/06\/VideoInsights3.png 555w, https:\/\/auxmode.com\/wp-content\/uploads\/2022\/06\/VideoInsights3-300x216.png 300w\" sizes=\"(max-width: 555px) 100vw, 555px\" \/><\/div><\/div><\/div><\/div><\/div><\/div>","protected":false},"excerpt":{"rendered":"<p>Informaci\u00f3n sobre v\u00eddeos <\/p>\n<p>Utiliza informaci\u00f3n y an\u00e1lisis para entender mejor el rendimiento de tus videos y canal con m\u00e9tricas clave e informes. Aprende a crear estrategias de contenido basadas en tus conocimientos.<\/p>\n<p>Planes y precios<\/p>\n<p> Informaci\u00f3n de v\u00eddeo proporciona <\/p>\n<ul class=\"usp-list\">\n<li class=\"usp-item\"> Informaci\u00f3n predefinida\n<p> Informes basados en tiempo de visualizaci\u00f3n, visualizaciones, duraci\u00f3n promedio &hellip; <\/p>\n<p><a class=\"more-link btn\" href=\"https:\/\/auxmode.com\/es\/productos\/informacion-video\/\">Seguir leyendo<\/a><\/p>\n<\/li>\n<\/ul>\n","protected":false},"author":1,"featured_media":0,"parent":22316,"menu_order":0,"comment_status":"closed","ping_status":"closed","template":"","meta":{"_acf_changed":false,"amp_status":"","footnotes":""},"class_list":["post-25657","page","type-page","status-publish","hentry","nodate","item-wrap"],"acf":[],"yoast_head":"<!-- This site is optimized with the Yoast SEO plugin v27.3 - https:\/\/yoast.com\/product\/yoast-seo-wordpress\/ -->\n<title>Informaci\u00f3n sobre v\u00eddeos - Aux Mode<\/title>\n<meta name=\"robots\" content=\"index, follow, max-snippet:-1, max-image-preview:large, max-video-preview:-1\" \/>\n<link rel=\"canonical\" href=\"https:\/\/auxmode.com\/es\/productos\/informacion-video\/\" \/>\n<meta property=\"og:locale\" content=\"es_ES\" \/>\n<meta property=\"og:type\" content=\"article\" \/>\n<meta property=\"og:title\" content=\"Informaci\u00f3n sobre v\u00eddeos - Aux Mode\" \/>\n<meta property=\"og:description\" content=\"Informaci\u00f3n sobre v\u00eddeos Utiliza informaci\u00f3n y an\u00e1lisis para entender mejor el rendimiento de tus videos y canal con m\u00e9tricas clave e informes. Aprende a crear estrategias de contenido basadas en tus conocimientos. Planes y precios Informaci\u00f3n de v\u00eddeo proporciona  Informaci\u00f3n predefinida Informes basados en tiempo de visualizaci\u00f3n, visualizaciones, duraci\u00f3n promedio &hellip; Seguir leyendo\" \/>\n<meta property=\"og:url\" content=\"https:\/\/auxmode.com\/es\/productos\/informacion-video\/\" \/>\n<meta property=\"og:site_name\" content=\"Aux Mode\" \/>\n<meta property=\"article:modified_time\" content=\"2024-03-30T04:10:14+00:00\" \/>\n<meta property=\"og:image\" content=\"https:\/\/auxmode.com\/wp-content\/uploads\/2022\/06\/Video-Insights4.png\" \/>\n<meta name=\"twitter:card\" content=\"summary_large_image\" \/>\n<meta name=\"twitter:label1\" content=\"Tiempo de lectura\" \/>\n\t<meta name=\"twitter:data1\" content=\"2 minutos\" \/>\n<script type=\"application\/ld+json\" class=\"yoast-schema-graph\">{\"@context\":\"https:\\\/\\\/schema.org\",\"@graph\":[{\"@type\":\"WebPage\",\"@id\":\"https:\\\/\\\/auxmode.com\\\/es\\\/productos\\\/informacion-video\\\/\",\"url\":\"https:\\\/\\\/auxmode.com\\\/es\\\/productos\\\/informacion-video\\\/\",\"name\":\"Informaci\u00f3n sobre v\u00eddeos - Aux Mode\",\"isPartOf\":{\"@id\":\"https:\\\/\\\/auxmode.com\\\/#website\"},\"primaryImageOfPage\":{\"@id\":\"https:\\\/\\\/auxmode.com\\\/es\\\/productos\\\/informacion-video\\\/#primaryimage\"},\"image\":{\"@id\":\"https:\\\/\\\/auxmode.com\\\/es\\\/productos\\\/informacion-video\\\/#primaryimage\"},\"thumbnailUrl\":\"https:\\\/\\\/auxmode.com\\\/wp-content\\\/uploads\\\/2022\\\/06\\\/Video-Insights4.png\",\"datePublished\":\"2022-06-16T06:40:22+00:00\",\"dateModified\":\"2024-03-30T04:10:14+00:00\",\"breadcrumb\":{\"@id\":\"https:\\\/\\\/auxmode.com\\\/es\\\/productos\\\/informacion-video\\\/#breadcrumb\"},\"inLanguage\":\"es\",\"potentialAction\":[{\"@type\":\"ReadAction\",\"target\":[\"https:\\\/\\\/auxmode.com\\\/es\\\/productos\\\/informacion-video\\\/\"]}]},{\"@type\":\"ImageObject\",\"inLanguage\":\"es\",\"@id\":\"https:\\\/\\\/auxmode.com\\\/es\\\/productos\\\/informacion-video\\\/#primaryimage\",\"url\":\"https:\\\/\\\/auxmode.com\\\/wp-content\\\/uploads\\\/2022\\\/06\\\/Video-Insights4.png\",\"contentUrl\":\"https:\\\/\\\/auxmode.com\\\/wp-content\\\/uploads\\\/2022\\\/06\\\/Video-Insights4.png\"},{\"@type\":\"BreadcrumbList\",\"@id\":\"https:\\\/\\\/auxmode.com\\\/es\\\/productos\\\/informacion-video\\\/#breadcrumb\",\"itemListElement\":[{\"@type\":\"ListItem\",\"position\":1,\"name\":\"Home\",\"item\":\"https:\\\/\\\/auxmode.com\\\/es\\\/\"},{\"@type\":\"ListItem\",\"position\":2,\"name\":\"Productos\",\"item\":\"https:\\\/\\\/auxmode.com\\\/es\\\/productos\\\/\"},{\"@type\":\"ListItem\",\"position\":3,\"name\":\"Informaci\u00f3n sobre v\u00eddeos\"}]},{\"@type\":\"WebSite\",\"@id\":\"https:\\\/\\\/auxmode.com\\\/#website\",\"url\":\"https:\\\/\\\/auxmode.com\\\/\",\"name\":\"Aux Mode\",\"description\":\"YouTube content monetization protection and Revenue Reporting Automation.\",\"inLanguage\":\"es\"}]}<\/script>\n<!-- \/ Yoast SEO plugin. -->","yoast_head_json":{"title":"Informaci\u00f3n sobre v\u00eddeos - Aux Mode","robots":{"index":"index","follow":"follow","max-snippet":"max-snippet:-1","max-image-preview":"max-image-preview:large","max-video-preview":"max-video-preview:-1"},"canonical":"https:\/\/auxmode.com\/es\/productos\/informacion-video\/","og_locale":"es_ES","og_type":"article","og_title":"Informaci\u00f3n sobre v\u00eddeos - Aux Mode","og_description":"Informaci\u00f3n sobre v\u00eddeos Utiliza informaci\u00f3n y an\u00e1lisis para entender mejor el rendimiento de tus videos y canal con m\u00e9tricas clave e informes. Aprende a crear estrategias de contenido basadas en tus conocimientos. Planes y precios Informaci\u00f3n de v\u00eddeo proporciona  Informaci\u00f3n predefinida Informes basados en tiempo de visualizaci\u00f3n, visualizaciones, duraci\u00f3n promedio &hellip; Seguir leyendo","og_url":"https:\/\/auxmode.com\/es\/productos\/informacion-video\/","og_site_name":"Aux Mode","article_modified_time":"2024-03-30T04:10:14+00:00","og_image":[{"url":"https:\/\/auxmode.com\/wp-content\/uploads\/2022\/06\/Video-Insights4.png","type":"","width":"","height":""}],"twitter_card":"summary_large_image","twitter_misc":{"Tiempo de lectura":"2 minutos"},"schema":{"@context":"https:\/\/schema.org","@graph":[{"@type":"WebPage","@id":"https:\/\/auxmode.com\/es\/productos\/informacion-video\/","url":"https:\/\/auxmode.com\/es\/productos\/informacion-video\/","name":"Informaci\u00f3n sobre v\u00eddeos - Aux Mode","isPartOf":{"@id":"https:\/\/auxmode.com\/#website"},"primaryImageOfPage":{"@id":"https:\/\/auxmode.com\/es\/productos\/informacion-video\/#primaryimage"},"image":{"@id":"https:\/\/auxmode.com\/es\/productos\/informacion-video\/#primaryimage"},"thumbnailUrl":"https:\/\/auxmode.com\/wp-content\/uploads\/2022\/06\/Video-Insights4.png","datePublished":"2022-06-16T06:40:22+00:00","dateModified":"2024-03-30T04:10:14+00:00","breadcrumb":{"@id":"https:\/\/auxmode.com\/es\/productos\/informacion-video\/#breadcrumb"},"inLanguage":"es","potentialAction":[{"@type":"ReadAction","target":["https:\/\/auxmode.com\/es\/productos\/informacion-video\/"]}]},{"@type":"ImageObject","inLanguage":"es","@id":"https:\/\/auxmode.com\/es\/productos\/informacion-video\/#primaryimage","url":"https:\/\/auxmode.com\/wp-content\/uploads\/2022\/06\/Video-Insights4.png","contentUrl":"https:\/\/auxmode.com\/wp-content\/uploads\/2022\/06\/Video-Insights4.png"},{"@type":"BreadcrumbList","@id":"https:\/\/auxmode.com\/es\/productos\/informacion-video\/#breadcrumb","itemListElement":[{"@type":"ListItem","position":1,"name":"Home","item":"https:\/\/auxmode.com\/es\/"},{"@type":"ListItem","position":2,"name":"Productos","item":"https:\/\/auxmode.com\/es\/productos\/"},{"@type":"ListItem","position":3,"name":"Informaci\u00f3n sobre v\u00eddeos"}]},{"@type":"WebSite","@id":"https:\/\/auxmode.com\/#website","url":"https:\/\/auxmode.com\/","name":"Aux Mode","description":"YouTube content monetization protection and Revenue Reporting Automation.","inLanguage":"es"}]}},"_links":{"self":[{"href":"https:\/\/auxmode.com\/es\/wp-json\/wp\/v2\/pages\/25657","targetHints":{"allow":["GET"]}}],"collection":[{"href":"https:\/\/auxmode.com\/es\/wp-json\/wp\/v2\/pages"}],"about":[{"href":"https:\/\/auxmode.com\/es\/wp-json\/wp\/v2\/types\/page"}],"author":[{"embeddable":true,"href":"https:\/\/auxmode.com\/es\/wp-json\/wp\/v2\/users\/1"}],"replies":[{"embeddable":true,"href":"https:\/\/auxmode.com\/es\/wp-json\/wp\/v2\/comments?post=25657"}],"version-history":[{"count":2,"href":"https:\/\/auxmode.com\/es\/wp-json\/wp\/v2\/pages\/25657\/revisions"}],"predecessor-version":[{"id":25661,"href":"https:\/\/auxmode.com\/es\/wp-json\/wp\/v2\/pages\/25657\/revisions\/25661"}],"up":[{"embeddable":true,"href":"https:\/\/auxmode.com\/es\/wp-json\/wp\/v2\/pages\/22316"}],"wp:attachment":[{"href":"https:\/\/auxmode.com\/es\/wp-json\/wp\/v2\/media?parent=25657"}],"curies":[{"name":"wp","href":"https:\/\/api.w.org\/{rel}","templated":true}]}}