{"id":25641,"date":"2023-03-12T04:22:05","date_gmt":"2023-03-12T04:22:05","guid":{"rendered":"https:\/\/auxmode.com\/productos\/streaming-music-royalties\/"},"modified":"2024-03-30T03:38:16","modified_gmt":"2024-03-30T03:38:16","slug":"royalties-musica-streaming","status":"publish","type":"page","link":"https:\/\/auxmode.com\/es\/productos\/royalties-musica-streaming\/","title":{"rendered":"Royalties de m\u00fasica en streaming"},"content":{"rendered":"<div id=\"pl-gb25641-69e5f47618c07\"  class=\"panel-layout\" ><div class=\"container\"><div id=\"pg-gb25641-69e5f47618c07-0\"  class=\"panel-grid panel-has-style row\" ><div class=\"hero lighter siteorigin-panels-stretch panel-row-style panel-row-style-for-gb25641-69e5f47618c07-0\" data-stretch-type=\"full\" ><div id=\"pgc-gb25641-69e5f47618c07-0-0\"  class=\"panel-grid-cell 69e5f47618c07-6 flip col-md-12\" ><div class=\"hero-left panel-cell-style panel-cell-style-for-gb25641-69e5f47618c07-0-0\" ><div id=\"panel-gb25641-69e5f47618c07-0-0-0\" class=\"so-panel widget widget_sow-editor panel-first-child panel-last-child\" data-index=\"0\" ><div class=\"so-widget-sow-editor so-widget-sow-editor-base\">\n<div class=\"siteorigin-widget-tinymce textwidget\">\n\t<h1>Royalties de m\u00fasica en streaming<\/h1>\n<p>Herramienta de automatizaci\u00f3n de informes de regal\u00edas de m\u00fasica en streaming para informes concisos por sello discogr\u00e1fico, artista y pista. Creando eficiencias significativas para los departamentos de contabilidad, los contadores y los sellos discogr\u00e1ficos.<\/p>\n<p><a class=\"btn btn-primary\" href=\"https:\/\/auxmode.com\/es\/precios\/\">Planes y precios<\/a><\/p>\n<\/div>\n<\/div><\/div><\/div><\/div><div id=\"pgc-gb25641-69e5f47618c07-0-1\"  class=\"panel-grid-cell 69e5f47618c07-6 flip col-md-12\" ><div class=\"hero-right panel-cell-style panel-cell-style-for-gb25641-69e5f47618c07-0-1\" ><div id=\"panel-gb25641-69e5f47618c07-0-1-0\" class=\"so-panel widget widget_media_image panel-first-child panel-last-child\" data-index=\"1\" ><div class=\"panel-widget-style panel-widget-style-for-gb25641-69e5f47618c07-0-1-0\" ><img decoding=\"async\" width=\"400\" height=\"342\" src=\"https:\/\/auxmode.com\/wp-content\/uploads\/2023\/03\/Products_Streaming-Music-Royalties_1.png\" class=\"image wp-image-24112  attachment-400x342 size-400x342\" alt=\"YouTube Streaming Music Royalties\" style=\"max-width: 100%; height: auto;\" srcset=\"https:\/\/auxmode.com\/wp-content\/uploads\/2023\/03\/Products_Streaming-Music-Royalties_1.png 555w, https:\/\/auxmode.com\/wp-content\/uploads\/2023\/03\/Products_Streaming-Music-Royalties_1-300x256.png 300w\" sizes=\"(max-width: 400px) 100vw, 400px\" \/><\/div><\/div><\/div><\/div><\/div><\/div><\/div><div class=\"container\"><div id=\"pg-gb25641-69e5f47618c07-1\"  class=\"panel-grid panel-has-style row\" ><div class=\"panel-usp panel-row-style panel-row-style-for-gb25641-69e5f47618c07-1\" ><div id=\"pgc-gb25641-69e5f47618c07-1-0\"  class=\"panel-grid-cell 69e5f47618c07-7 flip col-md-12\" ><div id=\"panel-gb25641-69e5f47618c07-1-0-0\" class=\"so-panel widget widget_media_image panel-first-child panel-last-child\" data-index=\"2\" ><img decoding=\"async\" width=\"300\" height=\"300\" src=\"https:\/\/auxmode.com\/wp-content\/uploads\/2023\/03\/Products_Streaming-Music-Royalties_2-300x300.png\" class=\"image wp-image-24114 aligncenter attachment-medium size-medium\" alt=\"YouTube Streaming Music Royalties\" style=\"max-width: 100%; height: auto;\" srcset=\"https:\/\/auxmode.com\/wp-content\/uploads\/2023\/03\/Products_Streaming-Music-Royalties_2-300x300.png 300w, https:\/\/auxmode.com\/wp-content\/uploads\/2023\/03\/Products_Streaming-Music-Royalties_2-150x150.png 150w, https:\/\/auxmode.com\/wp-content\/uploads\/2023\/03\/Products_Streaming-Music-Royalties_2.png 555w\" sizes=\"(max-width: 300px) 100vw, 300px\" \/><\/div><\/div><div id=\"pgc-gb25641-69e5f47618c07-1-1\"  class=\"panel-grid-cell 69e5f47618c07-7 flip col-md-12\" ><div id=\"panel-gb25641-69e5f47618c07-1-1-0\" class=\"widget_text so-panel widget widget_custom_html panel-first-child panel-last-child\" data-index=\"3\" ><div class=\"textwidget custom-html-widget\"><h3>Royalties de m\u00fasica en streaming proporciona<\/h3>\n<ul class=\"usp-list\">\n\t<li class=\"usp-item\">\n\t\t<div class=\"icon\"><i class=\"fa fa-check\"><\/i><\/div>\n\t\t<div class=\"usp-content\">\n\t\t\t<h4>Informes de royalties por regi\u00f3n.<\/h4>\n\t\t<\/div>\n\t<\/li>\n\t\n\t<li class=\"usp-item\">\n\t\t<div class=\"icon\"><i class=\"fa fa-check\"><\/i><\/div>\n\t\t<div class=\"usp-content\">\n\t\t\t<h4>Informes de royalties  por v\u00eda (ISRC).<\/h4>\n\t\t<\/div>\n\t<\/li>\n\t\n\t<li class=\"usp-item\">\n\t\t<div class=\"icon\"><i class=\"fa fa-check\"><\/i><\/div>\n\t\t<div class=\"usp-content\">\n\t\t\t<h4>Informe de royalties por \u00e1lbum (UPC).<\/h4>\n\t\t<\/div>\n\t<\/li>\n\t\n\t<li class=\"usp-item\">\n\t\t<div class=\"icon\"><i class=\"fa fa-check\"><\/i><\/div>\n\t\t<div class=\"usp-content\">\n\t\t\t<h4>Informes de royalties por sellos discogr\u00e1ficos.<\/h4>\n\t\t<\/div>\n\t<\/li>\n\t\n\t<li class=\"usp-item\">\n\t\t<div class=\"icon\"><i class=\"fa fa-check\"><\/i><\/div>\n\t\t<div class=\"usp-content\">\n\t\t\t<h4>Royalties que informan divisiones de ingresos.<\/h4>\n\t\t<\/div>\n\t<\/li>\n\t\n\t<li class=\"usp-item\">\n\t\t<div class=\"icon\"><i class=\"fa fa-check\"><\/i><\/div>\n\t\t<div class=\"usp-content\">\n\t\t\t<h4>Profesional de servicio para volver a revisar tus pol\u00edticas de royalties de streaming.<\/h4>\n\t\t<\/div>\n\t<\/li>\n\t\n<\/ul>\n\n<p><a class=\"btn\" href=\"https:\/\/auxmode.com\/es\/contactanos\/\">Leer m\u00e1s<\/a><\/p><\/div><\/div><\/div><\/div><\/div><\/div><div class=\"container\"><div id=\"pg-gb25641-69e5f47618c07-2\"  class=\"panel-grid panel-has-style row\" ><div class=\"homepage-row colored siteorigin-panels-stretch panel-row-style panel-row-style-for-gb25641-69e5f47618c07-2\" data-stretch-type=\"full\" ><div id=\"pgc-gb25641-69e5f47618c07-2-0\"  class=\"panel-grid-cell 69e5f47618c07-8 flip col-md-12\" ><div id=\"panel-gb25641-69e5f47618c07-2-0-0\" class=\"so-panel widget widget_sow-editor panel-first-child panel-last-child\" data-index=\"4\" ><div class=\"so-widget-sow-editor so-widget-sow-editor-base\">\n<div class=\"siteorigin-widget-tinymce textwidget\">\n\t<h3>Royalties de m\u00fasica en streaming<\/h3>\n<p>Hemos desarrollado un proceso de automatizaci\u00f3n de royalties de streaming que est\u00e1 completamente automatizado.<\/p>\n<p>Las royalties, los derechos y los c\u00e1lculos de la plataforma de streaming est\u00e1n todos automatizados. La automatizaci\u00f3n de los ingresos de las etiquetas por pista, \u00e1lbum por regi\u00f3n y por los diez primeros est\u00e1 automatizada. C\u00e1lculos de divisi\u00f3n de ingresos disponibles por sello, por pista y\/o \u00e1lbum por regi\u00f3n y en todo el mundo.<\/p>\n<p>Este proceso reduce todas las tareas operativas necesarias entre sellos discogr\u00e1ficos y artistas.<\/p>\n<p><a class=\"btn btn-primary\" href=\"https:\/\/auxmode.com\/contact\/\">Leer m\u00e1s<\/a><\/p>\n<\/div>\n<\/div><\/div><\/div><div id=\"pgc-gb25641-69e5f47618c07-2-1\"  class=\"panel-grid-cell 69e5f47618c07-8 flip col-md-12\" ><div id=\"panel-gb25641-69e5f47618c07-2-1-0\" class=\"so-panel widget widget_media_image panel-first-child panel-last-child\" data-index=\"5\" ><img decoding=\"async\" width=\"300\" height=\"261\" src=\"https:\/\/auxmode.com\/wp-content\/uploads\/2023\/03\/Products_Streaming-Music-Royalties_3-300x261.png\" class=\"image wp-image-24116 aligncenter attachment-medium size-medium\" alt=\"YouTube Streaming Video Royalties\" style=\"max-width: 100%; height: auto;\" srcset=\"https:\/\/auxmode.com\/wp-content\/uploads\/2023\/03\/Products_Streaming-Music-Royalties_3-300x261.png 300w, https:\/\/auxmode.com\/wp-content\/uploads\/2023\/03\/Products_Streaming-Music-Royalties_3.png 522w\" sizes=\"(max-width: 300px) 100vw, 300px\" \/><\/div><\/div><\/div><\/div><\/div><\/div>","protected":false},"excerpt":{"rendered":"<p>Royalties de m\u00fasica en streaming <\/p>\n<p>Herramienta de automatizaci\u00f3n de informes de regal\u00edas de m\u00fasica en streaming para informes concisos por sello discogr\u00e1fico, artista y pista. Creando eficiencias significativas para los departamentos de contabilidad, los contadores y los sellos discogr\u00e1ficos.<\/p>\n<p>Planes y precios<\/p>\n<p> Royalties de m\u00fasica en streaming proporciona <\/p>\n<ul class=\"usp-list\">\n<li class=\"usp-item\"> Informes de royalties &hellip;\n<p><a class=\"more-link btn\" href=\"https:\/\/auxmode.com\/es\/productos\/royalties-musica-streaming\/\">Seguir leyendo<\/a><\/p>\n<\/li>\n<\/ul>\n","protected":false},"author":1,"featured_media":0,"parent":22316,"menu_order":0,"comment_status":"closed","ping_status":"closed","template":"","meta":{"_acf_changed":false,"amp_status":"","footnotes":""},"class_list":["post-25641","page","type-page","status-publish","hentry","nodate","item-wrap"],"acf":[],"yoast_head":"<!-- This site is optimized with the Yoast SEO plugin v27.4 - https:\/\/yoast.com\/product\/yoast-seo-wordpress\/ -->\n<title>Royalties de m\u00fasica en streaming - Aux Mode<\/title>\n<meta name=\"robots\" content=\"index, follow, max-snippet:-1, max-image-preview:large, max-video-preview:-1\" \/>\n<link rel=\"canonical\" href=\"https:\/\/auxmode.com\/es\/productos\/royalties-musica-streaming\/\" \/>\n<meta property=\"og:locale\" content=\"es_ES\" \/>\n<meta property=\"og:type\" content=\"article\" \/>\n<meta property=\"og:title\" content=\"Royalties de m\u00fasica en streaming - Aux Mode\" \/>\n<meta property=\"og:description\" content=\"Royalties de m\u00fasica en streaming Herramienta de automatizaci\u00f3n de informes de regal\u00edas de m\u00fasica en streaming para informes concisos por sello discogr\u00e1fico, artista y pista. Creando eficiencias significativas para los departamentos de contabilidad, los contadores y los sellos discogr\u00e1ficos. Planes y precios Royalties de m\u00fasica en streaming proporciona  Informes de royalties &hellip; Seguir leyendo\" \/>\n<meta property=\"og:url\" content=\"https:\/\/auxmode.com\/es\/productos\/royalties-musica-streaming\/\" \/>\n<meta property=\"og:site_name\" content=\"Aux Mode\" \/>\n<meta property=\"article:modified_time\" content=\"2024-03-30T03:38:16+00:00\" \/>\n<meta property=\"og:image\" content=\"https:\/\/auxmode.com\/wp-content\/uploads\/2023\/03\/Products_Streaming-Music-Royalties_1.png\" \/>\n<meta name=\"twitter:card\" content=\"summary_large_image\" \/>\n<meta name=\"twitter:label1\" content=\"Tiempo de lectura\" \/>\n\t<meta name=\"twitter:data1\" content=\"2 minutos\" \/>\n<script type=\"application\/ld+json\" class=\"yoast-schema-graph\">{\"@context\":\"https:\\\/\\\/schema.org\",\"@graph\":[{\"@type\":\"WebPage\",\"@id\":\"https:\\\/\\\/auxmode.com\\\/es\\\/productos\\\/royalties-musica-streaming\\\/\",\"url\":\"https:\\\/\\\/auxmode.com\\\/es\\\/productos\\\/royalties-musica-streaming\\\/\",\"name\":\"Royalties de m\u00fasica en streaming - Aux Mode\",\"isPartOf\":{\"@id\":\"https:\\\/\\\/auxmode.com\\\/#website\"},\"primaryImageOfPage\":{\"@id\":\"https:\\\/\\\/auxmode.com\\\/es\\\/productos\\\/royalties-musica-streaming\\\/#primaryimage\"},\"image\":{\"@id\":\"https:\\\/\\\/auxmode.com\\\/es\\\/productos\\\/royalties-musica-streaming\\\/#primaryimage\"},\"thumbnailUrl\":\"https:\\\/\\\/auxmode.com\\\/wp-content\\\/uploads\\\/2023\\\/03\\\/Products_Streaming-Music-Royalties_1.png\",\"datePublished\":\"2023-03-12T04:22:05+00:00\",\"dateModified\":\"2024-03-30T03:38:16+00:00\",\"breadcrumb\":{\"@id\":\"https:\\\/\\\/auxmode.com\\\/es\\\/productos\\\/royalties-musica-streaming\\\/#breadcrumb\"},\"inLanguage\":\"es\",\"potentialAction\":[{\"@type\":\"ReadAction\",\"target\":[\"https:\\\/\\\/auxmode.com\\\/es\\\/productos\\\/royalties-musica-streaming\\\/\"]}]},{\"@type\":\"ImageObject\",\"inLanguage\":\"es\",\"@id\":\"https:\\\/\\\/auxmode.com\\\/es\\\/productos\\\/royalties-musica-streaming\\\/#primaryimage\",\"url\":\"https:\\\/\\\/auxmode.com\\\/wp-content\\\/uploads\\\/2023\\\/03\\\/Products_Streaming-Music-Royalties_1.png\",\"contentUrl\":\"https:\\\/\\\/auxmode.com\\\/wp-content\\\/uploads\\\/2023\\\/03\\\/Products_Streaming-Music-Royalties_1.png\"},{\"@type\":\"BreadcrumbList\",\"@id\":\"https:\\\/\\\/auxmode.com\\\/es\\\/productos\\\/royalties-musica-streaming\\\/#breadcrumb\",\"itemListElement\":[{\"@type\":\"ListItem\",\"position\":1,\"name\":\"Home\",\"item\":\"https:\\\/\\\/auxmode.com\\\/es\\\/\"},{\"@type\":\"ListItem\",\"position\":2,\"name\":\"Productos\",\"item\":\"https:\\\/\\\/auxmode.com\\\/es\\\/productos\\\/\"},{\"@type\":\"ListItem\",\"position\":3,\"name\":\"Royalties de m\u00fasica en streaming\"}]},{\"@type\":\"WebSite\",\"@id\":\"https:\\\/\\\/auxmode.com\\\/#website\",\"url\":\"https:\\\/\\\/auxmode.com\\\/\",\"name\":\"Aux Mode\",\"description\":\"YouTube content monetization protection and Revenue Reporting Automation.\",\"inLanguage\":\"es\"}]}<\/script>\n<!-- \/ Yoast SEO plugin. -->","yoast_head_json":{"title":"Royalties de m\u00fasica en streaming - Aux Mode","robots":{"index":"index","follow":"follow","max-snippet":"max-snippet:-1","max-image-preview":"max-image-preview:large","max-video-preview":"max-video-preview:-1"},"canonical":"https:\/\/auxmode.com\/es\/productos\/royalties-musica-streaming\/","og_locale":"es_ES","og_type":"article","og_title":"Royalties de m\u00fasica en streaming - Aux Mode","og_description":"Royalties de m\u00fasica en streaming Herramienta de automatizaci\u00f3n de informes de regal\u00edas de m\u00fasica en streaming para informes concisos por sello discogr\u00e1fico, artista y pista. Creando eficiencias significativas para los departamentos de contabilidad, los contadores y los sellos discogr\u00e1ficos. Planes y precios Royalties de m\u00fasica en streaming proporciona  Informes de royalties &hellip; Seguir leyendo","og_url":"https:\/\/auxmode.com\/es\/productos\/royalties-musica-streaming\/","og_site_name":"Aux Mode","article_modified_time":"2024-03-30T03:38:16+00:00","og_image":[{"url":"https:\/\/auxmode.com\/wp-content\/uploads\/2023\/03\/Products_Streaming-Music-Royalties_1.png","type":"","width":"","height":""}],"twitter_card":"summary_large_image","twitter_misc":{"Tiempo de lectura":"2 minutos"},"schema":{"@context":"https:\/\/schema.org","@graph":[{"@type":"WebPage","@id":"https:\/\/auxmode.com\/es\/productos\/royalties-musica-streaming\/","url":"https:\/\/auxmode.com\/es\/productos\/royalties-musica-streaming\/","name":"Royalties de m\u00fasica en streaming - Aux Mode","isPartOf":{"@id":"https:\/\/auxmode.com\/#website"},"primaryImageOfPage":{"@id":"https:\/\/auxmode.com\/es\/productos\/royalties-musica-streaming\/#primaryimage"},"image":{"@id":"https:\/\/auxmode.com\/es\/productos\/royalties-musica-streaming\/#primaryimage"},"thumbnailUrl":"https:\/\/auxmode.com\/wp-content\/uploads\/2023\/03\/Products_Streaming-Music-Royalties_1.png","datePublished":"2023-03-12T04:22:05+00:00","dateModified":"2024-03-30T03:38:16+00:00","breadcrumb":{"@id":"https:\/\/auxmode.com\/es\/productos\/royalties-musica-streaming\/#breadcrumb"},"inLanguage":"es","potentialAction":[{"@type":"ReadAction","target":["https:\/\/auxmode.com\/es\/productos\/royalties-musica-streaming\/"]}]},{"@type":"ImageObject","inLanguage":"es","@id":"https:\/\/auxmode.com\/es\/productos\/royalties-musica-streaming\/#primaryimage","url":"https:\/\/auxmode.com\/wp-content\/uploads\/2023\/03\/Products_Streaming-Music-Royalties_1.png","contentUrl":"https:\/\/auxmode.com\/wp-content\/uploads\/2023\/03\/Products_Streaming-Music-Royalties_1.png"},{"@type":"BreadcrumbList","@id":"https:\/\/auxmode.com\/es\/productos\/royalties-musica-streaming\/#breadcrumb","itemListElement":[{"@type":"ListItem","position":1,"name":"Home","item":"https:\/\/auxmode.com\/es\/"},{"@type":"ListItem","position":2,"name":"Productos","item":"https:\/\/auxmode.com\/es\/productos\/"},{"@type":"ListItem","position":3,"name":"Royalties de m\u00fasica en streaming"}]},{"@type":"WebSite","@id":"https:\/\/auxmode.com\/#website","url":"https:\/\/auxmode.com\/","name":"Aux Mode","description":"YouTube content monetization protection and Revenue Reporting Automation.","inLanguage":"es"}]}},"_links":{"self":[{"href":"https:\/\/auxmode.com\/es\/wp-json\/wp\/v2\/pages\/25641","targetHints":{"allow":["GET"]}}],"collection":[{"href":"https:\/\/auxmode.com\/es\/wp-json\/wp\/v2\/pages"}],"about":[{"href":"https:\/\/auxmode.com\/es\/wp-json\/wp\/v2\/types\/page"}],"author":[{"embeddable":true,"href":"https:\/\/auxmode.com\/es\/wp-json\/wp\/v2\/users\/1"}],"replies":[{"embeddable":true,"href":"https:\/\/auxmode.com\/es\/wp-json\/wp\/v2\/comments?post=25641"}],"version-history":[{"count":3,"href":"https:\/\/auxmode.com\/es\/wp-json\/wp\/v2\/pages\/25641\/revisions"}],"predecessor-version":[{"id":25645,"href":"https:\/\/auxmode.com\/es\/wp-json\/wp\/v2\/pages\/25641\/revisions\/25645"}],"up":[{"embeddable":true,"href":"https:\/\/auxmode.com\/es\/wp-json\/wp\/v2\/pages\/22316"}],"wp:attachment":[{"href":"https:\/\/auxmode.com\/es\/wp-json\/wp\/v2\/media?parent=25641"}],"curies":[{"name":"wp","href":"https:\/\/api.w.org\/{rel}","templated":true}]}}