{"id":25634,"date":"2018-08-30T19:25:35","date_gmt":"2018-08-30T19:25:35","guid":{"rendered":"https:\/\/auxmode.com\/productos\/aux-mode-dashboard\/"},"modified":"2024-05-04T15:11:00","modified_gmt":"2024-05-04T15:11:00","slug":"panel-aux-mode","status":"publish","type":"page","link":"https:\/\/auxmode.com\/es\/productos\/panel-aux-mode\/","title":{"rendered":"Panel Aux Mode"},"content":{"rendered":"<div id=\"pl-gb25634-69d4ea5706279\"  class=\"panel-layout\" ><div class=\"container\"><div id=\"pg-gb25634-69d4ea5706279-0\"  class=\"panel-grid panel-has-style row\" ><div class=\"hero lighter siteorigin-panels-stretch panel-row-style panel-row-style-for-gb25634-69d4ea5706279-0\" data-stretch-type=\"full\" ><div id=\"pgc-gb25634-69d4ea5706279-0-0\"  class=\"panel-grid-cell 69d4ea5706279-6 flip col-md-12\" ><div class=\"hero-left panel-cell-style panel-cell-style-for-gb25634-69d4ea5706279-0-0\" ><div id=\"panel-gb25634-69d4ea5706279-0-0-0\" class=\"so-panel widget widget_sow-editor panel-first-child panel-last-child\" data-index=\"0\" ><div class=\"so-widget-sow-editor so-widget-sow-editor-base\">\n<div class=\"siteorigin-widget-tinymce textwidget\">\n\t<h1>Panel Aux Mode<\/h1>\n<p>Descubre informaci\u00f3n que puede ayudarte a comprender tu ecosistema de videos en l\u00ednea, el rendimiento de los videos a nivel global y crear informes de ingresos personalizados.<\/p>\n<p><a class=\"btn btn-primary\" href=\"https:\/\/auxmode.com\/es\/precios\/\">Planes y precios<\/a><\/p>\n<\/div>\n<\/div><\/div><\/div><\/div><div id=\"pgc-gb25634-69d4ea5706279-0-1\"  class=\"panel-grid-cell 69d4ea5706279-6 flip col-md-12\" ><div class=\"hero-right panel-cell-style panel-cell-style-for-gb25634-69d4ea5706279-0-1\" ><div id=\"panel-gb25634-69d4ea5706279-0-1-0\" class=\"so-panel widget widget_media_image panel-first-child panel-last-child\" data-index=\"1\" ><div class=\"panel-widget-style panel-widget-style-for-gb25634-69d4ea5706279-0-1-0\" ><img decoding=\"async\" width=\"270\" height=\"152\" src=\"https:\/\/auxmode.com\/wp-content\/uploads\/2022\/06\/art-dashboard.png\" class=\"image wp-image-18112  attachment-full size-full\" alt=\"Aux Mode Dashboard\" style=\"max-width: 100%; height: auto;\" \/><\/div><\/div><\/div><\/div><\/div><\/div><\/div><div class=\"container\"><div id=\"pg-gb25634-69d4ea5706279-1\"  class=\"panel-grid panel-has-style row\" ><div class=\"panel-usp panel-row-style panel-row-style-for-gb25634-69d4ea5706279-1\" ><div id=\"pgc-gb25634-69d4ea5706279-1-0\"  class=\"panel-grid-cell 69d4ea5706279-7 flip col-md-12\" ><div id=\"panel-gb25634-69d4ea5706279-1-0-0\" class=\"so-panel widget widget_media_image panel-first-child panel-last-child\" data-index=\"2\" ><img decoding=\"async\" width=\"400\" height=\"285\" src=\"https:\/\/auxmode.com\/wp-content\/uploads\/2022\/06\/Aux-Mode-Dashboard5.png\" class=\"image wp-image-18137 aligncenter attachment-full size-full\" alt=\"Aux Mode Dashboard\" style=\"max-width: 100%; height: auto;\" srcset=\"https:\/\/auxmode.com\/wp-content\/uploads\/2022\/06\/Aux-Mode-Dashboard5.png 400w, https:\/\/auxmode.com\/wp-content\/uploads\/2022\/06\/Aux-Mode-Dashboard5-300x214.png 300w\" sizes=\"(max-width: 400px) 100vw, 400px\" \/><\/div><\/div><div id=\"pgc-gb25634-69d4ea5706279-1-1\"  class=\"panel-grid-cell 69d4ea5706279-7 flip col-md-12\" ><div id=\"panel-gb25634-69d4ea5706279-1-1-0\" class=\"widget_text so-panel widget widget_custom_html panel-first-child panel-last-child\" data-index=\"3\" ><div class=\"textwidget custom-html-widget\"><h3>El panel de Aux Mode proporciona<\/h3>\n<ul class=\"usp-list\">\n\t<li class=\"usp-item\">\n\t\t<div class=\"icon\"><i class=\"fa fa-check\"><\/i><\/div>\n\t\t<div class=\"usp-content\">\n\t\t\t<h4>Visualiza informes de ingresos personalizados, segmenta, filtra y visualiza tus datos.<\/h4>\n\t\t<\/div>\n\t<\/li>\n\t\n\t<li class=\"usp-item\">\n\t\t<div class=\"icon\"><i class=\"fa fa-check\"><\/i><\/div>\n\t\t<div class=\"usp-content\">\n\t\t\t<h4>Muestra de datos en vivo y actualizados din\u00e1micamente. A medida que tu fuente de datos se actualiza, tu panel tambi\u00e9n lo hace.<\/h4>\n\t\t<\/div>\n\t<\/li>\n\t\n\t<li class=\"usp-item\">\n\t\t<div class=\"icon\"><i class=\"fa fa-check\"><\/i><\/div>\n\t\t<div class=\"usp-content\">\n\t\t\t<h4>Maximiza la audiencia a trav\u00e9s del an\u00e1lisis de palabras clave y etiquetas<\/h4>\n\t\t<\/div>\n\t<\/li>\n\t\n\t<li class=\"usp-item\">\n\t\t<div class=\"icon\"><i class=\"fa fa-check\"><\/i><\/div>\n\t\t<div class=\"usp-content\">\n\t\t\t<h4>Descubre ideas pr\u00e1cticas sobre tu contenido de video.<\/h4>\n\t\t<\/div>\n\t<\/li>\n\t\n\t<li class=\"usp-item\">\n\t\t<div class=\"icon\"><i class=\"fa fa-check\"><\/i><\/div>\n\t\t<div class=\"usp-content\">\n\t\t\t<h4>Entender el comportamiento de tu audiencia. <\/h4>\n\t\t<\/div>\n\t<\/li>\n<\/ul>\n\n<p><a class=\"btn\" href=\"https:\/\/auxmode.com\/es\/contactanos\/\">Leer m\u00e1s<\/a><\/p><\/div><\/div><\/div><\/div><\/div><\/div><div class=\"container\"><div id=\"pg-gb25634-69d4ea5706279-2\"  class=\"panel-grid panel-has-style row\" ><div class=\"homepage-row colored siteorigin-panels-stretch panel-row-style panel-row-style-for-gb25634-69d4ea5706279-2\" data-stretch-type=\"full\" ><div id=\"pgc-gb25634-69d4ea5706279-2-0\"  class=\"panel-grid-cell 69d4ea5706279-8 flip col-md-12\" ><div id=\"panel-gb25634-69d4ea5706279-2-0-0\" class=\"so-panel widget widget_sow-editor panel-first-child panel-last-child\" data-index=\"4\" ><div class=\"so-widget-sow-editor so-widget-sow-editor-base\">\n<div class=\"siteorigin-widget-tinymce textwidget\">\n\t<h3>Panel Aux Mode<\/h3>\n<p>Nuestro panel de control es una interfaz gr\u00e1fica de usuario que proporciona vistas r\u00e1pidas de los indicadores clave de rendimiento. Se utilizan informes de progreso, visualizaci\u00f3n de datos y herramientas de gesti\u00f3n de informaci\u00f3n para hacer seguimiento, analizar y mostrar los indicadores clave de rendimiento, m\u00e9tricas y puntos de datos de tu contenido y tus ingresos.<\/p>\n<p>La diferencia entre un panel de control y un informe es el seguimiento continuo (como diario o semanal) que podemos proporcionar. Lo que hace que los paneles de control e informes sean tan valiosos es c\u00f3mo t\u00fa y tu equipo los utilizan en vuestro beneficio.<\/p>\n<p>Nuestro panel de control transforma los datos en bruto en algo legible para las personas. En lugar de buscar entre columnas o filas en una hoja de c\u00e1lculo, puedes analizar tus datos en una tabla, un gr\u00e1fico de l\u00edneas, un gr\u00e1fico de burbujas o un gr\u00e1fico de barras, solo por nombrar algunas opciones.<\/p>\n<p>Podemos ayudar a simplificar tus datos de streaming de video.<\/p>\n<p><a class=\"btn btn-primary\" href=\"https:\/\/auxmode.com\/es\/contactanos\/\">Leer m\u00e1s<\/a><\/p>\n<\/div>\n<\/div><\/div><\/div><div id=\"pgc-gb25634-69d4ea5706279-2-1\"  class=\"panel-grid-cell 69d4ea5706279-8 flip col-md-12\" ><div id=\"panel-gb25634-69d4ea5706279-2-1-0\" class=\"so-panel widget widget_media_image panel-first-child panel-last-child\" data-index=\"5\" ><img decoding=\"async\" width=\"555\" height=\"345\" src=\"https:\/\/auxmode.com\/wp-content\/uploads\/2022\/06\/Aux-Mode-Dashboard7.png\" class=\"image wp-image-18141  attachment-full size-full\" alt=\"Channel Management Dashboard\" style=\"max-width: 100%; height: auto;\" srcset=\"https:\/\/auxmode.com\/wp-content\/uploads\/2022\/06\/Aux-Mode-Dashboard7.png 555w, https:\/\/auxmode.com\/wp-content\/uploads\/2022\/06\/Aux-Mode-Dashboard7-300x186.png 300w\" sizes=\"(max-width: 555px) 100vw, 555px\" \/><\/div><\/div><\/div><\/div><\/div><\/div>","protected":false},"excerpt":{"rendered":"<p>Panel Aux Mode <\/p>\n<p>Descubre informaci\u00f3n que puede ayudarte a comprender tu ecosistema de videos en l\u00ednea, el rendimiento de los videos a nivel global y crear informes de ingresos personalizados.<\/p>\n<p>Planes y precios<\/p>\n<p> El panel de Aux Mode proporciona <\/p>\n<ul class=\"usp-list\">\n<li class=\"usp-item\"> Visualiza informes de ingresos personalizados, segmenta, filtra y visualiza tus datos. <\/li>\n<p> &hellip; <\/p>\n<p><a class=\"more-link btn\" href=\"https:\/\/auxmode.com\/es\/productos\/panel-aux-mode\/\">Seguir leyendo<\/a><\/p>\n<\/ul>\n","protected":false},"author":1,"featured_media":0,"parent":22316,"menu_order":0,"comment_status":"closed","ping_status":"closed","template":"","meta":{"_acf_changed":false,"amp_status":"","footnotes":""},"class_list":["post-25634","page","type-page","status-publish","hentry","nodate","item-wrap"],"acf":[],"yoast_head":"<!-- This site is optimized with the Yoast SEO plugin v27.3 - https:\/\/yoast.com\/product\/yoast-seo-wordpress\/ -->\n<title>Panel Aux Mode<\/title>\n<meta name=\"description\" content=\"El panel de control de YouTube puede revelar informaci\u00f3n que te ayudar\u00e1 a comprender el ecosistema de videos en l\u00ednea de YouTube y su rendimiento a nivel mundial.\" \/>\n<meta name=\"robots\" content=\"index, follow, max-snippet:-1, max-image-preview:large, max-video-preview:-1\" \/>\n<link rel=\"canonical\" href=\"https:\/\/auxmode.com\/es\/productos\/panel-aux-mode\/\" \/>\n<meta property=\"og:locale\" content=\"es_ES\" \/>\n<meta property=\"og:type\" content=\"article\" \/>\n<meta property=\"og:title\" content=\"Panel Aux Mode\" \/>\n<meta property=\"og:description\" content=\"El panel de control de YouTube puede revelar informaci\u00f3n que te ayudar\u00e1 a comprender el ecosistema de videos en l\u00ednea de YouTube y su rendimiento a nivel mundial.\" \/>\n<meta property=\"og:url\" content=\"https:\/\/auxmode.com\/es\/productos\/panel-aux-mode\/\" \/>\n<meta property=\"og:site_name\" content=\"Aux Mode\" \/>\n<meta property=\"article:modified_time\" content=\"2024-05-04T15:11:00+00:00\" \/>\n<meta property=\"og:image\" content=\"https:\/\/auxmode.com\/wp-content\/uploads\/2022\/06\/art-dashboard.png\" \/>\n<meta name=\"twitter:card\" content=\"summary_large_image\" \/>\n<meta name=\"twitter:label1\" content=\"Tiempo de lectura\" \/>\n\t<meta name=\"twitter:data1\" content=\"2 minutos\" \/>\n<script type=\"application\/ld+json\" class=\"yoast-schema-graph\">{\"@context\":\"https:\\\/\\\/schema.org\",\"@graph\":[{\"@type\":\"WebPage\",\"@id\":\"https:\\\/\\\/auxmode.com\\\/es\\\/productos\\\/panel-aux-mode\\\/\",\"url\":\"https:\\\/\\\/auxmode.com\\\/es\\\/productos\\\/panel-aux-mode\\\/\",\"name\":\"Panel Aux Mode\",\"isPartOf\":{\"@id\":\"https:\\\/\\\/auxmode.com\\\/#website\"},\"primaryImageOfPage\":{\"@id\":\"https:\\\/\\\/auxmode.com\\\/es\\\/productos\\\/panel-aux-mode\\\/#primaryimage\"},\"image\":{\"@id\":\"https:\\\/\\\/auxmode.com\\\/es\\\/productos\\\/panel-aux-mode\\\/#primaryimage\"},\"thumbnailUrl\":\"https:\\\/\\\/auxmode.com\\\/wp-content\\\/uploads\\\/2022\\\/06\\\/art-dashboard.png\",\"datePublished\":\"2018-08-30T19:25:35+00:00\",\"dateModified\":\"2024-05-04T15:11:00+00:00\",\"description\":\"El panel de control de YouTube puede revelar informaci\u00f3n que te ayudar\u00e1 a comprender el ecosistema de videos en l\u00ednea de YouTube y su rendimiento a nivel mundial.\",\"breadcrumb\":{\"@id\":\"https:\\\/\\\/auxmode.com\\\/es\\\/productos\\\/panel-aux-mode\\\/#breadcrumb\"},\"inLanguage\":\"es\",\"potentialAction\":[{\"@type\":\"ReadAction\",\"target\":[\"https:\\\/\\\/auxmode.com\\\/es\\\/productos\\\/panel-aux-mode\\\/\"]}]},{\"@type\":\"ImageObject\",\"inLanguage\":\"es\",\"@id\":\"https:\\\/\\\/auxmode.com\\\/es\\\/productos\\\/panel-aux-mode\\\/#primaryimage\",\"url\":\"https:\\\/\\\/auxmode.com\\\/wp-content\\\/uploads\\\/2022\\\/06\\\/art-dashboard.png\",\"contentUrl\":\"https:\\\/\\\/auxmode.com\\\/wp-content\\\/uploads\\\/2022\\\/06\\\/art-dashboard.png\"},{\"@type\":\"BreadcrumbList\",\"@id\":\"https:\\\/\\\/auxmode.com\\\/es\\\/productos\\\/panel-aux-mode\\\/#breadcrumb\",\"itemListElement\":[{\"@type\":\"ListItem\",\"position\":1,\"name\":\"Home\",\"item\":\"https:\\\/\\\/auxmode.com\\\/es\\\/\"},{\"@type\":\"ListItem\",\"position\":2,\"name\":\"Productos\",\"item\":\"https:\\\/\\\/auxmode.com\\\/es\\\/productos\\\/\"},{\"@type\":\"ListItem\",\"position\":3,\"name\":\"Panel Aux Mode\"}]},{\"@type\":\"WebSite\",\"@id\":\"https:\\\/\\\/auxmode.com\\\/#website\",\"url\":\"https:\\\/\\\/auxmode.com\\\/\",\"name\":\"Aux Mode\",\"description\":\"YouTube content monetization protection and Revenue Reporting Automation.\",\"inLanguage\":\"es\"}]}<\/script>\n<!-- \/ Yoast SEO plugin. -->","yoast_head_json":{"title":"Panel Aux Mode","description":"El panel de control de YouTube puede revelar informaci\u00f3n que te ayudar\u00e1 a comprender el ecosistema de videos en l\u00ednea de YouTube y su rendimiento a nivel mundial.","robots":{"index":"index","follow":"follow","max-snippet":"max-snippet:-1","max-image-preview":"max-image-preview:large","max-video-preview":"max-video-preview:-1"},"canonical":"https:\/\/auxmode.com\/es\/productos\/panel-aux-mode\/","og_locale":"es_ES","og_type":"article","og_title":"Panel Aux Mode","og_description":"El panel de control de YouTube puede revelar informaci\u00f3n que te ayudar\u00e1 a comprender el ecosistema de videos en l\u00ednea de YouTube y su rendimiento a nivel mundial.","og_url":"https:\/\/auxmode.com\/es\/productos\/panel-aux-mode\/","og_site_name":"Aux Mode","article_modified_time":"2024-05-04T15:11:00+00:00","og_image":[{"url":"https:\/\/auxmode.com\/wp-content\/uploads\/2022\/06\/art-dashboard.png","type":"","width":"","height":""}],"twitter_card":"summary_large_image","twitter_misc":{"Tiempo de lectura":"2 minutos"},"schema":{"@context":"https:\/\/schema.org","@graph":[{"@type":"WebPage","@id":"https:\/\/auxmode.com\/es\/productos\/panel-aux-mode\/","url":"https:\/\/auxmode.com\/es\/productos\/panel-aux-mode\/","name":"Panel Aux Mode","isPartOf":{"@id":"https:\/\/auxmode.com\/#website"},"primaryImageOfPage":{"@id":"https:\/\/auxmode.com\/es\/productos\/panel-aux-mode\/#primaryimage"},"image":{"@id":"https:\/\/auxmode.com\/es\/productos\/panel-aux-mode\/#primaryimage"},"thumbnailUrl":"https:\/\/auxmode.com\/wp-content\/uploads\/2022\/06\/art-dashboard.png","datePublished":"2018-08-30T19:25:35+00:00","dateModified":"2024-05-04T15:11:00+00:00","description":"El panel de control de YouTube puede revelar informaci\u00f3n que te ayudar\u00e1 a comprender el ecosistema de videos en l\u00ednea de YouTube y su rendimiento a nivel mundial.","breadcrumb":{"@id":"https:\/\/auxmode.com\/es\/productos\/panel-aux-mode\/#breadcrumb"},"inLanguage":"es","potentialAction":[{"@type":"ReadAction","target":["https:\/\/auxmode.com\/es\/productos\/panel-aux-mode\/"]}]},{"@type":"ImageObject","inLanguage":"es","@id":"https:\/\/auxmode.com\/es\/productos\/panel-aux-mode\/#primaryimage","url":"https:\/\/auxmode.com\/wp-content\/uploads\/2022\/06\/art-dashboard.png","contentUrl":"https:\/\/auxmode.com\/wp-content\/uploads\/2022\/06\/art-dashboard.png"},{"@type":"BreadcrumbList","@id":"https:\/\/auxmode.com\/es\/productos\/panel-aux-mode\/#breadcrumb","itemListElement":[{"@type":"ListItem","position":1,"name":"Home","item":"https:\/\/auxmode.com\/es\/"},{"@type":"ListItem","position":2,"name":"Productos","item":"https:\/\/auxmode.com\/es\/productos\/"},{"@type":"ListItem","position":3,"name":"Panel Aux Mode"}]},{"@type":"WebSite","@id":"https:\/\/auxmode.com\/#website","url":"https:\/\/auxmode.com\/","name":"Aux Mode","description":"YouTube content monetization protection and Revenue Reporting Automation.","inLanguage":"es"}]}},"_links":{"self":[{"href":"https:\/\/auxmode.com\/es\/wp-json\/wp\/v2\/pages\/25634","targetHints":{"allow":["GET"]}}],"collection":[{"href":"https:\/\/auxmode.com\/es\/wp-json\/wp\/v2\/pages"}],"about":[{"href":"https:\/\/auxmode.com\/es\/wp-json\/wp\/v2\/types\/page"}],"author":[{"embeddable":true,"href":"https:\/\/auxmode.com\/es\/wp-json\/wp\/v2\/users\/1"}],"replies":[{"embeddable":true,"href":"https:\/\/auxmode.com\/es\/wp-json\/wp\/v2\/comments?post=25634"}],"version-history":[{"count":5,"href":"https:\/\/auxmode.com\/es\/wp-json\/wp\/v2\/pages\/25634\/revisions"}],"predecessor-version":[{"id":25809,"href":"https:\/\/auxmode.com\/es\/wp-json\/wp\/v2\/pages\/25634\/revisions\/25809"}],"up":[{"embeddable":true,"href":"https:\/\/auxmode.com\/es\/wp-json\/wp\/v2\/pages\/22316"}],"wp:attachment":[{"href":"https:\/\/auxmode.com\/es\/wp-json\/wp\/v2\/media?parent=25634"}],"curies":[{"name":"wp","href":"https:\/\/api.w.org\/{rel}","templated":true}]}}