{"id":25629,"date":"2022-04-26T13:38:11","date_gmt":"2022-04-26T13:38:11","guid":{"rendered":"https:\/\/auxmode.com\/productos\/data-security\/"},"modified":"2024-04-07T13:33:22","modified_gmt":"2024-04-07T13:33:22","slug":"seguridad-datos","status":"publish","type":"page","link":"https:\/\/auxmode.com\/es\/productos\/seguridad-datos\/","title":{"rendered":"Seguridad de datos"},"content":{"rendered":"<div id=\"pl-gb25629-69e5c3efd22bd\"  class=\"panel-layout\" ><div class=\"container\"><div id=\"pg-gb25629-69e5c3efd22bd-0\"  class=\"panel-grid panel-has-style row\" ><div class=\"hero lighter siteorigin-panels-stretch panel-row-style panel-row-style-for-gb25629-69e5c3efd22bd-0\" data-stretch-type=\"full\" ><div id=\"pgc-gb25629-69e5c3efd22bd-0-0\"  class=\"panel-grid-cell 69e5c3efd22bd-6 flip col-md-12\" ><div class=\"hero-left panel-cell-style panel-cell-style-for-gb25629-69e5c3efd22bd-0-0\" ><div id=\"panel-gb25629-69e5c3efd22bd-0-0-0\" class=\"so-panel widget widget_sow-editor panel-first-child panel-last-child\" data-index=\"0\" ><div class=\"so-widget-sow-editor so-widget-sow-editor-base\">\n<div class=\"siteorigin-widget-tinymce textwidget\">\n\t<h1>Seguridad de datos<\/h1>\n<p>Nuestro programa de seguridad se basa en un est\u00e1ndar de seguridad reconocido, y puede ser auditado f\u00e1cilmente conforme a eso (NIST, CIS, PCI DSS, ISO 27001, etc.).<\/p>\n<p><a class=\"btn btn-primary\" href=\"https:\/\/auxmode.com\/es\/precios\/\">Planes y precios<\/a><\/p>\n<\/div>\n<\/div><\/div><\/div><\/div><div id=\"pgc-gb25629-69e5c3efd22bd-0-1\"  class=\"panel-grid-cell 69e5c3efd22bd-6 flip col-md-12\" ><div class=\"hero-right panel-cell-style panel-cell-style-for-gb25629-69e5c3efd22bd-0-1\" ><div id=\"panel-gb25629-69e5c3efd22bd-0-1-0\" class=\"so-panel widget widget_media_image panel-first-child panel-last-child\" data-index=\"1\" ><div class=\"panel-widget-style panel-widget-style-for-gb25629-69e5c3efd22bd-0-1-0\" ><img decoding=\"async\" width=\"438\" height=\"308\" src=\"https:\/\/auxmode.com\/wp-content\/uploads\/2022\/04\/art-security-1.png\" class=\"image wp-image-17323  attachment-full size-full\" alt=\"YouTube security\" style=\"max-width: 100%; height: auto;\" srcset=\"https:\/\/auxmode.com\/wp-content\/uploads\/2022\/04\/art-security-1.png 438w, https:\/\/auxmode.com\/wp-content\/uploads\/2022\/04\/art-security-1-300x211.png 300w\" sizes=\"(max-width: 438px) 100vw, 438px\" \/><\/div><\/div><\/div><\/div><\/div><\/div><\/div><div class=\"container\"><div id=\"pg-gb25629-69e5c3efd22bd-1\"  class=\"panel-grid panel-has-style row\" ><div class=\"panel-usp panel-row-style panel-row-style-for-gb25629-69e5c3efd22bd-1\" ><div id=\"pgc-gb25629-69e5c3efd22bd-1-0\"  class=\"panel-grid-cell 69e5c3efd22bd-7 flip col-md-12\" ><div id=\"panel-gb25629-69e5c3efd22bd-1-0-0\" class=\"so-panel widget widget_media_image panel-first-child panel-last-child\" data-index=\"2\" ><img decoding=\"async\" width=\"231\" height=\"300\" src=\"https:\/\/auxmode.com\/wp-content\/uploads\/2022\/04\/art-security-2-231x300.png\" class=\"image wp-image-17325 aligncenter attachment-medium size-medium\" alt=\"Data security\" style=\"max-width: 100%; height: auto;\" srcset=\"https:\/\/auxmode.com\/wp-content\/uploads\/2022\/04\/art-security-2-231x300.png 231w, https:\/\/auxmode.com\/wp-content\/uploads\/2022\/04\/art-security-2.png 628w\" sizes=\"(max-width: 231px) 100vw, 231px\" \/><\/div><\/div><div id=\"pgc-gb25629-69e5c3efd22bd-1-1\"  class=\"panel-grid-cell 69e5c3efd22bd-7 flip col-md-12\" ><div id=\"panel-gb25629-69e5c3efd22bd-1-1-0\" class=\"widget_text so-panel widget widget_custom_html panel-first-child panel-last-child\" data-index=\"3\" ><div class=\"textwidget custom-html-widget\"><h3>Controles de seguridad<\/h3>\n<ul class=\"usp-list\">\n\t<li class=\"usp-item\">\n\t\t<div class=\"icon\"><i class=\"fa fa-check\"><\/i><\/div>\n\t\t<div class=\"usp-content\">\n\t\t\t<h4>Todo est\u00e1 cifrado en reposo y en movimiento.<\/h4>\n\t\t<\/div>\n\t<\/li>\n\t\n\t<li class=\"usp-item\">\n\t\t<div class=\"icon\"><i class=\"fa fa-check\"><\/i><\/div>\n\t\t<div class=\"usp-content\">\n\t\t\t<h4>T\u00e9rminos mejorados de procesamiento y seguridad de datos (Clientes) y t\u00e9rminos mejorados de procesamiento y seguridad de datos (Empleados).<\/h4>\n\t\t<\/div>\n\t<\/li>\n\t\n\t<li class=\"usp-item\">\n\t\t<div class=\"icon\"><i class=\"fa fa-check\"><\/i><\/div>\n\t\t<div class=\"usp-content\">\n\t\t\t<h4>Nuestro dise\u00f1o modular est\u00e1 aislado entre m\u00f3dulos para que el acceso a uno no dependa ni se habilite para otro.<\/h4>\n\t\t<\/div>\n\t<\/li>\n\t\n\t<li class=\"usp-item\">\n\t\t<div class=\"icon\"><i class=\"fa fa-check\"><\/i><\/div>\n\t\t<div class=\"usp-content\">\n\t\t\t<h4>Protecci\u00f3n contra intrusiones seguridad implementada en cada m\u00f3dulo.<\/h4>\n\t\t<\/div>\n\t<\/li>\n\t\n\t<li class=\"usp-item\">\n\t\t<div class=\"icon\"><i class=\"fa fa-check\"><\/i><\/div>\n\t\t<div class=\"usp-content\">\n\t\t\t<h4>La autenticaci\u00f3n de dos factores (2FA) resistente al phishing es obligatoria.<\/h4>\n\t\t<\/div>\n\t<\/li>\n\t\n\t<li class=\"usp-item\">\n\t\t<div class=\"icon\"><i class=\"fa fa-check\"><\/i><\/div>\n\t\t<div class=\"usp-content\">\n\t\t\t<h4>Nos tomamos la seguridad muy en serio.<\/h4>\n\t\t<\/div>\n\t<\/li>\n<\/ul>\n\n<p><a class=\"btn\" href=\"http:\/\/auxmode.com\/es\/contactanos\/\">Leer m\u00e1s<\/a><\/p><\/div><\/div><\/div><\/div><\/div><\/div><div class=\"container\"><div id=\"pg-gb25629-69e5c3efd22bd-2\"  class=\"panel-grid panel-has-style row\" ><div class=\"homepage-row colored siteorigin-panels-stretch panel-row-style panel-row-style-for-gb25629-69e5c3efd22bd-2\" data-stretch-type=\"full\" ><div id=\"pgc-gb25629-69e5c3efd22bd-2-0\"  class=\"panel-grid-cell 69e5c3efd22bd-8 flip col-md-12\" ><div id=\"panel-gb25629-69e5c3efd22bd-2-0-0\" class=\"so-panel widget widget_sow-editor panel-first-child panel-last-child\" data-index=\"4\" ><div class=\"so-widget-sow-editor so-widget-sow-editor-base\">\n<div class=\"siteorigin-widget-tinymce textwidget\">\n\t<h3>Seguridad de datos<\/h3>\n<p>Nuestro programa de seguridad de la informaci\u00f3n y privacidad cubre todas tus operaciones, servicios y sistemas que implican acceso a informaci\u00f3n confidencial. Tanto los procesos que tratan directamente con los datos del cliente (como IT) como los procesos que podr\u00edan afectar indirectamente la seguridad de los datos del cliente (como los procesos de recursos humanos) est\u00e1n dentro del alcance.<\/p>\n<p>Nuestro sistema basado en permisos permite habilitar o deshabilitar cada funci\u00f3n disponible para cada usuario. Bas\u00e1ndonos en el concepto de clasificaci\u00f3n de datos, hemos desarrollado pol\u00edticas que verifican, en el momento de la consulta, si un usuario tiene el acceso adecuado.<\/p>\n<p>Las auditor\u00edas internas del programa de seguridad y privacidad se realizan mensualmente, y las auditor\u00edas de terceros del programa de seguridad y privacidad se revisan y actualizan mensualmente.<\/p>\n<p><a class=\"btn btn-primary\" href=\"http:\/\/auxmode.com\/es\/contactanos\/\">Leer m\u00e1s<\/a><\/p>\n<\/div>\n<\/div><\/div><\/div><div id=\"pgc-gb25629-69e5c3efd22bd-2-1\"  class=\"panel-grid-cell 69e5c3efd22bd-8 flip col-md-12\" ><div id=\"panel-gb25629-69e5c3efd22bd-2-1-0\" class=\"so-panel widget widget_media_image panel-first-child panel-last-child\" data-index=\"5\" ><img decoding=\"async\" width=\"370\" height=\"370\" src=\"https:\/\/auxmode.com\/wp-content\/uploads\/2022\/04\/art-security-3.png\" class=\"image wp-image-17327 aligncenter attachment-full size-full\" alt=\"DB Security\" style=\"max-width: 100%; height: auto;\" srcset=\"https:\/\/auxmode.com\/wp-content\/uploads\/2022\/04\/art-security-3.png 370w, https:\/\/auxmode.com\/wp-content\/uploads\/2022\/04\/art-security-3-300x300.png 300w, https:\/\/auxmode.com\/wp-content\/uploads\/2022\/04\/art-security-3-150x150.png 150w\" sizes=\"(max-width: 370px) 100vw, 370px\" \/><\/div><\/div><\/div><\/div><\/div><\/div>","protected":false},"excerpt":{"rendered":"<p>Seguridad de datos <\/p>\n<p>Nuestro programa de seguridad se basa en un est\u00e1ndar de seguridad reconocido, y puede ser auditado f\u00e1cilmente conforme a eso (NIST, CIS, PCI DSS, ISO 27001, etc.).<\/p>\n<p>Planes y precios<\/p>\n<p> Controles de seguridad <\/p>\n<ul class=\"usp-list\">\n<li class=\"usp-item\"> Todo est\u00e1 cifrado en reposo y en movimiento. <\/li>\n<li class=\"usp-item\"> T\u00e9rminos mejorados de procesamiento &hellip;\n<p><a class=\"more-link btn\" href=\"https:\/\/auxmode.com\/es\/productos\/seguridad-datos\/\">Seguir leyendo<\/a><\/p>\n<\/li>\n<\/ul>\n","protected":false},"author":1,"featured_media":0,"parent":22316,"menu_order":0,"comment_status":"closed","ping_status":"closed","template":"","meta":{"_acf_changed":false,"amp_status":"","footnotes":""},"class_list":["post-25629","page","type-page","status-publish","hentry","nodate","item-wrap"],"acf":[],"yoast_head":"<!-- This site is optimized with the Yoast SEO plugin v27.4 - https:\/\/yoast.com\/product\/yoast-seo-wordpress\/ -->\n<title>Seguridad de datos - Aux Mode<\/title>\n<meta name=\"robots\" content=\"index, follow, max-snippet:-1, max-image-preview:large, max-video-preview:-1\" \/>\n<link rel=\"canonical\" href=\"https:\/\/auxmode.com\/es\/productos\/seguridad-datos\/\" \/>\n<meta property=\"og:locale\" content=\"es_ES\" \/>\n<meta property=\"og:type\" content=\"article\" \/>\n<meta property=\"og:title\" content=\"Seguridad de datos - Aux Mode\" \/>\n<meta property=\"og:description\" content=\"Seguridad de datos Nuestro programa de seguridad se basa en un est\u00e1ndar de seguridad reconocido, y puede ser auditado f\u00e1cilmente conforme a eso (NIST, CIS, PCI DSS, ISO 27001, etc.). Planes y precios Controles de seguridad  Todo est\u00e1 cifrado en reposo y en movimiento.  T\u00e9rminos mejorados de procesamiento &hellip; Seguir leyendo\" \/>\n<meta property=\"og:url\" content=\"https:\/\/auxmode.com\/es\/productos\/seguridad-datos\/\" \/>\n<meta property=\"og:site_name\" content=\"Aux Mode\" \/>\n<meta property=\"article:modified_time\" content=\"2024-04-07T13:33:22+00:00\" \/>\n<meta property=\"og:image\" content=\"https:\/\/auxmode.com\/wp-content\/uploads\/2022\/04\/art-security-1.png\" \/>\n<meta name=\"twitter:card\" content=\"summary_large_image\" \/>\n<meta name=\"twitter:label1\" content=\"Tiempo de lectura\" \/>\n\t<meta name=\"twitter:data1\" content=\"2 minutos\" \/>\n<script type=\"application\/ld+json\" class=\"yoast-schema-graph\">{\"@context\":\"https:\\\/\\\/schema.org\",\"@graph\":[{\"@type\":\"WebPage\",\"@id\":\"https:\\\/\\\/auxmode.com\\\/es\\\/productos\\\/seguridad-datos\\\/\",\"url\":\"https:\\\/\\\/auxmode.com\\\/es\\\/productos\\\/seguridad-datos\\\/\",\"name\":\"Seguridad de datos - Aux Mode\",\"isPartOf\":{\"@id\":\"https:\\\/\\\/auxmode.com\\\/#website\"},\"primaryImageOfPage\":{\"@id\":\"https:\\\/\\\/auxmode.com\\\/es\\\/productos\\\/seguridad-datos\\\/#primaryimage\"},\"image\":{\"@id\":\"https:\\\/\\\/auxmode.com\\\/es\\\/productos\\\/seguridad-datos\\\/#primaryimage\"},\"thumbnailUrl\":\"https:\\\/\\\/auxmode.com\\\/wp-content\\\/uploads\\\/2022\\\/04\\\/art-security-1.png\",\"datePublished\":\"2022-04-26T13:38:11+00:00\",\"dateModified\":\"2024-04-07T13:33:22+00:00\",\"breadcrumb\":{\"@id\":\"https:\\\/\\\/auxmode.com\\\/es\\\/productos\\\/seguridad-datos\\\/#breadcrumb\"},\"inLanguage\":\"es\",\"potentialAction\":[{\"@type\":\"ReadAction\",\"target\":[\"https:\\\/\\\/auxmode.com\\\/es\\\/productos\\\/seguridad-datos\\\/\"]}]},{\"@type\":\"ImageObject\",\"inLanguage\":\"es\",\"@id\":\"https:\\\/\\\/auxmode.com\\\/es\\\/productos\\\/seguridad-datos\\\/#primaryimage\",\"url\":\"https:\\\/\\\/auxmode.com\\\/wp-content\\\/uploads\\\/2022\\\/04\\\/art-security-1.png\",\"contentUrl\":\"https:\\\/\\\/auxmode.com\\\/wp-content\\\/uploads\\\/2022\\\/04\\\/art-security-1.png\"},{\"@type\":\"BreadcrumbList\",\"@id\":\"https:\\\/\\\/auxmode.com\\\/es\\\/productos\\\/seguridad-datos\\\/#breadcrumb\",\"itemListElement\":[{\"@type\":\"ListItem\",\"position\":1,\"name\":\"Home\",\"item\":\"https:\\\/\\\/auxmode.com\\\/es\\\/\"},{\"@type\":\"ListItem\",\"position\":2,\"name\":\"Productos\",\"item\":\"https:\\\/\\\/auxmode.com\\\/es\\\/productos\\\/\"},{\"@type\":\"ListItem\",\"position\":3,\"name\":\"Seguridad de datos\"}]},{\"@type\":\"WebSite\",\"@id\":\"https:\\\/\\\/auxmode.com\\\/#website\",\"url\":\"https:\\\/\\\/auxmode.com\\\/\",\"name\":\"Aux Mode\",\"description\":\"YouTube content monetization protection and Revenue Reporting Automation.\",\"inLanguage\":\"es\"}]}<\/script>\n<!-- \/ Yoast SEO plugin. -->","yoast_head_json":{"title":"Seguridad de datos - Aux Mode","robots":{"index":"index","follow":"follow","max-snippet":"max-snippet:-1","max-image-preview":"max-image-preview:large","max-video-preview":"max-video-preview:-1"},"canonical":"https:\/\/auxmode.com\/es\/productos\/seguridad-datos\/","og_locale":"es_ES","og_type":"article","og_title":"Seguridad de datos - Aux Mode","og_description":"Seguridad de datos Nuestro programa de seguridad se basa en un est\u00e1ndar de seguridad reconocido, y puede ser auditado f\u00e1cilmente conforme a eso (NIST, CIS, PCI DSS, ISO 27001, etc.). Planes y precios Controles de seguridad  Todo est\u00e1 cifrado en reposo y en movimiento.  T\u00e9rminos mejorados de procesamiento &hellip; Seguir leyendo","og_url":"https:\/\/auxmode.com\/es\/productos\/seguridad-datos\/","og_site_name":"Aux Mode","article_modified_time":"2024-04-07T13:33:22+00:00","og_image":[{"url":"https:\/\/auxmode.com\/wp-content\/uploads\/2022\/04\/art-security-1.png","type":"","width":"","height":""}],"twitter_card":"summary_large_image","twitter_misc":{"Tiempo de lectura":"2 minutos"},"schema":{"@context":"https:\/\/schema.org","@graph":[{"@type":"WebPage","@id":"https:\/\/auxmode.com\/es\/productos\/seguridad-datos\/","url":"https:\/\/auxmode.com\/es\/productos\/seguridad-datos\/","name":"Seguridad de datos - Aux Mode","isPartOf":{"@id":"https:\/\/auxmode.com\/#website"},"primaryImageOfPage":{"@id":"https:\/\/auxmode.com\/es\/productos\/seguridad-datos\/#primaryimage"},"image":{"@id":"https:\/\/auxmode.com\/es\/productos\/seguridad-datos\/#primaryimage"},"thumbnailUrl":"https:\/\/auxmode.com\/wp-content\/uploads\/2022\/04\/art-security-1.png","datePublished":"2022-04-26T13:38:11+00:00","dateModified":"2024-04-07T13:33:22+00:00","breadcrumb":{"@id":"https:\/\/auxmode.com\/es\/productos\/seguridad-datos\/#breadcrumb"},"inLanguage":"es","potentialAction":[{"@type":"ReadAction","target":["https:\/\/auxmode.com\/es\/productos\/seguridad-datos\/"]}]},{"@type":"ImageObject","inLanguage":"es","@id":"https:\/\/auxmode.com\/es\/productos\/seguridad-datos\/#primaryimage","url":"https:\/\/auxmode.com\/wp-content\/uploads\/2022\/04\/art-security-1.png","contentUrl":"https:\/\/auxmode.com\/wp-content\/uploads\/2022\/04\/art-security-1.png"},{"@type":"BreadcrumbList","@id":"https:\/\/auxmode.com\/es\/productos\/seguridad-datos\/#breadcrumb","itemListElement":[{"@type":"ListItem","position":1,"name":"Home","item":"https:\/\/auxmode.com\/es\/"},{"@type":"ListItem","position":2,"name":"Productos","item":"https:\/\/auxmode.com\/es\/productos\/"},{"@type":"ListItem","position":3,"name":"Seguridad de datos"}]},{"@type":"WebSite","@id":"https:\/\/auxmode.com\/#website","url":"https:\/\/auxmode.com\/","name":"Aux Mode","description":"YouTube content monetization protection and Revenue Reporting Automation.","inLanguage":"es"}]}},"_links":{"self":[{"href":"https:\/\/auxmode.com\/es\/wp-json\/wp\/v2\/pages\/25629","targetHints":{"allow":["GET"]}}],"collection":[{"href":"https:\/\/auxmode.com\/es\/wp-json\/wp\/v2\/pages"}],"about":[{"href":"https:\/\/auxmode.com\/es\/wp-json\/wp\/v2\/types\/page"}],"author":[{"embeddable":true,"href":"https:\/\/auxmode.com\/es\/wp-json\/wp\/v2\/users\/1"}],"replies":[{"embeddable":true,"href":"https:\/\/auxmode.com\/es\/wp-json\/wp\/v2\/comments?post=25629"}],"version-history":[{"count":4,"href":"https:\/\/auxmode.com\/es\/wp-json\/wp\/v2\/pages\/25629\/revisions"}],"predecessor-version":[{"id":25840,"href":"https:\/\/auxmode.com\/es\/wp-json\/wp\/v2\/pages\/25629\/revisions\/25840"}],"up":[{"embeddable":true,"href":"https:\/\/auxmode.com\/es\/wp-json\/wp\/v2\/pages\/22316"}],"wp:attachment":[{"href":"https:\/\/auxmode.com\/es\/wp-json\/wp\/v2\/media?parent=25629"}],"curies":[{"name":"wp","href":"https:\/\/api.w.org\/{rel}","templated":true}]}}