{"id":25624,"date":"2022-08-13T01:18:17","date_gmt":"2022-08-13T01:18:17","guid":{"rendered":"https:\/\/auxmode.com\/productos\/data-analytics\/"},"modified":"2024-04-07T13:22:35","modified_gmt":"2024-04-07T13:22:35","slug":"analisis-datos","status":"publish","type":"page","link":"https:\/\/auxmode.com\/es\/productos\/analisis-datos\/","title":{"rendered":"An\u00e1lisis de datos"},"content":{"rendered":"<div id=\"pl-gb25624-69deb67ede78a\"  class=\"panel-layout\" ><div class=\"container\"><div id=\"pg-gb25624-69deb67ede78a-0\"  class=\"panel-grid panel-has-style row\" ><div class=\"hero lighter siteorigin-panels-stretch panel-row-style panel-row-style-for-gb25624-69deb67ede78a-0\" data-stretch-type=\"full\" ><div id=\"pgc-gb25624-69deb67ede78a-0-0\"  class=\"panel-grid-cell 69deb67ede78a-6 flip col-md-12\" ><div class=\"hero-left panel-cell-style panel-cell-style-for-gb25624-69deb67ede78a-0-0\" ><div id=\"panel-gb25624-69deb67ede78a-0-0-0\" class=\"so-panel widget widget_sow-editor panel-first-child panel-last-child\" data-index=\"0\" ><div class=\"so-widget-sow-editor so-widget-sow-editor-base\">\n<div class=\"siteorigin-widget-tinymce textwidget\">\n\t<h1>An\u00e1lisis de datos<\/h1>\n<p>Descubre informaci\u00f3n que puede ayudarte a entender tu ecosistema de contenido en l\u00ednea, el rendimiento global y generar informes de ingresos personalizados.<\/p>\n<p><a class=\"btn btn-primary\" href=\"https:\/\/auxmode.com\/es\/precios\/\">Planes y precios<\/a><\/p>\n<\/div>\n<\/div><\/div><\/div><\/div><div id=\"pgc-gb25624-69deb67ede78a-0-1\"  class=\"panel-grid-cell 69deb67ede78a-6 flip col-md-12\" ><div class=\"hero-right panel-cell-style panel-cell-style-for-gb25624-69deb67ede78a-0-1\" ><div id=\"panel-gb25624-69deb67ede78a-0-1-0\" class=\"so-panel widget widget_media_image panel-first-child panel-last-child\" data-index=\"1\" ><div class=\"panel-widget-style panel-widget-style-for-gb25624-69deb67ede78a-0-1-0\" ><img decoding=\"async\" width=\"400\" height=\"288\" src=\"https:\/\/auxmode.com\/wp-content\/uploads\/2022\/08\/DataAnalytics1-1.png\" class=\"image wp-image-19279  attachment-400x288 size-400x288\" alt=\"YouTube Data Analytics\" style=\"max-width: 100%; height: auto;\" srcset=\"https:\/\/auxmode.com\/wp-content\/uploads\/2022\/08\/DataAnalytics1-1.png 555w, https:\/\/auxmode.com\/wp-content\/uploads\/2022\/08\/DataAnalytics1-1-300x216.png 300w\" sizes=\"(max-width: 400px) 100vw, 400px\" \/><\/div><\/div><\/div><\/div><\/div><\/div><\/div><div class=\"container\"><div id=\"pg-gb25624-69deb67ede78a-1\"  class=\"panel-grid panel-has-style row\" ><div class=\"panel-usp panel-row-style panel-row-style-for-gb25624-69deb67ede78a-1\" ><div id=\"pgc-gb25624-69deb67ede78a-1-0\"  class=\"panel-grid-cell 69deb67ede78a-7 flip col-md-12\" ><div id=\"panel-gb25624-69deb67ede78a-1-0-0\" class=\"so-panel widget widget_media_image panel-first-child panel-last-child\" data-index=\"2\" ><img decoding=\"async\" width=\"400\" height=\"400\" src=\"https:\/\/auxmode.com\/wp-content\/uploads\/2022\/08\/DataAnalytics2.png\" class=\"image wp-image-19281 aligncenter attachment-400x400 size-400x400\" alt=\"YouTube Data Analytics\" style=\"max-width: 100%; height: auto;\" srcset=\"https:\/\/auxmode.com\/wp-content\/uploads\/2022\/08\/DataAnalytics2.png 555w, https:\/\/auxmode.com\/wp-content\/uploads\/2022\/08\/DataAnalytics2-300x300.png 300w, https:\/\/auxmode.com\/wp-content\/uploads\/2022\/08\/DataAnalytics2-150x150.png 150w\" sizes=\"(max-width: 400px) 100vw, 400px\" \/><\/div><\/div><div id=\"pgc-gb25624-69deb67ede78a-1-1\"  class=\"panel-grid-cell 69deb67ede78a-7 flip col-md-12\" ><div id=\"panel-gb25624-69deb67ede78a-1-1-0\" class=\"widget_text so-panel widget widget_custom_html panel-first-child panel-last-child\" data-index=\"3\" ><div class=\"textwidget custom-html-widget\"><h3>El an\u00e1lisis de datos proporciona<\/h3>\n<ul class=\"usp-list\">\n\t<li class=\"usp-item\">\n\t\t<div class=\"icon\"><i class=\"fa fa-check\"><\/i><\/div>\n\t\t<div class=\"usp-content\">\n\t\t\t<h4>Datos acelerados<\/h4>\n\t\t<\/div>\n\t<\/li>\n\t\n\t<li class=\"usp-item\">\n\t\t<div class=\"icon\"><i class=\"fa fa-check\"><\/i><\/div>\n\t\t<div class=\"usp-content\">\n\t\t\t<h4>Informaci\u00f3n automatizada<\/h4>\n\t\t<\/div>\n\t<\/li>\n\t\n\t<li class=\"usp-item\">\n\t\t<div class=\"icon\"><i class=\"fa fa-check\"><\/i><\/div>\n\t\t<div class=\"usp-content\">\n\t\t\t<h4>Acciones desencadenantes<\/h4>\n\t\t<\/div>\n\t<\/li>\n\t\n\t<li class=\"usp-item\">\n\t\t<div class=\"icon\"><i class=\"fa fa-check\"><\/i><\/div>\n\t\t<div class=\"usp-content\">\n\t\t\t<h4>Visualizaci\u00f3n de datos<\/h4>\n\t\t<\/div>\n\t<\/li>\n\t\n\t<li class=\"usp-item\">\n\t\t<div class=\"icon\"><i class=\"fa fa-check\"><\/i><\/div>\n\t\t<div class=\"usp-content\">\n\t\t\t<h4>Muestra de datos en vivo y actualizados din\u00e1micamente. A medida que tu fuente de datos se actualiza, tu panel tambi\u00e9n lo hace.<\/h4>\n\t\t<\/div>\n\t<\/li>\n\t\n\t<li class=\"usp-item\">\n\t\t<div class=\"icon\"><i class=\"fa fa-check\"><\/i><\/div>\n\t\t<div class=\"usp-content\">\n\t\t\t<h4>Entiende a tu audiencia.<\/h4>\n\t\t<\/div>\n\t<\/li>\n\t\n<\/ul>\n\n<p><a class=\"btn\" href=\"https:\/\/auxmode.com\/es\/contactanos\/\">Leer m\u00e1s<\/a><\/p><\/div><\/div><\/div><\/div><\/div><\/div><div class=\"container\"><div id=\"pg-gb25624-69deb67ede78a-2\"  class=\"panel-grid panel-has-style row\" ><div class=\"homepage-row colored siteorigin-panels-stretch panel-row-style panel-row-style-for-gb25624-69deb67ede78a-2\" data-stretch-type=\"full\" ><div id=\"pgc-gb25624-69deb67ede78a-2-0\"  class=\"panel-grid-cell 69deb67ede78a-8 flip col-md-12\" ><div id=\"panel-gb25624-69deb67ede78a-2-0-0\" class=\"so-panel widget widget_sow-editor panel-first-child panel-last-child\" data-index=\"4\" ><div class=\"so-widget-sow-editor so-widget-sow-editor-base\">\n<div class=\"siteorigin-widget-tinymce textwidget\">\n\t<h3>Panel Aux Mode<\/h3>\n<p>Para cuando se entrega un informe, ya es demasiado tarde para cambiar el resultado.<\/p>\n<p>El acceso a los datos es el aspecto m\u00e1s importante al tomar decisiones en plataformas de streaming. El panel de Aux Mode acelera el acceso a los datos para que los usuarios puedan analizar y actuar m\u00e1s r\u00e1pido, genera autom\u00e1ticamente informaci\u00f3n para que los usuarios no tengan que hacerlo y genera acciones desencadenantes que permiten decisiones humanas aumentadas o automatizadas.<\/p>\n<p>Nuestro panel simplifica el an\u00e1lisis de datos de streaming.<\/p>\n<p><a class=\"btn btn-primary\" href=\"https:\/\/auxmode.com\/es\/contactanos\/\">Leer m\u00e1s<\/a><\/p>\n<\/div>\n<\/div><\/div><\/div><div id=\"pgc-gb25624-69deb67ede78a-2-1\"  class=\"panel-grid-cell 69deb67ede78a-8 flip col-md-12\" ><div id=\"panel-gb25624-69deb67ede78a-2-1-0\" class=\"so-panel widget widget_media_image panel-first-child panel-last-child\" data-index=\"5\" ><img decoding=\"async\" width=\"555\" height=\"230\" src=\"https:\/\/auxmode.com\/wp-content\/uploads\/2022\/08\/DataAnalytics3.png\" class=\"image wp-image-19283 aligncenter attachment-full size-full\" alt=\"YouTube Data Analytics\" style=\"max-width: 100%; height: auto;\" srcset=\"https:\/\/auxmode.com\/wp-content\/uploads\/2022\/08\/DataAnalytics3.png 555w, https:\/\/auxmode.com\/wp-content\/uploads\/2022\/08\/DataAnalytics3-300x124.png 300w\" sizes=\"(max-width: 555px) 100vw, 555px\" \/><\/div><\/div><\/div><\/div><\/div><\/div>\n\n\n<p><\/p>\n","protected":false},"excerpt":{"rendered":"<p>An\u00e1lisis de datos <\/p>\n<p>Descubre informaci\u00f3n que puede ayudarte a entender tu ecosistema de contenido en l\u00ednea, el rendimiento global y generar informes de ingresos personalizados.<\/p>\n<p>Planes y precios<\/p>\n<p> El an\u00e1lisis de datos proporciona <\/p>\n<ul class=\"usp-list\">\n<li class=\"usp-item\"> Datos acelerados <\/li>\n<li class=\"usp-item\"> Informaci\u00f3n automatizada <\/li>\n<li class=\"usp-item\"> Acciones desencadenantes <\/li>\n<li class=\"usp-item\"> Visualizaci\u00f3n de datos &hellip;\n<p><a class=\"more-link btn\" href=\"https:\/\/auxmode.com\/es\/productos\/analisis-datos\/\">Seguir leyendo<\/a><\/p>\n<\/li>\n<\/ul>\n","protected":false},"author":1,"featured_media":0,"parent":22316,"menu_order":0,"comment_status":"closed","ping_status":"closed","template":"","meta":{"_acf_changed":false,"amp_status":"","footnotes":""},"class_list":["post-25624","page","type-page","status-publish","hentry","nodate","item-wrap"],"acf":[],"yoast_head":"<!-- This site is optimized with the Yoast SEO plugin v27.3 - https:\/\/yoast.com\/product\/yoast-seo-wordpress\/ -->\n<title>An\u00e1lisis de datos - Aux Mode<\/title>\n<meta name=\"robots\" content=\"index, follow, max-snippet:-1, max-image-preview:large, max-video-preview:-1\" \/>\n<link rel=\"canonical\" href=\"https:\/\/auxmode.com\/es\/productos\/analisis-datos\/\" \/>\n<meta property=\"og:locale\" content=\"es_ES\" \/>\n<meta property=\"og:type\" content=\"article\" \/>\n<meta property=\"og:title\" content=\"An\u00e1lisis de datos - Aux Mode\" \/>\n<meta property=\"og:description\" content=\"An\u00e1lisis de datos Descubre informaci\u00f3n que puede ayudarte a entender tu ecosistema de contenido en l\u00ednea, el rendimiento global y generar informes de ingresos personalizados. Planes y precios El an\u00e1lisis de datos proporciona  Datos acelerados  Informaci\u00f3n automatizada  Acciones desencadenantes  Visualizaci\u00f3n de datos &hellip; Seguir leyendo\" \/>\n<meta property=\"og:url\" content=\"https:\/\/auxmode.com\/es\/productos\/analisis-datos\/\" \/>\n<meta property=\"og:site_name\" content=\"Aux Mode\" \/>\n<meta property=\"article:modified_time\" content=\"2024-04-07T13:22:35+00:00\" \/>\n<meta property=\"og:image\" content=\"https:\/\/auxmode.com\/wp-content\/uploads\/2022\/08\/DataAnalytics1-1.png\" \/>\n<meta name=\"twitter:card\" content=\"summary_large_image\" \/>\n<meta name=\"twitter:label1\" content=\"Tiempo de lectura\" \/>\n\t<meta name=\"twitter:data1\" content=\"2 minutos\" \/>\n<script type=\"application\/ld+json\" class=\"yoast-schema-graph\">{\"@context\":\"https:\\\/\\\/schema.org\",\"@graph\":[{\"@type\":\"WebPage\",\"@id\":\"https:\\\/\\\/auxmode.com\\\/es\\\/productos\\\/analisis-datos\\\/\",\"url\":\"https:\\\/\\\/auxmode.com\\\/es\\\/productos\\\/analisis-datos\\\/\",\"name\":\"An\u00e1lisis de datos - Aux Mode\",\"isPartOf\":{\"@id\":\"https:\\\/\\\/auxmode.com\\\/#website\"},\"primaryImageOfPage\":{\"@id\":\"https:\\\/\\\/auxmode.com\\\/es\\\/productos\\\/analisis-datos\\\/#primaryimage\"},\"image\":{\"@id\":\"https:\\\/\\\/auxmode.com\\\/es\\\/productos\\\/analisis-datos\\\/#primaryimage\"},\"thumbnailUrl\":\"https:\\\/\\\/auxmode.com\\\/wp-content\\\/uploads\\\/2022\\\/08\\\/DataAnalytics1-1.png\",\"datePublished\":\"2022-08-13T01:18:17+00:00\",\"dateModified\":\"2024-04-07T13:22:35+00:00\",\"breadcrumb\":{\"@id\":\"https:\\\/\\\/auxmode.com\\\/es\\\/productos\\\/analisis-datos\\\/#breadcrumb\"},\"inLanguage\":\"es\",\"potentialAction\":[{\"@type\":\"ReadAction\",\"target\":[\"https:\\\/\\\/auxmode.com\\\/es\\\/productos\\\/analisis-datos\\\/\"]}]},{\"@type\":\"ImageObject\",\"inLanguage\":\"es\",\"@id\":\"https:\\\/\\\/auxmode.com\\\/es\\\/productos\\\/analisis-datos\\\/#primaryimage\",\"url\":\"https:\\\/\\\/auxmode.com\\\/wp-content\\\/uploads\\\/2022\\\/08\\\/DataAnalytics1-1.png\",\"contentUrl\":\"https:\\\/\\\/auxmode.com\\\/wp-content\\\/uploads\\\/2022\\\/08\\\/DataAnalytics1-1.png\"},{\"@type\":\"BreadcrumbList\",\"@id\":\"https:\\\/\\\/auxmode.com\\\/es\\\/productos\\\/analisis-datos\\\/#breadcrumb\",\"itemListElement\":[{\"@type\":\"ListItem\",\"position\":1,\"name\":\"Home\",\"item\":\"https:\\\/\\\/auxmode.com\\\/es\\\/\"},{\"@type\":\"ListItem\",\"position\":2,\"name\":\"Productos\",\"item\":\"https:\\\/\\\/auxmode.com\\\/es\\\/productos\\\/\"},{\"@type\":\"ListItem\",\"position\":3,\"name\":\"An\u00e1lisis de datos\"}]},{\"@type\":\"WebSite\",\"@id\":\"https:\\\/\\\/auxmode.com\\\/#website\",\"url\":\"https:\\\/\\\/auxmode.com\\\/\",\"name\":\"Aux Mode\",\"description\":\"YouTube content monetization protection and Revenue Reporting Automation.\",\"inLanguage\":\"es\"}]}<\/script>\n<!-- \/ Yoast SEO plugin. -->","yoast_head_json":{"title":"An\u00e1lisis de datos - Aux Mode","robots":{"index":"index","follow":"follow","max-snippet":"max-snippet:-1","max-image-preview":"max-image-preview:large","max-video-preview":"max-video-preview:-1"},"canonical":"https:\/\/auxmode.com\/es\/productos\/analisis-datos\/","og_locale":"es_ES","og_type":"article","og_title":"An\u00e1lisis de datos - Aux Mode","og_description":"An\u00e1lisis de datos Descubre informaci\u00f3n que puede ayudarte a entender tu ecosistema de contenido en l\u00ednea, el rendimiento global y generar informes de ingresos personalizados. Planes y precios El an\u00e1lisis de datos proporciona  Datos acelerados  Informaci\u00f3n automatizada  Acciones desencadenantes  Visualizaci\u00f3n de datos &hellip; Seguir leyendo","og_url":"https:\/\/auxmode.com\/es\/productos\/analisis-datos\/","og_site_name":"Aux Mode","article_modified_time":"2024-04-07T13:22:35+00:00","og_image":[{"url":"https:\/\/auxmode.com\/wp-content\/uploads\/2022\/08\/DataAnalytics1-1.png","type":"","width":"","height":""}],"twitter_card":"summary_large_image","twitter_misc":{"Tiempo de lectura":"2 minutos"},"schema":{"@context":"https:\/\/schema.org","@graph":[{"@type":"WebPage","@id":"https:\/\/auxmode.com\/es\/productos\/analisis-datos\/","url":"https:\/\/auxmode.com\/es\/productos\/analisis-datos\/","name":"An\u00e1lisis de datos - Aux Mode","isPartOf":{"@id":"https:\/\/auxmode.com\/#website"},"primaryImageOfPage":{"@id":"https:\/\/auxmode.com\/es\/productos\/analisis-datos\/#primaryimage"},"image":{"@id":"https:\/\/auxmode.com\/es\/productos\/analisis-datos\/#primaryimage"},"thumbnailUrl":"https:\/\/auxmode.com\/wp-content\/uploads\/2022\/08\/DataAnalytics1-1.png","datePublished":"2022-08-13T01:18:17+00:00","dateModified":"2024-04-07T13:22:35+00:00","breadcrumb":{"@id":"https:\/\/auxmode.com\/es\/productos\/analisis-datos\/#breadcrumb"},"inLanguage":"es","potentialAction":[{"@type":"ReadAction","target":["https:\/\/auxmode.com\/es\/productos\/analisis-datos\/"]}]},{"@type":"ImageObject","inLanguage":"es","@id":"https:\/\/auxmode.com\/es\/productos\/analisis-datos\/#primaryimage","url":"https:\/\/auxmode.com\/wp-content\/uploads\/2022\/08\/DataAnalytics1-1.png","contentUrl":"https:\/\/auxmode.com\/wp-content\/uploads\/2022\/08\/DataAnalytics1-1.png"},{"@type":"BreadcrumbList","@id":"https:\/\/auxmode.com\/es\/productos\/analisis-datos\/#breadcrumb","itemListElement":[{"@type":"ListItem","position":1,"name":"Home","item":"https:\/\/auxmode.com\/es\/"},{"@type":"ListItem","position":2,"name":"Productos","item":"https:\/\/auxmode.com\/es\/productos\/"},{"@type":"ListItem","position":3,"name":"An\u00e1lisis de datos"}]},{"@type":"WebSite","@id":"https:\/\/auxmode.com\/#website","url":"https:\/\/auxmode.com\/","name":"Aux Mode","description":"YouTube content monetization protection and Revenue Reporting Automation.","inLanguage":"es"}]}},"_links":{"self":[{"href":"https:\/\/auxmode.com\/es\/wp-json\/wp\/v2\/pages\/25624","targetHints":{"allow":["GET"]}}],"collection":[{"href":"https:\/\/auxmode.com\/es\/wp-json\/wp\/v2\/pages"}],"about":[{"href":"https:\/\/auxmode.com\/es\/wp-json\/wp\/v2\/types\/page"}],"author":[{"embeddable":true,"href":"https:\/\/auxmode.com\/es\/wp-json\/wp\/v2\/users\/1"}],"replies":[{"embeddable":true,"href":"https:\/\/auxmode.com\/es\/wp-json\/wp\/v2\/comments?post=25624"}],"version-history":[{"count":4,"href":"https:\/\/auxmode.com\/es\/wp-json\/wp\/v2\/pages\/25624\/revisions"}],"predecessor-version":[{"id":25839,"href":"https:\/\/auxmode.com\/es\/wp-json\/wp\/v2\/pages\/25624\/revisions\/25839"}],"up":[{"embeddable":true,"href":"https:\/\/auxmode.com\/es\/wp-json\/wp\/v2\/pages\/22316"}],"wp:attachment":[{"href":"https:\/\/auxmode.com\/es\/wp-json\/wp\/v2\/media?parent=25624"}],"curies":[{"name":"wp","href":"https:\/\/api.w.org\/{rel}","templated":true}]}}